{"id":4298,"date":"2022-05-03T00:44:39","date_gmt":"2022-05-02T23:44:39","guid":{"rendered":"https:\/\/gambling6.com\/?p=4298"},"modified":"2025-11-17T12:15:47","modified_gmt":"2025-11-17T12:15:47","slug":"revision-de-redfoxlotto","status":"publish","type":"page","link":"https:\/\/gambling6.com\/es\/revision-de-redfoxlotto\/","title":{"rendered":"Revisi\u00f3n de RedFoxLotto"},"content":{"rendered":"<h2>Una revisi\u00f3n de RedFoxLotto<\/h2>\n<p>RedFoxLotto es un lugar extremadamente f\u00e1cil de usar, seguro y protegido para comprar boletos en l\u00ednea para las principales loter\u00edas del mundo. En el sitio web de RedFoxLotto, usted encontrar\u00e1 que es posible jugar a muchas loter\u00edas mundiales, y los boletos de loter\u00eda en todo el mundo se pueden pedir las 24 horas del d\u00eda los siete d\u00edas de la semana. Es sencillo crear una cuenta, depositar dinero y empezar a jugar a la loter\u00eda internacional en cuesti\u00f3n de minutos.<\/p>\n<h2>Usted se queda con todo el dinero que gana en RedFoxLotto<\/h2>\n<p>RedFoxLotto emplea a mensajeros de loter\u00eda en todo el mundo que compran los billetes de las loter\u00edas que usted desea jugar en su nombre. Una vez que los boletos han sido comprados, su nombre es impreso en los boletos, y los boletos son escaneados y cargados en su cuenta antes del sorteo. Este m\u00e9todo asegura que usted vea sus boletos y que se le garantice recibir el 100% de sus ganancias. RedFoxLotto no toma un porcentaje de sus ganancias; todos los cargos est\u00e1n incluidos al comprar sus boletos. Ya sea que ganes $10 o $10 millones, cada centavo es depositado en tu cuenta de RedFoxLotto en l\u00ednea.<\/p>\n<h2>Boletos disponibles para las principales loter\u00edas<\/h2>\n<p>Encontrar\u00e1 boletos disponibles para las principales loter\u00edas del mundo, incluyendo MEGA Millions, Powerball USA, Eurojackpot, Euro Millions, y m\u00e1s. No importa en qu\u00e9 pa\u00eds vivas, puedes participar en la compra de boletos de las principales loter\u00edas del mundo. Todo lo que tiene que hacer es entrar en su cuenta, elegir RedFoxLotto que desea jugar, elegir los n\u00fameros que desea jugar, y sentarse y esperar a que el sorteo ocurra. RedFoxLotto le enviar\u00e1 notificaciones de cualquier ganancia.<br \/>\n<a href=\"https:\/\/redfoxlotto.com\/\"><img decoding=\"async\" class=\"aligncenter\" src=\"https:\/\/redfoxlotto.com\/image\/?size=8&amp;lottery=powerball\" \/><\/a><\/p>\n<h2>F\u00e1cil de cobrar sus ganancias en RedFoxLotto<\/h2>\n<p>Por cualquier boleto ganador que tengas, <strong>RedFoxLotto te enviar\u00e1 una notificaci\u00f3n por correo electr\u00f3nico o incluso te llamar\u00e1 en caso de que sea un premio mayor para avisarte de tus ganancias<\/strong>. Cualquier cantidad ganada hasta 2000 euros ser\u00e1 depositada en su cuenta autom\u00e1ticamente. Si gana un premio superior a 2000 euros, los expertos en procesamiento de RedFoxLotto le guiar\u00e1n en los pasos necesarios para recibir sus ganancias. Los ganadores de grandes premios pueden elegir que RedFoxLotto act\u00fae en su nombre o, si lo prefieren, pueden hacer el viaje para cobrar sus ganancias en persona. Estamos seguros de que si usted se convierte en un ganador multimillonario, no tendr\u00e1 ning\u00fan problema en realizar los pasos necesarios para cobrar sus ganancias.<\/p>\n<h2>Pagando sus boletos de loter\u00eda en l\u00ednea<\/h2>\n<p>RedFoxLotto ofrece muchas opciones de pago seguras sin importar el pa\u00eds en el que vivas. <strong>Aceptan Visa, MasterCard, American Express, money bookers, y una variedad de otros productos de net wallet<\/strong>. Usted puede elegir que sus ganancias sean depositadas usando cualquiera de estos m\u00e9todos o que el dinero sea transferido directamente a su cuenta bancaria. RedFoxLotto opera bajo el sistema bancario brit\u00e1nico y est\u00e1 fuertemente regulado por la Organizaci\u00f3n Internacional de Loter\u00eda.<\/p>\n<p>Cada a\u00f1o RedFoxLotto representa a ganadores de millones de d\u00f3lares y tiene una garant\u00eda de pago del 100%. Usted encontrar\u00e1 que si usted tiene alguna pregunta es f\u00e1cil ponerse en contacto con los representantes de servicio al cliente dedicados disponibles durante todo el d\u00eda en ganar trillones. Ya no es necesario visitar los quioscos de loter\u00eda locales para poder comprar boletos de las principales loter\u00edas internacionales. Usted puede comprar boletos desde la comodidad de su casa u oficina con tiempo suficiente para todas las loter\u00edas.<\/p>\n<p>Comience a jugar a las loter\u00edas internacionales en l\u00ednea hoy mismo visitando a nuestro socio RedFoxLotto y abriendo su cuenta personal. Una vez que tenga una cuenta, encontrar\u00e1 muchas ofertas de bonos diferentes y programas especiales de compra de boletos para hacer que jugar a la loter\u00eda sea algo f\u00e1cil y rentable.<\/p>\n<p><a class=\"thirstylink\" title=\"RedFoxLotto es\" href=\"https:\/\/gambling6.com\/go\/redfoxlotto-es\/\" target=\"_blank\" rel=\"nofollow noopener\">Haz clic aqu\u00ed para crear tu cuenta personal de RedFoxLotto en l\u00ednea <\/a>y podr\u00edas convertirte en multimillonario de la noche a la ma\u00f1ana.<\/p>\n<p>&nbsp;<\/p>\n","protected":false},"excerpt":{"rendered":"<p>Una revisi\u00f3n de RedFoxLotto RedFoxLotto es un lugar extremadamente f\u00e1cil de usar, seguro y protegido para comprar boletos en l\u00ednea para las principales loter\u00edas del mundo. En el sitio web de RedFoxLotto, usted encontrar\u00e1 que es posible jugar a muchas loter\u00edas mundiales, y los boletos de loter\u00eda en todo el mundo se pueden pedir las [&hellip;]<\/p>\n","protected":false},"author":1,"featured_media":0,"parent":0,"menu_order":1,"comment_status":"closed","ping_status":"closed","template":"","meta":{"footnotes":""},"class_list":["post-4298","page","type-page","status-publish","hentry"],"yoast_head":"<!-- This site is optimized with the Yoast SEO plugin v27.4 - https:\/\/yoast.com\/product\/yoast-seo-wordpress\/ -->\n<title>Revisi\u00f3n de RedFoxLotto<\/title>\n<meta name=\"description\" content=\"Usted puede comprar boletos para todas las loter\u00edas internacionales en l\u00ednea, incluyendo Powerball y MEGA Millions.\" \/>\n<meta name=\"robots\" content=\"index, follow, max-snippet:-1, max-image-preview:large, max-video-preview:-1\" \/>\n<link rel=\"canonical\" href=\"https:\/\/gambling6.com\/es\/revision-de-redfoxlotto\/\" \/>\n<meta property=\"og:locale\" content=\"es_ES\" \/>\n<meta property=\"og:type\" content=\"article\" \/>\n<meta property=\"og:title\" content=\"Revisi\u00f3n de RedFoxLotto\" \/>\n<meta property=\"og:description\" content=\"Usted puede comprar boletos para todas las loter\u00edas internacionales en l\u00ednea, incluyendo Powerball y MEGA Millions.\" \/>\n<meta property=\"og:url\" content=\"https:\/\/gambling6.com\/es\/revision-de-redfoxlotto\/\" \/>\n<meta property=\"og:site_name\" content=\"Gambling6\" \/>\n<meta property=\"article:published_time\" content=\"2022-05-02T23:44:39+00:00\" \/>\n<meta property=\"article:modified_time\" content=\"2025-11-17T12:15:47+00:00\" \/>\n<meta property=\"og:image\" content=\"https:\/\/redfoxlotto.com\/image\/?size=8&amp;lottery=powerball\" \/>\n<meta name=\"author\" content=\"Catfish\" \/>\n<meta name=\"twitter:card\" content=\"summary_large_image\" \/>\n<meta name=\"twitter:label1\" content=\"Escrito por\" \/>\n\t<meta name=\"twitter:data1\" content=\"Catfish\" \/>\n\t<meta name=\"twitter:label2\" content=\"Tiempo de lectura\" \/>\n\t<meta name=\"twitter:data2\" content=\"4 minutos\" \/>\n<script type=\"application\/ld+json\" class=\"yoast-schema-graph\">{\"@context\":\"https:\\\/\\\/schema.org\",\"@graph\":[{\"@type\":\"Article\",\"@id\":\"https:\\\/\\\/gambling6.com\\\/es\\\/revision-de-redfoxlotto\\\/#article\",\"isPartOf\":{\"@id\":\"https:\\\/\\\/gambling6.com\\\/es\\\/revision-de-redfoxlotto\\\/\"},\"author\":{\"name\":\"Catfish\",\"@id\":\"https:\\\/\\\/gambling6.com\\\/es\\\/#\\\/schema\\\/person\\\/d093de87a44a018ef67117d02d86ddaf\"},\"headline\":\"Revisi\u00f3n de RedFoxLotto\",\"datePublished\":\"2022-05-02T23:44:39+00:00\",\"dateModified\":\"2025-11-17T12:15:47+00:00\",\"mainEntityOfPage\":{\"@id\":\"https:\\\/\\\/gambling6.com\\\/es\\\/revision-de-redfoxlotto\\\/\"},\"wordCount\":697,\"image\":{\"@id\":\"https:\\\/\\\/gambling6.com\\\/es\\\/revision-de-redfoxlotto\\\/#primaryimage\"},\"thumbnailUrl\":\"https:\\\/\\\/redfoxlotto.com\\\/image\\\/?size=8&amp;lottery=powerball\",\"articleSection\":[\"Estrategia de la loter\u00eda\",\"Jugar a las loter\u00edas internacionales en l\u00ednea\",\"Noticias de Loter\u00eda\",\"Rese\u00f1as de sitios de juego\"],\"inLanguage\":\"es\"},{\"@type\":\"WebPage\",\"@id\":\"https:\\\/\\\/gambling6.com\\\/es\\\/revision-de-redfoxlotto\\\/\",\"url\":\"https:\\\/\\\/gambling6.com\\\/es\\\/revision-de-redfoxlotto\\\/\",\"name\":\"Revisi\u00f3n de RedFoxLotto\",\"isPartOf\":{\"@id\":\"https:\\\/\\\/gambling6.com\\\/es\\\/#website\"},\"primaryImageOfPage\":{\"@id\":\"https:\\\/\\\/gambling6.com\\\/es\\\/revision-de-redfoxlotto\\\/#primaryimage\"},\"image\":{\"@id\":\"https:\\\/\\\/gambling6.com\\\/es\\\/revision-de-redfoxlotto\\\/#primaryimage\"},\"thumbnailUrl\":\"https:\\\/\\\/redfoxlotto.com\\\/image\\\/?size=8&amp;lottery=powerball\",\"datePublished\":\"2022-05-02T23:44:39+00:00\",\"dateModified\":\"2025-11-17T12:15:47+00:00\",\"author\":{\"@id\":\"https:\\\/\\\/gambling6.com\\\/es\\\/#\\\/schema\\\/person\\\/d093de87a44a018ef67117d02d86ddaf\"},\"description\":\"Usted puede comprar boletos para todas las loter\u00edas internacionales en l\u00ednea, incluyendo Powerball y MEGA Millions.\",\"breadcrumb\":{\"@id\":\"https:\\\/\\\/gambling6.com\\\/es\\\/revision-de-redfoxlotto\\\/#breadcrumb\"},\"inLanguage\":\"es\",\"potentialAction\":[{\"@type\":\"ReadAction\",\"target\":[\"https:\\\/\\\/gambling6.com\\\/es\\\/revision-de-redfoxlotto\\\/\"]}]},{\"@type\":\"ImageObject\",\"inLanguage\":\"es\",\"@id\":\"https:\\\/\\\/gambling6.com\\\/es\\\/revision-de-redfoxlotto\\\/#primaryimage\",\"url\":\"https:\\\/\\\/redfoxlotto.com\\\/image\\\/?size=8&amp;lottery=powerball\",\"contentUrl\":\"https:\\\/\\\/redfoxlotto.com\\\/image\\\/?size=8&amp;lottery=powerball\"},{\"@type\":\"BreadcrumbList\",\"@id\":\"https:\\\/\\\/gambling6.com\\\/es\\\/revision-de-redfoxlotto\\\/#breadcrumb\",\"itemListElement\":[{\"@type\":\"ListItem\",\"position\":1,\"name\":\"Home\",\"item\":\"https:\\\/\\\/gambling6.com\\\/es\\\/home\\\/\"},{\"@type\":\"ListItem\",\"position\":2,\"name\":\"Revisi\u00f3n de RedFoxLotto\"}]},{\"@type\":\"WebSite\",\"@id\":\"https:\\\/\\\/gambling6.com\\\/es\\\/#website\",\"url\":\"https:\\\/\\\/gambling6.com\\\/es\\\/\",\"name\":\"Gambling6\",\"description\":\"\",\"potentialAction\":[{\"@type\":\"SearchAction\",\"target\":{\"@type\":\"EntryPoint\",\"urlTemplate\":\"https:\\\/\\\/gambling6.com\\\/es\\\/?s={search_term_string}\"},\"query-input\":{\"@type\":\"PropertyValueSpecification\",\"valueRequired\":true,\"valueName\":\"search_term_string\"}}],\"inLanguage\":\"es\"},{\"@type\":\"Person\",\"@id\":\"https:\\\/\\\/gambling6.com\\\/es\\\/#\\\/schema\\\/person\\\/d093de87a44a018ef67117d02d86ddaf\",\"name\":\"Catfish\",\"image\":{\"@type\":\"ImageObject\",\"inLanguage\":\"es\",\"@id\":\"https:\\\/\\\/secure.gravatar.com\\\/avatar\\\/32edfa28ccbf005c231538b245a2670a36c7f33f2d3a9ab09e50843b363f2821?s=96&d=mm&r=g\",\"url\":\"https:\\\/\\\/secure.gravatar.com\\\/avatar\\\/32edfa28ccbf005c231538b245a2670a36c7f33f2d3a9ab09e50843b363f2821?s=96&d=mm&r=g\",\"contentUrl\":\"https:\\\/\\\/secure.gravatar.com\\\/avatar\\\/32edfa28ccbf005c231538b245a2670a36c7f33f2d3a9ab09e50843b363f2821?s=96&d=mm&r=g\",\"caption\":\"Catfish\"},\"sameAs\":[\"http:\\\/\\\/gambling6.com\"],\"url\":\"https:\\\/\\\/gambling6.com\\\/es\\\/author\\\/catfish\\\/\"}]}<\/script>\n<!-- \/ Yoast SEO plugin. -->","yoast_head_json":{"title":"Revisi\u00f3n de RedFoxLotto","description":"Usted puede comprar boletos para todas las loter\u00edas internacionales en l\u00ednea, incluyendo Powerball y MEGA Millions.","robots":{"index":"index","follow":"follow","max-snippet":"max-snippet:-1","max-image-preview":"max-image-preview:large","max-video-preview":"max-video-preview:-1"},"canonical":"https:\/\/gambling6.com\/es\/revision-de-redfoxlotto\/","og_locale":"es_ES","og_type":"article","og_title":"Revisi\u00f3n de RedFoxLotto","og_description":"Usted puede comprar boletos para todas las loter\u00edas internacionales en l\u00ednea, incluyendo Powerball y MEGA Millions.","og_url":"https:\/\/gambling6.com\/es\/revision-de-redfoxlotto\/","og_site_name":"Gambling6","article_published_time":"2022-05-02T23:44:39+00:00","article_modified_time":"2025-11-17T12:15:47+00:00","og_image":[{"url":"https:\/\/redfoxlotto.com\/image\/?size=8&amp;lottery=powerball","type":"","width":"","height":""}],"author":"Catfish","twitter_card":"summary_large_image","twitter_misc":{"Escrito por":"Catfish","Tiempo de lectura":"4 minutos"},"schema":{"@context":"https:\/\/schema.org","@graph":[{"@type":"Article","@id":"https:\/\/gambling6.com\/es\/revision-de-redfoxlotto\/#article","isPartOf":{"@id":"https:\/\/gambling6.com\/es\/revision-de-redfoxlotto\/"},"author":{"name":"Catfish","@id":"https:\/\/gambling6.com\/es\/#\/schema\/person\/d093de87a44a018ef67117d02d86ddaf"},"headline":"Revisi\u00f3n de RedFoxLotto","datePublished":"2022-05-02T23:44:39+00:00","dateModified":"2025-11-17T12:15:47+00:00","mainEntityOfPage":{"@id":"https:\/\/gambling6.com\/es\/revision-de-redfoxlotto\/"},"wordCount":697,"image":{"@id":"https:\/\/gambling6.com\/es\/revision-de-redfoxlotto\/#primaryimage"},"thumbnailUrl":"https:\/\/redfoxlotto.com\/image\/?size=8&amp;lottery=powerball","articleSection":["Estrategia de la loter\u00eda","Jugar a las loter\u00edas internacionales en l\u00ednea","Noticias de Loter\u00eda","Rese\u00f1as de sitios de juego"],"inLanguage":"es"},{"@type":"WebPage","@id":"https:\/\/gambling6.com\/es\/revision-de-redfoxlotto\/","url":"https:\/\/gambling6.com\/es\/revision-de-redfoxlotto\/","name":"Revisi\u00f3n de RedFoxLotto","isPartOf":{"@id":"https:\/\/gambling6.com\/es\/#website"},"primaryImageOfPage":{"@id":"https:\/\/gambling6.com\/es\/revision-de-redfoxlotto\/#primaryimage"},"image":{"@id":"https:\/\/gambling6.com\/es\/revision-de-redfoxlotto\/#primaryimage"},"thumbnailUrl":"https:\/\/redfoxlotto.com\/image\/?size=8&amp;lottery=powerball","datePublished":"2022-05-02T23:44:39+00:00","dateModified":"2025-11-17T12:15:47+00:00","author":{"@id":"https:\/\/gambling6.com\/es\/#\/schema\/person\/d093de87a44a018ef67117d02d86ddaf"},"description":"Usted puede comprar boletos para todas las loter\u00edas internacionales en l\u00ednea, incluyendo Powerball y MEGA Millions.","breadcrumb":{"@id":"https:\/\/gambling6.com\/es\/revision-de-redfoxlotto\/#breadcrumb"},"inLanguage":"es","potentialAction":[{"@type":"ReadAction","target":["https:\/\/gambling6.com\/es\/revision-de-redfoxlotto\/"]}]},{"@type":"ImageObject","inLanguage":"es","@id":"https:\/\/gambling6.com\/es\/revision-de-redfoxlotto\/#primaryimage","url":"https:\/\/redfoxlotto.com\/image\/?size=8&amp;lottery=powerball","contentUrl":"https:\/\/redfoxlotto.com\/image\/?size=8&amp;lottery=powerball"},{"@type":"BreadcrumbList","@id":"https:\/\/gambling6.com\/es\/revision-de-redfoxlotto\/#breadcrumb","itemListElement":[{"@type":"ListItem","position":1,"name":"Home","item":"https:\/\/gambling6.com\/es\/home\/"},{"@type":"ListItem","position":2,"name":"Revisi\u00f3n de RedFoxLotto"}]},{"@type":"WebSite","@id":"https:\/\/gambling6.com\/es\/#website","url":"https:\/\/gambling6.com\/es\/","name":"Gambling6","description":"","potentialAction":[{"@type":"SearchAction","target":{"@type":"EntryPoint","urlTemplate":"https:\/\/gambling6.com\/es\/?s={search_term_string}"},"query-input":{"@type":"PropertyValueSpecification","valueRequired":true,"valueName":"search_term_string"}}],"inLanguage":"es"},{"@type":"Person","@id":"https:\/\/gambling6.com\/es\/#\/schema\/person\/d093de87a44a018ef67117d02d86ddaf","name":"Catfish","image":{"@type":"ImageObject","inLanguage":"es","@id":"https:\/\/secure.gravatar.com\/avatar\/32edfa28ccbf005c231538b245a2670a36c7f33f2d3a9ab09e50843b363f2821?s=96&d=mm&r=g","url":"https:\/\/secure.gravatar.com\/avatar\/32edfa28ccbf005c231538b245a2670a36c7f33f2d3a9ab09e50843b363f2821?s=96&d=mm&r=g","contentUrl":"https:\/\/secure.gravatar.com\/avatar\/32edfa28ccbf005c231538b245a2670a36c7f33f2d3a9ab09e50843b363f2821?s=96&d=mm&r=g","caption":"Catfish"},"sameAs":["http:\/\/gambling6.com"],"url":"https:\/\/gambling6.com\/es\/author\/catfish\/"}]}},"_links":{"self":[{"href":"https:\/\/gambling6.com\/es\/wp-json\/wp\/v2\/pages\/4298","targetHints":{"allow":["GET"]}}],"collection":[{"href":"https:\/\/gambling6.com\/es\/wp-json\/wp\/v2\/pages"}],"about":[{"href":"https:\/\/gambling6.com\/es\/wp-json\/wp\/v2\/types\/page"}],"author":[{"embeddable":true,"href":"https:\/\/gambling6.com\/es\/wp-json\/wp\/v2\/users\/1"}],"replies":[{"embeddable":true,"href":"https:\/\/gambling6.com\/es\/wp-json\/wp\/v2\/comments?post=4298"}],"version-history":[{"count":1,"href":"https:\/\/gambling6.com\/es\/wp-json\/wp\/v2\/pages\/4298\/revisions"}],"predecessor-version":[{"id":4301,"href":"https:\/\/gambling6.com\/es\/wp-json\/wp\/v2\/pages\/4298\/revisions\/4301"}],"wp:attachment":[{"href":"https:\/\/gambling6.com\/es\/wp-json\/wp\/v2\/media?parent=4298"}],"curies":[{"name":"wp","href":"https:\/\/api.w.org\/{rel}","templated":true}]}}