{"id":4565,"date":"2022-05-07T19:17:56","date_gmt":"2022-05-07T18:17:56","guid":{"rendered":"https:\/\/gambling6.com\/?p=4565"},"modified":"2025-11-17T11:03:37","modified_gmt":"2025-11-17T11:03:37","slug":"revision-del-sitio-888-casino","status":"publish","type":"page","link":"https:\/\/gambling6.com\/es\/revision-del-sitio-888-casino\/","title":{"rendered":"Rese\u00f1a de 888 Casino"},"content":{"rendered":"<h2>No s\u00f3lo un sitio de ruleta &#8211; 888 Casino<\/h2>\n<p>El casino en l\u00ednea 888 es una marca establecida en la industria del juego. Este casino en l\u00ednea tiene tanto un incre\u00edble Casino basado en Flash que se carga r\u00e1pidamente en su navegador y tambi\u00e9n la opci\u00f3n de software de juego que necesita descargar para acceder a los juegos. La versi\u00f3n de descarga es la preferida por los jugadores, ya que consigue una sensaci\u00f3n y un aspecto consistente en todos los juegos.<\/p>\n<p style=\"text-align: center;\"><a href=\"https:\/\/ic.aff-handler.com\/C\/46588?sr=1064399&amp;anid=\" rel=\"nofollow\"><img decoding=\"async\" src=\"https:\/\/ic.aff-handler.com\/I\/46588?sr=1064399&amp;anid=\" \/><\/a><\/p>\n<p>Desde la ruleta europea hasta la ruleta 3D, en este casino puedes disfrutar de cualquier tipo de ruleta que tengas en mente. Tambi\u00e9n hay juegos de ruleta de entrada libre en los que puedes aprender las reglas de los juegos en caso de que seas nuevo en el juego. La principal atracci\u00f3n del casino es la ruleta en vivo. Tiene la opci\u00f3n de elegir entre tres mesas de un solo cero: la ruleta europea, la francesa y la venezolana (con crupier de habla italiana).<\/p>\n<p>El rango de la apuesta va desde 1 hasta un m\u00e1ximo de 200. Las monedas aceptadas son el d\u00f3lar, el euro y la libra esterlina. El juego ofrece una gran est\u00e9tica a los jugadores. Lo mejor es que los jugadores pueden jugar a trav\u00e9s del navegador y no tienen que descargar ning\u00fan software. Hay dos vistas diferentes del juego; la vista cl\u00e1sica y la vista 3D. El juego lo tiene todo, cualquier aficionado a la Ruleta no podr\u00eda pedir m\u00e1s.<\/p>\n<p>Pero adem\u00e1s de los Juegos de Ruleta, aqu\u00ed encontrar\u00e1s todo tipo de juegos online por dinero. P\u00f3quer, apuestas deportivas, bingo, tarjetas de rascar, m\u00e1quinas tragaperras, blackjack&#8230; \u00a1lo tienen!<\/p>\n<p>Este casino con sede en Gibraltar es muy serio cuando se trata de proteger la informaci\u00f3n personal de sus miembros. Siguen varios protocolos de seguridad estrictos para mantener los datos y la informaci\u00f3n a salvo de los ataques de los ladrones cibern\u00e9ticos. El casino se enorgullece de tener varias certificaciones de seguridad. Tienen 20 m\u00e9todos de dep\u00f3sito diferentes que incluyen los nombres m\u00e1s confiables de la industria como Visa y Neteller. Es esencial que el casino mantenga un alto nivel de seguridad, ya que los jugadores necesitan revelar documentos de verificaci\u00f3n para evitar el fraude y la informaci\u00f3n es de naturaleza sensible. Con estas grandes medidas de seguridad, los jugadores pueden disfrutar del juego sin preocupaciones.<\/p>\n<p>Aparte de los juegos, lo siguiente que m\u00e1s interesa a cualquier jugador de casino son las bonificaciones y las promociones. 888 ofrece grandes promociones a intervalos regulares de tiempo. Ofrecen una generosa bonificaci\u00f3n de ingreso a todos los nuevos jugadores. Puedes utilizarlo libremente en cualquier secci\u00f3n de juegos del casino.<\/p>\n<p>Cuando juegues por primera vez a la ruleta te dar\u00e1n la bienvenida con un bono de ingreso de 1500 euros. El casino tambi\u00e9n cuenta con una promoci\u00f3n de referidos en la que puedes obtener bonos si invitas a tus amigos a hacerse miembros del casino. En general, 888 Casino es un lugar divertido para cualquier entusiasta de la ruleta. Cualquier aficionado al juego puede disfrutar y pasar un buen rato en este casino.<\/p>\n<p>&nbsp;<\/p>\n","protected":false},"excerpt":{"rendered":"<p>No s\u00f3lo un sitio de ruleta &#8211; 888 Casino El casino en l\u00ednea 888 es una marca establecida en la industria del juego. Este casino en l\u00ednea tiene tanto un incre\u00edble Casino basado en Flash que se carga r\u00e1pidamente en su navegador y tambi\u00e9n la opci\u00f3n de software de juego que necesita descargar para acceder [&hellip;]<\/p>\n","protected":false},"author":1,"featured_media":0,"parent":0,"menu_order":3,"comment_status":"closed","ping_status":"closed","template":"","meta":{"footnotes":""},"class_list":["post-4565","page","type-page","status-publish","hentry"],"yoast_head":"<!-- This site is optimized with the Yoast SEO plugin v27.5 - https:\/\/yoast.com\/product\/yoast-seo-wordpress\/ -->\n<title>Revisi\u00f3n del sitio 888 Casino<\/title>\n<meta name=\"description\" content=\"888 Casinos - Una revisi\u00f3n del sitio de ruleta en l\u00ednea m\u00e1s popular\" \/>\n<meta name=\"robots\" content=\"index, follow, max-snippet:-1, max-image-preview:large, max-video-preview:-1\" \/>\n<link rel=\"canonical\" href=\"https:\/\/gambling6.com\/es\/revision-del-sitio-888-casino\/\" \/>\n<meta property=\"og:locale\" content=\"es_ES\" \/>\n<meta property=\"og:type\" content=\"article\" \/>\n<meta property=\"og:title\" content=\"Revisi\u00f3n del sitio 888 Casino\" \/>\n<meta property=\"og:description\" content=\"888 Casinos - Una revisi\u00f3n del sitio de ruleta en l\u00ednea m\u00e1s popular\" \/>\n<meta property=\"og:url\" content=\"https:\/\/gambling6.com\/es\/revision-del-sitio-888-casino\/\" \/>\n<meta property=\"og:site_name\" content=\"Gambling6\" \/>\n<meta property=\"article:modified_time\" content=\"2025-11-17T11:03:37+00:00\" \/>\n<meta property=\"og:image\" content=\"https:\/\/ic.aff-handler.com\/I\/46588?sr=1064399&amp;anid=\" \/>\n<meta name=\"twitter:card\" content=\"summary_large_image\" \/>\n<meta name=\"twitter:label1\" content=\"Tiempo de lectura\" \/>\n\t<meta name=\"twitter:data1\" content=\"3 minutos\" \/>\n<script type=\"application\/ld+json\" class=\"yoast-schema-graph\">{\"@context\":\"https:\\\/\\\/schema.org\",\"@graph\":[{\"@type\":\"WebPage\",\"@id\":\"https:\\\/\\\/gambling6.com\\\/es\\\/revision-del-sitio-888-casino\\\/\",\"url\":\"https:\\\/\\\/gambling6.com\\\/es\\\/revision-del-sitio-888-casino\\\/\",\"name\":\"Revisi\u00f3n del sitio 888 Casino\",\"isPartOf\":{\"@id\":\"https:\\\/\\\/gambling6.com\\\/es\\\/#website\"},\"primaryImageOfPage\":{\"@id\":\"https:\\\/\\\/gambling6.com\\\/es\\\/revision-del-sitio-888-casino\\\/#primaryimage\"},\"image\":{\"@id\":\"https:\\\/\\\/gambling6.com\\\/es\\\/revision-del-sitio-888-casino\\\/#primaryimage\"},\"thumbnailUrl\":\"https:\\\/\\\/ic.aff-handler.com\\\/I\\\/46588?sr=1064399&amp;anid=\",\"datePublished\":\"2022-05-07T18:17:56+00:00\",\"dateModified\":\"2025-11-17T11:03:37+00:00\",\"description\":\"888 Casinos - Una revisi\u00f3n del sitio de ruleta en l\u00ednea m\u00e1s popular\",\"breadcrumb\":{\"@id\":\"https:\\\/\\\/gambling6.com\\\/es\\\/revision-del-sitio-888-casino\\\/#breadcrumb\"},\"inLanguage\":\"es\",\"potentialAction\":[{\"@type\":\"ReadAction\",\"target\":[\"https:\\\/\\\/gambling6.com\\\/es\\\/revision-del-sitio-888-casino\\\/\"]}]},{\"@type\":\"ImageObject\",\"inLanguage\":\"es\",\"@id\":\"https:\\\/\\\/gambling6.com\\\/es\\\/revision-del-sitio-888-casino\\\/#primaryimage\",\"url\":\"https:\\\/\\\/ic.aff-handler.com\\\/I\\\/46588?sr=1064399&amp;anid=\",\"contentUrl\":\"https:\\\/\\\/ic.aff-handler.com\\\/I\\\/46588?sr=1064399&amp;anid=\"},{\"@type\":\"BreadcrumbList\",\"@id\":\"https:\\\/\\\/gambling6.com\\\/es\\\/revision-del-sitio-888-casino\\\/#breadcrumb\",\"itemListElement\":[{\"@type\":\"ListItem\",\"position\":1,\"name\":\"Home\",\"item\":\"https:\\\/\\\/gambling6.com\\\/es\\\/home\\\/\"},{\"@type\":\"ListItem\",\"position\":2,\"name\":\"Rese\u00f1a de 888 Casino\"}]},{\"@type\":\"WebSite\",\"@id\":\"https:\\\/\\\/gambling6.com\\\/es\\\/#website\",\"url\":\"https:\\\/\\\/gambling6.com\\\/es\\\/\",\"name\":\"Gambling6\",\"description\":\"\",\"potentialAction\":[{\"@type\":\"SearchAction\",\"target\":{\"@type\":\"EntryPoint\",\"urlTemplate\":\"https:\\\/\\\/gambling6.com\\\/es\\\/?s={search_term_string}\"},\"query-input\":{\"@type\":\"PropertyValueSpecification\",\"valueRequired\":true,\"valueName\":\"search_term_string\"}}],\"inLanguage\":\"es\"}]}<\/script>\n<!-- \/ Yoast SEO plugin. -->","yoast_head_json":{"title":"Revisi\u00f3n del sitio 888 Casino","description":"888 Casinos - Una revisi\u00f3n del sitio de ruleta en l\u00ednea m\u00e1s popular","robots":{"index":"index","follow":"follow","max-snippet":"max-snippet:-1","max-image-preview":"max-image-preview:large","max-video-preview":"max-video-preview:-1"},"canonical":"https:\/\/gambling6.com\/es\/revision-del-sitio-888-casino\/","og_locale":"es_ES","og_type":"article","og_title":"Revisi\u00f3n del sitio 888 Casino","og_description":"888 Casinos - Una revisi\u00f3n del sitio de ruleta en l\u00ednea m\u00e1s popular","og_url":"https:\/\/gambling6.com\/es\/revision-del-sitio-888-casino\/","og_site_name":"Gambling6","article_modified_time":"2025-11-17T11:03:37+00:00","og_image":[{"url":"https:\/\/ic.aff-handler.com\/I\/46588?sr=1064399&amp;anid=","type":"","width":"","height":""}],"twitter_card":"summary_large_image","twitter_misc":{"Tiempo de lectura":"3 minutos"},"schema":{"@context":"https:\/\/schema.org","@graph":[{"@type":"WebPage","@id":"https:\/\/gambling6.com\/es\/revision-del-sitio-888-casino\/","url":"https:\/\/gambling6.com\/es\/revision-del-sitio-888-casino\/","name":"Revisi\u00f3n del sitio 888 Casino","isPartOf":{"@id":"https:\/\/gambling6.com\/es\/#website"},"primaryImageOfPage":{"@id":"https:\/\/gambling6.com\/es\/revision-del-sitio-888-casino\/#primaryimage"},"image":{"@id":"https:\/\/gambling6.com\/es\/revision-del-sitio-888-casino\/#primaryimage"},"thumbnailUrl":"https:\/\/ic.aff-handler.com\/I\/46588?sr=1064399&amp;anid=","datePublished":"2022-05-07T18:17:56+00:00","dateModified":"2025-11-17T11:03:37+00:00","description":"888 Casinos - Una revisi\u00f3n del sitio de ruleta en l\u00ednea m\u00e1s popular","breadcrumb":{"@id":"https:\/\/gambling6.com\/es\/revision-del-sitio-888-casino\/#breadcrumb"},"inLanguage":"es","potentialAction":[{"@type":"ReadAction","target":["https:\/\/gambling6.com\/es\/revision-del-sitio-888-casino\/"]}]},{"@type":"ImageObject","inLanguage":"es","@id":"https:\/\/gambling6.com\/es\/revision-del-sitio-888-casino\/#primaryimage","url":"https:\/\/ic.aff-handler.com\/I\/46588?sr=1064399&amp;anid=","contentUrl":"https:\/\/ic.aff-handler.com\/I\/46588?sr=1064399&amp;anid="},{"@type":"BreadcrumbList","@id":"https:\/\/gambling6.com\/es\/revision-del-sitio-888-casino\/#breadcrumb","itemListElement":[{"@type":"ListItem","position":1,"name":"Home","item":"https:\/\/gambling6.com\/es\/home\/"},{"@type":"ListItem","position":2,"name":"Rese\u00f1a de 888 Casino"}]},{"@type":"WebSite","@id":"https:\/\/gambling6.com\/es\/#website","url":"https:\/\/gambling6.com\/es\/","name":"Gambling6","description":"","potentialAction":[{"@type":"SearchAction","target":{"@type":"EntryPoint","urlTemplate":"https:\/\/gambling6.com\/es\/?s={search_term_string}"},"query-input":{"@type":"PropertyValueSpecification","valueRequired":true,"valueName":"search_term_string"}}],"inLanguage":"es"}]}},"_links":{"self":[{"href":"https:\/\/gambling6.com\/es\/wp-json\/wp\/v2\/pages\/4565","targetHints":{"allow":["GET"]}}],"collection":[{"href":"https:\/\/gambling6.com\/es\/wp-json\/wp\/v2\/pages"}],"about":[{"href":"https:\/\/gambling6.com\/es\/wp-json\/wp\/v2\/types\/page"}],"author":[{"embeddable":true,"href":"https:\/\/gambling6.com\/es\/wp-json\/wp\/v2\/users\/1"}],"replies":[{"embeddable":true,"href":"https:\/\/gambling6.com\/es\/wp-json\/wp\/v2\/comments?post=4565"}],"version-history":[{"count":1,"href":"https:\/\/gambling6.com\/es\/wp-json\/wp\/v2\/pages\/4565\/revisions"}],"predecessor-version":[{"id":4568,"href":"https:\/\/gambling6.com\/es\/wp-json\/wp\/v2\/pages\/4565\/revisions\/4568"}],"wp:attachment":[{"href":"https:\/\/gambling6.com\/es\/wp-json\/wp\/v2\/media?parent=4565"}],"curies":[{"name":"wp","href":"https:\/\/api.w.org\/{rel}","templated":true}]}}