{"id":4573,"date":"2022-05-07T19:34:35","date_gmt":"2022-05-07T18:34:35","guid":{"rendered":"https:\/\/gambling6.com\/?p=4573"},"modified":"2025-11-17T16:16:15","modified_gmt":"2025-11-17T16:16:15","slug":"estrategia-de-juego-para-el-bingo-online","status":"publish","type":"page","link":"https:\/\/gambling6.com\/es\/bingo\/estrategia-de-juego-para-el-bingo-online\/","title":{"rendered":"Estrategia de juego para el bingo online"},"content":{"rendered":"<h2>Juegue al Bingo Online con la estrategia adecuada<\/h2>\n<p>Gracias al desarrollo de Internet, hoy en d\u00eda puedes disfrutar de una entretenida partida de bingo desde la comodidad de tu casa. La mejor parte es que puede jugar el juego en cualquier momento que desee. Esta es la raz\u00f3n por la que el Bingo online se ha hecho tan popular entre la gente, especialmente entre las mujeres. Si eres un novato no te preocupes, puedes aprender el juego prob\u00e1ndolo primero en un sitio de bingo gratuito. <a class=\"thirstylink\" title=\"Bingo Billy es\" href=\"https:\/\/gambling6.com\/go\/bingo-billy-es\/\" target=\"_blank\" rel=\"nofollow noopener\">Un buen lugar para empezar ser\u00eda Bingo Billy &#8211; haga clic aqu\u00ed para visitarlo.<\/a><\/p>\n<p>Pero si est\u00e1 jugando en l\u00ednea, aqu\u00ed hay algunos consejos que pueden ayudarle a aumentar sus posibilidades de ganar. Siga leyendo para saber m\u00e1s. Investigue r\u00e1pidamente y encuentre los sitios de bingo que ofrecen los mejores bonos de dep\u00f3sito. Muchos sitios web tambi\u00e9n ofrecen lucrativos bonos de inscripci\u00f3n. Siempre es aconsejable jugar al bingo en sitios de casino de confianza. Aseg\u00farese de leer los comentarios de los usuarios reales de estos sitios de casino antes de registrarse o inscribirse.<\/p>\n<p><a href=\"https:\/\/record.revenueplanet.com\/_BoBybWC_aAPUOsjNOfgKefwM06wa-Rwt\/1\/\" target=\"_new\" rel=\"noopener\"><img loading=\"lazy\" decoding=\"async\" class=\"aligncenter\" style=\"border: none;\" src=\"https:\/\/media.revenueplanet.com\/uploads\/nbb-468x60-nov-generic.gif\" alt=\"BingoBilly Bingo gratis\" width=\"468\" height=\"60\" \/><\/a>S\u00f3lo los casinos reputados y de confianza pagan la cantidad total que has ganado en una partida. Internet est\u00e1 inundado de sitios de bingo y, por desgracia, hay muchos sitios fraudulentos que roban tu dinero y no pagan cuando ganas una partida. Por este motivo, debes tener mucho cuidado a la hora de elegir un casino online. Los juegos de bingo se juegan s\u00f3lo por diversi\u00f3n.<\/p>\n<p>Las reglas y normas del juego son muy f\u00e1ciles de seguir. El juego del bingo depende totalmente de la suerte. No hay ning\u00fan elemento que pueda predecir el resultado o influir en el juego. Puedes relajarte y estar tranquilo mientras juegas ya que no hay que tomar ninguna decisi\u00f3n. El bingo online ha hecho que el juego sea m\u00e1s accesible, ya que se puede jugar en el momento que se desee y desde cualquier lugar que tenga una conexi\u00f3n a Internet y un ordenador.<\/p>\n<p>Intente siempre jugar en un sitio que est\u00e9 menos concurrido. Esto le ayudar\u00e1 a aumentar sus posibilidades de ganar el juego, ya que tendr\u00e1 que enfrentarse a un menor n\u00famero de jugadores. Un sitio con un n\u00famero equilibrado de jugadores te dar\u00e1 m\u00e1s posibilidades de ganar la partida. Opta por sitios que ofrezcan salas de chat para facilitar la comunicaci\u00f3n entre los jugadores. Tambi\u00e9n puedes chatear con otros jugadores sobre las cartas que juegan. Tambi\u00e9n puedes aumentar el n\u00famero de cartas para revertir la victoria a tu lado.<\/p>\n<p>Mucho depende tambi\u00e9n del tiempo que elijas para jugar. Se ha visto que si juegas a horas impares tienes la oportunidad de ganar ya que no hay muchos jugadores conectados a esa hora del d\u00eda. En los juegos de bingo con grandes botes, evite siempre tener demasiados cartones. Elija siempre los sitios de casino que ofrezcan bonos de dep\u00f3sito del cien por cien. Hoy en d\u00eda tambi\u00e9n puedes encontrarte con programas de recomendaci\u00f3n por parte de los sitios de casino. Como parte del programa, recibir\u00e1s dinero gratis si tu referido se registra en el casino. Adem\u00e1s de esto, tambi\u00e9n hay muchos bonos promocionales que el casino online ofrece de vez en cuando.<\/p>\n","protected":false},"excerpt":{"rendered":"<p>Juegue al Bingo Online con la estrategia adecuada Gracias al desarrollo de Internet, hoy en d\u00eda puedes disfrutar de una entretenida partida de bingo desde la comodidad de tu casa. La mejor parte es que puede jugar el juego en cualquier momento que desee. Esta es la raz\u00f3n por la que el Bingo online se [&hellip;]<\/p>\n","protected":false},"author":1,"featured_media":0,"parent":8540,"menu_order":3,"comment_status":"closed","ping_status":"closed","template":"","meta":{"footnotes":""},"class_list":["post-4573","page","type-page","status-publish","hentry"],"yoast_head":"<!-- This site is optimized with the Yoast SEO plugin v27.3 - https:\/\/yoast.com\/product\/yoast-seo-wordpress\/ -->\n<title>Estrategia de juego para el bingo en l\u00ednea<\/title>\n<meta name=\"description\" content=\"Aumente sus posibilidades de ganar en el bingo online siguiendo la estrategia de juego adecuada.\" \/>\n<meta name=\"robots\" content=\"index, follow, max-snippet:-1, max-image-preview:large, max-video-preview:-1\" \/>\n<link rel=\"canonical\" href=\"https:\/\/gambling6.com\/es\/bingo\/estrategia-de-juego-para-el-bingo-online\/\" \/>\n<meta property=\"og:locale\" content=\"es_ES\" \/>\n<meta property=\"og:type\" content=\"article\" \/>\n<meta property=\"og:title\" content=\"Estrategia de juego para el bingo en l\u00ednea\" \/>\n<meta property=\"og:description\" content=\"Aumente sus posibilidades de ganar en el bingo online siguiendo la estrategia de juego adecuada.\" \/>\n<meta property=\"og:url\" content=\"https:\/\/gambling6.com\/es\/bingo\/estrategia-de-juego-para-el-bingo-online\/\" \/>\n<meta property=\"og:site_name\" content=\"Gambling6\" \/>\n<meta property=\"article:published_time\" content=\"2022-05-07T18:34:35+00:00\" \/>\n<meta property=\"article:modified_time\" content=\"2025-11-17T16:16:15+00:00\" \/>\n<meta property=\"og:image\" content=\"https:\/\/media.revenueplanet.com\/uploads\/nbb-468x60-nov-generic.gif\" \/>\n<meta name=\"author\" content=\"Catfish\" \/>\n<meta name=\"twitter:card\" content=\"summary_large_image\" \/>\n<meta name=\"twitter:label1\" content=\"Escrito por\" \/>\n\t<meta name=\"twitter:data1\" content=\"Catfish\" \/>\n\t<meta name=\"twitter:label2\" content=\"Tiempo de lectura\" \/>\n\t<meta name=\"twitter:data2\" content=\"3 minutos\" \/>\n<script type=\"application\/ld+json\" class=\"yoast-schema-graph\">{\"@context\":\"https:\\\/\\\/schema.org\",\"@graph\":[{\"@type\":\"Article\",\"@id\":\"https:\\\/\\\/gambling6.com\\\/es\\\/bingo\\\/estrategia-de-juego-para-el-bingo-online\\\/#article\",\"isPartOf\":{\"@id\":\"https:\\\/\\\/gambling6.com\\\/es\\\/bingo\\\/estrategia-de-juego-para-el-bingo-online\\\/\"},\"author\":{\"name\":\"Catfish\",\"@id\":\"https:\\\/\\\/gambling6.com\\\/es\\\/#\\\/schema\\\/person\\\/d093de87a44a018ef67117d02d86ddaf\"},\"headline\":\"Estrategia de juego para el bingo online\",\"datePublished\":\"2022-05-07T18:34:35+00:00\",\"dateModified\":\"2025-11-17T16:16:15+00:00\",\"mainEntityOfPage\":{\"@id\":\"https:\\\/\\\/gambling6.com\\\/es\\\/bingo\\\/estrategia-de-juego-para-el-bingo-online\\\/\"},\"wordCount\":570,\"image\":{\"@id\":\"https:\\\/\\\/gambling6.com\\\/es\\\/bingo\\\/estrategia-de-juego-para-el-bingo-online\\\/#primaryimage\"},\"thumbnailUrl\":\"https:\\\/\\\/media.revenueplanet.com\\\/uploads\\\/nbb-468x60-nov-generic.gif\",\"articleSection\":[\"Estrategia del bingo\",\"Noticias de Bingo\"],\"inLanguage\":\"es\"},{\"@type\":\"WebPage\",\"@id\":\"https:\\\/\\\/gambling6.com\\\/es\\\/bingo\\\/estrategia-de-juego-para-el-bingo-online\\\/\",\"url\":\"https:\\\/\\\/gambling6.com\\\/es\\\/bingo\\\/estrategia-de-juego-para-el-bingo-online\\\/\",\"name\":\"Estrategia de juego para el bingo en l\u00ednea\",\"isPartOf\":{\"@id\":\"https:\\\/\\\/gambling6.com\\\/es\\\/#website\"},\"primaryImageOfPage\":{\"@id\":\"https:\\\/\\\/gambling6.com\\\/es\\\/bingo\\\/estrategia-de-juego-para-el-bingo-online\\\/#primaryimage\"},\"image\":{\"@id\":\"https:\\\/\\\/gambling6.com\\\/es\\\/bingo\\\/estrategia-de-juego-para-el-bingo-online\\\/#primaryimage\"},\"thumbnailUrl\":\"https:\\\/\\\/media.revenueplanet.com\\\/uploads\\\/nbb-468x60-nov-generic.gif\",\"datePublished\":\"2022-05-07T18:34:35+00:00\",\"dateModified\":\"2025-11-17T16:16:15+00:00\",\"author\":{\"@id\":\"https:\\\/\\\/gambling6.com\\\/es\\\/#\\\/schema\\\/person\\\/d093de87a44a018ef67117d02d86ddaf\"},\"description\":\"Aumente sus posibilidades de ganar en el bingo online siguiendo la estrategia de juego adecuada.\",\"breadcrumb\":{\"@id\":\"https:\\\/\\\/gambling6.com\\\/es\\\/bingo\\\/estrategia-de-juego-para-el-bingo-online\\\/#breadcrumb\"},\"inLanguage\":\"es\",\"potentialAction\":[{\"@type\":\"ReadAction\",\"target\":[\"https:\\\/\\\/gambling6.com\\\/es\\\/bingo\\\/estrategia-de-juego-para-el-bingo-online\\\/\"]}]},{\"@type\":\"ImageObject\",\"inLanguage\":\"es\",\"@id\":\"https:\\\/\\\/gambling6.com\\\/es\\\/bingo\\\/estrategia-de-juego-para-el-bingo-online\\\/#primaryimage\",\"url\":\"https:\\\/\\\/media.revenueplanet.com\\\/uploads\\\/nbb-468x60-nov-generic.gif\",\"contentUrl\":\"https:\\\/\\\/media.revenueplanet.com\\\/uploads\\\/nbb-468x60-nov-generic.gif\"},{\"@type\":\"BreadcrumbList\",\"@id\":\"https:\\\/\\\/gambling6.com\\\/es\\\/bingo\\\/estrategia-de-juego-para-el-bingo-online\\\/#breadcrumb\",\"itemListElement\":[{\"@type\":\"ListItem\",\"position\":1,\"name\":\"Home\",\"item\":\"https:\\\/\\\/gambling6.com\\\/es\\\/home\\\/\"},{\"@type\":\"ListItem\",\"position\":2,\"name\":\"Estrategia de juego para el bingo online\"}]},{\"@type\":\"WebSite\",\"@id\":\"https:\\\/\\\/gambling6.com\\\/es\\\/#website\",\"url\":\"https:\\\/\\\/gambling6.com\\\/es\\\/\",\"name\":\"Gambling6\",\"description\":\"\",\"potentialAction\":[{\"@type\":\"SearchAction\",\"target\":{\"@type\":\"EntryPoint\",\"urlTemplate\":\"https:\\\/\\\/gambling6.com\\\/es\\\/?s={search_term_string}\"},\"query-input\":{\"@type\":\"PropertyValueSpecification\",\"valueRequired\":true,\"valueName\":\"search_term_string\"}}],\"inLanguage\":\"es\"},{\"@type\":\"Person\",\"@id\":\"https:\\\/\\\/gambling6.com\\\/es\\\/#\\\/schema\\\/person\\\/d093de87a44a018ef67117d02d86ddaf\",\"name\":\"Catfish\",\"image\":{\"@type\":\"ImageObject\",\"inLanguage\":\"es\",\"@id\":\"https:\\\/\\\/secure.gravatar.com\\\/avatar\\\/32edfa28ccbf005c231538b245a2670a36c7f33f2d3a9ab09e50843b363f2821?s=96&d=mm&r=g\",\"url\":\"https:\\\/\\\/secure.gravatar.com\\\/avatar\\\/32edfa28ccbf005c231538b245a2670a36c7f33f2d3a9ab09e50843b363f2821?s=96&d=mm&r=g\",\"contentUrl\":\"https:\\\/\\\/secure.gravatar.com\\\/avatar\\\/32edfa28ccbf005c231538b245a2670a36c7f33f2d3a9ab09e50843b363f2821?s=96&d=mm&r=g\",\"caption\":\"Catfish\"},\"sameAs\":[\"http:\\\/\\\/gambling6.com\"],\"url\":\"https:\\\/\\\/gambling6.com\\\/es\\\/author\\\/catfish\\\/\"}]}<\/script>\n<!-- \/ Yoast SEO plugin. -->","yoast_head_json":{"title":"Estrategia de juego para el bingo en l\u00ednea","description":"Aumente sus posibilidades de ganar en el bingo online siguiendo la estrategia de juego adecuada.","robots":{"index":"index","follow":"follow","max-snippet":"max-snippet:-1","max-image-preview":"max-image-preview:large","max-video-preview":"max-video-preview:-1"},"canonical":"https:\/\/gambling6.com\/es\/bingo\/estrategia-de-juego-para-el-bingo-online\/","og_locale":"es_ES","og_type":"article","og_title":"Estrategia de juego para el bingo en l\u00ednea","og_description":"Aumente sus posibilidades de ganar en el bingo online siguiendo la estrategia de juego adecuada.","og_url":"https:\/\/gambling6.com\/es\/bingo\/estrategia-de-juego-para-el-bingo-online\/","og_site_name":"Gambling6","article_published_time":"2022-05-07T18:34:35+00:00","article_modified_time":"2025-11-17T16:16:15+00:00","og_image":[{"url":"https:\/\/media.revenueplanet.com\/uploads\/nbb-468x60-nov-generic.gif","type":"","width":"","height":""}],"author":"Catfish","twitter_card":"summary_large_image","twitter_misc":{"Escrito por":"Catfish","Tiempo de lectura":"3 minutos"},"schema":{"@context":"https:\/\/schema.org","@graph":[{"@type":"Article","@id":"https:\/\/gambling6.com\/es\/bingo\/estrategia-de-juego-para-el-bingo-online\/#article","isPartOf":{"@id":"https:\/\/gambling6.com\/es\/bingo\/estrategia-de-juego-para-el-bingo-online\/"},"author":{"name":"Catfish","@id":"https:\/\/gambling6.com\/es\/#\/schema\/person\/d093de87a44a018ef67117d02d86ddaf"},"headline":"Estrategia de juego para el bingo online","datePublished":"2022-05-07T18:34:35+00:00","dateModified":"2025-11-17T16:16:15+00:00","mainEntityOfPage":{"@id":"https:\/\/gambling6.com\/es\/bingo\/estrategia-de-juego-para-el-bingo-online\/"},"wordCount":570,"image":{"@id":"https:\/\/gambling6.com\/es\/bingo\/estrategia-de-juego-para-el-bingo-online\/#primaryimage"},"thumbnailUrl":"https:\/\/media.revenueplanet.com\/uploads\/nbb-468x60-nov-generic.gif","articleSection":["Estrategia del bingo","Noticias de Bingo"],"inLanguage":"es"},{"@type":"WebPage","@id":"https:\/\/gambling6.com\/es\/bingo\/estrategia-de-juego-para-el-bingo-online\/","url":"https:\/\/gambling6.com\/es\/bingo\/estrategia-de-juego-para-el-bingo-online\/","name":"Estrategia de juego para el bingo en l\u00ednea","isPartOf":{"@id":"https:\/\/gambling6.com\/es\/#website"},"primaryImageOfPage":{"@id":"https:\/\/gambling6.com\/es\/bingo\/estrategia-de-juego-para-el-bingo-online\/#primaryimage"},"image":{"@id":"https:\/\/gambling6.com\/es\/bingo\/estrategia-de-juego-para-el-bingo-online\/#primaryimage"},"thumbnailUrl":"https:\/\/media.revenueplanet.com\/uploads\/nbb-468x60-nov-generic.gif","datePublished":"2022-05-07T18:34:35+00:00","dateModified":"2025-11-17T16:16:15+00:00","author":{"@id":"https:\/\/gambling6.com\/es\/#\/schema\/person\/d093de87a44a018ef67117d02d86ddaf"},"description":"Aumente sus posibilidades de ganar en el bingo online siguiendo la estrategia de juego adecuada.","breadcrumb":{"@id":"https:\/\/gambling6.com\/es\/bingo\/estrategia-de-juego-para-el-bingo-online\/#breadcrumb"},"inLanguage":"es","potentialAction":[{"@type":"ReadAction","target":["https:\/\/gambling6.com\/es\/bingo\/estrategia-de-juego-para-el-bingo-online\/"]}]},{"@type":"ImageObject","inLanguage":"es","@id":"https:\/\/gambling6.com\/es\/bingo\/estrategia-de-juego-para-el-bingo-online\/#primaryimage","url":"https:\/\/media.revenueplanet.com\/uploads\/nbb-468x60-nov-generic.gif","contentUrl":"https:\/\/media.revenueplanet.com\/uploads\/nbb-468x60-nov-generic.gif"},{"@type":"BreadcrumbList","@id":"https:\/\/gambling6.com\/es\/bingo\/estrategia-de-juego-para-el-bingo-online\/#breadcrumb","itemListElement":[{"@type":"ListItem","position":1,"name":"Home","item":"https:\/\/gambling6.com\/es\/home\/"},{"@type":"ListItem","position":2,"name":"Estrategia de juego para el bingo online"}]},{"@type":"WebSite","@id":"https:\/\/gambling6.com\/es\/#website","url":"https:\/\/gambling6.com\/es\/","name":"Gambling6","description":"","potentialAction":[{"@type":"SearchAction","target":{"@type":"EntryPoint","urlTemplate":"https:\/\/gambling6.com\/es\/?s={search_term_string}"},"query-input":{"@type":"PropertyValueSpecification","valueRequired":true,"valueName":"search_term_string"}}],"inLanguage":"es"},{"@type":"Person","@id":"https:\/\/gambling6.com\/es\/#\/schema\/person\/d093de87a44a018ef67117d02d86ddaf","name":"Catfish","image":{"@type":"ImageObject","inLanguage":"es","@id":"https:\/\/secure.gravatar.com\/avatar\/32edfa28ccbf005c231538b245a2670a36c7f33f2d3a9ab09e50843b363f2821?s=96&d=mm&r=g","url":"https:\/\/secure.gravatar.com\/avatar\/32edfa28ccbf005c231538b245a2670a36c7f33f2d3a9ab09e50843b363f2821?s=96&d=mm&r=g","contentUrl":"https:\/\/secure.gravatar.com\/avatar\/32edfa28ccbf005c231538b245a2670a36c7f33f2d3a9ab09e50843b363f2821?s=96&d=mm&r=g","caption":"Catfish"},"sameAs":["http:\/\/gambling6.com"],"url":"https:\/\/gambling6.com\/es\/author\/catfish\/"}]}},"_links":{"self":[{"href":"https:\/\/gambling6.com\/es\/wp-json\/wp\/v2\/pages\/4573","targetHints":{"allow":["GET"]}}],"collection":[{"href":"https:\/\/gambling6.com\/es\/wp-json\/wp\/v2\/pages"}],"about":[{"href":"https:\/\/gambling6.com\/es\/wp-json\/wp\/v2\/types\/page"}],"author":[{"embeddable":true,"href":"https:\/\/gambling6.com\/es\/wp-json\/wp\/v2\/users\/1"}],"replies":[{"embeddable":true,"href":"https:\/\/gambling6.com\/es\/wp-json\/wp\/v2\/comments?post=4573"}],"version-history":[{"count":3,"href":"https:\/\/gambling6.com\/es\/wp-json\/wp\/v2\/pages\/4573\/revisions"}],"predecessor-version":[{"id":11101,"href":"https:\/\/gambling6.com\/es\/wp-json\/wp\/v2\/pages\/4573\/revisions\/11101"}],"up":[{"embeddable":true,"href":"https:\/\/gambling6.com\/es\/wp-json\/wp\/v2\/pages\/8540"}],"wp:attachment":[{"href":"https:\/\/gambling6.com\/es\/wp-json\/wp\/v2\/media?parent=4573"}],"curies":[{"name":"wp","href":"https:\/\/api.w.org\/{rel}","templated":true}]}}