{"id":8148,"date":"2025-10-29T12:48:29","date_gmt":"2025-10-29T12:48:29","guid":{"rendered":"https:\/\/gambling6.com\/?page_id=8148"},"modified":"2025-10-29T12:48:29","modified_gmt":"2025-10-29T12:48:29","slug":"home","status":"publish","type":"page","link":"https:\/\/gambling6.com\/es\/","title":{"rendered":"Home"},"content":{"rendered":"<h2>Bienvenido a Gambling6: informaci\u00f3n sobre todo lo que necesitas saber sobre las apuestas con dinero real.<\/h2>\n<p><img loading=\"lazy\" decoding=\"async\" class=\" wp-image-2679 alignright\" src=\"https:\/\/gambling6.com\/wp-content\/uploads\/2022\/04\/1_win_lottery_online1.jpg\" alt=\"Apuestas online por dinero\" width=\"253\" height=\"168\" \/><br \/>\nPara mucha gente, el mundo de las apuestas online con dinero real puede parecer aterrador y algo que se resiste a probar. Puede que les guste apostar en general, pero se preguntan si los sitios de apuestas online son de confianza. Sin embargo, hoy en d\u00eda es una de las formas m\u00e1s f\u00e1ciles de disfrutar de todos tus juegos de casino favoritos, incluso si no vives cerca de un casino.<\/p>\n<p>Los sitios web de apuestas en l\u00ednea han creado una forma de jugar al p\u00f3quer, al blackjack, a la ruleta, al v\u00eddeo p\u00f3quer, a las tragaperras, al bingo, a las tarjetas rasca y gana, de apostar en eventos deportivos y, ahora, incluso de participar en cualquiera de los grandes botes de loter\u00eda del mundo en l\u00ednea, sin tener que salir de la comodidad de su propia casa.<\/p>\n<p>A todo el mundo le gustan los sitios de casino con pagos r\u00e1pidos, y si te gusta apostar, tienes que ver de qu\u00e9 se trata y c\u00f3mo puedes empezar a jugar en los muchos sitios de juegos online que hay. Seguir los consejos de un sitio de recursos de apuestas online como el nuestro te ayudar\u00e1 a elegir un buen proveedor y te garantizar\u00e1 una gran experiencia. Si quieres empezar de inmediato, estas son mis recomendaciones personales:<\/p>\n<h2>El mejor sitio de apuestas en general<\/h2>\n<p>Personalmente, me gusta realizar todas mis apuestas online en un solo sitio, sin tener que realizar dep\u00f3sitos en varios sitios. Por eso, mi sitio favorito en general es 888, un excelente casino online con las m\u00e1quinas tragamonedas m\u00e1s geniales que he visto y una excelente sala de p\u00f3quer online. La selecci\u00f3n de juegos de casino, que incluye blackjack, ruleta y mucho m\u00e1s, no deja nada que desear. Si buscas una experiencia de bingo o tarjetas rasca y gana como en la vida real, no hay nada mejor que 888.<\/p>\n<p>Por eso, mi sitio favorito para todo es 888, un gran casino online con las m\u00e1quinas tragamonedas m\u00e1s geniales que he visto nunca y una excelente sala de p\u00f3quer online. La selecci\u00f3n de juegos de casino, incluyendo blackjack, ruleta y m\u00e1s, no deja nada que desear. Si buscas una experiencia de bingo o tarjetas rasca y gana como en la vida real, no hay nada mejor que 888.<\/p>\n<p>Y luego est\u00e1 la secci\u00f3n de apuestas deportivas, que ofrece una amplia selecci\u00f3n de eventos en los que apostar y las mejores cuotas que encontrar\u00e1s en toda la web. \u00a1Incluso puedes apostar en finanzas, como los principales \u00edndices burs\u00e1tiles y los tipos de cambio de divisas! <a class=\"thirstylink\" title=\"888 casino en\" href=\"https:\/\/gambling6.com\/go\/888-casino-en\/\" target=\"_blank\" rel=\"nofollow noopener\">Utiliza este enlace para ir a 888 hoy mismo y obtendr\u00e1s un bono de hasta 1500 \u20ac en tu primer dep\u00f3sito.<\/a><\/p>\n<h2>El mejor sitio de apuestas para residentes en EE. UU.<\/h2>\n<p>Si eres residente en EE. UU., tus opciones son limitadas y algunos de los operadores que aceptan clientes estadounidenses son un poco sospechosos, por lo que debes tener cuidado con qui\u00e9n eliges.<\/p>\n<p>Sin embargo, hay un sitio que destaca entre los dem\u00e1s, y ese es <a class=\"thirstylink\" title=\"Betonline casino en\" href=\"https:\/\/gambling6.com\/go\/betonline-casino-en\/\" target=\"_blank\" rel=\"nofollow noopener\">Betonline: aqu\u00ed puedes jugar al p\u00f3quer online, a juegos de casino, a tragaperras, a la ruleta, al blackjack y realizar apuestas deportivas.<\/a> Aceptan jugadores de EE. UU. y hay varias formas de depositar fondos en tu cuenta, as\u00ed como de retirar tus ganancias.<\/p>\n<h2>Gambling6: las seis formas m\u00e1s populares de juego online<\/h2>\n<p>En Gambling6.com encontrar\u00e1s informaci\u00f3n sobre lo siguiente:<\/p>\n<ul>\n<li>Juegos de casino, incluyendo blackjack, ruleta, dados, v\u00eddeo p\u00f3quer, tragaperras, etc.<\/li>\n<li>P\u00f3quer en todas sus variantes.<\/li>\n<li>Bingo online.<\/li>\n<li>Tarjetas rasca y gana online.<\/li>\n<li>Apuestas deportivas y apuestas en otros eventos.<\/li>\n<li>C\u00f3mo conseguir un boleto online para cualquier loter\u00eda fuera de tu pa\u00eds de residencia.<\/li>\n<\/ul>\n<h2>\u00bfQu\u00e9 tal un poco de diversi\u00f3n con la loter\u00eda y botes de talla mundial?<\/h2>\n<p>Supongamos que eres un fan\u00e1tico de la loter\u00eda y no quieres limitarte a la loter\u00eda local. En ese caso, tenemos buenas noticias para usted: ahora puede probar suerte en cualquier bote de loter\u00eda del mundo. RedFoxLotto le permite comprar boletos de loter\u00eda en l\u00ednea para los botes de loter\u00eda m\u00e1s grandes del mundo, como Mega Millions, Powerball, El Gordo, EuroMillions y muchos m\u00e1s. <a href=\"https:\/\/redfoxlotto.com\/es\">Haga clic aqu\u00ed para ver qu\u00e9 loter\u00eda tiene el bote m\u00e1s grande y consiga un boleto en cuesti\u00f3n de segundos.<\/a><\/p>\n<h2>Preguntas frecuentes sobre los casinos online<\/h2>\n<p>Si eres nuevo en el mundo de los casinos online, probablemente tengas preguntas sobre c\u00f3mo jugar online y c\u00f3mo funciona todo. Algunas de las preguntas que tienes son las mismas que tienen muchos otros jugadores nuevos en los casinos online. Estas preguntas se han respondido en esta secci\u00f3n de preguntas frecuentes y te ayudar\u00e1n a empezar.<\/p>\n<p><strong>\u00bfTengo que tener una edad determinada para jugar en un casino online?<\/strong><\/p>\n<p>Cada casino online establece sus propias reglas y directrices. Sin embargo, la mayor\u00eda de ellos exigen que los jugadores tengan 18 o 21 a\u00f1os para participar en juegos de casino con dinero real.<\/p>\n<p><strong>\u00bfTengo que descargar algo en mi ordenador para jugar a juegos de casino online?<\/strong><\/p>\n<p>Muchos de los casinos online te permiten jugar en modo instant\u00e1neo. Si decides aprovechar el modo instant\u00e1neo, no necesitar\u00e1s descargar ning\u00fan software en tu ordenador.<\/p>\n<p><strong>\u00bfEs dif\u00edcil registrarse en un casino online?<\/strong><\/p>\n<p>El proceso es realmente muy sencillo. Tendr\u00e1s que introducir informaci\u00f3n b\u00e1sica sobre ti y descargar e instalar el software si quieres jugar a los juegos que requieren descarga. Todo el proceso solo te llevar\u00e1 unos minutos.<\/p>\n<p><strong>\u00bfTengo que depositar dinero inmediatamente?<\/strong><\/p>\n<p>La mayor\u00eda de los casinos te permiten probar sus juegos sin necesidad de depositar dinero. Algunos te ofrecen tiradas gratis o te permiten jugar gratis durante un periodo de tiempo determinado. A menudo, incluso puedes quedarte con tus ganancias durante este periodo si realizas un dep\u00f3sito con dinero real m\u00e1s tarde.<\/p>\n<p><strong>\u00bfEn qu\u00e9 consisten los bonos?<\/strong><\/p>\n<p>La mayor\u00eda de los casinos online utilizan bonos para atraer a los jugadores y que vuelvan a jugar. Algunos de los bonos tienen un valor de cientos o incluso miles de d\u00f3lares. En la mayor\u00eda de los casos, tendr\u00e1s que cumplir una serie de requisitos antes de poder acceder a los bonos. Las instrucciones para liberar el bono se pueden encontrar en el casino online que lo ofrece.<\/p>\n<p><strong>\u00bfA qu\u00e9 juegos puedo jugar en un casino online?<\/strong><\/p>\n<p>Cada casino online ofrece su propia selecci\u00f3n de juegos. Sin embargo, algunos de los juegos m\u00e1s comunes son las tragaperras de v\u00eddeo, las m\u00e1quinas tragaperras, la ruleta, los dados, el blackjack, el p\u00f3quer e incluso loter\u00edas de todo el mundo.<\/p>\n<p><strong>\u00bfCu\u00e1nto dinero puedo ganar realmente jugando en un casino online?<\/strong><\/p>\n<p>En primer lugar, no hay garant\u00eda de que ganes nada. Sin embargo, hay mucho dinero que ganar. Encontrar\u00e1s botes de m\u00e1quinas tragaperras de un mill\u00f3n de d\u00f3lares, torneos de p\u00f3quer con un mill\u00f3n de d\u00f3lares o m\u00e1s en premios garantizados, etc. De hecho, la mayor\u00eda de los casinos online tienen mejores porcentajes de pago que los casinos f\u00edsicos. Esto se debe a que tienen menos gastos generales y pueden permitirse pagar una tasa de apuestas m\u00e1s alta.<\/p>\n","protected":false},"excerpt":{"rendered":"<p>Bienvenido a Gambling6: informaci\u00f3n sobre todo lo que necesitas saber sobre las apuestas con dinero real. Para mucha gente, el mundo de las apuestas online con dinero real puede parecer aterrador y algo que se resiste a probar. Puede que les guste apostar en general, pero se preguntan si los sitios de apuestas online son [&hellip;]<\/p>\n","protected":false},"author":1,"featured_media":0,"parent":0,"menu_order":1,"comment_status":"closed","ping_status":"closed","template":"","meta":{"footnotes":""},"class_list":["post-8148","page","type-page","status-publish","hentry"],"yoast_head":"<!-- This site is optimized with the Yoast SEO plugin v27.4 - https:\/\/yoast.com\/product\/yoast-seo-wordpress\/ -->\n<title>Las mejores apuestas online por dinero | Bienvenido a Gambling6<\/title>\n<meta name=\"description\" content=\"Si te gusta apostar por dinero, nuestro sitio web sobre apuestas tiene toda la informaci\u00f3n que necesitas sobre los 6 juegos online m\u00e1s populares.\" \/>\n<meta name=\"robots\" content=\"index, follow, max-snippet:-1, max-image-preview:large, max-video-preview:-1\" \/>\n<link rel=\"canonical\" href=\"https:\/\/gambling6.com\/es\/\" \/>\n<meta property=\"og:locale\" content=\"es_ES\" \/>\n<meta property=\"og:type\" content=\"article\" \/>\n<meta property=\"og:title\" content=\"Las mejores apuestas online por dinero | Bienvenido a Gambling6\" \/>\n<meta property=\"og:description\" content=\"Si te gusta apostar por dinero, nuestro sitio web sobre apuestas tiene toda la informaci\u00f3n que necesitas sobre los 6 juegos online m\u00e1s populares.\" \/>\n<meta property=\"og:url\" content=\"https:\/\/gambling6.com\/es\/\" \/>\n<meta property=\"og:site_name\" content=\"Gambling6\" \/>\n<meta property=\"og:image\" content=\"https:\/\/gambling6.com\/wp-content\/uploads\/2022\/04\/1_win_lottery_online1.jpg\" \/>\n\t<meta property=\"og:image:width\" content=\"300\" \/>\n\t<meta property=\"og:image:height\" content=\"199\" \/>\n\t<meta property=\"og:image:type\" content=\"image\/jpeg\" \/>\n<meta name=\"twitter:card\" content=\"summary_large_image\" \/>\n<meta name=\"twitter:label1\" content=\"Tiempo de lectura\" \/>\n\t<meta name=\"twitter:data1\" content=\"6 minutos\" \/>\n<script type=\"application\/ld+json\" class=\"yoast-schema-graph\">{\"@context\":\"https:\\\/\\\/schema.org\",\"@graph\":[{\"@type\":\"WebPage\",\"@id\":\"https:\\\/\\\/gambling6.com\\\/es\\\/\",\"url\":\"https:\\\/\\\/gambling6.com\\\/es\\\/\",\"name\":\"Las mejores apuestas online por dinero | Bienvenido a Gambling6\",\"isPartOf\":{\"@id\":\"https:\\\/\\\/gambling6.com\\\/es\\\/#website\"},\"primaryImageOfPage\":{\"@id\":\"https:\\\/\\\/gambling6.com\\\/es\\\/#primaryimage\"},\"image\":{\"@id\":\"https:\\\/\\\/gambling6.com\\\/es\\\/#primaryimage\"},\"thumbnailUrl\":\"https:\\\/\\\/gambling6.com\\\/wp-content\\\/uploads\\\/2022\\\/04\\\/1_win_lottery_online1.jpg\",\"datePublished\":\"2025-10-29T12:48:29+00:00\",\"description\":\"Si te gusta apostar por dinero, nuestro sitio web sobre apuestas tiene toda la informaci\u00f3n que necesitas sobre los 6 juegos online m\u00e1s populares.\",\"breadcrumb\":{\"@id\":\"https:\\\/\\\/gambling6.com\\\/es\\\/#breadcrumb\"},\"inLanguage\":\"es\",\"potentialAction\":[{\"@type\":\"ReadAction\",\"target\":[\"https:\\\/\\\/gambling6.com\\\/es\\\/\"]}]},{\"@type\":\"ImageObject\",\"inLanguage\":\"es\",\"@id\":\"https:\\\/\\\/gambling6.com\\\/es\\\/#primaryimage\",\"url\":\"https:\\\/\\\/gambling6.com\\\/wp-content\\\/uploads\\\/2022\\\/04\\\/1_win_lottery_online1.jpg\",\"contentUrl\":\"https:\\\/\\\/gambling6.com\\\/wp-content\\\/uploads\\\/2022\\\/04\\\/1_win_lottery_online1.jpg\"},{\"@type\":\"BreadcrumbList\",\"@id\":\"https:\\\/\\\/gambling6.com\\\/es\\\/#breadcrumb\",\"itemListElement\":[{\"@type\":\"ListItem\",\"position\":1,\"name\":\"Home\",\"item\":\"https:\\\/\\\/gambling6.com\\\/es\\\/home\\\/\"},{\"@type\":\"ListItem\",\"position\":2,\"name\":\"Home\"}]},{\"@type\":\"WebSite\",\"@id\":\"https:\\\/\\\/gambling6.com\\\/es\\\/#website\",\"url\":\"https:\\\/\\\/gambling6.com\\\/es\\\/\",\"name\":\"Gambling6\",\"description\":\"\",\"potentialAction\":[{\"@type\":\"SearchAction\",\"target\":{\"@type\":\"EntryPoint\",\"urlTemplate\":\"https:\\\/\\\/gambling6.com\\\/es\\\/?s={search_term_string}\"},\"query-input\":{\"@type\":\"PropertyValueSpecification\",\"valueRequired\":true,\"valueName\":\"search_term_string\"}}],\"inLanguage\":\"es\"}]}<\/script>\n<!-- \/ Yoast SEO plugin. -->","yoast_head_json":{"title":"Las mejores apuestas online por dinero | Bienvenido a Gambling6","description":"Si te gusta apostar por dinero, nuestro sitio web sobre apuestas tiene toda la informaci\u00f3n que necesitas sobre los 6 juegos online m\u00e1s populares.","robots":{"index":"index","follow":"follow","max-snippet":"max-snippet:-1","max-image-preview":"max-image-preview:large","max-video-preview":"max-video-preview:-1"},"canonical":"https:\/\/gambling6.com\/es\/","og_locale":"es_ES","og_type":"article","og_title":"Las mejores apuestas online por dinero | Bienvenido a Gambling6","og_description":"Si te gusta apostar por dinero, nuestro sitio web sobre apuestas tiene toda la informaci\u00f3n que necesitas sobre los 6 juegos online m\u00e1s populares.","og_url":"https:\/\/gambling6.com\/es\/","og_site_name":"Gambling6","og_image":[{"width":300,"height":199,"url":"https:\/\/gambling6.com\/wp-content\/uploads\/2022\/04\/1_win_lottery_online1.jpg","type":"image\/jpeg"}],"twitter_card":"summary_large_image","twitter_misc":{"Tiempo de lectura":"6 minutos"},"schema":{"@context":"https:\/\/schema.org","@graph":[{"@type":"WebPage","@id":"https:\/\/gambling6.com\/es\/","url":"https:\/\/gambling6.com\/es\/","name":"Las mejores apuestas online por dinero | Bienvenido a Gambling6","isPartOf":{"@id":"https:\/\/gambling6.com\/es\/#website"},"primaryImageOfPage":{"@id":"https:\/\/gambling6.com\/es\/#primaryimage"},"image":{"@id":"https:\/\/gambling6.com\/es\/#primaryimage"},"thumbnailUrl":"https:\/\/gambling6.com\/wp-content\/uploads\/2022\/04\/1_win_lottery_online1.jpg","datePublished":"2025-10-29T12:48:29+00:00","description":"Si te gusta apostar por dinero, nuestro sitio web sobre apuestas tiene toda la informaci\u00f3n que necesitas sobre los 6 juegos online m\u00e1s populares.","breadcrumb":{"@id":"https:\/\/gambling6.com\/es\/#breadcrumb"},"inLanguage":"es","potentialAction":[{"@type":"ReadAction","target":["https:\/\/gambling6.com\/es\/"]}]},{"@type":"ImageObject","inLanguage":"es","@id":"https:\/\/gambling6.com\/es\/#primaryimage","url":"https:\/\/gambling6.com\/wp-content\/uploads\/2022\/04\/1_win_lottery_online1.jpg","contentUrl":"https:\/\/gambling6.com\/wp-content\/uploads\/2022\/04\/1_win_lottery_online1.jpg"},{"@type":"BreadcrumbList","@id":"https:\/\/gambling6.com\/es\/#breadcrumb","itemListElement":[{"@type":"ListItem","position":1,"name":"Home","item":"https:\/\/gambling6.com\/es\/home\/"},{"@type":"ListItem","position":2,"name":"Home"}]},{"@type":"WebSite","@id":"https:\/\/gambling6.com\/es\/#website","url":"https:\/\/gambling6.com\/es\/","name":"Gambling6","description":"","potentialAction":[{"@type":"SearchAction","target":{"@type":"EntryPoint","urlTemplate":"https:\/\/gambling6.com\/es\/?s={search_term_string}"},"query-input":{"@type":"PropertyValueSpecification","valueRequired":true,"valueName":"search_term_string"}}],"inLanguage":"es"}]}},"_links":{"self":[{"href":"https:\/\/gambling6.com\/es\/wp-json\/wp\/v2\/pages\/8148","targetHints":{"allow":["GET"]}}],"collection":[{"href":"https:\/\/gambling6.com\/es\/wp-json\/wp\/v2\/pages"}],"about":[{"href":"https:\/\/gambling6.com\/es\/wp-json\/wp\/v2\/types\/page"}],"author":[{"embeddable":true,"href":"https:\/\/gambling6.com\/es\/wp-json\/wp\/v2\/users\/1"}],"replies":[{"embeddable":true,"href":"https:\/\/gambling6.com\/es\/wp-json\/wp\/v2\/comments?post=8148"}],"version-history":[{"count":1,"href":"https:\/\/gambling6.com\/es\/wp-json\/wp\/v2\/pages\/8148\/revisions"}],"predecessor-version":[{"id":8149,"href":"https:\/\/gambling6.com\/es\/wp-json\/wp\/v2\/pages\/8148\/revisions\/8149"}],"wp:attachment":[{"href":"https:\/\/gambling6.com\/es\/wp-json\/wp\/v2\/media?parent=8148"}],"curies":[{"name":"wp","href":"https:\/\/api.w.org\/{rel}","templated":true}]}}