{"id":8333,"date":"2025-11-07T10:41:35","date_gmt":"2025-11-07T10:41:35","guid":{"rendered":"https:\/\/gambling6.com\/casino\/"},"modified":"2025-11-12T16:01:23","modified_gmt":"2025-11-12T16:01:23","slug":"casino","status":"publish","type":"page","link":"https:\/\/gambling6.com\/es\/casino\/","title":{"rendered":"Casino"},"content":{"rendered":"<h2>Gu\u00eda para principiantes en casinos online<\/h2>\n<p>Seamos realistas: los casinos online llegaron para quedarse. Su creciente popularidad confirma que a los jugadores les encantan. Apostar online con dinero real ha hecho felices a quienes empiezan, y cada vez quieren m\u00e1s. Casi a diario, grandes cantidades de dinero cambian de manos en estos casinos. Ya sean dep\u00f3sitos o retiros, todo sucede a gran velocidad a trav\u00e9s de internet.<\/p>\n<p>Sin embargo, aqu\u00ed es donde muchos se ponen nerviosos. M\u00e1s que las combinaciones de cartas o tragamonedas, son las opciones de pago y su seguridad lo que preocupa a los jugadores. Y no es para menos. Las transacciones por internet pueden causar muchos problemas si no se tiene cuidado.<\/p>\n<p>Por eso, muchos casinos online se esfuerzan por convencer a sus clientes de que las <strong>opciones de pago que ofrecen en sus sitios son seguras<\/strong>. Sin duda, es importante estar atento a las transacciones online. Lo \u00faltimo que uno desea es que los datos de su tarjeta de cr\u00e9dito caigan en malas manos. Internet est\u00e1 plagado de hackers y estafadores, y lo \u00faltimo que deseas es convertirte en su pr\u00f3xima v\u00edctima. Lo mejor que puedes hacer es informarte sobre los m\u00e9todos de pago online y sus diferentes opciones.<\/p>\n<p>Los casinos online ofrecen diversos canales de pago seguros para jugar online. Pagar con tarjeta de cr\u00e9dito o d\u00e9bito es muy com\u00fan en este \u00e1mbito. Casi todos los casinos aceptan Visa, MasterCard y American Express. Puedes usar cualquiera de estas tarjetas para realizar tus transacciones.<\/p>\n<h2>Casinos online que aceptan clientes de EE. UU.<\/h2>\n<p><img loading=\"lazy\" decoding=\"async\" class=\" wp-image-2901 alignright\" src=\"https:\/\/gambling6.com\/wp-content\/uploads\/2022\/04\/download-image2-300x190.jpg\" alt=\"descarga de casino online\" width=\"249\" height=\"158\" srcset=\"https:\/\/gambling6.com\/wp-content\/uploads\/2022\/04\/download-image2-300x190.jpg 300w, https:\/\/gambling6.com\/wp-content\/uploads\/2022\/04\/download-image2.jpg 435w\" sizes=\"auto, (max-width: 249px) 100vw, 249px\" \/>Si resides en Estados Unidos, tus opciones de casinos online son algo limitadas debido a la legislaci\u00f3n estadounidense. Lo mismo ocurre con las opciones de pago disponibles. Por ello, como residente en EE. UU., deber\u00edas buscar un casino con m\u00e9todos de dep\u00f3sito y retiro convenientes para empezar a jugar online.<\/p>\n<p>En particular, BetOnline Casino destaca por su facilidad de procesamiento de pagos, por lo que lo recomendamos encarecidamente a los visitantes de EE. UU. <a class=\"thirstylink\" title=\"Betonline casino en\" href=\"https:\/\/gambling6.com\/go\/betonline-casino-en\/\" target=\"_blank\" rel=\"nofollow noopener\"><strong>Haz clic aqu\u00ed para visitarlos ahora.<\/strong><\/a><\/p>\n<p>Aunque parezca una sugerencia obvia, antes de introducir los datos de tu tarjeta de cr\u00e9dito, aseg\u00farate de tener claro el prop\u00f3sito de la transacci\u00f3n y de confiar en el sitio web. Tambi\u00e9n puedes optar por otros m\u00e9todos de pago en l\u00ednea, adem\u00e1s de introducir la informaci\u00f3n de tu tarjeta. Existen numerosos portales en l\u00ednea dedicados a este fin. Si bien es cierto que los casinos suelen tener su plataforma de pago en l\u00ednea preferida, algunas son m\u00e1s populares que otras.<\/p>\n<p>Entre estas plataformas se incluyen Neteller, Money Transfer, eWalletXpress, PayPal, Instadebit y Moneybookers. Moneybookers es un m\u00e9todo muy popular en pa\u00edses europeos, incluido el Reino Unido. Esta facilidad ha convertido a los ciudadanos europeos en grandes aficionados a los casinos en l\u00ednea.<\/p>\n<h2>Casinos que procesan pagos a trav\u00e9s de PayPal<\/h2>\n<p>Si ya conoce PayPal, no tendr\u00e1 ning\u00fan problema para usarlo en sus sesiones de juego en l\u00ednea. Solo tendr\u00e1 que registrar su nombre y vincular su tarjeta de cr\u00e9dito a la cuenta. Este m\u00e9todo de pago es aceptado por la mayor\u00eda de los casinos y sitios de apuestas en l\u00ednea. Si desea mantener el anonimato al jugar en l\u00ednea, eWalletXpress es la mejor opci\u00f3n. Adem\u00e1s de seguridad, este sitio permite a los depositantes mantener su identidad en privado. Es un m\u00e9todo de transacci\u00f3n r\u00e1pido aceptado por la mayor\u00eda de los casinos en l\u00ednea.<\/p>\n<p>Gracias a la popularidad de las transacciones en l\u00ednea, incluyendo las apuestas en l\u00ednea, PayPal ha ganado mucha popularidad. Sin embargo, parece que solo un n\u00famero reducido de casinos conf\u00eda en este sitio por su m\u00e9todo de pago seguro.<\/p>\n<p>888 Casino ofrece la opci\u00f3n de PayPal a todos sus jugadores residentes en el Reino Unido e Irlanda. No obstante, si reside en Australia y desea jugar en este sitio, puede realizar sus transacciones a trav\u00e9s de MasterCard. Adem\u00e1s de los dos pa\u00edses mencionados anteriormente, los dem\u00e1s pa\u00edses europeos cubiertos por este sistema de transacciones en l\u00ednea son Espa\u00f1a, Portugal, Italia, Austria, Finlandia, Suecia y Dinamarca.<\/p>\n<p>Actualmente, 888 Casino tiene una gran oferta para nuevos jugadores: \u00a1un bono del 100% hasta 1500 \u20ac en tu primer dep\u00f3sito! Esta promoci\u00f3n es v\u00e1lida \u00fanicamente para residentes de ciertos pa\u00edses.<a class=\"thirstylink\" title=\"888 casino en\" href=\"https:\/\/gambling6.com\/go\/888-casino-en\/\" target=\"_blank\" rel=\"nofollow noopener\"> Consulta los sitios web de 888 para obtener m\u00e1s informaci\u00f3n.<\/a><\/p>\n<p>En resumen, la mayor\u00eda ofrece opciones de pago para todos los jugadores, independientemente de su lugar de residencia.Los ciudadanos estadounidenses y australianos pueden usar Visa, MasterCard, Neteller y Moneybookers, mientras que los residentes en Europa pueden usar PayPal.<\/p>\n<p>888 Casino ofrece una variedad de juegos, incluyendo juegos en 3D. Puedes realizar tus apuestas con PayPal, MasterCard o cualquier otro m\u00e9todo de pago aceptado. Todos estos m\u00e9todos de pago son seguros. Sin embargo, al igual que muchos otros casinos en l\u00ednea, 888casinos.com tambi\u00e9n tiene un dep\u00f3sito m\u00ednimo que debes respetar. El monto suele depender del m\u00e9todo de pago que elijas. Si usas MasterCard o Visa, deber\u00e1s depositar $20, \u20ac20 o \u00a320, seg\u00fan tu regi\u00f3n. Los jugadores con tarjetas de d\u00e9bito Maestro deber\u00e1n depositar al menos $10 o \u20ac10. Si usas plataformas como PayPal, MoneyBookers o Neteller, el monto m\u00ednimo ser\u00e1 de $20.<\/p>\n<p>Generalmente, el monto puede variar seg\u00fan la moneda, dependiendo del tipo de cambio y otros cargos aplicables. Por eso, mientras un jugador deposita 10 \u00a3 mediante Neteller, otro puede acabar pagando 20 $, el doble. As\u00ed que, al realizar transacciones, es mejor saber qu\u00e9 divisa se debe usar en cada casino.<\/p>\n<p>En resumen, al apostar dinero real en un casino online, es mejor usar un m\u00e9todo de pago seguro. As\u00ed evitar\u00e1s arrepentimientos. Al fin y al cabo, est\u00e1s ah\u00ed para divertirte, no para ser v\u00edctima de una estafa. \u00a1Juega con precauci\u00f3n y que la suerte te acompa\u00f1e!<\/p>\n","protected":false},"excerpt":{"rendered":"<p>Gu\u00eda para principiantes en casinos online Seamos realistas: los casinos online llegaron para quedarse. Su creciente popularidad confirma que a los jugadores les encantan. Apostar online con dinero real ha hecho felices a quienes empiezan, y cada vez quieren m\u00e1s. Casi a diario, grandes cantidades de dinero cambian de manos en estos casinos. Ya sean [&hellip;]<\/p>\n","protected":false},"author":1,"featured_media":0,"parent":0,"menu_order":2,"comment_status":"closed","ping_status":"closed","template":"","meta":{"footnotes":""},"class_list":["post-8333","page","type-page","status-publish","hentry"],"yoast_head":"<!-- This site is optimized with the Yoast SEO plugin v27.3 - https:\/\/yoast.com\/product\/yoast-seo-wordpress\/ -->\n<title>C\u00f3mo empezar a jugar online | Gu\u00eda de casinos online<\/title>\n<meta name=\"description\" content=\"Seamos realistas: los casinos online han llegado para quedarse. Empieza ya: nuestra gu\u00eda de casinos online te ayudar\u00e1 a elegir los mejores sitios para ti.\" \/>\n<meta name=\"robots\" content=\"index, follow, max-snippet:-1, max-image-preview:large, max-video-preview:-1\" \/>\n<link rel=\"canonical\" href=\"https:\/\/gambling6.com\/es\/casino\/\" \/>\n<meta property=\"og:locale\" content=\"es_ES\" \/>\n<meta property=\"og:type\" content=\"article\" \/>\n<meta property=\"og:title\" content=\"C\u00f3mo empezar a jugar online | Gu\u00eda de casinos online\" \/>\n<meta property=\"og:description\" content=\"Seamos realistas: los casinos online han llegado para quedarse. Empieza ya: nuestra gu\u00eda de casinos online te ayudar\u00e1 a elegir los mejores sitios para ti.\" \/>\n<meta property=\"og:url\" content=\"https:\/\/gambling6.com\/es\/casino\/\" \/>\n<meta property=\"og:site_name\" content=\"Gambling6\" \/>\n<meta property=\"article:modified_time\" content=\"2025-11-12T16:01:23+00:00\" \/>\n<meta property=\"og:image\" content=\"https:\/\/gambling6.com\/wp-content\/uploads\/2022\/04\/download-image2.jpg\" \/>\n\t<meta property=\"og:image:width\" content=\"435\" \/>\n\t<meta property=\"og:image:height\" content=\"276\" \/>\n\t<meta property=\"og:image:type\" content=\"image\/jpeg\" \/>\n<meta name=\"twitter:card\" content=\"summary_large_image\" \/>\n<meta name=\"twitter:label1\" content=\"Tiempo de lectura\" \/>\n\t<meta name=\"twitter:data1\" content=\"5 minutos\" \/>\n<script type=\"application\/ld+json\" class=\"yoast-schema-graph\">{\"@context\":\"https:\\\/\\\/schema.org\",\"@graph\":[{\"@type\":\"WebPage\",\"@id\":\"https:\\\/\\\/gambling6.com\\\/es\\\/casino\\\/\",\"url\":\"https:\\\/\\\/gambling6.com\\\/es\\\/casino\\\/\",\"name\":\"C\u00f3mo empezar a jugar online | Gu\u00eda de casinos online\",\"isPartOf\":{\"@id\":\"https:\\\/\\\/gambling6.com\\\/es\\\/#website\"},\"primaryImageOfPage\":{\"@id\":\"https:\\\/\\\/gambling6.com\\\/es\\\/casino\\\/#primaryimage\"},\"image\":{\"@id\":\"https:\\\/\\\/gambling6.com\\\/es\\\/casino\\\/#primaryimage\"},\"thumbnailUrl\":\"https:\\\/\\\/gambling6.com\\\/wp-content\\\/uploads\\\/2022\\\/04\\\/download-image2-300x190.jpg\",\"datePublished\":\"2025-11-07T10:41:35+00:00\",\"dateModified\":\"2025-11-12T16:01:23+00:00\",\"description\":\"Seamos realistas: los casinos online han llegado para quedarse. Empieza ya: nuestra gu\u00eda de casinos online te ayudar\u00e1 a elegir los mejores sitios para ti.\",\"breadcrumb\":{\"@id\":\"https:\\\/\\\/gambling6.com\\\/es\\\/casino\\\/#breadcrumb\"},\"inLanguage\":\"es\",\"potentialAction\":[{\"@type\":\"ReadAction\",\"target\":[\"https:\\\/\\\/gambling6.com\\\/es\\\/casino\\\/\"]}]},{\"@type\":\"ImageObject\",\"inLanguage\":\"es\",\"@id\":\"https:\\\/\\\/gambling6.com\\\/es\\\/casino\\\/#primaryimage\",\"url\":\"https:\\\/\\\/gambling6.com\\\/wp-content\\\/uploads\\\/2022\\\/04\\\/download-image2-300x190.jpg\",\"contentUrl\":\"https:\\\/\\\/gambling6.com\\\/wp-content\\\/uploads\\\/2022\\\/04\\\/download-image2-300x190.jpg\"},{\"@type\":\"BreadcrumbList\",\"@id\":\"https:\\\/\\\/gambling6.com\\\/es\\\/casino\\\/#breadcrumb\",\"itemListElement\":[{\"@type\":\"ListItem\",\"position\":1,\"name\":\"Home\",\"item\":\"https:\\\/\\\/gambling6.com\\\/es\\\/home\\\/\"},{\"@type\":\"ListItem\",\"position\":2,\"name\":\"Casino\"}]},{\"@type\":\"WebSite\",\"@id\":\"https:\\\/\\\/gambling6.com\\\/es\\\/#website\",\"url\":\"https:\\\/\\\/gambling6.com\\\/es\\\/\",\"name\":\"Gambling6\",\"description\":\"\",\"potentialAction\":[{\"@type\":\"SearchAction\",\"target\":{\"@type\":\"EntryPoint\",\"urlTemplate\":\"https:\\\/\\\/gambling6.com\\\/es\\\/?s={search_term_string}\"},\"query-input\":{\"@type\":\"PropertyValueSpecification\",\"valueRequired\":true,\"valueName\":\"search_term_string\"}}],\"inLanguage\":\"es\"}]}<\/script>\n<!-- \/ Yoast SEO plugin. -->","yoast_head_json":{"title":"C\u00f3mo empezar a jugar online | Gu\u00eda de casinos online","description":"Seamos realistas: los casinos online han llegado para quedarse. Empieza ya: nuestra gu\u00eda de casinos online te ayudar\u00e1 a elegir los mejores sitios para ti.","robots":{"index":"index","follow":"follow","max-snippet":"max-snippet:-1","max-image-preview":"max-image-preview:large","max-video-preview":"max-video-preview:-1"},"canonical":"https:\/\/gambling6.com\/es\/casino\/","og_locale":"es_ES","og_type":"article","og_title":"C\u00f3mo empezar a jugar online | Gu\u00eda de casinos online","og_description":"Seamos realistas: los casinos online han llegado para quedarse. Empieza ya: nuestra gu\u00eda de casinos online te ayudar\u00e1 a elegir los mejores sitios para ti.","og_url":"https:\/\/gambling6.com\/es\/casino\/","og_site_name":"Gambling6","article_modified_time":"2025-11-12T16:01:23+00:00","og_image":[{"width":435,"height":276,"url":"https:\/\/gambling6.com\/wp-content\/uploads\/2022\/04\/download-image2.jpg","type":"image\/jpeg"}],"twitter_card":"summary_large_image","twitter_misc":{"Tiempo de lectura":"5 minutos"},"schema":{"@context":"https:\/\/schema.org","@graph":[{"@type":"WebPage","@id":"https:\/\/gambling6.com\/es\/casino\/","url":"https:\/\/gambling6.com\/es\/casino\/","name":"C\u00f3mo empezar a jugar online | Gu\u00eda de casinos online","isPartOf":{"@id":"https:\/\/gambling6.com\/es\/#website"},"primaryImageOfPage":{"@id":"https:\/\/gambling6.com\/es\/casino\/#primaryimage"},"image":{"@id":"https:\/\/gambling6.com\/es\/casino\/#primaryimage"},"thumbnailUrl":"https:\/\/gambling6.com\/wp-content\/uploads\/2022\/04\/download-image2-300x190.jpg","datePublished":"2025-11-07T10:41:35+00:00","dateModified":"2025-11-12T16:01:23+00:00","description":"Seamos realistas: los casinos online han llegado para quedarse. Empieza ya: nuestra gu\u00eda de casinos online te ayudar\u00e1 a elegir los mejores sitios para ti.","breadcrumb":{"@id":"https:\/\/gambling6.com\/es\/casino\/#breadcrumb"},"inLanguage":"es","potentialAction":[{"@type":"ReadAction","target":["https:\/\/gambling6.com\/es\/casino\/"]}]},{"@type":"ImageObject","inLanguage":"es","@id":"https:\/\/gambling6.com\/es\/casino\/#primaryimage","url":"https:\/\/gambling6.com\/wp-content\/uploads\/2022\/04\/download-image2-300x190.jpg","contentUrl":"https:\/\/gambling6.com\/wp-content\/uploads\/2022\/04\/download-image2-300x190.jpg"},{"@type":"BreadcrumbList","@id":"https:\/\/gambling6.com\/es\/casino\/#breadcrumb","itemListElement":[{"@type":"ListItem","position":1,"name":"Home","item":"https:\/\/gambling6.com\/es\/home\/"},{"@type":"ListItem","position":2,"name":"Casino"}]},{"@type":"WebSite","@id":"https:\/\/gambling6.com\/es\/#website","url":"https:\/\/gambling6.com\/es\/","name":"Gambling6","description":"","potentialAction":[{"@type":"SearchAction","target":{"@type":"EntryPoint","urlTemplate":"https:\/\/gambling6.com\/es\/?s={search_term_string}"},"query-input":{"@type":"PropertyValueSpecification","valueRequired":true,"valueName":"search_term_string"}}],"inLanguage":"es"}]}},"_links":{"self":[{"href":"https:\/\/gambling6.com\/es\/wp-json\/wp\/v2\/pages\/8333","targetHints":{"allow":["GET"]}}],"collection":[{"href":"https:\/\/gambling6.com\/es\/wp-json\/wp\/v2\/pages"}],"about":[{"href":"https:\/\/gambling6.com\/es\/wp-json\/wp\/v2\/types\/page"}],"author":[{"embeddable":true,"href":"https:\/\/gambling6.com\/es\/wp-json\/wp\/v2\/users\/1"}],"replies":[{"embeddable":true,"href":"https:\/\/gambling6.com\/es\/wp-json\/wp\/v2\/comments?post=8333"}],"version-history":[{"count":1,"href":"https:\/\/gambling6.com\/es\/wp-json\/wp\/v2\/pages\/8333\/revisions"}],"predecessor-version":[{"id":10402,"href":"https:\/\/gambling6.com\/es\/wp-json\/wp\/v2\/pages\/8333\/revisions\/10402"}],"wp:attachment":[{"href":"https:\/\/gambling6.com\/es\/wp-json\/wp\/v2\/media?parent=8333"}],"curies":[{"name":"wp","href":"https:\/\/api.w.org\/{rel}","templated":true}]}}