{"id":8362,"date":"2025-11-07T12:46:00","date_gmt":"2025-11-07T12:46:00","guid":{"rendered":"https:\/\/gambling6.com\/casino\/resenas-de-casinos\/"},"modified":"2025-11-12T06:51:05","modified_gmt":"2025-11-12T06:51:05","slug":"resenas-de-casinos","status":"publish","type":"page","link":"https:\/\/gambling6.com\/es\/casino\/resenas-de-casinos\/","title":{"rendered":"Rese\u00f1as de casinos"},"content":{"rendered":"<h2>Te ayudamos a elegir el mejor sitio de apuestas con nuestras rese\u00f1as<\/h2>\n<p>Los sitios web de casinos te ofrecen la oportunidad de apostar en juegos de casino o deportes, o jugar en una sala de p\u00f3ker en l\u00ednea. Apostar en l\u00ednea te brinda la comodidad de jugar desde casa. Puedes disfrutar de la emoci\u00f3n de apostar en tus deportes favoritos sin salir de tu hogar. La popularidad de las apuestas en l\u00ednea ha dado lugar a numerosos sitios de apuestas y casinos en l\u00ednea. Como en cualquier otra industria, tambi\u00e9n existen operadores sin escr\u00fapulos en las apuestas en l\u00ednea. Por lo tanto, elegir el mejor sitio web de casino es fundamental. <strong>Consultar nuestras rese\u00f1as de sitios web de casinos puede ayudarte a determinar si es confiable.<\/strong><\/p>\n<p><a href=\"https:\/\/ic.aff-handler.com\/C\/47965?sr=1064399&amp;anid=\" rel=\"nofollow\"><img loading=\"lazy\" decoding=\"async\" class=\"alignright\" src=\"https:\/\/ic.aff-handler.com\/I\/47965?sr=1064399&amp;anid=\" width=\"420\" height=\"84\" \/><\/a><\/p>\n<ul>\n<li><strong>Reputaci\u00f3n<\/strong><\/li>\n<\/ul>\n<p>La reputaci\u00f3n de los sitios web de casinos es lo primero y m\u00e1s importante que debes considerar antes de tomar una decisi\u00f3n. Como no puedes inspeccionar el casino f\u00edsicamente, necesitas confiar en su reputaci\u00f3n para decidir si jugar all\u00ed o no. Los mejores sitios web de casinos son aquellos que tienen a\u00f1os de experiencia en la industria y se han ganado una buena reputaci\u00f3n por brindar un excelente servicio al cliente.<\/p>\n<ul>\n<li><strong>Licencia<\/strong><\/li>\n<\/ul>\n<p>Los sitios web de casino confiables obtienen las licencias correspondientes para operar. Las comisiones de juego reconocidas o las autoridades de juego registradas en jurisdicciones espec\u00edficas otorgan licencias a los sitios de apuestas, tras asegurarse de que el sitio web del casino cumple con ciertos est\u00e1ndares en cuanto a seguridad, juego limpio, pagos y atenci\u00f3n al cliente. Los sitios de apuestas confiables muestran su licencia de forma destacada, pero una <strong>buena rese\u00f1a de casino<\/strong> tambi\u00e9n deber\u00eda indicar d\u00f3nde est\u00e1 licenciado el casino. Adem\u00e1s, sus sistemas y procesos son auditados por los organismos pertinentes y obtiene certificaciones. Puedes consultar estas certificaciones en sus sitios web. Elegir un sitio de apuestas con licencia te ayuda a disfrutar de una experiencia de juego segura.<\/p>\n<ul>\n<li><strong>Opciones de juego<\/strong><\/li>\n<\/ul>\n<p>El sitio de casino que elijas debe ofrecer una variedad de juegos, incluyendo dados, ruleta, blackjack, tragamonedas, video p\u00f3ker y juegos de mesa. El software de juego que utiliza el sitio de casino te ayuda a evaluar la calidad de la experiencia de juego. Si eliges un casino online con una amplia variedad de juegos, tu experiencia de juego ser\u00e1 mucho m\u00e1s placentera.<\/p>\n<ul>\n<li><strong>Software de juego<\/strong><\/li>\n<\/ul>\n<p>Los mejores casinos online utilizan el software de juego m\u00e1s robusto, que te ofrece un entorno que te har\u00e1 sentir como si estuvieras en un casino real. Ofrece gr\u00e1ficos y sonido de la m\u00e1s alta calidad. Es f\u00e1cil de usar, por lo que puedes descargarlo, instalarlo y usarlo sin problemas.<\/p>\n<ul>\n<li><strong>Opciones de dep\u00f3sito y retiro<\/strong><\/li>\n<\/ul>\n<p>Es fundamental leer las rese\u00f1as sobre las opciones de dep\u00f3sito y retiro que ofrece el casino online. Estas opciones deben ajustarse a tus necesidades. Hoy en d\u00eda, muchos jugadores buscan mayor seguridad al jugar en casinos online, por lo que prefieren tener m\u00e1s de una opci\u00f3n de dep\u00f3sito. Los mejores casinos online ofrecen diversas opciones, como tarjetas de cr\u00e9dito, transferencias bancarias, monederos electr\u00f3nicos como Neteller y PayPal, tarjetas como Ukash y Paysafecard, e incluso pagos con criptomonedas. Nuestras p\u00e1ginas de rese\u00f1as de casinos te informan sobre si puedes esperar dep\u00f3sitos y retiros r\u00e1pidos y sin complicaciones. El casino debe esforzarse por proteger tu informaci\u00f3n financiera y personal realizando las transacciones a trav\u00e9s de servidores seguros.<\/p>\n<ul>\n<li><strong>Atenci\u00f3n al cliente<\/strong><\/li>\n<\/ul>\n<p><span style=\"background-color: transparent;\">La atenci\u00f3n al cliente es uno de los aspectos m\u00e1s importantes a considerar antes de elegir un sitio web de casino.<\/span><strong style=\"background-color: transparent;\">Los mejores sitios ofrecen una atenci\u00f3n al cliente amable por tel\u00e9fono, correo electr\u00f3nico y chat en vivo las 24 horas, todos los d\u00edas.<\/strong><\/p>\n<p>Si tienes dudas, elige un casino l\u00edder en el mercado como 888 Casino: te ofrecen todo lo que necesitas para jugar. <a class=\"thirstylink\" title=\"888 casino en\" href=\"https:\/\/gambling6.com\/go\/888-casino-en\/\" target=\"_blank\" rel=\"nofollow noopener\">Haz clic aqu\u00ed para visitar 888 hoy mismo.<\/a><\/p>\n","protected":false},"excerpt":{"rendered":"<p>Te ayudamos a elegir el mejor sitio de apuestas con nuestras rese\u00f1as Los sitios web de casinos te ofrecen la oportunidad de apostar en juegos de casino o deportes, o jugar en una sala de p\u00f3ker en l\u00ednea. Apostar en l\u00ednea te brinda la comodidad de jugar desde casa. Puedes disfrutar de la emoci\u00f3n de [&hellip;]<\/p>\n","protected":false},"author":1,"featured_media":0,"parent":8333,"menu_order":0,"comment_status":"closed","ping_status":"closed","template":"","meta":{"footnotes":""},"class_list":["post-8362","page","type-page","status-publish","hentry"],"yoast_head":"<!-- This site is optimized with the Yoast SEO plugin v27.5 - https:\/\/yoast.com\/product\/yoast-seo-wordpress\/ -->\n<title>Rese\u00f1as y pruebas de sitios web de casinos en l\u00ednea recomendados<\/title>\n<meta name=\"description\" content=\"Nuestros an\u00e1lisis de sitios web de casinos te dan una idea de qu\u00e9 buscar al buscar los mejores sitios de casino en l\u00ednea.\" \/>\n<meta name=\"robots\" content=\"index, follow, max-snippet:-1, max-image-preview:large, max-video-preview:-1\" \/>\n<link rel=\"canonical\" href=\"https:\/\/gambling6.com\/es\/casino\/resenas-de-casinos\/\" \/>\n<meta property=\"og:locale\" content=\"es_ES\" \/>\n<meta property=\"og:type\" content=\"article\" \/>\n<meta property=\"og:title\" content=\"Rese\u00f1as y pruebas de sitios web de casinos en l\u00ednea recomendados\" \/>\n<meta property=\"og:description\" content=\"Nuestros an\u00e1lisis de sitios web de casinos te dan una idea de qu\u00e9 buscar al buscar los mejores sitios de casino en l\u00ednea.\" \/>\n<meta property=\"og:url\" content=\"https:\/\/gambling6.com\/es\/casino\/resenas-de-casinos\/\" \/>\n<meta property=\"og:site_name\" content=\"Gambling6\" \/>\n<meta property=\"article:modified_time\" content=\"2025-11-12T06:51:05+00:00\" \/>\n<meta property=\"og:image\" content=\"https:\/\/ic.aff-handler.com\/I\/47965?sr=1064399&amp;anid=\" \/>\n<meta name=\"twitter:card\" content=\"summary_large_image\" \/>\n<meta name=\"twitter:label1\" content=\"Tiempo de lectura\" \/>\n\t<meta name=\"twitter:data1\" content=\"3 minutos\" \/>\n<script type=\"application\/ld+json\" class=\"yoast-schema-graph\">{\"@context\":\"https:\\\/\\\/schema.org\",\"@graph\":[{\"@type\":\"WebPage\",\"@id\":\"https:\\\/\\\/gambling6.com\\\/es\\\/casino\\\/resenas-de-casinos\\\/\",\"url\":\"https:\\\/\\\/gambling6.com\\\/es\\\/casino\\\/resenas-de-casinos\\\/\",\"name\":\"Rese\u00f1as y pruebas de sitios web de casinos en l\u00ednea recomendados\",\"isPartOf\":{\"@id\":\"https:\\\/\\\/gambling6.com\\\/es\\\/#website\"},\"primaryImageOfPage\":{\"@id\":\"https:\\\/\\\/gambling6.com\\\/es\\\/casino\\\/resenas-de-casinos\\\/#primaryimage\"},\"image\":{\"@id\":\"https:\\\/\\\/gambling6.com\\\/es\\\/casino\\\/resenas-de-casinos\\\/#primaryimage\"},\"thumbnailUrl\":\"https:\\\/\\\/ic.aff-handler.com\\\/I\\\/47965?sr=1064399&amp;anid=\",\"datePublished\":\"2025-11-07T12:46:00+00:00\",\"dateModified\":\"2025-11-12T06:51:05+00:00\",\"description\":\"Nuestros an\u00e1lisis de sitios web de casinos te dan una idea de qu\u00e9 buscar al buscar los mejores sitios de casino en l\u00ednea.\",\"breadcrumb\":{\"@id\":\"https:\\\/\\\/gambling6.com\\\/es\\\/casino\\\/resenas-de-casinos\\\/#breadcrumb\"},\"inLanguage\":\"es\",\"potentialAction\":[{\"@type\":\"ReadAction\",\"target\":[\"https:\\\/\\\/gambling6.com\\\/es\\\/casino\\\/resenas-de-casinos\\\/\"]}]},{\"@type\":\"ImageObject\",\"inLanguage\":\"es\",\"@id\":\"https:\\\/\\\/gambling6.com\\\/es\\\/casino\\\/resenas-de-casinos\\\/#primaryimage\",\"url\":\"https:\\\/\\\/ic.aff-handler.com\\\/I\\\/47965?sr=1064399&amp;anid=\",\"contentUrl\":\"https:\\\/\\\/ic.aff-handler.com\\\/I\\\/47965?sr=1064399&amp;anid=\"},{\"@type\":\"BreadcrumbList\",\"@id\":\"https:\\\/\\\/gambling6.com\\\/es\\\/casino\\\/resenas-de-casinos\\\/#breadcrumb\",\"itemListElement\":[{\"@type\":\"ListItem\",\"position\":1,\"name\":\"Home\",\"item\":\"https:\\\/\\\/gambling6.com\\\/es\\\/home\\\/\"},{\"@type\":\"ListItem\",\"position\":2,\"name\":\"Casino\",\"item\":\"https:\\\/\\\/gambling6.com\\\/es\\\/get-started-with-online-gambling\\\/\"},{\"@type\":\"ListItem\",\"position\":3,\"name\":\"Rese\u00f1as de casinos\"}]},{\"@type\":\"WebSite\",\"@id\":\"https:\\\/\\\/gambling6.com\\\/es\\\/#website\",\"url\":\"https:\\\/\\\/gambling6.com\\\/es\\\/\",\"name\":\"Gambling6\",\"description\":\"\",\"potentialAction\":[{\"@type\":\"SearchAction\",\"target\":{\"@type\":\"EntryPoint\",\"urlTemplate\":\"https:\\\/\\\/gambling6.com\\\/es\\\/?s={search_term_string}\"},\"query-input\":{\"@type\":\"PropertyValueSpecification\",\"valueRequired\":true,\"valueName\":\"search_term_string\"}}],\"inLanguage\":\"es\"}]}<\/script>\n<!-- \/ Yoast SEO plugin. -->","yoast_head_json":{"title":"Rese\u00f1as y pruebas de sitios web de casinos en l\u00ednea recomendados","description":"Nuestros an\u00e1lisis de sitios web de casinos te dan una idea de qu\u00e9 buscar al buscar los mejores sitios de casino en l\u00ednea.","robots":{"index":"index","follow":"follow","max-snippet":"max-snippet:-1","max-image-preview":"max-image-preview:large","max-video-preview":"max-video-preview:-1"},"canonical":"https:\/\/gambling6.com\/es\/casino\/resenas-de-casinos\/","og_locale":"es_ES","og_type":"article","og_title":"Rese\u00f1as y pruebas de sitios web de casinos en l\u00ednea recomendados","og_description":"Nuestros an\u00e1lisis de sitios web de casinos te dan una idea de qu\u00e9 buscar al buscar los mejores sitios de casino en l\u00ednea.","og_url":"https:\/\/gambling6.com\/es\/casino\/resenas-de-casinos\/","og_site_name":"Gambling6","article_modified_time":"2025-11-12T06:51:05+00:00","og_image":[{"url":"https:\/\/ic.aff-handler.com\/I\/47965?sr=1064399&amp;anid=","type":"","width":"","height":""}],"twitter_card":"summary_large_image","twitter_misc":{"Tiempo de lectura":"3 minutos"},"schema":{"@context":"https:\/\/schema.org","@graph":[{"@type":"WebPage","@id":"https:\/\/gambling6.com\/es\/casino\/resenas-de-casinos\/","url":"https:\/\/gambling6.com\/es\/casino\/resenas-de-casinos\/","name":"Rese\u00f1as y pruebas de sitios web de casinos en l\u00ednea recomendados","isPartOf":{"@id":"https:\/\/gambling6.com\/es\/#website"},"primaryImageOfPage":{"@id":"https:\/\/gambling6.com\/es\/casino\/resenas-de-casinos\/#primaryimage"},"image":{"@id":"https:\/\/gambling6.com\/es\/casino\/resenas-de-casinos\/#primaryimage"},"thumbnailUrl":"https:\/\/ic.aff-handler.com\/I\/47965?sr=1064399&amp;anid=","datePublished":"2025-11-07T12:46:00+00:00","dateModified":"2025-11-12T06:51:05+00:00","description":"Nuestros an\u00e1lisis de sitios web de casinos te dan una idea de qu\u00e9 buscar al buscar los mejores sitios de casino en l\u00ednea.","breadcrumb":{"@id":"https:\/\/gambling6.com\/es\/casino\/resenas-de-casinos\/#breadcrumb"},"inLanguage":"es","potentialAction":[{"@type":"ReadAction","target":["https:\/\/gambling6.com\/es\/casino\/resenas-de-casinos\/"]}]},{"@type":"ImageObject","inLanguage":"es","@id":"https:\/\/gambling6.com\/es\/casino\/resenas-de-casinos\/#primaryimage","url":"https:\/\/ic.aff-handler.com\/I\/47965?sr=1064399&amp;anid=","contentUrl":"https:\/\/ic.aff-handler.com\/I\/47965?sr=1064399&amp;anid="},{"@type":"BreadcrumbList","@id":"https:\/\/gambling6.com\/es\/casino\/resenas-de-casinos\/#breadcrumb","itemListElement":[{"@type":"ListItem","position":1,"name":"Home","item":"https:\/\/gambling6.com\/es\/home\/"},{"@type":"ListItem","position":2,"name":"Casino","item":"https:\/\/gambling6.com\/es\/get-started-with-online-gambling\/"},{"@type":"ListItem","position":3,"name":"Rese\u00f1as de casinos"}]},{"@type":"WebSite","@id":"https:\/\/gambling6.com\/es\/#website","url":"https:\/\/gambling6.com\/es\/","name":"Gambling6","description":"","potentialAction":[{"@type":"SearchAction","target":{"@type":"EntryPoint","urlTemplate":"https:\/\/gambling6.com\/es\/?s={search_term_string}"},"query-input":{"@type":"PropertyValueSpecification","valueRequired":true,"valueName":"search_term_string"}}],"inLanguage":"es"}]}},"_links":{"self":[{"href":"https:\/\/gambling6.com\/es\/wp-json\/wp\/v2\/pages\/8362","targetHints":{"allow":["GET"]}}],"collection":[{"href":"https:\/\/gambling6.com\/es\/wp-json\/wp\/v2\/pages"}],"about":[{"href":"https:\/\/gambling6.com\/es\/wp-json\/wp\/v2\/types\/page"}],"author":[{"embeddable":true,"href":"https:\/\/gambling6.com\/es\/wp-json\/wp\/v2\/users\/1"}],"replies":[{"embeddable":true,"href":"https:\/\/gambling6.com\/es\/wp-json\/wp\/v2\/comments?post=8362"}],"version-history":[{"count":1,"href":"https:\/\/gambling6.com\/es\/wp-json\/wp\/v2\/pages\/8362\/revisions"}],"predecessor-version":[{"id":10383,"href":"https:\/\/gambling6.com\/es\/wp-json\/wp\/v2\/pages\/8362\/revisions\/10383"}],"up":[{"embeddable":true,"href":"https:\/\/gambling6.com\/es\/wp-json\/wp\/v2\/pages\/8333"}],"wp:attachment":[{"href":"https:\/\/gambling6.com\/es\/wp-json\/wp\/v2\/media?parent=8362"}],"curies":[{"name":"wp","href":"https:\/\/api.w.org\/{rel}","templated":true}]}}