{"id":8386,"date":"2025-11-07T14:06:44","date_gmt":"2025-11-07T14:06:44","guid":{"rendered":"https:\/\/gambling6.com\/casino\/casinos-online-frente-a-casinos-fisicos\/"},"modified":"2025-11-07T14:06:44","modified_gmt":"2025-11-07T14:06:44","slug":"casinos-online-frente-a-casinos-fisicos","status":"publish","type":"page","link":"https:\/\/gambling6.com\/es\/casino\/casinos-online-frente-a-casinos-fisicos\/","title":{"rendered":"Casinos online frente a casinos f\u00edsicos"},"content":{"rendered":"<h2>Casinos en vivo o en l\u00ednea<\/h2>\n<h3>Cada tipo tiene algo que gusta a los jugadores<\/h3>\n<p><img loading=\"lazy\" decoding=\"async\" class=\" wp-image-332 alignright\" src=\"https:\/\/gambling6.com\/wp-content\/uploads\/2013\/12\/phil_ivey-247x300.jpg\" alt=\"casino en vivo\" width=\"175\" height=\"213\" srcset=\"https:\/\/gambling6.com\/wp-content\/uploads\/2013\/12\/phil_ivey-247x300.jpg 247w, https:\/\/gambling6.com\/wp-content\/uploads\/2013\/12\/phil_ivey.jpg 250w\" sizes=\"auto, (max-width: 175px) 100vw, 175px\" \/>Los jugadores de casino deber\u00edan disfrutar de sus juegos favoritos de la manera que les resulte m\u00e1s c\u00f3moda y que se ajuste a su personalidad. Algunos jugadores siempre preferir\u00e1n jugar en casinos f\u00edsicos porque les gusta el ambiente. Disfrutan interactuando con otros jugadores, la multitud y el bullicio.<\/p>\n<p>Sin embargo, otros jugadores de casino prefieren la idea de jugar en un entorno tranquilo y relajante donde tengan el control total. Estos jugadores suelen decantarse por los casinos en l\u00ednea. Independientemente de c\u00f3mo un jugador quiera disfrutar de sus juegos, hay opciones disponibles, ya sean casinos f\u00edsicos o en l\u00ednea.<\/p>\n<h3>Estas son las principales diferencias entre los casinos online y los f\u00edsicos:<\/h3>\n<ul>\n<li>Obviamente, los casinos online y los f\u00edsicos se desarrollan en entornos completamente diferentes. Un casino f\u00edsico es aquel donde los jugadores pueden sentirse parte de \u00e9l f\u00edsicamente. Los casinos online se juegan a trav\u00e9s de Internet, lo que significa que los jugadores pueden disfrutar de sus juegos favoritos desde donde quieran. Este lugar puede ser su casa, su oficina o cualquier otro sitio con conexi\u00f3n a Internet.<\/li>\n<li>Los casinos f\u00edsicos cuentan con programas de fidelizaci\u00f3n que permiten a los jugadores obtener recompensas. Estas recompensas var\u00edan seg\u00fan el casino. Los sitios de apuestas online tambi\u00e9n ofrecen su propia versi\u00f3n de estos programas, conocidos como programas VIP. Sin embargo, muchos jugadores de casino consideran que los casinos en l\u00ednea tienden a ser m\u00e1s generosos porque no tienen los mismos gastos generales que los casinos f\u00edsicos.\n<p>Si bien los casinos f\u00edsicos ofrecen a los jugadores la posibilidad de jugar pr\u00e1cticamente a cualquier juego que deseen, habr\u00e1 ocasiones en las que no querr\u00e1n recorrer todo el casino para ir de un juego a otro. Tambi\u00e9n habr\u00e1 ocasiones en las que quieran jugar a un juego en particular, pero no haya asientos disponibles. En cambio, los casinos en l\u00ednea permiten a los jugadores jugar a los juegos que deseen en cualquier momento, sin tener que desplazarse ni esperar asiento.<\/p>\n<p>Los casinos f\u00edsicos pueden resultar intimidantes para los nuevos jugadores y, a menudo, carecen de recursos gratuitos que les ayuden a aprender los juegos y las distintas estrategias. Los casinos en l\u00ednea permiten a los jugadores disfrutar de un entorno m\u00e1s relajado y ofrecen una gran cantidad de contenido gratuito que los gu\u00eda a trav\u00e9s de los distintos aspectos de los juegos de casino en l\u00ednea.<\/li>\n<\/ul>\n<p> Quienes est\u00e9n considerando los casinos en l\u00ednea deber\u00edan empezar por informarse sobre los casinos que utilizan la plataforma Microgaming. El mejor de ellos es, sin duda, 888 Casino, al que puedes acceder haciendo clic en el banner de abajo.<\/p>\n<p><a href=\"https:\/\/ic.aff-handler.com\/C\/45871?sr=1064399&amp;anid=\" rel=\"nofollow\"><img loading=\"lazy\" decoding=\"async\" class=\"aligncenter\" src=\"https:\/\/ic.aff-handler.com\/I\/45871?sr=1064399&amp;anid=\" width=\"725\" height=\"93\" \/><\/a><br \/>\nSi resides en Estados Unidos, BetOnline es tu mejor opci\u00f3n para juegos de casino en general o para p\u00f3ker en l\u00ednea.<\/p>\n<p><img loading=\"lazy\" decoding=\"async\" class=\" wp-image-7875 aligncenter\" src=\"https:\/\/gambling6.com\/wp-content\/uploads\/2025\/10\/BOL_AQC_banner_468x60_FS1_casino-300x38.gif\" alt=\"Casino BetOnline\" width=\"694\" height=\"88\" \/><\/p>\n","protected":false},"excerpt":{"rendered":"<p>Casinos en vivo o en l\u00ednea Cada tipo tiene algo que gusta a los jugadores Los jugadores de casino deber\u00edan disfrutar de sus juegos favoritos de la manera que les resulte m\u00e1s c\u00f3moda y que se ajuste a su personalidad. Algunos jugadores siempre preferir\u00e1n jugar en casinos f\u00edsicos porque les gusta el ambiente. Disfrutan interactuando [&hellip;]<\/p>\n","protected":false},"author":1,"featured_media":0,"parent":8333,"menu_order":28,"comment_status":"closed","ping_status":"closed","template":"","meta":{"footnotes":""},"class_list":["post-8386","page","type-page","status-publish","hentry"],"yoast_head":"<!-- This site is optimized with the Yoast SEO plugin v27.4 - https:\/\/yoast.com\/product\/yoast-seo-wordpress\/ -->\n<title>Comparaci\u00f3n entre casinos f\u00edsicos y online<\/title>\n<meta name=\"description\" content=\"Tanto los casinos online como los casinos f\u00edsicos ofrecen a los jugadores un gran rato y muchas oportunidades.\" \/>\n<meta name=\"robots\" content=\"index, follow, max-snippet:-1, max-image-preview:large, max-video-preview:-1\" \/>\n<link rel=\"canonical\" href=\"https:\/\/gambling6.com\/es\/casino\/casinos-online-frente-a-casinos-fisicos\/\" \/>\n<meta property=\"og:locale\" content=\"es_ES\" \/>\n<meta property=\"og:type\" content=\"article\" \/>\n<meta property=\"og:title\" content=\"Comparaci\u00f3n entre casinos f\u00edsicos y online\" \/>\n<meta property=\"og:description\" content=\"Tanto los casinos online como los casinos f\u00edsicos ofrecen a los jugadores un gran rato y muchas oportunidades.\" \/>\n<meta property=\"og:url\" content=\"https:\/\/gambling6.com\/es\/casino\/casinos-online-frente-a-casinos-fisicos\/\" \/>\n<meta property=\"og:site_name\" content=\"Gambling6\" \/>\n<meta property=\"og:image\" content=\"https:\/\/gambling6.com\/wp-content\/uploads\/2013\/12\/phil_ivey.jpg\" \/>\n\t<meta property=\"og:image:width\" content=\"250\" \/>\n\t<meta property=\"og:image:height\" content=\"304\" \/>\n\t<meta property=\"og:image:type\" content=\"image\/jpeg\" \/>\n<meta name=\"twitter:card\" content=\"summary_large_image\" \/>\n<meta name=\"twitter:label1\" content=\"Tiempo de lectura\" \/>\n\t<meta name=\"twitter:data1\" content=\"3 minutos\" \/>\n<script type=\"application\/ld+json\" class=\"yoast-schema-graph\">{\"@context\":\"https:\\\/\\\/schema.org\",\"@graph\":[{\"@type\":\"WebPage\",\"@id\":\"https:\\\/\\\/gambling6.com\\\/es\\\/casino\\\/casinos-online-frente-a-casinos-fisicos\\\/\",\"url\":\"https:\\\/\\\/gambling6.com\\\/es\\\/casino\\\/casinos-online-frente-a-casinos-fisicos\\\/\",\"name\":\"Comparaci\u00f3n entre casinos f\u00edsicos y online\",\"isPartOf\":{\"@id\":\"https:\\\/\\\/gambling6.com\\\/es\\\/#website\"},\"primaryImageOfPage\":{\"@id\":\"https:\\\/\\\/gambling6.com\\\/es\\\/casino\\\/casinos-online-frente-a-casinos-fisicos\\\/#primaryimage\"},\"image\":{\"@id\":\"https:\\\/\\\/gambling6.com\\\/es\\\/casino\\\/casinos-online-frente-a-casinos-fisicos\\\/#primaryimage\"},\"thumbnailUrl\":\"https:\\\/\\\/gambling6.com\\\/wp-content\\\/uploads\\\/2013\\\/12\\\/phil_ivey-247x300.jpg\",\"datePublished\":\"2025-11-07T14:06:44+00:00\",\"description\":\"Tanto los casinos online como los casinos f\u00edsicos ofrecen a los jugadores un gran rato y muchas oportunidades.\",\"breadcrumb\":{\"@id\":\"https:\\\/\\\/gambling6.com\\\/es\\\/casino\\\/casinos-online-frente-a-casinos-fisicos\\\/#breadcrumb\"},\"inLanguage\":\"es\",\"potentialAction\":[{\"@type\":\"ReadAction\",\"target\":[\"https:\\\/\\\/gambling6.com\\\/es\\\/casino\\\/casinos-online-frente-a-casinos-fisicos\\\/\"]}]},{\"@type\":\"ImageObject\",\"inLanguage\":\"es\",\"@id\":\"https:\\\/\\\/gambling6.com\\\/es\\\/casino\\\/casinos-online-frente-a-casinos-fisicos\\\/#primaryimage\",\"url\":\"https:\\\/\\\/gambling6.com\\\/wp-content\\\/uploads\\\/2013\\\/12\\\/phil_ivey-247x300.jpg\",\"contentUrl\":\"https:\\\/\\\/gambling6.com\\\/wp-content\\\/uploads\\\/2013\\\/12\\\/phil_ivey-247x300.jpg\"},{\"@type\":\"BreadcrumbList\",\"@id\":\"https:\\\/\\\/gambling6.com\\\/es\\\/casino\\\/casinos-online-frente-a-casinos-fisicos\\\/#breadcrumb\",\"itemListElement\":[{\"@type\":\"ListItem\",\"position\":1,\"name\":\"Home\",\"item\":\"https:\\\/\\\/gambling6.com\\\/es\\\/home\\\/\"},{\"@type\":\"ListItem\",\"position\":2,\"name\":\"Casino\",\"item\":\"https:\\\/\\\/gambling6.com\\\/es\\\/get-started-with-online-gambling\\\/\"},{\"@type\":\"ListItem\",\"position\":3,\"name\":\"Casinos online frente a casinos f\u00edsicos\"}]},{\"@type\":\"WebSite\",\"@id\":\"https:\\\/\\\/gambling6.com\\\/es\\\/#website\",\"url\":\"https:\\\/\\\/gambling6.com\\\/es\\\/\",\"name\":\"Gambling6\",\"description\":\"\",\"potentialAction\":[{\"@type\":\"SearchAction\",\"target\":{\"@type\":\"EntryPoint\",\"urlTemplate\":\"https:\\\/\\\/gambling6.com\\\/es\\\/?s={search_term_string}\"},\"query-input\":{\"@type\":\"PropertyValueSpecification\",\"valueRequired\":true,\"valueName\":\"search_term_string\"}}],\"inLanguage\":\"es\"}]}<\/script>\n<!-- \/ Yoast SEO plugin. -->","yoast_head_json":{"title":"Comparaci\u00f3n entre casinos f\u00edsicos y online","description":"Tanto los casinos online como los casinos f\u00edsicos ofrecen a los jugadores un gran rato y muchas oportunidades.","robots":{"index":"index","follow":"follow","max-snippet":"max-snippet:-1","max-image-preview":"max-image-preview:large","max-video-preview":"max-video-preview:-1"},"canonical":"https:\/\/gambling6.com\/es\/casino\/casinos-online-frente-a-casinos-fisicos\/","og_locale":"es_ES","og_type":"article","og_title":"Comparaci\u00f3n entre casinos f\u00edsicos y online","og_description":"Tanto los casinos online como los casinos f\u00edsicos ofrecen a los jugadores un gran rato y muchas oportunidades.","og_url":"https:\/\/gambling6.com\/es\/casino\/casinos-online-frente-a-casinos-fisicos\/","og_site_name":"Gambling6","og_image":[{"width":250,"height":304,"url":"https:\/\/gambling6.com\/wp-content\/uploads\/2013\/12\/phil_ivey.jpg","type":"image\/jpeg"}],"twitter_card":"summary_large_image","twitter_misc":{"Tiempo de lectura":"3 minutos"},"schema":{"@context":"https:\/\/schema.org","@graph":[{"@type":"WebPage","@id":"https:\/\/gambling6.com\/es\/casino\/casinos-online-frente-a-casinos-fisicos\/","url":"https:\/\/gambling6.com\/es\/casino\/casinos-online-frente-a-casinos-fisicos\/","name":"Comparaci\u00f3n entre casinos f\u00edsicos y online","isPartOf":{"@id":"https:\/\/gambling6.com\/es\/#website"},"primaryImageOfPage":{"@id":"https:\/\/gambling6.com\/es\/casino\/casinos-online-frente-a-casinos-fisicos\/#primaryimage"},"image":{"@id":"https:\/\/gambling6.com\/es\/casino\/casinos-online-frente-a-casinos-fisicos\/#primaryimage"},"thumbnailUrl":"https:\/\/gambling6.com\/wp-content\/uploads\/2013\/12\/phil_ivey-247x300.jpg","datePublished":"2025-11-07T14:06:44+00:00","description":"Tanto los casinos online como los casinos f\u00edsicos ofrecen a los jugadores un gran rato y muchas oportunidades.","breadcrumb":{"@id":"https:\/\/gambling6.com\/es\/casino\/casinos-online-frente-a-casinos-fisicos\/#breadcrumb"},"inLanguage":"es","potentialAction":[{"@type":"ReadAction","target":["https:\/\/gambling6.com\/es\/casino\/casinos-online-frente-a-casinos-fisicos\/"]}]},{"@type":"ImageObject","inLanguage":"es","@id":"https:\/\/gambling6.com\/es\/casino\/casinos-online-frente-a-casinos-fisicos\/#primaryimage","url":"https:\/\/gambling6.com\/wp-content\/uploads\/2013\/12\/phil_ivey-247x300.jpg","contentUrl":"https:\/\/gambling6.com\/wp-content\/uploads\/2013\/12\/phil_ivey-247x300.jpg"},{"@type":"BreadcrumbList","@id":"https:\/\/gambling6.com\/es\/casino\/casinos-online-frente-a-casinos-fisicos\/#breadcrumb","itemListElement":[{"@type":"ListItem","position":1,"name":"Home","item":"https:\/\/gambling6.com\/es\/home\/"},{"@type":"ListItem","position":2,"name":"Casino","item":"https:\/\/gambling6.com\/es\/get-started-with-online-gambling\/"},{"@type":"ListItem","position":3,"name":"Casinos online frente a casinos f\u00edsicos"}]},{"@type":"WebSite","@id":"https:\/\/gambling6.com\/es\/#website","url":"https:\/\/gambling6.com\/es\/","name":"Gambling6","description":"","potentialAction":[{"@type":"SearchAction","target":{"@type":"EntryPoint","urlTemplate":"https:\/\/gambling6.com\/es\/?s={search_term_string}"},"query-input":{"@type":"PropertyValueSpecification","valueRequired":true,"valueName":"search_term_string"}}],"inLanguage":"es"}]}},"_links":{"self":[{"href":"https:\/\/gambling6.com\/es\/wp-json\/wp\/v2\/pages\/8386","targetHints":{"allow":["GET"]}}],"collection":[{"href":"https:\/\/gambling6.com\/es\/wp-json\/wp\/v2\/pages"}],"about":[{"href":"https:\/\/gambling6.com\/es\/wp-json\/wp\/v2\/types\/page"}],"author":[{"embeddable":true,"href":"https:\/\/gambling6.com\/es\/wp-json\/wp\/v2\/users\/1"}],"replies":[{"embeddable":true,"href":"https:\/\/gambling6.com\/es\/wp-json\/wp\/v2\/comments?post=8386"}],"version-history":[{"count":0,"href":"https:\/\/gambling6.com\/es\/wp-json\/wp\/v2\/pages\/8386\/revisions"}],"up":[{"embeddable":true,"href":"https:\/\/gambling6.com\/es\/wp-json\/wp\/v2\/pages\/8333"}],"wp:attachment":[{"href":"https:\/\/gambling6.com\/es\/wp-json\/wp\/v2\/media?parent=8386"}],"curies":[{"name":"wp","href":"https:\/\/api.w.org\/{rel}","templated":true}]}}