{"id":8410,"date":"2025-11-07T16:49:04","date_gmt":"2025-11-07T16:49:04","guid":{"rendered":"https:\/\/gambling6.com\/casino\/razones-para-unirse-a-un-casino-en-linea\/"},"modified":"2025-11-12T16:43:55","modified_gmt":"2025-11-12T16:43:55","slug":"razones-para-unirse-a-un-casino-en-linea","status":"publish","type":"page","link":"https:\/\/gambling6.com\/es\/casino\/razones-para-unirse-a-un-casino-en-linea\/","title":{"rendered":"Razones para unirse a un casino en l\u00ednea"},"content":{"rendered":"<h2>\u00bfPor qu\u00e9 deber\u00edas unirte a un casino online?<\/h2>\n<h2>Muchas cosas hacen que los casinos online sean tan geniales.<\/h2>\n<p><img loading=\"lazy\" decoding=\"async\" class=\"size-medium wp-image-318 alignright\" src=\"https:\/\/gambling6.com\/wp-content\/uploads\/2013\/12\/classic-casino-games-300x179.jpg\" alt=\"casino en l\u00ednea\" width=\"300\" height=\"179\" srcset=\"https:\/\/gambling6.com\/wp-content\/uploads\/2013\/12\/classic-casino-games-300x179.jpg 300w, https:\/\/gambling6.com\/wp-content\/uploads\/2013\/12\/classic-casino-games.jpg 612w\" sizes=\"auto, (max-width: 300px) 100vw, 300px\" \/>Cada jugador de casino online tendr\u00e1 sus propias razones para jugar a juegos de casino en Internet. Sin embargo, algunas razones son m\u00e1s populares. Cuando los jugadores deciden llevar su juego a Internet, ver\u00e1n que se abre ante ellos un mundo completamente nuevo. Los casinos online vienen en muchos estilos diferentes, por lo que los jugadores pueden buscar hasta encontrar el que m\u00e1s les guste.<\/p>\n<p>Con nuestro casino online favorito, 888, no te puedes equivocar. <a class=\"thirstylink\" title=\"888 casino en\" href=\"https:\/\/gambling6.com\/go\/888-casino-en\/\" target=\"_blank\" rel=\"nofollow noopener\">Este enlace te llevar\u00e1 a su sitio web y te garantiza un buen bono de hasta 1500 \u20ac.<\/a><\/p>\n<h2>Aqu\u00ed tienes cinco de las principales razones por las que la mayor\u00eda de los jugadores se unen a un casino online:<\/h2>\n<ol>\n<li style=\"list-style-type: none;\">\n<ol>\n<li>Una de las principales razones para unirse a un casino online son los bonos. Existen muchos tipos de bonos de casino online, y cada casino permite a sus jugadores disfrutar de los que considera apropiados. Sin embargo, algunos bonos pueden ser muy valiosos e incluso ofrecer a los jugadores la oportunidad de ganar cientos o incluso miles de d\u00f3lares gratis. Algunos de los bonos que se suelen encontrar en los casinos online son los bonos de bienvenida, los bonos de recarga, los bonos de juego y los bonos por recomendaci\u00f3n.<\/li>\n<\/ol>\n<\/li>\n<\/ol>\n<p>Los jugadores quieren leer los requisitos del bono para saber c\u00f3mo mantener su elegibilidad y qu\u00e9 deben hacer exactamente para cumplirlos.<\/p>\n<p>Otra raz\u00f3n importante por la que muchos jugadores se unen a los casinos en l\u00ednea es la cantidad de juegos que pueden disfrutar en un solo lugar. Cuando los jugadores acceden a uno de los casinos en l\u00ednea m\u00e1s populares, pueden pasar de un juego a otro sin moverse de su asiento. No tendr\u00e1n que preocuparse por esperar a que se libere un asiento ni por ninguna de las otras molestias que conlleva jugar en casinos f\u00edsicos. Los juegos est\u00e1n siempre disponibles y en constante actividad, siempre y cuando el jugador haya elegido uno de los casinos m\u00e1s populares.<\/p>\n<p>Una raz\u00f3n m\u00e1s por la que muchos jugadores recurren a los casinos en l\u00ednea es econ\u00f3mica. Los jugadores que pasan tiempo en los casinos en l\u00ednea no tienen que pagar gastos como gasolina, entradas, alojamiento, comidas fuera de casa ni ninguno de los otros gastos que afrontan al planificar un viaje a un casino f\u00edsico. Esto significa que los jugadores tendr\u00e1n m\u00e1s dinero para invertir en los juegos, lo cual siempre es una ventaja.<\/p>\n<p>Algunos jugadores llevan vidas muy ajetreadas. Esto significa que les puede resultar muy dif\u00edcil incluso acceder a los casinos f\u00edsicos. Sin embargo, los casinos online siempre est\u00e1n disponibles para ellos. Aunque solo puedan conectarse unos minutos al d\u00eda, al menos podr\u00e1n jugar un rato uni\u00e9ndose a un casino online.<\/p>\n<p>Otra gran ventaja de jugar en casinos online es que los jugadores tienen control total sobre su experiencia de juego. Eligen el casino, los bonos, las promociones y los juegos, y pueden personalizar muchos aspectos de los diferentes juegos de casino online.<\/p>\n<p>Quien busque un buen casino online que ofrezca seguridad y sencillez querr\u00e1 leer rese\u00f1as y encontrar uno que utilice software fiable, ofrezca una excelente atenci\u00f3n al cliente y tenga una amplia variedad de juegos.<\/p>\n","protected":false},"excerpt":{"rendered":"<p>\u00bfPor qu\u00e9 deber\u00edas unirte a un casino online? Muchas cosas hacen que los casinos online sean tan geniales. Cada jugador de casino online tendr\u00e1 sus propias razones para jugar a juegos de casino en Internet. Sin embargo, algunas razones son m\u00e1s populares. Cuando los jugadores deciden llevar su juego a Internet, ver\u00e1n que se abre [&hellip;]<\/p>\n","protected":false},"author":1,"featured_media":0,"parent":8333,"menu_order":30,"comment_status":"closed","ping_status":"closed","template":"","meta":{"footnotes":""},"class_list":["post-8410","page","type-page","status-publish","hentry"],"yoast_head":"<!-- This site is optimized with the Yoast SEO plugin v27.3 - https:\/\/yoast.com\/product\/yoast-seo-wordpress\/ -->\n<title>Razones para unirse a un casino en l\u00ednea<\/title>\n<meta name=\"description\" content=\"Los casinos online tienen mucho que ofrecer a los jugadores que buscan pasarlo en grande y muchas oportunidades de salir victoriosos.\" \/>\n<meta name=\"robots\" content=\"index, follow, max-snippet:-1, max-image-preview:large, max-video-preview:-1\" \/>\n<link rel=\"canonical\" href=\"https:\/\/gambling6.com\/es\/casino\/razones-para-unirse-a-un-casino-en-linea\/\" \/>\n<meta property=\"og:locale\" content=\"es_ES\" \/>\n<meta property=\"og:type\" content=\"article\" \/>\n<meta property=\"og:title\" content=\"Razones para unirse a un casino en l\u00ednea\" \/>\n<meta property=\"og:description\" content=\"Los casinos online tienen mucho que ofrecer a los jugadores que buscan pasarlo en grande y muchas oportunidades de salir victoriosos.\" \/>\n<meta property=\"og:url\" content=\"https:\/\/gambling6.com\/es\/casino\/razones-para-unirse-a-un-casino-en-linea\/\" \/>\n<meta property=\"og:site_name\" content=\"Gambling6\" \/>\n<meta property=\"article:modified_time\" content=\"2025-11-12T16:43:55+00:00\" \/>\n<meta property=\"og:image\" content=\"https:\/\/gambling6.com\/wp-content\/uploads\/2013\/12\/classic-casino-games.jpg\" \/>\n\t<meta property=\"og:image:width\" content=\"612\" \/>\n\t<meta property=\"og:image:height\" content=\"366\" \/>\n\t<meta property=\"og:image:type\" content=\"image\/jpeg\" \/>\n<meta name=\"twitter:card\" content=\"summary_large_image\" \/>\n<meta name=\"twitter:label1\" content=\"Tiempo de lectura\" \/>\n\t<meta name=\"twitter:data1\" content=\"3 minutos\" \/>\n<script type=\"application\/ld+json\" class=\"yoast-schema-graph\">{\"@context\":\"https:\\\/\\\/schema.org\",\"@graph\":[{\"@type\":\"WebPage\",\"@id\":\"https:\\\/\\\/gambling6.com\\\/es\\\/casino\\\/razones-para-unirse-a-un-casino-en-linea\\\/\",\"url\":\"https:\\\/\\\/gambling6.com\\\/es\\\/casino\\\/razones-para-unirse-a-un-casino-en-linea\\\/\",\"name\":\"Razones para unirse a un casino en l\u00ednea\",\"isPartOf\":{\"@id\":\"https:\\\/\\\/gambling6.com\\\/es\\\/#website\"},\"primaryImageOfPage\":{\"@id\":\"https:\\\/\\\/gambling6.com\\\/es\\\/casino\\\/razones-para-unirse-a-un-casino-en-linea\\\/#primaryimage\"},\"image\":{\"@id\":\"https:\\\/\\\/gambling6.com\\\/es\\\/casino\\\/razones-para-unirse-a-un-casino-en-linea\\\/#primaryimage\"},\"thumbnailUrl\":\"https:\\\/\\\/gambling6.com\\\/wp-content\\\/uploads\\\/2013\\\/12\\\/classic-casino-games-300x179.jpg\",\"datePublished\":\"2025-11-07T16:49:04+00:00\",\"dateModified\":\"2025-11-12T16:43:55+00:00\",\"description\":\"Los casinos online tienen mucho que ofrecer a los jugadores que buscan pasarlo en grande y muchas oportunidades de salir victoriosos.\",\"breadcrumb\":{\"@id\":\"https:\\\/\\\/gambling6.com\\\/es\\\/casino\\\/razones-para-unirse-a-un-casino-en-linea\\\/#breadcrumb\"},\"inLanguage\":\"es\",\"potentialAction\":[{\"@type\":\"ReadAction\",\"target\":[\"https:\\\/\\\/gambling6.com\\\/es\\\/casino\\\/razones-para-unirse-a-un-casino-en-linea\\\/\"]}]},{\"@type\":\"ImageObject\",\"inLanguage\":\"es\",\"@id\":\"https:\\\/\\\/gambling6.com\\\/es\\\/casino\\\/razones-para-unirse-a-un-casino-en-linea\\\/#primaryimage\",\"url\":\"https:\\\/\\\/gambling6.com\\\/wp-content\\\/uploads\\\/2013\\\/12\\\/classic-casino-games-300x179.jpg\",\"contentUrl\":\"https:\\\/\\\/gambling6.com\\\/wp-content\\\/uploads\\\/2013\\\/12\\\/classic-casino-games-300x179.jpg\"},{\"@type\":\"BreadcrumbList\",\"@id\":\"https:\\\/\\\/gambling6.com\\\/es\\\/casino\\\/razones-para-unirse-a-un-casino-en-linea\\\/#breadcrumb\",\"itemListElement\":[{\"@type\":\"ListItem\",\"position\":1,\"name\":\"Home\",\"item\":\"https:\\\/\\\/gambling6.com\\\/es\\\/home\\\/\"},{\"@type\":\"ListItem\",\"position\":2,\"name\":\"Casino\",\"item\":\"https:\\\/\\\/gambling6.com\\\/es\\\/get-started-with-online-gambling\\\/\"},{\"@type\":\"ListItem\",\"position\":3,\"name\":\"Razones para unirse a un casino en l\u00ednea\"}]},{\"@type\":\"WebSite\",\"@id\":\"https:\\\/\\\/gambling6.com\\\/es\\\/#website\",\"url\":\"https:\\\/\\\/gambling6.com\\\/es\\\/\",\"name\":\"Gambling6\",\"description\":\"\",\"potentialAction\":[{\"@type\":\"SearchAction\",\"target\":{\"@type\":\"EntryPoint\",\"urlTemplate\":\"https:\\\/\\\/gambling6.com\\\/es\\\/?s={search_term_string}\"},\"query-input\":{\"@type\":\"PropertyValueSpecification\",\"valueRequired\":true,\"valueName\":\"search_term_string\"}}],\"inLanguage\":\"es\"}]}<\/script>\n<!-- \/ Yoast SEO plugin. -->","yoast_head_json":{"title":"Razones para unirse a un casino en l\u00ednea","description":"Los casinos online tienen mucho que ofrecer a los jugadores que buscan pasarlo en grande y muchas oportunidades de salir victoriosos.","robots":{"index":"index","follow":"follow","max-snippet":"max-snippet:-1","max-image-preview":"max-image-preview:large","max-video-preview":"max-video-preview:-1"},"canonical":"https:\/\/gambling6.com\/es\/casino\/razones-para-unirse-a-un-casino-en-linea\/","og_locale":"es_ES","og_type":"article","og_title":"Razones para unirse a un casino en l\u00ednea","og_description":"Los casinos online tienen mucho que ofrecer a los jugadores que buscan pasarlo en grande y muchas oportunidades de salir victoriosos.","og_url":"https:\/\/gambling6.com\/es\/casino\/razones-para-unirse-a-un-casino-en-linea\/","og_site_name":"Gambling6","article_modified_time":"2025-11-12T16:43:55+00:00","og_image":[{"width":612,"height":366,"url":"https:\/\/gambling6.com\/wp-content\/uploads\/2013\/12\/classic-casino-games.jpg","type":"image\/jpeg"}],"twitter_card":"summary_large_image","twitter_misc":{"Tiempo de lectura":"3 minutos"},"schema":{"@context":"https:\/\/schema.org","@graph":[{"@type":"WebPage","@id":"https:\/\/gambling6.com\/es\/casino\/razones-para-unirse-a-un-casino-en-linea\/","url":"https:\/\/gambling6.com\/es\/casino\/razones-para-unirse-a-un-casino-en-linea\/","name":"Razones para unirse a un casino en l\u00ednea","isPartOf":{"@id":"https:\/\/gambling6.com\/es\/#website"},"primaryImageOfPage":{"@id":"https:\/\/gambling6.com\/es\/casino\/razones-para-unirse-a-un-casino-en-linea\/#primaryimage"},"image":{"@id":"https:\/\/gambling6.com\/es\/casino\/razones-para-unirse-a-un-casino-en-linea\/#primaryimage"},"thumbnailUrl":"https:\/\/gambling6.com\/wp-content\/uploads\/2013\/12\/classic-casino-games-300x179.jpg","datePublished":"2025-11-07T16:49:04+00:00","dateModified":"2025-11-12T16:43:55+00:00","description":"Los casinos online tienen mucho que ofrecer a los jugadores que buscan pasarlo en grande y muchas oportunidades de salir victoriosos.","breadcrumb":{"@id":"https:\/\/gambling6.com\/es\/casino\/razones-para-unirse-a-un-casino-en-linea\/#breadcrumb"},"inLanguage":"es","potentialAction":[{"@type":"ReadAction","target":["https:\/\/gambling6.com\/es\/casino\/razones-para-unirse-a-un-casino-en-linea\/"]}]},{"@type":"ImageObject","inLanguage":"es","@id":"https:\/\/gambling6.com\/es\/casino\/razones-para-unirse-a-un-casino-en-linea\/#primaryimage","url":"https:\/\/gambling6.com\/wp-content\/uploads\/2013\/12\/classic-casino-games-300x179.jpg","contentUrl":"https:\/\/gambling6.com\/wp-content\/uploads\/2013\/12\/classic-casino-games-300x179.jpg"},{"@type":"BreadcrumbList","@id":"https:\/\/gambling6.com\/es\/casino\/razones-para-unirse-a-un-casino-en-linea\/#breadcrumb","itemListElement":[{"@type":"ListItem","position":1,"name":"Home","item":"https:\/\/gambling6.com\/es\/home\/"},{"@type":"ListItem","position":2,"name":"Casino","item":"https:\/\/gambling6.com\/es\/get-started-with-online-gambling\/"},{"@type":"ListItem","position":3,"name":"Razones para unirse a un casino en l\u00ednea"}]},{"@type":"WebSite","@id":"https:\/\/gambling6.com\/es\/#website","url":"https:\/\/gambling6.com\/es\/","name":"Gambling6","description":"","potentialAction":[{"@type":"SearchAction","target":{"@type":"EntryPoint","urlTemplate":"https:\/\/gambling6.com\/es\/?s={search_term_string}"},"query-input":{"@type":"PropertyValueSpecification","valueRequired":true,"valueName":"search_term_string"}}],"inLanguage":"es"}]}},"_links":{"self":[{"href":"https:\/\/gambling6.com\/es\/wp-json\/wp\/v2\/pages\/8410","targetHints":{"allow":["GET"]}}],"collection":[{"href":"https:\/\/gambling6.com\/es\/wp-json\/wp\/v2\/pages"}],"about":[{"href":"https:\/\/gambling6.com\/es\/wp-json\/wp\/v2\/types\/page"}],"author":[{"embeddable":true,"href":"https:\/\/gambling6.com\/es\/wp-json\/wp\/v2\/users\/1"}],"replies":[{"embeddable":true,"href":"https:\/\/gambling6.com\/es\/wp-json\/wp\/v2\/comments?post=8410"}],"version-history":[{"count":2,"href":"https:\/\/gambling6.com\/es\/wp-json\/wp\/v2\/pages\/8410\/revisions"}],"predecessor-version":[{"id":10684,"href":"https:\/\/gambling6.com\/es\/wp-json\/wp\/v2\/pages\/8410\/revisions\/10684"}],"up":[{"embeddable":true,"href":"https:\/\/gambling6.com\/es\/wp-json\/wp\/v2\/pages\/8333"}],"wp:attachment":[{"href":"https:\/\/gambling6.com\/es\/wp-json\/wp\/v2\/media?parent=8410"}],"curies":[{"name":"wp","href":"https:\/\/api.w.org\/{rel}","templated":true}]}}