{"id":8473,"date":"2025-11-07T18:15:06","date_gmt":"2025-11-07T18:15:06","guid":{"rendered":"https:\/\/gambling6.com\/nasveti-za-najboljse-spletne-strani-za-bingo\/"},"modified":"2025-11-12T12:12:44","modified_gmt":"2025-11-12T12:12:44","slug":"nasveti-za-najboljse-spletne-strani-za-bingo","status":"publish","type":"page","link":"https:\/\/gambling6.com\/es\/bingo\/nasveti-za-najboljse-spletne-strani-za-bingo\/","title":{"rendered":"Nasveti za najbolj\u0161e spletne strani za bingo"},"content":{"rendered":"<h2>Izbira spletne strani za bingo<\/h2>\n<p>Bingo je vznemirljiva igra, ki zahteva veliko manj spretnosti kot igre, kot sta blackjack ali poker. Igra privablja veliko ljudi s svojo preprostostjo. Ne zahteva, da se nau\u010dite nobenih zapletenih pravil ali strategij. Poleg tega je igranje bingo kart cenej\u0161e. \u0160tevilna spletna mesta ponujajo to igro na spletu. Lahko se pridru\u017eite enemu od njih in igrate igro \u017ee za minimalno vsoto denarja.<img loading=\"lazy\" decoding=\"async\" class=\" alignright size-full wp-image-213\" style=\"margin: 5px; float: right;\" src=\"http:\/\/gambling6.com\/wp-content\/uploads\/2013\/12\/img_110.png\" alt=\"izberite najbolj\u0161o spletno stran za bingo\" width=\"288\" height=\"175\" \/><\/p>\n<p>Ker je na voljo toliko spletnih mest za bingo, je<strong> lahko iskanje najbolj\u0161e spletne strani za bingo precej\u0161en izziv<\/strong>. Zato je priporo\u010dljivo upo\u0161tevati bistvene dejavnike in se odlo\u010diti, ali je spletno mesto idealno za vas.<\/p>\n<ul>\n<li><strong>Ugled in izku\u0161nje<\/strong><\/li>\n<\/ul>\n<p>Izberite spletno mesto za bingo, ki je v panogi \u017ee dolgo \u010dasa in ima dober sloves zagotavljanja dobre igralne izku\u0161nje. To lahko preverite z branjem ocen strokovnjakov in resni\u010dnih igralcev. Spletno mesto za bingo z veliko igralci je lahko zanesljivo, saj igralci ne \u017eelijo ostati na spletnem mestu, ki ne ponuja prijetne igralne izku\u0161nje.<\/p>\n<p><a href=\"https:\/\/record.revenueplanet.com\/_BoBybWC_aAPUOsjNOfgKefwM06wa-Rwt\/1\/\" target=\"_new\"><img loading=\"lazy\" decoding=\"async\" class=\"aligncenter\" style=\"border: none;\" src=\"https:\/\/media.revenueplanet.com\/uploads\/nbb-468x60-nov-generic.gif\" alt=\"BingoBilly Brezpla\u010dni bingo\" width=\"686\" height=\"88\" \/><\/a><\/p>\n<ul>\n<li><strong>Ponujene igre<\/strong><\/li>\n<\/ul>\n<p>Spletno mesto, ki ga \u017eelite izbrati, mora ponujati \u0161iroko paleto iger. <strong>Bingo<\/strong> je na voljo v razli\u010dnih oblikah. 90-kroglica, 80-kroglica, 75-kroglica, mini, quickie, coverall, bonanza in pattern so nekatere od priljubljenih razli\u010dic igre. Izbira spletnega mesta, ki ponuja vse te razli\u010dice, vam pomaga, da u\u017eivate v igranju iger, ne da bi vam bilo dolg\u010das.<\/p>\n<ul>\n<li><strong>Bonus<\/strong><\/li>\n<\/ul>\n<p>\u010ceprav ni priporo\u010dljivo odlo\u010dati na podlagi bonusa, ki ga ponuja igralni\u0161ko spletno mesto, spletno mesto z najvi\u0161jim bonusom ni nujno najbolj\u0161e spletno mesto za bingo za vas. Uporabne funkcije in \u0161iroka paleta iger so vsekakor pomembnej\u0161i vidiki. Ve\u010dina spletnih mest za bingo ponuja bonus dobrodo\u0161lice. Ko opravite za\u010detni depozit, se znesek bonusa dobrodo\u0161lice samodejno naka\u017ee na va\u0161 ra\u010dun. Ta bonus lahko izkoristite za ve\u010d iger. Preberite pogoje in dolo\u010dila, povezane z bonusom. Obi\u010dajno je treba bonus izkoristiti v enem mesecu.<\/p>\n<ul>\n<li><strong>Na\u010dini pologa in dviga<\/strong><\/li>\n<\/ul>\n<p>Najbolj\u0161e spletno mesto za bingo ponuja razli\u010dne na\u010dine pologa, tako da lahko izberete tistega, ki vam najbolj ustreza. Ponuja tudi vrsto mo\u017enosti za dvig dobitkov. Omogo\u010dajo enostavno nastavitev ra\u010duna. Z lahkoto lahko dokon\u010date njihovo spletno registracijo in ban\u010dne podatke.<\/p>\n<ul>\n<li><strong>Storitve za stranke<\/strong><\/li>\n<\/ul>\n<p>Preverite lahko, ali spletno mesto za igre na sre\u010do ponuja najbolj\u0161o storitev za stranke. Najbolj\u0161e spletno mesto ima dobro usposobljeno ekipo za stranke, ki se odziva na va\u0161a vpra\u0161anja in hitro re\u0161uje va\u0161e te\u017eave. Ne glede na to, ali se zataknete pri odpiranju ra\u010duna ali imate te\u017eave pri dvigu dobitkov, lahko kadar koli dobite njihovo pomo\u010d. Ponujajo podporo v \u017eivo, telefonsko in e-po\u0161tno podporo za profesionalno re\u0161evanje va\u0161ih te\u017eav.<\/p>\n<p>Upo\u0161tevanje vseh teh dejavnikov vam lahko pomaga izbrati fantasti\u010dno spletno stran za bingo. Osebno nam je v\u0161e\u010d Bingo Billy. Tudi \u010de prebivate v ZDA, lahko \u0161e vedno igrate na <a class=\"thirstylink\" title=\"Bingo Billy en\" href=\"https:\/\/gambling6.com\/go\/bingobilly-en\/\" target=\"_blank\" rel=\"nofollow noopener\">Bingo Billy<\/a> \u2013sledite tej povezavi do njihove spletne strani.<\/p>\n","protected":false},"excerpt":{"rendered":"<p>Izbira spletne strani za bingo Bingo je vznemirljiva igra, ki zahteva veliko manj spretnosti kot igre, kot sta blackjack ali poker. Igra privablja veliko ljudi s svojo preprostostjo. Ne zahteva, da se nau\u010dite nobenih zapletenih pravil ali strategij. Poleg tega je igranje bingo kart cenej\u0161e. \u0160tevilna spletna mesta ponujajo to igro na spletu. Lahko se [&hellip;]<\/p>\n","protected":false},"author":1,"featured_media":217,"parent":8540,"menu_order":5,"comment_status":"closed","ping_status":"closed","template":"","meta":{"footnotes":""},"class_list":["post-8473","page","type-page","status-publish","has-post-thumbnail","hentry"],"yoast_head":"<!-- This site is optimized with the Yoast SEO plugin v27.4 - https:\/\/yoast.com\/product\/yoast-seo-wordpress\/ -->\n<title>Nasveti za bingo - Katera so najbolj\u0161a spletna mesta za bingo?<\/title>\n<meta name=\"description\" content=\"Izbira najbolj\u0161e spletne strani za bingo je pomembna \u2013 toda katero spletno mesto izbrati? Odgovore najdete tukaj.\" \/>\n<meta name=\"robots\" content=\"index, follow, max-snippet:-1, max-image-preview:large, max-video-preview:-1\" \/>\n<link rel=\"canonical\" href=\"https:\/\/gambling6.com\/es\/bingo\/nasveti-za-najboljse-spletne-strani-za-bingo\/\" \/>\n<meta property=\"og:locale\" content=\"es_ES\" \/>\n<meta property=\"og:type\" content=\"article\" \/>\n<meta property=\"og:title\" content=\"Nasveti za bingo - Katera so najbolj\u0161a spletna mesta za bingo?\" \/>\n<meta property=\"og:description\" content=\"Izbira najbolj\u0161e spletne strani za bingo je pomembna \u2013 toda katero spletno mesto izbrati? Odgovore najdete tukaj.\" \/>\n<meta property=\"og:url\" content=\"https:\/\/gambling6.com\/es\/bingo\/nasveti-za-najboljse-spletne-strani-za-bingo\/\" \/>\n<meta property=\"og:site_name\" content=\"Gambling6\" \/>\n<meta property=\"article:modified_time\" content=\"2025-11-12T12:12:44+00:00\" \/>\n<meta property=\"og:image\" content=\"https:\/\/gambling6.com\/wp-content\/uploads\/2013\/12\/img_110.png\" \/>\n\t<meta property=\"og:image:width\" content=\"288\" \/>\n\t<meta property=\"og:image:height\" content=\"175\" \/>\n\t<meta property=\"og:image:type\" content=\"image\/png\" \/>\n<meta name=\"twitter:card\" content=\"summary_large_image\" \/>\n<meta name=\"twitter:label1\" content=\"Tiempo de lectura\" \/>\n\t<meta name=\"twitter:data1\" content=\"3 minutos\" \/>\n<script type=\"application\/ld+json\" class=\"yoast-schema-graph\">{\"@context\":\"https:\\\/\\\/schema.org\",\"@graph\":[{\"@type\":\"WebPage\",\"@id\":\"https:\\\/\\\/gambling6.com\\\/es\\\/bingo\\\/nasveti-za-najboljse-spletne-strani-za-bingo\\\/\",\"url\":\"https:\\\/\\\/gambling6.com\\\/es\\\/bingo\\\/nasveti-za-najboljse-spletne-strani-za-bingo\\\/\",\"name\":\"Nasveti za bingo - Katera so najbolj\u0161a spletna mesta za bingo?\",\"isPartOf\":{\"@id\":\"https:\\\/\\\/gambling6.com\\\/es\\\/#website\"},\"primaryImageOfPage\":{\"@id\":\"https:\\\/\\\/gambling6.com\\\/es\\\/bingo\\\/nasveti-za-najboljse-spletne-strani-za-bingo\\\/#primaryimage\"},\"image\":{\"@id\":\"https:\\\/\\\/gambling6.com\\\/es\\\/bingo\\\/nasveti-za-najboljse-spletne-strani-za-bingo\\\/#primaryimage\"},\"thumbnailUrl\":\"https:\\\/\\\/gambling6.com\\\/wp-content\\\/uploads\\\/2013\\\/12\\\/img_110.png\",\"datePublished\":\"2025-11-07T18:15:06+00:00\",\"dateModified\":\"2025-11-12T12:12:44+00:00\",\"description\":\"Izbira najbolj\u0161e spletne strani za bingo je pomembna \u2013 toda katero spletno mesto izbrati? Odgovore najdete tukaj.\",\"breadcrumb\":{\"@id\":\"https:\\\/\\\/gambling6.com\\\/es\\\/bingo\\\/nasveti-za-najboljse-spletne-strani-za-bingo\\\/#breadcrumb\"},\"inLanguage\":\"es\",\"potentialAction\":[{\"@type\":\"ReadAction\",\"target\":[\"https:\\\/\\\/gambling6.com\\\/es\\\/bingo\\\/nasveti-za-najboljse-spletne-strani-za-bingo\\\/\"]}]},{\"@type\":\"ImageObject\",\"inLanguage\":\"es\",\"@id\":\"https:\\\/\\\/gambling6.com\\\/es\\\/bingo\\\/nasveti-za-najboljse-spletne-strani-za-bingo\\\/#primaryimage\",\"url\":\"https:\\\/\\\/gambling6.com\\\/wp-content\\\/uploads\\\/2013\\\/12\\\/img_110.png\",\"contentUrl\":\"https:\\\/\\\/gambling6.com\\\/wp-content\\\/uploads\\\/2013\\\/12\\\/img_110.png\",\"width\":288,\"height\":175},{\"@type\":\"BreadcrumbList\",\"@id\":\"https:\\\/\\\/gambling6.com\\\/es\\\/bingo\\\/nasveti-za-najboljse-spletne-strani-za-bingo\\\/#breadcrumb\",\"itemListElement\":[{\"@type\":\"ListItem\",\"position\":1,\"name\":\"Home\",\"item\":\"https:\\\/\\\/gambling6.com\\\/es\\\/home\\\/\"},{\"@type\":\"ListItem\",\"position\":2,\"name\":\"Bingo\",\"item\":\"https:\\\/\\\/gambling6.com\\\/es\\\/bingo\\\/\"},{\"@type\":\"ListItem\",\"position\":3,\"name\":\"Nasveti za najbolj\u0161e spletne strani za bingo\"}]},{\"@type\":\"WebSite\",\"@id\":\"https:\\\/\\\/gambling6.com\\\/es\\\/#website\",\"url\":\"https:\\\/\\\/gambling6.com\\\/es\\\/\",\"name\":\"Gambling6\",\"description\":\"\",\"potentialAction\":[{\"@type\":\"SearchAction\",\"target\":{\"@type\":\"EntryPoint\",\"urlTemplate\":\"https:\\\/\\\/gambling6.com\\\/es\\\/?s={search_term_string}\"},\"query-input\":{\"@type\":\"PropertyValueSpecification\",\"valueRequired\":true,\"valueName\":\"search_term_string\"}}],\"inLanguage\":\"es\"}]}<\/script>\n<!-- \/ Yoast SEO plugin. -->","yoast_head_json":{"title":"Nasveti za bingo - Katera so najbolj\u0161a spletna mesta za bingo?","description":"Izbira najbolj\u0161e spletne strani za bingo je pomembna \u2013 toda katero spletno mesto izbrati? Odgovore najdete tukaj.","robots":{"index":"index","follow":"follow","max-snippet":"max-snippet:-1","max-image-preview":"max-image-preview:large","max-video-preview":"max-video-preview:-1"},"canonical":"https:\/\/gambling6.com\/es\/bingo\/nasveti-za-najboljse-spletne-strani-za-bingo\/","og_locale":"es_ES","og_type":"article","og_title":"Nasveti za bingo - Katera so najbolj\u0161a spletna mesta za bingo?","og_description":"Izbira najbolj\u0161e spletne strani za bingo je pomembna \u2013 toda katero spletno mesto izbrati? Odgovore najdete tukaj.","og_url":"https:\/\/gambling6.com\/es\/bingo\/nasveti-za-najboljse-spletne-strani-za-bingo\/","og_site_name":"Gambling6","article_modified_time":"2025-11-12T12:12:44+00:00","og_image":[{"width":288,"height":175,"url":"https:\/\/gambling6.com\/wp-content\/uploads\/2013\/12\/img_110.png","type":"image\/png"}],"twitter_card":"summary_large_image","twitter_misc":{"Tiempo de lectura":"3 minutos"},"schema":{"@context":"https:\/\/schema.org","@graph":[{"@type":"WebPage","@id":"https:\/\/gambling6.com\/es\/bingo\/nasveti-za-najboljse-spletne-strani-za-bingo\/","url":"https:\/\/gambling6.com\/es\/bingo\/nasveti-za-najboljse-spletne-strani-za-bingo\/","name":"Nasveti za bingo - Katera so najbolj\u0161a spletna mesta za bingo?","isPartOf":{"@id":"https:\/\/gambling6.com\/es\/#website"},"primaryImageOfPage":{"@id":"https:\/\/gambling6.com\/es\/bingo\/nasveti-za-najboljse-spletne-strani-za-bingo\/#primaryimage"},"image":{"@id":"https:\/\/gambling6.com\/es\/bingo\/nasveti-za-najboljse-spletne-strani-za-bingo\/#primaryimage"},"thumbnailUrl":"https:\/\/gambling6.com\/wp-content\/uploads\/2013\/12\/img_110.png","datePublished":"2025-11-07T18:15:06+00:00","dateModified":"2025-11-12T12:12:44+00:00","description":"Izbira najbolj\u0161e spletne strani za bingo je pomembna \u2013 toda katero spletno mesto izbrati? Odgovore najdete tukaj.","breadcrumb":{"@id":"https:\/\/gambling6.com\/es\/bingo\/nasveti-za-najboljse-spletne-strani-za-bingo\/#breadcrumb"},"inLanguage":"es","potentialAction":[{"@type":"ReadAction","target":["https:\/\/gambling6.com\/es\/bingo\/nasveti-za-najboljse-spletne-strani-za-bingo\/"]}]},{"@type":"ImageObject","inLanguage":"es","@id":"https:\/\/gambling6.com\/es\/bingo\/nasveti-za-najboljse-spletne-strani-za-bingo\/#primaryimage","url":"https:\/\/gambling6.com\/wp-content\/uploads\/2013\/12\/img_110.png","contentUrl":"https:\/\/gambling6.com\/wp-content\/uploads\/2013\/12\/img_110.png","width":288,"height":175},{"@type":"BreadcrumbList","@id":"https:\/\/gambling6.com\/es\/bingo\/nasveti-za-najboljse-spletne-strani-za-bingo\/#breadcrumb","itemListElement":[{"@type":"ListItem","position":1,"name":"Home","item":"https:\/\/gambling6.com\/es\/home\/"},{"@type":"ListItem","position":2,"name":"Bingo","item":"https:\/\/gambling6.com\/es\/bingo\/"},{"@type":"ListItem","position":3,"name":"Nasveti za najbolj\u0161e spletne strani za bingo"}]},{"@type":"WebSite","@id":"https:\/\/gambling6.com\/es\/#website","url":"https:\/\/gambling6.com\/es\/","name":"Gambling6","description":"","potentialAction":[{"@type":"SearchAction","target":{"@type":"EntryPoint","urlTemplate":"https:\/\/gambling6.com\/es\/?s={search_term_string}"},"query-input":{"@type":"PropertyValueSpecification","valueRequired":true,"valueName":"search_term_string"}}],"inLanguage":"es"}]}},"_links":{"self":[{"href":"https:\/\/gambling6.com\/es\/wp-json\/wp\/v2\/pages\/8473","targetHints":{"allow":["GET"]}}],"collection":[{"href":"https:\/\/gambling6.com\/es\/wp-json\/wp\/v2\/pages"}],"about":[{"href":"https:\/\/gambling6.com\/es\/wp-json\/wp\/v2\/types\/page"}],"author":[{"embeddable":true,"href":"https:\/\/gambling6.com\/es\/wp-json\/wp\/v2\/users\/1"}],"replies":[{"embeddable":true,"href":"https:\/\/gambling6.com\/es\/wp-json\/wp\/v2\/comments?post=8473"}],"version-history":[{"count":2,"href":"https:\/\/gambling6.com\/es\/wp-json\/wp\/v2\/pages\/8473\/revisions"}],"predecessor-version":[{"id":10630,"href":"https:\/\/gambling6.com\/es\/wp-json\/wp\/v2\/pages\/8473\/revisions\/10630"}],"up":[{"embeddable":true,"href":"https:\/\/gambling6.com\/es\/wp-json\/wp\/v2\/pages\/8540"}],"wp:featuredmedia":[{"embeddable":true,"href":"https:\/\/gambling6.com\/es\/wp-json\/wp\/v2\/media\/217"}],"wp:attachment":[{"href":"https:\/\/gambling6.com\/es\/wp-json\/wp\/v2\/media?parent=8473"}],"curies":[{"name":"wp","href":"https:\/\/api.w.org\/{rel}","templated":true}]}}