{"id":8540,"date":"2025-11-07T19:48:22","date_gmt":"2025-11-07T19:48:22","guid":{"rendered":"https:\/\/gambling6.com\/bingo\/"},"modified":"2025-11-15T07:57:20","modified_gmt":"2025-11-15T07:57:20","slug":"bingo","status":"publish","type":"page","link":"https:\/\/gambling6.com\/es\/bingo\/","title":{"rendered":"Bingo"},"content":{"rendered":"<h2>Informaci\u00f3n b\u00e1sica sobre el Bingo<\/h2>\n<p><a href=\"https:\/\/record.revenueplanet.com\/_BoBybWC_aAMWqcfzuvZcQMni_MQzyHn0\/1\/\" target=\"_new\"><img loading=\"lazy\" decoding=\"async\" class=\"alignright\" style=\"border: none;\" src=\"https:\/\/media.revenueplanet.com\/uploads\/nbb-120x600-oct-free.gif\" alt=\"BingoBilly Bingo gratis\" width=\"120\" height=\"600\" \/><\/a>El bingo es un juego para todas las edades. Su origen se remonta a la Italia del siglo XVI, donde se jugaba con el nombre de \u00abIl Giuoco del Lotto d&#8217;Italia\u00bb y posteriormente se extendi\u00f3 por toda Europa. El bingo es un juego social donde la rapidez de reacci\u00f3n, la comprensi\u00f3n del juego y, por supuesto, la buena suerte son clave.<\/p>\n<p>Con el tiempo, se han buscado diversas estrategias para calcular con mayor precisi\u00f3n c\u00f3mo aumentar las probabilidades de ganar. Algunas han fracasado, otras han tenido \u00e9xito. El bingo online surgi\u00f3 a mediados de la d\u00e9cada de 1990 y desde entonces no ha dejado de desarrollarse. Las ventajas del bingo online, en comparaci\u00f3n con el bingo tradicional, son:<\/p>\n<ul>\n<li>Puedes jugar directamente desde casa<\/li>\n<li>Es muy sencillo<\/li>\n<li>Ofrecen bonos y premios<\/li>\n<li>Puedes jugar gratis<\/li>\n<li>Puedes jugar a cualquier hora del d\u00eda o de la noche<\/li>\n<li>Cuentas con asistencia online en tiempo real<\/li>\n<\/ul>\n<p>Para los principiantes, se recomienda jugar partidas demo que les permitan familiarizarse con las reglas y el ritmo del juego. Las estrategias no garantizan el premio, pero s\u00ed aumentan las probabilidades de ganar. Tambi\u00e9n se recomienda jugar en una sala con pocos jugadores. Para los jugadores m\u00e1s experimentados, una buena idea es jugar con tantos cartones como sea posible; esto aumenta sus probabilidades de ganar. El bingo se juega con 30, 75, 80 y 90 bolas.<\/p>\n<p>Tu mejor opci\u00f3n ser\u00eda <a class=\"thirstylink\" title=\"Bingo Billy en\" href=\"https:\/\/gambling6.com\/go\/bingobilly-en\/\" target=\"_blank\" rel=\"nofollow noopener\">Bingo Billy &#8211; haz clic aqu\u00ed para jugar<\/a>, \u00a1y recibir\u00e1s $30 en cartones de bingo gratis para empezar! Bingo Billy acepta jugadores de todo el mundo, incluyendo Estados Unidos.<\/p>\n<h2>Bingo de 30 bolas<\/h2>\n<p>El jugador elige un total de 30 bolas y utiliza una escala del 1 al 75. Las zonas de bingo constan de cinco casillas cada una. Tras comprar el cart\u00f3n, el jugador debe elegir un total de 30 n\u00fameros. Los n\u00fameros se extraen y se marcan autom\u00e1ticamente en el cart\u00f3n. Se completa el bingo cuando el jugador tiene cinco o seis n\u00fameros extra\u00eddos que le permiten formar una l\u00ednea vertical, horizontal o diagonal. La partida termina cuando se han extra\u00eddo las 30 bolas. El jugador que consigue m\u00e1s l\u00edneas de bingo es declarado ganador.<\/p>\n<h2>Bingo de 90 bolas<\/h2>\n<p>El cart\u00f3n est\u00e1 formado por grupos de 9 a 3, con un total de 27 casillas. Cada fila tiene 5 n\u00fameros y 4 casillas vac\u00edas. El n\u00famero total de n\u00fameros en el cart\u00f3n es 15.<\/p>\n<h2>Juego de bingo con 80 bolas<\/h2>\n<p>Aqu\u00ed, en cada cart\u00f3n, hay 16 n\u00fameros, 4 filas y 4 columnas.<\/p>\n<h2>Estrategias de bingo online<\/h2>\n<p>Joseph E. Granville afirm\u00f3 que puede \u00abaumentar las probabilidades a favor hasta en un 50%\u00bb. Tambi\u00e9n mencion\u00f3 que los n\u00fameros que se extraen de forma verdaderamente aleatoria siguen el siguiente patr\u00f3n: igual n\u00famero de n\u00fameros que terminan en 1, 2, 3, 4, 5, 6, 7, 8 y 9; los n\u00fameros grandes y peque\u00f1os se equilibran a medida que avanza el juego; los n\u00fameros extra\u00eddos se acercan al 38, siendo m\u00e1s precisos hacia el centro.<\/p>\n<p><strong>Un ejemplo de un cart\u00f3n aleatorio seg\u00fan el patr\u00f3n de Joseph E. Granville es<\/strong> 6, 11, 24, 32, 43, 57, 38, 69. El estad\u00edstico brit\u00e1nico L.C.H. Tippet formul\u00f3 una teor\u00eda seg\u00fan la cual los n\u00fameros se extraen con una probabilidad cercana a 38. Dicho esto, tienes a tu disposici\u00f3n una amplia gama de sitios y una breve introducci\u00f3n al mundo del bingo. Seg\u00fan tus preferencias, puedes decidir qu\u00e9 versi\u00f3n te conviene m\u00e1s. \u00a1Buena suerte!<\/p>\n<h2>Informaci\u00f3n b\u00e1sica sobre el Bingo<\/h2>\n<p><a href=\"https:\/\/record.revenueplanet.com\/_BoBybWC_aAMWqcfzuvZcQMni_MQzyHn0\/1\/\" target=\"_new\"><img loading=\"lazy\" decoding=\"async\" class=\"alignright\" style=\"border: none;\" src=\"https:\/\/media.revenueplanet.com\/uploads\/nbb-120x600-oct-free.gif\" alt=\"BingoBilly Free Bingo\" width=\"120\" height=\"600\" \/><\/a>El bingo es un juego para todas las edades. Su origen se remonta a la Italia del siglo XVI, donde se jugaba con el nombre de \u00abIl Giuoco del Lotto d&#8217;Italia\u00bb y posteriormente se extendi\u00f3 por toda Europa. El bingo es un juego social donde la rapidez de reacci\u00f3n, la comprensi\u00f3n del juego y, por supuesto, la buena suerte son clave.<\/p>\n<p>Con el tiempo, se han buscado diversas estrategias para calcular con mayor precisi\u00f3n c\u00f3mo aumentar las probabilidades de ganar. Algunas han fracasado, otras han tenido \u00e9xito. El bingo online surgi\u00f3 a mediados de la d\u00e9cada de 1990 y desde entonces no ha dejado de desarrollarse. Las ventajas del bingo online, en comparaci\u00f3n con el bingo tradicional, son:<\/p>\n<ul>\n<li>Puedes jugar directamente desde casa<\/li>\n<li>Es muy sencillo<\/li>\n<li>Ofrecen bonos y premios<\/li>\n<li>Puedes jugar gratis<\/li>\n<li>Puedes jugar a cualquier hora del d\u00eda o de la noche<\/li>\n<li>Cuentas con asistencia online en tiempo real<\/li>\n<\/ul>\n<p>Para los principiantes, se recomienda jugar partidas demo que les permitan familiarizarse con las reglas y el ritmo del juego. Las estrategias no garantizan el premio, pero s\u00ed aumentan las probabilidades de ganar. Tambi\u00e9n se recomienda jugar en una sala con pocos jugadores. Para los jugadores m\u00e1s experimentados, una buena idea es jugar con tantos cartones como sea posible; esto aumenta sus probabilidades de ganar. El bingo se juega con 30, 75, 80 y 90 bolas.<\/p>\n<p>Tu mejor opci\u00f3n ser\u00eda <a class=\"thirstylink\" title=\"Bingo Billy en\" href=\"https:\/\/gambling6.com\/go\/bingobilly-en\/\" target=\"_blank\" rel=\"nofollow noopener\">Bingo Billy &#8211; haz clic aqu\u00ed para jugar<\/a>, \u00a1y recibir\u00e1s $30 en cartones de bingo gratis para empezar! Bingo Billy acepta jugadores de todo el mundo, incluyendo Estados Unidos.<\/p>\n<h2>Bingo de 30 bolas<\/h2>\n<p>El jugador elige un total de 30 bolas y utiliza una escala del 1 al 75. Las zonas de bingo constan de cinco casillas cada una. Tras comprar el cart\u00f3n, el jugador debe elegir un total de 30 n\u00fameros. Los n\u00fameros se extraen y se marcan autom\u00e1ticamente en el cart\u00f3n. Se completa el bingo cuando el jugador tiene cinco o seis n\u00fameros extra\u00eddos que le permiten formar una l\u00ednea vertical, horizontal o diagonal. La partida termina cuando se han extra\u00eddo las 30 bolas. El jugador que consigue m\u00e1s l\u00edneas de bingo es declarado ganador.<\/p>\n<h2>Bingo de 90 bolas<\/h2>\n<p>El cart\u00f3n est\u00e1 formado por grupos de 9 a 3, con un total de 27 casillas. Cada fila tiene 5 n\u00fameros y 4 casillas vac\u00edas. El n\u00famero total de n\u00fameros en el cart\u00f3n es 15.<\/p>\n<h2>Juego de bingo con 80 bolas<\/h2>\n<p>Aqu\u00ed, en cada cart\u00f3n, hay 16 n\u00fameros, 4 filas y 4 columnas.<\/p>\n<h2>Estrategias de bingo online<\/h2>\n<p>Joseph E. Granville afirm\u00f3 que puede \u00abaumentar las probabilidades a favor hasta en un 50%\u00bb. Tambi\u00e9n mencion\u00f3 que los n\u00fameros que se extraen de forma verdaderamente aleatoria siguen el siguiente patr\u00f3n: igual n\u00famero de n\u00fameros que terminan en 1, 2, 3, 4, 5, 6, 7, 8 y 9; los n\u00fameros grandes y peque\u00f1os se equilibran a medida que avanza el juego; los n\u00fameros extra\u00eddos se acercan al 38, siendo m\u00e1s precisos hacia el centro.<\/p>\n<p><strong>Un ejemplo de un cart\u00f3n aleatorio seg\u00fan el patr\u00f3n de Joseph E. Granville es<\/strong> 6, 11, 24, 32, 43, 57, 38, 69. El estad\u00edstico brit\u00e1nico L.C.H. Tippet formul\u00f3 una teor\u00eda seg\u00fan la cual los n\u00fameros se extraen con una probabilidad cercana a 38. Dicho esto, tienes a tu disposici\u00f3n una amplia gama de sitios y una breve introducci\u00f3n al mundo del bingo. Seg\u00fan tus preferencias, puedes decidir qu\u00e9 versi\u00f3n te conviene m\u00e1s. \u00a1Buena suerte!<\/p>\n","protected":false},"excerpt":{"rendered":"<p>Informaci\u00f3n b\u00e1sica sobre el Bingo El bingo es un juego para todas las edades. Su origen se remonta a la Italia del siglo XVI, donde se jugaba con el nombre de \u00abIl Giuoco del Lotto d&#8217;Italia\u00bb y posteriormente se extendi\u00f3 por toda Europa. El bingo es un juego social donde la rapidez de reacci\u00f3n, la [&hellip;]<\/p>\n","protected":false},"author":1,"featured_media":0,"parent":0,"menu_order":6,"comment_status":"closed","ping_status":"closed","template":"","meta":{"footnotes":""},"class_list":["post-8540","page","type-page","status-publish","hentry"],"yoast_head":"<!-- This site is optimized with the Yoast SEO plugin v27.4 - https:\/\/yoast.com\/product\/yoast-seo-wordpress\/ -->\n<title>Informaci\u00f3n b\u00e1sica sobre el bingo<\/title>\n<meta name=\"description\" content=\"Todo sobre el bingo online y los mejores sitios para jugar al bingo online.\" \/>\n<meta name=\"robots\" content=\"index, follow, max-snippet:-1, max-image-preview:large, max-video-preview:-1\" \/>\n<link rel=\"canonical\" href=\"https:\/\/gambling6.com\/es\/bingo\/\" \/>\n<meta property=\"og:locale\" content=\"es_ES\" \/>\n<meta property=\"og:type\" content=\"article\" \/>\n<meta property=\"og:title\" content=\"Informaci\u00f3n b\u00e1sica sobre el bingo\" \/>\n<meta property=\"og:description\" content=\"Todo sobre el bingo online y los mejores sitios para jugar al bingo online.\" \/>\n<meta property=\"og:url\" content=\"https:\/\/gambling6.com\/es\/bingo\/\" \/>\n<meta property=\"og:site_name\" content=\"Gambling6\" \/>\n<meta property=\"article:modified_time\" content=\"2025-11-15T07:57:20+00:00\" \/>\n<meta property=\"og:image\" content=\"https:\/\/media.revenueplanet.com\/uploads\/nbb-120x600-oct-free.gif\" \/>\n<meta name=\"twitter:card\" content=\"summary_large_image\" \/>\n<meta name=\"twitter:label1\" content=\"Tiempo de lectura\" \/>\n\t<meta name=\"twitter:data1\" content=\"6 minutos\" \/>\n<script type=\"application\/ld+json\" class=\"yoast-schema-graph\">{\"@context\":\"https:\\\/\\\/schema.org\",\"@graph\":[{\"@type\":\"WebPage\",\"@id\":\"https:\\\/\\\/gambling6.com\\\/es\\\/bingo\\\/\",\"url\":\"https:\\\/\\\/gambling6.com\\\/es\\\/bingo\\\/\",\"name\":\"Informaci\u00f3n b\u00e1sica sobre el bingo\",\"isPartOf\":{\"@id\":\"https:\\\/\\\/gambling6.com\\\/es\\\/#website\"},\"primaryImageOfPage\":{\"@id\":\"https:\\\/\\\/gambling6.com\\\/es\\\/bingo\\\/#primaryimage\"},\"image\":{\"@id\":\"https:\\\/\\\/gambling6.com\\\/es\\\/bingo\\\/#primaryimage\"},\"thumbnailUrl\":\"https:\\\/\\\/media.revenueplanet.com\\\/uploads\\\/nbb-120x600-oct-free.gif\",\"datePublished\":\"2025-11-07T19:48:22+00:00\",\"dateModified\":\"2025-11-15T07:57:20+00:00\",\"description\":\"Todo sobre el bingo online y los mejores sitios para jugar al bingo online.\",\"breadcrumb\":{\"@id\":\"https:\\\/\\\/gambling6.com\\\/es\\\/bingo\\\/#breadcrumb\"},\"inLanguage\":\"es\",\"potentialAction\":[{\"@type\":\"ReadAction\",\"target\":[\"https:\\\/\\\/gambling6.com\\\/es\\\/bingo\\\/\"]}]},{\"@type\":\"ImageObject\",\"inLanguage\":\"es\",\"@id\":\"https:\\\/\\\/gambling6.com\\\/es\\\/bingo\\\/#primaryimage\",\"url\":\"https:\\\/\\\/media.revenueplanet.com\\\/uploads\\\/nbb-120x600-oct-free.gif\",\"contentUrl\":\"https:\\\/\\\/media.revenueplanet.com\\\/uploads\\\/nbb-120x600-oct-free.gif\"},{\"@type\":\"BreadcrumbList\",\"@id\":\"https:\\\/\\\/gambling6.com\\\/es\\\/bingo\\\/#breadcrumb\",\"itemListElement\":[{\"@type\":\"ListItem\",\"position\":1,\"name\":\"Home\",\"item\":\"https:\\\/\\\/gambling6.com\\\/es\\\/home\\\/\"},{\"@type\":\"ListItem\",\"position\":2,\"name\":\"Bingo\"}]},{\"@type\":\"WebSite\",\"@id\":\"https:\\\/\\\/gambling6.com\\\/es\\\/#website\",\"url\":\"https:\\\/\\\/gambling6.com\\\/es\\\/\",\"name\":\"Gambling6\",\"description\":\"\",\"potentialAction\":[{\"@type\":\"SearchAction\",\"target\":{\"@type\":\"EntryPoint\",\"urlTemplate\":\"https:\\\/\\\/gambling6.com\\\/es\\\/?s={search_term_string}\"},\"query-input\":{\"@type\":\"PropertyValueSpecification\",\"valueRequired\":true,\"valueName\":\"search_term_string\"}}],\"inLanguage\":\"es\"}]}<\/script>\n<!-- \/ Yoast SEO plugin. -->","yoast_head_json":{"title":"Informaci\u00f3n b\u00e1sica sobre el bingo","description":"Todo sobre el bingo online y los mejores sitios para jugar al bingo online.","robots":{"index":"index","follow":"follow","max-snippet":"max-snippet:-1","max-image-preview":"max-image-preview:large","max-video-preview":"max-video-preview:-1"},"canonical":"https:\/\/gambling6.com\/es\/bingo\/","og_locale":"es_ES","og_type":"article","og_title":"Informaci\u00f3n b\u00e1sica sobre el bingo","og_description":"Todo sobre el bingo online y los mejores sitios para jugar al bingo online.","og_url":"https:\/\/gambling6.com\/es\/bingo\/","og_site_name":"Gambling6","article_modified_time":"2025-11-15T07:57:20+00:00","og_image":[{"url":"https:\/\/media.revenueplanet.com\/uploads\/nbb-120x600-oct-free.gif","type":"","width":"","height":""}],"twitter_card":"summary_large_image","twitter_misc":{"Tiempo de lectura":"6 minutos"},"schema":{"@context":"https:\/\/schema.org","@graph":[{"@type":"WebPage","@id":"https:\/\/gambling6.com\/es\/bingo\/","url":"https:\/\/gambling6.com\/es\/bingo\/","name":"Informaci\u00f3n b\u00e1sica sobre el bingo","isPartOf":{"@id":"https:\/\/gambling6.com\/es\/#website"},"primaryImageOfPage":{"@id":"https:\/\/gambling6.com\/es\/bingo\/#primaryimage"},"image":{"@id":"https:\/\/gambling6.com\/es\/bingo\/#primaryimage"},"thumbnailUrl":"https:\/\/media.revenueplanet.com\/uploads\/nbb-120x600-oct-free.gif","datePublished":"2025-11-07T19:48:22+00:00","dateModified":"2025-11-15T07:57:20+00:00","description":"Todo sobre el bingo online y los mejores sitios para jugar al bingo online.","breadcrumb":{"@id":"https:\/\/gambling6.com\/es\/bingo\/#breadcrumb"},"inLanguage":"es","potentialAction":[{"@type":"ReadAction","target":["https:\/\/gambling6.com\/es\/bingo\/"]}]},{"@type":"ImageObject","inLanguage":"es","@id":"https:\/\/gambling6.com\/es\/bingo\/#primaryimage","url":"https:\/\/media.revenueplanet.com\/uploads\/nbb-120x600-oct-free.gif","contentUrl":"https:\/\/media.revenueplanet.com\/uploads\/nbb-120x600-oct-free.gif"},{"@type":"BreadcrumbList","@id":"https:\/\/gambling6.com\/es\/bingo\/#breadcrumb","itemListElement":[{"@type":"ListItem","position":1,"name":"Home","item":"https:\/\/gambling6.com\/es\/home\/"},{"@type":"ListItem","position":2,"name":"Bingo"}]},{"@type":"WebSite","@id":"https:\/\/gambling6.com\/es\/#website","url":"https:\/\/gambling6.com\/es\/","name":"Gambling6","description":"","potentialAction":[{"@type":"SearchAction","target":{"@type":"EntryPoint","urlTemplate":"https:\/\/gambling6.com\/es\/?s={search_term_string}"},"query-input":{"@type":"PropertyValueSpecification","valueRequired":true,"valueName":"search_term_string"}}],"inLanguage":"es"}]}},"_links":{"self":[{"href":"https:\/\/gambling6.com\/es\/wp-json\/wp\/v2\/pages\/8540","targetHints":{"allow":["GET"]}}],"collection":[{"href":"https:\/\/gambling6.com\/es\/wp-json\/wp\/v2\/pages"}],"about":[{"href":"https:\/\/gambling6.com\/es\/wp-json\/wp\/v2\/types\/page"}],"author":[{"embeddable":true,"href":"https:\/\/gambling6.com\/es\/wp-json\/wp\/v2\/users\/1"}],"replies":[{"embeddable":true,"href":"https:\/\/gambling6.com\/es\/wp-json\/wp\/v2\/comments?post=8540"}],"version-history":[{"count":2,"href":"https:\/\/gambling6.com\/es\/wp-json\/wp\/v2\/pages\/8540\/revisions"}],"predecessor-version":[{"id":10826,"href":"https:\/\/gambling6.com\/es\/wp-json\/wp\/v2\/pages\/8540\/revisions\/10826"}],"wp:attachment":[{"href":"https:\/\/gambling6.com\/es\/wp-json\/wp\/v2\/media?parent=8540"}],"curies":[{"name":"wp","href":"https:\/\/api.w.org\/{rel}","templated":true}]}}