{"id":8593,"date":"2025-11-07T21:08:29","date_gmt":"2025-11-07T21:08:29","guid":{"rendered":"https:\/\/gambling6.com\/casino\/apuestas-moviles-juega-donde-quieras\/"},"modified":"2025-11-12T09:29:52","modified_gmt":"2025-11-12T09:29:52","slug":"apuestas-moviles-juega-donde-quieras","status":"publish","type":"page","link":"https:\/\/gambling6.com\/es\/casino\/apuestas-moviles-juega-donde-quieras\/","title":{"rendered":"Apuestas m\u00f3viles: juega donde quieras."},"content":{"rendered":"<h2>Juegos de azar en l\u00ednea desde dispositivos m\u00f3viles<\/h2>\n<h3>HTML5 vs. Aplicaciones nativas: \u00a1t\u00fa decides!<\/h3>\n<p>Al consultar un buen directorio de juegos de azar, es f\u00e1cil ver que existen muchas opciones excelentes para los jugadores que desean disfrutar de sus juegos favoritos en l\u00ednea. Varios sitios ofrecen juegos de azar en l\u00ednea seguros en pr\u00e1cticamente todas las categor\u00edas, con el p\u00f3ker, el casino y las apuestas deportivas generalmente a la cabeza. Es importante destacar que tambi\u00e9n existen opciones para jugadores estadounidenses, a pesar de las regulaciones en este mercado, por lo que los estadounidenses no deber\u00edan tener problemas para encontrar un sitio confiable a trav\u00e9s de un portal de juegos de azar en l\u00ednea.<\/p>\n<p><img loading=\"lazy\" decoding=\"async\" class=\" alignright size-full wp-image-400\" style=\"margin: 5px; float: right;\" src=\"http:\/\/gambling6.com\/wp-content\/uploads\/2013\/12\/mobile-gambling-150x150.jpg\" alt=\"aplicaciones de juego m\u00f3vil\" width=\"150\" height=\"150\" \/>Si bien la oferta de juegos de azar en l\u00ednea sigue creciendo, la tendencia apunta a que el juego m\u00f3vil es el futuro. Pr\u00e1cticamente todos los principales operadores del sector ya cuentan con una aplicaci\u00f3n m\u00f3vil, o est\u00e1n trabajando en ella, que permite a sus usuarios acceder a los mismos servicios que tienen en casa desde un tel\u00e9fono inteligente. En una entrevista reciente, el director de informaci\u00f3n de Intralot, el Dr. Christos Dimitriadis, afirm\u00f3 que el juego m\u00f3vil ser\u00e1 legal en todos los pa\u00edses de la Uni\u00f3n Europea.<\/p>\n<p>Aunque no especific\u00f3 cu\u00e1ndo es probable que esto ocurra, la necesidad de que los estados mantengan el control sobre el juego hace que el juego m\u00f3vil sea legal y est\u00e9 sujeto a una estricta regulaci\u00f3n. A medida que m\u00e1s y m\u00e1s jugadores acceden a sus juegos desde dispositivos m\u00f3viles, tanto los operadores como los reguladores de los distintos mercados deben colaborar para alcanzar una soluci\u00f3n \u00f3ptima.<\/p>\n<h2>HTML5<\/h2>\n<p>Algunos de los principales operadores del mercado de juegos de azar en l\u00ednea ya han dado pasos importantes para mejorar sus ofertas m\u00f3viles. 888 es conocido mundialmente, principalmente por sus apuestas deportivas en l\u00ednea, que cubren pr\u00e1cticamente todo el planeta y ofrecen apuestas en los principales deportes y diversas ligas. El sitio tambi\u00e9n cuenta con juegos de casino, p\u00f3ker, bingo y otras categor\u00edas de juegos en l\u00ednea, lo que lo convierte en uno de los nombres m\u00e1s importantes de la industria.<\/p>\n<p><a class=\"thirstylink\" title=\"888 casino en\" href=\"https:\/\/gambling6.com\/go\/888-casino-en\/\" target=\"_blank\" rel=\"nofollow noopener\"><strong>Haz clic aqu\u00ed para visitar 888 Casino<\/strong><\/a> &#8211; crea una cuenta de jugador gratuita y luego descarga la aplicaci\u00f3n m\u00f3vil.<\/p>\n<p>Recientemente, 888 actualiz\u00f3 su plataforma m\u00f3vil a una versi\u00f3n HTML5 para que sea mucho m\u00e1s c\u00f3moda para los jugadores. B\u00e1sicamente, la transmisi\u00f3n de audio y video del operador ahora funcionar\u00e1 con HTML5, lo que permitir\u00e1 a los usuarios seguir la acci\u00f3n en su dispositivo preferido sin necesidad de un complemento Flash. Esto tambi\u00e9n abre la puerta a nuevas posibilidades, ya que los usuarios ahora pueden realizar apuestas mientras reciben datos en tiempo real. La versi\u00f3n HTML5 tambi\u00e9n ofrece una mejor experiencia de usuario. Puede detectar el tama\u00f1o de la pantalla del dispositivo, las capacidades del sistema y las conexiones disponibles.<\/p>\n<p>Esto implica tomar las precauciones necesarias para garantizar un funcionamiento fluido, como reducir la calidad o esperar antes de reproducir un video para ahorrar ancho de banda. Los sitios web de rese\u00f1as de juegos de azar facilitan mucho la b\u00fasqueda de un casino en l\u00ednea confiable al agrupar los sitios en diferentes categor\u00edas seg\u00fan sus puntos fuertes. Algunos sitios tienden a centrarse en sus ofertas para m\u00f3viles, y los casinos en l\u00ednea de EE. UU. siempre son un excelente tema de debate.<\/p>\n<h2>Aplicaciones nativas<\/h2>\n<p>Las aplicaciones nativas requieren descarga e instalaci\u00f3n, lo que significa que se necesitan diferentes versiones para admitir los diversos sistemas operativos m\u00f3viles disponibles actualmente. Si bien son muy comunes entre los casinos en l\u00ednea, est\u00e1n perdiendo terreno frente a HTML5. Existen numerosas razones para ello, siendo la principal que una sola versi\u00f3n HTML5 puede adaptarse a todos los dispositivos m\u00f3viles y realizar los cambios necesarios autom\u00e1ticamente. Es fundamental destacar que, como se mencion\u00f3 anteriormente, 888 no abandonar\u00e1 sus aplicaciones nativas ni dejar\u00e1 de utilizar la tecnolog\u00eda HTML4.<\/p>\n<p>Este es un excelente ejemplo para otros operadores, ya que cambiar a HTML5 de la noche a la ma\u00f1ana y abandonar las opciones anteriores significar\u00eda que algunos usuarios ya no tendr\u00edan acceso a las ofertas. No todos los jugadores cuentan con la tecnolog\u00eda necesaria para ejecutar la nueva generaci\u00f3n de software a la perfecci\u00f3n, por lo que, si bien este es un buen paso hacia una mejor experiencia de juego m\u00f3vil, no deber\u00eda afectar negativamente a los clientes actuales. Las aplicaciones nativas siguen siendo una excelente manera de disfrutar de los juegos de casino en l\u00ednea en diversos dispositivos m\u00f3viles. El proceso de configuraci\u00f3n inicial suele ser r\u00e1pido, por lo que, si bien HTML5 ser\u00e1 el pr\u00f3ximo gran paso para todos los operadores, las ofertas disponibles actualmente tambi\u00e9n son bastante atractivas.<\/p>\n","protected":false},"excerpt":{"rendered":"<p>Juegos de azar en l\u00ednea desde dispositivos m\u00f3viles HTML5 vs. Aplicaciones nativas: \u00a1t\u00fa decides! Al consultar un buen directorio de juegos de azar, es f\u00e1cil ver que existen muchas opciones excelentes para los jugadores que desean disfrutar de sus juegos favoritos en l\u00ednea. Varios sitios ofrecen juegos de azar en l\u00ednea seguros en pr\u00e1cticamente todas [&hellip;]<\/p>\n","protected":false},"author":1,"featured_media":404,"parent":8333,"menu_order":40,"comment_status":"closed","ping_status":"closed","template":"","meta":{"footnotes":""},"class_list":["post-8593","page","type-page","status-publish","has-post-thumbnail","hentry"],"yoast_head":"<!-- This site is optimized with the Yoast SEO plugin v27.4 - https:\/\/yoast.com\/product\/yoast-seo-wordpress\/ -->\n<title>Juegos de azar en l\u00ednea en dispositivos m\u00f3viles<\/title>\n<meta name=\"description\" content=\"Los juegos de azar m\u00f3viles est\u00e1n ganando cada vez m\u00e1s popularidad y las aplicaciones est\u00e1n incorporando mejores gr\u00e1ficos y m\u00e1s funciones.\" \/>\n<meta name=\"robots\" content=\"index, follow, max-snippet:-1, max-image-preview:large, max-video-preview:-1\" \/>\n<link rel=\"canonical\" href=\"https:\/\/gambling6.com\/es\/casino\/apuestas-moviles-juega-donde-quieras\/\" \/>\n<meta property=\"og:locale\" content=\"es_ES\" \/>\n<meta property=\"og:type\" content=\"article\" \/>\n<meta property=\"og:title\" content=\"Juegos de azar en l\u00ednea en dispositivos m\u00f3viles\" \/>\n<meta property=\"og:description\" content=\"Los juegos de azar m\u00f3viles est\u00e1n ganando cada vez m\u00e1s popularidad y las aplicaciones est\u00e1n incorporando mejores gr\u00e1ficos y m\u00e1s funciones.\" \/>\n<meta property=\"og:url\" content=\"https:\/\/gambling6.com\/es\/casino\/apuestas-moviles-juega-donde-quieras\/\" \/>\n<meta property=\"og:site_name\" content=\"Gambling6\" \/>\n<meta property=\"article:modified_time\" content=\"2025-11-12T09:29:52+00:00\" \/>\n<meta property=\"og:image\" content=\"https:\/\/gambling6.com\/wp-content\/uploads\/2013\/12\/mobile-gambling-150x150.jpg\" \/>\n\t<meta property=\"og:image:width\" content=\"150\" \/>\n\t<meta property=\"og:image:height\" content=\"150\" \/>\n\t<meta property=\"og:image:type\" content=\"image\/jpeg\" \/>\n<meta name=\"twitter:card\" content=\"summary_large_image\" \/>\n<meta name=\"twitter:label1\" content=\"Tiempo de lectura\" \/>\n\t<meta name=\"twitter:data1\" content=\"4 minutos\" \/>\n<script type=\"application\/ld+json\" class=\"yoast-schema-graph\">{\"@context\":\"https:\\\/\\\/schema.org\",\"@graph\":[{\"@type\":\"WebPage\",\"@id\":\"https:\\\/\\\/gambling6.com\\\/es\\\/casino\\\/apuestas-moviles-juega-donde-quieras\\\/\",\"url\":\"https:\\\/\\\/gambling6.com\\\/es\\\/casino\\\/apuestas-moviles-juega-donde-quieras\\\/\",\"name\":\"Juegos de azar en l\u00ednea en dispositivos m\u00f3viles\",\"isPartOf\":{\"@id\":\"https:\\\/\\\/gambling6.com\\\/es\\\/#website\"},\"primaryImageOfPage\":{\"@id\":\"https:\\\/\\\/gambling6.com\\\/es\\\/casino\\\/apuestas-moviles-juega-donde-quieras\\\/#primaryimage\"},\"image\":{\"@id\":\"https:\\\/\\\/gambling6.com\\\/es\\\/casino\\\/apuestas-moviles-juega-donde-quieras\\\/#primaryimage\"},\"thumbnailUrl\":\"https:\\\/\\\/gambling6.com\\\/wp-content\\\/uploads\\\/2013\\\/12\\\/mobile-gambling-150x150.jpg\",\"datePublished\":\"2025-11-07T21:08:29+00:00\",\"dateModified\":\"2025-11-12T09:29:52+00:00\",\"description\":\"Los juegos de azar m\u00f3viles est\u00e1n ganando cada vez m\u00e1s popularidad y las aplicaciones est\u00e1n incorporando mejores gr\u00e1ficos y m\u00e1s funciones.\",\"breadcrumb\":{\"@id\":\"https:\\\/\\\/gambling6.com\\\/es\\\/casino\\\/apuestas-moviles-juega-donde-quieras\\\/#breadcrumb\"},\"inLanguage\":\"es\",\"potentialAction\":[{\"@type\":\"ReadAction\",\"target\":[\"https:\\\/\\\/gambling6.com\\\/es\\\/casino\\\/apuestas-moviles-juega-donde-quieras\\\/\"]}]},{\"@type\":\"ImageObject\",\"inLanguage\":\"es\",\"@id\":\"https:\\\/\\\/gambling6.com\\\/es\\\/casino\\\/apuestas-moviles-juega-donde-quieras\\\/#primaryimage\",\"url\":\"https:\\\/\\\/gambling6.com\\\/wp-content\\\/uploads\\\/2013\\\/12\\\/mobile-gambling-150x150.jpg\",\"contentUrl\":\"https:\\\/\\\/gambling6.com\\\/wp-content\\\/uploads\\\/2013\\\/12\\\/mobile-gambling-150x150.jpg\",\"width\":150,\"height\":150,\"caption\":\"online slotmachine\"},{\"@type\":\"BreadcrumbList\",\"@id\":\"https:\\\/\\\/gambling6.com\\\/es\\\/casino\\\/apuestas-moviles-juega-donde-quieras\\\/#breadcrumb\",\"itemListElement\":[{\"@type\":\"ListItem\",\"position\":1,\"name\":\"Home\",\"item\":\"https:\\\/\\\/gambling6.com\\\/es\\\/home\\\/\"},{\"@type\":\"ListItem\",\"position\":2,\"name\":\"Casino\",\"item\":\"https:\\\/\\\/gambling6.com\\\/es\\\/get-started-with-online-gambling\\\/\"},{\"@type\":\"ListItem\",\"position\":3,\"name\":\"Apuestas m\u00f3viles: juega donde quieras.\"}]},{\"@type\":\"WebSite\",\"@id\":\"https:\\\/\\\/gambling6.com\\\/es\\\/#website\",\"url\":\"https:\\\/\\\/gambling6.com\\\/es\\\/\",\"name\":\"Gambling6\",\"description\":\"\",\"potentialAction\":[{\"@type\":\"SearchAction\",\"target\":{\"@type\":\"EntryPoint\",\"urlTemplate\":\"https:\\\/\\\/gambling6.com\\\/es\\\/?s={search_term_string}\"},\"query-input\":{\"@type\":\"PropertyValueSpecification\",\"valueRequired\":true,\"valueName\":\"search_term_string\"}}],\"inLanguage\":\"es\"}]}<\/script>\n<!-- \/ Yoast SEO plugin. -->","yoast_head_json":{"title":"Juegos de azar en l\u00ednea en dispositivos m\u00f3viles","description":"Los juegos de azar m\u00f3viles est\u00e1n ganando cada vez m\u00e1s popularidad y las aplicaciones est\u00e1n incorporando mejores gr\u00e1ficos y m\u00e1s funciones.","robots":{"index":"index","follow":"follow","max-snippet":"max-snippet:-1","max-image-preview":"max-image-preview:large","max-video-preview":"max-video-preview:-1"},"canonical":"https:\/\/gambling6.com\/es\/casino\/apuestas-moviles-juega-donde-quieras\/","og_locale":"es_ES","og_type":"article","og_title":"Juegos de azar en l\u00ednea en dispositivos m\u00f3viles","og_description":"Los juegos de azar m\u00f3viles est\u00e1n ganando cada vez m\u00e1s popularidad y las aplicaciones est\u00e1n incorporando mejores gr\u00e1ficos y m\u00e1s funciones.","og_url":"https:\/\/gambling6.com\/es\/casino\/apuestas-moviles-juega-donde-quieras\/","og_site_name":"Gambling6","article_modified_time":"2025-11-12T09:29:52+00:00","og_image":[{"width":150,"height":150,"url":"https:\/\/gambling6.com\/wp-content\/uploads\/2013\/12\/mobile-gambling-150x150.jpg","type":"image\/jpeg"}],"twitter_card":"summary_large_image","twitter_misc":{"Tiempo de lectura":"4 minutos"},"schema":{"@context":"https:\/\/schema.org","@graph":[{"@type":"WebPage","@id":"https:\/\/gambling6.com\/es\/casino\/apuestas-moviles-juega-donde-quieras\/","url":"https:\/\/gambling6.com\/es\/casino\/apuestas-moviles-juega-donde-quieras\/","name":"Juegos de azar en l\u00ednea en dispositivos m\u00f3viles","isPartOf":{"@id":"https:\/\/gambling6.com\/es\/#website"},"primaryImageOfPage":{"@id":"https:\/\/gambling6.com\/es\/casino\/apuestas-moviles-juega-donde-quieras\/#primaryimage"},"image":{"@id":"https:\/\/gambling6.com\/es\/casino\/apuestas-moviles-juega-donde-quieras\/#primaryimage"},"thumbnailUrl":"https:\/\/gambling6.com\/wp-content\/uploads\/2013\/12\/mobile-gambling-150x150.jpg","datePublished":"2025-11-07T21:08:29+00:00","dateModified":"2025-11-12T09:29:52+00:00","description":"Los juegos de azar m\u00f3viles est\u00e1n ganando cada vez m\u00e1s popularidad y las aplicaciones est\u00e1n incorporando mejores gr\u00e1ficos y m\u00e1s funciones.","breadcrumb":{"@id":"https:\/\/gambling6.com\/es\/casino\/apuestas-moviles-juega-donde-quieras\/#breadcrumb"},"inLanguage":"es","potentialAction":[{"@type":"ReadAction","target":["https:\/\/gambling6.com\/es\/casino\/apuestas-moviles-juega-donde-quieras\/"]}]},{"@type":"ImageObject","inLanguage":"es","@id":"https:\/\/gambling6.com\/es\/casino\/apuestas-moviles-juega-donde-quieras\/#primaryimage","url":"https:\/\/gambling6.com\/wp-content\/uploads\/2013\/12\/mobile-gambling-150x150.jpg","contentUrl":"https:\/\/gambling6.com\/wp-content\/uploads\/2013\/12\/mobile-gambling-150x150.jpg","width":150,"height":150,"caption":"online slotmachine"},{"@type":"BreadcrumbList","@id":"https:\/\/gambling6.com\/es\/casino\/apuestas-moviles-juega-donde-quieras\/#breadcrumb","itemListElement":[{"@type":"ListItem","position":1,"name":"Home","item":"https:\/\/gambling6.com\/es\/home\/"},{"@type":"ListItem","position":2,"name":"Casino","item":"https:\/\/gambling6.com\/es\/get-started-with-online-gambling\/"},{"@type":"ListItem","position":3,"name":"Apuestas m\u00f3viles: juega donde quieras."}]},{"@type":"WebSite","@id":"https:\/\/gambling6.com\/es\/#website","url":"https:\/\/gambling6.com\/es\/","name":"Gambling6","description":"","potentialAction":[{"@type":"SearchAction","target":{"@type":"EntryPoint","urlTemplate":"https:\/\/gambling6.com\/es\/?s={search_term_string}"},"query-input":{"@type":"PropertyValueSpecification","valueRequired":true,"valueName":"search_term_string"}}],"inLanguage":"es"}]}},"_links":{"self":[{"href":"https:\/\/gambling6.com\/es\/wp-json\/wp\/v2\/pages\/8593","targetHints":{"allow":["GET"]}}],"collection":[{"href":"https:\/\/gambling6.com\/es\/wp-json\/wp\/v2\/pages"}],"about":[{"href":"https:\/\/gambling6.com\/es\/wp-json\/wp\/v2\/types\/page"}],"author":[{"embeddable":true,"href":"https:\/\/gambling6.com\/es\/wp-json\/wp\/v2\/users\/1"}],"replies":[{"embeddable":true,"href":"https:\/\/gambling6.com\/es\/wp-json\/wp\/v2\/comments?post=8593"}],"version-history":[{"count":1,"href":"https:\/\/gambling6.com\/es\/wp-json\/wp\/v2\/pages\/8593\/revisions"}],"predecessor-version":[{"id":10475,"href":"https:\/\/gambling6.com\/es\/wp-json\/wp\/v2\/pages\/8593\/revisions\/10475"}],"up":[{"embeddable":true,"href":"https:\/\/gambling6.com\/es\/wp-json\/wp\/v2\/pages\/8333"}],"wp:featuredmedia":[{"embeddable":true,"href":"https:\/\/gambling6.com\/es\/wp-json\/wp\/v2\/media\/404"}],"wp:attachment":[{"href":"https:\/\/gambling6.com\/es\/wp-json\/wp\/v2\/media?parent=8593"}],"curies":[{"name":"wp","href":"https:\/\/api.w.org\/{rel}","templated":true}]}}