{"id":8658,"date":"2025-11-07T22:24:09","date_gmt":"2025-11-07T22:24:09","guid":{"rendered":"https:\/\/gambling6.com\/jugar-en-sitios-de-poker-europeos\/"},"modified":"2025-11-12T17:58:48","modified_gmt":"2025-11-12T17:58:48","slug":"jugar-en-sitios-de-poker-europeos","status":"publish","type":"page","link":"https:\/\/gambling6.com\/es\/poker\/jugar-en-sitios-de-poker-europeos\/","title":{"rendered":"Jugar en sitios de p\u00f3ker europeos"},"content":{"rendered":"<h2>Tambi\u00e9n hay sitios europeos con p\u00f3ker.<\/h2>\n<p>En los \u00faltimos a\u00f1os, la popularidad del p\u00f3ker ha alcanzado cotas sin precedentes. Los pa\u00edses europeos representan un mercado importante para los sitios de p\u00f3ker en l\u00ednea, y la represi\u00f3n del gobierno estadounidense contra el juego en l\u00ednea ha obligado a los operadores a centrarse considerablemente en el mercado europeo. Si bien el p\u00f3ker en vivo es una pasi\u00f3n entre los europeos, el p\u00f3ker en l\u00ednea est\u00e1 ganando terreno r\u00e1pidamente entre los jugadores m\u00e1s familiarizados con internet. Pa\u00edses como el Reino Unido, Austria y Alemania incluso organizan torneos y giras internacionales de p\u00f3ker.<\/p>\n<p><img loading=\"lazy\" decoding=\"async\" class=\"size-full wp-image-3075 alignright\" src=\"https:\/\/gambling6.com\/wp-content\/uploads\/2022\/04\/poker_bonusode_test_bericht.png\" alt=\"sitios de p\u00f3ker europeos\" width=\"246\" height=\"200\" \/>El continente europeo est\u00e1 formado por varios pa\u00edses miembros de la Uni\u00f3n Europea (UE). El p\u00f3ker en l\u00ednea goza de buena reputaci\u00f3n en toda la Uni\u00f3n Europea; de hecho, las salas de p\u00f3ker en l\u00ednea no tienen prohibida su actividad en los mercados europeos. Sin embargo, cada Estado miembro aplica sus propias leyes en materia de juegos de azar en l\u00ednea. Por ello, explicar la legalidad del p\u00f3ker en l\u00ednea en Europa resulta bastante complejo. Si bien todos los Estados miembros de la Uni\u00f3n Europea deben aceptar los servicios de los dem\u00e1s, cada uno tiene la libertad de decidir sobre la legalidad de los juegos de azar en l\u00ednea.<\/p>\n<p>En consecuencia, algunos Estados miembros de la UE han prohibido los juegos de azar en l\u00ednea, otros los han legalizado y otros han adoptado una postura ambigua. Aunque jugar en l\u00ednea es legal, los jugadores europeos de p\u00f3ker en l\u00ednea deben actuar con cautela: se recomienda consultar la normativa local relativa a los juegos de azar en l\u00ednea antes de jugar. Si bien las salas de p\u00f3ker en l\u00ednea est\u00e1n sujetas a impuestos y reguladas por la Uni\u00f3n Europea, existen diferencias en las leyes de los Estados miembros en lo que respecta a los juegos de azar en l\u00ednea.<\/p>\n<h2>Mejor sala de p\u00f3ker en l\u00ednea para jugadores europeos<\/h2>\n<p>Los jugadores europeos de p\u00f3ker en l\u00ednea tienen una selecci\u00f3n mucho m\u00e1s amplia de salas de p\u00f3ker que los jugadores estadounidenses. La sala que destaca entre todas es 888 Poker.<\/p>\n<p>888 Poker es una de las salas de p\u00f3ker m\u00e1s conocidas de Europa. Adem\u00e1s, ofrece a los nuevos jugadores un saldo gratuito de 20 \u20ac, \u00a1un comienzo sin riesgo para jugar al p\u00f3ker con dinero real! Y, por si fuera poco, recibir\u00e1s otro bono de 300 \u20ac en tu siguiente dep\u00f3sito. <a class=\"thirstylink\" title=\"888 poker en\" href=\"https:\/\/gambling6.com\/go\/888-poker-en\/\" target=\"_blank\" rel=\"nofollow noopener\"><strong>Haz clic aqu\u00ed para registrarte en 888 y empezar a jugar con 20 \u20ac de dinero real gratis.<\/strong><\/a><br \/>\n<a href=\"https:\/\/ic.aff-handler.com\/C\/46138?sr=1073333&amp;anid=\" rel=\"nofollow\"><img loading=\"lazy\" decoding=\"async\" class=\"aligncenter\" src=\"https:\/\/ic.aff-handler.com\/I\/46138?sr=1073333&amp;anid=\" width=\"530\" height=\"68\" \/><\/a><\/p>\n<p>Por ejemplo, el Reino Unido permite a sus ciudadanos jugar en l\u00ednea y tambi\u00e9n autoriza la operaci\u00f3n de sitios de apuestas extranjeros en el pa\u00eds. En los Pa\u00edses Bajos, solo se permite a los residentes jugar en sitios de p\u00f3ker en l\u00ednea con licencia neerlandesa. Los pa\u00edses de Europa del Este, por otro lado, no participaban activamente en el sector del juego en l\u00ednea, pero \u00faltimamente, gracias al f\u00e1cil acceso a internet, tambi\u00e9n se han sumado. Recientemente, se present\u00f3 una propuesta a la UE para establecer un sistema regulatorio uniforme para el juego en l\u00ednea en todos los estados miembros. Esto contribuir\u00eda a estandarizar y simplificar el proceso de concesi\u00f3n de licencias en toda Europa.<\/p>\n<p>En cuanto a los jugadores de sitios de p\u00f3ker europeos, solo se les aplican las leyes fiscales. Los jugadores pagan impuestos en sus respectivos pa\u00edses y en la UE cuando depositan en un sitio de p\u00f3ker en l\u00ednea con sede en el extranjero. En los distintos pa\u00edses de Europa se hablan diferentes idiomas. Los sitios de p\u00f3ker europeos suelen atender a sus clientes en el idioma local. Sin embargo, algunos de los principales sitios de p\u00f3ker ofrecen sus p\u00e1ginas web en varios idiomas, ya que su software de p\u00f3ker es multiling\u00fce.<\/p>\n<p>El servicio de atenci\u00f3n al cliente tambi\u00e9n se ofrece en varios idiomas. Adem\u00e1s del ingl\u00e9s, el sitio de p\u00f3ker puede ofrecer franc\u00e9s, espa\u00f1ol, alem\u00e1n, neerland\u00e9s, dan\u00e9s, italiano, noruego, portugu\u00e9s, etc. Al igual que con los idiomas, los sitios de p\u00f3ker europeos aceptan diferentes divisas. Aunque las monedas principales son el d\u00f3lar estadounidense o la libra esterlina, el euro es la moneda com\u00fan en la UE. Los jugadores de p\u00f3ker europeos prefieren usar euros o libras esterlinas al realizar dep\u00f3sitos en un sitio de p\u00f3ker en l\u00ednea.<\/p>\n<p>Los sitios de p\u00f3ker europeos suelen ofrecer diversas opciones de dep\u00f3sito y retiro para adaptarse a los clientes de los distintos pa\u00edses de la Uni\u00f3n Europea. Los m\u00e9todos de pago habituales en los sitios de p\u00f3ker en l\u00ednea incluyen tarjetas de d\u00e9bito, tarjetas de cr\u00e9dito, monederos electr\u00f3nicos, transferencias bancarias y cheques electr\u00f3nicos. El m\u00e9todo m\u00e1s sencillo y popular para ingresar fondos en una cuenta de p\u00f3ker en l\u00ednea es mediante tarjeta de cr\u00e9dito. Sin embargo, algunos emisores de tarjetas de cr\u00e9dito pueden no aprobar transacciones para juegos de azar en l\u00ednea, por lo que conviene comprobarlo antes de optar por este m\u00e9todo.<\/p>\n<p>Muchos jugadores de p\u00f3ker encuentran conveniente ingresar fondos en sus cuentas de p\u00f3ker en l\u00ednea mediante monederos electr\u00f3nicos. Los jugadores pueden abrir una cuenta con cualquier servicio de monedero electr\u00f3nico y depositar fondos a trav\u00e9s de su banco.La cuenta de e-wallet se puede utilizar para realizar dep\u00f3sitos en la cuenta de p\u00f3ker. Entre las billeteras electr\u00f3nicas m\u00e1s populares ofrecidas por empresas europeas se encuentran Neteller, Moneybookers y e-WalletXpress. El jugador puede elegir entre muchas otras billeteras electr\u00f3nicas seg\u00fan sus necesidades.<\/p>\n","protected":false},"excerpt":{"rendered":"<p>Tambi\u00e9n hay sitios europeos con p\u00f3ker. En los \u00faltimos a\u00f1os, la popularidad del p\u00f3ker ha alcanzado cotas sin precedentes. Los pa\u00edses europeos representan un mercado importante para los sitios de p\u00f3ker en l\u00ednea, y la represi\u00f3n del gobierno estadounidense contra el juego en l\u00ednea ha obligado a los operadores a centrarse considerablemente en el mercado [&hellip;]<\/p>\n","protected":false},"author":1,"featured_media":0,"parent":8783,"menu_order":22,"comment_status":"closed","ping_status":"closed","template":"","meta":{"footnotes":""},"class_list":["post-8658","page","type-page","status-publish","hentry"],"yoast_head":"<!-- This site is optimized with the Yoast SEO plugin v27.4 - https:\/\/yoast.com\/product\/yoast-seo-wordpress\/ -->\n<title>Mejores sitios de p\u00f3ker europeos<\/title>\n<meta name=\"description\" content=\"Los jugadores de p\u00f3ker europeos tienen muchas salas para elegir; aqu\u00ed est\u00e1n nuestras salas de p\u00f3ker favoritas de la UE.\" \/>\n<meta name=\"robots\" content=\"index, follow, max-snippet:-1, max-image-preview:large, max-video-preview:-1\" \/>\n<link rel=\"canonical\" href=\"https:\/\/gambling6.com\/es\/poker\/jugar-en-sitios-de-poker-europeos\/\" \/>\n<meta property=\"og:locale\" content=\"es_ES\" \/>\n<meta property=\"og:type\" content=\"article\" \/>\n<meta property=\"og:title\" content=\"Mejores sitios de p\u00f3ker europeos\" \/>\n<meta property=\"og:description\" content=\"Los jugadores de p\u00f3ker europeos tienen muchas salas para elegir; aqu\u00ed est\u00e1n nuestras salas de p\u00f3ker favoritas de la UE.\" \/>\n<meta property=\"og:url\" content=\"https:\/\/gambling6.com\/es\/poker\/jugar-en-sitios-de-poker-europeos\/\" \/>\n<meta property=\"og:site_name\" content=\"Gambling6\" \/>\n<meta property=\"article:modified_time\" content=\"2025-11-12T17:58:48+00:00\" \/>\n<meta property=\"og:image\" content=\"https:\/\/gambling6.com\/wp-content\/uploads\/2022\/04\/poker_bonusode_test_bericht.png\" \/>\n\t<meta property=\"og:image:width\" content=\"246\" \/>\n\t<meta property=\"og:image:height\" content=\"200\" \/>\n\t<meta property=\"og:image:type\" content=\"image\/png\" \/>\n<meta name=\"twitter:card\" content=\"summary_large_image\" \/>\n<meta name=\"twitter:label1\" content=\"Tiempo de lectura\" \/>\n\t<meta name=\"twitter:data1\" content=\"5 minutos\" \/>\n<script type=\"application\/ld+json\" class=\"yoast-schema-graph\">{\"@context\":\"https:\\\/\\\/schema.org\",\"@graph\":[{\"@type\":\"WebPage\",\"@id\":\"https:\\\/\\\/gambling6.com\\\/es\\\/poker\\\/jugar-en-sitios-de-poker-europeos\\\/\",\"url\":\"https:\\\/\\\/gambling6.com\\\/es\\\/poker\\\/jugar-en-sitios-de-poker-europeos\\\/\",\"name\":\"Mejores sitios de p\u00f3ker europeos\",\"isPartOf\":{\"@id\":\"https:\\\/\\\/gambling6.com\\\/es\\\/#website\"},\"primaryImageOfPage\":{\"@id\":\"https:\\\/\\\/gambling6.com\\\/es\\\/poker\\\/jugar-en-sitios-de-poker-europeos\\\/#primaryimage\"},\"image\":{\"@id\":\"https:\\\/\\\/gambling6.com\\\/es\\\/poker\\\/jugar-en-sitios-de-poker-europeos\\\/#primaryimage\"},\"thumbnailUrl\":\"https:\\\/\\\/gambling6.com\\\/wp-content\\\/uploads\\\/2022\\\/04\\\/poker_bonusode_test_bericht.png\",\"datePublished\":\"2025-11-07T22:24:09+00:00\",\"dateModified\":\"2025-11-12T17:58:48+00:00\",\"description\":\"Los jugadores de p\u00f3ker europeos tienen muchas salas para elegir; aqu\u00ed est\u00e1n nuestras salas de p\u00f3ker favoritas de la UE.\",\"breadcrumb\":{\"@id\":\"https:\\\/\\\/gambling6.com\\\/es\\\/poker\\\/jugar-en-sitios-de-poker-europeos\\\/#breadcrumb\"},\"inLanguage\":\"es\",\"potentialAction\":[{\"@type\":\"ReadAction\",\"target\":[\"https:\\\/\\\/gambling6.com\\\/es\\\/poker\\\/jugar-en-sitios-de-poker-europeos\\\/\"]}]},{\"@type\":\"ImageObject\",\"inLanguage\":\"es\",\"@id\":\"https:\\\/\\\/gambling6.com\\\/es\\\/poker\\\/jugar-en-sitios-de-poker-europeos\\\/#primaryimage\",\"url\":\"https:\\\/\\\/gambling6.com\\\/wp-content\\\/uploads\\\/2022\\\/04\\\/poker_bonusode_test_bericht.png\",\"contentUrl\":\"https:\\\/\\\/gambling6.com\\\/wp-content\\\/uploads\\\/2022\\\/04\\\/poker_bonusode_test_bericht.png\"},{\"@type\":\"BreadcrumbList\",\"@id\":\"https:\\\/\\\/gambling6.com\\\/es\\\/poker\\\/jugar-en-sitios-de-poker-europeos\\\/#breadcrumb\",\"itemListElement\":[{\"@type\":\"ListItem\",\"position\":1,\"name\":\"Home\",\"item\":\"https:\\\/\\\/gambling6.com\\\/es\\\/home\\\/\"},{\"@type\":\"ListItem\",\"position\":2,\"name\":\"Poker\",\"item\":\"https:\\\/\\\/gambling6.com\\\/es\\\/poker\\\/\"},{\"@type\":\"ListItem\",\"position\":3,\"name\":\"Jugar en sitios de p\u00f3ker europeos\"}]},{\"@type\":\"WebSite\",\"@id\":\"https:\\\/\\\/gambling6.com\\\/es\\\/#website\",\"url\":\"https:\\\/\\\/gambling6.com\\\/es\\\/\",\"name\":\"Gambling6\",\"description\":\"\",\"potentialAction\":[{\"@type\":\"SearchAction\",\"target\":{\"@type\":\"EntryPoint\",\"urlTemplate\":\"https:\\\/\\\/gambling6.com\\\/es\\\/?s={search_term_string}\"},\"query-input\":{\"@type\":\"PropertyValueSpecification\",\"valueRequired\":true,\"valueName\":\"search_term_string\"}}],\"inLanguage\":\"es\"}]}<\/script>\n<!-- \/ Yoast SEO plugin. -->","yoast_head_json":{"title":"Mejores sitios de p\u00f3ker europeos","description":"Los jugadores de p\u00f3ker europeos tienen muchas salas para elegir; aqu\u00ed est\u00e1n nuestras salas de p\u00f3ker favoritas de la UE.","robots":{"index":"index","follow":"follow","max-snippet":"max-snippet:-1","max-image-preview":"max-image-preview:large","max-video-preview":"max-video-preview:-1"},"canonical":"https:\/\/gambling6.com\/es\/poker\/jugar-en-sitios-de-poker-europeos\/","og_locale":"es_ES","og_type":"article","og_title":"Mejores sitios de p\u00f3ker europeos","og_description":"Los jugadores de p\u00f3ker europeos tienen muchas salas para elegir; aqu\u00ed est\u00e1n nuestras salas de p\u00f3ker favoritas de la UE.","og_url":"https:\/\/gambling6.com\/es\/poker\/jugar-en-sitios-de-poker-europeos\/","og_site_name":"Gambling6","article_modified_time":"2025-11-12T17:58:48+00:00","og_image":[{"width":246,"height":200,"url":"https:\/\/gambling6.com\/wp-content\/uploads\/2022\/04\/poker_bonusode_test_bericht.png","type":"image\/png"}],"twitter_card":"summary_large_image","twitter_misc":{"Tiempo de lectura":"5 minutos"},"schema":{"@context":"https:\/\/schema.org","@graph":[{"@type":"WebPage","@id":"https:\/\/gambling6.com\/es\/poker\/jugar-en-sitios-de-poker-europeos\/","url":"https:\/\/gambling6.com\/es\/poker\/jugar-en-sitios-de-poker-europeos\/","name":"Mejores sitios de p\u00f3ker europeos","isPartOf":{"@id":"https:\/\/gambling6.com\/es\/#website"},"primaryImageOfPage":{"@id":"https:\/\/gambling6.com\/es\/poker\/jugar-en-sitios-de-poker-europeos\/#primaryimage"},"image":{"@id":"https:\/\/gambling6.com\/es\/poker\/jugar-en-sitios-de-poker-europeos\/#primaryimage"},"thumbnailUrl":"https:\/\/gambling6.com\/wp-content\/uploads\/2022\/04\/poker_bonusode_test_bericht.png","datePublished":"2025-11-07T22:24:09+00:00","dateModified":"2025-11-12T17:58:48+00:00","description":"Los jugadores de p\u00f3ker europeos tienen muchas salas para elegir; aqu\u00ed est\u00e1n nuestras salas de p\u00f3ker favoritas de la UE.","breadcrumb":{"@id":"https:\/\/gambling6.com\/es\/poker\/jugar-en-sitios-de-poker-europeos\/#breadcrumb"},"inLanguage":"es","potentialAction":[{"@type":"ReadAction","target":["https:\/\/gambling6.com\/es\/poker\/jugar-en-sitios-de-poker-europeos\/"]}]},{"@type":"ImageObject","inLanguage":"es","@id":"https:\/\/gambling6.com\/es\/poker\/jugar-en-sitios-de-poker-europeos\/#primaryimage","url":"https:\/\/gambling6.com\/wp-content\/uploads\/2022\/04\/poker_bonusode_test_bericht.png","contentUrl":"https:\/\/gambling6.com\/wp-content\/uploads\/2022\/04\/poker_bonusode_test_bericht.png"},{"@type":"BreadcrumbList","@id":"https:\/\/gambling6.com\/es\/poker\/jugar-en-sitios-de-poker-europeos\/#breadcrumb","itemListElement":[{"@type":"ListItem","position":1,"name":"Home","item":"https:\/\/gambling6.com\/es\/home\/"},{"@type":"ListItem","position":2,"name":"Poker","item":"https:\/\/gambling6.com\/es\/poker\/"},{"@type":"ListItem","position":3,"name":"Jugar en sitios de p\u00f3ker europeos"}]},{"@type":"WebSite","@id":"https:\/\/gambling6.com\/es\/#website","url":"https:\/\/gambling6.com\/es\/","name":"Gambling6","description":"","potentialAction":[{"@type":"SearchAction","target":{"@type":"EntryPoint","urlTemplate":"https:\/\/gambling6.com\/es\/?s={search_term_string}"},"query-input":{"@type":"PropertyValueSpecification","valueRequired":true,"valueName":"search_term_string"}}],"inLanguage":"es"}]}},"_links":{"self":[{"href":"https:\/\/gambling6.com\/es\/wp-json\/wp\/v2\/pages\/8658","targetHints":{"allow":["GET"]}}],"collection":[{"href":"https:\/\/gambling6.com\/es\/wp-json\/wp\/v2\/pages"}],"about":[{"href":"https:\/\/gambling6.com\/es\/wp-json\/wp\/v2\/types\/page"}],"author":[{"embeddable":true,"href":"https:\/\/gambling6.com\/es\/wp-json\/wp\/v2\/users\/1"}],"replies":[{"embeddable":true,"href":"https:\/\/gambling6.com\/es\/wp-json\/wp\/v2\/comments?post=8658"}],"version-history":[{"count":3,"href":"https:\/\/gambling6.com\/es\/wp-json\/wp\/v2\/pages\/8658\/revisions"}],"predecessor-version":[{"id":10728,"href":"https:\/\/gambling6.com\/es\/wp-json\/wp\/v2\/pages\/8658\/revisions\/10728"}],"up":[{"embeddable":true,"href":"https:\/\/gambling6.com\/es\/wp-json\/wp\/v2\/pages\/8783"}],"wp:attachment":[{"href":"https:\/\/gambling6.com\/es\/wp-json\/wp\/v2\/media?parent=8658"}],"curies":[{"name":"wp","href":"https:\/\/api.w.org\/{rel}","templated":true}]}}