{"id":8728,"date":"2025-11-07T23:20:16","date_gmt":"2025-11-07T23:20:16","guid":{"rendered":"https:\/\/gambling6.com\/tarjetas-rasca-y-gana\/"},"modified":"2025-11-07T23:20:16","modified_gmt":"2025-11-07T23:20:16","slug":"tarjetas-rasca-y-gana","status":"publish","type":"page","link":"https:\/\/gambling6.com\/es\/tarjetas-rasca-y-gana\/","title":{"rendered":"Tarjetas rasca y gana"},"content":{"rendered":"<p>Si te gusta la emoci\u00f3n de jugar a las tarjetas rasca y gana u otros juegos de premio instant\u00e1neo, te encantar\u00e1 nuestra recomendaci\u00f3n de sitio web para jugar a tarjetas rasca y gana en l\u00ednea. Hay muchas opciones para jugar a tarjetas rasca y gana en internet. Todos estos sitios ofrecen bonos de registro y una buena selecci\u00f3n de productos. Puedes registrarte, elegir un m\u00e9todo de pago, recargar tu cuenta y empezar a jugar en minutos.<\/p>\n<p>Los sitios de tarjetas rasca y gana en l\u00ednea ofrecen animaciones incre\u00edbles. A diferencia de los juegos que juegas con tarjetas de tu punto de venta de loter\u00eda favorito, las versiones en l\u00ednea de las tarjetas rasca y gana ofrecen animaciones emocionantes para crear un ambiente divertido. La emoci\u00f3n de ganar y la adrenalina que se siente al ver aparecer los premios en la pantalla es lo que hace que los jugadores regresen a los sitios web de rasca y gana en l\u00ednea. Estos sitios han a\u00f1adido ayudas visuales para aumentar el suspenso y la emoci\u00f3n.<\/p>\n<h2>Las tarjetas rasca y gana de premio instant\u00e1neo de 888 Casino est\u00e1n dise\u00f1adas para jugadores europeos y del Reino Unido.<\/h2>\n<p>888 Casino es conocido internacionalmente como un casino de primera categor\u00eda, pero tambi\u00e9n es una fuerza a tener en cuenta en el mundo de las tarjetas rasca y gana en l\u00ednea. <a class=\"thirstylink\" title=\"888 casino en\" href=\"https:\/\/gambling6.com\/go\/888-casino-en\/\" target=\"_blank\" rel=\"nofollow noopener\">Puedes visitar la secci\u00f3n de tarjetas rasca y gana haciendo clic aqu\u00ed.<\/a><\/p>\n<p>\u00bfQu\u00e9 encontrar\u00e1s exactamente en los juegos de rasca y gana en l\u00ednea de 888 Casino? Lo m\u00e1s importante es que a los jugadores les encantar\u00e1 la cantidad de tarjetas disponibles. Puedes jugar a m\u00e1s de 40 juegos diferentes, y si te cansas de las tarjetas rasca y gana, puedes cambiar r\u00e1pidamente a sus cientos de tragamonedas online con botes progresivos y una variedad de juegos para todos los gustos. Muchas de estas m\u00e1quinas comienzan como tragamonedas de un centavo con fant\u00e1sticos premios.<\/p>\n<p>Este sitio ofrece una amplia gama de juegos de casino, adem\u00e1s de p\u00f3ker y apuestas deportivas.<\/p>\n<p>La emoci\u00f3n de 888 Casino se debe a su equipo de soporte, responsable de crear un entorno que te invite a volver. Siempre est\u00e1n ideando nuevas formas de ofrecerte juegos y maneras de ganar, manteni\u00e9ndote al d\u00eda en todo momento.<\/p>\n<p>Combina enormes botes con una gran variedad de juegos y un equipo de primera clase que trabaja d\u00eda y noche para ofrecerte nuevos programas que te mantengan entretenido, y tendr\u00e1s una deliciosa combinaci\u00f3n de diversi\u00f3n con tarjetas rasca y gana. \u00a1\u00danete a la acci\u00f3n de las tarjetas rasca y gana en 888 Casino!<\/p>\n","protected":false},"excerpt":{"rendered":"<p>Si te gusta la emoci\u00f3n de jugar a las tarjetas rasca y gana u otros juegos de premio instant\u00e1neo, te encantar\u00e1 nuestra recomendaci\u00f3n de sitio web para jugar a tarjetas rasca y gana en l\u00ednea. Hay muchas opciones para jugar a tarjetas rasca y gana en internet. Todos estos sitios ofrecen bonos de registro y [&hellip;]<\/p>\n","protected":false},"author":1,"featured_media":515,"parent":0,"menu_order":7,"comment_status":"closed","ping_status":"closed","template":"","meta":{"footnotes":""},"class_list":["post-8728","page","type-page","status-publish","has-post-thumbnail","hentry"],"yoast_head":"<!-- This site is optimized with the Yoast SEO plugin v27.4 - https:\/\/yoast.com\/product\/yoast-seo-wordpress\/ -->\n<title>\u00bfCu\u00e1les son los mejores sitios web de tarjetas rasca y gana online?<\/title>\n<meta name=\"description\" content=\"Empieza a jugar en la mejor web de tarjetas rasca y gana online. Decenas de tarjetas disponibles con una amplia gama de premios.\" \/>\n<meta name=\"robots\" content=\"index, follow, max-snippet:-1, max-image-preview:large, max-video-preview:-1\" \/>\n<link rel=\"canonical\" href=\"https:\/\/gambling6.com\/es\/tarjetas-rasca-y-gana\/\" \/>\n<meta property=\"og:locale\" content=\"es_ES\" \/>\n<meta property=\"og:type\" content=\"article\" \/>\n<meta property=\"og:title\" content=\"\u00bfCu\u00e1les son los mejores sitios web de tarjetas rasca y gana online?\" \/>\n<meta property=\"og:description\" content=\"Empieza a jugar en la mejor web de tarjetas rasca y gana online. Decenas de tarjetas disponibles con una amplia gama de premios.\" \/>\n<meta property=\"og:url\" content=\"https:\/\/gambling6.com\/es\/tarjetas-rasca-y-gana\/\" \/>\n<meta property=\"og:site_name\" content=\"Gambling6\" \/>\n<meta property=\"og:image\" content=\"https:\/\/gambling6.com\/wp-content\/uploads\/2013\/12\/best_online_scratchcards.jpg\" \/>\n\t<meta property=\"og:image:width\" content=\"446\" \/>\n\t<meta property=\"og:image:height\" content=\"243\" \/>\n\t<meta property=\"og:image:type\" content=\"image\/jpeg\" \/>\n<meta name=\"twitter:card\" content=\"summary_large_image\" \/>\n<meta name=\"twitter:label1\" content=\"Tiempo de lectura\" \/>\n\t<meta name=\"twitter:data1\" content=\"2 minutos\" \/>\n<script type=\"application\/ld+json\" class=\"yoast-schema-graph\">{\"@context\":\"https:\\\/\\\/schema.org\",\"@graph\":[{\"@type\":\"WebPage\",\"@id\":\"https:\\\/\\\/gambling6.com\\\/es\\\/tarjetas-rasca-y-gana\\\/\",\"url\":\"https:\\\/\\\/gambling6.com\\\/es\\\/tarjetas-rasca-y-gana\\\/\",\"name\":\"\u00bfCu\u00e1les son los mejores sitios web de tarjetas rasca y gana online?\",\"isPartOf\":{\"@id\":\"https:\\\/\\\/gambling6.com\\\/es\\\/#website\"},\"primaryImageOfPage\":{\"@id\":\"https:\\\/\\\/gambling6.com\\\/es\\\/tarjetas-rasca-y-gana\\\/#primaryimage\"},\"image\":{\"@id\":\"https:\\\/\\\/gambling6.com\\\/es\\\/tarjetas-rasca-y-gana\\\/#primaryimage\"},\"thumbnailUrl\":\"https:\\\/\\\/gambling6.com\\\/wp-content\\\/uploads\\\/2013\\\/12\\\/best_online_scratchcards.jpg\",\"datePublished\":\"2025-11-07T23:20:16+00:00\",\"description\":\"Empieza a jugar en la mejor web de tarjetas rasca y gana online. Decenas de tarjetas disponibles con una amplia gama de premios.\",\"breadcrumb\":{\"@id\":\"https:\\\/\\\/gambling6.com\\\/es\\\/tarjetas-rasca-y-gana\\\/#breadcrumb\"},\"inLanguage\":\"es\",\"potentialAction\":[{\"@type\":\"ReadAction\",\"target\":[\"https:\\\/\\\/gambling6.com\\\/es\\\/tarjetas-rasca-y-gana\\\/\"]}]},{\"@type\":\"ImageObject\",\"inLanguage\":\"es\",\"@id\":\"https:\\\/\\\/gambling6.com\\\/es\\\/tarjetas-rasca-y-gana\\\/#primaryimage\",\"url\":\"https:\\\/\\\/gambling6.com\\\/wp-content\\\/uploads\\\/2013\\\/12\\\/best_online_scratchcards.jpg\",\"contentUrl\":\"https:\\\/\\\/gambling6.com\\\/wp-content\\\/uploads\\\/2013\\\/12\\\/best_online_scratchcards.jpg\",\"width\":446,\"height\":243},{\"@type\":\"BreadcrumbList\",\"@id\":\"https:\\\/\\\/gambling6.com\\\/es\\\/tarjetas-rasca-y-gana\\\/#breadcrumb\",\"itemListElement\":[{\"@type\":\"ListItem\",\"position\":1,\"name\":\"Home\",\"item\":\"https:\\\/\\\/gambling6.com\\\/es\\\/home\\\/\"},{\"@type\":\"ListItem\",\"position\":2,\"name\":\"Tarjetas rasca y gana\"}]},{\"@type\":\"WebSite\",\"@id\":\"https:\\\/\\\/gambling6.com\\\/es\\\/#website\",\"url\":\"https:\\\/\\\/gambling6.com\\\/es\\\/\",\"name\":\"Gambling6\",\"description\":\"\",\"potentialAction\":[{\"@type\":\"SearchAction\",\"target\":{\"@type\":\"EntryPoint\",\"urlTemplate\":\"https:\\\/\\\/gambling6.com\\\/es\\\/?s={search_term_string}\"},\"query-input\":{\"@type\":\"PropertyValueSpecification\",\"valueRequired\":true,\"valueName\":\"search_term_string\"}}],\"inLanguage\":\"es\"}]}<\/script>\n<!-- \/ Yoast SEO plugin. -->","yoast_head_json":{"title":"\u00bfCu\u00e1les son los mejores sitios web de tarjetas rasca y gana online?","description":"Empieza a jugar en la mejor web de tarjetas rasca y gana online. Decenas de tarjetas disponibles con una amplia gama de premios.","robots":{"index":"index","follow":"follow","max-snippet":"max-snippet:-1","max-image-preview":"max-image-preview:large","max-video-preview":"max-video-preview:-1"},"canonical":"https:\/\/gambling6.com\/es\/tarjetas-rasca-y-gana\/","og_locale":"es_ES","og_type":"article","og_title":"\u00bfCu\u00e1les son los mejores sitios web de tarjetas rasca y gana online?","og_description":"Empieza a jugar en la mejor web de tarjetas rasca y gana online. Decenas de tarjetas disponibles con una amplia gama de premios.","og_url":"https:\/\/gambling6.com\/es\/tarjetas-rasca-y-gana\/","og_site_name":"Gambling6","og_image":[{"width":446,"height":243,"url":"https:\/\/gambling6.com\/wp-content\/uploads\/2013\/12\/best_online_scratchcards.jpg","type":"image\/jpeg"}],"twitter_card":"summary_large_image","twitter_misc":{"Tiempo de lectura":"2 minutos"},"schema":{"@context":"https:\/\/schema.org","@graph":[{"@type":"WebPage","@id":"https:\/\/gambling6.com\/es\/tarjetas-rasca-y-gana\/","url":"https:\/\/gambling6.com\/es\/tarjetas-rasca-y-gana\/","name":"\u00bfCu\u00e1les son los mejores sitios web de tarjetas rasca y gana online?","isPartOf":{"@id":"https:\/\/gambling6.com\/es\/#website"},"primaryImageOfPage":{"@id":"https:\/\/gambling6.com\/es\/tarjetas-rasca-y-gana\/#primaryimage"},"image":{"@id":"https:\/\/gambling6.com\/es\/tarjetas-rasca-y-gana\/#primaryimage"},"thumbnailUrl":"https:\/\/gambling6.com\/wp-content\/uploads\/2013\/12\/best_online_scratchcards.jpg","datePublished":"2025-11-07T23:20:16+00:00","description":"Empieza a jugar en la mejor web de tarjetas rasca y gana online. Decenas de tarjetas disponibles con una amplia gama de premios.","breadcrumb":{"@id":"https:\/\/gambling6.com\/es\/tarjetas-rasca-y-gana\/#breadcrumb"},"inLanguage":"es","potentialAction":[{"@type":"ReadAction","target":["https:\/\/gambling6.com\/es\/tarjetas-rasca-y-gana\/"]}]},{"@type":"ImageObject","inLanguage":"es","@id":"https:\/\/gambling6.com\/es\/tarjetas-rasca-y-gana\/#primaryimage","url":"https:\/\/gambling6.com\/wp-content\/uploads\/2013\/12\/best_online_scratchcards.jpg","contentUrl":"https:\/\/gambling6.com\/wp-content\/uploads\/2013\/12\/best_online_scratchcards.jpg","width":446,"height":243},{"@type":"BreadcrumbList","@id":"https:\/\/gambling6.com\/es\/tarjetas-rasca-y-gana\/#breadcrumb","itemListElement":[{"@type":"ListItem","position":1,"name":"Home","item":"https:\/\/gambling6.com\/es\/home\/"},{"@type":"ListItem","position":2,"name":"Tarjetas rasca y gana"}]},{"@type":"WebSite","@id":"https:\/\/gambling6.com\/es\/#website","url":"https:\/\/gambling6.com\/es\/","name":"Gambling6","description":"","potentialAction":[{"@type":"SearchAction","target":{"@type":"EntryPoint","urlTemplate":"https:\/\/gambling6.com\/es\/?s={search_term_string}"},"query-input":{"@type":"PropertyValueSpecification","valueRequired":true,"valueName":"search_term_string"}}],"inLanguage":"es"}]}},"_links":{"self":[{"href":"https:\/\/gambling6.com\/es\/wp-json\/wp\/v2\/pages\/8728","targetHints":{"allow":["GET"]}}],"collection":[{"href":"https:\/\/gambling6.com\/es\/wp-json\/wp\/v2\/pages"}],"about":[{"href":"https:\/\/gambling6.com\/es\/wp-json\/wp\/v2\/types\/page"}],"author":[{"embeddable":true,"href":"https:\/\/gambling6.com\/es\/wp-json\/wp\/v2\/users\/1"}],"replies":[{"embeddable":true,"href":"https:\/\/gambling6.com\/es\/wp-json\/wp\/v2\/comments?post=8728"}],"version-history":[{"count":0,"href":"https:\/\/gambling6.com\/es\/wp-json\/wp\/v2\/pages\/8728\/revisions"}],"wp:featuredmedia":[{"embeddable":true,"href":"https:\/\/gambling6.com\/es\/wp-json\/wp\/v2\/media\/515"}],"wp:attachment":[{"href":"https:\/\/gambling6.com\/es\/wp-json\/wp\/v2\/media?parent=8728"}],"curies":[{"name":"wp","href":"https:\/\/api.w.org\/{rel}","templated":true}]}}