{"id":8850,"date":"2025-11-08T08:39:34","date_gmt":"2025-11-08T08:39:34","guid":{"rendered":"https:\/\/gambling6.com\/casino\/como-mantener-segura-tu-cuenta-de-apuestas-en-linea\/"},"modified":"2025-11-12T09:14:30","modified_gmt":"2025-11-12T09:14:30","slug":"como-mantener-segura-tu-cuenta-de-apuestas-en-linea","status":"publish","type":"page","link":"https:\/\/gambling6.com\/es\/casino\/como-mantener-segura-tu-cuenta-de-apuestas-en-linea\/","title":{"rendered":"C\u00f3mo mantener segura tu cuenta de apuestas en l\u00ednea"},"content":{"rendered":"<h2>Evita sitios web fraudulentos y toma medidas de seguridad.<\/h2>\n<p>El mundo de los juegos en l\u00ednea ha crecido significativamente, y si bien esto suele ser positivo para los jugadores, tambi\u00e9n conlleva algunos inconvenientes. La seguridad en l\u00ednea que ofrecen los casinos es, sin duda, el elemento m\u00e1s crucial al jugar con dinero real, y los usuarios deben tener garantizadas transacciones financieras impecables.<\/p>\n<p>Lamentablemente, en el mundo tecnol\u00f3gicamente avanzado de hoy, las estafas y el fraude en l\u00ednea son demasiado comunes como para asumir que no te ocurrir\u00e1n y, por lo tanto, no tomar medidas para prevenirlos. Nuevos casinos en l\u00ednea aparecen casi de la noche a la ma\u00f1ana, prometiendo enormes bonos para atraer a un gran n\u00famero de clientes.<\/p>\n<p>Saber si son de confianza es fundamental, y se recomienda encarecidamente obtener primero m\u00e1s informaci\u00f3n de otros sitios web. Las rese\u00f1as de usuarios o jugadores experimentados se est\u00e1n volviendo muy populares en internet, ya que cada vez m\u00e1s jugadores ven el riesgo de lanzarse a ciegas y buscan primero alguna garant\u00eda.<\/p>\n<h2>Juegos de azar en l\u00ednea en EE. UU.<\/h2>\n<p><img loading=\"lazy\" decoding=\"async\" class=\" wp-image-2415 alignright\" src=\"https:\/\/gambling6.com\/wp-content\/uploads\/2022\/04\/1_play_euromillions_online3-300x200.jpg\" alt=\"Seguridad en casinos\" width=\"263\" height=\"175\" srcset=\"https:\/\/gambling6.com\/wp-content\/uploads\/2022\/04\/1_play_euromillions_online3-300x200.jpg 300w, https:\/\/gambling6.com\/wp-content\/uploads\/2022\/04\/1_play_euromillions_online3.jpg 320w\" sizes=\"auto, (max-width: 263px) 100vw, 263px\" \/>Estados Unidos es un mercado de juegos de azar en l\u00ednea muy atractivo. Si bien los casinos en l\u00ednea est\u00e1n prohibidos en todos los estados excepto dos, la industria del juego en l\u00ednea, aunque opera en la clandestinidad, es enorme, principalmente porque los jugadores estadounidenses desean jugar juegos de casino en l\u00ednea. El gran n\u00famero de clientes potenciales tambi\u00e9n significa que existen numerosos casinos en l\u00ednea en EE. UU., lo que facilita enormemente que los jugadores estadounidenses comiencen a jugar.<\/p>\n<p>De hecho, los sitios m\u00e1s importantes incluso aceptan tarjetas de cr\u00e9dito estadounidenses como m\u00e9todo de pago, y todo est\u00e1 dise\u00f1ado para ser lo m\u00e1s conveniente posible para los jugadores. Aunque estos casinos en l\u00ednea no est\u00e1n regulados por EE. UU., poseen licencias de jurisdicciones extranjeras que garantizan que ofrecen un entorno seguro. El problema es que, junto con los excelentes casinos que operan en el mercado estadounidense, tambi\u00e9n existen muchos sitios poco fiables con problemas para realizar retiros o que simplemente no ofrecen un porcentaje de pago justo en sus juegos.<\/p>\n<p>Por eso, es fundamental leer primero algunas rese\u00f1as del sitio al que quieres unirte y comprobar si es tan bueno como parece. Esto no te llevar\u00e1 m\u00e1s de unos minutos y te asegurar\u00e1 una experiencia de juego en l\u00ednea \u00f3ptima. En cuanto al juego limpio, los casinos en l\u00ednea confiables utilizan generadores de n\u00fameros aleatorios para garantizar que cada juego se base exclusivamente en el azar. Un casino en l\u00ednea puede combinar las mesas de casino tradicionales con las ventajas del juego en l\u00ednea mediante la transmisi\u00f3n de video en vivo de un crupier.<\/p>\n<p>Como jugador residente en Estados Unidos, no te equivocar\u00e1s si eliges al proveedor l\u00edder del mercado de casinos en l\u00ednea: BetOnline. <a class=\"thirstylink\" title=\"Betonline casino en\" href=\"https:\/\/gambling6.com\/go\/betonline-casino-en\/\" target=\"_blank\" rel=\"nofollow noopener\">Haz clic aqu\u00ed para visitar su sitio web<\/a>. Tu seguridad est\u00e1 en buenas manos all\u00ed, a diferencia de la mayor\u00eda de los operadores de casinos en l\u00ednea que aceptan residentes de EE. UU.<\/p>\n<h2>Medidas de seguridad a considerar<\/h2>\n<p>Tambi\u00e9n cabe mencionar que una parte importante de la responsabilidad recae en el jugador, y existen medidas espec\u00edficas que puede tomar para prevenir estafas y proteger sus fondos.<\/p>\n<p><strong>1. Usa una contrase\u00f1a segura<\/strong><\/p>\n<p>Cada vez m\u00e1s sitios web recomiendan a los usuarios utilizar contrase\u00f1as seguras y dif\u00edciles de adivinar. Incluir n\u00fameros y letras, tanto may\u00fasculas como min\u00fasculas, hace que una contrase\u00f1a sea mucho m\u00e1s segura, y tambi\u00e9n se recomienda no usar la misma contrase\u00f1a para varias cuentas.<\/p>\n<p><strong>2. Aseg\u00farate de tener un buen antivirus<\/strong><\/p>\n<p>Muchos jugadores suelen olvidar la importancia de un buen antivirus. Esto permite detectar inmediatamente cualquier problema al navegar por internet o descargar archivos, como la aplicaci\u00f3n de un nuevo casino online.<\/p>\n<p><strong>3. Aseg\u00farate siempre de que la p\u00e1gina sea segura<\/strong><\/p>\n<p>Al introducir datos personales, como la informaci\u00f3n de tu cuenta, aseg\u00farate de que la p\u00e1gina sea segura. Para ello, comprueba que la barra de direcciones del navegador utilice HTTPS y que aparezca el candado cerrado.<\/p>\n","protected":false},"excerpt":{"rendered":"<p>Evita sitios web fraudulentos y toma medidas de seguridad. El mundo de los juegos en l\u00ednea ha crecido significativamente, y si bien esto suele ser positivo para los jugadores, tambi\u00e9n conlleva algunos inconvenientes. La seguridad en l\u00ednea que ofrecen los casinos es, sin duda, el elemento m\u00e1s crucial al jugar con dinero real, y los [&hellip;]<\/p>\n","protected":false},"author":1,"featured_media":0,"parent":8333,"menu_order":36,"comment_status":"closed","ping_status":"closed","template":"","meta":{"footnotes":""},"class_list":["post-8850","page","type-page","status-publish","hentry"],"yoast_head":"<!-- This site is optimized with the Yoast SEO plugin v27.4 - https:\/\/yoast.com\/product\/yoast-seo-wordpress\/ -->\n<title>\u00bfC\u00f3mo puedo mantener segura mi cuenta de casino en l\u00ednea?<\/title>\n<meta name=\"description\" content=\"Consejos \u00fatiles para apostar de forma segura en l\u00ednea y garantizar la seguridad de tu cuenta de casino.\" \/>\n<meta name=\"robots\" content=\"index, follow, max-snippet:-1, max-image-preview:large, max-video-preview:-1\" \/>\n<link rel=\"canonical\" href=\"https:\/\/gambling6.com\/es\/casino\/como-mantener-segura-tu-cuenta-de-apuestas-en-linea\/\" \/>\n<meta property=\"og:locale\" content=\"es_ES\" \/>\n<meta property=\"og:type\" content=\"article\" \/>\n<meta property=\"og:title\" content=\"\u00bfC\u00f3mo puedo mantener segura mi cuenta de casino en l\u00ednea?\" \/>\n<meta property=\"og:description\" content=\"Consejos \u00fatiles para apostar de forma segura en l\u00ednea y garantizar la seguridad de tu cuenta de casino.\" \/>\n<meta property=\"og:url\" content=\"https:\/\/gambling6.com\/es\/casino\/como-mantener-segura-tu-cuenta-de-apuestas-en-linea\/\" \/>\n<meta property=\"og:site_name\" content=\"Gambling6\" \/>\n<meta property=\"article:modified_time\" content=\"2025-11-12T09:14:30+00:00\" \/>\n<meta property=\"og:image\" content=\"https:\/\/gambling6.com\/wp-content\/uploads\/2022\/04\/1_play_euromillions_online3.jpg\" \/>\n\t<meta property=\"og:image:width\" content=\"320\" \/>\n\t<meta property=\"og:image:height\" content=\"213\" \/>\n\t<meta property=\"og:image:type\" content=\"image\/jpeg\" \/>\n<meta name=\"twitter:card\" content=\"summary_large_image\" \/>\n<meta name=\"twitter:label1\" content=\"Tiempo de lectura\" \/>\n\t<meta name=\"twitter:data1\" content=\"4 minutos\" \/>\n<script type=\"application\/ld+json\" class=\"yoast-schema-graph\">{\"@context\":\"https:\\\/\\\/schema.org\",\"@graph\":[{\"@type\":\"WebPage\",\"@id\":\"https:\\\/\\\/gambling6.com\\\/es\\\/casino\\\/como-mantener-segura-tu-cuenta-de-apuestas-en-linea\\\/\",\"url\":\"https:\\\/\\\/gambling6.com\\\/es\\\/casino\\\/como-mantener-segura-tu-cuenta-de-apuestas-en-linea\\\/\",\"name\":\"\u00bfC\u00f3mo puedo mantener segura mi cuenta de casino en l\u00ednea?\",\"isPartOf\":{\"@id\":\"https:\\\/\\\/gambling6.com\\\/es\\\/#website\"},\"primaryImageOfPage\":{\"@id\":\"https:\\\/\\\/gambling6.com\\\/es\\\/casino\\\/como-mantener-segura-tu-cuenta-de-apuestas-en-linea\\\/#primaryimage\"},\"image\":{\"@id\":\"https:\\\/\\\/gambling6.com\\\/es\\\/casino\\\/como-mantener-segura-tu-cuenta-de-apuestas-en-linea\\\/#primaryimage\"},\"thumbnailUrl\":\"https:\\\/\\\/gambling6.com\\\/wp-content\\\/uploads\\\/2022\\\/04\\\/1_play_euromillions_online3-300x200.jpg\",\"datePublished\":\"2025-11-08T08:39:34+00:00\",\"dateModified\":\"2025-11-12T09:14:30+00:00\",\"description\":\"Consejos \u00fatiles para apostar de forma segura en l\u00ednea y garantizar la seguridad de tu cuenta de casino.\",\"breadcrumb\":{\"@id\":\"https:\\\/\\\/gambling6.com\\\/es\\\/casino\\\/como-mantener-segura-tu-cuenta-de-apuestas-en-linea\\\/#breadcrumb\"},\"inLanguage\":\"es\",\"potentialAction\":[{\"@type\":\"ReadAction\",\"target\":[\"https:\\\/\\\/gambling6.com\\\/es\\\/casino\\\/como-mantener-segura-tu-cuenta-de-apuestas-en-linea\\\/\"]}]},{\"@type\":\"ImageObject\",\"inLanguage\":\"es\",\"@id\":\"https:\\\/\\\/gambling6.com\\\/es\\\/casino\\\/como-mantener-segura-tu-cuenta-de-apuestas-en-linea\\\/#primaryimage\",\"url\":\"https:\\\/\\\/gambling6.com\\\/wp-content\\\/uploads\\\/2022\\\/04\\\/1_play_euromillions_online3-300x200.jpg\",\"contentUrl\":\"https:\\\/\\\/gambling6.com\\\/wp-content\\\/uploads\\\/2022\\\/04\\\/1_play_euromillions_online3-300x200.jpg\"},{\"@type\":\"BreadcrumbList\",\"@id\":\"https:\\\/\\\/gambling6.com\\\/es\\\/casino\\\/como-mantener-segura-tu-cuenta-de-apuestas-en-linea\\\/#breadcrumb\",\"itemListElement\":[{\"@type\":\"ListItem\",\"position\":1,\"name\":\"Home\",\"item\":\"https:\\\/\\\/gambling6.com\\\/es\\\/home\\\/\"},{\"@type\":\"ListItem\",\"position\":2,\"name\":\"Casino\",\"item\":\"https:\\\/\\\/gambling6.com\\\/es\\\/get-started-with-online-gambling\\\/\"},{\"@type\":\"ListItem\",\"position\":3,\"name\":\"C\u00f3mo mantener segura tu cuenta de apuestas en l\u00ednea\"}]},{\"@type\":\"WebSite\",\"@id\":\"https:\\\/\\\/gambling6.com\\\/es\\\/#website\",\"url\":\"https:\\\/\\\/gambling6.com\\\/es\\\/\",\"name\":\"Gambling6\",\"description\":\"\",\"potentialAction\":[{\"@type\":\"SearchAction\",\"target\":{\"@type\":\"EntryPoint\",\"urlTemplate\":\"https:\\\/\\\/gambling6.com\\\/es\\\/?s={search_term_string}\"},\"query-input\":{\"@type\":\"PropertyValueSpecification\",\"valueRequired\":true,\"valueName\":\"search_term_string\"}}],\"inLanguage\":\"es\"}]}<\/script>\n<!-- \/ Yoast SEO plugin. -->","yoast_head_json":{"title":"\u00bfC\u00f3mo puedo mantener segura mi cuenta de casino en l\u00ednea?","description":"Consejos \u00fatiles para apostar de forma segura en l\u00ednea y garantizar la seguridad de tu cuenta de casino.","robots":{"index":"index","follow":"follow","max-snippet":"max-snippet:-1","max-image-preview":"max-image-preview:large","max-video-preview":"max-video-preview:-1"},"canonical":"https:\/\/gambling6.com\/es\/casino\/como-mantener-segura-tu-cuenta-de-apuestas-en-linea\/","og_locale":"es_ES","og_type":"article","og_title":"\u00bfC\u00f3mo puedo mantener segura mi cuenta de casino en l\u00ednea?","og_description":"Consejos \u00fatiles para apostar de forma segura en l\u00ednea y garantizar la seguridad de tu cuenta de casino.","og_url":"https:\/\/gambling6.com\/es\/casino\/como-mantener-segura-tu-cuenta-de-apuestas-en-linea\/","og_site_name":"Gambling6","article_modified_time":"2025-11-12T09:14:30+00:00","og_image":[{"width":320,"height":213,"url":"https:\/\/gambling6.com\/wp-content\/uploads\/2022\/04\/1_play_euromillions_online3.jpg","type":"image\/jpeg"}],"twitter_card":"summary_large_image","twitter_misc":{"Tiempo de lectura":"4 minutos"},"schema":{"@context":"https:\/\/schema.org","@graph":[{"@type":"WebPage","@id":"https:\/\/gambling6.com\/es\/casino\/como-mantener-segura-tu-cuenta-de-apuestas-en-linea\/","url":"https:\/\/gambling6.com\/es\/casino\/como-mantener-segura-tu-cuenta-de-apuestas-en-linea\/","name":"\u00bfC\u00f3mo puedo mantener segura mi cuenta de casino en l\u00ednea?","isPartOf":{"@id":"https:\/\/gambling6.com\/es\/#website"},"primaryImageOfPage":{"@id":"https:\/\/gambling6.com\/es\/casino\/como-mantener-segura-tu-cuenta-de-apuestas-en-linea\/#primaryimage"},"image":{"@id":"https:\/\/gambling6.com\/es\/casino\/como-mantener-segura-tu-cuenta-de-apuestas-en-linea\/#primaryimage"},"thumbnailUrl":"https:\/\/gambling6.com\/wp-content\/uploads\/2022\/04\/1_play_euromillions_online3-300x200.jpg","datePublished":"2025-11-08T08:39:34+00:00","dateModified":"2025-11-12T09:14:30+00:00","description":"Consejos \u00fatiles para apostar de forma segura en l\u00ednea y garantizar la seguridad de tu cuenta de casino.","breadcrumb":{"@id":"https:\/\/gambling6.com\/es\/casino\/como-mantener-segura-tu-cuenta-de-apuestas-en-linea\/#breadcrumb"},"inLanguage":"es","potentialAction":[{"@type":"ReadAction","target":["https:\/\/gambling6.com\/es\/casino\/como-mantener-segura-tu-cuenta-de-apuestas-en-linea\/"]}]},{"@type":"ImageObject","inLanguage":"es","@id":"https:\/\/gambling6.com\/es\/casino\/como-mantener-segura-tu-cuenta-de-apuestas-en-linea\/#primaryimage","url":"https:\/\/gambling6.com\/wp-content\/uploads\/2022\/04\/1_play_euromillions_online3-300x200.jpg","contentUrl":"https:\/\/gambling6.com\/wp-content\/uploads\/2022\/04\/1_play_euromillions_online3-300x200.jpg"},{"@type":"BreadcrumbList","@id":"https:\/\/gambling6.com\/es\/casino\/como-mantener-segura-tu-cuenta-de-apuestas-en-linea\/#breadcrumb","itemListElement":[{"@type":"ListItem","position":1,"name":"Home","item":"https:\/\/gambling6.com\/es\/home\/"},{"@type":"ListItem","position":2,"name":"Casino","item":"https:\/\/gambling6.com\/es\/get-started-with-online-gambling\/"},{"@type":"ListItem","position":3,"name":"C\u00f3mo mantener segura tu cuenta de apuestas en l\u00ednea"}]},{"@type":"WebSite","@id":"https:\/\/gambling6.com\/es\/#website","url":"https:\/\/gambling6.com\/es\/","name":"Gambling6","description":"","potentialAction":[{"@type":"SearchAction","target":{"@type":"EntryPoint","urlTemplate":"https:\/\/gambling6.com\/es\/?s={search_term_string}"},"query-input":{"@type":"PropertyValueSpecification","valueRequired":true,"valueName":"search_term_string"}}],"inLanguage":"es"}]}},"_links":{"self":[{"href":"https:\/\/gambling6.com\/es\/wp-json\/wp\/v2\/pages\/8850","targetHints":{"allow":["GET"]}}],"collection":[{"href":"https:\/\/gambling6.com\/es\/wp-json\/wp\/v2\/pages"}],"about":[{"href":"https:\/\/gambling6.com\/es\/wp-json\/wp\/v2\/types\/page"}],"author":[{"embeddable":true,"href":"https:\/\/gambling6.com\/es\/wp-json\/wp\/v2\/users\/1"}],"replies":[{"embeddable":true,"href":"https:\/\/gambling6.com\/es\/wp-json\/wp\/v2\/comments?post=8850"}],"version-history":[{"count":1,"href":"https:\/\/gambling6.com\/es\/wp-json\/wp\/v2\/pages\/8850\/revisions"}],"predecessor-version":[{"id":10452,"href":"https:\/\/gambling6.com\/es\/wp-json\/wp\/v2\/pages\/8850\/revisions\/10452"}],"up":[{"embeddable":true,"href":"https:\/\/gambling6.com\/es\/wp-json\/wp\/v2\/pages\/8333"}],"wp:attachment":[{"href":"https:\/\/gambling6.com\/es\/wp-json\/wp\/v2\/media?parent=8850"}],"curies":[{"name":"wp","href":"https:\/\/api.w.org\/{rel}","templated":true}]}}