{"id":8906,"date":"2025-11-08T09:49:33","date_gmt":"2025-11-08T09:49:33","guid":{"rendered":"https:\/\/gambling6.com\/casino\/el-origen-del-blackjack\/"},"modified":"2025-11-08T09:49:33","modified_gmt":"2025-11-08T09:49:33","slug":"el-origen-del-blackjack","status":"publish","type":"page","link":"https:\/\/gambling6.com\/es\/casino\/el-origen-del-blackjack\/","title":{"rendered":"El origen del blackjack"},"content":{"rendered":"<h2>\u00bfCu\u00e1ndo se jug\u00f3 al Blackjack por primera vez?<\/h2>\n<p><a href=\"http:\/\/gambling6.com\/wp-content\/uploads\/2013\/12\/history-of-balck-jack.jpg\"><img loading=\"lazy\" decoding=\"async\" class=\"aligncenter size-full wp-image-547 alignright size-full wp-image-183\" style=\"margin: 5px; float: right;\" src=\"http:\/\/gambling6.com\/wp-content\/uploads\/2013\/12\/history-of-balck-jack.jpg\" alt=\"Historia del blackjack\" width=\"243\" height=\"207\" \/><\/a>Los historiadores del juego se debaten sobre la historia y el origen del juego que conocemos como Blackjack. Incluso hoy en d\u00eda, su historia es un tema candente de debate para muchos investigadores. Seg\u00fan la historia de los juegos de cartas, se puede establecer que las cartas se utilizaron inicialmente en China, India y Egipto ya en el a\u00f1o 900 d. C. Se dice que los primeros juegos de cartas se originaron en China.<\/p>\n<p>Sin embargo, se afirma que fueron los franceses quienes inventaron el blackjack. Los franceses ten\u00edan juegos de cartas conocidos como \u00abchemin de fer\u00bb y \u00abFrench Ferme\u00bb. Se cree que el blackjack es una derivaci\u00f3n de estos dos juegos franceses.<\/p>\n<p>Alrededor del a\u00f1o 1700 d. C., se introdujo en los casinos franceses un juego llamado \u00abvingt-et-un\u00bb, que significa veintiuno. En el siglo XIX, este mismo juego lleg\u00f3 a Estados Unidos.<\/p>\n<p>Aunque el \u00abvingt-et-un\u00bb se parece bastante al blackjack, presenta algunas diferencias. En este juego, el objetivo es conseguir un \u00abnatural\u00bb con cartas que sumen veintiuno. Adem\u00e1s, las cartas se repart\u00edan por rondas y se realizaban apuestas en cada una. Asimismo, solo el crupier ten\u00eda la potestad de doblar la apuesta. En caso de que obtuviera un Natural, todos los dem\u00e1s jugadores estar\u00edan obligados a pagarle el triple.<\/p>\n<p>Otro argumento de los investigadores es que el juego italiano conocido como \u00abSiete y medio\u00bb tambi\u00e9n pudo haber influido en el Blackjack actual. Este juego se jugaba con cartas numeradas del 8 al 10, adem\u00e1s de las figuras (J, Q, K). Estas figuras val\u00edan la mitad de su valor. El Rey de Diamantes actuaba como comod\u00edn. Se cree que este fue el primer juego en el que se introdujo el concepto de \u00abpasarse\u00bb. Esto significa que si la suma de las cartas de un jugador superaba los siete y medio, este perd\u00eda o quedaba eliminado.<\/p>\n<p>El \u00abTreinta y uno\u00bb, el famoso juego espa\u00f1ol, tambi\u00e9n era similar al Blackjack. Sin embargo, en este juego la suma era treinta y uno en lugar de veintiuno, y se jugaba con tres cartas en vez de dos, como en el Blackjack.<\/p>\n<p>Inicialmente, cuando el Blackjack lleg\u00f3 a los casinos estadounidenses alrededor de 1910, no fue muy popular. Los casinos introdujeron diversos incentivos y bonos para atraer jugadores. El bono inicial era de 10 a 1. Algunos casinos a\u00f1adieron el atractivo del nuevo juego, otorgando un pago de 10 a 1 tanto a la Jota de Tr\u00e9boles como a la Jota de Picas.<\/p>\n<p>Otro aspecto peculiar es el origen del nombre \u00abBlackjack\u00bb. Se dice que el juego se llamaba as\u00ed porque, para recibir el bono, el jugador deb\u00eda tener la Jota de Picas o el As de Picas como sus dos primeras cartas.<\/p>\n<p>Aunque ahora la Jota ya no es necesaria para formar una mano ganadora, y cualquier carta con valor de 10 junto con un As cuenta como mano ganadora, el nombre Blackjack conserva su significado.<\/p>\n","protected":false},"excerpt":{"rendered":"<p>\u00bfCu\u00e1ndo se jug\u00f3 al Blackjack por primera vez? Los historiadores del juego se debaten sobre la historia y el origen del juego que conocemos como Blackjack. Incluso hoy en d\u00eda, su historia es un tema candente de debate para muchos investigadores. Seg\u00fan la historia de los juegos de cartas, se puede establecer que las cartas [&hellip;]<\/p>\n","protected":false},"author":1,"featured_media":187,"parent":8333,"menu_order":56,"comment_status":"closed","ping_status":"closed","template":"","meta":{"footnotes":""},"class_list":["post-8906","page","type-page","status-publish","has-post-thumbnail","hentry"],"yoast_head":"<!-- This site is optimized with the Yoast SEO plugin v27.5 - https:\/\/yoast.com\/product\/yoast-seo-wordpress\/ -->\n<title>El origen del juego de cartas Blackjack<\/title>\n<meta name=\"description\" content=\"Lee sobre la historia del blackjack, desde su popular juego callejero hasta su pasado como pasatiempo en los casinos y en los casinos online.\" \/>\n<meta name=\"robots\" content=\"index, follow, max-snippet:-1, max-image-preview:large, max-video-preview:-1\" \/>\n<link rel=\"canonical\" href=\"https:\/\/gambling6.com\/es\/casino\/el-origen-del-blackjack\/\" \/>\n<meta property=\"og:locale\" content=\"es_ES\" \/>\n<meta property=\"og:type\" content=\"article\" \/>\n<meta property=\"og:title\" content=\"El origen del juego de cartas Blackjack\" \/>\n<meta property=\"og:description\" content=\"Lee sobre la historia del blackjack, desde su popular juego callejero hasta su pasado como pasatiempo en los casinos y en los casinos online.\" \/>\n<meta property=\"og:url\" content=\"https:\/\/gambling6.com\/es\/casino\/el-origen-del-blackjack\/\" \/>\n<meta property=\"og:site_name\" content=\"Gambling6\" \/>\n<meta property=\"og:image\" content=\"https:\/\/gambling6.com\/wp-content\/uploads\/2013\/12\/history-of-balck-jack.jpg\" \/>\n\t<meta property=\"og:image:width\" content=\"243\" \/>\n\t<meta property=\"og:image:height\" content=\"207\" \/>\n\t<meta property=\"og:image:type\" content=\"image\/jpeg\" \/>\n<meta name=\"twitter:card\" content=\"summary_large_image\" \/>\n<meta name=\"twitter:label1\" content=\"Tiempo de lectura\" \/>\n\t<meta name=\"twitter:data1\" content=\"3 minutos\" \/>\n<script type=\"application\/ld+json\" class=\"yoast-schema-graph\">{\"@context\":\"https:\\\/\\\/schema.org\",\"@graph\":[{\"@type\":\"WebPage\",\"@id\":\"https:\\\/\\\/gambling6.com\\\/es\\\/casino\\\/el-origen-del-blackjack\\\/\",\"url\":\"https:\\\/\\\/gambling6.com\\\/es\\\/casino\\\/el-origen-del-blackjack\\\/\",\"name\":\"El origen del juego de cartas Blackjack\",\"isPartOf\":{\"@id\":\"https:\\\/\\\/gambling6.com\\\/es\\\/#website\"},\"primaryImageOfPage\":{\"@id\":\"https:\\\/\\\/gambling6.com\\\/es\\\/casino\\\/el-origen-del-blackjack\\\/#primaryimage\"},\"image\":{\"@id\":\"https:\\\/\\\/gambling6.com\\\/es\\\/casino\\\/el-origen-del-blackjack\\\/#primaryimage\"},\"thumbnailUrl\":\"https:\\\/\\\/gambling6.com\\\/wp-content\\\/uploads\\\/2013\\\/12\\\/history-of-balck-jack.jpg\",\"datePublished\":\"2025-11-08T09:49:33+00:00\",\"description\":\"Lee sobre la historia del blackjack, desde su popular juego callejero hasta su pasado como pasatiempo en los casinos y en los casinos online.\",\"breadcrumb\":{\"@id\":\"https:\\\/\\\/gambling6.com\\\/es\\\/casino\\\/el-origen-del-blackjack\\\/#breadcrumb\"},\"inLanguage\":\"es\",\"potentialAction\":[{\"@type\":\"ReadAction\",\"target\":[\"https:\\\/\\\/gambling6.com\\\/es\\\/casino\\\/el-origen-del-blackjack\\\/\"]}]},{\"@type\":\"ImageObject\",\"inLanguage\":\"es\",\"@id\":\"https:\\\/\\\/gambling6.com\\\/es\\\/casino\\\/el-origen-del-blackjack\\\/#primaryimage\",\"url\":\"https:\\\/\\\/gambling6.com\\\/wp-content\\\/uploads\\\/2013\\\/12\\\/history-of-balck-jack.jpg\",\"contentUrl\":\"https:\\\/\\\/gambling6.com\\\/wp-content\\\/uploads\\\/2013\\\/12\\\/history-of-balck-jack.jpg\",\"width\":243,\"height\":207,\"caption\":\"blackjack\"},{\"@type\":\"BreadcrumbList\",\"@id\":\"https:\\\/\\\/gambling6.com\\\/es\\\/casino\\\/el-origen-del-blackjack\\\/#breadcrumb\",\"itemListElement\":[{\"@type\":\"ListItem\",\"position\":1,\"name\":\"Home\",\"item\":\"https:\\\/\\\/gambling6.com\\\/es\\\/home\\\/\"},{\"@type\":\"ListItem\",\"position\":2,\"name\":\"Casino\",\"item\":\"https:\\\/\\\/gambling6.com\\\/es\\\/get-started-with-online-gambling\\\/\"},{\"@type\":\"ListItem\",\"position\":3,\"name\":\"El origen del blackjack\"}]},{\"@type\":\"WebSite\",\"@id\":\"https:\\\/\\\/gambling6.com\\\/es\\\/#website\",\"url\":\"https:\\\/\\\/gambling6.com\\\/es\\\/\",\"name\":\"Gambling6\",\"description\":\"\",\"potentialAction\":[{\"@type\":\"SearchAction\",\"target\":{\"@type\":\"EntryPoint\",\"urlTemplate\":\"https:\\\/\\\/gambling6.com\\\/es\\\/?s={search_term_string}\"},\"query-input\":{\"@type\":\"PropertyValueSpecification\",\"valueRequired\":true,\"valueName\":\"search_term_string\"}}],\"inLanguage\":\"es\"}]}<\/script>\n<!-- \/ Yoast SEO plugin. -->","yoast_head_json":{"title":"El origen del juego de cartas Blackjack","description":"Lee sobre la historia del blackjack, desde su popular juego callejero hasta su pasado como pasatiempo en los casinos y en los casinos online.","robots":{"index":"index","follow":"follow","max-snippet":"max-snippet:-1","max-image-preview":"max-image-preview:large","max-video-preview":"max-video-preview:-1"},"canonical":"https:\/\/gambling6.com\/es\/casino\/el-origen-del-blackjack\/","og_locale":"es_ES","og_type":"article","og_title":"El origen del juego de cartas Blackjack","og_description":"Lee sobre la historia del blackjack, desde su popular juego callejero hasta su pasado como pasatiempo en los casinos y en los casinos online.","og_url":"https:\/\/gambling6.com\/es\/casino\/el-origen-del-blackjack\/","og_site_name":"Gambling6","og_image":[{"width":243,"height":207,"url":"https:\/\/gambling6.com\/wp-content\/uploads\/2013\/12\/history-of-balck-jack.jpg","type":"image\/jpeg"}],"twitter_card":"summary_large_image","twitter_misc":{"Tiempo de lectura":"3 minutos"},"schema":{"@context":"https:\/\/schema.org","@graph":[{"@type":"WebPage","@id":"https:\/\/gambling6.com\/es\/casino\/el-origen-del-blackjack\/","url":"https:\/\/gambling6.com\/es\/casino\/el-origen-del-blackjack\/","name":"El origen del juego de cartas Blackjack","isPartOf":{"@id":"https:\/\/gambling6.com\/es\/#website"},"primaryImageOfPage":{"@id":"https:\/\/gambling6.com\/es\/casino\/el-origen-del-blackjack\/#primaryimage"},"image":{"@id":"https:\/\/gambling6.com\/es\/casino\/el-origen-del-blackjack\/#primaryimage"},"thumbnailUrl":"https:\/\/gambling6.com\/wp-content\/uploads\/2013\/12\/history-of-balck-jack.jpg","datePublished":"2025-11-08T09:49:33+00:00","description":"Lee sobre la historia del blackjack, desde su popular juego callejero hasta su pasado como pasatiempo en los casinos y en los casinos online.","breadcrumb":{"@id":"https:\/\/gambling6.com\/es\/casino\/el-origen-del-blackjack\/#breadcrumb"},"inLanguage":"es","potentialAction":[{"@type":"ReadAction","target":["https:\/\/gambling6.com\/es\/casino\/el-origen-del-blackjack\/"]}]},{"@type":"ImageObject","inLanguage":"es","@id":"https:\/\/gambling6.com\/es\/casino\/el-origen-del-blackjack\/#primaryimage","url":"https:\/\/gambling6.com\/wp-content\/uploads\/2013\/12\/history-of-balck-jack.jpg","contentUrl":"https:\/\/gambling6.com\/wp-content\/uploads\/2013\/12\/history-of-balck-jack.jpg","width":243,"height":207,"caption":"blackjack"},{"@type":"BreadcrumbList","@id":"https:\/\/gambling6.com\/es\/casino\/el-origen-del-blackjack\/#breadcrumb","itemListElement":[{"@type":"ListItem","position":1,"name":"Home","item":"https:\/\/gambling6.com\/es\/home\/"},{"@type":"ListItem","position":2,"name":"Casino","item":"https:\/\/gambling6.com\/es\/get-started-with-online-gambling\/"},{"@type":"ListItem","position":3,"name":"El origen del blackjack"}]},{"@type":"WebSite","@id":"https:\/\/gambling6.com\/es\/#website","url":"https:\/\/gambling6.com\/es\/","name":"Gambling6","description":"","potentialAction":[{"@type":"SearchAction","target":{"@type":"EntryPoint","urlTemplate":"https:\/\/gambling6.com\/es\/?s={search_term_string}"},"query-input":{"@type":"PropertyValueSpecification","valueRequired":true,"valueName":"search_term_string"}}],"inLanguage":"es"}]}},"_links":{"self":[{"href":"https:\/\/gambling6.com\/es\/wp-json\/wp\/v2\/pages\/8906","targetHints":{"allow":["GET"]}}],"collection":[{"href":"https:\/\/gambling6.com\/es\/wp-json\/wp\/v2\/pages"}],"about":[{"href":"https:\/\/gambling6.com\/es\/wp-json\/wp\/v2\/types\/page"}],"author":[{"embeddable":true,"href":"https:\/\/gambling6.com\/es\/wp-json\/wp\/v2\/users\/1"}],"replies":[{"embeddable":true,"href":"https:\/\/gambling6.com\/es\/wp-json\/wp\/v2\/comments?post=8906"}],"version-history":[{"count":0,"href":"https:\/\/gambling6.com\/es\/wp-json\/wp\/v2\/pages\/8906\/revisions"}],"up":[{"embeddable":true,"href":"https:\/\/gambling6.com\/es\/wp-json\/wp\/v2\/pages\/8333"}],"wp:featuredmedia":[{"embeddable":true,"href":"https:\/\/gambling6.com\/es\/wp-json\/wp\/v2\/media\/187"}],"wp:attachment":[{"href":"https:\/\/gambling6.com\/es\/wp-json\/wp\/v2\/media?parent=8906"}],"curies":[{"name":"wp","href":"https:\/\/api.w.org\/{rel}","templated":true}]}}