{"id":8949,"date":"2025-11-08T10:36:13","date_gmt":"2025-11-08T10:36:13","guid":{"rendered":"https:\/\/gambling6.com\/casino\/todo-lo-que-necesitas-saber-sobre-las-tragamonedas-online\/"},"modified":"2025-11-12T09:45:16","modified_gmt":"2025-11-12T09:45:16","slug":"todo-lo-que-necesitas-saber-sobre-las-tragamonedas-online","status":"publish","type":"page","link":"https:\/\/gambling6.com\/es\/casino\/todo-lo-que-necesitas-saber-sobre-las-tragamonedas-online\/","title":{"rendered":"Todo lo que necesitas saber sobre las tragamonedas online"},"content":{"rendered":"<h2>Jugar a las tragamonedas: el juego de casino en l\u00ednea m\u00e1s popular<\/h2>\n<p>Las tragamonedas en l\u00ednea son la opci\u00f3n m\u00e1s popular entre los jugadores de casino, y hay muchas razones para ello. Si bien los juegos parecen sencillos a primera vista, en realidad hay varios aspectos que debes conocer para mejorar tus resultados y disfrutar de una mejor experiencia de juego en l\u00ednea. Para obtener informaci\u00f3n sobre diversos elementos relacionados con las tragamonedas con dinero real, visita nuestro sitio web dedicado a ense\u00f1ar a los jugadores c\u00f3mo funciona el juego y qu\u00e9 estrategias pueden utilizar.<\/p>\n<h2>Presentaci\u00f3n de las tragamonedas en l\u00ednea<\/h2>\n<p><img class=\" alignright size-full wp-image-370\" style=\"margin: 5px; float: right;\" \/><\/p>\n<p>Luego puede girar los rodillos, y si los s\u00edmbolos se detienen en una combinaci\u00f3n espec\u00edfica en cada l\u00ednea seleccionada, el juego otorgar\u00e1 un premio seg\u00fan las probabilidades y el monto de la apuesta. Esta simplicidad del juego, junto con el potencial de ganar premios enormes, fue lo que lo hizo tan popular en un principio. A medida que los casinos en l\u00ednea se han vuelto cada vez m\u00e1s populares con el paso de los a\u00f1os, las tragamonedas han mantenido su popularidad, ya que los jugadores se han pasado a internet para acceder m\u00e1s f\u00e1cilmente a sus juegos favoritos.<\/p>\n<p>Las reglas son las mismas, pero las tragamonedas en l\u00ednea ahora utilizan generadores de n\u00fameros aleatorios para determinar qu\u00e9 s\u00edmbolos se muestran una vez que los rodillos dejan de girar. En teor\u00eda, las probabilidades de ganar siguen siendo las mismas, pero la mayor\u00eda de los jugadores afirman que las tragamonedas en l\u00ednea son mucho m\u00e1s rentables, ya que no se ven afectadas de ninguna manera seg\u00fan su ubicaci\u00f3n en el casino.<\/p>\n<h2>Nuevas posibilidades en l\u00ednea<\/h2>\n<p>Las tragamonedas en l\u00ednea han experimentado un gran auge en los \u00faltimos a\u00f1os, e internet ha brindado a los desarrolladores de software la oportunidad de llevar el juego a un nuevo nivel. Ahora, los jugadores pueden elegir entre una gran cantidad de l\u00edneas de pago. Cada l\u00ednea adicional tiene las mismas probabilidades de obtener una combinaci\u00f3n ganadora, por lo que el jugador tiene la opci\u00f3n de apostar m\u00e1s y jugar con m\u00e1s l\u00edneas en un solo giro. Internet tambi\u00e9n ha proporcionado la mejor manera de expandir las tragamonedas en l\u00ednea seg\u00fan su tem\u00e1tica y estilo. Se lanzan nuevos t\u00edtulos con bastante frecuencia y pueden abarcar diversas tem\u00e1ticas; las posibilidades solo est\u00e1n limitadas por la imaginaci\u00f3n. Pel\u00edculas populares como El Caballero Oscuro y Gladiator inspiran las tragamonedas online.<\/p>\n<p>Entre los mejores casinos con juegos de casino de tem\u00e1tica atractiva y dise\u00f1o llamativo se encuentra, sin duda, 888 Casino. <a class=\"thirstylink\" title=\"888 casino en\" href=\"https:\/\/gambling6.com\/go\/888-casino-en\/\" target=\"_blank\" rel=\"nofollow noopener\">Si quieres probarlas, sigue este enlace; no te decepcionar\u00e1n.<\/a><\/p>\n<h2>Tragamonedas progresivas<\/h2>\n<p>Las tragamonedas progresivas tambi\u00e9n se encuentran en casinos f\u00edsicos, pero son muy populares en l\u00ednea. La idea es que el casino conecta varias m\u00e1quinas tragamonedas para que cada apuesta contribuya a un bote acumulado que se puede ganar en cualquier momento. En los casinos online, conectar estos juegos es mucho m\u00e1s f\u00e1cil, lo que permite que m\u00e1s usuarios jueguen al mismo juego. Esto da como resultado algunas tragamonedas progresivas muy populares que pueden repartir millones de d\u00f3lares cada dos meses.<\/p>\n<p>El bote acumulado crece con cada apuesta adicional realizada por los jugadores hasta que alguien consigue la combinaci\u00f3n ganadora y se lleva el premio completo. Por ejemplo, en una tragamonedas online con tem\u00e1tica de p\u00f3ker, el bote se gana al obtener una Escalera Real. Por supuesto, tambi\u00e9n existen premios menores para otras combinaciones que aparecen con mayor frecuencia, por lo que los jugadores no apuestan \u00fanicamente por el bote. Las tragamonedas progresivas m\u00e1s populares se pueden encontrar en varios casinos online simult\u00e1neamente, siempre que utilicen el mismo proveedor de software.<\/p>\n<h2>Estrategias para tragamonedas online<\/h2>\n<p>Si bien las tragamonedas son un juego de azar, algunos consejos \u00fatiles pueden ayudarte a aumentar tus ganancias. Lo m\u00e1s importante es saber que un giro no depende del anterior; cada giro tiene las mismas probabilidades. Muchos jugadores creen que si juegan el tiempo suficiente, eventualmente ganar\u00e1n el gran premio. La mejor manera de ganar en las tragamonedas online es administrar bien tu presupuesto, evitando riesgos innecesarios desde el principio. Esto significa que debes jugar con menos l\u00edneas y evitar los juegos que ofrecen la funci\u00f3n de \u00abdoble o nada\u00bb. Para comprender mejor c\u00f3mo funciona el juego, primero puedes jugar con dinero virtual.<\/p>\n","protected":false},"excerpt":{"rendered":"<p>Jugar a las tragamonedas: el juego de casino en l\u00ednea m\u00e1s popular Las tragamonedas en l\u00ednea son la opci\u00f3n m\u00e1s popular entre los jugadores de casino, y hay muchas razones para ello. Si bien los juegos parecen sencillos a primera vista, en realidad hay varios aspectos que debes conocer para mejorar tus resultados y disfrutar [&hellip;]<\/p>\n","protected":false},"author":1,"featured_media":374,"parent":8333,"menu_order":42,"comment_status":"closed","ping_status":"closed","template":"","meta":{"footnotes":""},"class_list":["post-8949","page","type-page","status-publish","has-post-thumbnail","hentry"],"yoast_head":"<!-- This site is optimized with the Yoast SEO plugin v27.4 - https:\/\/yoast.com\/product\/yoast-seo-wordpress\/ -->\n<title>Informaci\u00f3n sobre c\u00f3mo jugar a las tragamonedas en l\u00ednea<\/title>\n<meta name=\"description\" content=\"Aprende a jugar a las tragamonedas online y reclama millones de d\u00f3lares en botes progresivos con tan solo un clic del rat\u00f3n.\" \/>\n<meta name=\"robots\" content=\"index, follow, max-snippet:-1, max-image-preview:large, max-video-preview:-1\" \/>\n<link rel=\"canonical\" href=\"https:\/\/gambling6.com\/es\/casino\/todo-lo-que-necesitas-saber-sobre-las-tragamonedas-online\/\" \/>\n<meta property=\"og:locale\" content=\"es_ES\" \/>\n<meta property=\"og:type\" content=\"article\" \/>\n<meta property=\"og:title\" content=\"Informaci\u00f3n sobre c\u00f3mo jugar a las tragamonedas en l\u00ednea\" \/>\n<meta property=\"og:description\" content=\"Aprende a jugar a las tragamonedas online y reclama millones de d\u00f3lares en botes progresivos con tan solo un clic del rat\u00f3n.\" \/>\n<meta property=\"og:url\" content=\"https:\/\/gambling6.com\/es\/casino\/todo-lo-que-necesitas-saber-sobre-las-tragamonedas-online\/\" \/>\n<meta property=\"og:site_name\" content=\"Gambling6\" \/>\n<meta property=\"article:modified_time\" content=\"2025-11-12T09:45:16+00:00\" \/>\n<meta property=\"og:image\" content=\"https:\/\/gambling6.com\/wp-content\/uploads\/2013\/12\/Slots-150x150.jpg\" \/>\n\t<meta property=\"og:image:width\" content=\"150\" \/>\n\t<meta property=\"og:image:height\" content=\"150\" \/>\n\t<meta property=\"og:image:type\" content=\"image\/jpeg\" \/>\n<meta name=\"twitter:card\" content=\"summary_large_image\" \/>\n<meta name=\"twitter:label1\" content=\"Tiempo de lectura\" \/>\n\t<meta name=\"twitter:data1\" content=\"4 minutos\" \/>\n<script type=\"application\/ld+json\" class=\"yoast-schema-graph\">{\"@context\":\"https:\\\/\\\/schema.org\",\"@graph\":[{\"@type\":\"WebPage\",\"@id\":\"https:\\\/\\\/gambling6.com\\\/es\\\/casino\\\/todo-lo-que-necesitas-saber-sobre-las-tragamonedas-online\\\/\",\"url\":\"https:\\\/\\\/gambling6.com\\\/es\\\/casino\\\/todo-lo-que-necesitas-saber-sobre-las-tragamonedas-online\\\/\",\"name\":\"Informaci\u00f3n sobre c\u00f3mo jugar a las tragamonedas en l\u00ednea\",\"isPartOf\":{\"@id\":\"https:\\\/\\\/gambling6.com\\\/es\\\/#website\"},\"primaryImageOfPage\":{\"@id\":\"https:\\\/\\\/gambling6.com\\\/es\\\/casino\\\/todo-lo-que-necesitas-saber-sobre-las-tragamonedas-online\\\/#primaryimage\"},\"image\":{\"@id\":\"https:\\\/\\\/gambling6.com\\\/es\\\/casino\\\/todo-lo-que-necesitas-saber-sobre-las-tragamonedas-online\\\/#primaryimage\"},\"thumbnailUrl\":\"https:\\\/\\\/gambling6.com\\\/wp-content\\\/uploads\\\/2013\\\/12\\\/Slots-150x150.jpg\",\"datePublished\":\"2025-11-08T10:36:13+00:00\",\"dateModified\":\"2025-11-12T09:45:16+00:00\",\"description\":\"Aprende a jugar a las tragamonedas online y reclama millones de d\u00f3lares en botes progresivos con tan solo un clic del rat\u00f3n.\",\"breadcrumb\":{\"@id\":\"https:\\\/\\\/gambling6.com\\\/es\\\/casino\\\/todo-lo-que-necesitas-saber-sobre-las-tragamonedas-online\\\/#breadcrumb\"},\"inLanguage\":\"es\",\"potentialAction\":[{\"@type\":\"ReadAction\",\"target\":[\"https:\\\/\\\/gambling6.com\\\/es\\\/casino\\\/todo-lo-que-necesitas-saber-sobre-las-tragamonedas-online\\\/\"]}]},{\"@type\":\"ImageObject\",\"inLanguage\":\"es\",\"@id\":\"https:\\\/\\\/gambling6.com\\\/es\\\/casino\\\/todo-lo-que-necesitas-saber-sobre-las-tragamonedas-online\\\/#primaryimage\",\"url\":\"https:\\\/\\\/gambling6.com\\\/wp-content\\\/uploads\\\/2013\\\/12\\\/Slots-150x150.jpg\",\"contentUrl\":\"https:\\\/\\\/gambling6.com\\\/wp-content\\\/uploads\\\/2013\\\/12\\\/Slots-150x150.jpg\",\"width\":150,\"height\":150},{\"@type\":\"BreadcrumbList\",\"@id\":\"https:\\\/\\\/gambling6.com\\\/es\\\/casino\\\/todo-lo-que-necesitas-saber-sobre-las-tragamonedas-online\\\/#breadcrumb\",\"itemListElement\":[{\"@type\":\"ListItem\",\"position\":1,\"name\":\"Home\",\"item\":\"https:\\\/\\\/gambling6.com\\\/es\\\/home\\\/\"},{\"@type\":\"ListItem\",\"position\":2,\"name\":\"Casino\",\"item\":\"https:\\\/\\\/gambling6.com\\\/es\\\/get-started-with-online-gambling\\\/\"},{\"@type\":\"ListItem\",\"position\":3,\"name\":\"Todo lo que necesitas saber sobre las tragamonedas online\"}]},{\"@type\":\"WebSite\",\"@id\":\"https:\\\/\\\/gambling6.com\\\/es\\\/#website\",\"url\":\"https:\\\/\\\/gambling6.com\\\/es\\\/\",\"name\":\"Gambling6\",\"description\":\"\",\"potentialAction\":[{\"@type\":\"SearchAction\",\"target\":{\"@type\":\"EntryPoint\",\"urlTemplate\":\"https:\\\/\\\/gambling6.com\\\/es\\\/?s={search_term_string}\"},\"query-input\":{\"@type\":\"PropertyValueSpecification\",\"valueRequired\":true,\"valueName\":\"search_term_string\"}}],\"inLanguage\":\"es\"}]}<\/script>\n<!-- \/ Yoast SEO plugin. -->","yoast_head_json":{"title":"Informaci\u00f3n sobre c\u00f3mo jugar a las tragamonedas en l\u00ednea","description":"Aprende a jugar a las tragamonedas online y reclama millones de d\u00f3lares en botes progresivos con tan solo un clic del rat\u00f3n.","robots":{"index":"index","follow":"follow","max-snippet":"max-snippet:-1","max-image-preview":"max-image-preview:large","max-video-preview":"max-video-preview:-1"},"canonical":"https:\/\/gambling6.com\/es\/casino\/todo-lo-que-necesitas-saber-sobre-las-tragamonedas-online\/","og_locale":"es_ES","og_type":"article","og_title":"Informaci\u00f3n sobre c\u00f3mo jugar a las tragamonedas en l\u00ednea","og_description":"Aprende a jugar a las tragamonedas online y reclama millones de d\u00f3lares en botes progresivos con tan solo un clic del rat\u00f3n.","og_url":"https:\/\/gambling6.com\/es\/casino\/todo-lo-que-necesitas-saber-sobre-las-tragamonedas-online\/","og_site_name":"Gambling6","article_modified_time":"2025-11-12T09:45:16+00:00","og_image":[{"width":150,"height":150,"url":"https:\/\/gambling6.com\/wp-content\/uploads\/2013\/12\/Slots-150x150.jpg","type":"image\/jpeg"}],"twitter_card":"summary_large_image","twitter_misc":{"Tiempo de lectura":"4 minutos"},"schema":{"@context":"https:\/\/schema.org","@graph":[{"@type":"WebPage","@id":"https:\/\/gambling6.com\/es\/casino\/todo-lo-que-necesitas-saber-sobre-las-tragamonedas-online\/","url":"https:\/\/gambling6.com\/es\/casino\/todo-lo-que-necesitas-saber-sobre-las-tragamonedas-online\/","name":"Informaci\u00f3n sobre c\u00f3mo jugar a las tragamonedas en l\u00ednea","isPartOf":{"@id":"https:\/\/gambling6.com\/es\/#website"},"primaryImageOfPage":{"@id":"https:\/\/gambling6.com\/es\/casino\/todo-lo-que-necesitas-saber-sobre-las-tragamonedas-online\/#primaryimage"},"image":{"@id":"https:\/\/gambling6.com\/es\/casino\/todo-lo-que-necesitas-saber-sobre-las-tragamonedas-online\/#primaryimage"},"thumbnailUrl":"https:\/\/gambling6.com\/wp-content\/uploads\/2013\/12\/Slots-150x150.jpg","datePublished":"2025-11-08T10:36:13+00:00","dateModified":"2025-11-12T09:45:16+00:00","description":"Aprende a jugar a las tragamonedas online y reclama millones de d\u00f3lares en botes progresivos con tan solo un clic del rat\u00f3n.","breadcrumb":{"@id":"https:\/\/gambling6.com\/es\/casino\/todo-lo-que-necesitas-saber-sobre-las-tragamonedas-online\/#breadcrumb"},"inLanguage":"es","potentialAction":[{"@type":"ReadAction","target":["https:\/\/gambling6.com\/es\/casino\/todo-lo-que-necesitas-saber-sobre-las-tragamonedas-online\/"]}]},{"@type":"ImageObject","inLanguage":"es","@id":"https:\/\/gambling6.com\/es\/casino\/todo-lo-que-necesitas-saber-sobre-las-tragamonedas-online\/#primaryimage","url":"https:\/\/gambling6.com\/wp-content\/uploads\/2013\/12\/Slots-150x150.jpg","contentUrl":"https:\/\/gambling6.com\/wp-content\/uploads\/2013\/12\/Slots-150x150.jpg","width":150,"height":150},{"@type":"BreadcrumbList","@id":"https:\/\/gambling6.com\/es\/casino\/todo-lo-que-necesitas-saber-sobre-las-tragamonedas-online\/#breadcrumb","itemListElement":[{"@type":"ListItem","position":1,"name":"Home","item":"https:\/\/gambling6.com\/es\/home\/"},{"@type":"ListItem","position":2,"name":"Casino","item":"https:\/\/gambling6.com\/es\/get-started-with-online-gambling\/"},{"@type":"ListItem","position":3,"name":"Todo lo que necesitas saber sobre las tragamonedas online"}]},{"@type":"WebSite","@id":"https:\/\/gambling6.com\/es\/#website","url":"https:\/\/gambling6.com\/es\/","name":"Gambling6","description":"","potentialAction":[{"@type":"SearchAction","target":{"@type":"EntryPoint","urlTemplate":"https:\/\/gambling6.com\/es\/?s={search_term_string}"},"query-input":{"@type":"PropertyValueSpecification","valueRequired":true,"valueName":"search_term_string"}}],"inLanguage":"es"}]}},"_links":{"self":[{"href":"https:\/\/gambling6.com\/es\/wp-json\/wp\/v2\/pages\/8949","targetHints":{"allow":["GET"]}}],"collection":[{"href":"https:\/\/gambling6.com\/es\/wp-json\/wp\/v2\/pages"}],"about":[{"href":"https:\/\/gambling6.com\/es\/wp-json\/wp\/v2\/types\/page"}],"author":[{"embeddable":true,"href":"https:\/\/gambling6.com\/es\/wp-json\/wp\/v2\/users\/1"}],"replies":[{"embeddable":true,"href":"https:\/\/gambling6.com\/es\/wp-json\/wp\/v2\/comments?post=8949"}],"version-history":[{"count":1,"href":"https:\/\/gambling6.com\/es\/wp-json\/wp\/v2\/pages\/8949\/revisions"}],"predecessor-version":[{"id":10494,"href":"https:\/\/gambling6.com\/es\/wp-json\/wp\/v2\/pages\/8949\/revisions\/10494"}],"up":[{"embeddable":true,"href":"https:\/\/gambling6.com\/es\/wp-json\/wp\/v2\/pages\/8333"}],"wp:featuredmedia":[{"embeddable":true,"href":"https:\/\/gambling6.com\/es\/wp-json\/wp\/v2\/media\/374"}],"wp:attachment":[{"href":"https:\/\/gambling6.com\/es\/wp-json\/wp\/v2\/media?parent=8949"}],"curies":[{"name":"wp","href":"https:\/\/api.w.org\/{rel}","templated":true}]}}