{"id":8973,"date":"2025-11-08T12:20:27","date_gmt":"2025-11-08T12:20:27","guid":{"rendered":"https:\/\/gambling6.com\/casino\/donde-encontrar-tragamonedas-de-alta-calidad-en-linea\/"},"modified":"2025-11-08T12:20:27","modified_gmt":"2025-11-08T12:20:27","slug":"donde-encontrar-tragamonedas-de-alta-calidad-en-linea","status":"publish","type":"page","link":"https:\/\/gambling6.com\/es\/casino\/donde-encontrar-tragamonedas-de-alta-calidad-en-linea\/","title":{"rendered":"D\u00f3nde encontrar tragamonedas de alta calidad en l\u00ednea"},"content":{"rendered":"<h2>Casinos de tragamonedas en l\u00ednea de calidad<\/h2>\n<p>Cuando se trata de casinos en l\u00ednea, las tragamonedas suelen ocupar el primer lugar en cuanto a variedad, n\u00famero de jugadores y premios mayores. Por supuesto, es f\u00e1cil entender por qu\u00e9 los juegos de tragamonedas en l\u00ednea son tan populares, y con solo un giro de los s\u00edmbolos, cualquier jugador tiene el potencial de ganar grandes premios, incluso millones de d\u00f3lares. De hecho, las tragamonedas son tan populares en l\u00ednea que algunos casinos ofrecen bonos especiales solo para estos juegos, ya que los jugadores se registran \u00fanicamente para jugar a las tragamonedas y no les interesa nada m\u00e1s. Dado que la mejor estrategia en las tragamonedas en l\u00ednea es jugar m\u00e1s, estos bonos resultan muy \u00fatiles.<\/p>\n<h2>Proveedores de Software de Juegos de Casino<\/h2>\n<p><img loading=\"lazy\" decoding=\"async\" class=\"size-full wp-image-400 alignright\" src=\"https:\/\/gambling6.com\/wp-content\/uploads\/2013\/12\/mobile-gambling-150x150.jpg\" alt=\"tragamonedas online\" width=\"150\" height=\"150\" \/>Todos los casinos online funcionan con software de un desarrollador, y existen varias compa\u00f1\u00edas que se han labrado un nombre ofreciendo algunos de los juegos de casino con mejores gr\u00e1ficos en internet. Si no sabes qu\u00e9 software de tragamonedas elegir, sigue este enlace, que te llevar\u00e1 a las dos compa\u00f1\u00edas m\u00e1s populares del sector.<\/p>\n<h2>Juega a las Mejores Tragamonedas de Internet<\/h2>\n<p> Los gr\u00e1ficos y las funciones pueden variar mucho seg\u00fan el software, por lo que siempre es recomendable explorar varias opciones y ver cu\u00e1l te resulta m\u00e1s atractiva. Conocer el aspecto de algunos juegos de un desarrollador de software en particular facilita enormemente la b\u00fasqueda de un nuevo casino en l\u00ednea. Si bien algunos sitios ofrecen juegos exclusivos, dise\u00f1ados especialmente para el casino en cuesti\u00f3n, todos los sitios que utilizan el mismo proveedor de software tienen pr\u00e1cticamente los mismos juegos. Para garantizar la satisfacci\u00f3n de sus clientes, algunos casinos en l\u00ednea ofrecen juegos de varios proveedores de software, lo cual siempre es positivo.<\/p>\n<h3>Tragaperras en l\u00ednea<\/h3>\n<p> Con tantos casinos en l\u00ednea que ofrecen tragaperras de diferentes proveedores, puede resultar dif\u00edcil saber cu\u00e1les son realmente los mejores. Esto garantiza una excelente experiencia de juego en todo momento. Descubre esta opci\u00f3n, considerada actualmente el casino con las mejores tragaperras de internet, ya que pr\u00e1cticamente lo tiene todo. El sitio que aparece aqu\u00ed podr\u00eda cambiar si surge una mejor opci\u00f3n, pero por ahora, el mejor sitio para jugar a las tragaperras es 888 Casino. 888 es uno de los l\u00edderes en juegos de azar en l\u00ednea, con una amplia secci\u00f3n de apuestas deportivas, una sala de p\u00f3ker realista y un magn\u00edfico casino.<\/p>\n<p>Lo que hace de 888 Casino un lugar tan fant\u00e1stico para jugar a las tragamonedas es su amplia selecci\u00f3n de t\u00edtulos de Playtech, IGT, Microgaming y algunos propios. Un nuevo jugador tardar\u00e1 varios d\u00edas en explorar todos los juegos disponibles, y la variedad de estilos garantiza que nunca se aburrir\u00e1.<\/p>\n<p><a href=\"https:\/\/ic.aff-handler.com\/C\/45871?sr=1064399&amp;anid=\" rel=\"nofollow\"><img loading=\"lazy\" decoding=\"async\" class=\"aligncenter\" src=\"https:\/\/ic.aff-handler.com\/I\/45871?sr=1064399&amp;anid=\" width=\"725\" height=\"93\" \/><\/a><\/p>\n<p>Por supuesto, un buen casino en l\u00ednea no se define solo por los juegos que ofrece; varios factores deben ser s\u00f3lidos para que el sitio en su conjunto se considere relevante. Quiz\u00e1s lo m\u00e1s importante sea la seguridad, ya que las transacciones financieras son una parte fundamental de las apuestas en l\u00ednea, y el casino en l\u00ednea debe garantizar que todo sea seguro en todo momento.<\/p>\n<p>Si resides en Estados Unidos, la legislaci\u00f3n estadounidense te impide unirte a 888 Casino. Las buenas alternativas para los jugadores estadounidenses son escasas, pero podemos recomendarte BetOnline Casino para todas tus apuestas en l\u00ednea. Haz clic en el banner a continuaci\u00f3n para visitar BetOnlineCasino: \u00a1no te decepcionar\u00e1!<\/p>\n<p><a class=\"thirstylink\" title=\"Casino en l\u00ednea BetOnline en\" href=\"https:\/\/gambling6.com\/go\/betonline-casino-en\/\" target=\"_blank\" rel=\"nofollow noopener\"><img loading=\"lazy\" decoding=\"async\" class=\"wp-image-7875 aligncenter\" src=\"https:\/\/gambling6.com\/wp-content\/uploads\/2025\/10\/BOL_AQC_banner_468x60_FS1_casino-300x38.gif\" alt=\"Casino BetOnline\" width=\"553\" height=\"70\" \/><\/a><\/p>\n<p>Por eso, siempre es recomendable consultar las rese\u00f1as y comprobar qu\u00e9 casinos en l\u00ednea son fiables y cu\u00e1les tienen problemas con los pagos. Dado que hablamos de dinero, los bonos y las promociones se han vuelto muy importantes en los \u00faltimos a\u00f1os y suelen ser lo primero que mira un nuevo jugador. Es muy com\u00fan que los mejores casinos en l\u00ednea ofrezcan bonos de bienvenida basados \u200b\u200ben el monto del dep\u00f3sito, y los bonos para tragamonedas son los m\u00e1s comunes debido a la popularidad del juego.<\/p>\n","protected":false},"excerpt":{"rendered":"<p>Casinos de tragamonedas en l\u00ednea de calidad Cuando se trata de casinos en l\u00ednea, las tragamonedas suelen ocupar el primer lugar en cuanto a variedad, n\u00famero de jugadores y premios mayores. Por supuesto, es f\u00e1cil entender por qu\u00e9 los juegos de tragamonedas en l\u00ednea son tan populares, y con solo un giro de los s\u00edmbolos, [&hellip;]<\/p>\n","protected":false},"author":1,"featured_media":0,"parent":8333,"menu_order":47,"comment_status":"closed","ping_status":"closed","template":"","meta":{"footnotes":""},"class_list":["post-8973","page","type-page","status-publish","hentry"],"yoast_head":"<!-- This site is optimized with the Yoast SEO plugin v27.4 - https:\/\/yoast.com\/product\/yoast-seo-wordpress\/ -->\n<title>m\u00e1quinas tragamonedas en l\u00ednea de primera calidad<\/title>\n<meta name=\"description\" content=\"Juega a las mejores tragamonedas y juegos de tragamonedas en Internet. \u00a1Encuentra aqu\u00ed las mejores m\u00e1quinas tragamonedas online!\" \/>\n<meta name=\"robots\" content=\"index, follow, max-snippet:-1, max-image-preview:large, max-video-preview:-1\" \/>\n<link rel=\"canonical\" href=\"https:\/\/gambling6.com\/es\/casino\/donde-encontrar-tragamonedas-de-alta-calidad-en-linea\/\" \/>\n<meta property=\"og:locale\" content=\"es_ES\" \/>\n<meta property=\"og:type\" content=\"article\" \/>\n<meta property=\"og:title\" content=\"m\u00e1quinas tragamonedas en l\u00ednea de primera calidad\" \/>\n<meta property=\"og:description\" content=\"Juega a las mejores tragamonedas y juegos de tragamonedas en Internet. \u00a1Encuentra aqu\u00ed las mejores m\u00e1quinas tragamonedas online!\" \/>\n<meta property=\"og:url\" content=\"https:\/\/gambling6.com\/es\/casino\/donde-encontrar-tragamonedas-de-alta-calidad-en-linea\/\" \/>\n<meta property=\"og:site_name\" content=\"Gambling6\" \/>\n<meta property=\"og:image\" content=\"https:\/\/gambling6.com\/wp-content\/uploads\/2013\/12\/mobile-gambling-150x150.jpg\" \/>\n\t<meta property=\"og:image:width\" content=\"150\" \/>\n\t<meta property=\"og:image:height\" content=\"150\" \/>\n\t<meta property=\"og:image:type\" content=\"image\/jpeg\" \/>\n<meta name=\"twitter:card\" content=\"summary_large_image\" \/>\n<meta name=\"twitter:label1\" content=\"Tiempo de lectura\" \/>\n\t<meta name=\"twitter:data1\" content=\"4 minutos\" \/>\n<script type=\"application\/ld+json\" class=\"yoast-schema-graph\">{\"@context\":\"https:\\\/\\\/schema.org\",\"@graph\":[{\"@type\":\"WebPage\",\"@id\":\"https:\\\/\\\/gambling6.com\\\/es\\\/casino\\\/donde-encontrar-tragamonedas-de-alta-calidad-en-linea\\\/\",\"url\":\"https:\\\/\\\/gambling6.com\\\/es\\\/casino\\\/donde-encontrar-tragamonedas-de-alta-calidad-en-linea\\\/\",\"name\":\"m\u00e1quinas tragamonedas en l\u00ednea de primera calidad\",\"isPartOf\":{\"@id\":\"https:\\\/\\\/gambling6.com\\\/es\\\/#website\"},\"primaryImageOfPage\":{\"@id\":\"https:\\\/\\\/gambling6.com\\\/es\\\/casino\\\/donde-encontrar-tragamonedas-de-alta-calidad-en-linea\\\/#primaryimage\"},\"image\":{\"@id\":\"https:\\\/\\\/gambling6.com\\\/es\\\/casino\\\/donde-encontrar-tragamonedas-de-alta-calidad-en-linea\\\/#primaryimage\"},\"thumbnailUrl\":\"https:\\\/\\\/gambling6.com\\\/wp-content\\\/uploads\\\/2013\\\/12\\\/mobile-gambling-150x150.jpg\",\"datePublished\":\"2025-11-08T12:20:27+00:00\",\"description\":\"Juega a las mejores tragamonedas y juegos de tragamonedas en Internet. \u00a1Encuentra aqu\u00ed las mejores m\u00e1quinas tragamonedas online!\",\"breadcrumb\":{\"@id\":\"https:\\\/\\\/gambling6.com\\\/es\\\/casino\\\/donde-encontrar-tragamonedas-de-alta-calidad-en-linea\\\/#breadcrumb\"},\"inLanguage\":\"es\",\"potentialAction\":[{\"@type\":\"ReadAction\",\"target\":[\"https:\\\/\\\/gambling6.com\\\/es\\\/casino\\\/donde-encontrar-tragamonedas-de-alta-calidad-en-linea\\\/\"]}]},{\"@type\":\"ImageObject\",\"inLanguage\":\"es\",\"@id\":\"https:\\\/\\\/gambling6.com\\\/es\\\/casino\\\/donde-encontrar-tragamonedas-de-alta-calidad-en-linea\\\/#primaryimage\",\"url\":\"https:\\\/\\\/gambling6.com\\\/wp-content\\\/uploads\\\/2013\\\/12\\\/mobile-gambling-150x150.jpg\",\"contentUrl\":\"https:\\\/\\\/gambling6.com\\\/wp-content\\\/uploads\\\/2013\\\/12\\\/mobile-gambling-150x150.jpg\"},{\"@type\":\"BreadcrumbList\",\"@id\":\"https:\\\/\\\/gambling6.com\\\/es\\\/casino\\\/donde-encontrar-tragamonedas-de-alta-calidad-en-linea\\\/#breadcrumb\",\"itemListElement\":[{\"@type\":\"ListItem\",\"position\":1,\"name\":\"Home\",\"item\":\"https:\\\/\\\/gambling6.com\\\/es\\\/home\\\/\"},{\"@type\":\"ListItem\",\"position\":2,\"name\":\"Casino\",\"item\":\"https:\\\/\\\/gambling6.com\\\/es\\\/get-started-with-online-gambling\\\/\"},{\"@type\":\"ListItem\",\"position\":3,\"name\":\"D\u00f3nde encontrar tragamonedas de alta calidad en l\u00ednea\"}]},{\"@type\":\"WebSite\",\"@id\":\"https:\\\/\\\/gambling6.com\\\/es\\\/#website\",\"url\":\"https:\\\/\\\/gambling6.com\\\/es\\\/\",\"name\":\"Gambling6\",\"description\":\"\",\"potentialAction\":[{\"@type\":\"SearchAction\",\"target\":{\"@type\":\"EntryPoint\",\"urlTemplate\":\"https:\\\/\\\/gambling6.com\\\/es\\\/?s={search_term_string}\"},\"query-input\":{\"@type\":\"PropertyValueSpecification\",\"valueRequired\":true,\"valueName\":\"search_term_string\"}}],\"inLanguage\":\"es\"}]}<\/script>\n<!-- \/ Yoast SEO plugin. -->","yoast_head_json":{"title":"m\u00e1quinas tragamonedas en l\u00ednea de primera calidad","description":"Juega a las mejores tragamonedas y juegos de tragamonedas en Internet. \u00a1Encuentra aqu\u00ed las mejores m\u00e1quinas tragamonedas online!","robots":{"index":"index","follow":"follow","max-snippet":"max-snippet:-1","max-image-preview":"max-image-preview:large","max-video-preview":"max-video-preview:-1"},"canonical":"https:\/\/gambling6.com\/es\/casino\/donde-encontrar-tragamonedas-de-alta-calidad-en-linea\/","og_locale":"es_ES","og_type":"article","og_title":"m\u00e1quinas tragamonedas en l\u00ednea de primera calidad","og_description":"Juega a las mejores tragamonedas y juegos de tragamonedas en Internet. \u00a1Encuentra aqu\u00ed las mejores m\u00e1quinas tragamonedas online!","og_url":"https:\/\/gambling6.com\/es\/casino\/donde-encontrar-tragamonedas-de-alta-calidad-en-linea\/","og_site_name":"Gambling6","og_image":[{"width":150,"height":150,"url":"https:\/\/gambling6.com\/wp-content\/uploads\/2013\/12\/mobile-gambling-150x150.jpg","type":"image\/jpeg"}],"twitter_card":"summary_large_image","twitter_misc":{"Tiempo de lectura":"4 minutos"},"schema":{"@context":"https:\/\/schema.org","@graph":[{"@type":"WebPage","@id":"https:\/\/gambling6.com\/es\/casino\/donde-encontrar-tragamonedas-de-alta-calidad-en-linea\/","url":"https:\/\/gambling6.com\/es\/casino\/donde-encontrar-tragamonedas-de-alta-calidad-en-linea\/","name":"m\u00e1quinas tragamonedas en l\u00ednea de primera calidad","isPartOf":{"@id":"https:\/\/gambling6.com\/es\/#website"},"primaryImageOfPage":{"@id":"https:\/\/gambling6.com\/es\/casino\/donde-encontrar-tragamonedas-de-alta-calidad-en-linea\/#primaryimage"},"image":{"@id":"https:\/\/gambling6.com\/es\/casino\/donde-encontrar-tragamonedas-de-alta-calidad-en-linea\/#primaryimage"},"thumbnailUrl":"https:\/\/gambling6.com\/wp-content\/uploads\/2013\/12\/mobile-gambling-150x150.jpg","datePublished":"2025-11-08T12:20:27+00:00","description":"Juega a las mejores tragamonedas y juegos de tragamonedas en Internet. \u00a1Encuentra aqu\u00ed las mejores m\u00e1quinas tragamonedas online!","breadcrumb":{"@id":"https:\/\/gambling6.com\/es\/casino\/donde-encontrar-tragamonedas-de-alta-calidad-en-linea\/#breadcrumb"},"inLanguage":"es","potentialAction":[{"@type":"ReadAction","target":["https:\/\/gambling6.com\/es\/casino\/donde-encontrar-tragamonedas-de-alta-calidad-en-linea\/"]}]},{"@type":"ImageObject","inLanguage":"es","@id":"https:\/\/gambling6.com\/es\/casino\/donde-encontrar-tragamonedas-de-alta-calidad-en-linea\/#primaryimage","url":"https:\/\/gambling6.com\/wp-content\/uploads\/2013\/12\/mobile-gambling-150x150.jpg","contentUrl":"https:\/\/gambling6.com\/wp-content\/uploads\/2013\/12\/mobile-gambling-150x150.jpg"},{"@type":"BreadcrumbList","@id":"https:\/\/gambling6.com\/es\/casino\/donde-encontrar-tragamonedas-de-alta-calidad-en-linea\/#breadcrumb","itemListElement":[{"@type":"ListItem","position":1,"name":"Home","item":"https:\/\/gambling6.com\/es\/home\/"},{"@type":"ListItem","position":2,"name":"Casino","item":"https:\/\/gambling6.com\/es\/get-started-with-online-gambling\/"},{"@type":"ListItem","position":3,"name":"D\u00f3nde encontrar tragamonedas de alta calidad en l\u00ednea"}]},{"@type":"WebSite","@id":"https:\/\/gambling6.com\/es\/#website","url":"https:\/\/gambling6.com\/es\/","name":"Gambling6","description":"","potentialAction":[{"@type":"SearchAction","target":{"@type":"EntryPoint","urlTemplate":"https:\/\/gambling6.com\/es\/?s={search_term_string}"},"query-input":{"@type":"PropertyValueSpecification","valueRequired":true,"valueName":"search_term_string"}}],"inLanguage":"es"}]}},"_links":{"self":[{"href":"https:\/\/gambling6.com\/es\/wp-json\/wp\/v2\/pages\/8973","targetHints":{"allow":["GET"]}}],"collection":[{"href":"https:\/\/gambling6.com\/es\/wp-json\/wp\/v2\/pages"}],"about":[{"href":"https:\/\/gambling6.com\/es\/wp-json\/wp\/v2\/types\/page"}],"author":[{"embeddable":true,"href":"https:\/\/gambling6.com\/es\/wp-json\/wp\/v2\/users\/1"}],"replies":[{"embeddable":true,"href":"https:\/\/gambling6.com\/es\/wp-json\/wp\/v2\/comments?post=8973"}],"version-history":[{"count":0,"href":"https:\/\/gambling6.com\/es\/wp-json\/wp\/v2\/pages\/8973\/revisions"}],"up":[{"embeddable":true,"href":"https:\/\/gambling6.com\/es\/wp-json\/wp\/v2\/pages\/8333"}],"wp:attachment":[{"href":"https:\/\/gambling6.com\/es\/wp-json\/wp\/v2\/media?parent=8973"}],"curies":[{"name":"wp","href":"https:\/\/api.w.org\/{rel}","templated":true}]}}