{"id":9018,"date":"2025-11-08T13:16:19","date_gmt":"2025-11-08T13:16:19","guid":{"rendered":"https:\/\/gambling6.com\/casino\/algunos-juegos-de-casino-son-realmente-gratis\/"},"modified":"2025-11-08T13:16:19","modified_gmt":"2025-11-08T13:16:19","slug":"algunos-juegos-de-casino-son-realmente-gratis","status":"publish","type":"page","link":"https:\/\/gambling6.com\/es\/casino\/algunos-juegos-de-casino-son-realmente-gratis\/","title":{"rendered":"\u00a1Algunos juegos de casino son realmente gratis!"},"content":{"rendered":"<h2>\u00bfPor qu\u00e9 los casinos ofrecen juegos gratis?<\/h2>\n<p> Con el auge de internet, la mayor\u00eda de los aficionados a los casinos han empezado a jugar desde la comodidad de sus hogares. Los casinos online ofrecen m\u00e1s ventajas que los casinos f\u00edsicos. Jugar online no solo es c\u00f3modo, sino que tambi\u00e9n permite disfrutar de tus juegos favoritos sin arriesgar dinero. Los casinos online se enfrentan a una dura competencia, por lo que ofrecen juegos gratis para atraer a nuevos jugadores. Puedes jugar a estos juegos gratuitos hasta perfeccionar tus habilidades y convertirte en un experto.<\/p>\n<h2>Qu\u00e9 esperar al elegir casinos que ofrecen juegos gratuitos<\/h2>\n<p> Lo m\u00e1s importante para jugar a juegos de <strong>casino<\/strong> gratis es buscar un buen sitio web que ofrezca una amplia variedad de juegos gratuitos. Aseg\u00farate de que el sitio web sea fiable y tenga buena reputaci\u00f3n. Tu aventura de juego en l\u00ednea comienza al abrir una cuenta. Los casinos en l\u00ednea requieren que proporciones datos personales como tu nombre, edad, direcci\u00f3n y correo electr\u00f3nico. Los mejores casinos se esfuerzan por ofrecer un entorno seguro y c\u00f3modo, donde puedas disfrutar jugando a tus juegos favoritos durante horas. Una vez que registres tu cuenta en el sitio web, puedes elegir entre el modo de pr\u00e1ctica y el modo con dinero real. Puedes elegir el modo de pr\u00e1ctica o el modo con dinero real para probar varios juegos sin gastar dinero real.<\/p>\n<h2>\u00bfExiste alg\u00fan riesgo al jugar a juegos gratuitos?<\/h2>\n<p> No existe ning\u00fan riesgo al jugar a juegos de <strong>casino<\/strong> gratuitos si tienes cuidado al elegir un sitio web de confianza. Los casinos se esfuerzan al m\u00e1ximo para ofrecerte una experiencia de juego excepcional y que te conviertas en un verdadero jugador.<\/p>\n<p>Si quieres probar juegos de casino gratis mientras juegas con dinero real, tenemos una excelente recomendaci\u00f3n. 888 Casino te ofrece 20 \u20ac para jugar, sin necesidad de dep\u00f3sito. Y si decides depositar fondos adicionales m\u00e1s adelante, recibir\u00e1s otro bono de hasta 1500 \u20ac en tu primer dep\u00f3sito.<\/p>\n<p><a href=\"https:\/\/ic.aff-handler.com\/C\/45871?sr=1064399&amp;anid=\" rel=\"nofollow\"><img loading=\"lazy\" decoding=\"async\" class=\"aligncenter\" src=\"https:\/\/ic.aff-handler.com\/I\/45871?sr=1064399&amp;anid=\" width=\"594\" height=\"77\" \/><\/a><\/p>\n<p><strong>\u00bfExisten restricciones?<\/strong><\/p>\n<p>Los casinos en l\u00ednea suelen permitir jugar un n\u00famero determinado de veces y durante un per\u00edodo espec\u00edfico. Puede haber restricciones para jugar a juegos gratuitos. Es posible que no todos los juegos de su sitio web est\u00e9n disponibles de forma gratuita. La mayor\u00eda de los casinos requieren que se realice una apuesta un n\u00famero determinado de veces antes de poder retirar las ganancias.<\/p>\n<h2>\u00bfD\u00f3nde encontrar juegos de casino gratuitos?<\/h2>\n<p>Muchos sitios web permiten jugar a juegos de <strong>casino<\/strong> gratuitos. El mejor lugar para jugar gratis es un sitio web que no requiere descargar ning\u00fan software. Te permite jugar al instante con solo hacer clic en tu juego favorito. Puedes comprobar si el sitio ofrece una amplia variedad de juegos gratuitos, como juegos de mesa, tragamonedas, bingo, video p\u00f3ker y otros, para que no te aburras f\u00e1cilmente.<\/p>\n<p>Los juegos de casino gratuitos te ofrecen la oportunidad de probar cualquier programa, t\u00e9cnica o estrategia nueva y confirmar si te funcionar\u00e1 en un entorno de juego en l\u00ednea real. Como no vas a perder dinero, no sentir\u00e1s ninguna presi\u00f3n al jugar.<\/p>\n","protected":false},"excerpt":{"rendered":"<p>\u00bfPor qu\u00e9 los casinos ofrecen juegos gratis? Con el auge de internet, la mayor\u00eda de los aficionados a los casinos han empezado a jugar desde la comodidad de sus hogares. Los casinos online ofrecen m\u00e1s ventajas que los casinos f\u00edsicos. Jugar online no solo es c\u00f3modo, sino que tambi\u00e9n permite disfrutar de tus juegos favoritos [&hellip;]<\/p>\n","protected":false},"author":1,"featured_media":242,"parent":8333,"menu_order":53,"comment_status":"closed","ping_status":"closed","template":"","meta":{"footnotes":""},"class_list":["post-9018","page","type-page","status-publish","has-post-thumbnail","hentry"],"yoast_head":"<!-- This site is optimized with the Yoast SEO plugin v27.3 - https:\/\/yoast.com\/product\/yoast-seo-wordpress\/ -->\n<title>Juega gratis a juegos de casino online.<\/title>\n<meta name=\"description\" content=\"Jugar a juegos de casino gratuitos es muy divertido. Conocer algunos aspectos importantes sobre los juegos de casino gratuitos te ayudar\u00e1.\" \/>\n<meta name=\"robots\" content=\"index, follow, max-snippet:-1, max-image-preview:large, max-video-preview:-1\" \/>\n<link rel=\"canonical\" href=\"https:\/\/gambling6.com\/es\/casino\/algunos-juegos-de-casino-son-realmente-gratis\/\" \/>\n<meta property=\"og:locale\" content=\"es_ES\" \/>\n<meta property=\"og:type\" content=\"article\" \/>\n<meta property=\"og:title\" content=\"Juega gratis a juegos de casino online.\" \/>\n<meta property=\"og:description\" content=\"Jugar a juegos de casino gratuitos es muy divertido. Conocer algunos aspectos importantes sobre los juegos de casino gratuitos te ayudar\u00e1.\" \/>\n<meta property=\"og:url\" content=\"https:\/\/gambling6.com\/es\/casino\/algunos-juegos-de-casino-son-realmente-gratis\/\" \/>\n<meta property=\"og:site_name\" content=\"Gambling6\" \/>\n<meta property=\"og:image\" content=\"https:\/\/gambling6.com\/wp-content\/uploads\/2013\/12\/img_116.png\" \/>\n\t<meta property=\"og:image:width\" content=\"270\" \/>\n\t<meta property=\"og:image:height\" content=\"186\" \/>\n\t<meta property=\"og:image:type\" content=\"image\/png\" \/>\n<meta name=\"twitter:card\" content=\"summary_large_image\" \/>\n<meta name=\"twitter:label1\" content=\"Tiempo de lectura\" \/>\n\t<meta name=\"twitter:data1\" content=\"3 minutos\" \/>\n<script type=\"application\/ld+json\" class=\"yoast-schema-graph\">{\"@context\":\"https:\\\/\\\/schema.org\",\"@graph\":[{\"@type\":\"WebPage\",\"@id\":\"https:\\\/\\\/gambling6.com\\\/es\\\/casino\\\/algunos-juegos-de-casino-son-realmente-gratis\\\/\",\"url\":\"https:\\\/\\\/gambling6.com\\\/es\\\/casino\\\/algunos-juegos-de-casino-son-realmente-gratis\\\/\",\"name\":\"Juega gratis a juegos de casino online.\",\"isPartOf\":{\"@id\":\"https:\\\/\\\/gambling6.com\\\/es\\\/#website\"},\"primaryImageOfPage\":{\"@id\":\"https:\\\/\\\/gambling6.com\\\/es\\\/casino\\\/algunos-juegos-de-casino-son-realmente-gratis\\\/#primaryimage\"},\"image\":{\"@id\":\"https:\\\/\\\/gambling6.com\\\/es\\\/casino\\\/algunos-juegos-de-casino-son-realmente-gratis\\\/#primaryimage\"},\"thumbnailUrl\":\"https:\\\/\\\/gambling6.com\\\/wp-content\\\/uploads\\\/2013\\\/12\\\/img_116.png\",\"datePublished\":\"2025-11-08T13:16:19+00:00\",\"description\":\"Jugar a juegos de casino gratuitos es muy divertido. Conocer algunos aspectos importantes sobre los juegos de casino gratuitos te ayudar\u00e1.\",\"breadcrumb\":{\"@id\":\"https:\\\/\\\/gambling6.com\\\/es\\\/casino\\\/algunos-juegos-de-casino-son-realmente-gratis\\\/#breadcrumb\"},\"inLanguage\":\"es\",\"potentialAction\":[{\"@type\":\"ReadAction\",\"target\":[\"https:\\\/\\\/gambling6.com\\\/es\\\/casino\\\/algunos-juegos-de-casino-son-realmente-gratis\\\/\"]}]},{\"@type\":\"ImageObject\",\"inLanguage\":\"es\",\"@id\":\"https:\\\/\\\/gambling6.com\\\/es\\\/casino\\\/algunos-juegos-de-casino-son-realmente-gratis\\\/#primaryimage\",\"url\":\"https:\\\/\\\/gambling6.com\\\/wp-content\\\/uploads\\\/2013\\\/12\\\/img_116.png\",\"contentUrl\":\"https:\\\/\\\/gambling6.com\\\/wp-content\\\/uploads\\\/2013\\\/12\\\/img_116.png\",\"width\":270,\"height\":186},{\"@type\":\"BreadcrumbList\",\"@id\":\"https:\\\/\\\/gambling6.com\\\/es\\\/casino\\\/algunos-juegos-de-casino-son-realmente-gratis\\\/#breadcrumb\",\"itemListElement\":[{\"@type\":\"ListItem\",\"position\":1,\"name\":\"Home\",\"item\":\"https:\\\/\\\/gambling6.com\\\/es\\\/home\\\/\"},{\"@type\":\"ListItem\",\"position\":2,\"name\":\"Casino\",\"item\":\"https:\\\/\\\/gambling6.com\\\/es\\\/get-started-with-online-gambling\\\/\"},{\"@type\":\"ListItem\",\"position\":3,\"name\":\"\u00a1Algunos juegos de casino son realmente gratis!\"}]},{\"@type\":\"WebSite\",\"@id\":\"https:\\\/\\\/gambling6.com\\\/es\\\/#website\",\"url\":\"https:\\\/\\\/gambling6.com\\\/es\\\/\",\"name\":\"Gambling6\",\"description\":\"\",\"potentialAction\":[{\"@type\":\"SearchAction\",\"target\":{\"@type\":\"EntryPoint\",\"urlTemplate\":\"https:\\\/\\\/gambling6.com\\\/es\\\/?s={search_term_string}\"},\"query-input\":{\"@type\":\"PropertyValueSpecification\",\"valueRequired\":true,\"valueName\":\"search_term_string\"}}],\"inLanguage\":\"es\"}]}<\/script>\n<!-- \/ Yoast SEO plugin. -->","yoast_head_json":{"title":"Juega gratis a juegos de casino online.","description":"Jugar a juegos de casino gratuitos es muy divertido. Conocer algunos aspectos importantes sobre los juegos de casino gratuitos te ayudar\u00e1.","robots":{"index":"index","follow":"follow","max-snippet":"max-snippet:-1","max-image-preview":"max-image-preview:large","max-video-preview":"max-video-preview:-1"},"canonical":"https:\/\/gambling6.com\/es\/casino\/algunos-juegos-de-casino-son-realmente-gratis\/","og_locale":"es_ES","og_type":"article","og_title":"Juega gratis a juegos de casino online.","og_description":"Jugar a juegos de casino gratuitos es muy divertido. Conocer algunos aspectos importantes sobre los juegos de casino gratuitos te ayudar\u00e1.","og_url":"https:\/\/gambling6.com\/es\/casino\/algunos-juegos-de-casino-son-realmente-gratis\/","og_site_name":"Gambling6","og_image":[{"width":270,"height":186,"url":"https:\/\/gambling6.com\/wp-content\/uploads\/2013\/12\/img_116.png","type":"image\/png"}],"twitter_card":"summary_large_image","twitter_misc":{"Tiempo de lectura":"3 minutos"},"schema":{"@context":"https:\/\/schema.org","@graph":[{"@type":"WebPage","@id":"https:\/\/gambling6.com\/es\/casino\/algunos-juegos-de-casino-son-realmente-gratis\/","url":"https:\/\/gambling6.com\/es\/casino\/algunos-juegos-de-casino-son-realmente-gratis\/","name":"Juega gratis a juegos de casino online.","isPartOf":{"@id":"https:\/\/gambling6.com\/es\/#website"},"primaryImageOfPage":{"@id":"https:\/\/gambling6.com\/es\/casino\/algunos-juegos-de-casino-son-realmente-gratis\/#primaryimage"},"image":{"@id":"https:\/\/gambling6.com\/es\/casino\/algunos-juegos-de-casino-son-realmente-gratis\/#primaryimage"},"thumbnailUrl":"https:\/\/gambling6.com\/wp-content\/uploads\/2013\/12\/img_116.png","datePublished":"2025-11-08T13:16:19+00:00","description":"Jugar a juegos de casino gratuitos es muy divertido. Conocer algunos aspectos importantes sobre los juegos de casino gratuitos te ayudar\u00e1.","breadcrumb":{"@id":"https:\/\/gambling6.com\/es\/casino\/algunos-juegos-de-casino-son-realmente-gratis\/#breadcrumb"},"inLanguage":"es","potentialAction":[{"@type":"ReadAction","target":["https:\/\/gambling6.com\/es\/casino\/algunos-juegos-de-casino-son-realmente-gratis\/"]}]},{"@type":"ImageObject","inLanguage":"es","@id":"https:\/\/gambling6.com\/es\/casino\/algunos-juegos-de-casino-son-realmente-gratis\/#primaryimage","url":"https:\/\/gambling6.com\/wp-content\/uploads\/2013\/12\/img_116.png","contentUrl":"https:\/\/gambling6.com\/wp-content\/uploads\/2013\/12\/img_116.png","width":270,"height":186},{"@type":"BreadcrumbList","@id":"https:\/\/gambling6.com\/es\/casino\/algunos-juegos-de-casino-son-realmente-gratis\/#breadcrumb","itemListElement":[{"@type":"ListItem","position":1,"name":"Home","item":"https:\/\/gambling6.com\/es\/home\/"},{"@type":"ListItem","position":2,"name":"Casino","item":"https:\/\/gambling6.com\/es\/get-started-with-online-gambling\/"},{"@type":"ListItem","position":3,"name":"\u00a1Algunos juegos de casino son realmente gratis!"}]},{"@type":"WebSite","@id":"https:\/\/gambling6.com\/es\/#website","url":"https:\/\/gambling6.com\/es\/","name":"Gambling6","description":"","potentialAction":[{"@type":"SearchAction","target":{"@type":"EntryPoint","urlTemplate":"https:\/\/gambling6.com\/es\/?s={search_term_string}"},"query-input":{"@type":"PropertyValueSpecification","valueRequired":true,"valueName":"search_term_string"}}],"inLanguage":"es"}]}},"_links":{"self":[{"href":"https:\/\/gambling6.com\/es\/wp-json\/wp\/v2\/pages\/9018","targetHints":{"allow":["GET"]}}],"collection":[{"href":"https:\/\/gambling6.com\/es\/wp-json\/wp\/v2\/pages"}],"about":[{"href":"https:\/\/gambling6.com\/es\/wp-json\/wp\/v2\/types\/page"}],"author":[{"embeddable":true,"href":"https:\/\/gambling6.com\/es\/wp-json\/wp\/v2\/users\/1"}],"replies":[{"embeddable":true,"href":"https:\/\/gambling6.com\/es\/wp-json\/wp\/v2\/comments?post=9018"}],"version-history":[{"count":0,"href":"https:\/\/gambling6.com\/es\/wp-json\/wp\/v2\/pages\/9018\/revisions"}],"up":[{"embeddable":true,"href":"https:\/\/gambling6.com\/es\/wp-json\/wp\/v2\/pages\/8333"}],"wp:featuredmedia":[{"embeddable":true,"href":"https:\/\/gambling6.com\/es\/wp-json\/wp\/v2\/media\/242"}],"wp:attachment":[{"href":"https:\/\/gambling6.com\/es\/wp-json\/wp\/v2\/media?parent=9018"}],"curies":[{"name":"wp","href":"https:\/\/api.w.org\/{rel}","templated":true}]}}