{"id":9058,"date":"2025-11-08T14:02:54","date_gmt":"2025-11-08T14:02:54","guid":{"rendered":"https:\/\/gambling6.com\/casino\/casinos-online-con-dinero-real-entienda-la-letra-pequena\/"},"modified":"2025-11-08T14:02:54","modified_gmt":"2025-11-08T14:02:54","slug":"casinos-online-con-dinero-real-entienda-la-letra-pequena","status":"publish","type":"page","link":"https:\/\/gambling6.com\/es\/casino\/casinos-online-con-dinero-real-entienda-la-letra-pequena\/","title":{"rendered":"Casinos online con dinero real: Entienda la letra peque\u00f1a."},"content":{"rendered":"<h2>Consulta los t\u00e9rminos y condiciones de los casinos en l\u00ednea<\/h2>\n<p><img loading=\"lazy\" decoding=\"async\" class=\"alignright size-full wp-image-62 alignleft size-full wp-image-64\" style=\"margin: 5px; float: left;\" title=\"casino fine print\" src=\"http:\/\/gambling6.com\/wp-content\/uploads\/2013\/12\/casino-fine-print.jpg\" alt=\"casino fine print terms conditions\" width=\"168\" height=\"147\" \/><span style=\"box-sizing: border-box; margin: 0px; padding: 0px;\">Al registrarte en un casino en l\u00ednea con dinero real, debes aceptar el acuerdo de usuario, que contiene los t\u00e9rminos y condiciones del casino que debes cumplir.<\/span> Algunas de estas condiciones se refieren a los procesos bancarios del casino, mientras que otras pueden referirse a las apuestas, los juegos y los bonos.<\/p>\n<p>Es fundamental comprender a fondo el impacto de estos t\u00e9rminos y condiciones antes de aceptarlos. La transferencia de fondos hacia y desde el casino es quiz\u00e1s la funci\u00f3n m\u00e1s cr\u00edtica que afecta al jugador. Por lo tanto, es esencial saber exactamente a qu\u00e9 se compromete al aceptar los t\u00e9rminos del casino. En este art\u00edculo, nuestro objetivo es simplificar el lenguaje legal para explicar lo que implican dichas condiciones. El jugador debe aceptar ciertas obligaciones al aceptar el acuerdo de usuario. Tambi\u00e9n debe otorgar ciertas garant\u00edas.<\/p>\n<p>En general, se puede decir que algunos casinos en l\u00ednea incluyen cl\u00e1usulas en su letra peque\u00f1a que pueden tener consecuencias muy negativas para los jugadores. Cuentan con que nadie leer\u00e1 toda la letra peque\u00f1a. En consecuencia, le sugerimos que elija casinos regulados, con buena reputaci\u00f3n y, por lo tanto, con t\u00e9rminos y condiciones justos.<\/p>\n<p>BetOnline Casino es uno de esos casinos. Su letra peque\u00f1a no contiene sorpresas. Refleja que, debido a las recientes regulaciones estadounidenses, el proceso de dep\u00f3sito y retiro ya no es tan sencillo como antes. Sin embargo, dadas las circunstancias, sus t\u00e9rminos siguen siendo justos.<\/p>\n<p><a class=\"thirstylink\" title=\"Casino BetOnline en\" href=\"https:\/\/gambling6.com\/go\/betonline-casino-en\/\" target=\"_blank\" rel=\"nofollow noopener\"><img loading=\"lazy\" decoding=\"async\" class=\"wp-image-7875 aligncenter\" src=\"https:\/\/gambling6.com\/wp-content\/uploads\/2025\/10\/BOL_AQC_banner_468x60_FS1_casino-300x38.gif\" alt=\"Casino BetOnline\" width=\"498\" height=\"63\" \/><\/a><\/p>\n<h2>Lo que la letra peque\u00f1a del casino suele exigir al jugador<\/h2>\n<p>El casino tambi\u00e9n exige que el jugador confirme que es el leg\u00edtimo propietario de los fondos utilizados para apostar. En otras palabras, no puede utilizar una tarjeta de cr\u00e9dito que no le pertenezca para ingresar fondos en su cuenta. Adem\u00e1s, su tarjeta de cr\u00e9dito ser\u00e1 verificada antes de que pueda realizar cualquier retiro. De igual forma, no puede utilizar ninguna otra opci\u00f3n de pago que no est\u00e9 a su nombre.<\/p>\n<p>Las infracciones del acuerdo, ya sean relacionadas con procesos bancarios o apuestas, afectar\u00e1n primero a la cuenta del jugador. Si la cuenta se suspende, el casino puede retener los fondos en disputa; en la mayor\u00eda de los casos, retendr\u00e1 todos los fondos, incluyendo bonos, dep\u00f3sitos y reembolsos, sin distinci\u00f3n alguna. Esto se ajusta a los t\u00e9rminos que usted acept\u00f3.<\/p>\n<p>Si el jugador tiene una deuda con el casino, este puede hacer todo lo posible por recuperarla, incluso recurriendo a agencias de cobranza. Algunos casinos en l\u00ednea tienen pol\u00edticas estrictas con respecto a las cuentas inactivas. Un amigo m\u00edo lo aprendi\u00f3 por las malas. Se hab\u00eda registrado en un casino en l\u00ednea y jug\u00f3 all\u00ed durante un tiempo, ganando una buena suma. Se cambi\u00f3 a otro casino, con la intenci\u00f3n de regresar al primero poco despu\u00e9s. Cuando revis\u00f3 su cuenta, no encontr\u00f3 saldo. Al contactar con el servicio de atenci\u00f3n al cliente, le informaron que hab\u00eda perdido su dinero porque no hab\u00eda jugado en el casino durante m\u00e1s de 6 meses. Esto, por supuesto, es algo inusual, e incluso si te sucediera, podr\u00edas resolver el problema con un breve correo electr\u00f3nico al servicio de atenci\u00f3n al cliente.<\/p>\n<h2>Aspectos a tener en cuenta<\/h2>\n<p> Aun as\u00ed, si decides dejar de jugar en tu casino online, aseg\u00farate de retirar todos los fondos de tu cuenta, independientemente de la duraci\u00f3n de la pausa. Comprueba si se aplicar\u00e1n comisiones a los retiros. Si hay una comisi\u00f3n fija, quiz\u00e1 te convenga retirar todos tus fondos a la vez en lugar de realizar varios retiros. No retires fondos si planeas depositar de nuevo poco despu\u00e9s; perder\u00e1s dinero. <strong>Compara las diferentes opciones de procesamiento de pagos disponibles: algunas tienen comisiones m\u00e1s bajas, otras m\u00e1s altas.<\/strong><\/p>\n<p>Existen otros t\u00e9rminos y condiciones relacionados con los bonos y las ofertas promocionales del casino. Generalmente, se trata de condiciones de elegibilidad y requisitos de apuesta necesarios para liberar el bono. Es recomendable leer y comprender estos requisitos antes de aceptar las ofertas de bonos del casino. Asimismo, antes de registrarse en cualquier casino en l\u00ednea, los jugadores deben leer los t\u00e9rminos y condiciones, comprender la letra peque\u00f1a y las preguntas frecuentes sobre casinos con dinero real para evitar problemas innecesarios m\u00e1s adelante. Por lo general, los casinos en l\u00ednea tienen una p\u00e1gina completa dedicada a los acuerdos de usuario final, y usted<\/p>\n<h2>Consulta los t\u00e9rminos y condiciones de los casinos en l\u00ednea<\/h2>\n<p><img loading=\"lazy\" decoding=\"async\" class=\"alignright size-full wp-image-62 alignleft size-full wp-image-64\" style=\"margin: 5px; float: left;\" title=\"casino fine print\" src=\"http:\/\/gambling6.com\/wp-content\/uploads\/2013\/12\/casino-fine-print.jpg\" alt=\"casino fine print terms conditions\" width=\"168\" height=\"147\" \/><span style=\"box-sizing: border-box; margin: 0px; padding: 0px;\">Al registrarte en un casino en l\u00ednea con dinero real, debes aceptar el acuerdo de usuario, que contiene los t\u00e9rminos y condiciones del casino que debes cumplir.<\/span> Algunas de estas condiciones se refieren a los procesos bancarios del casino, mientras que otras pueden referirse a las apuestas, los juegos y los bonos.<\/p>\n<p>Es fundamental comprender a fondo el impacto de estos t\u00e9rminos y condiciones antes de aceptarlos. La transferencia de fondos hacia y desde el casino es quiz\u00e1s la funci\u00f3n m\u00e1s cr\u00edtica que afecta al jugador. Por lo tanto, es esencial saber exactamente a qu\u00e9 se compromete al aceptar los t\u00e9rminos del casino. En este art\u00edculo, nuestro objetivo es simplificar el lenguaje legal para explicar lo que implican dichas condiciones. El jugador debe aceptar ciertas obligaciones al aceptar el acuerdo de usuario. Tambi\u00e9n debe otorgar ciertas garant\u00edas.<\/p>\n<p>En general, se puede decir que algunos casinos en l\u00ednea incluyen cl\u00e1usulas en su letra peque\u00f1a que pueden tener consecuencias muy negativas para los jugadores. Cuentan con que nadie leer\u00e1 toda la letra peque\u00f1a. En consecuencia, le sugerimos que elija casinos regulados, con buena reputaci\u00f3n y, por lo tanto, con t\u00e9rminos y condiciones justos.<\/p>\n<p>BetOnline Casino es uno de esos casinos. Su letra peque\u00f1a no contiene sorpresas. Refleja que, debido a las recientes regulaciones estadounidenses, el proceso de dep\u00f3sito y retiro ya no es tan sencillo como antes. Sin embargo, dadas las circunstancias, sus t\u00e9rminos siguen siendo justos.<\/p>\n<p><a class=\"thirstylink\" title=\"Casino BetOnline en\" href=\"https:\/\/gambling6.com\/go\/betonline-casino-en\/\" target=\"_blank\" rel=\"nofollow noopener\"><img loading=\"lazy\" decoding=\"async\" class=\"wp-image-7875 aligncenter\" src=\"https:\/\/gambling6.com\/wp-content\/uploads\/2025\/10\/BOL_AQC_banner_468x60_FS1_casino-300x38.gif\" alt=\"Casino BetOnline\" width=\"498\" height=\"63\" \/><\/a><\/p>\n<h2>Lo que la letra peque\u00f1a del casino suele exigir al jugador<\/h2>\n<p>El casino tambi\u00e9n exige que el jugador confirme que es el leg\u00edtimo propietario de los fondos utilizados para apostar. En otras palabras, no puede utilizar una tarjeta de cr\u00e9dito que no le pertenezca para ingresar fondos en su cuenta. Adem\u00e1s, su tarjeta de cr\u00e9dito ser\u00e1 verificada antes de que pueda realizar cualquier retiro. De igual forma, no puede utilizar ninguna otra opci\u00f3n de pago que no est\u00e9 a su nombre.<\/p>\n<p>Las infracciones del acuerdo, ya sean relacionadas con procesos bancarios o apuestas, afectar\u00e1n primero a la cuenta del jugador. Si la cuenta se suspende, el casino puede retener los fondos en disputa; en la mayor\u00eda de los casos, retendr\u00e1 todos los fondos, incluyendo bonos, dep\u00f3sitos y reembolsos, sin distinci\u00f3n alguna. Esto se ajusta a los t\u00e9rminos que usted acept\u00f3.<\/p>\n<p>Si el jugador tiene una deuda con el casino, este puede hacer todo lo posible por recuperarla, incluso recurriendo a agencias de cobranza. Algunos casinos en l\u00ednea tienen pol\u00edticas estrictas con respecto a las cuentas inactivas. Un amigo m\u00edo lo aprendi\u00f3 por las malas. Se hab\u00eda registrado en un casino en l\u00ednea y jug\u00f3 all\u00ed durante un tiempo, ganando una buena suma. Se cambi\u00f3 a otro casino, con la intenci\u00f3n de regresar al primero poco despu\u00e9s. Cuando revis\u00f3 su cuenta, no encontr\u00f3 saldo. Al contactar con el servicio de atenci\u00f3n al cliente, le informaron que hab\u00eda perdido su dinero porque no hab\u00eda jugado en el casino durante m\u00e1s de 6 meses. Esto, por supuesto, es algo inusual, e incluso si te sucediera, podr\u00edas resolver el problema con un breve correo electr\u00f3nico al servicio de atenci\u00f3n al cliente.<\/p>\n<h2>Aspectos a tener en cuenta<\/h2>\n<p> Aun as\u00ed, si decides dejar de jugar en tu casino online, aseg\u00farate de retirar todos los fondos de tu cuenta, independientemente de la duraci\u00f3n de la pausa. Comprueba si se aplicar\u00e1n comisiones a los retiros. Si hay una comisi\u00f3n fija, quiz\u00e1 te convenga retirar todos tus fondos a la vez en lugar de realizar varios retiros. No retires fondos si planeas depositar de nuevo poco despu\u00e9s; perder\u00e1s dinero. <strong>Compara las diferentes opciones de procesamiento de pagos disponibles: algunas tienen comisiones m\u00e1s bajas, otras m\u00e1s altas.<\/strong><\/p>\n<p>Existen otros t\u00e9rminos y condiciones relacionados con los bonos y las ofertas promocionales del casino. Generalmente, se trata de condiciones de elegibilidad y requisitos de apuesta necesarios para liberar el bono. Es recomendable leer y comprender estos requisitos antes de aceptar las ofertas de bonos del casino. Asimismo, antes de registrarse en cualquier casino en l\u00ednea, los jugadores deben leer los t\u00e9rminos y condiciones, comprender la letra peque\u00f1a y las preguntas frecuentes sobre casinos con dinero real para evitar problemas innecesarios m\u00e1s adelante. Por lo general, los casinos en l\u00ednea tienen una p\u00e1gina completa dedicada a los acuerdos de usuario final, y usted<\/p>\n","protected":false},"excerpt":{"rendered":"<p>Consulta los t\u00e9rminos y condiciones de los casinos en l\u00ednea Al registrarte en un casino en l\u00ednea con dinero real, debes aceptar el acuerdo de usuario, que contiene los t\u00e9rminos y condiciones del casino que debes cumplir. Algunas de estas condiciones se refieren a los procesos bancarios del casino, mientras que otras pueden referirse a [&hellip;]<\/p>\n","protected":false},"author":1,"featured_media":68,"parent":8333,"menu_order":68,"comment_status":"closed","ping_status":"closed","template":"","meta":{"footnotes":""},"class_list":["post-9058","page","type-page","status-publish","has-post-thumbnail","hentry"],"yoast_head":"<!-- This site is optimized with the Yoast SEO plugin v27.6 - https:\/\/yoast.com\/product\/yoast-seo-wordpress\/ -->\n<title>Qu\u00e9 tener en cuenta en los t\u00e9rminos y condiciones del casino<\/title>\n<meta name=\"description\" content=\"T\u00e9rminos y condiciones de los casinos online en letra peque\u00f1a: qu\u00e9 esperar y qu\u00e9 no\" \/>\n<meta name=\"robots\" content=\"index, follow, max-snippet:-1, max-image-preview:large, max-video-preview:-1\" \/>\n<link rel=\"canonical\" href=\"https:\/\/gambling6.com\/es\/casino\/casinos-online-con-dinero-real-entienda-la-letra-pequena\/\" \/>\n<meta property=\"og:locale\" content=\"es_ES\" \/>\n<meta property=\"og:type\" content=\"article\" \/>\n<meta property=\"og:title\" content=\"Qu\u00e9 tener en cuenta en los t\u00e9rminos y condiciones del casino\" \/>\n<meta property=\"og:description\" content=\"T\u00e9rminos y condiciones de los casinos online en letra peque\u00f1a: qu\u00e9 esperar y qu\u00e9 no\" \/>\n<meta property=\"og:url\" content=\"https:\/\/gambling6.com\/es\/casino\/casinos-online-con-dinero-real-entienda-la-letra-pequena\/\" \/>\n<meta property=\"og:site_name\" content=\"Gambling6\" \/>\n<meta property=\"og:image\" content=\"https:\/\/gambling6.com\/wp-content\/uploads\/2013\/12\/casino-fine-print.jpg\" \/>\n\t<meta property=\"og:image:width\" content=\"200\" \/>\n\t<meta property=\"og:image:height\" content=\"175\" \/>\n\t<meta property=\"og:image:type\" content=\"image\/jpeg\" \/>\n<meta name=\"twitter:card\" content=\"summary_large_image\" \/>\n<meta name=\"twitter:label1\" content=\"Tiempo de lectura\" \/>\n\t<meta name=\"twitter:data1\" content=\"8 minutos\" \/>\n<script type=\"application\/ld+json\" class=\"yoast-schema-graph\">{\"@context\":\"https:\\\/\\\/schema.org\",\"@graph\":[{\"@type\":\"WebPage\",\"@id\":\"https:\\\/\\\/gambling6.com\\\/es\\\/casino\\\/casinos-online-con-dinero-real-entienda-la-letra-pequena\\\/\",\"url\":\"https:\\\/\\\/gambling6.com\\\/es\\\/casino\\\/casinos-online-con-dinero-real-entienda-la-letra-pequena\\\/\",\"name\":\"Qu\u00e9 tener en cuenta en los t\u00e9rminos y condiciones del casino\",\"isPartOf\":{\"@id\":\"https:\\\/\\\/gambling6.com\\\/es\\\/#website\"},\"primaryImageOfPage\":{\"@id\":\"https:\\\/\\\/gambling6.com\\\/es\\\/casino\\\/casinos-online-con-dinero-real-entienda-la-letra-pequena\\\/#primaryimage\"},\"image\":{\"@id\":\"https:\\\/\\\/gambling6.com\\\/es\\\/casino\\\/casinos-online-con-dinero-real-entienda-la-letra-pequena\\\/#primaryimage\"},\"thumbnailUrl\":\"https:\\\/\\\/gambling6.com\\\/wp-content\\\/uploads\\\/2013\\\/12\\\/casino-fine-print.jpg\",\"datePublished\":\"2025-11-08T14:02:54+00:00\",\"description\":\"T\u00e9rminos y condiciones de los casinos online en letra peque\u00f1a: qu\u00e9 esperar y qu\u00e9 no\",\"breadcrumb\":{\"@id\":\"https:\\\/\\\/gambling6.com\\\/es\\\/casino\\\/casinos-online-con-dinero-real-entienda-la-letra-pequena\\\/#breadcrumb\"},\"inLanguage\":\"es\",\"potentialAction\":[{\"@type\":\"ReadAction\",\"target\":[\"https:\\\/\\\/gambling6.com\\\/es\\\/casino\\\/casinos-online-con-dinero-real-entienda-la-letra-pequena\\\/\"]}]},{\"@type\":\"ImageObject\",\"inLanguage\":\"es\",\"@id\":\"https:\\\/\\\/gambling6.com\\\/es\\\/casino\\\/casinos-online-con-dinero-real-entienda-la-letra-pequena\\\/#primaryimage\",\"url\":\"https:\\\/\\\/gambling6.com\\\/wp-content\\\/uploads\\\/2013\\\/12\\\/casino-fine-print.jpg\",\"contentUrl\":\"https:\\\/\\\/gambling6.com\\\/wp-content\\\/uploads\\\/2013\\\/12\\\/casino-fine-print.jpg\",\"width\":200,\"height\":175,\"caption\":\"casino fine print\"},{\"@type\":\"BreadcrumbList\",\"@id\":\"https:\\\/\\\/gambling6.com\\\/es\\\/casino\\\/casinos-online-con-dinero-real-entienda-la-letra-pequena\\\/#breadcrumb\",\"itemListElement\":[{\"@type\":\"ListItem\",\"position\":1,\"name\":\"Home\",\"item\":\"https:\\\/\\\/gambling6.com\\\/es\\\/home\\\/\"},{\"@type\":\"ListItem\",\"position\":2,\"name\":\"Casino\",\"item\":\"https:\\\/\\\/gambling6.com\\\/es\\\/get-started-with-online-gambling\\\/\"},{\"@type\":\"ListItem\",\"position\":3,\"name\":\"Casinos online con dinero real: Entienda la letra peque\u00f1a.\"}]},{\"@type\":\"WebSite\",\"@id\":\"https:\\\/\\\/gambling6.com\\\/es\\\/#website\",\"url\":\"https:\\\/\\\/gambling6.com\\\/es\\\/\",\"name\":\"Gambling6\",\"description\":\"\",\"potentialAction\":[{\"@type\":\"SearchAction\",\"target\":{\"@type\":\"EntryPoint\",\"urlTemplate\":\"https:\\\/\\\/gambling6.com\\\/es\\\/?s={search_term_string}\"},\"query-input\":{\"@type\":\"PropertyValueSpecification\",\"valueRequired\":true,\"valueName\":\"search_term_string\"}}],\"inLanguage\":\"es\"}]}<\/script>\n<!-- \/ Yoast SEO plugin. -->","yoast_head_json":{"title":"Qu\u00e9 tener en cuenta en los t\u00e9rminos y condiciones del casino","description":"T\u00e9rminos y condiciones de los casinos online en letra peque\u00f1a: qu\u00e9 esperar y qu\u00e9 no","robots":{"index":"index","follow":"follow","max-snippet":"max-snippet:-1","max-image-preview":"max-image-preview:large","max-video-preview":"max-video-preview:-1"},"canonical":"https:\/\/gambling6.com\/es\/casino\/casinos-online-con-dinero-real-entienda-la-letra-pequena\/","og_locale":"es_ES","og_type":"article","og_title":"Qu\u00e9 tener en cuenta en los t\u00e9rminos y condiciones del casino","og_description":"T\u00e9rminos y condiciones de los casinos online en letra peque\u00f1a: qu\u00e9 esperar y qu\u00e9 no","og_url":"https:\/\/gambling6.com\/es\/casino\/casinos-online-con-dinero-real-entienda-la-letra-pequena\/","og_site_name":"Gambling6","og_image":[{"width":200,"height":175,"url":"https:\/\/gambling6.com\/wp-content\/uploads\/2013\/12\/casino-fine-print.jpg","type":"image\/jpeg"}],"twitter_card":"summary_large_image","twitter_misc":{"Tiempo de lectura":"8 minutos"},"schema":{"@context":"https:\/\/schema.org","@graph":[{"@type":"WebPage","@id":"https:\/\/gambling6.com\/es\/casino\/casinos-online-con-dinero-real-entienda-la-letra-pequena\/","url":"https:\/\/gambling6.com\/es\/casino\/casinos-online-con-dinero-real-entienda-la-letra-pequena\/","name":"Qu\u00e9 tener en cuenta en los t\u00e9rminos y condiciones del casino","isPartOf":{"@id":"https:\/\/gambling6.com\/es\/#website"},"primaryImageOfPage":{"@id":"https:\/\/gambling6.com\/es\/casino\/casinos-online-con-dinero-real-entienda-la-letra-pequena\/#primaryimage"},"image":{"@id":"https:\/\/gambling6.com\/es\/casino\/casinos-online-con-dinero-real-entienda-la-letra-pequena\/#primaryimage"},"thumbnailUrl":"https:\/\/gambling6.com\/wp-content\/uploads\/2013\/12\/casino-fine-print.jpg","datePublished":"2025-11-08T14:02:54+00:00","description":"T\u00e9rminos y condiciones de los casinos online en letra peque\u00f1a: qu\u00e9 esperar y qu\u00e9 no","breadcrumb":{"@id":"https:\/\/gambling6.com\/es\/casino\/casinos-online-con-dinero-real-entienda-la-letra-pequena\/#breadcrumb"},"inLanguage":"es","potentialAction":[{"@type":"ReadAction","target":["https:\/\/gambling6.com\/es\/casino\/casinos-online-con-dinero-real-entienda-la-letra-pequena\/"]}]},{"@type":"ImageObject","inLanguage":"es","@id":"https:\/\/gambling6.com\/es\/casino\/casinos-online-con-dinero-real-entienda-la-letra-pequena\/#primaryimage","url":"https:\/\/gambling6.com\/wp-content\/uploads\/2013\/12\/casino-fine-print.jpg","contentUrl":"https:\/\/gambling6.com\/wp-content\/uploads\/2013\/12\/casino-fine-print.jpg","width":200,"height":175,"caption":"casino fine print"},{"@type":"BreadcrumbList","@id":"https:\/\/gambling6.com\/es\/casino\/casinos-online-con-dinero-real-entienda-la-letra-pequena\/#breadcrumb","itemListElement":[{"@type":"ListItem","position":1,"name":"Home","item":"https:\/\/gambling6.com\/es\/home\/"},{"@type":"ListItem","position":2,"name":"Casino","item":"https:\/\/gambling6.com\/es\/get-started-with-online-gambling\/"},{"@type":"ListItem","position":3,"name":"Casinos online con dinero real: Entienda la letra peque\u00f1a."}]},{"@type":"WebSite","@id":"https:\/\/gambling6.com\/es\/#website","url":"https:\/\/gambling6.com\/es\/","name":"Gambling6","description":"","potentialAction":[{"@type":"SearchAction","target":{"@type":"EntryPoint","urlTemplate":"https:\/\/gambling6.com\/es\/?s={search_term_string}"},"query-input":{"@type":"PropertyValueSpecification","valueRequired":true,"valueName":"search_term_string"}}],"inLanguage":"es"}]}},"_links":{"self":[{"href":"https:\/\/gambling6.com\/es\/wp-json\/wp\/v2\/pages\/9058","targetHints":{"allow":["GET"]}}],"collection":[{"href":"https:\/\/gambling6.com\/es\/wp-json\/wp\/v2\/pages"}],"about":[{"href":"https:\/\/gambling6.com\/es\/wp-json\/wp\/v2\/types\/page"}],"author":[{"embeddable":true,"href":"https:\/\/gambling6.com\/es\/wp-json\/wp\/v2\/users\/1"}],"replies":[{"embeddable":true,"href":"https:\/\/gambling6.com\/es\/wp-json\/wp\/v2\/comments?post=9058"}],"version-history":[{"count":0,"href":"https:\/\/gambling6.com\/es\/wp-json\/wp\/v2\/pages\/9058\/revisions"}],"up":[{"embeddable":true,"href":"https:\/\/gambling6.com\/es\/wp-json\/wp\/v2\/pages\/8333"}],"wp:featuredmedia":[{"embeddable":true,"href":"https:\/\/gambling6.com\/es\/wp-json\/wp\/v2\/media\/68"}],"wp:attachment":[{"href":"https:\/\/gambling6.com\/es\/wp-json\/wp\/v2\/media?parent=9058"}],"curies":[{"name":"wp","href":"https:\/\/api.w.org\/{rel}","templated":true}]}}