{"id":9122,"date":"2025-11-10T09:39:03","date_gmt":"2025-11-10T09:39:03","guid":{"rendered":"https:\/\/gambling6.com\/consejos-para-apuestas-deportivas-tu-guia-para-apuestas-online\/"},"modified":"2025-11-12T19:22:45","modified_gmt":"2025-11-12T19:22:45","slug":"consejos-para-apuestas-deportivas-tu-guia-para-apuestas-online","status":"publish","type":"page","link":"https:\/\/gambling6.com\/es\/apuestas-deportivas\/consejos-para-apuestas-deportivas-tu-guia-para-apuestas-online\/","title":{"rendered":"Consejos para apuestas deportivas: Tu gu\u00eda para apuestas online"},"content":{"rendered":"<h2>\u00a1Una gu\u00eda completa del mundo de las apuestas online!<\/h2>\n<p>Desde los albores de la humanidad, el juego ha estado presente en nuestra naturaleza. Con la llegada de internet, era l\u00f3gico que surgieran los sitios de apuestas. Una vez que aparecieron, alcanzaron un \u00e9xito rotundo, convirtiendo las apuestas online en una de las actividades m\u00e1s populares del mundo.<\/p>\n<p>Si quieres empezar a jugar a un juego de azar online, debes saber que registrarte en cualquiera de los principales sitios web de apuestas online solo te llevar\u00e1 un par de minutos. Despu\u00e9s, podr\u00e1s jugar a lo que quieras, desde juegos de casino online hasta p\u00f3ker online, o incluso apostar en deportes o en sitios financieros.<\/p>\n<p><img loading=\"lazy\" decoding=\"async\" class=\"size-medium wp-image-3057 alignright\" src=\"https:\/\/gambling6.com\/wp-content\/uploads\/2022\/04\/soccermoney-300x200.jpg\" alt=\"gu\u00eda de apuestas online\" width=\"300\" height=\"200\" srcset=\"https:\/\/gambling6.com\/wp-content\/uploads\/2022\/04\/soccermoney-300x200.jpg 300w, https:\/\/gambling6.com\/wp-content\/uploads\/2022\/04\/soccermoney.jpg 424w\" sizes=\"auto, (max-width: 300px) 100vw, 300px\" \/>Hablando de apuestas online, debes saber que si quieres unirte a una plataforma de apuestas online que no te obligue a aprender a jugar a un juego nuevo (como ocurre con el p\u00f3ker online o los juegos de casino online), las apuestas online son la soluci\u00f3n perfecta. Ya conoces las reglas: solo tienes que acertar el resultado de un partido de un deporte profesional, y listo. Si aciertas, ganas. Si fallas, puedes volver a intentarlo.<\/p>\n<p>Supongamos que a\u00fan no has descubierto las apuestas online. Ser\u00eda una tonter\u00eda empezar a jugar sin saber nada sobre la industria, los deportes o incluso los sitios de apuestas online a los que quieres unirte. Por eso existen sitios web cuyo \u00fanico prop\u00f3sito es acercarte a tus actividades de apuestas online favoritas, ofreci\u00e9ndote toda la informaci\u00f3n posible.<\/p>\n<p>BetOnline es uno de los mejores sitios de apuestas online del mundo. Desde apuestas h\u00edpicas hasta apuestas deportivas y financieras, todo se presenta aqu\u00ed con gran detalle. Aprender\u00e1s todo lo que necesitas saber dedicando solo un par de minutos a la secci\u00f3n que te interese.<\/p>\n<p><a class=\"thirstylink\" title=\"Betonline sports en\" href=\"https:\/\/gambling6.com\/go\/betonline-sports-en\/\" target=\"_blank\" rel=\"nofollow noopener\">\u00danete a los millones de aficionados a las apuestas deportivas de todo el mundo en Betonline, nuestra casa de apuestas favorita, siguiendo este enlace.<\/a><\/p>\n<p>Por ejemplo, si quieres empezar a apostar en carreras, consulta la secci\u00f3n de Apuestas H\u00edpicas, donde encontrar\u00e1s todo lo relacionado con las carreras online: desde carreras de galgos hasta las cl\u00e1sicas carreras de caballos, e incluso deportes m\u00e1s recientes como NASCAR o F\u00f3rmula 1. BetOnline te ofrece toda la informaci\u00f3n que necesitas sobre cada uno de estos deportes.<\/p>\n<p>En definitiva, si quieres empezar a apostar en deportes, deber\u00edas probar BetOnline, una de las mejores casas de apuestas online que existen. \u00a1Te ayudar\u00e1n a pasar de no saber absolutamente nada sobre este sector a ganar much\u00edsimo dinero con \u00e9l!<\/p>\n","protected":false},"excerpt":{"rendered":"<p>\u00a1Una gu\u00eda completa del mundo de las apuestas online! Desde los albores de la humanidad, el juego ha estado presente en nuestra naturaleza. Con la llegada de internet, era l\u00f3gico que surgieran los sitios de apuestas. Una vez que aparecieron, alcanzaron un \u00e9xito rotundo, convirtiendo las apuestas online en una de las actividades m\u00e1s populares [&hellip;]<\/p>\n","protected":false},"author":1,"featured_media":0,"parent":9254,"menu_order":14,"comment_status":"closed","ping_status":"closed","template":"","meta":{"footnotes":""},"class_list":["post-9122","page","type-page","status-publish","hentry"],"yoast_head":"<!-- This site is optimized with the Yoast SEO plugin v27.4 - https:\/\/yoast.com\/product\/yoast-seo-wordpress\/ -->\n<title>Gu\u00eda y consejos para apuestas deportivas online<\/title>\n<meta name=\"description\" content=\"Empieza a apostar online hoy mismo. Visita BetOnline para acceder a una amplia variedad de opciones de apuestas, adem\u00e1s de p\u00f3ker y casino online, todo en un mismo sitio web.\" \/>\n<meta name=\"robots\" content=\"index, follow, max-snippet:-1, max-image-preview:large, max-video-preview:-1\" \/>\n<link rel=\"canonical\" href=\"https:\/\/gambling6.com\/es\/apuestas-deportivas\/consejos-para-apuestas-deportivas-tu-guia-para-apuestas-online\/\" \/>\n<meta property=\"og:locale\" content=\"es_ES\" \/>\n<meta property=\"og:type\" content=\"article\" \/>\n<meta property=\"og:title\" content=\"Gu\u00eda y consejos para apuestas deportivas online\" \/>\n<meta property=\"og:description\" content=\"Empieza a apostar online hoy mismo. Visita BetOnline para acceder a una amplia variedad de opciones de apuestas, adem\u00e1s de p\u00f3ker y casino online, todo en un mismo sitio web.\" \/>\n<meta property=\"og:url\" content=\"https:\/\/gambling6.com\/es\/apuestas-deportivas\/consejos-para-apuestas-deportivas-tu-guia-para-apuestas-online\/\" \/>\n<meta property=\"og:site_name\" content=\"Gambling6\" \/>\n<meta property=\"article:modified_time\" content=\"2025-11-12T19:22:45+00:00\" \/>\n<meta property=\"og:image\" content=\"https:\/\/gambling6.com\/wp-content\/uploads\/2022\/04\/soccermoney.jpg\" \/>\n\t<meta property=\"og:image:width\" content=\"424\" \/>\n\t<meta property=\"og:image:height\" content=\"283\" \/>\n\t<meta property=\"og:image:type\" content=\"image\/jpeg\" \/>\n<meta name=\"twitter:card\" content=\"summary_large_image\" \/>\n<meta name=\"twitter:label1\" content=\"Tiempo de lectura\" \/>\n\t<meta name=\"twitter:data1\" content=\"2 minutos\" \/>\n<script type=\"application\/ld+json\" class=\"yoast-schema-graph\">{\"@context\":\"https:\\\/\\\/schema.org\",\"@graph\":[{\"@type\":\"WebPage\",\"@id\":\"https:\\\/\\\/gambling6.com\\\/es\\\/apuestas-deportivas\\\/consejos-para-apuestas-deportivas-tu-guia-para-apuestas-online\\\/\",\"url\":\"https:\\\/\\\/gambling6.com\\\/es\\\/apuestas-deportivas\\\/consejos-para-apuestas-deportivas-tu-guia-para-apuestas-online\\\/\",\"name\":\"Gu\u00eda y consejos para apuestas deportivas online\",\"isPartOf\":{\"@id\":\"https:\\\/\\\/gambling6.com\\\/es\\\/#website\"},\"primaryImageOfPage\":{\"@id\":\"https:\\\/\\\/gambling6.com\\\/es\\\/apuestas-deportivas\\\/consejos-para-apuestas-deportivas-tu-guia-para-apuestas-online\\\/#primaryimage\"},\"image\":{\"@id\":\"https:\\\/\\\/gambling6.com\\\/es\\\/apuestas-deportivas\\\/consejos-para-apuestas-deportivas-tu-guia-para-apuestas-online\\\/#primaryimage\"},\"thumbnailUrl\":\"https:\\\/\\\/gambling6.com\\\/wp-content\\\/uploads\\\/2022\\\/04\\\/soccermoney-300x200.jpg\",\"datePublished\":\"2025-11-10T09:39:03+00:00\",\"dateModified\":\"2025-11-12T19:22:45+00:00\",\"description\":\"Empieza a apostar online hoy mismo. Visita BetOnline para acceder a una amplia variedad de opciones de apuestas, adem\u00e1s de p\u00f3ker y casino online, todo en un mismo sitio web.\",\"breadcrumb\":{\"@id\":\"https:\\\/\\\/gambling6.com\\\/es\\\/apuestas-deportivas\\\/consejos-para-apuestas-deportivas-tu-guia-para-apuestas-online\\\/#breadcrumb\"},\"inLanguage\":\"es\",\"potentialAction\":[{\"@type\":\"ReadAction\",\"target\":[\"https:\\\/\\\/gambling6.com\\\/es\\\/apuestas-deportivas\\\/consejos-para-apuestas-deportivas-tu-guia-para-apuestas-online\\\/\"]}]},{\"@type\":\"ImageObject\",\"inLanguage\":\"es\",\"@id\":\"https:\\\/\\\/gambling6.com\\\/es\\\/apuestas-deportivas\\\/consejos-para-apuestas-deportivas-tu-guia-para-apuestas-online\\\/#primaryimage\",\"url\":\"https:\\\/\\\/gambling6.com\\\/wp-content\\\/uploads\\\/2022\\\/04\\\/soccermoney-300x200.jpg\",\"contentUrl\":\"https:\\\/\\\/gambling6.com\\\/wp-content\\\/uploads\\\/2022\\\/04\\\/soccermoney-300x200.jpg\"},{\"@type\":\"BreadcrumbList\",\"@id\":\"https:\\\/\\\/gambling6.com\\\/es\\\/apuestas-deportivas\\\/consejos-para-apuestas-deportivas-tu-guia-para-apuestas-online\\\/#breadcrumb\",\"itemListElement\":[{\"@type\":\"ListItem\",\"position\":1,\"name\":\"Home\",\"item\":\"https:\\\/\\\/gambling6.com\\\/es\\\/home\\\/\"},{\"@type\":\"ListItem\",\"position\":2,\"name\":\"apuestas deportivas\",\"item\":\"https:\\\/\\\/gambling6.com\\\/es\\\/introduction-to-online-sportsbetting\\\/\"},{\"@type\":\"ListItem\",\"position\":3,\"name\":\"Consejos para apuestas deportivas: Tu gu\u00eda para apuestas online\"}]},{\"@type\":\"WebSite\",\"@id\":\"https:\\\/\\\/gambling6.com\\\/es\\\/#website\",\"url\":\"https:\\\/\\\/gambling6.com\\\/es\\\/\",\"name\":\"Gambling6\",\"description\":\"\",\"potentialAction\":[{\"@type\":\"SearchAction\",\"target\":{\"@type\":\"EntryPoint\",\"urlTemplate\":\"https:\\\/\\\/gambling6.com\\\/es\\\/?s={search_term_string}\"},\"query-input\":{\"@type\":\"PropertyValueSpecification\",\"valueRequired\":true,\"valueName\":\"search_term_string\"}}],\"inLanguage\":\"es\"}]}<\/script>\n<!-- \/ Yoast SEO plugin. -->","yoast_head_json":{"title":"Gu\u00eda y consejos para apuestas deportivas online","description":"Empieza a apostar online hoy mismo. Visita BetOnline para acceder a una amplia variedad de opciones de apuestas, adem\u00e1s de p\u00f3ker y casino online, todo en un mismo sitio web.","robots":{"index":"index","follow":"follow","max-snippet":"max-snippet:-1","max-image-preview":"max-image-preview:large","max-video-preview":"max-video-preview:-1"},"canonical":"https:\/\/gambling6.com\/es\/apuestas-deportivas\/consejos-para-apuestas-deportivas-tu-guia-para-apuestas-online\/","og_locale":"es_ES","og_type":"article","og_title":"Gu\u00eda y consejos para apuestas deportivas online","og_description":"Empieza a apostar online hoy mismo. Visita BetOnline para acceder a una amplia variedad de opciones de apuestas, adem\u00e1s de p\u00f3ker y casino online, todo en un mismo sitio web.","og_url":"https:\/\/gambling6.com\/es\/apuestas-deportivas\/consejos-para-apuestas-deportivas-tu-guia-para-apuestas-online\/","og_site_name":"Gambling6","article_modified_time":"2025-11-12T19:22:45+00:00","og_image":[{"width":424,"height":283,"url":"https:\/\/gambling6.com\/wp-content\/uploads\/2022\/04\/soccermoney.jpg","type":"image\/jpeg"}],"twitter_card":"summary_large_image","twitter_misc":{"Tiempo de lectura":"2 minutos"},"schema":{"@context":"https:\/\/schema.org","@graph":[{"@type":"WebPage","@id":"https:\/\/gambling6.com\/es\/apuestas-deportivas\/consejos-para-apuestas-deportivas-tu-guia-para-apuestas-online\/","url":"https:\/\/gambling6.com\/es\/apuestas-deportivas\/consejos-para-apuestas-deportivas-tu-guia-para-apuestas-online\/","name":"Gu\u00eda y consejos para apuestas deportivas online","isPartOf":{"@id":"https:\/\/gambling6.com\/es\/#website"},"primaryImageOfPage":{"@id":"https:\/\/gambling6.com\/es\/apuestas-deportivas\/consejos-para-apuestas-deportivas-tu-guia-para-apuestas-online\/#primaryimage"},"image":{"@id":"https:\/\/gambling6.com\/es\/apuestas-deportivas\/consejos-para-apuestas-deportivas-tu-guia-para-apuestas-online\/#primaryimage"},"thumbnailUrl":"https:\/\/gambling6.com\/wp-content\/uploads\/2022\/04\/soccermoney-300x200.jpg","datePublished":"2025-11-10T09:39:03+00:00","dateModified":"2025-11-12T19:22:45+00:00","description":"Empieza a apostar online hoy mismo. Visita BetOnline para acceder a una amplia variedad de opciones de apuestas, adem\u00e1s de p\u00f3ker y casino online, todo en un mismo sitio web.","breadcrumb":{"@id":"https:\/\/gambling6.com\/es\/apuestas-deportivas\/consejos-para-apuestas-deportivas-tu-guia-para-apuestas-online\/#breadcrumb"},"inLanguage":"es","potentialAction":[{"@type":"ReadAction","target":["https:\/\/gambling6.com\/es\/apuestas-deportivas\/consejos-para-apuestas-deportivas-tu-guia-para-apuestas-online\/"]}]},{"@type":"ImageObject","inLanguage":"es","@id":"https:\/\/gambling6.com\/es\/apuestas-deportivas\/consejos-para-apuestas-deportivas-tu-guia-para-apuestas-online\/#primaryimage","url":"https:\/\/gambling6.com\/wp-content\/uploads\/2022\/04\/soccermoney-300x200.jpg","contentUrl":"https:\/\/gambling6.com\/wp-content\/uploads\/2022\/04\/soccermoney-300x200.jpg"},{"@type":"BreadcrumbList","@id":"https:\/\/gambling6.com\/es\/apuestas-deportivas\/consejos-para-apuestas-deportivas-tu-guia-para-apuestas-online\/#breadcrumb","itemListElement":[{"@type":"ListItem","position":1,"name":"Home","item":"https:\/\/gambling6.com\/es\/home\/"},{"@type":"ListItem","position":2,"name":"apuestas deportivas","item":"https:\/\/gambling6.com\/es\/introduction-to-online-sportsbetting\/"},{"@type":"ListItem","position":3,"name":"Consejos para apuestas deportivas: Tu gu\u00eda para apuestas online"}]},{"@type":"WebSite","@id":"https:\/\/gambling6.com\/es\/#website","url":"https:\/\/gambling6.com\/es\/","name":"Gambling6","description":"","potentialAction":[{"@type":"SearchAction","target":{"@type":"EntryPoint","urlTemplate":"https:\/\/gambling6.com\/es\/?s={search_term_string}"},"query-input":{"@type":"PropertyValueSpecification","valueRequired":true,"valueName":"search_term_string"}}],"inLanguage":"es"}]}},"_links":{"self":[{"href":"https:\/\/gambling6.com\/es\/wp-json\/wp\/v2\/pages\/9122","targetHints":{"allow":["GET"]}}],"collection":[{"href":"https:\/\/gambling6.com\/es\/wp-json\/wp\/v2\/pages"}],"about":[{"href":"https:\/\/gambling6.com\/es\/wp-json\/wp\/v2\/types\/page"}],"author":[{"embeddable":true,"href":"https:\/\/gambling6.com\/es\/wp-json\/wp\/v2\/users\/1"}],"replies":[{"embeddable":true,"href":"https:\/\/gambling6.com\/es\/wp-json\/wp\/v2\/comments?post=9122"}],"version-history":[{"count":2,"href":"https:\/\/gambling6.com\/es\/wp-json\/wp\/v2\/pages\/9122\/revisions"}],"predecessor-version":[{"id":10552,"href":"https:\/\/gambling6.com\/es\/wp-json\/wp\/v2\/pages\/9122\/revisions\/10552"}],"up":[{"embeddable":true,"href":"https:\/\/gambling6.com\/es\/wp-json\/wp\/v2\/pages\/9254"}],"wp:attachment":[{"href":"https:\/\/gambling6.com\/es\/wp-json\/wp\/v2\/media?parent=9122"}],"curies":[{"name":"wp","href":"https:\/\/api.w.org\/{rel}","templated":true}]}}