{"id":9188,"date":"2025-11-10T11:05:24","date_gmt":"2025-11-10T11:05:24","guid":{"rendered":"https:\/\/gambling6.com\/consigue-tus-boletos-en-linea-para-la-loteria-powerball\/"},"modified":"2025-11-12T10:05:51","modified_gmt":"2025-11-12T10:05:51","slug":"consigue-tus-boletos-en-linea-para-la-loteria-powerball","status":"publish","type":"page","link":"https:\/\/gambling6.com\/es\/consigue-tus-boletos-en-linea-para-la-loteria-powerball\/","title":{"rendered":"Consigue tus boletos en l\u00ednea para la loter\u00eda Powerball"},"content":{"rendered":"<h2>Juega a la loter\u00eda Powerball en l\u00ednea.<\/h2>\n<p>La loter\u00eda Powerball es conocida mundialmente por sus incre\u00edbles premios mayores. Encontrar\u00e1s premios que superan los 100 millones de d\u00f3lares con mucha frecuencia. <strong>Los incrementos del premio mayor son exponenciales porque puedes comprar boletos de Powerball en l\u00ednea.<\/strong> Jugar a Powerball en l\u00ednea es muy sencillo desde la comodidad de tu casa; solo necesitas tu computadora y una conexi\u00f3n a internet.<\/p>\n<h2>Boletos de Powerball en l\u00ednea: \u00a1tan f\u00e1cil como contar hasta tres!<\/h2>\n<p>Para jugar a la loter\u00eda Powerball en l\u00ednea, visita a nuestro socio <a class=\"thirstylink\" title=\"Redfoxlotto\" href=\"https:\/\/gambling6.com\/go\/redfoxlotto\/\" target=\"_blank\" rel=\"nofollow noopener\">RedFoxLotto (haz clic aqu\u00ed para visitar)<\/a> y crea una cuenta. Es muy f\u00e1cil abrir una cuenta y podr\u00e1s empezar a jugar a la loter\u00eda Powerball en cuesti\u00f3n de minutos. El siguiente paso ser\u00eda ir a la secci\u00f3n de boletos, donde usar\u00edas el formulario para elegir cinco n\u00fameros principales.<\/p>\n<p>Una vez hecho esto, eliges un n\u00famero adicional de Powerball. <strong>Para ganar el premio mayor, debes acertar tus cinco n\u00fameros principales m\u00e1s el Powerball con los n\u00fameros sorteados.<\/strong> No te preocupes, si no aciertas, puedes optar a uno de los otros siete premios.<\/p>\n<h2>Las ventas de boletos de Powerball en l\u00ednea se disparan<\/h2>\n<p><img loading=\"lazy\" decoding=\"async\" class=\"size-medium wp-image-1533 alignright\" src=\"https:\/\/gambling6.com\/wp-content\/uploads\/2022\/04\/2_ticket_powerball_au2-1-163x300.jpg\" alt=\"boleto de Powerball\" width=\"163\" height=\"300\" srcset=\"https:\/\/gambling6.com\/wp-content\/uploads\/2022\/04\/2_ticket_powerball_au2-1-163x300.jpg 163w, https:\/\/gambling6.com\/wp-content\/uploads\/2022\/04\/2_ticket_powerball_au2-1.jpg 250w\" sizes=\"auto, (max-width: 163px) 100vw, 163px\" \/>En los \u00faltimos dos a\u00f1os, las ventas de boletos de Powerball USA han crecido a un ritmo vertiginoso, duplic\u00e1ndose a\u00f1o tras a\u00f1o durante este per\u00edodo. <strong>El tama\u00f1o de los premios mayores, junto con la facilidad para comprar boletos en l\u00ednea, ha sido el principal factor que ha impulsado este crecimiento tan sustancial.<\/strong> Si el pasado sirve de indicador para las ventas futuras, podemos esperar un aumento en el tama\u00f1o de los premios mayores en los pr\u00f3ximos a\u00f1os.<\/p>\n<h2>El juego de loter\u00eda a nivel mundial est\u00e1 creciendo.<\/h2>\n<p>Excepto Mega Millions, que ostenta el r\u00e9cord de premios mayores, hemos visto premios r\u00e9cord en la mayor\u00eda de las loter\u00edas jugadas en l\u00ednea durante el \u00faltimo a\u00f1o. No hay indicios de que estos premios r\u00e9cord vayan a disminuir pronto. De hecho, podemos esperar que los r\u00e9cords se superen repetidamente, ya que la gente recurre a sus computadoras cuando se anuncian premios mayores de gran magnitud.<\/p>\n<h2>Consulta los n\u00fameros ganadores de Powerball en l\u00ednea.<\/h2>\n<p>Si compras boletos, aseg\u00farate de consultar los resultados utilizando una base de datos en l\u00ednea. Cada a\u00f1o, muchos premios quedan sin reclamar porque, al enterarse de que se han ganado premios mayores en una zona donde no viven o en un establecimiento donde no compraron su boleto, la gente lo desecha y no se molesta en comprobar si ha ganado otros premios.<\/p>\n<p>Por favor, no cometa el error de tirar el dinero a la basura o dejarlo olvidado en su cartera. Merece todo el dinero que ha ganado. Juegue hoy mismo a la loter\u00eda Powerball en l\u00ednea y podr\u00eda convertirse en el pr\u00f3ximo multimillonario del mundo.<\/p>\n<div>\n<p>22-jun-13<\/p>\n<\/div>\n<div>\n<p>$131.500.000<\/p>\n<\/div>\n<div>\n<p>16-nov-13<\/p>\n<\/div>\n<div>\n<p>$130.300.000<\/p>\n<\/div>\n<div>\n<p>11-dic-13<\/p>\n<\/div>\n<table style=\"width: 500px;\" border=\"1\" cellspacing=\"5\" cellpadding=\"5\" align=\"center\">\n<tbody>\n<tr>\n<td colspan=\"3\" align=\"center\">Los diez mayores premios de 2013<\/td>\n<\/tr>\n<tr>\n<td>Sorteo<\/td>\n<td align=\"center\">Fecha<\/td>\n<td align=\"center\">Premio (USD)<\/td>\n<\/tr>\n<tr>\n<td>Powerball &#8211; EE. UU.<\/td>\n<td align=\"center\">18 de mayo de 2013<\/td>\n<td align=\"right\">$590.500.000<\/td>\n<\/tr>\n<tr>\n<td>Powerball &#8211; EE. UU.<\/td>\n<td align=\"center\">7 de agosto de 2013<\/td>\n<td align=\"right\">$448,400,000<\/td>\n<\/tr>\n<tr>\n<td>Powerball &#8211; EE. UU.<\/td>\n<td align=\"center\">18-sep-13<\/td>\n<td align=\"right\">$399,400,000<\/td>\n<\/tr>\n<tr>\n<td>Powerball &#8211; EE. UU.<\/td>\n<td align=\"center\">23-mar-13<\/td>\n<td align=\"right\">$338,300,000<\/td>\n<\/tr>\n<tr>\n<td>Powerball &#8211; EE. UU.<\/td>\n<td align=\"center\">6-feb-13<\/td>\n<td align=\"right\">$217,000,000<\/td>\n<\/tr>\n<tr>\n<td>Powerball &#8211; EE. UU.<\/td>\n<td>$213.400.000<\/td>\n<td>Powerball &#8211; EE. UU.<\/td>\n<td>Powerball &#8211; EE. UU.<\/td>\n<td>Powerball &#8211; EE. UU.<\/td>\n<td align=\"right\">$122,900,000<\/td>\n<td>Powerball &#8211; EE. UU.<\/td>\n<td align=\"center\">25-dic-13<\/td>\n<td align=\"right\">$74,000,000<\/td>\n<\/tr>\n<\/tbody>\n<\/table>\n<table style=\"width: 500px;\" border=\"1\" cellspacing=\"5\" cellpadding=\"5\" align=\"center\">\n<tbody>\n<tr>\n<td colspan=\"3\" align=\"center\">Niveles de Premios de la Loter\u00eda Powerball &#8211; EE. UU.<\/td>\n<\/tr>\n<tr>\n<td>Premio<\/td>\n<td align=\"center\">Aciertos<\/td>\n<td align=\"center\">Probabilidades<\/td>\n<\/tr>\n<tr>\n<td>1.er premio (Bote)<\/td>\n<td align=\"center\">5 + 1<\/td>\n<td align=\"right\">175.223.510 : 1<\/td>\n<\/tr>\n<tr>\n<td>2.\u00ba premio<\/td>\n<td align=\"center\">5<\/td>\n<td align=\"right\">5.153.633 : 1<\/td>\n<\/tr>\n<tr>\n<td>3.\u00ba<\/td>\n<td align=\"center\">4 + 1<\/td>\n<td align=\"right\">648.976 : 1<\/td>\n<\/tr>\n<tr>\n<td>4.\u00ba<\/td>\n<td align=\"center\">4<\/td>\n<td align=\"right\">19.087 : 1<\/td>\n<\/tr>\n<tr>\n<td>5.\u00ba<\/td>\n<td align=\"center\">3 + 1<\/td>\n<td align=\"right\">12.245 : 1<\/td>\n<\/tr>\n<tr>\n<td>6.\u00ba<\/td>\n<td align=\"center\">3<\/td>\n<td align=\"right\">360 : 1<\/td>\n<\/tr>\n<tr>\n<td>7.\u00ba<\/td>\n<td align=\"center\">2 + 1<\/td>\n<td align=\"right\">706 : 1<\/td>\n<\/tr>\n<tr>\n<td>8.\u00ba<\/td>\n<td align=\"center\">1 + 1<\/td>\n<td align=\"right\">111 : 1<\/td>\n<\/tr>\n<tr>\n<td>9.\u00ba<\/td>\n<td align=\"center\">0 + 1<\/td>\n<td align=\"right\">55 : 1<\/td>\n<\/tr>\n<\/tbody>\n<\/table>\n","protected":false},"excerpt":{"rendered":"<p>Juega a la loter\u00eda Powerball en l\u00ednea. La loter\u00eda Powerball es conocida mundialmente por sus incre\u00edbles premios mayores. Encontrar\u00e1s premios que superan los 100 millones de d\u00f3lares con mucha frecuencia. Los incrementos del premio mayor son exponenciales porque puedes comprar boletos de Powerball en l\u00ednea. Jugar a Powerball en l\u00ednea es muy sencillo desde la [&hellip;]<\/p>\n","protected":false},"author":1,"featured_media":0,"parent":0,"menu_order":4,"comment_status":"closed","ping_status":"closed","template":"","meta":{"footnotes":""},"class_list":["post-9188","page","type-page","status-publish","hentry"],"yoast_head":"<!-- This site is optimized with the Yoast SEO plugin v27.3 - https:\/\/yoast.com\/product\/yoast-seo-wordpress\/ -->\n<title>Compra boletos para la loter\u00eda Powerball en l\u00ednea<\/title>\n<meta name=\"description\" content=\"\u00a1Compra hoy mismo tus boletos en l\u00ednea para la loter\u00eda Powerball de EE. UU.!\" \/>\n<meta name=\"robots\" content=\"index, follow, max-snippet:-1, max-image-preview:large, max-video-preview:-1\" \/>\n<link rel=\"canonical\" href=\"https:\/\/gambling6.com\/es\/consigue-tus-boletos-en-linea-para-la-loteria-powerball\/\" \/>\n<meta property=\"og:locale\" content=\"es_ES\" \/>\n<meta property=\"og:type\" content=\"article\" \/>\n<meta property=\"og:title\" content=\"Compra boletos para la loter\u00eda Powerball en l\u00ednea\" \/>\n<meta property=\"og:description\" content=\"\u00a1Compra hoy mismo tus boletos en l\u00ednea para la loter\u00eda Powerball de EE. UU.!\" \/>\n<meta property=\"og:url\" content=\"https:\/\/gambling6.com\/es\/consigue-tus-boletos-en-linea-para-la-loteria-powerball\/\" \/>\n<meta property=\"og:site_name\" content=\"Gambling6\" \/>\n<meta property=\"article:modified_time\" content=\"2025-11-12T10:05:51+00:00\" \/>\n<meta property=\"og:image\" content=\"https:\/\/gambling6.com\/wp-content\/uploads\/2022\/04\/2_ticket_powerball_au2-1.jpg\" \/>\n\t<meta property=\"og:image:width\" content=\"250\" \/>\n\t<meta property=\"og:image:height\" content=\"460\" \/>\n\t<meta property=\"og:image:type\" content=\"image\/jpeg\" \/>\n<meta name=\"twitter:card\" content=\"summary_large_image\" \/>\n<meta name=\"twitter:label1\" content=\"Tiempo de lectura\" \/>\n\t<meta name=\"twitter:data1\" content=\"3 minutos\" \/>\n<script type=\"application\/ld+json\" class=\"yoast-schema-graph\">{\"@context\":\"https:\\\/\\\/schema.org\",\"@graph\":[{\"@type\":\"WebPage\",\"@id\":\"https:\\\/\\\/gambling6.com\\\/es\\\/consigue-tus-boletos-en-linea-para-la-loteria-powerball\\\/\",\"url\":\"https:\\\/\\\/gambling6.com\\\/es\\\/consigue-tus-boletos-en-linea-para-la-loteria-powerball\\\/\",\"name\":\"Compra boletos para la loter\u00eda Powerball en l\u00ednea\",\"isPartOf\":{\"@id\":\"https:\\\/\\\/gambling6.com\\\/es\\\/#website\"},\"primaryImageOfPage\":{\"@id\":\"https:\\\/\\\/gambling6.com\\\/es\\\/consigue-tus-boletos-en-linea-para-la-loteria-powerball\\\/#primaryimage\"},\"image\":{\"@id\":\"https:\\\/\\\/gambling6.com\\\/es\\\/consigue-tus-boletos-en-linea-para-la-loteria-powerball\\\/#primaryimage\"},\"thumbnailUrl\":\"https:\\\/\\\/gambling6.com\\\/wp-content\\\/uploads\\\/2022\\\/04\\\/2_ticket_powerball_au2-1-163x300.jpg\",\"datePublished\":\"2025-11-10T11:05:24+00:00\",\"dateModified\":\"2025-11-12T10:05:51+00:00\",\"description\":\"\u00a1Compra hoy mismo tus boletos en l\u00ednea para la loter\u00eda Powerball de EE. UU.!\",\"breadcrumb\":{\"@id\":\"https:\\\/\\\/gambling6.com\\\/es\\\/consigue-tus-boletos-en-linea-para-la-loteria-powerball\\\/#breadcrumb\"},\"inLanguage\":\"es\",\"potentialAction\":[{\"@type\":\"ReadAction\",\"target\":[\"https:\\\/\\\/gambling6.com\\\/es\\\/consigue-tus-boletos-en-linea-para-la-loteria-powerball\\\/\"]}]},{\"@type\":\"ImageObject\",\"inLanguage\":\"es\",\"@id\":\"https:\\\/\\\/gambling6.com\\\/es\\\/consigue-tus-boletos-en-linea-para-la-loteria-powerball\\\/#primaryimage\",\"url\":\"https:\\\/\\\/gambling6.com\\\/wp-content\\\/uploads\\\/2022\\\/04\\\/2_ticket_powerball_au2-1-163x300.jpg\",\"contentUrl\":\"https:\\\/\\\/gambling6.com\\\/wp-content\\\/uploads\\\/2022\\\/04\\\/2_ticket_powerball_au2-1-163x300.jpg\"},{\"@type\":\"BreadcrumbList\",\"@id\":\"https:\\\/\\\/gambling6.com\\\/es\\\/consigue-tus-boletos-en-linea-para-la-loteria-powerball\\\/#breadcrumb\",\"itemListElement\":[{\"@type\":\"ListItem\",\"position\":1,\"name\":\"Home\",\"item\":\"https:\\\/\\\/gambling6.com\\\/es\\\/home\\\/\"},{\"@type\":\"ListItem\",\"position\":2,\"name\":\"Consigue tus boletos en l\u00ednea para la loter\u00eda Powerball\"}]},{\"@type\":\"WebSite\",\"@id\":\"https:\\\/\\\/gambling6.com\\\/es\\\/#website\",\"url\":\"https:\\\/\\\/gambling6.com\\\/es\\\/\",\"name\":\"Gambling6\",\"description\":\"\",\"potentialAction\":[{\"@type\":\"SearchAction\",\"target\":{\"@type\":\"EntryPoint\",\"urlTemplate\":\"https:\\\/\\\/gambling6.com\\\/es\\\/?s={search_term_string}\"},\"query-input\":{\"@type\":\"PropertyValueSpecification\",\"valueRequired\":true,\"valueName\":\"search_term_string\"}}],\"inLanguage\":\"es\"}]}<\/script>\n<!-- \/ Yoast SEO plugin. -->","yoast_head_json":{"title":"Compra boletos para la loter\u00eda Powerball en l\u00ednea","description":"\u00a1Compra hoy mismo tus boletos en l\u00ednea para la loter\u00eda Powerball de EE. UU.!","robots":{"index":"index","follow":"follow","max-snippet":"max-snippet:-1","max-image-preview":"max-image-preview:large","max-video-preview":"max-video-preview:-1"},"canonical":"https:\/\/gambling6.com\/es\/consigue-tus-boletos-en-linea-para-la-loteria-powerball\/","og_locale":"es_ES","og_type":"article","og_title":"Compra boletos para la loter\u00eda Powerball en l\u00ednea","og_description":"\u00a1Compra hoy mismo tus boletos en l\u00ednea para la loter\u00eda Powerball de EE. UU.!","og_url":"https:\/\/gambling6.com\/es\/consigue-tus-boletos-en-linea-para-la-loteria-powerball\/","og_site_name":"Gambling6","article_modified_time":"2025-11-12T10:05:51+00:00","og_image":[{"width":250,"height":460,"url":"https:\/\/gambling6.com\/wp-content\/uploads\/2022\/04\/2_ticket_powerball_au2-1.jpg","type":"image\/jpeg"}],"twitter_card":"summary_large_image","twitter_misc":{"Tiempo de lectura":"3 minutos"},"schema":{"@context":"https:\/\/schema.org","@graph":[{"@type":"WebPage","@id":"https:\/\/gambling6.com\/es\/consigue-tus-boletos-en-linea-para-la-loteria-powerball\/","url":"https:\/\/gambling6.com\/es\/consigue-tus-boletos-en-linea-para-la-loteria-powerball\/","name":"Compra boletos para la loter\u00eda Powerball en l\u00ednea","isPartOf":{"@id":"https:\/\/gambling6.com\/es\/#website"},"primaryImageOfPage":{"@id":"https:\/\/gambling6.com\/es\/consigue-tus-boletos-en-linea-para-la-loteria-powerball\/#primaryimage"},"image":{"@id":"https:\/\/gambling6.com\/es\/consigue-tus-boletos-en-linea-para-la-loteria-powerball\/#primaryimage"},"thumbnailUrl":"https:\/\/gambling6.com\/wp-content\/uploads\/2022\/04\/2_ticket_powerball_au2-1-163x300.jpg","datePublished":"2025-11-10T11:05:24+00:00","dateModified":"2025-11-12T10:05:51+00:00","description":"\u00a1Compra hoy mismo tus boletos en l\u00ednea para la loter\u00eda Powerball de EE. UU.!","breadcrumb":{"@id":"https:\/\/gambling6.com\/es\/consigue-tus-boletos-en-linea-para-la-loteria-powerball\/#breadcrumb"},"inLanguage":"es","potentialAction":[{"@type":"ReadAction","target":["https:\/\/gambling6.com\/es\/consigue-tus-boletos-en-linea-para-la-loteria-powerball\/"]}]},{"@type":"ImageObject","inLanguage":"es","@id":"https:\/\/gambling6.com\/es\/consigue-tus-boletos-en-linea-para-la-loteria-powerball\/#primaryimage","url":"https:\/\/gambling6.com\/wp-content\/uploads\/2022\/04\/2_ticket_powerball_au2-1-163x300.jpg","contentUrl":"https:\/\/gambling6.com\/wp-content\/uploads\/2022\/04\/2_ticket_powerball_au2-1-163x300.jpg"},{"@type":"BreadcrumbList","@id":"https:\/\/gambling6.com\/es\/consigue-tus-boletos-en-linea-para-la-loteria-powerball\/#breadcrumb","itemListElement":[{"@type":"ListItem","position":1,"name":"Home","item":"https:\/\/gambling6.com\/es\/home\/"},{"@type":"ListItem","position":2,"name":"Consigue tus boletos en l\u00ednea para la loter\u00eda Powerball"}]},{"@type":"WebSite","@id":"https:\/\/gambling6.com\/es\/#website","url":"https:\/\/gambling6.com\/es\/","name":"Gambling6","description":"","potentialAction":[{"@type":"SearchAction","target":{"@type":"EntryPoint","urlTemplate":"https:\/\/gambling6.com\/es\/?s={search_term_string}"},"query-input":{"@type":"PropertyValueSpecification","valueRequired":true,"valueName":"search_term_string"}}],"inLanguage":"es"}]}},"_links":{"self":[{"href":"https:\/\/gambling6.com\/es\/wp-json\/wp\/v2\/pages\/9188","targetHints":{"allow":["GET"]}}],"collection":[{"href":"https:\/\/gambling6.com\/es\/wp-json\/wp\/v2\/pages"}],"about":[{"href":"https:\/\/gambling6.com\/es\/wp-json\/wp\/v2\/types\/page"}],"author":[{"embeddable":true,"href":"https:\/\/gambling6.com\/es\/wp-json\/wp\/v2\/users\/1"}],"replies":[{"embeddable":true,"href":"https:\/\/gambling6.com\/es\/wp-json\/wp\/v2\/comments?post=9188"}],"version-history":[{"count":1,"href":"https:\/\/gambling6.com\/es\/wp-json\/wp\/v2\/pages\/9188\/revisions"}],"predecessor-version":[{"id":10517,"href":"https:\/\/gambling6.com\/es\/wp-json\/wp\/v2\/pages\/9188\/revisions\/10517"}],"wp:attachment":[{"href":"https:\/\/gambling6.com\/es\/wp-json\/wp\/v2\/media?parent=9188"}],"curies":[{"name":"wp","href":"https:\/\/api.w.org\/{rel}","templated":true}]}}