{"id":9254,"date":"2025-11-10T12:39:04","date_gmt":"2025-11-10T12:39:04","guid":{"rendered":"https:\/\/gambling6.com\/apuestas-deportivas\/"},"modified":"2025-11-12T10:39:23","modified_gmt":"2025-11-12T10:39:23","slug":"apuestas-deportivas","status":"publish","type":"page","link":"https:\/\/gambling6.com\/es\/apuestas-deportivas\/","title":{"rendered":"apuestas deportivas"},"content":{"rendered":"<h2>Los fundamentos de las apuestas deportivas<\/h2>\n<p>Las apuestas deportivas, un t\u00e9rmino que surge simplemente de combinar las palabras descriptivas, consisten en predecir los resultados de eventos deportivos profesionales o amateurs y colocar una apuesta sobre el resultado. <strong>Sportsbet es el t\u00e9rmino que se utiliza para describir un lugar donde se participa en la actividad de las apuestas deportivas.<\/strong> En general, en Estados Unidos esta pr\u00e1ctica no es legal. De hecho, solo en cuatro de los cincuenta estados de Am\u00e9rica las apuestas deportivas est\u00e1n reconocidas como completamente legales. Luego lleg\u00f3 Internet.<\/p>\n<h2>Millones participan diariamente en las apuestas deportivas<\/h2>\n<p>Cada d\u00eda, millones de personas acuden a miles de sitios web para hacer apuestas sobre cualquier deporte que se pueda imaginar. Sin embargo, <strong>esta introducci\u00f3n a las apuestas deportivas en l\u00ednea te mostrar\u00e1 que hay mucho m\u00e1s que simplemente conocer la diferencia de puntos y apostar por el equipo<\/strong> que deseas que gane. Apostar en un partido no solo puede hacerlo m\u00e1s emocionante de ver, sino que el arte de las apuestas deportivas tambi\u00e9n puede generarte mucho dinero si se hace correctamente. Si eres nuevo en el mundo de las apuestas deportivas, necesitar\u00e1s conocer los fundamentos y principios b\u00e1sicos para no perderte cuando comience la acci\u00f3n.<\/p>\n<h2>Terminolog\u00eda de las apuestas deportivas en l\u00ednea<\/h2>\n<p>Primero, <strong>debes familiarizarte con algunos de los t\u00e9rminos utilizados en las apuestas deportivas.<\/strong> \u201c<a href=\"http:\/\/es.wikipedia.org\/wiki\/Handicap\" target=\"_blank\" rel=\"noopener\">Handicap<\/a>\u201d (h\u00e1ndicap) es el primer t\u00e9rmino que presento; significa darle a un equipo o jugador una ventaja sobre otro, extendiendo uno de sus puntos, goles o anotaciones, para equilibrar el nivel de juego entre ambos. Por ejemplo, si fuera a jugar un uno contra uno de baloncesto con Michael Jordan y el primero en llegar a 21 puntos ganara, podr\u00eda recibir una ventaja de 18 puntos, lo que significar\u00eda que \u00e9l tendr\u00eda un h\u00e1ndicap de 18 puntos. \u00c9l tendr\u00eda que anotar 21 puntos antes de que yo anotara 3 para ganar. Hay muchos ejemplos de h\u00e1ndicap o \u201cspread de puntos\u201d, como tambi\u00e9n se les llama. Comprender este principio es una de las claves para entender c\u00f3mo hacer buenas apuestas en las apuestas deportivas en l\u00ednea.<\/p>\n<h2>Conoce tu casa de apuestas en l\u00ednea<\/h2>\n<p><strong>Las apuestas deportivas, ya sean en l\u00ednea o en vivo, suelen realizarse en lo que se conoce como una \u00abcasa de apuestas\u00bb o \u00absportsbook\u00bb.<\/strong> Un \u201cBook\u201d (libro) es un establecimiento que acepta apuestas, y el \u201cBookmaker\u201d (corredor o casa de apuestas) es la persona que normalmente establece las cuotas o diferencias para un evento determinado. El proceso de establecer el \u201cspread\u201d frente a las apuestas de \u201cdinero parejo\u201d (probabilidades de 1:1) puede ser bastante complejo y var\u00eda de una casa de apuestas a otra.<\/p>\n<h2>Betonline Sportsbook &#8211; acepta aficionados deportivos de EE. UU.<\/h2>\n<p>Cuando est\u00e9s listo para apostar, necesitas encontrar un casino o casa de apuestas en l\u00ednea de buena reputaci\u00f3n donde puedas realizar tus apuestas.<a class=\"thirstylink\" title=\"Betonline casino en\" href=\"https:\/\/gambling6.com\/go\/betonline-casino-en\/\" target=\"_blank\" rel=\"nofollow noopener\"> Puedes visitar Betonline Sportsbook<\/a>, un conocido casino en l\u00ednea con una gran reputaci\u00f3n por su incre\u00edble seguridad. Ofrecen muchos m\u00e9todos de dep\u00f3sito y retiro, por lo que seguramente encontrar\u00e1s una opci\u00f3n que se adapte a tus necesidades personales.<\/p>\n<p>Otra excelente alternativa es 888 Casino: su secci\u00f3n de apuestas deportivas es una de las mejores disponibles. Adem\u00e1s, tambi\u00e9n cuentan con una fant\u00e1stica sala de p\u00f3ker, los mejores juegos de casino e incluso opciones como bingo y tarjetas rasca y gana.<\/p>\n<p>El \u00fanico inconveniente de 888 es que no aceptan clientes de Estados Unidos. Pero si resides en otro pa\u00eds, definitivamente deber\u00edas <a class=\"thirstylink\" title=\"888 casino en\" href=\"https:\/\/gambling6.com\/go\/888-casino-en\/\" target=\"_blank\" rel=\"nofollow noopener\">visitar el sitio web de 888 Casino \u2013 solo sigue este enlace.<\/a><\/p>\n<p>Prueba suerte, pero recuerda que todav\u00eda tienes mucho que aprender sobre las apuestas deportivas en l\u00ednea. Continuaremos actualizando este sitio para que puedas aprender sobre las cuotas y los factores que influyen en los resultados de ciertos eventos. <strong>Si quieres convertirte en un experto en el tema de las apuestas deportivas,<\/strong> has llegado al lugar indicado. Rel\u00e1jate, ponte c\u00f3modo y disfruta del emocionante mundo de las apuestas deportivas en l\u00ednea.<\/p>\n","protected":false},"excerpt":{"rendered":"<p>Los fundamentos de las apuestas deportivas Las apuestas deportivas, un t\u00e9rmino que surge simplemente de combinar las palabras descriptivas, consisten en predecir los resultados de eventos deportivos profesionales o amateurs y colocar una apuesta sobre el resultado. Sportsbet es el t\u00e9rmino que se utiliza para describir un lugar donde se participa en la actividad de [&hellip;]<\/p>\n","protected":false},"author":1,"featured_media":0,"parent":0,"menu_order":4,"comment_status":"closed","ping_status":"closed","template":"","meta":{"footnotes":""},"class_list":["post-9254","page","type-page","status-publish","hentry"],"yoast_head":"<!-- This site is optimized with the Yoast SEO plugin v27.3 - https:\/\/yoast.com\/product\/yoast-seo-wordpress\/ -->\n<title>Introducci\u00f3n a las apuestas deportivas en l\u00ednea<\/title>\n<meta name=\"description\" content=\"Introducci\u00f3n, terminolog\u00eda, apuestas deportivas en l\u00ednea\" \/>\n<meta name=\"robots\" content=\"index, follow, max-snippet:-1, max-image-preview:large, max-video-preview:-1\" \/>\n<link rel=\"canonical\" href=\"https:\/\/gambling6.com\/es\/apuestas-deportivas\/\" \/>\n<meta property=\"og:locale\" content=\"es_ES\" \/>\n<meta property=\"og:type\" content=\"article\" \/>\n<meta property=\"og:title\" content=\"Introducci\u00f3n a las apuestas deportivas en l\u00ednea\" \/>\n<meta property=\"og:description\" content=\"Introducci\u00f3n, terminolog\u00eda, apuestas deportivas en l\u00ednea\" \/>\n<meta property=\"og:url\" content=\"https:\/\/gambling6.com\/es\/apuestas-deportivas\/\" \/>\n<meta property=\"og:site_name\" content=\"Gambling6\" \/>\n<meta property=\"article:modified_time\" content=\"2025-11-12T10:39:23+00:00\" \/>\n<meta name=\"twitter:card\" content=\"summary_large_image\" \/>\n<meta name=\"twitter:label1\" content=\"Tiempo de lectura\" \/>\n\t<meta name=\"twitter:data1\" content=\"3 minutos\" \/>\n<script type=\"application\/ld+json\" class=\"yoast-schema-graph\">{\"@context\":\"https:\\\/\\\/schema.org\",\"@graph\":[{\"@type\":\"WebPage\",\"@id\":\"https:\\\/\\\/gambling6.com\\\/es\\\/apuestas-deportivas\\\/\",\"url\":\"https:\\\/\\\/gambling6.com\\\/es\\\/apuestas-deportivas\\\/\",\"name\":\"Introducci\u00f3n a las apuestas deportivas en l\u00ednea\",\"isPartOf\":{\"@id\":\"https:\\\/\\\/gambling6.com\\\/es\\\/#website\"},\"datePublished\":\"2025-11-10T12:39:04+00:00\",\"dateModified\":\"2025-11-12T10:39:23+00:00\",\"description\":\"Introducci\u00f3n, terminolog\u00eda, apuestas deportivas en l\u00ednea\",\"breadcrumb\":{\"@id\":\"https:\\\/\\\/gambling6.com\\\/es\\\/apuestas-deportivas\\\/#breadcrumb\"},\"inLanguage\":\"es\",\"potentialAction\":[{\"@type\":\"ReadAction\",\"target\":[\"https:\\\/\\\/gambling6.com\\\/es\\\/apuestas-deportivas\\\/\"]}]},{\"@type\":\"BreadcrumbList\",\"@id\":\"https:\\\/\\\/gambling6.com\\\/es\\\/apuestas-deportivas\\\/#breadcrumb\",\"itemListElement\":[{\"@type\":\"ListItem\",\"position\":1,\"name\":\"Home\",\"item\":\"https:\\\/\\\/gambling6.com\\\/es\\\/home\\\/\"},{\"@type\":\"ListItem\",\"position\":2,\"name\":\"apuestas deportivas\"}]},{\"@type\":\"WebSite\",\"@id\":\"https:\\\/\\\/gambling6.com\\\/es\\\/#website\",\"url\":\"https:\\\/\\\/gambling6.com\\\/es\\\/\",\"name\":\"Gambling6\",\"description\":\"\",\"potentialAction\":[{\"@type\":\"SearchAction\",\"target\":{\"@type\":\"EntryPoint\",\"urlTemplate\":\"https:\\\/\\\/gambling6.com\\\/es\\\/?s={search_term_string}\"},\"query-input\":{\"@type\":\"PropertyValueSpecification\",\"valueRequired\":true,\"valueName\":\"search_term_string\"}}],\"inLanguage\":\"es\"}]}<\/script>\n<!-- \/ Yoast SEO plugin. -->","yoast_head_json":{"title":"Introducci\u00f3n a las apuestas deportivas en l\u00ednea","description":"Introducci\u00f3n, terminolog\u00eda, apuestas deportivas en l\u00ednea","robots":{"index":"index","follow":"follow","max-snippet":"max-snippet:-1","max-image-preview":"max-image-preview:large","max-video-preview":"max-video-preview:-1"},"canonical":"https:\/\/gambling6.com\/es\/apuestas-deportivas\/","og_locale":"es_ES","og_type":"article","og_title":"Introducci\u00f3n a las apuestas deportivas en l\u00ednea","og_description":"Introducci\u00f3n, terminolog\u00eda, apuestas deportivas en l\u00ednea","og_url":"https:\/\/gambling6.com\/es\/apuestas-deportivas\/","og_site_name":"Gambling6","article_modified_time":"2025-11-12T10:39:23+00:00","twitter_card":"summary_large_image","twitter_misc":{"Tiempo de lectura":"3 minutos"},"schema":{"@context":"https:\/\/schema.org","@graph":[{"@type":"WebPage","@id":"https:\/\/gambling6.com\/es\/apuestas-deportivas\/","url":"https:\/\/gambling6.com\/es\/apuestas-deportivas\/","name":"Introducci\u00f3n a las apuestas deportivas en l\u00ednea","isPartOf":{"@id":"https:\/\/gambling6.com\/es\/#website"},"datePublished":"2025-11-10T12:39:04+00:00","dateModified":"2025-11-12T10:39:23+00:00","description":"Introducci\u00f3n, terminolog\u00eda, apuestas deportivas en l\u00ednea","breadcrumb":{"@id":"https:\/\/gambling6.com\/es\/apuestas-deportivas\/#breadcrumb"},"inLanguage":"es","potentialAction":[{"@type":"ReadAction","target":["https:\/\/gambling6.com\/es\/apuestas-deportivas\/"]}]},{"@type":"BreadcrumbList","@id":"https:\/\/gambling6.com\/es\/apuestas-deportivas\/#breadcrumb","itemListElement":[{"@type":"ListItem","position":1,"name":"Home","item":"https:\/\/gambling6.com\/es\/home\/"},{"@type":"ListItem","position":2,"name":"apuestas deportivas"}]},{"@type":"WebSite","@id":"https:\/\/gambling6.com\/es\/#website","url":"https:\/\/gambling6.com\/es\/","name":"Gambling6","description":"","potentialAction":[{"@type":"SearchAction","target":{"@type":"EntryPoint","urlTemplate":"https:\/\/gambling6.com\/es\/?s={search_term_string}"},"query-input":{"@type":"PropertyValueSpecification","valueRequired":true,"valueName":"search_term_string"}}],"inLanguage":"es"}]}},"_links":{"self":[{"href":"https:\/\/gambling6.com\/es\/wp-json\/wp\/v2\/pages\/9254","targetHints":{"allow":["GET"]}}],"collection":[{"href":"https:\/\/gambling6.com\/es\/wp-json\/wp\/v2\/pages"}],"about":[{"href":"https:\/\/gambling6.com\/es\/wp-json\/wp\/v2\/types\/page"}],"author":[{"embeddable":true,"href":"https:\/\/gambling6.com\/es\/wp-json\/wp\/v2\/users\/1"}],"replies":[{"embeddable":true,"href":"https:\/\/gambling6.com\/es\/wp-json\/wp\/v2\/comments?post=9254"}],"version-history":[{"count":1,"href":"https:\/\/gambling6.com\/es\/wp-json\/wp\/v2\/pages\/9254\/revisions"}],"predecessor-version":[{"id":10540,"href":"https:\/\/gambling6.com\/es\/wp-json\/wp\/v2\/pages\/9254\/revisions\/10540"}],"wp:attachment":[{"href":"https:\/\/gambling6.com\/es\/wp-json\/wp\/v2\/media?parent=9254"}],"curies":[{"name":"wp","href":"https:\/\/api.w.org\/{rel}","templated":true}]}}