{"id":9324,"date":"2025-11-10T20:16:41","date_gmt":"2025-11-10T20:16:41","guid":{"rendered":"https:\/\/gambling6.com\/loteria\/"},"modified":"2025-11-12T18:36:22","modified_gmt":"2025-11-12T18:36:22","slug":"loteria","status":"publish","type":"page","link":"https:\/\/gambling6.com\/es\/loteria\/","title":{"rendered":"Loter\u00eda"},"content":{"rendered":"<h2>La loter\u00eda se vuelve internacional y en l\u00ednea.<\/h2>\n<p>Si bien se considera una gran forma de entretenimiento, comprar boletos de loter\u00eda internacionales tambi\u00e9n se ha convertido en un gran negocio. El juego, en general, ha crecido enormemente, en parte por la excelente exposici\u00f3n que el p\u00f3ker ha recibido en los medios, y tambi\u00e9n gracias al \u00e9xito adicional atribuido a Internet. <strong>Jugar en loter\u00edas internacionales y comprar boletos en l\u00ednea ha acelerado el crecimiento de los botes,<\/strong> y muchas personas ahora hacen de jugar en RedFoxLotto parte de su plan de ingresos.<\/p>\n<h2>Internet hace que comprar boletos de loter\u00eda sea f\u00e1cil.<\/h2>\n<p>Internet ha cambiado nuestras vidas de muchas maneras; definitivamente ha hecho del mundo un lugar mucho m\u00e1s peque\u00f1o. Existen cientos de loter\u00edas que se juegan a diario en muchos pa\u00edses alrededor del mundo. La mayor\u00eda de los sorteos nacionales, incluidos los de mayores premios, se han puesto a disposici\u00f3n de personas que compran boletos de loter\u00eda internacionalmente. <strong>Las grandes loter\u00edas mundiales, como Mega Millions en Estados Unidos y Powerball tanto de EE. UU. como de Australia, permiten la compra de boletos en l\u00ednea a trav\u00e9s de nuestro socio RedFoxLotto.<\/strong><img loading=\"lazy\" decoding=\"async\" class=\" alignright size-full wp-image-437\" style=\"margin: 10px; border: 5px none #ffffff; float: right;\" src=\"http:\/\/gambling6.com\/wp-content\/uploads\/2013\/12\/International-Community-150x150.jpg\" alt=\"Loter\u00edas internacionales en l\u00ednea\" width=\"150\" height=\"150\" \/><\/p>\n<h2>Compra boletos de loter\u00eda las 24 horas, los 7 d\u00edas de la semana<\/h2>\n<p>En el mundo tecnol\u00f3gico actual, podemos comprar boletos para muchas loter\u00edas internacionales las 24 horas del d\u00eda, los 365 d\u00edas del a\u00f1o. Con Internet, podemos adquirir estos boletos sin tener que correr a los puntos de venta o hacer fila. Podemos tomarnos el tiempo de elegir nuestros n\u00fameros y utilizar las diferentes herramientas disponibles para hacerlo. La facilidad de jugar en loter\u00edas internacionales ha elevado los botes y los premios multinivel a niveles r\u00e9cord. Estos niveles de premios han llevado a muchos a crear un negocio jugando en RedFoxLotto en l\u00ednea.<\/p>\n<h2>Comprar boletos de loter\u00eda en l\u00ednea es seguro.<\/h2>\n<p>Con nuestro socio RedFoxLotto, comprar boletos para loter\u00edas internacionales es seguro y sencillo. Primero, deber\u00e1s abrir una cuenta. Al crear tu cuenta, se te pedir\u00e1 que proporciones informaci\u00f3n personal. Aseg\u00farate de ingresar datos actuales y correctos para que puedas verificar tu identidad cuando ganes el gran bote. La informaci\u00f3n que ingresas y env\u00edas est\u00e1 protegida por cifrado de 256 bits, y el alojamiento seguro garantiza que se mantenga privada y se utilice solo para los fines descritos en el sitio web.<\/p>\n<h2>M\u00e9todos bancarios en l\u00ednea para cobrar en RedFoxLotto<\/h2>\n<p>Puedes usar tarjetas como Visa, MasterCard y Visa D\u00e9bito para comprar boletos. Tambi\u00e9n hay disponibles varios m\u00e9todos de pago, como transferencias bancarias y pagos con criptomonedas. Pero si obtienes un premio importante, deber\u00e1s proporcionar una cuenta bancaria para que tus ganancias puedan ser transferidas. El entorno seguro lo convierte en una opci\u00f3n perfecta para jugar en loter\u00edas internacionales y recibir tus premios.<\/p>\n<h2>Comprar boletos de loter\u00eda en l\u00ednea tiene ventajas.<\/h2>\n<p>Otra ventaja de comprar boletos de loter\u00eda en l\u00ednea es que existen muchas herramientas disponibles para ayudarte a analizar los n\u00fameros de los sorteos internacionales m\u00e1s grandes. Las herramientas de loter\u00eda en l\u00ednea te permiten ver los n\u00fameros m\u00e1s frecuentes, los menos frecuentes y el historial de sorteos de loter\u00edas en todo el mundo. Esta informaci\u00f3n te da una ventaja al comprar tus boletos y puede aumentar tu cuenta bancaria con premios multinivel.<\/p>\n<p>Jugar en RedFoxLotto puede ser divertido y rentable. Comienza a jugar loter\u00edas internacionales hoy mismo. <a class=\"thirstylink\" title=\"Redfoxlotto\" href=\"https:\/\/gambling6.com\/go\/redfoxlotto\/\" target=\"_blank\" rel=\"nofollow noopener\">Para comprar tus boletos de loter\u00eda internacionales en l\u00ednea, visita a nuestro socio RedFoxLotto.<\/a><\/p>\n<h2>\u00bfNecesitas ser residente para jugar una loter\u00eda internacional?<\/h2>\n<p>La respuesta simple es: \u00a1no, no lo necesitas! Si has le\u00eddo art\u00edculos en Internet o en tu peri\u00f3dico sobre personas que ganaron botes multimillonarios, quiz\u00e1s hayas pensado: \u201c\u00bfPor qu\u00e9 no puedo probar una de esas loter\u00edas?\u201d. Bueno, ahora ya no es un problema no ser residente del pa\u00eds donde se realiza el sorteo del bote.<\/p>\n<p>Puedes obtener un boleto para cualquier sorteo de loter\u00eda que desees ganar, ya que est\u00e1n disponibles en l\u00ednea para cualquier persona en el mundo. Este sitio web te ayuda a comprar un boleto de loter\u00eda en l\u00ednea para los botes internacionales m\u00e1s grandes disponibles. Y el procedimiento no podr\u00eda ser m\u00e1s sencillo. Haz clic en el enlace de arriba y elige una loter\u00eda. Ser\u00e1s llevado a una p\u00e1gina donde podr\u00e1s seleccionar tus n\u00fameros favoritos para esa loter\u00eda, o dejar que la computadora los elija al azar por ti.<\/p>\n<p>Luego pagas en l\u00ednea, mediante la opci\u00f3n de pago que te resulte m\u00e1s conveniente. Estos m\u00e9todos incluyen soluciones de monedero electr\u00f3nico populares y seguras como Skrill e incluso criptomonedas. Por supuesto, tambi\u00e9n puedes elegir la opci\u00f3n m\u00e1s popular: pagar con tarjeta de cr\u00e9dito.<\/p>\n<p><strong>\u00bfQu\u00e9 sucede despu\u00e9s? \u00bfC\u00f3mo obtengo mi boleto de loter\u00eda en l\u00ednea?<\/strong> Funciona como un servicio de mensajer\u00eda: tu boleto de loter\u00eda en l\u00ednea se comprar\u00e1 a tu nombre, luego se escanear\u00e1 y se cargar\u00e1 en tu cuenta.<\/p>\n<p>Todo lo que tienes que hacer es sentarte, esperar el sorteo, comprobar tus n\u00fameros y ver cu\u00e1nto has ganado. Si ganas una cantidad inferior a \u20ac2000, el dinero se acreditar\u00e1 en tu cuenta de cliente. Para montos mayores, las regulaciones de RedFoxLotto requieren que completes un formulario de solicitud, que el sitio web te proporcionar\u00e1. Ellos lo enviar\u00e1n a la comisi\u00f3n de loter\u00eda correspondiente en tu nombre y, antes de que te des cuenta, \u00a1habr\u00e1 un cheque en el correo para ti! <a class=\"thirstylink\" title=\"Redfoxlotto\" href=\"https:\/\/gambling6.com\/go\/redfoxlotto\/\" target=\"_blank\" rel=\"nofollow noopener\">\u00a1Compra boletos de loter\u00eda hoy en RedFoxLotto!<\/a><\/p>\n<p>&nbsp;<\/p>\n","protected":false},"excerpt":{"rendered":"<p>La loter\u00eda se vuelve internacional y en l\u00ednea. Si bien se considera una gran forma de entretenimiento, comprar boletos de loter\u00eda internacionales tambi\u00e9n se ha convertido en un gran negocio. El juego, en general, ha crecido enormemente, en parte por la excelente exposici\u00f3n que el p\u00f3ker ha recibido en los medios, y tambi\u00e9n gracias al [&hellip;]<\/p>\n","protected":false},"author":1,"featured_media":441,"parent":0,"menu_order":8,"comment_status":"closed","ping_status":"closed","template":"","meta":{"footnotes":""},"class_list":["post-9324","page","type-page","status-publish","has-post-thumbnail","hentry"],"yoast_head":"<!-- This site is optimized with the Yoast SEO plugin v27.4 - https:\/\/yoast.com\/product\/yoast-seo-wordpress\/ -->\n<title>Comprar billetes de loter\u00eda internacional en l\u00ednea<\/title>\n<meta name=\"description\" content=\"Comprar boletos para loter\u00edas internacionales en l\u00ednea es f\u00e1cil. No importa d\u00f3nde vivas, participa en cualquiera de las mejores loter\u00edas del mundo.\" \/>\n<meta name=\"robots\" content=\"index, follow, max-snippet:-1, max-image-preview:large, max-video-preview:-1\" \/>\n<link rel=\"canonical\" href=\"https:\/\/gambling6.com\/es\/loteria\/\" \/>\n<meta property=\"og:locale\" content=\"es_ES\" \/>\n<meta property=\"og:type\" content=\"article\" \/>\n<meta property=\"og:title\" content=\"Comprar billetes de loter\u00eda internacional en l\u00ednea\" \/>\n<meta property=\"og:description\" content=\"Comprar boletos para loter\u00edas internacionales en l\u00ednea es f\u00e1cil. No importa d\u00f3nde vivas, participa en cualquiera de las mejores loter\u00edas del mundo.\" \/>\n<meta property=\"og:url\" content=\"https:\/\/gambling6.com\/es\/loteria\/\" \/>\n<meta property=\"og:site_name\" content=\"Gambling6\" \/>\n<meta property=\"article:modified_time\" content=\"2025-11-12T18:36:22+00:00\" \/>\n<meta property=\"og:image\" content=\"https:\/\/gambling6.com\/wp-content\/uploads\/2013\/12\/International-Community-150x150.jpg\" \/>\n\t<meta property=\"og:image:width\" content=\"150\" \/>\n\t<meta property=\"og:image:height\" content=\"150\" \/>\n\t<meta property=\"og:image:type\" content=\"image\/jpeg\" \/>\n<meta name=\"twitter:card\" content=\"summary_large_image\" \/>\n<meta name=\"twitter:label1\" content=\"Tiempo de lectura\" \/>\n\t<meta name=\"twitter:data1\" content=\"5 minutos\" \/>\n<script type=\"application\/ld+json\" class=\"yoast-schema-graph\">{\"@context\":\"https:\\\/\\\/schema.org\",\"@graph\":[{\"@type\":\"WebPage\",\"@id\":\"https:\\\/\\\/gambling6.com\\\/es\\\/loteria\\\/\",\"url\":\"https:\\\/\\\/gambling6.com\\\/es\\\/loteria\\\/\",\"name\":\"Comprar billetes de loter\u00eda internacional en l\u00ednea\",\"isPartOf\":{\"@id\":\"https:\\\/\\\/gambling6.com\\\/es\\\/#website\"},\"primaryImageOfPage\":{\"@id\":\"https:\\\/\\\/gambling6.com\\\/es\\\/loteria\\\/#primaryimage\"},\"image\":{\"@id\":\"https:\\\/\\\/gambling6.com\\\/es\\\/loteria\\\/#primaryimage\"},\"thumbnailUrl\":\"https:\\\/\\\/gambling6.com\\\/wp-content\\\/uploads\\\/2013\\\/12\\\/International-Community-150x150.jpg\",\"datePublished\":\"2025-11-10T20:16:41+00:00\",\"dateModified\":\"2025-11-12T18:36:22+00:00\",\"description\":\"Comprar boletos para loter\u00edas internacionales en l\u00ednea es f\u00e1cil. No importa d\u00f3nde vivas, participa en cualquiera de las mejores loter\u00edas del mundo.\",\"breadcrumb\":{\"@id\":\"https:\\\/\\\/gambling6.com\\\/es\\\/loteria\\\/#breadcrumb\"},\"inLanguage\":\"es\",\"potentialAction\":[{\"@type\":\"ReadAction\",\"target\":[\"https:\\\/\\\/gambling6.com\\\/es\\\/loteria\\\/\"]}]},{\"@type\":\"ImageObject\",\"inLanguage\":\"es\",\"@id\":\"https:\\\/\\\/gambling6.com\\\/es\\\/loteria\\\/#primaryimage\",\"url\":\"https:\\\/\\\/gambling6.com\\\/wp-content\\\/uploads\\\/2013\\\/12\\\/International-Community-150x150.jpg\",\"contentUrl\":\"https:\\\/\\\/gambling6.com\\\/wp-content\\\/uploads\\\/2013\\\/12\\\/International-Community-150x150.jpg\",\"width\":150,\"height\":150},{\"@type\":\"BreadcrumbList\",\"@id\":\"https:\\\/\\\/gambling6.com\\\/es\\\/loteria\\\/#breadcrumb\",\"itemListElement\":[{\"@type\":\"ListItem\",\"position\":1,\"name\":\"Home\",\"item\":\"https:\\\/\\\/gambling6.com\\\/es\\\/home\\\/\"},{\"@type\":\"ListItem\",\"position\":2,\"name\":\"Loter\u00eda\"}]},{\"@type\":\"WebSite\",\"@id\":\"https:\\\/\\\/gambling6.com\\\/es\\\/#website\",\"url\":\"https:\\\/\\\/gambling6.com\\\/es\\\/\",\"name\":\"Gambling6\",\"description\":\"\",\"potentialAction\":[{\"@type\":\"SearchAction\",\"target\":{\"@type\":\"EntryPoint\",\"urlTemplate\":\"https:\\\/\\\/gambling6.com\\\/es\\\/?s={search_term_string}\"},\"query-input\":{\"@type\":\"PropertyValueSpecification\",\"valueRequired\":true,\"valueName\":\"search_term_string\"}}],\"inLanguage\":\"es\"}]}<\/script>\n<!-- \/ Yoast SEO plugin. -->","yoast_head_json":{"title":"Comprar billetes de loter\u00eda internacional en l\u00ednea","description":"Comprar boletos para loter\u00edas internacionales en l\u00ednea es f\u00e1cil. No importa d\u00f3nde vivas, participa en cualquiera de las mejores loter\u00edas del mundo.","robots":{"index":"index","follow":"follow","max-snippet":"max-snippet:-1","max-image-preview":"max-image-preview:large","max-video-preview":"max-video-preview:-1"},"canonical":"https:\/\/gambling6.com\/es\/loteria\/","og_locale":"es_ES","og_type":"article","og_title":"Comprar billetes de loter\u00eda internacional en l\u00ednea","og_description":"Comprar boletos para loter\u00edas internacionales en l\u00ednea es f\u00e1cil. No importa d\u00f3nde vivas, participa en cualquiera de las mejores loter\u00edas del mundo.","og_url":"https:\/\/gambling6.com\/es\/loteria\/","og_site_name":"Gambling6","article_modified_time":"2025-11-12T18:36:22+00:00","og_image":[{"width":150,"height":150,"url":"https:\/\/gambling6.com\/wp-content\/uploads\/2013\/12\/International-Community-150x150.jpg","type":"image\/jpeg"}],"twitter_card":"summary_large_image","twitter_misc":{"Tiempo de lectura":"5 minutos"},"schema":{"@context":"https:\/\/schema.org","@graph":[{"@type":"WebPage","@id":"https:\/\/gambling6.com\/es\/loteria\/","url":"https:\/\/gambling6.com\/es\/loteria\/","name":"Comprar billetes de loter\u00eda internacional en l\u00ednea","isPartOf":{"@id":"https:\/\/gambling6.com\/es\/#website"},"primaryImageOfPage":{"@id":"https:\/\/gambling6.com\/es\/loteria\/#primaryimage"},"image":{"@id":"https:\/\/gambling6.com\/es\/loteria\/#primaryimage"},"thumbnailUrl":"https:\/\/gambling6.com\/wp-content\/uploads\/2013\/12\/International-Community-150x150.jpg","datePublished":"2025-11-10T20:16:41+00:00","dateModified":"2025-11-12T18:36:22+00:00","description":"Comprar boletos para loter\u00edas internacionales en l\u00ednea es f\u00e1cil. No importa d\u00f3nde vivas, participa en cualquiera de las mejores loter\u00edas del mundo.","breadcrumb":{"@id":"https:\/\/gambling6.com\/es\/loteria\/#breadcrumb"},"inLanguage":"es","potentialAction":[{"@type":"ReadAction","target":["https:\/\/gambling6.com\/es\/loteria\/"]}]},{"@type":"ImageObject","inLanguage":"es","@id":"https:\/\/gambling6.com\/es\/loteria\/#primaryimage","url":"https:\/\/gambling6.com\/wp-content\/uploads\/2013\/12\/International-Community-150x150.jpg","contentUrl":"https:\/\/gambling6.com\/wp-content\/uploads\/2013\/12\/International-Community-150x150.jpg","width":150,"height":150},{"@type":"BreadcrumbList","@id":"https:\/\/gambling6.com\/es\/loteria\/#breadcrumb","itemListElement":[{"@type":"ListItem","position":1,"name":"Home","item":"https:\/\/gambling6.com\/es\/home\/"},{"@type":"ListItem","position":2,"name":"Loter\u00eda"}]},{"@type":"WebSite","@id":"https:\/\/gambling6.com\/es\/#website","url":"https:\/\/gambling6.com\/es\/","name":"Gambling6","description":"","potentialAction":[{"@type":"SearchAction","target":{"@type":"EntryPoint","urlTemplate":"https:\/\/gambling6.com\/es\/?s={search_term_string}"},"query-input":{"@type":"PropertyValueSpecification","valueRequired":true,"valueName":"search_term_string"}}],"inLanguage":"es"}]}},"_links":{"self":[{"href":"https:\/\/gambling6.com\/es\/wp-json\/wp\/v2\/pages\/9324","targetHints":{"allow":["GET"]}}],"collection":[{"href":"https:\/\/gambling6.com\/es\/wp-json\/wp\/v2\/pages"}],"about":[{"href":"https:\/\/gambling6.com\/es\/wp-json\/wp\/v2\/types\/page"}],"author":[{"embeddable":true,"href":"https:\/\/gambling6.com\/es\/wp-json\/wp\/v2\/users\/1"}],"replies":[{"embeddable":true,"href":"https:\/\/gambling6.com\/es\/wp-json\/wp\/v2\/comments?post=9324"}],"version-history":[{"count":1,"href":"https:\/\/gambling6.com\/es\/wp-json\/wp\/v2\/pages\/9324\/revisions"}],"predecessor-version":[{"id":10750,"href":"https:\/\/gambling6.com\/es\/wp-json\/wp\/v2\/pages\/9324\/revisions\/10750"}],"wp:featuredmedia":[{"embeddable":true,"href":"https:\/\/gambling6.com\/es\/wp-json\/wp\/v2\/media\/441"}],"wp:attachment":[{"href":"https:\/\/gambling6.com\/es\/wp-json\/wp\/v2\/media?parent=9324"}],"curies":[{"name":"wp","href":"https:\/\/api.w.org\/{rel}","templated":true}]}}