{"id":9370,"date":"2025-11-10T21:03:34","date_gmt":"2025-11-10T21:03:34","guid":{"rendered":"https:\/\/gambling6.com\/loteria\/consigue-tus-boletos-en-linea-para-la-loteria-mega-millions\/"},"modified":"2025-11-10T21:03:34","modified_gmt":"2025-11-10T21:03:34","slug":"consigue-tus-boletos-en-linea-para-la-loteria-mega-millions","status":"publish","type":"page","link":"https:\/\/gambling6.com\/es\/loteria\/consigue-tus-boletos-en-linea-para-la-loteria-mega-millions\/","title":{"rendered":"Consigue tus boletos en l\u00ednea para la loter\u00eda Mega Millions"},"content":{"rendered":"<h2>\u00a1Boletos de la loter\u00eda Mega Millions disponibles desde cualquier parte del mundo!<\/h2>\n<p>Un n\u00famero incre\u00edble de personas compra boletos de loter\u00eda a diario, tanto en Norteam\u00e9rica como en el resto del mundo. La mayor\u00eda de los participantes saben que sus probabilidades de ganar el premio mayor son muy bajas. <strong>Sin embargo, gracias a la posibilidad de comprar boletos en l\u00ednea para la loter\u00eda Mega Millions, muchas personas se conectan a sus computadoras a diario, inician sesi\u00f3n en nuestro sitio web asociado RedFoxLotto.com y compran boletos para la gigantesca loter\u00eda estadounidense Mega Millions.<img loading=\"lazy\" decoding=\"async\" class=\" alignright wp-image-544\" style=\"margin: 10px; border: 5px solid #ffffff; float: right;\" src=\"http:\/\/gambling6.com\/wp-content\/uploads\/2013\/12\/get-mega-millions-tickets-online.png\" alt=\"Tus boletos de Mega Millions en l\u00ednea\" width=\"297\" height=\"163\" srcset=\"https:\/\/gambling6.com\/wp-content\/uploads\/2013\/12\/get-mega-millions-tickets-online.png 388w, https:\/\/gambling6.com\/wp-content\/uploads\/2013\/12\/get-mega-millions-tickets-online-300x165.png 300w\" sizes=\"auto, (max-width: 297px) 100vw, 297px\" \/><\/strong><\/p>\n<h2>Para ganar, necesitas comprar tus boletos en l\u00ednea.<\/h2>\n<p>Mucha gente prefiere tener una peque\u00f1a posibilidad de ganar que ninguna. Como dice el dicho: \u00abQuien no arriesga, no gana\u00bb. Esta frase resuena en la mente de muchos, y, con la cantidad de im\u00e1genes de loter\u00eda que reciben a diario, es muy probable que compren sus boletos en l\u00ednea. Internet ha permitido que personas de todo el mundo compren boletos para cada sorteo de loter\u00eda. Siendo Mega Millions uno de los sorteos m\u00e1s importantes a nivel mundial, es l\u00f3gico que la gente compre boletos en l\u00ednea.<\/p>\n<p>Para conseguir tu boleto, <a class=\"thirstylink\" title=\"Redfoxlotto\" href=\"https:\/\/gambling6.com\/go\/redfoxlotto\/\" target=\"_blank\" rel=\"nofollow noopener\">haz clic aqu\u00ed para visitar RedFoxLotto.com<\/a>, un excelente servicio de mensajer\u00eda para comprar boletos de loter\u00eda, donde puedes adquirir boletos para los premios mayores m\u00e1s importantes del mundo.<\/p>\n<h2>Posibilidades que cambiar\u00e1n tu vida aguardan a los compradores en l\u00ednea.<\/h2>\n<p>Es importante destacar que la gente compra boletos en l\u00ednea para la loter\u00eda Mega Millions con la esperanza de cambiar su vida. Cuando se enteran de que una pareja de Tunkhannock, Pensilvania, ha ganado el premio mayor, se decepcionan y ni siquiera revisan sus boletos.<\/p>\n<h2>Los boletos de Mega Millions y Powerball en l\u00ednea son los m\u00e1s populares.<\/h2>\n<p>Las dos loter\u00edas estadounidenses, Mega Millions y Powerball, son, sin duda, las que generan los premios mayores m\u00e1s grandes del mundo. No sorprende, entonces, que la venta de boletos en l\u00ednea para estos dos gigantes alcance niveles r\u00e9cord cada semana. Comprar boletos en l\u00ednea para Mega Millions ha llevado regularmente a que los premios mayores alcancen niveles extraordinarios.<\/p>\n<h2>Los incre\u00edbles premios mayores de Mega Millions en 2013 estuvieron cerca de batir r\u00e9cords<\/h2>\n<table style=\"width: 500px;\" border=\"1\" cellspacing=\"5\" cellpadding=\"5\" align=\"center\">\n<tbody>\n<tr>\n<td colspan=\"3\" align=\"center\">Los cinco mayores premios de 2013<\/td>\n<\/tr>\n<tr>\n<td>Sorteo<\/td>\n<td align=\"center\">Fecha<\/td>\n<td align=\"center\">Premio (USD)<\/td>\n<\/tr>\n<tr>\n<td>Mega Millions &#8211; EE. UU.<\/td>\n<td align=\"center\">17 de diciembre de 2013<\/td>\n<td align=\"right\">$636.000.000<\/td>\n<\/tr>\n<tr>\n<td>Mega Millions &#8211; EE. UU.<\/td>\n<td align=\"center\">17 de mayo de 2013<\/td>\n<td align=\"right\">$190,000,000<\/td>\n<\/tr>\n<tr>\n<td>Mega Millions &#8211; EE. UU.<\/td>\n<td align=\"center\">1 de octubre de 2013<\/td>\n<td align=\"right\">$189,000,000<\/td>\n<\/tr>\n<tr>\n<td>Mega Millions &#8211; EE. UU.<\/td>\n<td align=\"center\">25 de enero de 2013<\/td>\n<td align=\"right\">$89,000,000<\/td>\n<\/tr>\n<tr>\n<td>Mega Millions &#8211; EE. UU.<\/td>\n<td align=\"center\">5 de julio de 2013<\/td>\n<td align=\"right\">$79,000,000<\/td>\n<\/tr>\n<\/tbody>\n<\/table>\n<h2>\u00a0Muchos Premios para los poseedores de boletos en l\u00ednea de Mega Millions<\/h2>\n<table style=\"width: 500px;\" border=\"1\" cellspacing=\"5\" cellpadding=\"5\" align=\"center\">\n<tbody>\n<tr>\n<td colspan=\"3\" align=\"center\">Niveles de premios de la loter\u00eda Mega Millions<\/td>\n<\/tr>\n<tr>\n<td>Premio<\/td>\n<td align=\"center\">Aciertos<\/td>\n<td align=\"center\">Probabilidades<\/td>\n<\/tr>\n<tr>\n<td>1.er premio (Bote)<\/td>\n<td align=\"center\">5 + 1<\/td>\n<td align=\"right\">175.711.538 : 1<\/td>\n<\/tr>\n<tr>\n<td>2.\u00ba premio<\/td>\n<td align=\"center\">5<\/td>\n<td align=\"right\">3.904.701 : 1<\/td>\n<\/tr>\n<tr>\n<td>3.\u00ba<\/td>\n<td align=\"center\">4 + 1<\/td>\n<td align=\"right\">689.065 : 1<\/td>\n<\/tr>\n<tr>\n<td>4.\u00ba<\/td>\n<td align=\"center\">4<\/td>\n<td align=\"right\">15.313 : 1<\/td>\n<\/tr>\n<tr>\n<td>5.\u00ba<\/td>\n<td align=\"center\">3 + 1<\/td>\n<td align=\"right\">13.781 : 1<\/td>\n<\/tr>\n<tr>\n<td>6.\u00ba<\/td>\n<td align=\"center\">2 + 1<\/td>\n<td align=\"right\">844 : 1<\/td>\n<\/tr>\n<tr>\n<td>7.\u00ba<\/td>\n<td align=\"center\">3<\/td>\n<td align=\"right\">360 : 1<\/td>\n<\/tr>\n<tr>\n<td>8.\u00ba<\/td>\n<td align=\"center\">1 + 1<\/td>\n<td align=\"right\">141 : 1<\/td>\n<\/tr>\n<tr>\n<td>9.\u00ba<\/td>\n<td align=\"center\">0 + 1<\/td>\n<td align=\"right\">75 : 1<\/td>\n<\/tr>\n<\/tbody>\n<\/table>\n<p style=\"text-align: center;\"><strong>\u00a1Juega hoy mismo a Mega Millions con tus boletos en l\u00ednea y tus sue\u00f1os podr\u00edan hacerse realidad!<\/strong><\/p>\n","protected":false},"excerpt":{"rendered":"<p>\u00a1Boletos de la loter\u00eda Mega Millions disponibles desde cualquier parte del mundo! Un n\u00famero incre\u00edble de personas compra boletos de loter\u00eda a diario, tanto en Norteam\u00e9rica como en el resto del mundo. La mayor\u00eda de los participantes saben que sus probabilidades de ganar el premio mayor son muy bajas. Sin embargo, gracias a la posibilidad [&hellip;]<\/p>\n","protected":false},"author":1,"featured_media":548,"parent":9324,"menu_order":13,"comment_status":"closed","ping_status":"closed","template":"","meta":{"footnotes":""},"class_list":["post-9370","page","type-page","status-publish","has-post-thumbnail","hentry"],"yoast_head":"<!-- This site is optimized with the Yoast SEO plugin v27.3 - https:\/\/yoast.com\/product\/yoast-seo-wordpress\/ -->\n<title>Compra boletos de la loter\u00eda Mega Millions en l\u00ednea<\/title>\n<meta name=\"description\" content=\"\u00a1Gana a lo grande comprando tus boletos en l\u00ednea para la loter\u00eda Mega Millions!\" \/>\n<meta name=\"robots\" content=\"index, follow, max-snippet:-1, max-image-preview:large, max-video-preview:-1\" \/>\n<link rel=\"canonical\" href=\"https:\/\/gambling6.com\/es\/loteria\/consigue-tus-boletos-en-linea-para-la-loteria-mega-millions\/\" \/>\n<meta property=\"og:locale\" content=\"es_ES\" \/>\n<meta property=\"og:type\" content=\"article\" \/>\n<meta property=\"og:title\" content=\"Compra boletos de la loter\u00eda Mega Millions en l\u00ednea\" \/>\n<meta property=\"og:description\" content=\"\u00a1Gana a lo grande comprando tus boletos en l\u00ednea para la loter\u00eda Mega Millions!\" \/>\n<meta property=\"og:url\" content=\"https:\/\/gambling6.com\/es\/loteria\/consigue-tus-boletos-en-linea-para-la-loteria-mega-millions\/\" \/>\n<meta property=\"og:site_name\" content=\"Gambling6\" \/>\n<meta property=\"og:image\" content=\"https:\/\/gambling6.com\/wp-content\/uploads\/2013\/12\/get-mega-millions-tickets-online.png\" \/>\n\t<meta property=\"og:image:width\" content=\"388\" \/>\n\t<meta property=\"og:image:height\" content=\"213\" \/>\n\t<meta property=\"og:image:type\" content=\"image\/png\" \/>\n<meta name=\"twitter:card\" content=\"summary_large_image\" \/>\n<meta name=\"twitter:label1\" content=\"Tiempo de lectura\" \/>\n\t<meta name=\"twitter:data1\" content=\"2 minutos\" \/>\n<script type=\"application\/ld+json\" class=\"yoast-schema-graph\">{\"@context\":\"https:\\\/\\\/schema.org\",\"@graph\":[{\"@type\":\"WebPage\",\"@id\":\"https:\\\/\\\/gambling6.com\\\/es\\\/loteria\\\/consigue-tus-boletos-en-linea-para-la-loteria-mega-millions\\\/\",\"url\":\"https:\\\/\\\/gambling6.com\\\/es\\\/loteria\\\/consigue-tus-boletos-en-linea-para-la-loteria-mega-millions\\\/\",\"name\":\"Compra boletos de la loter\u00eda Mega Millions en l\u00ednea\",\"isPartOf\":{\"@id\":\"https:\\\/\\\/gambling6.com\\\/es\\\/#website\"},\"primaryImageOfPage\":{\"@id\":\"https:\\\/\\\/gambling6.com\\\/es\\\/loteria\\\/consigue-tus-boletos-en-linea-para-la-loteria-mega-millions\\\/#primaryimage\"},\"image\":{\"@id\":\"https:\\\/\\\/gambling6.com\\\/es\\\/loteria\\\/consigue-tus-boletos-en-linea-para-la-loteria-mega-millions\\\/#primaryimage\"},\"thumbnailUrl\":\"https:\\\/\\\/gambling6.com\\\/wp-content\\\/uploads\\\/2013\\\/12\\\/get-mega-millions-tickets-online.png\",\"datePublished\":\"2025-11-10T21:03:34+00:00\",\"description\":\"\u00a1Gana a lo grande comprando tus boletos en l\u00ednea para la loter\u00eda Mega Millions!\",\"breadcrumb\":{\"@id\":\"https:\\\/\\\/gambling6.com\\\/es\\\/loteria\\\/consigue-tus-boletos-en-linea-para-la-loteria-mega-millions\\\/#breadcrumb\"},\"inLanguage\":\"es\",\"potentialAction\":[{\"@type\":\"ReadAction\",\"target\":[\"https:\\\/\\\/gambling6.com\\\/es\\\/loteria\\\/consigue-tus-boletos-en-linea-para-la-loteria-mega-millions\\\/\"]}]},{\"@type\":\"ImageObject\",\"inLanguage\":\"es\",\"@id\":\"https:\\\/\\\/gambling6.com\\\/es\\\/loteria\\\/consigue-tus-boletos-en-linea-para-la-loteria-mega-millions\\\/#primaryimage\",\"url\":\"https:\\\/\\\/gambling6.com\\\/wp-content\\\/uploads\\\/2013\\\/12\\\/get-mega-millions-tickets-online.png\",\"contentUrl\":\"https:\\\/\\\/gambling6.com\\\/wp-content\\\/uploads\\\/2013\\\/12\\\/get-mega-millions-tickets-online.png\",\"width\":388,\"height\":213},{\"@type\":\"BreadcrumbList\",\"@id\":\"https:\\\/\\\/gambling6.com\\\/es\\\/loteria\\\/consigue-tus-boletos-en-linea-para-la-loteria-mega-millions\\\/#breadcrumb\",\"itemListElement\":[{\"@type\":\"ListItem\",\"position\":1,\"name\":\"Home\",\"item\":\"https:\\\/\\\/gambling6.com\\\/es\\\/home\\\/\"},{\"@type\":\"ListItem\",\"position\":2,\"name\":\"Loter\u00eda\",\"item\":\"https:\\\/\\\/gambling6.com\\\/es\\\/loteria\\\/\"},{\"@type\":\"ListItem\",\"position\":3,\"name\":\"Consigue tus boletos en l\u00ednea para la loter\u00eda Mega Millions\"}]},{\"@type\":\"WebSite\",\"@id\":\"https:\\\/\\\/gambling6.com\\\/es\\\/#website\",\"url\":\"https:\\\/\\\/gambling6.com\\\/es\\\/\",\"name\":\"Gambling6\",\"description\":\"\",\"potentialAction\":[{\"@type\":\"SearchAction\",\"target\":{\"@type\":\"EntryPoint\",\"urlTemplate\":\"https:\\\/\\\/gambling6.com\\\/es\\\/?s={search_term_string}\"},\"query-input\":{\"@type\":\"PropertyValueSpecification\",\"valueRequired\":true,\"valueName\":\"search_term_string\"}}],\"inLanguage\":\"es\"}]}<\/script>\n<!-- \/ Yoast SEO plugin. -->","yoast_head_json":{"title":"Compra boletos de la loter\u00eda Mega Millions en l\u00ednea","description":"\u00a1Gana a lo grande comprando tus boletos en l\u00ednea para la loter\u00eda Mega Millions!","robots":{"index":"index","follow":"follow","max-snippet":"max-snippet:-1","max-image-preview":"max-image-preview:large","max-video-preview":"max-video-preview:-1"},"canonical":"https:\/\/gambling6.com\/es\/loteria\/consigue-tus-boletos-en-linea-para-la-loteria-mega-millions\/","og_locale":"es_ES","og_type":"article","og_title":"Compra boletos de la loter\u00eda Mega Millions en l\u00ednea","og_description":"\u00a1Gana a lo grande comprando tus boletos en l\u00ednea para la loter\u00eda Mega Millions!","og_url":"https:\/\/gambling6.com\/es\/loteria\/consigue-tus-boletos-en-linea-para-la-loteria-mega-millions\/","og_site_name":"Gambling6","og_image":[{"width":388,"height":213,"url":"https:\/\/gambling6.com\/wp-content\/uploads\/2013\/12\/get-mega-millions-tickets-online.png","type":"image\/png"}],"twitter_card":"summary_large_image","twitter_misc":{"Tiempo de lectura":"2 minutos"},"schema":{"@context":"https:\/\/schema.org","@graph":[{"@type":"WebPage","@id":"https:\/\/gambling6.com\/es\/loteria\/consigue-tus-boletos-en-linea-para-la-loteria-mega-millions\/","url":"https:\/\/gambling6.com\/es\/loteria\/consigue-tus-boletos-en-linea-para-la-loteria-mega-millions\/","name":"Compra boletos de la loter\u00eda Mega Millions en l\u00ednea","isPartOf":{"@id":"https:\/\/gambling6.com\/es\/#website"},"primaryImageOfPage":{"@id":"https:\/\/gambling6.com\/es\/loteria\/consigue-tus-boletos-en-linea-para-la-loteria-mega-millions\/#primaryimage"},"image":{"@id":"https:\/\/gambling6.com\/es\/loteria\/consigue-tus-boletos-en-linea-para-la-loteria-mega-millions\/#primaryimage"},"thumbnailUrl":"https:\/\/gambling6.com\/wp-content\/uploads\/2013\/12\/get-mega-millions-tickets-online.png","datePublished":"2025-11-10T21:03:34+00:00","description":"\u00a1Gana a lo grande comprando tus boletos en l\u00ednea para la loter\u00eda Mega Millions!","breadcrumb":{"@id":"https:\/\/gambling6.com\/es\/loteria\/consigue-tus-boletos-en-linea-para-la-loteria-mega-millions\/#breadcrumb"},"inLanguage":"es","potentialAction":[{"@type":"ReadAction","target":["https:\/\/gambling6.com\/es\/loteria\/consigue-tus-boletos-en-linea-para-la-loteria-mega-millions\/"]}]},{"@type":"ImageObject","inLanguage":"es","@id":"https:\/\/gambling6.com\/es\/loteria\/consigue-tus-boletos-en-linea-para-la-loteria-mega-millions\/#primaryimage","url":"https:\/\/gambling6.com\/wp-content\/uploads\/2013\/12\/get-mega-millions-tickets-online.png","contentUrl":"https:\/\/gambling6.com\/wp-content\/uploads\/2013\/12\/get-mega-millions-tickets-online.png","width":388,"height":213},{"@type":"BreadcrumbList","@id":"https:\/\/gambling6.com\/es\/loteria\/consigue-tus-boletos-en-linea-para-la-loteria-mega-millions\/#breadcrumb","itemListElement":[{"@type":"ListItem","position":1,"name":"Home","item":"https:\/\/gambling6.com\/es\/home\/"},{"@type":"ListItem","position":2,"name":"Loter\u00eda","item":"https:\/\/gambling6.com\/es\/loteria\/"},{"@type":"ListItem","position":3,"name":"Consigue tus boletos en l\u00ednea para la loter\u00eda Mega Millions"}]},{"@type":"WebSite","@id":"https:\/\/gambling6.com\/es\/#website","url":"https:\/\/gambling6.com\/es\/","name":"Gambling6","description":"","potentialAction":[{"@type":"SearchAction","target":{"@type":"EntryPoint","urlTemplate":"https:\/\/gambling6.com\/es\/?s={search_term_string}"},"query-input":{"@type":"PropertyValueSpecification","valueRequired":true,"valueName":"search_term_string"}}],"inLanguage":"es"}]}},"_links":{"self":[{"href":"https:\/\/gambling6.com\/es\/wp-json\/wp\/v2\/pages\/9370","targetHints":{"allow":["GET"]}}],"collection":[{"href":"https:\/\/gambling6.com\/es\/wp-json\/wp\/v2\/pages"}],"about":[{"href":"https:\/\/gambling6.com\/es\/wp-json\/wp\/v2\/types\/page"}],"author":[{"embeddable":true,"href":"https:\/\/gambling6.com\/es\/wp-json\/wp\/v2\/users\/1"}],"replies":[{"embeddable":true,"href":"https:\/\/gambling6.com\/es\/wp-json\/wp\/v2\/comments?post=9370"}],"version-history":[{"count":0,"href":"https:\/\/gambling6.com\/es\/wp-json\/wp\/v2\/pages\/9370\/revisions"}],"up":[{"embeddable":true,"href":"https:\/\/gambling6.com\/es\/wp-json\/wp\/v2\/pages\/9324"}],"wp:featuredmedia":[{"embeddable":true,"href":"https:\/\/gambling6.com\/es\/wp-json\/wp\/v2\/media\/548"}],"wp:attachment":[{"href":"https:\/\/gambling6.com\/es\/wp-json\/wp\/v2\/media?parent=9370"}],"curies":[{"name":"wp","href":"https:\/\/api.w.org\/{rel}","templated":true}]}}