{"id":9413,"date":"2025-11-11T02:07:21","date_gmt":"2025-11-11T02:07:21","guid":{"rendered":"https:\/\/gambling6.com\/loteria\/como-puedo-comprar-boletos-en-linea-para-la-loteria-euromillones-desde-fuera-de-europa\/"},"modified":"2025-11-12T18:46:54","modified_gmt":"2025-11-12T18:46:54","slug":"como-puedo-comprar-boletos-en-linea-para-la-loteria-euromillones-desde-fuera-de-europa","status":"publish","type":"page","link":"https:\/\/gambling6.com\/es\/loteria\/como-puedo-comprar-boletos-en-linea-para-la-loteria-euromillones-desde-fuera-de-europa\/","title":{"rendered":"\u00bfC\u00f3mo puedo comprar boletos en l\u00ednea para la loter\u00eda Euromillones desde fuera de Europa?"},"content":{"rendered":"<h2>EuroMillones<\/h2>\n<p>Con 185 millones de euros en juego y la posibilidad habitual de ganar m\u00e1s de 100 millones de euros, la gente se apresura a comprar boletos en l\u00ednea para la loter\u00eda EuroMillones. EuroMillones se juega en 9 pa\u00edses de Europa y el a\u00f1o pasado reparti\u00f3 m\u00e1s de 2.500 millones de d\u00f3lares en premios. \u00bfQui\u00e9n no querr\u00eda tener la oportunidad de ganar este bote? Solo tienes que visitar a nuestro socio RedFoxLotto y comprar tus boletos en l\u00ednea. Jugar con RedFoxLotto nunca ha sido tan f\u00e1cil.<\/p>\n<p>Puedes comprar boletos en l\u00ednea para la loter\u00eda EuroMillones dos veces por semana y, al hacerlo, tienes la oportunidad de ganar hasta 13 categor\u00edas de premios diferentes. Para comprar boletos en l\u00ednea, selecciona 5 n\u00fameros principales del 1 al 50. Adem\u00e1s, hay dos n\u00fameros estrella, ambos entre el 1 y el 11, que se extraen de una m\u00e1quina aparte. Para ganar el primer premio mayor, debes acertar los siete n\u00fameros.<\/p>\n<h2>\u00bfPor qu\u00e9 jugar a la loter\u00eda Euromillones en l\u00ednea?<\/h2>\n<p><img loading=\"lazy\" decoding=\"async\" class=\" wp-image-1437 alignright\" src=\"https:\/\/gambling6.com\/wp-content\/uploads\/2022\/04\/2_ticket_euromillions-112x300.jpg\" alt=\"boleto de Euromillones\" width=\"99\" height=\"265\" srcset=\"https:\/\/gambling6.com\/wp-content\/uploads\/2022\/04\/2_ticket_euromillions-112x300.jpg 112w, https:\/\/gambling6.com\/wp-content\/uploads\/2022\/04\/2_ticket_euromillions.jpg 200w\" sizes=\"auto, (max-width: 99px) 100vw, 99px\" \/>La fiebre por la loter\u00eda en Europa puede alcanzar niveles epid\u00e9micos, y de hecho los ha alcanzado. Por ello, cada semana la gente hace cola para jugar a la loter\u00eda m\u00e1s grande de Europa, que ofrece uno de los tres mayores premios del mundo. La loter\u00eda Euromillones comenz\u00f3 en 2004 y se juega en B\u00e9lgica, Francia, Irlanda, Austria, Luxemburgo, Espa\u00f1a, Portugal, Suiza y el Reino Unido. Una pareja escocesa gan\u00f3 el mayor premio acumulado de la historia en julio de 2011, llev\u00e1ndose 185 millones de euros.<\/p>\n<p>Adem\u00e1s de todos los jugadores europeos en los pa\u00edses mencionados, millones de personas compran boletos en l\u00ednea cada semana. Conseguir tus boletos en l\u00ednea para la loter\u00eda Euromillones es muy sencillo: visita a nuestro socio RedFoxLotto. Las probabilidades de ganar el primer premio mayor de la loter\u00eda Euromillones son de 1 entre 116.531.800. Sin embargo, para participar en uno de los otros 13 premios, tus probabilidades generales son de 1 entre 13.<\/p>\n<p>Una vez m\u00e1s, descubrir\u00e1s que la loter\u00eda Euromillones es una de las m\u00e1s emocionantes del mundo. T\u00f3mate un momento para <a href=\"https:\/\/gambling6.com\/go\/redfoxlotto-en\/\" target=\"_blank\" rel=\"noopener\">visitar RedFoxLotto hoy mismo siguiendo este enlace<\/a>, abrir una cuenta y empezar a jugar a esta gigantesca loter\u00eda europea. Estamos seguros de que te alegrar\u00e1s de haberlo hecho. Es f\u00e1cil conseguir boletos en l\u00ednea para EuroMillones y otras loter\u00edas populares de todo el mundo.<\/p>\n<table style=\"width: 500px;\" border=\"1\" cellspacing=\"5\" cellpadding=\"5\" align=\"center\">\n<tbody>\n<tr>\n<td colspan=\"3\" align=\"center\">Los cinco mayores premios de 2013<\/td>\n<\/tr>\n<tr>\n<td>Sorteo<\/td>\n<td align=\"center\">Fecha<\/td>\n<td align=\"center\">Premio (USD)<\/td>\n<\/tr>\n<tr>\n<td>Euro Millions &#8211; Europa<\/td>\n<td align=\"center\">25-jun-13<\/td>\n<td align=\"right\">$260.129.094<\/td>\n<\/tr>\n<tr>\n<td>Euro Millions &#8211; Europa<\/td>\n<td align=\"center\">15-nov-13<\/td>\n<td align=\"right\">$137.000.000<\/td>\n<\/tr>\n<tr>\n<td>Euro Millions &#8211; Europa<\/td>\n<td align=\"center\">28-may-13<\/td>\n<td align=\"right\">$132.676.542<\/td>\n<\/tr>\n<tr>\n<td>Euro Millions &#8211; Europa<\/td>\n<td align=\"center\">25-jun-13<\/td>\n<td align=\"right\">$131.636.203<\/td>\n<\/tr>\n<tr>\n<td>Euro Millions &#8211; Europa<\/td>\n<td align=\"center\">23-ago-13<\/td>\n<td align=\"right\">$131.628.767<\/td>\n<\/tr>\n<\/tbody>\n<\/table>\n<p>&nbsp;<\/p>\n<table style=\"width: 500px;\" border=\"1\" cellspacing=\"5\" cellpadding=\"5\" align=\"center\">\n<tbody>\n<tr>\n<td colspan=\"3\" align=\"center\">Niveles de premios del Euromillones<\/td>\n<\/tr>\n<tr>\n<td>Premio<\/td>\n<td align=\"center\">Aciertos<\/td>\n<td align=\"center\">Probabilidades<\/td>\n<\/tr>\n<tr>\n<td>1.er premio (Bote)<\/td>\n<td align=\"center\">5 + 2<\/td>\n<td align=\"right\">116.531.800 : 1<\/td>\n<\/tr>\n<tr>\n<td>2.\u00ba premio<\/td>\n<td align=\"center\">5 + 1<\/td>\n<td align=\"right\">6.473.989 : 1<\/td>\n<\/tr>\n<tr>\n<td>3.\u00ba<\/td>\n<td align=\"center\">5<\/td>\n<td align=\"right\">3.236.994 : 1<\/td>\n<\/tr>\n<tr>\n<td>4.\u00ba<\/td>\n<td align=\"center\">4 + 2<\/td>\n<td align=\"right\">517.919 : 1<\/td>\n<\/tr>\n<tr>\n<td>5.\u00ba<\/td>\n<td align=\"center\">4 + 1<\/td>\n<td align=\"right\">28.773 : 1<\/td>\n<\/tr>\n<tr>\n<td>6.\u00ba<\/td>\n<td align=\"center\">4<\/td>\n<td align=\"right\">14.387 : 1<\/td>\n<\/tr>\n<tr>\n<td>7.\u00ba<\/td>\n<td align=\"center\">3 + 2<\/td>\n<td align=\"right\">11.771 : 1<\/td>\n<\/tr>\n<tr>\n<td>8.\u00ba<\/td>\n<td align=\"center\">2 + 2<\/td>\n<td align=\"right\">821 : 1<\/td>\n<\/tr>\n<tr>\n<td>9.\u00ba<\/td>\n<td align=\"center\">3 + 1<\/td>\n<td align=\"right\">654 : 1<\/td>\n<\/tr>\n<tr>\n<td>10.\u00ba<\/td>\n<td align=\"center\">3<\/td>\n<td align=\"right\">327 : 1<\/td>\n<\/tr>\n<tr>\n<td>11.\u00ba<\/td>\n<td align=\"center\">1 + 2<\/td>\n<td align=\"right\">156 : 1<\/td>\n<\/tr>\n<tr>\n<td>12.\u00ba<\/td>\n<td align=\"center\">2 + 1<\/td>\n<td align=\"right\">46 : 1<\/td>\n<\/tr>\n<tr>\n<td>13.\u00ba<\/td>\n<td align=\"center\">2<\/td>\n<td align=\"right\">23 : 1<\/td>\n<\/tr>\n<\/tbody>\n<\/table>\n","protected":false},"excerpt":{"rendered":"<p>EuroMillones Con 185 millones de euros en juego y la posibilidad habitual de ganar m\u00e1s de 100 millones de euros, la gente se apresura a comprar boletos en l\u00ednea para la loter\u00eda EuroMillones. EuroMillones se juega en 9 pa\u00edses de Europa y el a\u00f1o pasado reparti\u00f3 m\u00e1s de 2.500 millones de d\u00f3lares en premios. \u00bfQui\u00e9n [&hellip;]<\/p>\n","protected":false},"author":1,"featured_media":0,"parent":9324,"menu_order":2,"comment_status":"closed","ping_status":"closed","template":"","meta":{"footnotes":""},"class_list":["post-9413","page","type-page","status-publish","hentry"],"yoast_head":"<!-- This site is optimized with the Yoast SEO plugin v27.5 - https:\/\/yoast.com\/product\/yoast-seo-wordpress\/ -->\n<title>Compra online boletos para la loter\u00eda Euromillones<\/title>\n<meta name=\"description\" content=\"Aseg\u00farese de adquirir sus boletos en l\u00ednea para la loter\u00eda m\u00e1s grande de Europa, Euromillones y Euromillones Reino Unido, a trav\u00e9s de un proveedor confiable como RedFoxLotto.com.\" \/>\n<meta name=\"robots\" content=\"index, follow, max-snippet:-1, max-image-preview:large, max-video-preview:-1\" \/>\n<link rel=\"canonical\" href=\"https:\/\/gambling6.com\/es\/loteria\/como-puedo-comprar-boletos-en-linea-para-la-loteria-euromillones-desde-fuera-de-europa\/\" \/>\n<meta property=\"og:locale\" content=\"es_ES\" \/>\n<meta property=\"og:type\" content=\"article\" \/>\n<meta property=\"og:title\" content=\"Compra online boletos para la loter\u00eda Euromillones\" \/>\n<meta property=\"og:description\" content=\"Aseg\u00farese de adquirir sus boletos en l\u00ednea para la loter\u00eda m\u00e1s grande de Europa, Euromillones y Euromillones Reino Unido, a trav\u00e9s de un proveedor confiable como RedFoxLotto.com.\" \/>\n<meta property=\"og:url\" content=\"https:\/\/gambling6.com\/es\/loteria\/como-puedo-comprar-boletos-en-linea-para-la-loteria-euromillones-desde-fuera-de-europa\/\" \/>\n<meta property=\"og:site_name\" content=\"Gambling6\" \/>\n<meta property=\"article:modified_time\" content=\"2025-11-12T18:46:54+00:00\" \/>\n<meta property=\"og:image\" content=\"https:\/\/gambling6.com\/wp-content\/uploads\/2022\/04\/2_ticket_euromillions.jpg\" \/>\n\t<meta property=\"og:image:width\" content=\"200\" \/>\n\t<meta property=\"og:image:height\" content=\"534\" \/>\n\t<meta property=\"og:image:type\" content=\"image\/jpeg\" \/>\n<meta name=\"twitter:card\" content=\"summary_large_image\" \/>\n<meta name=\"twitter:label1\" content=\"Tiempo de lectura\" \/>\n\t<meta name=\"twitter:data1\" content=\"2 minutos\" \/>\n<script type=\"application\/ld+json\" class=\"yoast-schema-graph\">{\"@context\":\"https:\\\/\\\/schema.org\",\"@graph\":[{\"@type\":\"WebPage\",\"@id\":\"https:\\\/\\\/gambling6.com\\\/es\\\/loteria\\\/como-puedo-comprar-boletos-en-linea-para-la-loteria-euromillones-desde-fuera-de-europa\\\/\",\"url\":\"https:\\\/\\\/gambling6.com\\\/es\\\/loteria\\\/como-puedo-comprar-boletos-en-linea-para-la-loteria-euromillones-desde-fuera-de-europa\\\/\",\"name\":\"Compra online boletos para la loter\u00eda Euromillones\",\"isPartOf\":{\"@id\":\"https:\\\/\\\/gambling6.com\\\/es\\\/#website\"},\"primaryImageOfPage\":{\"@id\":\"https:\\\/\\\/gambling6.com\\\/es\\\/loteria\\\/como-puedo-comprar-boletos-en-linea-para-la-loteria-euromillones-desde-fuera-de-europa\\\/#primaryimage\"},\"image\":{\"@id\":\"https:\\\/\\\/gambling6.com\\\/es\\\/loteria\\\/como-puedo-comprar-boletos-en-linea-para-la-loteria-euromillones-desde-fuera-de-europa\\\/#primaryimage\"},\"thumbnailUrl\":\"https:\\\/\\\/gambling6.com\\\/wp-content\\\/uploads\\\/2022\\\/04\\\/2_ticket_euromillions-112x300.jpg\",\"datePublished\":\"2025-11-11T02:07:21+00:00\",\"dateModified\":\"2025-11-12T18:46:54+00:00\",\"description\":\"Aseg\u00farese de adquirir sus boletos en l\u00ednea para la loter\u00eda m\u00e1s grande de Europa, Euromillones y Euromillones Reino Unido, a trav\u00e9s de un proveedor confiable como RedFoxLotto.com.\",\"breadcrumb\":{\"@id\":\"https:\\\/\\\/gambling6.com\\\/es\\\/loteria\\\/como-puedo-comprar-boletos-en-linea-para-la-loteria-euromillones-desde-fuera-de-europa\\\/#breadcrumb\"},\"inLanguage\":\"es\",\"potentialAction\":[{\"@type\":\"ReadAction\",\"target\":[\"https:\\\/\\\/gambling6.com\\\/es\\\/loteria\\\/como-puedo-comprar-boletos-en-linea-para-la-loteria-euromillones-desde-fuera-de-europa\\\/\"]}]},{\"@type\":\"ImageObject\",\"inLanguage\":\"es\",\"@id\":\"https:\\\/\\\/gambling6.com\\\/es\\\/loteria\\\/como-puedo-comprar-boletos-en-linea-para-la-loteria-euromillones-desde-fuera-de-europa\\\/#primaryimage\",\"url\":\"https:\\\/\\\/gambling6.com\\\/wp-content\\\/uploads\\\/2022\\\/04\\\/2_ticket_euromillions-112x300.jpg\",\"contentUrl\":\"https:\\\/\\\/gambling6.com\\\/wp-content\\\/uploads\\\/2022\\\/04\\\/2_ticket_euromillions-112x300.jpg\"},{\"@type\":\"BreadcrumbList\",\"@id\":\"https:\\\/\\\/gambling6.com\\\/es\\\/loteria\\\/como-puedo-comprar-boletos-en-linea-para-la-loteria-euromillones-desde-fuera-de-europa\\\/#breadcrumb\",\"itemListElement\":[{\"@type\":\"ListItem\",\"position\":1,\"name\":\"Home\",\"item\":\"https:\\\/\\\/gambling6.com\\\/es\\\/home\\\/\"},{\"@type\":\"ListItem\",\"position\":2,\"name\":\"Loter\u00eda\",\"item\":\"https:\\\/\\\/gambling6.com\\\/es\\\/loteria\\\/\"},{\"@type\":\"ListItem\",\"position\":3,\"name\":\"\u00bfC\u00f3mo puedo comprar boletos en l\u00ednea para la loter\u00eda Euromillones desde fuera de Europa?\"}]},{\"@type\":\"WebSite\",\"@id\":\"https:\\\/\\\/gambling6.com\\\/es\\\/#website\",\"url\":\"https:\\\/\\\/gambling6.com\\\/es\\\/\",\"name\":\"Gambling6\",\"description\":\"\",\"potentialAction\":[{\"@type\":\"SearchAction\",\"target\":{\"@type\":\"EntryPoint\",\"urlTemplate\":\"https:\\\/\\\/gambling6.com\\\/es\\\/?s={search_term_string}\"},\"query-input\":{\"@type\":\"PropertyValueSpecification\",\"valueRequired\":true,\"valueName\":\"search_term_string\"}}],\"inLanguage\":\"es\"}]}<\/script>\n<!-- \/ Yoast SEO plugin. -->","yoast_head_json":{"title":"Compra online boletos para la loter\u00eda Euromillones","description":"Aseg\u00farese de adquirir sus boletos en l\u00ednea para la loter\u00eda m\u00e1s grande de Europa, Euromillones y Euromillones Reino Unido, a trav\u00e9s de un proveedor confiable como RedFoxLotto.com.","robots":{"index":"index","follow":"follow","max-snippet":"max-snippet:-1","max-image-preview":"max-image-preview:large","max-video-preview":"max-video-preview:-1"},"canonical":"https:\/\/gambling6.com\/es\/loteria\/como-puedo-comprar-boletos-en-linea-para-la-loteria-euromillones-desde-fuera-de-europa\/","og_locale":"es_ES","og_type":"article","og_title":"Compra online boletos para la loter\u00eda Euromillones","og_description":"Aseg\u00farese de adquirir sus boletos en l\u00ednea para la loter\u00eda m\u00e1s grande de Europa, Euromillones y Euromillones Reino Unido, a trav\u00e9s de un proveedor confiable como RedFoxLotto.com.","og_url":"https:\/\/gambling6.com\/es\/loteria\/como-puedo-comprar-boletos-en-linea-para-la-loteria-euromillones-desde-fuera-de-europa\/","og_site_name":"Gambling6","article_modified_time":"2025-11-12T18:46:54+00:00","og_image":[{"width":200,"height":534,"url":"https:\/\/gambling6.com\/wp-content\/uploads\/2022\/04\/2_ticket_euromillions.jpg","type":"image\/jpeg"}],"twitter_card":"summary_large_image","twitter_misc":{"Tiempo de lectura":"2 minutos"},"schema":{"@context":"https:\/\/schema.org","@graph":[{"@type":"WebPage","@id":"https:\/\/gambling6.com\/es\/loteria\/como-puedo-comprar-boletos-en-linea-para-la-loteria-euromillones-desde-fuera-de-europa\/","url":"https:\/\/gambling6.com\/es\/loteria\/como-puedo-comprar-boletos-en-linea-para-la-loteria-euromillones-desde-fuera-de-europa\/","name":"Compra online boletos para la loter\u00eda Euromillones","isPartOf":{"@id":"https:\/\/gambling6.com\/es\/#website"},"primaryImageOfPage":{"@id":"https:\/\/gambling6.com\/es\/loteria\/como-puedo-comprar-boletos-en-linea-para-la-loteria-euromillones-desde-fuera-de-europa\/#primaryimage"},"image":{"@id":"https:\/\/gambling6.com\/es\/loteria\/como-puedo-comprar-boletos-en-linea-para-la-loteria-euromillones-desde-fuera-de-europa\/#primaryimage"},"thumbnailUrl":"https:\/\/gambling6.com\/wp-content\/uploads\/2022\/04\/2_ticket_euromillions-112x300.jpg","datePublished":"2025-11-11T02:07:21+00:00","dateModified":"2025-11-12T18:46:54+00:00","description":"Aseg\u00farese de adquirir sus boletos en l\u00ednea para la loter\u00eda m\u00e1s grande de Europa, Euromillones y Euromillones Reino Unido, a trav\u00e9s de un proveedor confiable como RedFoxLotto.com.","breadcrumb":{"@id":"https:\/\/gambling6.com\/es\/loteria\/como-puedo-comprar-boletos-en-linea-para-la-loteria-euromillones-desde-fuera-de-europa\/#breadcrumb"},"inLanguage":"es","potentialAction":[{"@type":"ReadAction","target":["https:\/\/gambling6.com\/es\/loteria\/como-puedo-comprar-boletos-en-linea-para-la-loteria-euromillones-desde-fuera-de-europa\/"]}]},{"@type":"ImageObject","inLanguage":"es","@id":"https:\/\/gambling6.com\/es\/loteria\/como-puedo-comprar-boletos-en-linea-para-la-loteria-euromillones-desde-fuera-de-europa\/#primaryimage","url":"https:\/\/gambling6.com\/wp-content\/uploads\/2022\/04\/2_ticket_euromillions-112x300.jpg","contentUrl":"https:\/\/gambling6.com\/wp-content\/uploads\/2022\/04\/2_ticket_euromillions-112x300.jpg"},{"@type":"BreadcrumbList","@id":"https:\/\/gambling6.com\/es\/loteria\/como-puedo-comprar-boletos-en-linea-para-la-loteria-euromillones-desde-fuera-de-europa\/#breadcrumb","itemListElement":[{"@type":"ListItem","position":1,"name":"Home","item":"https:\/\/gambling6.com\/es\/home\/"},{"@type":"ListItem","position":2,"name":"Loter\u00eda","item":"https:\/\/gambling6.com\/es\/loteria\/"},{"@type":"ListItem","position":3,"name":"\u00bfC\u00f3mo puedo comprar boletos en l\u00ednea para la loter\u00eda Euromillones desde fuera de Europa?"}]},{"@type":"WebSite","@id":"https:\/\/gambling6.com\/es\/#website","url":"https:\/\/gambling6.com\/es\/","name":"Gambling6","description":"","potentialAction":[{"@type":"SearchAction","target":{"@type":"EntryPoint","urlTemplate":"https:\/\/gambling6.com\/es\/?s={search_term_string}"},"query-input":{"@type":"PropertyValueSpecification","valueRequired":true,"valueName":"search_term_string"}}],"inLanguage":"es"}]}},"_links":{"self":[{"href":"https:\/\/gambling6.com\/es\/wp-json\/wp\/v2\/pages\/9413","targetHints":{"allow":["GET"]}}],"collection":[{"href":"https:\/\/gambling6.com\/es\/wp-json\/wp\/v2\/pages"}],"about":[{"href":"https:\/\/gambling6.com\/es\/wp-json\/wp\/v2\/types\/page"}],"author":[{"embeddable":true,"href":"https:\/\/gambling6.com\/es\/wp-json\/wp\/v2\/users\/1"}],"replies":[{"embeddable":true,"href":"https:\/\/gambling6.com\/es\/wp-json\/wp\/v2\/comments?post=9413"}],"version-history":[{"count":1,"href":"https:\/\/gambling6.com\/es\/wp-json\/wp\/v2\/pages\/9413\/revisions"}],"predecessor-version":[{"id":10767,"href":"https:\/\/gambling6.com\/es\/wp-json\/wp\/v2\/pages\/9413\/revisions\/10767"}],"up":[{"embeddable":true,"href":"https:\/\/gambling6.com\/es\/wp-json\/wp\/v2\/pages\/9324"}],"wp:attachment":[{"href":"https:\/\/gambling6.com\/es\/wp-json\/wp\/v2\/media?parent=9413"}],"curies":[{"name":"wp","href":"https:\/\/api.w.org\/{rel}","templated":true}]}}