{"id":9437,"date":"2025-11-11T02:45:54","date_gmt":"2025-11-11T02:45:54","guid":{"rendered":"https:\/\/gambling6.com\/loteria\/consigue-tus-boletos-en-linea-para-la-loteria-de-nueva-york\/"},"modified":"2025-11-11T02:45:54","modified_gmt":"2025-11-11T02:45:54","slug":"consigue-tus-boletos-en-linea-para-la-loteria-de-nueva-york","status":"publish","type":"page","link":"https:\/\/gambling6.com\/es\/loteria\/consigue-tus-boletos-en-linea-para-la-loteria-de-nueva-york\/","title":{"rendered":"Consigue tus boletos en l\u00ednea para la Loter\u00eda de Nueva York"},"content":{"rendered":"<h2>La Loter\u00eda de Nueva York en l\u00ednea<\/h2>\n<p>Con premios mayores que comienzan en $3 millones, la Loter\u00eda de Nueva York se convierte en un evento tan grande como la ciudad misma el d\u00eda del sorteo. Para su informaci\u00f3n, el premio mayor m\u00ednimo es mucho m\u00e1s alto que el de la mayor\u00eda, <strong>as\u00ed que al tomar una decisi\u00f3n, considere comprar boletos en l\u00ednea para la Loter\u00eda de Nueva York<\/strong>.<\/p>\n<p>Si no hay ganador del premio mayor, puede esperar premios acumulados, que a menudo alcanzan cifras de 10 d\u00edgitos. De hecho, el premio mayor r\u00e9cord de la Loter\u00eda de Nueva York es de $58 millones. <strong>Con la posibilidad de comprar sus boletos en l\u00ednea, podr\u00eda participar en el pr\u00f3ximo sorteo de un premio mayor r\u00e9cord.<\/strong><\/p>\n<h2>La Loter\u00eda de Nueva York se sortea dos veces por semana.<\/h2>\n<p>El premio mayor siempre asciende a millones de d\u00f3lares en el sorteo que se realiza dos veces por semana en la ciudad de Nueva York. Es l\u00f3gico que una de las ciudades m\u00e1s grandes del mundo tenga una loter\u00eda con uno de los premios mayores m\u00e1s grandes del mundo. Cada semana, millones de neoyorquinos hacen fila para comprar boletos de esta loter\u00eda que les puede cambiar la vida. <b>No es necesario que hagas fila si puedes comprar tus boletos en l\u00ednea.<\/b><\/p>\n<p>Fundada en 1967, la Loter\u00eda de Nueva York, una de las loter\u00edas m\u00e1s antiguas de Estados Unidos, ha recaudado cerca de 40 mil millones de d\u00f3lares para causas ben\u00e9ficas en todo el mundo. En 2004, un solo boleto gan\u00f3 la incre\u00edble suma de 58 millones de d\u00f3lares, uno de los premios de loter\u00eda m\u00e1s grandes en la historia de Estados Unidos hasta ese momento.<\/p>\n<p>Jugar a la Loter\u00eda de Nueva York es f\u00e1cil. Este tipo de loter\u00eda (6\/59) requiere que elijas seis n\u00fameros del 1 al 59, adem\u00e1s del n\u00famero adicional. <strong>Para ganar el premio mayor, necesitas acertar los seis n\u00fameros principales, y tus probabilidades son de aproximadamente 1 en 45 millones.<\/strong> Al acertar cinco, cuatro o tres n\u00fameros, puedes participar en uno de los cinco premios secundarios disponibles en cada sorteo, que se realiza los mi\u00e9rcoles y s\u00e1bados de cada semana.<\/p>\n<p>La Loter\u00eda de Nueva York es un juego que todos quieren jugar, y ahora\u00a0<span style=\"box-sizing: border-box; margin: 0px; padding: 0px;\">puedes\u00a0<a href=\"https:\/\/gambling6.com\/go\/redfoxlotto-en\/\" target=\"_blank\" rel=\"noopener\">obtener tus boletos en l\u00ednea a trav\u00e9s de nuestro socio RedFoxLotto usando<\/a><\/span><a class=\"thirstylink\" title=\"RedFoxLotto en\" href=\"https:\/\/gambling6.com\/go\/redfoxlotto-en\/\" target=\"_blank\" rel=\"nofollow noopener\">\u00a0este enlace.<\/a><\/p>\n<table style=\"width: 500px;\" border=\"1\" cellspacing=\"5\" cellpadding=\"5\" align=\"center\">\n<tbody>\n<tr>\n<td colspan=\"3\" align=\"center\">Los cinco mayores premios de 2013<\/td>\n<\/tr>\n<tr>\n<td>Sorteo<\/td>\n<td align=\"center\">Fecha<\/td>\n<td align=\"center\">Premio mayor (USD)<\/td>\n<\/tr>\n<tr>\n<td>Loter\u00eda de Nueva York &#8211; EE. UU.<\/td>\n<td align=\"center\">10-abr-13<\/td>\n<td align=\"right\">$26.500.000<\/td>\n<\/tr>\n<tr>\n<td>Loter\u00eda de Nueva York &#8211; EE. UU.<\/td>\n<td align=\"center\">29-jun-13<\/td>\n<td align=\"right\">$10.700.000<\/td>\n<\/tr>\n<tr>\n<td>Loter\u00eda de Nueva York &#8211; EE. UU.<\/td>\n<td align=\"center\">4 de septiembre de 2013<\/td>\n<td align=\"right\">$7.100.000<\/td>\n<\/tr>\n<tr>\n<td>Loter\u00eda de Nueva York &#8211; EE. UU.<\/td>\n<td align=\"center\">6 de noviembre de 2013<\/td>\n<td align=\"right\">$6.200.000<\/td>\n<\/tr>\n<tr>\n<td>Loter\u00eda de Nueva York &#8211; EE. UU.<\/td>\n<td align=\"center\">23 de noviembre de 2013<\/td>\n<td align=\"right\">$3.200.000<\/td>\n<\/tr>\n<\/tbody>\n<\/table>\n<p>&nbsp;<\/p>\n<table style=\"width: 500px;\" border=\"1\" cellspacing=\"5\" cellpadding=\"5\" align=\"center\">\n<tbody>\n<tr>\n<td colspan=\"3\" align=\"center\">Niveles de Premios de la Loter\u00eda de Nueva York &#8211; EE. UU.<\/td>\n<\/tr>\n<tr>\n<td>Premio<\/td>\n<td align=\"center\">Aciertos<\/td>\n<td align=\"center\">Probabilidades<\/td>\n<\/tr>\n<tr>\n<td>1.er premio (Bote)<\/td>\n<td align=\"center\">6<\/td>\n<td align=\"right\">45.057.474 : 1<\/td>\n<\/tr>\n<tr>\n<td>2.\u00ba premio<\/td>\n<td align=\"center\">5 + 1<\/td>\n<td align=\"right\">7.509.579 : 1<\/td>\n<\/tr>\n<tr>\n<td>3.\u00ba<\/td>\n<td align=\"center\">5<\/td>\n<td align=\"right\">141.690 : 1<\/td>\n<\/tr>\n<tr>\n<td>4.\u00ba<\/td>\n<td align=\"center\">4<\/td>\n<td align=\"right\">2.180 : 1<\/td>\n<\/tr>\n<tr>\n<td>5.\u00ba<\/td>\n<td align=\"center\">3<\/td>\n<td align=\"right\">96 : 1<\/td>\n<\/tr>\n<\/tbody>\n<\/table>\n","protected":false},"excerpt":{"rendered":"<p>La Loter\u00eda de Nueva York en l\u00ednea Con premios mayores que comienzan en $3 millones, la Loter\u00eda de Nueva York se convierte en un evento tan grande como la ciudad misma el d\u00eda del sorteo. Para su informaci\u00f3n, el premio mayor m\u00ednimo es mucho m\u00e1s alto que el de la mayor\u00eda, as\u00ed que al tomar [&hellip;]<\/p>\n","protected":false},"author":1,"featured_media":0,"parent":9324,"menu_order":12,"comment_status":"closed","ping_status":"closed","template":"","meta":{"footnotes":""},"class_list":["post-9437","page","type-page","status-publish","hentry"],"yoast_head":"<!-- This site is optimized with the Yoast SEO plugin v27.3 - https:\/\/yoast.com\/product\/yoast-seo-wordpress\/ -->\n<title>Compra boletos para la Loter\u00eda de Nueva York en l\u00ednea<\/title>\n<meta name=\"description\" content=\"Convi\u00e9rtete en millonario al instante comprando tus boletos en l\u00ednea para la Loter\u00eda de Nueva York.\" \/>\n<meta name=\"robots\" content=\"index, follow, max-snippet:-1, max-image-preview:large, max-video-preview:-1\" \/>\n<link rel=\"canonical\" href=\"https:\/\/gambling6.com\/es\/loteria\/consigue-tus-boletos-en-linea-para-la-loteria-de-nueva-york\/\" \/>\n<meta property=\"og:locale\" content=\"es_ES\" \/>\n<meta property=\"og:type\" content=\"article\" \/>\n<meta property=\"og:title\" content=\"Compra boletos para la Loter\u00eda de Nueva York en l\u00ednea\" \/>\n<meta property=\"og:description\" content=\"Convi\u00e9rtete en millonario al instante comprando tus boletos en l\u00ednea para la Loter\u00eda de Nueva York.\" \/>\n<meta property=\"og:url\" content=\"https:\/\/gambling6.com\/es\/loteria\/consigue-tus-boletos-en-linea-para-la-loteria-de-nueva-york\/\" \/>\n<meta property=\"og:site_name\" content=\"Gambling6\" \/>\n<meta name=\"twitter:card\" content=\"summary_large_image\" \/>\n<meta name=\"twitter:label1\" content=\"Tiempo de lectura\" \/>\n\t<meta name=\"twitter:data1\" content=\"3 minutos\" \/>\n<script type=\"application\/ld+json\" class=\"yoast-schema-graph\">{\"@context\":\"https:\\\/\\\/schema.org\",\"@graph\":[{\"@type\":\"WebPage\",\"@id\":\"https:\\\/\\\/gambling6.com\\\/es\\\/loteria\\\/consigue-tus-boletos-en-linea-para-la-loteria-de-nueva-york\\\/\",\"url\":\"https:\\\/\\\/gambling6.com\\\/es\\\/loteria\\\/consigue-tus-boletos-en-linea-para-la-loteria-de-nueva-york\\\/\",\"name\":\"Compra boletos para la Loter\u00eda de Nueva York en l\u00ednea\",\"isPartOf\":{\"@id\":\"https:\\\/\\\/gambling6.com\\\/es\\\/#website\"},\"datePublished\":\"2025-11-11T02:45:54+00:00\",\"description\":\"Convi\u00e9rtete en millonario al instante comprando tus boletos en l\u00ednea para la Loter\u00eda de Nueva York.\",\"breadcrumb\":{\"@id\":\"https:\\\/\\\/gambling6.com\\\/es\\\/loteria\\\/consigue-tus-boletos-en-linea-para-la-loteria-de-nueva-york\\\/#breadcrumb\"},\"inLanguage\":\"es\",\"potentialAction\":[{\"@type\":\"ReadAction\",\"target\":[\"https:\\\/\\\/gambling6.com\\\/es\\\/loteria\\\/consigue-tus-boletos-en-linea-para-la-loteria-de-nueva-york\\\/\"]}]},{\"@type\":\"BreadcrumbList\",\"@id\":\"https:\\\/\\\/gambling6.com\\\/es\\\/loteria\\\/consigue-tus-boletos-en-linea-para-la-loteria-de-nueva-york\\\/#breadcrumb\",\"itemListElement\":[{\"@type\":\"ListItem\",\"position\":1,\"name\":\"Home\",\"item\":\"https:\\\/\\\/gambling6.com\\\/es\\\/home\\\/\"},{\"@type\":\"ListItem\",\"position\":2,\"name\":\"Loter\u00eda\",\"item\":\"https:\\\/\\\/gambling6.com\\\/es\\\/loteria\\\/\"},{\"@type\":\"ListItem\",\"position\":3,\"name\":\"Consigue tus boletos en l\u00ednea para la Loter\u00eda de Nueva York\"}]},{\"@type\":\"WebSite\",\"@id\":\"https:\\\/\\\/gambling6.com\\\/es\\\/#website\",\"url\":\"https:\\\/\\\/gambling6.com\\\/es\\\/\",\"name\":\"Gambling6\",\"description\":\"\",\"potentialAction\":[{\"@type\":\"SearchAction\",\"target\":{\"@type\":\"EntryPoint\",\"urlTemplate\":\"https:\\\/\\\/gambling6.com\\\/es\\\/?s={search_term_string}\"},\"query-input\":{\"@type\":\"PropertyValueSpecification\",\"valueRequired\":true,\"valueName\":\"search_term_string\"}}],\"inLanguage\":\"es\"}]}<\/script>\n<!-- \/ Yoast SEO plugin. -->","yoast_head_json":{"title":"Compra boletos para la Loter\u00eda de Nueva York en l\u00ednea","description":"Convi\u00e9rtete en millonario al instante comprando tus boletos en l\u00ednea para la Loter\u00eda de Nueva York.","robots":{"index":"index","follow":"follow","max-snippet":"max-snippet:-1","max-image-preview":"max-image-preview:large","max-video-preview":"max-video-preview:-1"},"canonical":"https:\/\/gambling6.com\/es\/loteria\/consigue-tus-boletos-en-linea-para-la-loteria-de-nueva-york\/","og_locale":"es_ES","og_type":"article","og_title":"Compra boletos para la Loter\u00eda de Nueva York en l\u00ednea","og_description":"Convi\u00e9rtete en millonario al instante comprando tus boletos en l\u00ednea para la Loter\u00eda de Nueva York.","og_url":"https:\/\/gambling6.com\/es\/loteria\/consigue-tus-boletos-en-linea-para-la-loteria-de-nueva-york\/","og_site_name":"Gambling6","twitter_card":"summary_large_image","twitter_misc":{"Tiempo de lectura":"3 minutos"},"schema":{"@context":"https:\/\/schema.org","@graph":[{"@type":"WebPage","@id":"https:\/\/gambling6.com\/es\/loteria\/consigue-tus-boletos-en-linea-para-la-loteria-de-nueva-york\/","url":"https:\/\/gambling6.com\/es\/loteria\/consigue-tus-boletos-en-linea-para-la-loteria-de-nueva-york\/","name":"Compra boletos para la Loter\u00eda de Nueva York en l\u00ednea","isPartOf":{"@id":"https:\/\/gambling6.com\/es\/#website"},"datePublished":"2025-11-11T02:45:54+00:00","description":"Convi\u00e9rtete en millonario al instante comprando tus boletos en l\u00ednea para la Loter\u00eda de Nueva York.","breadcrumb":{"@id":"https:\/\/gambling6.com\/es\/loteria\/consigue-tus-boletos-en-linea-para-la-loteria-de-nueva-york\/#breadcrumb"},"inLanguage":"es","potentialAction":[{"@type":"ReadAction","target":["https:\/\/gambling6.com\/es\/loteria\/consigue-tus-boletos-en-linea-para-la-loteria-de-nueva-york\/"]}]},{"@type":"BreadcrumbList","@id":"https:\/\/gambling6.com\/es\/loteria\/consigue-tus-boletos-en-linea-para-la-loteria-de-nueva-york\/#breadcrumb","itemListElement":[{"@type":"ListItem","position":1,"name":"Home","item":"https:\/\/gambling6.com\/es\/home\/"},{"@type":"ListItem","position":2,"name":"Loter\u00eda","item":"https:\/\/gambling6.com\/es\/loteria\/"},{"@type":"ListItem","position":3,"name":"Consigue tus boletos en l\u00ednea para la Loter\u00eda de Nueva York"}]},{"@type":"WebSite","@id":"https:\/\/gambling6.com\/es\/#website","url":"https:\/\/gambling6.com\/es\/","name":"Gambling6","description":"","potentialAction":[{"@type":"SearchAction","target":{"@type":"EntryPoint","urlTemplate":"https:\/\/gambling6.com\/es\/?s={search_term_string}"},"query-input":{"@type":"PropertyValueSpecification","valueRequired":true,"valueName":"search_term_string"}}],"inLanguage":"es"}]}},"_links":{"self":[{"href":"https:\/\/gambling6.com\/es\/wp-json\/wp\/v2\/pages\/9437","targetHints":{"allow":["GET"]}}],"collection":[{"href":"https:\/\/gambling6.com\/es\/wp-json\/wp\/v2\/pages"}],"about":[{"href":"https:\/\/gambling6.com\/es\/wp-json\/wp\/v2\/types\/page"}],"author":[{"embeddable":true,"href":"https:\/\/gambling6.com\/es\/wp-json\/wp\/v2\/users\/1"}],"replies":[{"embeddable":true,"href":"https:\/\/gambling6.com\/es\/wp-json\/wp\/v2\/comments?post=9437"}],"version-history":[{"count":0,"href":"https:\/\/gambling6.com\/es\/wp-json\/wp\/v2\/pages\/9437\/revisions"}],"up":[{"embeddable":true,"href":"https:\/\/gambling6.com\/es\/wp-json\/wp\/v2\/pages\/9324"}],"wp:attachment":[{"href":"https:\/\/gambling6.com\/es\/wp-json\/wp\/v2\/media?parent=9437"}],"curies":[{"name":"wp","href":"https:\/\/api.w.org\/{rel}","templated":true}]}}