{"id":9503,"date":"2025-11-11T03:58:06","date_gmt":"2025-11-11T03:58:06","guid":{"rendered":"https:\/\/gambling6.com\/loteria\/participa-en-la-loteria-canadiense-6-49\/"},"modified":"2025-11-11T03:58:06","modified_gmt":"2025-11-11T03:58:06","slug":"participa-en-la-loteria-canadiense-6-49","status":"publish","type":"page","link":"https:\/\/gambling6.com\/es\/loteria\/participa-en-la-loteria-canadiense-6-49\/","title":{"rendered":"Participa en la loter\u00eda canadiense 6\/49"},"content":{"rendered":"<h2>Lotto 6\/49 de Canad\u00e1<\/h2>\n<p>La gran diferencia hoy en d\u00eda es que puedes comprar boletos en l\u00ednea para el sorteo Lotto 6\/49 de Canad\u00e1. T\u00f3mate un momento para <a class=\"thirstylink\" title=\"Redfoxlotto\" href=\"https:\/\/gambling6.com\/go\/redfoxlotto\/\" target=\"_blank\" rel=\"nofollow noopener\">comprar tus boletos en l\u00ednea hoy mismo en nuestro socio RedFoxLotto.com.<\/a><img loading=\"lazy\" decoding=\"async\" class=\" alignright size-full wp-image-562\" style=\"margin: 10px; border: 5px solid #ffffff; float: right;\" src=\"http:\/\/gambling6.com\/wp-content\/uploads\/2013\/12\/get-online-649-lotto-tickets.png\" alt=\"Lotto 6\/49 Canad\u00e1\" width=\"300\" height=\"190\" \/><\/p>\n<p>La probabilidad de ganar el primer premio del Lotto 6\/49 de Canad\u00e1 es de 13.983.816 a 1. Las probabilidades generales de obtener un premio son aproximadamente de 1 entre 32. Para comprar boletos en l\u00ednea, primero seleccione seis n\u00fameros principales del 1 al 49. <strong>Para ganar una parte del premio mayor, debe acertar los seis n\u00fameros sorteados.<\/strong> Para obtener el segundo premio, acierte cinco n\u00fameros principales m\u00e1s el n\u00famero adicional. Los sorteos se realizan los s\u00e1bados y mi\u00e9rcoles por la noche, aproximadamente a las 19:10 (hora del este de Canad\u00e1). Hay seis categor\u00edas de premios, y si nadie reclama el bote, se acumula para el siguiente sorteo hasta que alguien gane.<\/p>\n<h2>Juega por enormes botes con boletos en l\u00ednea para Lotto 6\/49<\/h2>\n<table style=\"width: 500px;\" border=\"1\" cellspacing=\"5\" cellpadding=\"5\" align=\"center\">\n<tbody>\n<tr>\n<td colspan=\"3\" align=\"center\">Los cinco mayores premios de 2013<\/td>\n<\/tr>\n<tr>\n<td>Sorteo<\/td>\n<td align=\"center\">Fecha<\/td>\n<td align=\"center\">Premio mayor (USD)<\/td>\n<\/tr>\n<tr>\n<td>Lotto 6\/49 &#8211; Canad\u00e1<\/td>\n<td align=\"center\">13-abr-13<\/td>\n<td align=\"right\">$58.974.913<\/td>\n<\/tr>\n<tr>\n<td>Lotto 6\/49 &#8211; Canad\u00e1<\/td>\n<td align=\"center\">12-oct-13<\/td>\n<td align=\"right\">$37,200,000<\/td>\n<\/tr>\n<tr>\n<td>Lotto 6\/49 &#8211; Canad\u00e1<\/td>\n<td align=\"center\">30-oct-13<\/td>\n<td align=\"right\">$18,807,390<\/td>\n<\/tr>\n<tr>\n<td>Lotto 6\/49 &#8211; Canad\u00e1<\/td>\n<td align=\"center\">6-jul-13<\/td>\n<td align=\"right\">$18,351,756<\/td>\n<\/tr>\n<tr>\n<td>Lotto 6\/49 &#8211; Canad\u00e1<\/td>\n<td align=\"center\">4-dic-13<\/td>\n<td align=\"right\">$17,670,000<\/td>\n<\/tr>\n<\/tbody>\n<\/table>\n<h2>Muchos premios para ganar con boletos de loter\u00eda en l\u00ednea<\/h2>\n<p>La posibilidad de ganar en siete categor\u00edas diferentes abre un mundo de posibilidades para ganar dinero al comprar boletos en l\u00ednea para Lotto 6\/49. De hecho, mucha gente olvida todas las categor\u00edas adicionales en las que se puede ganar un premio. Es importante, una vez que haya comprado los boletos, revisarlos para ver si ha ganado algo.<\/p>\n<p>Es cierto que mucha gente compra boletos cada semana y no revisa si ha ganado algo despu\u00e9s de enterarse de que alguien m\u00e1s compr\u00f3 un boleto en un lugar diferente al suyo y gan\u00f3 el premio mayor. <b>Tan f\u00e1cil como es comprar boletos de Lotto 6\/49 en l\u00ednea, es igual de f\u00e1cil revisar sus boletos en l\u00ednea.<\/b> Hay muchas herramientas que le ayudar\u00e1n a buscar en varias bases de datos de las principales loter\u00edas del mundo.<\/p>\n<table style=\"width: 500px;\" border=\"1\" cellspacing=\"5\" cellpadding=\"5\" align=\"center\">\n<tbody>\n<tr>\n<td colspan=\"3\" align=\"center\">Niveles de Premios de Lotto 6\/49 &#8211; Canad\u00e1<\/td>\n<\/tr>\n<tr>\n<td>Premio<\/td>\n<td align=\"center\">Aciertos<\/td>\n<td align=\"center\">Probabilidades<\/td>\n<\/tr>\n<tr>\n<td>1.er premio (Bote)<\/td>\n<td align=\"center\">6<\/td>\n<td align=\"right\">13.983.816 : 1<\/td>\n<\/tr>\n<tr>\n<td>2.\u00ba premio<\/td>\n<td align=\"center\">5 + 1<\/td>\n<td align=\"right\">2.330.636 : 1<\/td>\n<\/tr>\n<tr>\n<td>3.\u00ba<\/td>\n<td align=\"center\">5<\/td>\n<td align=\"right\">55.492 : 1<\/td>\n<\/tr>\n<tr>\n<td>4.\u00ba<\/td>\n<td align=\"center\">4<\/td>\n<td align=\"right\">1.033 : 1<\/td>\n<\/tr>\n<tr>\n<td>5.\u00ba<\/td>\n<td align=\"center\">3<\/td>\n<td align=\"right\">57 : 1<\/td>\n<\/tr>\n<tr>\n<td>6.\u00ba<\/td>\n<td align=\"center\">2 + 1<\/td>\n<td align=\"right\">81 : 1<\/td>\n<\/tr>\n<tr>\n<td>7.\u00ba<\/td>\n<td align=\"center\">2<\/td>\n<td align=\"right\">8 : 1<\/td>\n<\/tr>\n<\/tbody>\n<\/table>\n<p style=\"text-align: center;\"><strong>\u00a1Juega a la loter\u00eda canadiense 6\/49 en l\u00ednea y disfruta de la libertad que te brinda convertirte en millonario!<\/strong><\/p>\n","protected":false},"excerpt":{"rendered":"<p>Lotto 6\/49 de Canad\u00e1 La gran diferencia hoy en d\u00eda es que puedes comprar boletos en l\u00ednea para el sorteo Lotto 6\/49 de Canad\u00e1. T\u00f3mate un momento para comprar tus boletos en l\u00ednea hoy mismo en nuestro socio RedFoxLotto.com. La probabilidad de ganar el primer premio del Lotto 6\/49 de Canad\u00e1 es de 13.983.816 a [&hellip;]<\/p>\n","protected":false},"author":1,"featured_media":566,"parent":9324,"menu_order":5,"comment_status":"closed","ping_status":"closed","template":"","meta":{"footnotes":""},"class_list":["post-9503","page","type-page","status-publish","has-post-thumbnail","hentry"],"yoast_head":"<!-- This site is optimized with the Yoast SEO plugin v27.4 - https:\/\/yoast.com\/product\/yoast-seo-wordpress\/ -->\n<title>Consigue tus boletos en l\u00ednea para la loter\u00eda canadiense 6\/49<\/title>\n<meta name=\"description\" content=\"Ahora es f\u00e1cil conseguir boletos en l\u00ednea para Lotto 6\/49 en Canad\u00e1.\" \/>\n<meta name=\"robots\" content=\"index, follow, max-snippet:-1, max-image-preview:large, max-video-preview:-1\" \/>\n<link rel=\"canonical\" href=\"https:\/\/gambling6.com\/es\/loteria\/participa-en-la-loteria-canadiense-6-49\/\" \/>\n<meta property=\"og:locale\" content=\"es_ES\" \/>\n<meta property=\"og:type\" content=\"article\" \/>\n<meta property=\"og:title\" content=\"Consigue tus boletos en l\u00ednea para la loter\u00eda canadiense 6\/49\" \/>\n<meta property=\"og:description\" content=\"Ahora es f\u00e1cil conseguir boletos en l\u00ednea para Lotto 6\/49 en Canad\u00e1.\" \/>\n<meta property=\"og:url\" content=\"https:\/\/gambling6.com\/es\/loteria\/participa-en-la-loteria-canadiense-6-49\/\" \/>\n<meta property=\"og:site_name\" content=\"Gambling6\" \/>\n<meta property=\"og:image\" content=\"https:\/\/gambling6.com\/wp-content\/uploads\/2013\/12\/get-online-649-lotto-tickets.png\" \/>\n\t<meta property=\"og:image:width\" content=\"300\" \/>\n\t<meta property=\"og:image:height\" content=\"190\" \/>\n\t<meta property=\"og:image:type\" content=\"image\/png\" \/>\n<meta name=\"twitter:card\" content=\"summary_large_image\" \/>\n<meta name=\"twitter:label1\" content=\"Tiempo de lectura\" \/>\n\t<meta name=\"twitter:data1\" content=\"2 minutos\" \/>\n<script type=\"application\/ld+json\" class=\"yoast-schema-graph\">{\"@context\":\"https:\\\/\\\/schema.org\",\"@graph\":[{\"@type\":\"WebPage\",\"@id\":\"https:\\\/\\\/gambling6.com\\\/es\\\/loteria\\\/participa-en-la-loteria-canadiense-6-49\\\/\",\"url\":\"https:\\\/\\\/gambling6.com\\\/es\\\/loteria\\\/participa-en-la-loteria-canadiense-6-49\\\/\",\"name\":\"Consigue tus boletos en l\u00ednea para la loter\u00eda canadiense 6\\\/49\",\"isPartOf\":{\"@id\":\"https:\\\/\\\/gambling6.com\\\/es\\\/#website\"},\"primaryImageOfPage\":{\"@id\":\"https:\\\/\\\/gambling6.com\\\/es\\\/loteria\\\/participa-en-la-loteria-canadiense-6-49\\\/#primaryimage\"},\"image\":{\"@id\":\"https:\\\/\\\/gambling6.com\\\/es\\\/loteria\\\/participa-en-la-loteria-canadiense-6-49\\\/#primaryimage\"},\"thumbnailUrl\":\"https:\\\/\\\/gambling6.com\\\/wp-content\\\/uploads\\\/2013\\\/12\\\/get-online-649-lotto-tickets.png\",\"datePublished\":\"2025-11-11T03:58:06+00:00\",\"description\":\"Ahora es f\u00e1cil conseguir boletos en l\u00ednea para Lotto 6\\\/49 en Canad\u00e1.\",\"breadcrumb\":{\"@id\":\"https:\\\/\\\/gambling6.com\\\/es\\\/loteria\\\/participa-en-la-loteria-canadiense-6-49\\\/#breadcrumb\"},\"inLanguage\":\"es\",\"potentialAction\":[{\"@type\":\"ReadAction\",\"target\":[\"https:\\\/\\\/gambling6.com\\\/es\\\/loteria\\\/participa-en-la-loteria-canadiense-6-49\\\/\"]}]},{\"@type\":\"ImageObject\",\"inLanguage\":\"es\",\"@id\":\"https:\\\/\\\/gambling6.com\\\/es\\\/loteria\\\/participa-en-la-loteria-canadiense-6-49\\\/#primaryimage\",\"url\":\"https:\\\/\\\/gambling6.com\\\/wp-content\\\/uploads\\\/2013\\\/12\\\/get-online-649-lotto-tickets.png\",\"contentUrl\":\"https:\\\/\\\/gambling6.com\\\/wp-content\\\/uploads\\\/2013\\\/12\\\/get-online-649-lotto-tickets.png\",\"width\":300,\"height\":190},{\"@type\":\"BreadcrumbList\",\"@id\":\"https:\\\/\\\/gambling6.com\\\/es\\\/loteria\\\/participa-en-la-loteria-canadiense-6-49\\\/#breadcrumb\",\"itemListElement\":[{\"@type\":\"ListItem\",\"position\":1,\"name\":\"Home\",\"item\":\"https:\\\/\\\/gambling6.com\\\/es\\\/home\\\/\"},{\"@type\":\"ListItem\",\"position\":2,\"name\":\"Loter\u00eda\",\"item\":\"https:\\\/\\\/gambling6.com\\\/es\\\/loteria\\\/\"},{\"@type\":\"ListItem\",\"position\":3,\"name\":\"Participa en la loter\u00eda canadiense 6\\\/49\"}]},{\"@type\":\"WebSite\",\"@id\":\"https:\\\/\\\/gambling6.com\\\/es\\\/#website\",\"url\":\"https:\\\/\\\/gambling6.com\\\/es\\\/\",\"name\":\"Gambling6\",\"description\":\"\",\"potentialAction\":[{\"@type\":\"SearchAction\",\"target\":{\"@type\":\"EntryPoint\",\"urlTemplate\":\"https:\\\/\\\/gambling6.com\\\/es\\\/?s={search_term_string}\"},\"query-input\":{\"@type\":\"PropertyValueSpecification\",\"valueRequired\":true,\"valueName\":\"search_term_string\"}}],\"inLanguage\":\"es\"}]}<\/script>\n<!-- \/ Yoast SEO plugin. -->","yoast_head_json":{"title":"Consigue tus boletos en l\u00ednea para la loter\u00eda canadiense 6\/49","description":"Ahora es f\u00e1cil conseguir boletos en l\u00ednea para Lotto 6\/49 en Canad\u00e1.","robots":{"index":"index","follow":"follow","max-snippet":"max-snippet:-1","max-image-preview":"max-image-preview:large","max-video-preview":"max-video-preview:-1"},"canonical":"https:\/\/gambling6.com\/es\/loteria\/participa-en-la-loteria-canadiense-6-49\/","og_locale":"es_ES","og_type":"article","og_title":"Consigue tus boletos en l\u00ednea para la loter\u00eda canadiense 6\/49","og_description":"Ahora es f\u00e1cil conseguir boletos en l\u00ednea para Lotto 6\/49 en Canad\u00e1.","og_url":"https:\/\/gambling6.com\/es\/loteria\/participa-en-la-loteria-canadiense-6-49\/","og_site_name":"Gambling6","og_image":[{"width":300,"height":190,"url":"https:\/\/gambling6.com\/wp-content\/uploads\/2013\/12\/get-online-649-lotto-tickets.png","type":"image\/png"}],"twitter_card":"summary_large_image","twitter_misc":{"Tiempo de lectura":"2 minutos"},"schema":{"@context":"https:\/\/schema.org","@graph":[{"@type":"WebPage","@id":"https:\/\/gambling6.com\/es\/loteria\/participa-en-la-loteria-canadiense-6-49\/","url":"https:\/\/gambling6.com\/es\/loteria\/participa-en-la-loteria-canadiense-6-49\/","name":"Consigue tus boletos en l\u00ednea para la loter\u00eda canadiense 6\/49","isPartOf":{"@id":"https:\/\/gambling6.com\/es\/#website"},"primaryImageOfPage":{"@id":"https:\/\/gambling6.com\/es\/loteria\/participa-en-la-loteria-canadiense-6-49\/#primaryimage"},"image":{"@id":"https:\/\/gambling6.com\/es\/loteria\/participa-en-la-loteria-canadiense-6-49\/#primaryimage"},"thumbnailUrl":"https:\/\/gambling6.com\/wp-content\/uploads\/2013\/12\/get-online-649-lotto-tickets.png","datePublished":"2025-11-11T03:58:06+00:00","description":"Ahora es f\u00e1cil conseguir boletos en l\u00ednea para Lotto 6\/49 en Canad\u00e1.","breadcrumb":{"@id":"https:\/\/gambling6.com\/es\/loteria\/participa-en-la-loteria-canadiense-6-49\/#breadcrumb"},"inLanguage":"es","potentialAction":[{"@type":"ReadAction","target":["https:\/\/gambling6.com\/es\/loteria\/participa-en-la-loteria-canadiense-6-49\/"]}]},{"@type":"ImageObject","inLanguage":"es","@id":"https:\/\/gambling6.com\/es\/loteria\/participa-en-la-loteria-canadiense-6-49\/#primaryimage","url":"https:\/\/gambling6.com\/wp-content\/uploads\/2013\/12\/get-online-649-lotto-tickets.png","contentUrl":"https:\/\/gambling6.com\/wp-content\/uploads\/2013\/12\/get-online-649-lotto-tickets.png","width":300,"height":190},{"@type":"BreadcrumbList","@id":"https:\/\/gambling6.com\/es\/loteria\/participa-en-la-loteria-canadiense-6-49\/#breadcrumb","itemListElement":[{"@type":"ListItem","position":1,"name":"Home","item":"https:\/\/gambling6.com\/es\/home\/"},{"@type":"ListItem","position":2,"name":"Loter\u00eda","item":"https:\/\/gambling6.com\/es\/loteria\/"},{"@type":"ListItem","position":3,"name":"Participa en la loter\u00eda canadiense 6\/49"}]},{"@type":"WebSite","@id":"https:\/\/gambling6.com\/es\/#website","url":"https:\/\/gambling6.com\/es\/","name":"Gambling6","description":"","potentialAction":[{"@type":"SearchAction","target":{"@type":"EntryPoint","urlTemplate":"https:\/\/gambling6.com\/es\/?s={search_term_string}"},"query-input":{"@type":"PropertyValueSpecification","valueRequired":true,"valueName":"search_term_string"}}],"inLanguage":"es"}]}},"_links":{"self":[{"href":"https:\/\/gambling6.com\/es\/wp-json\/wp\/v2\/pages\/9503","targetHints":{"allow":["GET"]}}],"collection":[{"href":"https:\/\/gambling6.com\/es\/wp-json\/wp\/v2\/pages"}],"about":[{"href":"https:\/\/gambling6.com\/es\/wp-json\/wp\/v2\/types\/page"}],"author":[{"embeddable":true,"href":"https:\/\/gambling6.com\/es\/wp-json\/wp\/v2\/users\/1"}],"replies":[{"embeddable":true,"href":"https:\/\/gambling6.com\/es\/wp-json\/wp\/v2\/comments?post=9503"}],"version-history":[{"count":0,"href":"https:\/\/gambling6.com\/es\/wp-json\/wp\/v2\/pages\/9503\/revisions"}],"up":[{"embeddable":true,"href":"https:\/\/gambling6.com\/es\/wp-json\/wp\/v2\/pages\/9324"}],"wp:featuredmedia":[{"embeddable":true,"href":"https:\/\/gambling6.com\/es\/wp-json\/wp\/v2\/media\/566"}],"wp:attachment":[{"href":"https:\/\/gambling6.com\/es\/wp-json\/wp\/v2\/media?parent=9503"}],"curies":[{"name":"wp","href":"https:\/\/api.w.org\/{rel}","templated":true}]}}