{"id":9510,"date":"2025-11-11T04:10:04","date_gmt":"2025-11-11T04:10:04","guid":{"rendered":"https:\/\/gambling6.com\/loteria\/compra-boletos-para-la-loteria-de-florida-en-linea\/"},"modified":"2025-11-11T04:10:04","modified_gmt":"2025-11-11T04:10:04","slug":"compra-boletos-para-la-loteria-de-florida-en-linea","status":"publish","type":"page","link":"https:\/\/gambling6.com\/es\/loteria\/compra-boletos-para-la-loteria-de-florida-en-linea\/","title":{"rendered":"Compra boletos para la Loter\u00eda de Florida en l\u00ednea"},"content":{"rendered":"<h2>Loter\u00eda de Florida<\/h2>\n<p>\u00a1Un estado imparable, una loter\u00eda imperdible! Los floridanos seguramente coincidir\u00e1n en que su loter\u00eda es una actividad obligada todos los mi\u00e9rcoles y s\u00e1bados. Con premios mayores que comienzan en $2 millones y que con frecuencia superan los $10 millones, la Loter\u00eda de Florida se ha vuelto incre\u00edblemente popular entre los jubilados que pasan el invierno en Florida y los fan\u00e1ticos de la loter\u00eda en l\u00ednea. <strong>Comprar tus boletos en l\u00ednea para la Loter\u00eda de Florida es m\u00e1s f\u00e1cil que viajar a Florida para comprarlos.<\/strong><\/p>\n<p>Aunque las probabilidades de ganar el premio mayor son de 1 en 22,957,480, <strong>tienes m\u00e1s de 1 en 67 posibilidades de ganar uno de los premios disponibles en las cuatro categor\u00edas.<\/strong> Debido a que solo hay cuatro categor\u00edas de premios, las cantidades en efectivo son m\u00e1s altas que en la mayor\u00eda de las otras loter\u00edas. Sin embargo, ganar el premio mayor no es imposible. El premio mayor r\u00e9cord fue de poco m\u00e1s de $106 millones; este fue uno de los premios mayores m\u00e1s grandes en la historia de Estados Unidos en el momento en que se gan\u00f3.<\/p>\n<h2>La Loter\u00eda de Florida Apoya la Educaci\u00f3n<\/h2>\n<p>En 1988, para ayudar a financiar la educaci\u00f3n en el estado de Florida, se cre\u00f3 la Loter\u00eda de Florida. Se ha recaudado mucho dinero para esta causa y, con la incorporaci\u00f3n de las ventas en l\u00ednea, los premios mayores de la Loter\u00eda de Florida han crecido r\u00e1pidamente. Esto se evidencia en el premio mayor r\u00e9cord de 106 millones de d\u00f3lares de 1990. <strong>Este premio mayor r\u00e9cord fue reclamado por seis ganadores diferentes, todos con los n\u00fameros en su boleto.<\/strong><\/p>\n<p>Para jugar a esta loter\u00eda, debe elegir seis n\u00fameros entre el 1 y el 53. Para reclamar el premio mayor, simplemente debe acertar los seis n\u00fameros. Si el premio mayor no se reclama, se acumula para el siguiente sorteo. Como titular de un boleto en l\u00ednea, tiene la oportunidad de ganar cuatro niveles de premios diferentes que tambi\u00e9n pueden reportarle grandes ganancias.<\/p>\n<p>Quiz\u00e1s no soporte el clima c\u00e1lido de Florida. Sin embargo, sin duda puedes <a class=\"thirstylink\" title=\"TheLotter en\" href=\"https:\/\/gambling6.com\/go\/thelotter-en\/\" target=\"_blank\" rel=\"nofollow noopener\"><strong>aprovechar la oportunidad de obtener tus boletos en l\u00ednea para la Loter\u00eda de Florida visitando a nuestro socio, TheLotter<\/strong>.<\/a><\/p>\n<p>&nbsp;<\/p>\n<table style=\"width: 500px;\" border=\"1\" cellspacing=\"5\" cellpadding=\"5\" align=\"center\">\n<tbody>\n<tr>\n<td colspan=\"3\" align=\"center\">Los mayores premios de 2013<\/td>\n<\/tr>\n<tr>\n<td>Sorteo<\/td>\n<td align=\"center\">Fecha<\/td>\n<td align=\"center\">Premio mayor (USD)<\/td>\n<\/tr>\n<tr>\n<td>Loter\u00eda de Florida &#8211; EE. UU.<\/td>\n<td align=\"center\">24 de agosto de 2013<\/td>\n<td align=\"right\">$58.000.000<\/td>\n<\/tr>\n<tr>\n<td>Loter\u00eda de Florida &#8211; EE. UU.<\/td>\n<td align=\"center\">18 de diciembre de 2013<\/td>\n<td align=\"right\">$46,000,000<\/td>\n<\/tr>\n<\/tbody>\n<\/table>\n<table style=\"width: 500px;\" border=\"1\" cellspacing=\"5\" cellpadding=\"5\" align=\"center\">\n<tbody>\n<tr>\n<td colspan=\"3\" align=\"center\">Nivel de premios de la Loter\u00eda de Florida &#8211; EE. UU.<\/td>\n<\/tr>\n<tr>\n<td>Premio<\/td>\n<td align=\"center\">N\u00fameros acertados<\/td>\n<td align=\"center\">Probabilidades<\/td>\n<\/tr>\n<tr>\n<td>1.er premio (Bote)<\/td>\n<td align=\"center\">6<\/td>\n<td align=\"right\">22.957.480 : 1<\/td>\n<\/tr>\n<tr>\n<td>2.\u00ba premio<\/td>\n<td align=\"center\">5<\/td>\n<td align=\"right\">81.410 : 1<\/td>\n<\/tr>\n<tr>\n<td>3.\u00ba<\/td>\n<td align=\"center\">4<\/td>\n<td align=\"right\">1416 : 1<\/td>\n<\/tr>\n<tr>\n<td>4.\u00ba<\/td>\n<td align=\"center\">3<\/td>\n<td align=\"right\">71 : 1<\/td>\n<\/tr>\n<\/tbody>\n<\/table>\n","protected":false},"excerpt":{"rendered":"<p>Loter\u00eda de Florida \u00a1Un estado imparable, una loter\u00eda imperdible! Los floridanos seguramente coincidir\u00e1n en que su loter\u00eda es una actividad obligada todos los mi\u00e9rcoles y s\u00e1bados. Con premios mayores que comienzan en $2 millones y que con frecuencia superan los $10 millones, la Loter\u00eda de Florida se ha vuelto incre\u00edblemente popular entre los jubilados que [&hellip;]<\/p>\n","protected":false},"author":1,"featured_media":0,"parent":9324,"menu_order":11,"comment_status":"closed","ping_status":"closed","template":"","meta":{"footnotes":""},"class_list":["post-9510","page","type-page","status-publish","hentry"],"yoast_head":"<!-- This site is optimized with the Yoast SEO plugin v27.6 - https:\/\/yoast.com\/product\/yoast-seo-wordpress\/ -->\n<title>Consigue tus boletos en l\u00ednea para la Loter\u00eda de Florida<\/title>\n<meta name=\"description\" content=\"\u00a1Participa en la Loter\u00eda de Florida y combate el calor comprando tus boletos en l\u00ednea!\" \/>\n<meta name=\"robots\" content=\"index, follow, max-snippet:-1, max-image-preview:large, max-video-preview:-1\" \/>\n<link rel=\"canonical\" href=\"https:\/\/gambling6.com\/es\/loteria\/compra-boletos-para-la-loteria-de-florida-en-linea\/\" \/>\n<meta property=\"og:locale\" content=\"es_ES\" \/>\n<meta property=\"og:type\" content=\"article\" \/>\n<meta property=\"og:title\" content=\"Consigue tus boletos en l\u00ednea para la Loter\u00eda de Florida\" \/>\n<meta property=\"og:description\" content=\"\u00a1Participa en la Loter\u00eda de Florida y combate el calor comprando tus boletos en l\u00ednea!\" \/>\n<meta property=\"og:url\" content=\"https:\/\/gambling6.com\/es\/loteria\/compra-boletos-para-la-loteria-de-florida-en-linea\/\" \/>\n<meta property=\"og:site_name\" content=\"Gambling6\" \/>\n<meta name=\"twitter:card\" content=\"summary_large_image\" \/>\n<meta name=\"twitter:label1\" content=\"Tiempo de lectura\" \/>\n\t<meta name=\"twitter:data1\" content=\"2 minutos\" \/>\n<script type=\"application\/ld+json\" class=\"yoast-schema-graph\">{\"@context\":\"https:\\\/\\\/schema.org\",\"@graph\":[{\"@type\":\"WebPage\",\"@id\":\"https:\\\/\\\/gambling6.com\\\/es\\\/loteria\\\/compra-boletos-para-la-loteria-de-florida-en-linea\\\/\",\"url\":\"https:\\\/\\\/gambling6.com\\\/es\\\/loteria\\\/compra-boletos-para-la-loteria-de-florida-en-linea\\\/\",\"name\":\"Consigue tus boletos en l\u00ednea para la Loter\u00eda de Florida\",\"isPartOf\":{\"@id\":\"https:\\\/\\\/gambling6.com\\\/es\\\/#website\"},\"datePublished\":\"2025-11-11T04:10:04+00:00\",\"description\":\"\u00a1Participa en la Loter\u00eda de Florida y combate el calor comprando tus boletos en l\u00ednea!\",\"breadcrumb\":{\"@id\":\"https:\\\/\\\/gambling6.com\\\/es\\\/loteria\\\/compra-boletos-para-la-loteria-de-florida-en-linea\\\/#breadcrumb\"},\"inLanguage\":\"es\",\"potentialAction\":[{\"@type\":\"ReadAction\",\"target\":[\"https:\\\/\\\/gambling6.com\\\/es\\\/loteria\\\/compra-boletos-para-la-loteria-de-florida-en-linea\\\/\"]}]},{\"@type\":\"BreadcrumbList\",\"@id\":\"https:\\\/\\\/gambling6.com\\\/es\\\/loteria\\\/compra-boletos-para-la-loteria-de-florida-en-linea\\\/#breadcrumb\",\"itemListElement\":[{\"@type\":\"ListItem\",\"position\":1,\"name\":\"Home\",\"item\":\"https:\\\/\\\/gambling6.com\\\/es\\\/home\\\/\"},{\"@type\":\"ListItem\",\"position\":2,\"name\":\"Loter\u00eda\",\"item\":\"https:\\\/\\\/gambling6.com\\\/es\\\/loteria\\\/\"},{\"@type\":\"ListItem\",\"position\":3,\"name\":\"Compra boletos para la Loter\u00eda de Florida en l\u00ednea\"}]},{\"@type\":\"WebSite\",\"@id\":\"https:\\\/\\\/gambling6.com\\\/es\\\/#website\",\"url\":\"https:\\\/\\\/gambling6.com\\\/es\\\/\",\"name\":\"Gambling6\",\"description\":\"\",\"potentialAction\":[{\"@type\":\"SearchAction\",\"target\":{\"@type\":\"EntryPoint\",\"urlTemplate\":\"https:\\\/\\\/gambling6.com\\\/es\\\/?s={search_term_string}\"},\"query-input\":{\"@type\":\"PropertyValueSpecification\",\"valueRequired\":true,\"valueName\":\"search_term_string\"}}],\"inLanguage\":\"es\"}]}<\/script>\n<!-- \/ Yoast SEO plugin. -->","yoast_head_json":{"title":"Consigue tus boletos en l\u00ednea para la Loter\u00eda de Florida","description":"\u00a1Participa en la Loter\u00eda de Florida y combate el calor comprando tus boletos en l\u00ednea!","robots":{"index":"index","follow":"follow","max-snippet":"max-snippet:-1","max-image-preview":"max-image-preview:large","max-video-preview":"max-video-preview:-1"},"canonical":"https:\/\/gambling6.com\/es\/loteria\/compra-boletos-para-la-loteria-de-florida-en-linea\/","og_locale":"es_ES","og_type":"article","og_title":"Consigue tus boletos en l\u00ednea para la Loter\u00eda de Florida","og_description":"\u00a1Participa en la Loter\u00eda de Florida y combate el calor comprando tus boletos en l\u00ednea!","og_url":"https:\/\/gambling6.com\/es\/loteria\/compra-boletos-para-la-loteria-de-florida-en-linea\/","og_site_name":"Gambling6","twitter_card":"summary_large_image","twitter_misc":{"Tiempo de lectura":"2 minutos"},"schema":{"@context":"https:\/\/schema.org","@graph":[{"@type":"WebPage","@id":"https:\/\/gambling6.com\/es\/loteria\/compra-boletos-para-la-loteria-de-florida-en-linea\/","url":"https:\/\/gambling6.com\/es\/loteria\/compra-boletos-para-la-loteria-de-florida-en-linea\/","name":"Consigue tus boletos en l\u00ednea para la Loter\u00eda de Florida","isPartOf":{"@id":"https:\/\/gambling6.com\/es\/#website"},"datePublished":"2025-11-11T04:10:04+00:00","description":"\u00a1Participa en la Loter\u00eda de Florida y combate el calor comprando tus boletos en l\u00ednea!","breadcrumb":{"@id":"https:\/\/gambling6.com\/es\/loteria\/compra-boletos-para-la-loteria-de-florida-en-linea\/#breadcrumb"},"inLanguage":"es","potentialAction":[{"@type":"ReadAction","target":["https:\/\/gambling6.com\/es\/loteria\/compra-boletos-para-la-loteria-de-florida-en-linea\/"]}]},{"@type":"BreadcrumbList","@id":"https:\/\/gambling6.com\/es\/loteria\/compra-boletos-para-la-loteria-de-florida-en-linea\/#breadcrumb","itemListElement":[{"@type":"ListItem","position":1,"name":"Home","item":"https:\/\/gambling6.com\/es\/home\/"},{"@type":"ListItem","position":2,"name":"Loter\u00eda","item":"https:\/\/gambling6.com\/es\/loteria\/"},{"@type":"ListItem","position":3,"name":"Compra boletos para la Loter\u00eda de Florida en l\u00ednea"}]},{"@type":"WebSite","@id":"https:\/\/gambling6.com\/es\/#website","url":"https:\/\/gambling6.com\/es\/","name":"Gambling6","description":"","potentialAction":[{"@type":"SearchAction","target":{"@type":"EntryPoint","urlTemplate":"https:\/\/gambling6.com\/es\/?s={search_term_string}"},"query-input":{"@type":"PropertyValueSpecification","valueRequired":true,"valueName":"search_term_string"}}],"inLanguage":"es"}]}},"_links":{"self":[{"href":"https:\/\/gambling6.com\/es\/wp-json\/wp\/v2\/pages\/9510","targetHints":{"allow":["GET"]}}],"collection":[{"href":"https:\/\/gambling6.com\/es\/wp-json\/wp\/v2\/pages"}],"about":[{"href":"https:\/\/gambling6.com\/es\/wp-json\/wp\/v2\/types\/page"}],"author":[{"embeddable":true,"href":"https:\/\/gambling6.com\/es\/wp-json\/wp\/v2\/users\/1"}],"replies":[{"embeddable":true,"href":"https:\/\/gambling6.com\/es\/wp-json\/wp\/v2\/comments?post=9510"}],"version-history":[{"count":0,"href":"https:\/\/gambling6.com\/es\/wp-json\/wp\/v2\/pages\/9510\/revisions"}],"up":[{"embeddable":true,"href":"https:\/\/gambling6.com\/es\/wp-json\/wp\/v2\/pages\/9324"}],"wp:attachment":[{"href":"https:\/\/gambling6.com\/es\/wp-json\/wp\/v2\/media?parent=9510"}],"curies":[{"name":"wp","href":"https:\/\/api.w.org\/{rel}","templated":true}]}}