{"id":9534,"date":"2025-11-11T04:17:58","date_gmt":"2025-11-11T04:17:58","guid":{"rendered":"https:\/\/gambling6.com\/loteria\/consigue-tus-boletos-en-linea-para-la-loteria-eurojackpot\/"},"modified":"2025-11-11T04:17:58","modified_gmt":"2025-11-11T04:17:58","slug":"consigue-tus-boletos-en-linea-para-la-loteria-eurojackpot","status":"publish","type":"page","link":"https:\/\/gambling6.com\/es\/loteria\/consigue-tus-boletos-en-linea-para-la-loteria-eurojackpot\/","title":{"rendered":"Consigue tus boletos en l\u00ednea para la loter\u00eda Eurojackpot."},"content":{"rendered":"<h2>Loter\u00eda Eurojackpot<\/h2>\n<p> Puedes comprar boletos de Eurojackpot en l\u00ednea y convertirte en millonario de la noche a la ma\u00f1ana. Internet te permite jugar a Eurojackpot en l\u00ednea, junto con muchas otras loter\u00edas europeas. Puedes hacerlo comprando boletos en l\u00ednea desde la comodidad de tu casa. Olv\u00eddate de ir a la tienda de la esquina o a los quioscos de loter\u00eda; consigue tus boletos de Eurojackpot en l\u00ednea. src=\u00bbhttps:\/\/gambling6.com\/wp-content\/uploads\/2013\/12\/play-euro-jackpot-online.jpg\u00bb alt=\u00bbComprar boletos de Eurojackpot en l\u00ednea\u00bb width=\u00bb240&#8243; height=\u00bb218&#8243; \/><\/p>\n<p>Si quieres ser uno de los millones de personas que buscan ganar enormes premios, solo tienes que elegir tus siete n\u00fameros en l\u00ednea y cobrar usando uno de los muchos m\u00e9todos de pago disponibles. Comprar boletos de loter\u00eda en l\u00ednea nunca ha sido tan f\u00e1cil. En cualquier rinc\u00f3n de Europa, puedes comprar boletos en l\u00ednea para varias de las principales loter\u00edas con grandes premios.<\/p>\n<h2>Compra boletos en l\u00ednea para Eurojackpot desde cualquier pa\u00eds<\/h2>\n<p>No existen fronteras cuando se trata de comprar boletos en l\u00ednea. Ya sea que est\u00e9s en Cuba o China, puedes usar internet para comprar tus boletos de forma r\u00e1pida, sencilla y segura a trav\u00e9s de nuestro socio RedFoxLotto. <a class=\"thirstylink\" title=\"RedFoxLotto en\" href=\"https:\/\/gambling6.com\/go\/redfoxlotto-en\/\" target=\"_blank\" rel=\"nofollow noopener\">Reg\u00edstrate aqu\u00ed, inicia sesi\u00f3n en tu cuenta<\/a>, elige tus n\u00fameros, paga y espera a que tu boleto coincida con los resultados del sorteo.<\/p>\n<p>RedFoxLotto no acepta jugadores de loter\u00eda residentes en Estados Unidos; en su lugar, los jugadores estadounidenses pueden probar TheLotter, otra opci\u00f3n para comprar boletos de loter\u00eda internacionales.<\/p>\n<p><a href=\"https:\/\/smarturl.it\/theBig_Play?tl_affid=8190&amp;tl_bannerid=6cc3afab\" target=\"_self\" rel=\"noopener\"><img loading=\"lazy\" decoding=\"async\" class=\"aligncenter\" title=\"\" src=\"\/\/www.thelotter-affiliates.com\/accounts\/default1\/banners\/6cc3afab.gif\" alt=\"\" width=\"468\" height=\"60\" \/><\/a><\/p>\n<h2>Grandes premios con tus boletos online de Eurojackpot<\/h2>\n<table style=\"width: 500px;\" border=\"1\" cellspacing=\"5\" cellpadding=\"5\" align=\"center\">\n<tbody>\n<tr>\n<td colspan=\"3\" align=\"center\">Los cinco mayores premios de 2013<\/td>\n<\/tr>\n<tr>\n<td>Sorteo<\/td>\n<td align=\"center\">Fecha<\/td>\n<td align=\"center\">Premio (USD)<\/td>\n<\/tr>\n<tr>\n<td>Premio mayor en euros &#8211; Europa<\/td>\n<td align=\"center\">12-abr-13<\/td>\n<td align=\"right\">$63.128.694<\/td>\n<\/tr>\n<tr>\n<td>Premio mayor en euros &#8211; Europa<\/td>\n<td align=\"center\">19-jul-13<\/td>\n<td align=\"right\">$56.886.414<\/td>\n<\/tr>\n<tr>\n<td>Bote del Euro &#8211; Europa<\/td>\n<td align=\"center\">25-ene-13<\/td>\n<td align=\"right\">$40.470.680<\/td>\n<\/tr>\n<tr>\n<td>Bote del Euro &#8211; Europa<\/td>\n<td align=\"center\">27-sep-13<\/td>\n<td align=\"right\">$29.122.090<\/td>\n<\/tr>\n<tr>\n<td>Bote del Euro &#8211; Europa<\/td>\n<td align=\"center\">7-dic-13<\/td>\n<td align=\"right\">$28.770.000<\/td>\n<\/tr>\n<\/table>\n<h2>\u00a0Doce posibilidades de ganar con tus boletos de Eurojackpot en l\u00ednea<\/h2>\n<table style=\"width: 500px;\" border=\"1\" cellspacing=\"5\" cellpadding=\"5\" align=\"center\">\n<tbody>\n<tr>\n<td colspan=\"3\" align=\"center\">Niveles de premios del Eurojackpot<\/td>\n<\/tr>\n<tr>\n<td>Premio<\/td>\n<td align=\"center\">Partidos<\/td>\n<td align=\"center\">Probabilidades<\/td>\n<\/tr>\n<tr>\n<td>1.er premio (Bote)<\/td>\n<td align=\"center\">5 + 2<\/td>\n<td align=\"right\">59.325.280 : 1<\/td>\n<\/tr>\n<tr>\n<td>2.\u00ba premio<\/td>\n<td align=\"center\">5 + 1<\/td>\n<td align=\"right\">4.943.773 : 1<\/td>\n<\/tr>\n<tr>\n<td>3.\u00ba<\/td>\n<td align=\"center\">5<\/td>\n<td align=\"right\">3.955.019 : 1<\/td>\n<\/tr>\n<tr>\n<td>4.\u00ba<\/td>\n<td align=\"center\">4 + 2<\/td>\n<td align=\"right\">263.668 : 1<\/td>\n<\/tr>\n<tr>\n<td>5.\u00ba<\/td>\n<td align=\"center\">4 + 1<\/td>\n<td align=\"right\">21.972 : 1<\/td>\n<\/tr>\n<tr>\n<td>6.\u00ba<\/td>\n<td align=\"center\">4<\/td>\n<td align=\"right\">17.578 : 1<\/td>\n<\/tr>\n<tr>\n<td>7.\u00ba<\/td>\n<td align=\"center\">3 + 2<\/td>\n<td align=\"right\">5992 : 1<\/td>\n<\/tr>\n<tr>\n<td>8.\u00ba<\/td>\n<td align=\"center\">3 + 1<\/td>\n<td align=\"right\">499 : 1<\/td>\n<\/tr>\n<tr>\n<td>9.\u00ba<\/td>\n<td align=\"center\">2 + 2<\/td>\n<td align=\"right\">418 : 1<\/td>\n<\/tr>\n<tr>\n<td>10.\u00ba<\/td>\n<td align=\"center\">3<\/td>\n<td align=\"right\">399 : 1<\/td>\n<\/tr>\n<tr>\n<td>11.\u00ba<\/td>\n<td align=\"center\">1 + 2<\/td>\n<td align=\"right\">80 : 1<\/td>\n<\/tr>\n<tr>\n<td>12.\u00ba<\/td>\n<td align=\"center\">2 + 1<\/td>\n<td align=\"right\">35 : 1<\/td>\n<\/tr>\n<\/tbody>\n<\/table>\n<p style=\"text-align: center;\"><strong>No dejes pasar la oportunidad de convertirte en millonario. Reg\u00edstrate hoy mismo para comprar tus boletos de Eurojackpot en l\u00ednea.<\/strong><\/p>\n","protected":false},"excerpt":{"rendered":"<p>Loter\u00eda Eurojackpot Puedes comprar boletos de Eurojackpot en l\u00ednea y convertirte en millonario de la noche a la ma\u00f1ana. Internet te permite jugar a Eurojackpot en l\u00ednea, junto con muchas otras loter\u00edas europeas. Puedes hacerlo comprando boletos en l\u00ednea desde la comodidad de tu casa. Olv\u00eddate de ir a la tienda de la esquina o [&hellip;]<\/p>\n","protected":false},"author":1,"featured_media":556,"parent":9324,"menu_order":10,"comment_status":"closed","ping_status":"closed","template":"","meta":{"footnotes":""},"class_list":["post-9534","page","type-page","status-publish","has-post-thumbnail","hentry"],"yoast_head":"<!-- This site is optimized with the Yoast SEO plugin v27.4 - https:\/\/yoast.com\/product\/yoast-seo-wordpress\/ -->\n<title>Compra boletos para la loter\u00eda Eurojackpot en l\u00ednea<\/title>\n<meta name=\"description\" content=\"\u00a1Puedes ganar much\u00edsimo dinero jugando a Eurojackpot comprando tus boletos de loter\u00eda online!\" \/>\n<meta name=\"robots\" content=\"index, follow, max-snippet:-1, max-image-preview:large, max-video-preview:-1\" \/>\n<link rel=\"canonical\" href=\"https:\/\/gambling6.com\/es\/loteria\/consigue-tus-boletos-en-linea-para-la-loteria-eurojackpot\/\" \/>\n<meta property=\"og:locale\" content=\"es_ES\" \/>\n<meta property=\"og:type\" content=\"article\" \/>\n<meta property=\"og:title\" content=\"Compra boletos para la loter\u00eda Eurojackpot en l\u00ednea\" \/>\n<meta property=\"og:description\" content=\"\u00a1Puedes ganar much\u00edsimo dinero jugando a Eurojackpot comprando tus boletos de loter\u00eda online!\" \/>\n<meta property=\"og:url\" content=\"https:\/\/gambling6.com\/es\/loteria\/consigue-tus-boletos-en-linea-para-la-loteria-eurojackpot\/\" \/>\n<meta property=\"og:site_name\" content=\"Gambling6\" \/>\n<meta property=\"og:image\" content=\"https:\/\/gambling6.com\/wp-content\/uploads\/2013\/12\/play-euro-jackpot-online.jpg\" \/>\n\t<meta property=\"og:image:width\" content=\"285\" \/>\n\t<meta property=\"og:image:height\" content=\"259\" \/>\n\t<meta property=\"og:image:type\" content=\"image\/jpeg\" \/>\n<meta name=\"twitter:card\" content=\"summary_large_image\" \/>\n<meta name=\"twitter:label1\" content=\"Tiempo de lectura\" \/>\n\t<meta name=\"twitter:data1\" content=\"2 minutos\" \/>\n<script type=\"application\/ld+json\" class=\"yoast-schema-graph\">{\"@context\":\"https:\\\/\\\/schema.org\",\"@graph\":[{\"@type\":\"WebPage\",\"@id\":\"https:\\\/\\\/gambling6.com\\\/es\\\/loteria\\\/consigue-tus-boletos-en-linea-para-la-loteria-eurojackpot\\\/\",\"url\":\"https:\\\/\\\/gambling6.com\\\/es\\\/loteria\\\/consigue-tus-boletos-en-linea-para-la-loteria-eurojackpot\\\/\",\"name\":\"Compra boletos para la loter\u00eda Eurojackpot en l\u00ednea\",\"isPartOf\":{\"@id\":\"https:\\\/\\\/gambling6.com\\\/es\\\/#website\"},\"primaryImageOfPage\":{\"@id\":\"https:\\\/\\\/gambling6.com\\\/es\\\/loteria\\\/consigue-tus-boletos-en-linea-para-la-loteria-eurojackpot\\\/#primaryimage\"},\"image\":{\"@id\":\"https:\\\/\\\/gambling6.com\\\/es\\\/loteria\\\/consigue-tus-boletos-en-linea-para-la-loteria-eurojackpot\\\/#primaryimage\"},\"thumbnailUrl\":\"https:\\\/\\\/gambling6.com\\\/wp-content\\\/uploads\\\/2013\\\/12\\\/play-euro-jackpot-online.jpg\",\"datePublished\":\"2025-11-11T04:17:58+00:00\",\"description\":\"\u00a1Puedes ganar much\u00edsimo dinero jugando a Eurojackpot comprando tus boletos de loter\u00eda online!\",\"breadcrumb\":{\"@id\":\"https:\\\/\\\/gambling6.com\\\/es\\\/loteria\\\/consigue-tus-boletos-en-linea-para-la-loteria-eurojackpot\\\/#breadcrumb\"},\"inLanguage\":\"es\",\"potentialAction\":[{\"@type\":\"ReadAction\",\"target\":[\"https:\\\/\\\/gambling6.com\\\/es\\\/loteria\\\/consigue-tus-boletos-en-linea-para-la-loteria-eurojackpot\\\/\"]}]},{\"@type\":\"ImageObject\",\"inLanguage\":\"es\",\"@id\":\"https:\\\/\\\/gambling6.com\\\/es\\\/loteria\\\/consigue-tus-boletos-en-linea-para-la-loteria-eurojackpot\\\/#primaryimage\",\"url\":\"https:\\\/\\\/gambling6.com\\\/wp-content\\\/uploads\\\/2013\\\/12\\\/play-euro-jackpot-online.jpg\",\"contentUrl\":\"https:\\\/\\\/gambling6.com\\\/wp-content\\\/uploads\\\/2013\\\/12\\\/play-euro-jackpot-online.jpg\",\"width\":285,\"height\":259},{\"@type\":\"BreadcrumbList\",\"@id\":\"https:\\\/\\\/gambling6.com\\\/es\\\/loteria\\\/consigue-tus-boletos-en-linea-para-la-loteria-eurojackpot\\\/#breadcrumb\",\"itemListElement\":[{\"@type\":\"ListItem\",\"position\":1,\"name\":\"Home\",\"item\":\"https:\\\/\\\/gambling6.com\\\/es\\\/home\\\/\"},{\"@type\":\"ListItem\",\"position\":2,\"name\":\"Loter\u00eda\",\"item\":\"https:\\\/\\\/gambling6.com\\\/es\\\/loteria\\\/\"},{\"@type\":\"ListItem\",\"position\":3,\"name\":\"Consigue tus boletos en l\u00ednea para la loter\u00eda Eurojackpot.\"}]},{\"@type\":\"WebSite\",\"@id\":\"https:\\\/\\\/gambling6.com\\\/es\\\/#website\",\"url\":\"https:\\\/\\\/gambling6.com\\\/es\\\/\",\"name\":\"Gambling6\",\"description\":\"\",\"potentialAction\":[{\"@type\":\"SearchAction\",\"target\":{\"@type\":\"EntryPoint\",\"urlTemplate\":\"https:\\\/\\\/gambling6.com\\\/es\\\/?s={search_term_string}\"},\"query-input\":{\"@type\":\"PropertyValueSpecification\",\"valueRequired\":true,\"valueName\":\"search_term_string\"}}],\"inLanguage\":\"es\"}]}<\/script>\n<!-- \/ Yoast SEO plugin. -->","yoast_head_json":{"title":"Compra boletos para la loter\u00eda Eurojackpot en l\u00ednea","description":"\u00a1Puedes ganar much\u00edsimo dinero jugando a Eurojackpot comprando tus boletos de loter\u00eda online!","robots":{"index":"index","follow":"follow","max-snippet":"max-snippet:-1","max-image-preview":"max-image-preview:large","max-video-preview":"max-video-preview:-1"},"canonical":"https:\/\/gambling6.com\/es\/loteria\/consigue-tus-boletos-en-linea-para-la-loteria-eurojackpot\/","og_locale":"es_ES","og_type":"article","og_title":"Compra boletos para la loter\u00eda Eurojackpot en l\u00ednea","og_description":"\u00a1Puedes ganar much\u00edsimo dinero jugando a Eurojackpot comprando tus boletos de loter\u00eda online!","og_url":"https:\/\/gambling6.com\/es\/loteria\/consigue-tus-boletos-en-linea-para-la-loteria-eurojackpot\/","og_site_name":"Gambling6","og_image":[{"width":285,"height":259,"url":"https:\/\/gambling6.com\/wp-content\/uploads\/2013\/12\/play-euro-jackpot-online.jpg","type":"image\/jpeg"}],"twitter_card":"summary_large_image","twitter_misc":{"Tiempo de lectura":"2 minutos"},"schema":{"@context":"https:\/\/schema.org","@graph":[{"@type":"WebPage","@id":"https:\/\/gambling6.com\/es\/loteria\/consigue-tus-boletos-en-linea-para-la-loteria-eurojackpot\/","url":"https:\/\/gambling6.com\/es\/loteria\/consigue-tus-boletos-en-linea-para-la-loteria-eurojackpot\/","name":"Compra boletos para la loter\u00eda Eurojackpot en l\u00ednea","isPartOf":{"@id":"https:\/\/gambling6.com\/es\/#website"},"primaryImageOfPage":{"@id":"https:\/\/gambling6.com\/es\/loteria\/consigue-tus-boletos-en-linea-para-la-loteria-eurojackpot\/#primaryimage"},"image":{"@id":"https:\/\/gambling6.com\/es\/loteria\/consigue-tus-boletos-en-linea-para-la-loteria-eurojackpot\/#primaryimage"},"thumbnailUrl":"https:\/\/gambling6.com\/wp-content\/uploads\/2013\/12\/play-euro-jackpot-online.jpg","datePublished":"2025-11-11T04:17:58+00:00","description":"\u00a1Puedes ganar much\u00edsimo dinero jugando a Eurojackpot comprando tus boletos de loter\u00eda online!","breadcrumb":{"@id":"https:\/\/gambling6.com\/es\/loteria\/consigue-tus-boletos-en-linea-para-la-loteria-eurojackpot\/#breadcrumb"},"inLanguage":"es","potentialAction":[{"@type":"ReadAction","target":["https:\/\/gambling6.com\/es\/loteria\/consigue-tus-boletos-en-linea-para-la-loteria-eurojackpot\/"]}]},{"@type":"ImageObject","inLanguage":"es","@id":"https:\/\/gambling6.com\/es\/loteria\/consigue-tus-boletos-en-linea-para-la-loteria-eurojackpot\/#primaryimage","url":"https:\/\/gambling6.com\/wp-content\/uploads\/2013\/12\/play-euro-jackpot-online.jpg","contentUrl":"https:\/\/gambling6.com\/wp-content\/uploads\/2013\/12\/play-euro-jackpot-online.jpg","width":285,"height":259},{"@type":"BreadcrumbList","@id":"https:\/\/gambling6.com\/es\/loteria\/consigue-tus-boletos-en-linea-para-la-loteria-eurojackpot\/#breadcrumb","itemListElement":[{"@type":"ListItem","position":1,"name":"Home","item":"https:\/\/gambling6.com\/es\/home\/"},{"@type":"ListItem","position":2,"name":"Loter\u00eda","item":"https:\/\/gambling6.com\/es\/loteria\/"},{"@type":"ListItem","position":3,"name":"Consigue tus boletos en l\u00ednea para la loter\u00eda Eurojackpot."}]},{"@type":"WebSite","@id":"https:\/\/gambling6.com\/es\/#website","url":"https:\/\/gambling6.com\/es\/","name":"Gambling6","description":"","potentialAction":[{"@type":"SearchAction","target":{"@type":"EntryPoint","urlTemplate":"https:\/\/gambling6.com\/es\/?s={search_term_string}"},"query-input":{"@type":"PropertyValueSpecification","valueRequired":true,"valueName":"search_term_string"}}],"inLanguage":"es"}]}},"_links":{"self":[{"href":"https:\/\/gambling6.com\/es\/wp-json\/wp\/v2\/pages\/9534","targetHints":{"allow":["GET"]}}],"collection":[{"href":"https:\/\/gambling6.com\/es\/wp-json\/wp\/v2\/pages"}],"about":[{"href":"https:\/\/gambling6.com\/es\/wp-json\/wp\/v2\/types\/page"}],"author":[{"embeddable":true,"href":"https:\/\/gambling6.com\/es\/wp-json\/wp\/v2\/users\/1"}],"replies":[{"embeddable":true,"href":"https:\/\/gambling6.com\/es\/wp-json\/wp\/v2\/comments?post=9534"}],"version-history":[{"count":0,"href":"https:\/\/gambling6.com\/es\/wp-json\/wp\/v2\/pages\/9534\/revisions"}],"up":[{"embeddable":true,"href":"https:\/\/gambling6.com\/es\/wp-json\/wp\/v2\/pages\/9324"}],"wp:featuredmedia":[{"embeddable":true,"href":"https:\/\/gambling6.com\/es\/wp-json\/wp\/v2\/media\/556"}],"wp:attachment":[{"href":"https:\/\/gambling6.com\/es\/wp-json\/wp\/v2\/media?parent=9534"}],"curies":[{"name":"wp","href":"https:\/\/api.w.org\/{rel}","templated":true}]}}