{"id":9538,"date":"2025-11-11T04:27:03","date_gmt":"2025-11-11T04:27:03","guid":{"rendered":"https:\/\/gambling6.com\/loteria\/consigue-tus-boletos-en-linea-para-la-loteria-australiana\/"},"modified":"2025-11-11T04:27:03","modified_gmt":"2025-11-11T04:27:03","slug":"consigue-tus-boletos-en-linea-para-la-loteria-australiana","status":"publish","type":"page","link":"https:\/\/gambling6.com\/es\/loteria\/consigue-tus-boletos-en-linea-para-la-loteria-australiana\/","title":{"rendered":"Consigue tus boletos en l\u00ednea para la Loter\u00eda Australiana"},"content":{"rendered":"<h2>La Loter\u00eda Australiana<\/h2>\n<p>Cada semana, los martes y jueves, se celebran en Australia dos emocionantes loter\u00edas: Powerball y Oz Lotto. Los boletos se pueden comprar en l\u00ednea. Comprar boletos para la Loter\u00eda Australiana en l\u00ednea es muy sencillo. La gente juega a estas loter\u00edas por los premios mayores, que suelen ser de 50 millones de d\u00f3lares o m\u00e1s.<\/p>\n<p>Las probabilidades de ganar ambos premios son bastante favorables, dado su tama\u00f1o, y gracias a la posibilidad de comprar boletos en l\u00ednea, aumentan r\u00e1pidamente. A nivel mundial, estos premios mayores han ganado popularidad en los \u00faltimos a\u00f1os. Cada d\u00eda se habla m\u00e1s de estos sorteos en las noticias.<\/p>\n<h2>Los boletos de Oz Lotto en l\u00ednea son seguros.<\/h2>\n<p>Puedes elegir tus 7 n\u00fameros de forma segura y esperar el sorteo. Nuestro socio <a class=\"thirstylink\" title=\"Redfoxlotto\" href=\"https:\/\/gambling6.com\/go\/redfoxlotto\/\" target=\"_blank\" rel=\"nofollow noopener\">RedFoxLotto.com<\/a> se encarga de todo para que comprar boletos de loter\u00eda en l\u00ednea sea una experiencia sin complicaciones. Solo tienes que relajarte y esperar a ganar.<\/p>\n<p>Los jugadores de EE. UU. <span style=\"box-sizing: border-box; margin: 0px; padding: 0px;\">que deseen participar y comprar un boleto en l\u00ednea para Powerball o cualquier otra loter\u00eda de Australia deber\u00edan optar por nuestra segunda recomendaci\u00f3n: <a href=\"https:\/\/gambling6.com\/go\/thelotter-en\/\" target=\"_blank\" rel=\"noopener\">TheLotter. Haz clic aqu\u00ed para visitar<\/a><\/span><a class=\"thirstylink\" title=\"TheLotter en\" href=\"https:\/\/gambling6.com\/go\/thelotter-en\/\" target=\"_blank\" rel=\"nofollow noopener\">\u00a0su sitio web.<\/a><\/p>\n<h2>Grandes premios mayores con boletos en l\u00ednea para Powerball Australia<\/h2>\n<table style=\"width: 500px;\" border=\"1\" cellspacing=\"5\" cellpadding=\"5\" align=\"center\">\n<tbody>\n<tr>\n<td colspan=\"3\" align=\"center\">Los cinco mayores premios de 2013<\/td>\n<\/tr>\n<tr>\n<td>Sorteo<\/td>\n<td align=\"center\">Fecha<\/td>\n<td align=\"center\">Premio (USD)<\/td>\n<\/tr>\n<tr>\n<td>Powerball &#8211; Australia<\/td>\n<td align=\"center\">2 de mayo de 2013<\/td>\n<td align=\"right\">$55.229.291<\/td>\n<\/tr>\n<tr>\n<td>Powerball &#8211; Australia<\/td>\n<td align=\"center\">18 de julio de 2013<\/td>\n<td align=\"right\">$26.700.000<\/td>\n<\/tr>\n<tr>\n<td>Powerball &#8211; Australia<\/td>\n<td align=\"center\">19-sep-13<\/td>\n<td align=\"right\">$26.700.000<\/td>\n<\/tr>\n<tr>\n<td>Powerball &#8211; Australia<\/td>\n<td align=\"center\">24-oct-13<\/td>\n<td align=\"right\">$26.700.000<\/td>\n<\/tr>\n<tr>\n<td>Powerball &#8211; Australia<\/td>\n<td align=\"center\">3-ene-13<\/td>\n<td align=\"right\">$22.250.000<\/td>\n<\/tr>\n<\/tbody>\n<\/table>\n<h2>\u00a0Ocho categor\u00edas de premios para el Powerball australiano compradores de boletos en l\u00ednea<\/h2>\n<table style=\"width: 500px;\" border=\"1\" cellspacing=\"5\" cellpadding=\"5\" align=\"center\">\n<tbody>\n<tr>\n<td colspan=\"3\" align=\"center\">Niveles de Premios de la Loter\u00eda Powerball &#8211; Australia<\/td>\n<\/tr>\n<tr>\n<td>Premio<\/td>\n<td align=\"center\">Aciertos<\/td>\n<td align=\"center\">Probabilidades<\/td>\n<\/tr>\n<tr>\n<td>1.er premio (Bote)<\/td>\n<td align=\"center\">6 + 1<\/td>\n<td align=\"right\">76.767.600 : 1<\/td>\n<\/tr>\n<tr>\n<td>2.\u00ba premio<\/td>\n<td align=\"center\">6<\/td>\n<td align=\"right\">4.040.400 : 1<\/td>\n<\/tr>\n<tr>\n<td>3.\u00ba<\/td>\n<td align=\"center\">5 + 1<\/td>\n<td align=\"right\">376.312 : 1<\/td>\n<\/tr>\n<tr>\n<td>4.\u00ba<\/td>\n<td align=\"center\">5<\/td>\n<td align=\"right\">19.806 : 1<\/td>\n<\/tr>\n<tr>\n<td>5.\u00ba<\/td>\n<td align=\"center\">4 + 1<\/td>\n<td align=\"right\">9.123 : 1<\/td>\n<\/tr>\n<tr>\n<td>6.\u00ba<\/td>\n<td align=\"center\">3 + 1<\/td>\n<td align=\"right\">641 : 1<\/td>\n<\/tr>\n<tr>\n<td>7.\u00ba<\/td>\n<td align=\"center\">4<\/td>\n<td align=\"right\">480 : 1<\/td>\n<\/tr>\n<tr>\n<td>8.\u00ba<\/td>\n<td align=\"center\">2 + 1<\/td>\n<td align=\"right\">110 : 1<\/td>\n<\/tr>\n<\/tbody>\n<\/table>\n<h2>\u00a0Los poseedores de boletos de Oz Lotto en l\u00ednea pueden ganar a lo grande<\/h2>\n<table style=\"width: 500px;\" border=\"1\" cellspacing=\"5\" cellpadding=\"5\" align=\"center\">\n<tbody>\n<tr>\n<td colspan=\"3\" align=\"center\">Los cinco mayores premios de 2013<\/td>\n<\/tr>\n<tr>\n<td>Sorteo<\/td>\n<td align=\"center\">Fecha<\/td>\n<td align=\"center\">Premio mayor (USD)<\/td>\n<\/tr>\n<tr>\n<td>Oz Lotto &#8211; Australia<\/td>\n<td align=\"center\">17-dic-13<\/td>\n<td align=\"right\">$62.300.000<\/td>\n<\/tr>\n<tr>\n<td>Oz Lotto &#8211; Australia<\/td>\n<td align=\"center\">2-jul-13<\/td>\n<td align=\"right\">$44.500.000<\/td>\n<\/tr>\n<tr>\n<td>Oz Lotto &#8211; Australia<\/td>\n<td align=\"center\">30-abr-13<\/td>\n<td align=\"right\">$26.700.000<\/td>\n<\/tr>\n<tr>\n<td>Oz Lotto &#8211; Australia<\/td>\n<td align=\"center\">29-ene-13<\/td>\n<td align=\"right\">$20.296.484<\/td>\n<\/tr>\n<tr>\n<td>Oz Lotto &#8211; Australia<\/td>\n<td align=\"center\">3-sep-13<\/td>\n<td align=\"right\">$19.790.620<\/td>\n<\/tr>\n<\/tbody>\n<\/table>\n<h2>\u00a0Consultar boletos en l\u00ednea para ver si hay alguna coincidencia que pague<\/h2>\n<p>&lt;t<\/p>\n<table style=\"width: 500px;\" border=\"1\" cellspacing=\"5\" cellpadding=\"5\" align=\"center\">\n<tbody>\n<tr>\n<td colspan=\"3\" align=\"center\">Oz Lotto &#8211; Categor\u00edas de Premios de Australia<\/td>\n<\/tr>\n<tr>\n<td>Premio<\/td>\n<td align=\"center\">Aciertos<\/td>\n<td align=\"center\">Probabilidades<\/td>\n<\/tr>\n<tr>\n<td>1.er premio (Bote)<\/td>\n<td align=\"center\">7<\/td>\n<td align=\"right\">45.379.620 : 1<\/td>\n<\/tr>\n<tr>\n<td>2.\u00ba premio<\/td>\n<td align=\"center\">6 + 1<\/td>\n<td align=\"right\">3.241.401 : 1<\/td>\n<\/tr>\n<tr>\n<td>3.\u00ba<\/td>\n<td align=\"center\">6<\/td>\n<td align=\"right\">180.078 : 1<\/td>\n<\/tr>\n<tr>\n<td>4.\u00ba<\/td>\n<td align=\"center\">5 + 1<\/td>\n<td align=\"right\">29.602 : 1<\/td>\n<\/tr>\n<tr>\n<td>5.\u00ba<\/td>\n<td align=\"center\">5<\/td>\n<td align=\"right\">3.430 : 1<\/td>\n<\/tr>\n<tr>\n<td>6.\u00ba<\/td>\n<td align=\"center\">4<\/td>\n<td align=\"right\">154 : 1<\/td>\n<\/tr>\n<tr>\n<td>7.\u00ba<\/td>\n<td align=\"center\">3 + 1<\/td>\n<td align=\"right\">55 : 1<\/td>\n<\/tr>\n<\/tbody>\n<\/table>\n","protected":false},"excerpt":{"rendered":"<p>La Loter\u00eda Australiana Cada semana, los martes y jueves, se celebran en Australia dos emocionantes loter\u00edas: Powerball y Oz Lotto. Los boletos se pueden comprar en l\u00ednea. Comprar boletos para la Loter\u00eda Australiana en l\u00ednea es muy sencillo. La gente juega a estas loter\u00edas por los premios mayores, que suelen ser de 50 millones de [&hellip;]<\/p>\n","protected":false},"author":1,"featured_media":0,"parent":9324,"menu_order":9,"comment_status":"closed","ping_status":"closed","template":"","meta":{"footnotes":""},"class_list":["post-9538","page","type-page","status-publish","hentry"],"yoast_head":"<!-- This site is optimized with the Yoast SEO plugin v27.5 - https:\/\/yoast.com\/product\/yoast-seo-wordpress\/ -->\n<title>Compra boletos para la Loter\u00eda Australiana en l\u00ednea<\/title>\n<meta name=\"description\" content=\"Comprar boletos en l\u00ednea para las loter\u00edas australianas lleva la emoci\u00f3n a nuevos niveles.\" \/>\n<meta name=\"robots\" content=\"index, follow, max-snippet:-1, max-image-preview:large, max-video-preview:-1\" \/>\n<link rel=\"canonical\" href=\"https:\/\/gambling6.com\/es\/loteria\/consigue-tus-boletos-en-linea-para-la-loteria-australiana\/\" \/>\n<meta property=\"og:locale\" content=\"es_ES\" \/>\n<meta property=\"og:type\" content=\"article\" \/>\n<meta property=\"og:title\" content=\"Compra boletos para la Loter\u00eda Australiana en l\u00ednea\" \/>\n<meta property=\"og:description\" content=\"Comprar boletos en l\u00ednea para las loter\u00edas australianas lleva la emoci\u00f3n a nuevos niveles.\" \/>\n<meta property=\"og:url\" content=\"https:\/\/gambling6.com\/es\/loteria\/consigue-tus-boletos-en-linea-para-la-loteria-australiana\/\" \/>\n<meta property=\"og:site_name\" content=\"Gambling6\" \/>\n<meta name=\"twitter:card\" content=\"summary_large_image\" \/>\n<meta name=\"twitter:label1\" content=\"Tiempo de lectura\" \/>\n\t<meta name=\"twitter:data1\" content=\"2 minutos\" \/>\n<script type=\"application\/ld+json\" class=\"yoast-schema-graph\">{\"@context\":\"https:\\\/\\\/schema.org\",\"@graph\":[{\"@type\":\"WebPage\",\"@id\":\"https:\\\/\\\/gambling6.com\\\/es\\\/loteria\\\/consigue-tus-boletos-en-linea-para-la-loteria-australiana\\\/\",\"url\":\"https:\\\/\\\/gambling6.com\\\/es\\\/loteria\\\/consigue-tus-boletos-en-linea-para-la-loteria-australiana\\\/\",\"name\":\"Compra boletos para la Loter\u00eda Australiana en l\u00ednea\",\"isPartOf\":{\"@id\":\"https:\\\/\\\/gambling6.com\\\/es\\\/#website\"},\"datePublished\":\"2025-11-11T04:27:03+00:00\",\"description\":\"Comprar boletos en l\u00ednea para las loter\u00edas australianas lleva la emoci\u00f3n a nuevos niveles.\",\"breadcrumb\":{\"@id\":\"https:\\\/\\\/gambling6.com\\\/es\\\/loteria\\\/consigue-tus-boletos-en-linea-para-la-loteria-australiana\\\/#breadcrumb\"},\"inLanguage\":\"es\",\"potentialAction\":[{\"@type\":\"ReadAction\",\"target\":[\"https:\\\/\\\/gambling6.com\\\/es\\\/loteria\\\/consigue-tus-boletos-en-linea-para-la-loteria-australiana\\\/\"]}]},{\"@type\":\"BreadcrumbList\",\"@id\":\"https:\\\/\\\/gambling6.com\\\/es\\\/loteria\\\/consigue-tus-boletos-en-linea-para-la-loteria-australiana\\\/#breadcrumb\",\"itemListElement\":[{\"@type\":\"ListItem\",\"position\":1,\"name\":\"Home\",\"item\":\"https:\\\/\\\/gambling6.com\\\/es\\\/home\\\/\"},{\"@type\":\"ListItem\",\"position\":2,\"name\":\"Loter\u00eda\",\"item\":\"https:\\\/\\\/gambling6.com\\\/es\\\/loteria\\\/\"},{\"@type\":\"ListItem\",\"position\":3,\"name\":\"Consigue tus boletos en l\u00ednea para la Loter\u00eda Australiana\"}]},{\"@type\":\"WebSite\",\"@id\":\"https:\\\/\\\/gambling6.com\\\/es\\\/#website\",\"url\":\"https:\\\/\\\/gambling6.com\\\/es\\\/\",\"name\":\"Gambling6\",\"description\":\"\",\"potentialAction\":[{\"@type\":\"SearchAction\",\"target\":{\"@type\":\"EntryPoint\",\"urlTemplate\":\"https:\\\/\\\/gambling6.com\\\/es\\\/?s={search_term_string}\"},\"query-input\":{\"@type\":\"PropertyValueSpecification\",\"valueRequired\":true,\"valueName\":\"search_term_string\"}}],\"inLanguage\":\"es\"}]}<\/script>\n<!-- \/ Yoast SEO plugin. -->","yoast_head_json":{"title":"Compra boletos para la Loter\u00eda Australiana en l\u00ednea","description":"Comprar boletos en l\u00ednea para las loter\u00edas australianas lleva la emoci\u00f3n a nuevos niveles.","robots":{"index":"index","follow":"follow","max-snippet":"max-snippet:-1","max-image-preview":"max-image-preview:large","max-video-preview":"max-video-preview:-1"},"canonical":"https:\/\/gambling6.com\/es\/loteria\/consigue-tus-boletos-en-linea-para-la-loteria-australiana\/","og_locale":"es_ES","og_type":"article","og_title":"Compra boletos para la Loter\u00eda Australiana en l\u00ednea","og_description":"Comprar boletos en l\u00ednea para las loter\u00edas australianas lleva la emoci\u00f3n a nuevos niveles.","og_url":"https:\/\/gambling6.com\/es\/loteria\/consigue-tus-boletos-en-linea-para-la-loteria-australiana\/","og_site_name":"Gambling6","twitter_card":"summary_large_image","twitter_misc":{"Tiempo de lectura":"2 minutos"},"schema":{"@context":"https:\/\/schema.org","@graph":[{"@type":"WebPage","@id":"https:\/\/gambling6.com\/es\/loteria\/consigue-tus-boletos-en-linea-para-la-loteria-australiana\/","url":"https:\/\/gambling6.com\/es\/loteria\/consigue-tus-boletos-en-linea-para-la-loteria-australiana\/","name":"Compra boletos para la Loter\u00eda Australiana en l\u00ednea","isPartOf":{"@id":"https:\/\/gambling6.com\/es\/#website"},"datePublished":"2025-11-11T04:27:03+00:00","description":"Comprar boletos en l\u00ednea para las loter\u00edas australianas lleva la emoci\u00f3n a nuevos niveles.","breadcrumb":{"@id":"https:\/\/gambling6.com\/es\/loteria\/consigue-tus-boletos-en-linea-para-la-loteria-australiana\/#breadcrumb"},"inLanguage":"es","potentialAction":[{"@type":"ReadAction","target":["https:\/\/gambling6.com\/es\/loteria\/consigue-tus-boletos-en-linea-para-la-loteria-australiana\/"]}]},{"@type":"BreadcrumbList","@id":"https:\/\/gambling6.com\/es\/loteria\/consigue-tus-boletos-en-linea-para-la-loteria-australiana\/#breadcrumb","itemListElement":[{"@type":"ListItem","position":1,"name":"Home","item":"https:\/\/gambling6.com\/es\/home\/"},{"@type":"ListItem","position":2,"name":"Loter\u00eda","item":"https:\/\/gambling6.com\/es\/loteria\/"},{"@type":"ListItem","position":3,"name":"Consigue tus boletos en l\u00ednea para la Loter\u00eda Australiana"}]},{"@type":"WebSite","@id":"https:\/\/gambling6.com\/es\/#website","url":"https:\/\/gambling6.com\/es\/","name":"Gambling6","description":"","potentialAction":[{"@type":"SearchAction","target":{"@type":"EntryPoint","urlTemplate":"https:\/\/gambling6.com\/es\/?s={search_term_string}"},"query-input":{"@type":"PropertyValueSpecification","valueRequired":true,"valueName":"search_term_string"}}],"inLanguage":"es"}]}},"_links":{"self":[{"href":"https:\/\/gambling6.com\/es\/wp-json\/wp\/v2\/pages\/9538","targetHints":{"allow":["GET"]}}],"collection":[{"href":"https:\/\/gambling6.com\/es\/wp-json\/wp\/v2\/pages"}],"about":[{"href":"https:\/\/gambling6.com\/es\/wp-json\/wp\/v2\/types\/page"}],"author":[{"embeddable":true,"href":"https:\/\/gambling6.com\/es\/wp-json\/wp\/v2\/users\/1"}],"replies":[{"embeddable":true,"href":"https:\/\/gambling6.com\/es\/wp-json\/wp\/v2\/comments?post=9538"}],"version-history":[{"count":0,"href":"https:\/\/gambling6.com\/es\/wp-json\/wp\/v2\/pages\/9538\/revisions"}],"up":[{"embeddable":true,"href":"https:\/\/gambling6.com\/es\/wp-json\/wp\/v2\/pages\/9324"}],"wp:attachment":[{"href":"https:\/\/gambling6.com\/es\/wp-json\/wp\/v2\/media?parent=9538"}],"curies":[{"name":"wp","href":"https:\/\/api.w.org\/{rel}","templated":true}]}}