{"id":9542,"date":"2025-11-11T04:35:39","date_gmt":"2025-11-11T04:35:39","guid":{"rendered":"https:\/\/gambling6.com\/loteria\/consigue-tus-boletos-en-linea-para-la-loteria-mega-sena\/"},"modified":"2025-11-11T04:35:39","modified_gmt":"2025-11-11T04:35:39","slug":"consigue-tus-boletos-en-linea-para-la-loteria-mega-sena","status":"publish","type":"page","link":"https:\/\/gambling6.com\/es\/loteria\/consigue-tus-boletos-en-linea-para-la-loteria-mega-sena\/","title":{"rendered":"Consigue tus boletos en l\u00ednea para la loter\u00eda Mega Sena"},"content":{"rendered":"<h2>Mega Sena Loter\u00eda<\/h2>\n<p>Con un premio mayor m\u00ednimo garantizado de 1,1 millones de d\u00f3lares, la Loter\u00eda Mega Sena de Brasil atrae a una gran cantidad de jugadores dos veces por semana. Gracias a la posibilidad de comprar boletos en l\u00ednea, los premios mayores suelen ser mucho m\u00e1s altos. En un pa\u00eds conocido mundialmente por sus hermosas mujeres en las playas y su ambiente festivo, la Loter\u00eda Nacional Mega Sena de Brasil a\u00f1ade emoci\u00f3n con premios mayores que pueden alcanzar los 35 millones de d\u00f3lares.<\/p>\n<p><strong>Como si 35 millones de d\u00f3lares no fueran suficientes, en la v\u00edspera de A\u00f1o Nuevo se realiza un sorteo especial con un premio mayor garantizado de 200 millones de d\u00f3lares.<\/strong><\/p>\n<p>La Loter\u00eda Mega Sena, que se celebra dos veces por semana en Brasil, es la m\u00e1s grande de Sudam\u00e9rica y se puede comprar en l\u00ednea. Los residentes de Brasil, junto con muchos jugadores en l\u00ednea, acuden en masa a comprar boletos dos veces por semana para esta loter\u00eda f\u00e1cil de jugar.<\/p>\n<h2>Juega a la Loter\u00eda Mega-Sena online.<\/h2>\n<p> Para participar en esta loter\u00eda, solo tienes que seleccionar seis n\u00fameros entre el 1 y el 60 y esperar el sorteo. Para ganar el premio mayor, solo tienes que acertar los seis n\u00fameros. <strong>Como jugador online, el siguiente paso ser\u00eda volar a Brasil<\/strong>, reclamar tu premio y celebrar en la playa con todos tus nuevos amigos.<\/p>\n<p>Las probabilidades de ganar la Mega Sena con tus boletos online son de aproximadamente 50.000.000 a 1. Comprar boletos de la Mega Sena online tambi\u00e9n te da la oportunidad de ganar uno de los premios de segunda o tercera categor\u00eda, que suelen ser sustanciosos. <a class=\"thirstylink\" title=\"Redfoxlotto\" href=\"https:\/\/gambling6.com\/go\/redfoxlotto\/\" target=\"_blank\" rel=\"nofollow noopener\">Haz clic aqu\u00ed para visitar a nuestro socio RedFoxlotto y comprar tus boletos para la loter\u00eda Mega Sena en l\u00ednea.<\/a><\/p>\n<table style=\"width: 500px;\" border=\"1\" cellspacing=\"5\" cellpadding=\"5\" align=\"center\">\n<tbody>\n<tr>\n<td colspan=\"3\" align=\"center\">Los cinco mayores premios de 2013<\/td>\n<\/tr>\n<tr>\n<td>Sorteo<\/td>\n<td align=\"center\">Fecha<\/td>\n<td align=\"center\">Premio (USD)<\/td>\n<\/tr>\n<tr>\n<td>Mega-Sena &#8211; Latinoam\u00e9rica<\/td>\n<td align=\"center\">6 de noviembre de 2013<\/td>\n<td align=\"right\">$34.615.000<\/td>\n<\/tr>\n<tr>\n<td>Mega-Sena &#8211; Latinoam\u00e9rica<\/td>\n<td align=\"center\">1 de junio de 2013<\/td>\n<td align=\"right\">$18.505.745<\/td>\n<\/tr>\n<tr>\n<td>Mega-Sena &#8211; Latinoam\u00e9rica<\/td>\n<td align=\"center\">3 de julio de 2013<\/td>\n<td align=\"right\">$18.205.319<\/td>\n<\/tr>\n<tr>\n<td>Mega-Sena &#8211; Latinoam\u00e9rica<\/td>\n<td align=\"center\">31 de agosto de 2013<\/td>\n<td align=\"right\">$13.760.000<\/td>\n<\/tr>\n<tr>\n<td>Mega-Sena &#8211; Latinoam\u00e9rica<\/td>\n<td align=\"center\">14 de agosto de 2013<\/td>\n<td align=\"right\">$10,884,923<\/td>\n<\/tr>\n<\/tbody>\n<\/table>\n<p>&nbsp;<\/p>\n<table style=\"width: 500px;\" border=\"1\" cellspacing=\"5\" cellpadding=\"5\" align=\"center\">\n<tbody>\n<tr>\n<td colspan=\"3\" align=\"center\">Mega-Sena Loter\u00eda &#8211; Brasil: Categor\u00edas de Premios<\/td>\n<\/tr>\n<tr>\n<td>Premio<\/td>\n<td align=\"center\">Aciertos<\/td>\n<td align=\"center\">Probabilidades<\/td>\n<\/tr>\n<tr>\n<td>1.er premio (Bote)<\/td>\n<td align=\"center\">6<\/td>\n<td align=\"right\">50.063.856 : 1<\/td>\n<\/tr>\n<tr>\n<td>2.\u00ba premio<\/td>\n<td align=\"center\">5<\/td>\n<td align=\"right\">154.518 : 1<\/td>\n<\/tr>\n<tr>\n<td>3.\u00ba<\/td>\n<td align=\"center\">4<\/td>\n<td align=\"right\">2332 : 1<\/td>\n<\/tr>\n<\/tbody>\n<\/table>\n","protected":false},"excerpt":{"rendered":"<p>Mega Sena Loter\u00eda Con un premio mayor m\u00ednimo garantizado de 1,1 millones de d\u00f3lares, la Loter\u00eda Mega Sena de Brasil atrae a una gran cantidad de jugadores dos veces por semana. Gracias a la posibilidad de comprar boletos en l\u00ednea, los premios mayores suelen ser mucho m\u00e1s altos. En un pa\u00eds conocido mundialmente por sus [&hellip;]<\/p>\n","protected":false},"author":1,"featured_media":0,"parent":9324,"menu_order":8,"comment_status":"closed","ping_status":"closed","template":"","meta":{"footnotes":""},"class_list":["post-9542","page","type-page","status-publish","hentry"],"yoast_head":"<!-- This site is optimized with the Yoast SEO plugin v27.4 - https:\/\/yoast.com\/product\/yoast-seo-wordpress\/ -->\n<title>Consigue tus boletos en l\u00ednea para la loter\u00eda Mega Sena<\/title>\n<meta name=\"description\" content=\"Aprende c\u00f3mo puedes conseguir boletos en l\u00ednea para la loter\u00eda Mega-Sena de Brasil.\" \/>\n<meta name=\"robots\" content=\"index, follow, max-snippet:-1, max-image-preview:large, max-video-preview:-1\" \/>\n<link rel=\"canonical\" href=\"https:\/\/gambling6.com\/es\/loteria\/consigue-tus-boletos-en-linea-para-la-loteria-mega-sena\/\" \/>\n<meta property=\"og:locale\" content=\"es_ES\" \/>\n<meta property=\"og:type\" content=\"article\" \/>\n<meta property=\"og:title\" content=\"Consigue tus boletos en l\u00ednea para la loter\u00eda Mega Sena\" \/>\n<meta property=\"og:description\" content=\"Aprende c\u00f3mo puedes conseguir boletos en l\u00ednea para la loter\u00eda Mega-Sena de Brasil.\" \/>\n<meta property=\"og:url\" content=\"https:\/\/gambling6.com\/es\/loteria\/consigue-tus-boletos-en-linea-para-la-loteria-mega-sena\/\" \/>\n<meta property=\"og:site_name\" content=\"Gambling6\" \/>\n<meta name=\"twitter:card\" content=\"summary_large_image\" \/>\n<meta name=\"twitter:label1\" content=\"Tiempo de lectura\" \/>\n\t<meta name=\"twitter:data1\" content=\"2 minutos\" \/>\n<script type=\"application\/ld+json\" class=\"yoast-schema-graph\">{\"@context\":\"https:\\\/\\\/schema.org\",\"@graph\":[{\"@type\":\"WebPage\",\"@id\":\"https:\\\/\\\/gambling6.com\\\/es\\\/loteria\\\/consigue-tus-boletos-en-linea-para-la-loteria-mega-sena\\\/\",\"url\":\"https:\\\/\\\/gambling6.com\\\/es\\\/loteria\\\/consigue-tus-boletos-en-linea-para-la-loteria-mega-sena\\\/\",\"name\":\"Consigue tus boletos en l\u00ednea para la loter\u00eda Mega Sena\",\"isPartOf\":{\"@id\":\"https:\\\/\\\/gambling6.com\\\/es\\\/#website\"},\"datePublished\":\"2025-11-11T04:35:39+00:00\",\"description\":\"Aprende c\u00f3mo puedes conseguir boletos en l\u00ednea para la loter\u00eda Mega-Sena de Brasil.\",\"breadcrumb\":{\"@id\":\"https:\\\/\\\/gambling6.com\\\/es\\\/loteria\\\/consigue-tus-boletos-en-linea-para-la-loteria-mega-sena\\\/#breadcrumb\"},\"inLanguage\":\"es\",\"potentialAction\":[{\"@type\":\"ReadAction\",\"target\":[\"https:\\\/\\\/gambling6.com\\\/es\\\/loteria\\\/consigue-tus-boletos-en-linea-para-la-loteria-mega-sena\\\/\"]}]},{\"@type\":\"BreadcrumbList\",\"@id\":\"https:\\\/\\\/gambling6.com\\\/es\\\/loteria\\\/consigue-tus-boletos-en-linea-para-la-loteria-mega-sena\\\/#breadcrumb\",\"itemListElement\":[{\"@type\":\"ListItem\",\"position\":1,\"name\":\"Home\",\"item\":\"https:\\\/\\\/gambling6.com\\\/es\\\/home\\\/\"},{\"@type\":\"ListItem\",\"position\":2,\"name\":\"Loter\u00eda\",\"item\":\"https:\\\/\\\/gambling6.com\\\/es\\\/loteria\\\/\"},{\"@type\":\"ListItem\",\"position\":3,\"name\":\"Consigue tus boletos en l\u00ednea para la loter\u00eda Mega Sena\"}]},{\"@type\":\"WebSite\",\"@id\":\"https:\\\/\\\/gambling6.com\\\/es\\\/#website\",\"url\":\"https:\\\/\\\/gambling6.com\\\/es\\\/\",\"name\":\"Gambling6\",\"description\":\"\",\"potentialAction\":[{\"@type\":\"SearchAction\",\"target\":{\"@type\":\"EntryPoint\",\"urlTemplate\":\"https:\\\/\\\/gambling6.com\\\/es\\\/?s={search_term_string}\"},\"query-input\":{\"@type\":\"PropertyValueSpecification\",\"valueRequired\":true,\"valueName\":\"search_term_string\"}}],\"inLanguage\":\"es\"}]}<\/script>\n<!-- \/ Yoast SEO plugin. -->","yoast_head_json":{"title":"Consigue tus boletos en l\u00ednea para la loter\u00eda Mega Sena","description":"Aprende c\u00f3mo puedes conseguir boletos en l\u00ednea para la loter\u00eda Mega-Sena de Brasil.","robots":{"index":"index","follow":"follow","max-snippet":"max-snippet:-1","max-image-preview":"max-image-preview:large","max-video-preview":"max-video-preview:-1"},"canonical":"https:\/\/gambling6.com\/es\/loteria\/consigue-tus-boletos-en-linea-para-la-loteria-mega-sena\/","og_locale":"es_ES","og_type":"article","og_title":"Consigue tus boletos en l\u00ednea para la loter\u00eda Mega Sena","og_description":"Aprende c\u00f3mo puedes conseguir boletos en l\u00ednea para la loter\u00eda Mega-Sena de Brasil.","og_url":"https:\/\/gambling6.com\/es\/loteria\/consigue-tus-boletos-en-linea-para-la-loteria-mega-sena\/","og_site_name":"Gambling6","twitter_card":"summary_large_image","twitter_misc":{"Tiempo de lectura":"2 minutos"},"schema":{"@context":"https:\/\/schema.org","@graph":[{"@type":"WebPage","@id":"https:\/\/gambling6.com\/es\/loteria\/consigue-tus-boletos-en-linea-para-la-loteria-mega-sena\/","url":"https:\/\/gambling6.com\/es\/loteria\/consigue-tus-boletos-en-linea-para-la-loteria-mega-sena\/","name":"Consigue tus boletos en l\u00ednea para la loter\u00eda Mega Sena","isPartOf":{"@id":"https:\/\/gambling6.com\/es\/#website"},"datePublished":"2025-11-11T04:35:39+00:00","description":"Aprende c\u00f3mo puedes conseguir boletos en l\u00ednea para la loter\u00eda Mega-Sena de Brasil.","breadcrumb":{"@id":"https:\/\/gambling6.com\/es\/loteria\/consigue-tus-boletos-en-linea-para-la-loteria-mega-sena\/#breadcrumb"},"inLanguage":"es","potentialAction":[{"@type":"ReadAction","target":["https:\/\/gambling6.com\/es\/loteria\/consigue-tus-boletos-en-linea-para-la-loteria-mega-sena\/"]}]},{"@type":"BreadcrumbList","@id":"https:\/\/gambling6.com\/es\/loteria\/consigue-tus-boletos-en-linea-para-la-loteria-mega-sena\/#breadcrumb","itemListElement":[{"@type":"ListItem","position":1,"name":"Home","item":"https:\/\/gambling6.com\/es\/home\/"},{"@type":"ListItem","position":2,"name":"Loter\u00eda","item":"https:\/\/gambling6.com\/es\/loteria\/"},{"@type":"ListItem","position":3,"name":"Consigue tus boletos en l\u00ednea para la loter\u00eda Mega Sena"}]},{"@type":"WebSite","@id":"https:\/\/gambling6.com\/es\/#website","url":"https:\/\/gambling6.com\/es\/","name":"Gambling6","description":"","potentialAction":[{"@type":"SearchAction","target":{"@type":"EntryPoint","urlTemplate":"https:\/\/gambling6.com\/es\/?s={search_term_string}"},"query-input":{"@type":"PropertyValueSpecification","valueRequired":true,"valueName":"search_term_string"}}],"inLanguage":"es"}]}},"_links":{"self":[{"href":"https:\/\/gambling6.com\/es\/wp-json\/wp\/v2\/pages\/9542","targetHints":{"allow":["GET"]}}],"collection":[{"href":"https:\/\/gambling6.com\/es\/wp-json\/wp\/v2\/pages"}],"about":[{"href":"https:\/\/gambling6.com\/es\/wp-json\/wp\/v2\/types\/page"}],"author":[{"embeddable":true,"href":"https:\/\/gambling6.com\/es\/wp-json\/wp\/v2\/users\/1"}],"replies":[{"embeddable":true,"href":"https:\/\/gambling6.com\/es\/wp-json\/wp\/v2\/comments?post=9542"}],"version-history":[{"count":0,"href":"https:\/\/gambling6.com\/es\/wp-json\/wp\/v2\/pages\/9542\/revisions"}],"up":[{"embeddable":true,"href":"https:\/\/gambling6.com\/es\/wp-json\/wp\/v2\/pages\/9324"}],"wp:attachment":[{"href":"https:\/\/gambling6.com\/es\/wp-json\/wp\/v2\/media?parent=9542"}],"curies":[{"name":"wp","href":"https:\/\/api.w.org\/{rel}","templated":true}]}}