{"id":9565,"date":"2025-11-11T04:41:17","date_gmt":"2025-11-11T04:41:17","guid":{"rendered":"https:\/\/gambling6.com\/loteria\/consigue-tus-entradas-online-para-superenalotto\/"},"modified":"2025-11-11T04:41:17","modified_gmt":"2025-11-11T04:41:17","slug":"consigue-tus-entradas-online-para-superenalotto","status":"publish","type":"page","link":"https:\/\/gambling6.com\/es\/loteria\/consigue-tus-entradas-online-para-superenalotto\/","title":{"rendered":"Consigue tus entradas online para Superenalotto."},"content":{"rendered":"<h2>Superenalotto<\/h2>\n<p> Los italianos son fan\u00e1ticos de la loter\u00eda, especialmente de su Superenalotto. Cada semana, la venta de boletos para esta loter\u00eda es exorbitante, con probabilidades de ganar superiores a 1 entre 600 millones. <strong>Comprar boletos de loter\u00eda en l\u00ednea para el Superenalotto de Italia ofrece las peores probabilidades posibles de cualquier loter\u00eda del mundo.<\/strong> Sin embargo, este parece ser el principal atractivo para los europeos y los jugadores de loter\u00eda en l\u00ednea de todo el mundo.<\/p>\n<h2><img loading=\"lazy\" decoding=\"async\" class=\"size-full wp-image-1575 alignright\" src=\"https:\/\/gambling6.com\/wp-content\/uploads\/2022\/04\/2_ticket_superenalotto.jpg\" alt=\"boleto de Superenalotto\" width=\"228\" height=\"300\" \/>Bote acumulado del SuperEnalotto<\/h2>\n<p> Debido a las bajas probabilidades de ganar el Superenalotto italiano, el bote se acumula con frecuencia. Elegir seis n\u00fameros del 1 al 90 te da la oportunidad de ganar el bote si aciertas los seis. Si aciertas solo cinco n\u00fameros, obtienes el premio de segunda categor\u00eda. El n\u00famero de bonificaci\u00f3n se extrae por separado y se conoce como la Jolly Ball. <strong>Los jugadores en l\u00ednea se apresuran a comprar boletos para intentar ganar botes r\u00e9cord de hasta 500 millones de euros.<\/strong><\/p>\n<p>El Superenalotto italiano tiene tres sorteos semanales. El bote comienza en 2 millones de euros, y no es de extra\u00f1ar el gran inter\u00e9s que despierta. Tanto los jugadores locales como los online quieren llevarse una parte de esta loter\u00eda internacional, que ofrece las mejores probabilidades de ganar.<\/p>\n<p>Introducida en 1997, la Superenalotto en Italia capt\u00f3 r\u00e1pidamente la atenci\u00f3n de los jugadores de loter\u00eda europeos, y los botes crecieron y se acumularon. El mayor bote lo gan\u00f3 un solo poseedor de un boleto en 2010, alcanzando los 223 millones de euros. Con cada vez m\u00e1s personas comprando boletos online para la Superenalotto, el bote tiene el potencial de crecer a\u00fan m\u00e1s, ya que no hay l\u00edmite en su importe.<\/p>\n<p>Adem\u00e1s de poder ganar el gran bote, los jugadores online pueden optar a uno de los otros cinco premios disponibles. <a class=\"thirstylink\" title=\"RedFoxLotto en\" href=\"https:\/\/gambling6.com\/go\/redfoxlotto-en\/\" target=\"_blank\" rel=\"nofollow noopener\">Para obtener tus boletos para el Superenalotto de Italia a trav\u00e9s de RedFoxLotto, haz clic aqu\u00ed.<\/a><\/p>\n<table style=\"width: 500px;\" border=\"1\" cellspacing=\"5\" cellpadding=\"5\" align=\"center\">\n<tbody>\n<tr>\n<td colspan=\"3\" align=\"center\">Los mejores premios mayores de 2013<\/td>\n<\/tr>\n<tr>\n<td>Sorteo<\/td>\n<td align=\"center\">Fecha<\/td>\n<td align=\"center\">Premio mayor (USD)<\/td>\n<\/tr>\n<tr>\n<td>Superenalotto &#8211; Italia<\/td>\n<td align=\"center\">29-jun-13<\/td>\n<td align=\"right\">$55.759.000<\/td>\n<\/tr>\n<tr>\n<td>Superenalotto &#8211; Italia<\/td>\n<td align=\"center\">15-oct-13<\/td>\n<td align=\"right\">$25,124,430<\/td>\n<\/tr>\n<tr>\n<td>Superenalotto &#8211; Italia<\/td>\n<td align=\"center\">3-oct-13<\/td>\n<td align=\"right\">$21,372,000<\/td>\n<\/tr>\n<tr>\n<td>Superenalotto &#8211; Italia<\/td>\n<td align=\"center\">27-jul-13<\/td>\n<td align=\"right\">$19,043,000<\/td>\n<\/tr>\n<\/tbody>\n<\/table>\n<p>&nbsp;<\/p>\n<table style=\"width: 500px;\" border=\"1\" cellspacing=\"5\" cellpadding=\"5\" align=\"center\">\n<tbody>\n<tr>\n<td colspan=\"3\" align=\"center\">Superenalotto &#8211; Italia &#8211; Niveles de Premios<\/td>\n<\/tr>\n<tr>\n<td>Premio<\/td>\n<td align=\"center\">Partidos<\/td>\n<td align=\"center\">Cuotas<\/td>\n<\/tr>\n<tr>\n<td>1.\u00ba (Bote)<\/td>\n<td align=\"center\">6<\/td>\n<td align=\"right\">622.614.630 : 1<\/td>\n<\/tr>\n<tr>\n<td>2.\u00ba<\/td>\n<td align=\"center\">5 + 1<\/td>\n<td align=\"right\">103.769.105 : 1<\/td>\n<\/tr>\n<tr>\n<td>3.\u00ba<\/td>\n<td align=\"center\">5<\/td>\n<td align=\"right\">1.235.346 : 1<\/td>\n<\/tr>\n<tr>\n<td>4.\u00ba<\/td>\n<td align=\"center\">4<\/td>\n<td align=\"right\">11.907 : 1<\/td>\n<\/tr>\n<tr>\n<td>5.\u00ba<\/td>\n<td align=\"center\">3<\/td>\n<td align=\"right\">327 : 1<\/td>\n<\/tr>\n<\/tbody>\n<\/table>\n","protected":false},"excerpt":{"rendered":"<p>Superenalotto Los italianos son fan\u00e1ticos de la loter\u00eda, especialmente de su Superenalotto. Cada semana, la venta de boletos para esta loter\u00eda es exorbitante, con probabilidades de ganar superiores a 1 entre 600 millones. Comprar boletos de loter\u00eda en l\u00ednea para el Superenalotto de Italia ofrece las peores probabilidades posibles de cualquier loter\u00eda del mundo. Sin [&hellip;]<\/p>\n","protected":false},"author":1,"featured_media":0,"parent":9324,"menu_order":7,"comment_status":"closed","ping_status":"closed","template":"","meta":{"footnotes":""},"class_list":["post-9565","page","type-page","status-publish","hentry"],"yoast_head":"<!-- This site is optimized with the Yoast SEO plugin v27.3 - https:\/\/yoast.com\/product\/yoast-seo-wordpress\/ -->\n<title>Compra tus entradas para Superenalotto online<\/title>\n<meta name=\"description\" content=\"Compra tus boletos en l\u00ednea para Superenalotto visitando a nuestro socio, RedFoxLotto.\" \/>\n<meta name=\"robots\" content=\"index, follow, max-snippet:-1, max-image-preview:large, max-video-preview:-1\" \/>\n<link rel=\"canonical\" href=\"https:\/\/gambling6.com\/es\/loteria\/consigue-tus-entradas-online-para-superenalotto\/\" \/>\n<meta property=\"og:locale\" content=\"es_ES\" \/>\n<meta property=\"og:type\" content=\"article\" \/>\n<meta property=\"og:title\" content=\"Compra tus entradas para Superenalotto online\" \/>\n<meta property=\"og:description\" content=\"Compra tus boletos en l\u00ednea para Superenalotto visitando a nuestro socio, RedFoxLotto.\" \/>\n<meta property=\"og:url\" content=\"https:\/\/gambling6.com\/es\/loteria\/consigue-tus-entradas-online-para-superenalotto\/\" \/>\n<meta property=\"og:site_name\" content=\"Gambling6\" \/>\n<meta property=\"og:image\" content=\"https:\/\/gambling6.com\/wp-content\/uploads\/2022\/04\/2_ticket_superenalotto.jpg\" \/>\n\t<meta property=\"og:image:width\" content=\"228\" \/>\n\t<meta property=\"og:image:height\" content=\"300\" \/>\n\t<meta property=\"og:image:type\" content=\"image\/jpeg\" \/>\n<meta name=\"twitter:card\" content=\"summary_large_image\" \/>\n<meta name=\"twitter:label1\" content=\"Tiempo de lectura\" \/>\n\t<meta name=\"twitter:data1\" content=\"2 minutos\" \/>\n<script type=\"application\/ld+json\" class=\"yoast-schema-graph\">{\"@context\":\"https:\\\/\\\/schema.org\",\"@graph\":[{\"@type\":\"WebPage\",\"@id\":\"https:\\\/\\\/gambling6.com\\\/es\\\/loteria\\\/consigue-tus-entradas-online-para-superenalotto\\\/\",\"url\":\"https:\\\/\\\/gambling6.com\\\/es\\\/loteria\\\/consigue-tus-entradas-online-para-superenalotto\\\/\",\"name\":\"Compra tus entradas para Superenalotto online\",\"isPartOf\":{\"@id\":\"https:\\\/\\\/gambling6.com\\\/es\\\/#website\"},\"primaryImageOfPage\":{\"@id\":\"https:\\\/\\\/gambling6.com\\\/es\\\/loteria\\\/consigue-tus-entradas-online-para-superenalotto\\\/#primaryimage\"},\"image\":{\"@id\":\"https:\\\/\\\/gambling6.com\\\/es\\\/loteria\\\/consigue-tus-entradas-online-para-superenalotto\\\/#primaryimage\"},\"thumbnailUrl\":\"https:\\\/\\\/gambling6.com\\\/wp-content\\\/uploads\\\/2022\\\/04\\\/2_ticket_superenalotto.jpg\",\"datePublished\":\"2025-11-11T04:41:17+00:00\",\"description\":\"Compra tus boletos en l\u00ednea para Superenalotto visitando a nuestro socio, RedFoxLotto.\",\"breadcrumb\":{\"@id\":\"https:\\\/\\\/gambling6.com\\\/es\\\/loteria\\\/consigue-tus-entradas-online-para-superenalotto\\\/#breadcrumb\"},\"inLanguage\":\"es\",\"potentialAction\":[{\"@type\":\"ReadAction\",\"target\":[\"https:\\\/\\\/gambling6.com\\\/es\\\/loteria\\\/consigue-tus-entradas-online-para-superenalotto\\\/\"]}]},{\"@type\":\"ImageObject\",\"inLanguage\":\"es\",\"@id\":\"https:\\\/\\\/gambling6.com\\\/es\\\/loteria\\\/consigue-tus-entradas-online-para-superenalotto\\\/#primaryimage\",\"url\":\"https:\\\/\\\/gambling6.com\\\/wp-content\\\/uploads\\\/2022\\\/04\\\/2_ticket_superenalotto.jpg\",\"contentUrl\":\"https:\\\/\\\/gambling6.com\\\/wp-content\\\/uploads\\\/2022\\\/04\\\/2_ticket_superenalotto.jpg\"},{\"@type\":\"BreadcrumbList\",\"@id\":\"https:\\\/\\\/gambling6.com\\\/es\\\/loteria\\\/consigue-tus-entradas-online-para-superenalotto\\\/#breadcrumb\",\"itemListElement\":[{\"@type\":\"ListItem\",\"position\":1,\"name\":\"Home\",\"item\":\"https:\\\/\\\/gambling6.com\\\/es\\\/home\\\/\"},{\"@type\":\"ListItem\",\"position\":2,\"name\":\"Loter\u00eda\",\"item\":\"https:\\\/\\\/gambling6.com\\\/es\\\/loteria\\\/\"},{\"@type\":\"ListItem\",\"position\":3,\"name\":\"Consigue tus entradas online para Superenalotto.\"}]},{\"@type\":\"WebSite\",\"@id\":\"https:\\\/\\\/gambling6.com\\\/es\\\/#website\",\"url\":\"https:\\\/\\\/gambling6.com\\\/es\\\/\",\"name\":\"Gambling6\",\"description\":\"\",\"potentialAction\":[{\"@type\":\"SearchAction\",\"target\":{\"@type\":\"EntryPoint\",\"urlTemplate\":\"https:\\\/\\\/gambling6.com\\\/es\\\/?s={search_term_string}\"},\"query-input\":{\"@type\":\"PropertyValueSpecification\",\"valueRequired\":true,\"valueName\":\"search_term_string\"}}],\"inLanguage\":\"es\"}]}<\/script>\n<!-- \/ Yoast SEO plugin. -->","yoast_head_json":{"title":"Compra tus entradas para Superenalotto online","description":"Compra tus boletos en l\u00ednea para Superenalotto visitando a nuestro socio, RedFoxLotto.","robots":{"index":"index","follow":"follow","max-snippet":"max-snippet:-1","max-image-preview":"max-image-preview:large","max-video-preview":"max-video-preview:-1"},"canonical":"https:\/\/gambling6.com\/es\/loteria\/consigue-tus-entradas-online-para-superenalotto\/","og_locale":"es_ES","og_type":"article","og_title":"Compra tus entradas para Superenalotto online","og_description":"Compra tus boletos en l\u00ednea para Superenalotto visitando a nuestro socio, RedFoxLotto.","og_url":"https:\/\/gambling6.com\/es\/loteria\/consigue-tus-entradas-online-para-superenalotto\/","og_site_name":"Gambling6","og_image":[{"width":228,"height":300,"url":"https:\/\/gambling6.com\/wp-content\/uploads\/2022\/04\/2_ticket_superenalotto.jpg","type":"image\/jpeg"}],"twitter_card":"summary_large_image","twitter_misc":{"Tiempo de lectura":"2 minutos"},"schema":{"@context":"https:\/\/schema.org","@graph":[{"@type":"WebPage","@id":"https:\/\/gambling6.com\/es\/loteria\/consigue-tus-entradas-online-para-superenalotto\/","url":"https:\/\/gambling6.com\/es\/loteria\/consigue-tus-entradas-online-para-superenalotto\/","name":"Compra tus entradas para Superenalotto online","isPartOf":{"@id":"https:\/\/gambling6.com\/es\/#website"},"primaryImageOfPage":{"@id":"https:\/\/gambling6.com\/es\/loteria\/consigue-tus-entradas-online-para-superenalotto\/#primaryimage"},"image":{"@id":"https:\/\/gambling6.com\/es\/loteria\/consigue-tus-entradas-online-para-superenalotto\/#primaryimage"},"thumbnailUrl":"https:\/\/gambling6.com\/wp-content\/uploads\/2022\/04\/2_ticket_superenalotto.jpg","datePublished":"2025-11-11T04:41:17+00:00","description":"Compra tus boletos en l\u00ednea para Superenalotto visitando a nuestro socio, RedFoxLotto.","breadcrumb":{"@id":"https:\/\/gambling6.com\/es\/loteria\/consigue-tus-entradas-online-para-superenalotto\/#breadcrumb"},"inLanguage":"es","potentialAction":[{"@type":"ReadAction","target":["https:\/\/gambling6.com\/es\/loteria\/consigue-tus-entradas-online-para-superenalotto\/"]}]},{"@type":"ImageObject","inLanguage":"es","@id":"https:\/\/gambling6.com\/es\/loteria\/consigue-tus-entradas-online-para-superenalotto\/#primaryimage","url":"https:\/\/gambling6.com\/wp-content\/uploads\/2022\/04\/2_ticket_superenalotto.jpg","contentUrl":"https:\/\/gambling6.com\/wp-content\/uploads\/2022\/04\/2_ticket_superenalotto.jpg"},{"@type":"BreadcrumbList","@id":"https:\/\/gambling6.com\/es\/loteria\/consigue-tus-entradas-online-para-superenalotto\/#breadcrumb","itemListElement":[{"@type":"ListItem","position":1,"name":"Home","item":"https:\/\/gambling6.com\/es\/home\/"},{"@type":"ListItem","position":2,"name":"Loter\u00eda","item":"https:\/\/gambling6.com\/es\/loteria\/"},{"@type":"ListItem","position":3,"name":"Consigue tus entradas online para Superenalotto."}]},{"@type":"WebSite","@id":"https:\/\/gambling6.com\/es\/#website","url":"https:\/\/gambling6.com\/es\/","name":"Gambling6","description":"","potentialAction":[{"@type":"SearchAction","target":{"@type":"EntryPoint","urlTemplate":"https:\/\/gambling6.com\/es\/?s={search_term_string}"},"query-input":{"@type":"PropertyValueSpecification","valueRequired":true,"valueName":"search_term_string"}}],"inLanguage":"es"}]}},"_links":{"self":[{"href":"https:\/\/gambling6.com\/es\/wp-json\/wp\/v2\/pages\/9565","targetHints":{"allow":["GET"]}}],"collection":[{"href":"https:\/\/gambling6.com\/es\/wp-json\/wp\/v2\/pages"}],"about":[{"href":"https:\/\/gambling6.com\/es\/wp-json\/wp\/v2\/types\/page"}],"author":[{"embeddable":true,"href":"https:\/\/gambling6.com\/es\/wp-json\/wp\/v2\/users\/1"}],"replies":[{"embeddable":true,"href":"https:\/\/gambling6.com\/es\/wp-json\/wp\/v2\/comments?post=9565"}],"version-history":[{"count":0,"href":"https:\/\/gambling6.com\/es\/wp-json\/wp\/v2\/pages\/9565\/revisions"}],"up":[{"embeddable":true,"href":"https:\/\/gambling6.com\/es\/wp-json\/wp\/v2\/pages\/9324"}],"wp:attachment":[{"href":"https:\/\/gambling6.com\/es\/wp-json\/wp\/v2\/media?parent=9565"}],"curies":[{"name":"wp","href":"https:\/\/api.w.org\/{rel}","templated":true}]}}