{"id":9588,"date":"2025-11-11T04:46:49","date_gmt":"2025-11-11T04:46:49","guid":{"rendered":"https:\/\/gambling6.com\/loteria\/consigue-tus-boletos-en-linea-para-la-loteria-nacional-del-reino-unido\/"},"modified":"2025-11-12T19:04:14","modified_gmt":"2025-11-12T19:04:14","slug":"consigue-tus-boletos-en-linea-para-la-loteria-nacional-del-reino-unido","status":"publish","type":"page","link":"https:\/\/gambling6.com\/es\/loteria\/consigue-tus-boletos-en-linea-para-la-loteria-nacional-del-reino-unido\/","title":{"rendered":"Consigue tus boletos en l\u00ednea para la Loter\u00eda Nacional del Reino Unido"},"content":{"rendered":"<h2>Billetes para la Loter\u00eda Nacional del Reino Unido en internet<\/h2>\n<p><strong style=\"background-color: initial;\">Tener un billete online para la Loter\u00eda Nacional del Reino Unido te convierte en parte de la loter\u00eda favorita de Gran Breta\u00f1a.<\/strong><span style=\"background-color: initial;\"> La venta de billetes, tanto online como en puntos de venta f\u00edsicos, asciende a aproximadamente 50 millones por sorteo. Con un billete, tienes 1 probabilidad entre 56 de ganar 25 \u00a3, el premio m\u00ednimo de la Loter\u00eda Nacional del Reino Unido.<\/span><\/p>\n<p>Para jugar a esta loter\u00eda, eliges seis n\u00fameros principales entre el 1 y el 49. Para llevarte el premio mayor, solo necesitas acertar los seis n\u00fameros. <strong>Las probabilidades de ganar la Loter\u00eda Nacional del Reino Unido son de aproximadamente 1 entre 14 millones.<\/strong> Estas probabilidades son mucho mejores que las de intentar ganar el Euromillones. De hecho, tienes aproximadamente 10 veces m\u00e1s probabilidades de ganar.<\/p>\n<p>Cada mi\u00e9rcoles y s\u00e1bado, la venta de boletos se dispara, ya que tanto los brit\u00e1nicos como los jugadores internacionales de loter\u00eda online compran boletos para intentar ganar el premio mayor, que casi siempre supera los 5 millones de libras. Si bien el 45 % de la venta de boletos se destina al fondo de premios, desde que se introdujo esta loter\u00eda en 1994, se han donado m\u00e1s de 42 mil millones de libras a causas ben\u00e9ficas en el Reino Unido y en el extranjero.<\/p>\n<p><img loading=\"lazy\" decoding=\"async\" class=\"size-medium wp-image-1371 alignright\" src=\"https:\/\/gambling6.com\/wp-content\/uploads\/2022\/04\/2_ticket_uk_lottery-192x300.jpg\" alt=\"boleto de la Loter\u00eda Nacional del Reino Unido\" width=\"192\" height=\"300\" srcset=\"https:\/\/gambling6.com\/wp-content\/uploads\/2022\/04\/2_ticket_uk_lottery-192x300.jpg 192w, https:\/\/gambling6.com\/wp-content\/uploads\/2022\/04\/2_ticket_uk_lottery.jpg 564w\" sizes=\"auto, (max-width: 192px) 100vw, 192px\" \/>Cuando se realiza el sorteo de esta loter\u00eda los s\u00e1bados y mi\u00e9rcoles en Londres, la multitud que espera con sus boletos en la mano es bastante numerosa. La gente se re\u00fane frente al televisor en los pubs locales con la esperanza de ganar los 5 millones de libras. Adem\u00e1s, si el premio mayor no tiene ganador, se acumula para el siguiente sorteo. <a class=\"thirstylink\" title=\"RedFoxLotto en\" href=\"https:\/\/gambling6.com\/go\/redfoxlotto-en\/\" target=\"_blank\" rel=\"nofollow noopener\">Consigue tu boleto en l\u00ednea y participa para ganar el premio de la Loter\u00eda Nacional del Reino Unido visitando a nuestro socio RedFoxLotto.<\/a><\/p>\n<table style=\"width: 500px;\" border=\"1\" cellspacing=\"5\" cellpadding=\"5\" align=\"center\">\n<tbody>\n<tr>\n<td colspan=\"3\" align=\"center\">Los cinco mayores premios de 2013<\/td>\n<\/tr>\n<tr>\n<td>Sorteo<\/td>\n<td align=\"center\">Fecha<\/td>\n<td align=\"center\">Premio mayor (USD)<\/td>\n<\/tr>\n<tr>\n<td>Loter\u00eda Nacional &#8211; Reino Unido<\/td>\n<td align=\"center\">5 de octubre de 2013<\/td>\n<td style=\"text-align: center;\" align=\"right\">$16.500.000<\/td>\n<\/tr>\n<tr>\n<td>Loter\u00eda Nacional &#8211; Reino Unido<\/td>\n<td align=\"center\">12-oct-13<\/td>\n<td align=\"right\">$16.500.000<\/td>\n<\/tr>\n<tr>\n<td>Loter\u00eda Nacional &#8211; Reino Unido<\/td>\n<td align=\"center\">18-sep-13<\/td>\n<td align=\"right\">$14.025.000<\/td>\n<\/tr>\n<tr>\n<td>Loter\u00eda Nacional &#8211; Reino Unido<\/td>\n<td align=\"center\">18-dic-13<\/td>\n<td align=\"right\">$13.173.600<\/td>\n<\/tr>\n<td>Loter\u00eda Nacional &#8211; Reino Unido<\/td>\n<td align=\"center\">2 de noviembre de 2013<\/td>\n<td align=\"right\">13.134.000 $<\/td>\n<\/tr>\n<\/tbody>\n<\/table>\n<table style=\"width: 500px;\" border=\"1\" cellspacing=\"5\" cellpadding=\"5\" align=\"center\">\n<tbody>\n<tr>\n<td colspan=\"3\" align=\"center\">Categor\u00edas de premios de la Loter\u00eda Nacional del Reino Unido<\/td>\n<\/tr>\n<tr>\n<td>Premio<\/td>\n<td align=\"center\">Aciertos<\/td>\n<td align=\"center\">Probabilidades<\/td>\n<\/tr>\n<tr>\n<td>1.er premio (Bote)<\/td>\n<td style=\"text-align: center;\" align=\"center\">6<\/td>\n<td align=\"right\">13.983.816 : 1<\/td>\n<\/tr>\n<tr>\n<td>2.\u00ba<\/td>\n<td align=\"center\">5 + 1<\/td>\n<td align=\"right\">2.330.636 : 1<\/td>\n<\/tr>\n<td>3.\u00ba<\/td>\n<td align=\"center\">5<\/td>\n<td align=\"right\">55.492 : 1<\/td>\n<\/tr>\n<tr>\n<td>4.\u00ba<\/td>\n<td align=\"center\">4<\/td>\n<td align=\"right\">1.033 : 1<\/td>\n<\/tr>\n<tr>\n<td>5.\u00ba<\/td>\n<td align=\"center\">3<\/td>\n<td align=\"right\">57 : 1<\/td>\n<\/tr>\n<\/tbody>\n<\/table>\n","protected":false},"excerpt":{"rendered":"<p>Billetes para la Loter\u00eda Nacional del Reino Unido en internet Tener un billete online para la Loter\u00eda Nacional del Reino Unido te convierte en parte de la loter\u00eda favorita de Gran Breta\u00f1a. La venta de billetes, tanto online como en puntos de venta f\u00edsicos, asciende a aproximadamente 50 millones por sorteo. Con un billete, tienes [&hellip;]<\/p>\n","protected":false},"author":1,"featured_media":0,"parent":9324,"menu_order":6,"comment_status":"closed","ping_status":"closed","template":"","meta":{"footnotes":""},"class_list":["post-9588","page","type-page","status-publish","hentry"],"yoast_head":"<!-- This site is optimized with the Yoast SEO plugin v27.3 - https:\/\/yoast.com\/product\/yoast-seo-wordpress\/ -->\n<title>Compra boletos para la Loter\u00eda Nacional del Reino Unido en l\u00ednea<\/title>\n<meta name=\"description\" content=\"Participa en la Loter\u00eda Nacional del Reino Unido comprando tus boletos en l\u00ednea.\" \/>\n<meta name=\"robots\" content=\"index, follow, max-snippet:-1, max-image-preview:large, max-video-preview:-1\" \/>\n<link rel=\"canonical\" href=\"https:\/\/gambling6.com\/es\/loteria\/consigue-tus-boletos-en-linea-para-la-loteria-nacional-del-reino-unido\/\" \/>\n<meta property=\"og:locale\" content=\"es_ES\" \/>\n<meta property=\"og:type\" content=\"article\" \/>\n<meta property=\"og:title\" content=\"Compra boletos para la Loter\u00eda Nacional del Reino Unido en l\u00ednea\" \/>\n<meta property=\"og:description\" content=\"Participa en la Loter\u00eda Nacional del Reino Unido comprando tus boletos en l\u00ednea.\" \/>\n<meta property=\"og:url\" content=\"https:\/\/gambling6.com\/es\/loteria\/consigue-tus-boletos-en-linea-para-la-loteria-nacional-del-reino-unido\/\" \/>\n<meta property=\"og:site_name\" content=\"Gambling6\" \/>\n<meta property=\"article:modified_time\" content=\"2025-11-12T19:04:14+00:00\" \/>\n<meta property=\"og:image\" content=\"https:\/\/gambling6.com\/wp-content\/uploads\/2022\/04\/2_ticket_uk_lottery.jpg\" \/>\n\t<meta property=\"og:image:width\" content=\"564\" \/>\n\t<meta property=\"og:image:height\" content=\"883\" \/>\n\t<meta property=\"og:image:type\" content=\"image\/jpeg\" \/>\n<meta name=\"twitter:card\" content=\"summary_large_image\" \/>\n<meta name=\"twitter:label1\" content=\"Tiempo de lectura\" \/>\n\t<meta name=\"twitter:data1\" content=\"2 minutos\" \/>\n<script type=\"application\/ld+json\" class=\"yoast-schema-graph\">{\"@context\":\"https:\\\/\\\/schema.org\",\"@graph\":[{\"@type\":\"WebPage\",\"@id\":\"https:\\\/\\\/gambling6.com\\\/es\\\/loteria\\\/consigue-tus-boletos-en-linea-para-la-loteria-nacional-del-reino-unido\\\/\",\"url\":\"https:\\\/\\\/gambling6.com\\\/es\\\/loteria\\\/consigue-tus-boletos-en-linea-para-la-loteria-nacional-del-reino-unido\\\/\",\"name\":\"Compra boletos para la Loter\u00eda Nacional del Reino Unido en l\u00ednea\",\"isPartOf\":{\"@id\":\"https:\\\/\\\/gambling6.com\\\/es\\\/#website\"},\"primaryImageOfPage\":{\"@id\":\"https:\\\/\\\/gambling6.com\\\/es\\\/loteria\\\/consigue-tus-boletos-en-linea-para-la-loteria-nacional-del-reino-unido\\\/#primaryimage\"},\"image\":{\"@id\":\"https:\\\/\\\/gambling6.com\\\/es\\\/loteria\\\/consigue-tus-boletos-en-linea-para-la-loteria-nacional-del-reino-unido\\\/#primaryimage\"},\"thumbnailUrl\":\"https:\\\/\\\/gambling6.com\\\/wp-content\\\/uploads\\\/2022\\\/04\\\/2_ticket_uk_lottery-192x300.jpg\",\"datePublished\":\"2025-11-11T04:46:49+00:00\",\"dateModified\":\"2025-11-12T19:04:14+00:00\",\"description\":\"Participa en la Loter\u00eda Nacional del Reino Unido comprando tus boletos en l\u00ednea.\",\"breadcrumb\":{\"@id\":\"https:\\\/\\\/gambling6.com\\\/es\\\/loteria\\\/consigue-tus-boletos-en-linea-para-la-loteria-nacional-del-reino-unido\\\/#breadcrumb\"},\"inLanguage\":\"es\",\"potentialAction\":[{\"@type\":\"ReadAction\",\"target\":[\"https:\\\/\\\/gambling6.com\\\/es\\\/loteria\\\/consigue-tus-boletos-en-linea-para-la-loteria-nacional-del-reino-unido\\\/\"]}]},{\"@type\":\"ImageObject\",\"inLanguage\":\"es\",\"@id\":\"https:\\\/\\\/gambling6.com\\\/es\\\/loteria\\\/consigue-tus-boletos-en-linea-para-la-loteria-nacional-del-reino-unido\\\/#primaryimage\",\"url\":\"https:\\\/\\\/gambling6.com\\\/wp-content\\\/uploads\\\/2022\\\/04\\\/2_ticket_uk_lottery-192x300.jpg\",\"contentUrl\":\"https:\\\/\\\/gambling6.com\\\/wp-content\\\/uploads\\\/2022\\\/04\\\/2_ticket_uk_lottery-192x300.jpg\"},{\"@type\":\"BreadcrumbList\",\"@id\":\"https:\\\/\\\/gambling6.com\\\/es\\\/loteria\\\/consigue-tus-boletos-en-linea-para-la-loteria-nacional-del-reino-unido\\\/#breadcrumb\",\"itemListElement\":[{\"@type\":\"ListItem\",\"position\":1,\"name\":\"Home\",\"item\":\"https:\\\/\\\/gambling6.com\\\/es\\\/home\\\/\"},{\"@type\":\"ListItem\",\"position\":2,\"name\":\"Loter\u00eda\",\"item\":\"https:\\\/\\\/gambling6.com\\\/es\\\/loteria\\\/\"},{\"@type\":\"ListItem\",\"position\":3,\"name\":\"Consigue tus boletos en l\u00ednea para la Loter\u00eda Nacional del Reino Unido\"}]},{\"@type\":\"WebSite\",\"@id\":\"https:\\\/\\\/gambling6.com\\\/es\\\/#website\",\"url\":\"https:\\\/\\\/gambling6.com\\\/es\\\/\",\"name\":\"Gambling6\",\"description\":\"\",\"potentialAction\":[{\"@type\":\"SearchAction\",\"target\":{\"@type\":\"EntryPoint\",\"urlTemplate\":\"https:\\\/\\\/gambling6.com\\\/es\\\/?s={search_term_string}\"},\"query-input\":{\"@type\":\"PropertyValueSpecification\",\"valueRequired\":true,\"valueName\":\"search_term_string\"}}],\"inLanguage\":\"es\"}]}<\/script>\n<!-- \/ Yoast SEO plugin. -->","yoast_head_json":{"title":"Compra boletos para la Loter\u00eda Nacional del Reino Unido en l\u00ednea","description":"Participa en la Loter\u00eda Nacional del Reino Unido comprando tus boletos en l\u00ednea.","robots":{"index":"index","follow":"follow","max-snippet":"max-snippet:-1","max-image-preview":"max-image-preview:large","max-video-preview":"max-video-preview:-1"},"canonical":"https:\/\/gambling6.com\/es\/loteria\/consigue-tus-boletos-en-linea-para-la-loteria-nacional-del-reino-unido\/","og_locale":"es_ES","og_type":"article","og_title":"Compra boletos para la Loter\u00eda Nacional del Reino Unido en l\u00ednea","og_description":"Participa en la Loter\u00eda Nacional del Reino Unido comprando tus boletos en l\u00ednea.","og_url":"https:\/\/gambling6.com\/es\/loteria\/consigue-tus-boletos-en-linea-para-la-loteria-nacional-del-reino-unido\/","og_site_name":"Gambling6","article_modified_time":"2025-11-12T19:04:14+00:00","og_image":[{"width":564,"height":883,"url":"https:\/\/gambling6.com\/wp-content\/uploads\/2022\/04\/2_ticket_uk_lottery.jpg","type":"image\/jpeg"}],"twitter_card":"summary_large_image","twitter_misc":{"Tiempo de lectura":"2 minutos"},"schema":{"@context":"https:\/\/schema.org","@graph":[{"@type":"WebPage","@id":"https:\/\/gambling6.com\/es\/loteria\/consigue-tus-boletos-en-linea-para-la-loteria-nacional-del-reino-unido\/","url":"https:\/\/gambling6.com\/es\/loteria\/consigue-tus-boletos-en-linea-para-la-loteria-nacional-del-reino-unido\/","name":"Compra boletos para la Loter\u00eda Nacional del Reino Unido en l\u00ednea","isPartOf":{"@id":"https:\/\/gambling6.com\/es\/#website"},"primaryImageOfPage":{"@id":"https:\/\/gambling6.com\/es\/loteria\/consigue-tus-boletos-en-linea-para-la-loteria-nacional-del-reino-unido\/#primaryimage"},"image":{"@id":"https:\/\/gambling6.com\/es\/loteria\/consigue-tus-boletos-en-linea-para-la-loteria-nacional-del-reino-unido\/#primaryimage"},"thumbnailUrl":"https:\/\/gambling6.com\/wp-content\/uploads\/2022\/04\/2_ticket_uk_lottery-192x300.jpg","datePublished":"2025-11-11T04:46:49+00:00","dateModified":"2025-11-12T19:04:14+00:00","description":"Participa en la Loter\u00eda Nacional del Reino Unido comprando tus boletos en l\u00ednea.","breadcrumb":{"@id":"https:\/\/gambling6.com\/es\/loteria\/consigue-tus-boletos-en-linea-para-la-loteria-nacional-del-reino-unido\/#breadcrumb"},"inLanguage":"es","potentialAction":[{"@type":"ReadAction","target":["https:\/\/gambling6.com\/es\/loteria\/consigue-tus-boletos-en-linea-para-la-loteria-nacional-del-reino-unido\/"]}]},{"@type":"ImageObject","inLanguage":"es","@id":"https:\/\/gambling6.com\/es\/loteria\/consigue-tus-boletos-en-linea-para-la-loteria-nacional-del-reino-unido\/#primaryimage","url":"https:\/\/gambling6.com\/wp-content\/uploads\/2022\/04\/2_ticket_uk_lottery-192x300.jpg","contentUrl":"https:\/\/gambling6.com\/wp-content\/uploads\/2022\/04\/2_ticket_uk_lottery-192x300.jpg"},{"@type":"BreadcrumbList","@id":"https:\/\/gambling6.com\/es\/loteria\/consigue-tus-boletos-en-linea-para-la-loteria-nacional-del-reino-unido\/#breadcrumb","itemListElement":[{"@type":"ListItem","position":1,"name":"Home","item":"https:\/\/gambling6.com\/es\/home\/"},{"@type":"ListItem","position":2,"name":"Loter\u00eda","item":"https:\/\/gambling6.com\/es\/loteria\/"},{"@type":"ListItem","position":3,"name":"Consigue tus boletos en l\u00ednea para la Loter\u00eda Nacional del Reino Unido"}]},{"@type":"WebSite","@id":"https:\/\/gambling6.com\/es\/#website","url":"https:\/\/gambling6.com\/es\/","name":"Gambling6","description":"","potentialAction":[{"@type":"SearchAction","target":{"@type":"EntryPoint","urlTemplate":"https:\/\/gambling6.com\/es\/?s={search_term_string}"},"query-input":{"@type":"PropertyValueSpecification","valueRequired":true,"valueName":"search_term_string"}}],"inLanguage":"es"}]}},"_links":{"self":[{"href":"https:\/\/gambling6.com\/es\/wp-json\/wp\/v2\/pages\/9588","targetHints":{"allow":["GET"]}}],"collection":[{"href":"https:\/\/gambling6.com\/es\/wp-json\/wp\/v2\/pages"}],"about":[{"href":"https:\/\/gambling6.com\/es\/wp-json\/wp\/v2\/types\/page"}],"author":[{"embeddable":true,"href":"https:\/\/gambling6.com\/es\/wp-json\/wp\/v2\/users\/1"}],"replies":[{"embeddable":true,"href":"https:\/\/gambling6.com\/es\/wp-json\/wp\/v2\/comments?post=9588"}],"version-history":[{"count":1,"href":"https:\/\/gambling6.com\/es\/wp-json\/wp\/v2\/pages\/9588\/revisions"}],"predecessor-version":[{"id":10793,"href":"https:\/\/gambling6.com\/es\/wp-json\/wp\/v2\/pages\/9588\/revisions\/10793"}],"up":[{"embeddable":true,"href":"https:\/\/gambling6.com\/es\/wp-json\/wp\/v2\/pages\/9324"}],"wp:attachment":[{"href":"https:\/\/gambling6.com\/es\/wp-json\/wp\/v2\/media?parent=9588"}],"curies":[{"name":"wp","href":"https:\/\/api.w.org\/{rel}","templated":true}]}}