{"id":9591,"date":"2025-11-11T04:51:08","date_gmt":"2025-11-11T04:51:08","guid":{"rendered":"https:\/\/gambling6.com\/loteria\/consigue-boletos-de-la-loteria-el-gordo-desde-cualquier-lugar\/"},"modified":"2025-11-11T04:51:08","modified_gmt":"2025-11-11T04:51:08","slug":"consigue-boletos-de-la-loteria-el-gordo-desde-cualquier-lugar","status":"publish","type":"page","link":"https:\/\/gambling6.com\/es\/loteria\/consigue-boletos-de-la-loteria-el-gordo-desde-cualquier-lugar\/","title":{"rendered":"Consigue boletos de la Loter\u00eda El Gordo desde cualquier lugar"},"content":{"rendered":"<h2>Compra f\u00e1cilmente boletos online para la loter\u00eda El Gordo.<\/h2>\n<p><img loading=\"lazy\" decoding=\"async\" class=\" wp-image-1569 alignright\" src=\"https:\/\/gambling6.com\/wp-content\/uploads\/2022\/04\/2_ticket_spanish_lottery.jpg\" alt=\"boleto El Gordo\" width=\"200\" height=\"274\" \/>En Europa, la loter\u00eda El Gordo es enorme y la juegan personas tanto en Espa\u00f1a como en el extranjero. El bote m\u00ednimo semanal ronda los 6,5 millones de euros. Hay un solo sorteo semanal, los domingos, y cada semana hay largas colas para jugar. El bote puede llegar a acumular hasta 26 millones de euros. Sin embargo, si se producen acumulaciones frecuentes de premios (no bote), puede alcanzar en ocasiones los 35 millones de euros, una vez sumados los premios acumulados de semanas anteriores.<\/p>\n<h2>Los europeos compran boletos de loter\u00eda en l\u00ednea cada semana.<\/h2>\n<p> Europa se ha mantenido como una fuente creciente de ingresos para la loter\u00eda; cada semana, millones de jugadores hacen fila para jugar a la loter\u00eda en este continente. Para obtener sus boletos en l\u00ednea para la loter\u00eda El Gordo, visite a nuestro socio RedFoxLotto, inicie sesi\u00f3n en su cuenta y decida si desea usar la selecci\u00f3n r\u00e1pida o elegir sus propios n\u00fameros. Si elige sus propios n\u00fameros, deber\u00e1 seleccionar cinco n\u00fameros principales y un n\u00famero adicional.<\/p>\n<h2>Los europeos compran boletos en l\u00ednea para el sorteo del domingo.<\/h2>\n<p> El Gordo, conocida como la loter\u00eda espa\u00f1ola 6\/49, no debe confundirse con la loter\u00eda navide\u00f1a El Gordo. Esta popular loter\u00eda semanal se sortea los domingos. Al comprar boletos en l\u00ednea para la loter\u00eda El Gordo, tenga en cuenta que hay una probabilidad de 1 entre 10 de ganar un premio. Esto se debe a que existen siete categor\u00edas de premios diferentes, adem\u00e1s del premio mayor.<\/p>\n<h2>Se gastan millones mensualmente en la compra de boletos.<\/h2>\n<p> En los \u00faltimos a\u00f1os, los europeos se han vuelto locos por los boletos de loter\u00eda. Solo superados por Norteam\u00e9rica, los europeos gastan cientos de millones de d\u00f3lares en boletos cada a\u00f1o. Ahora que es posible comprar boletos para loter\u00edas de todo el mundo en l\u00ednea, las ventas han aumentado dr\u00e1sticamente. Si desea obtener sus boletos para la pr\u00f3xima loter\u00eda El Gordo, <a class=\"thirstylink\" title=\"Redfoxlotto\" href=\"https:\/\/gambling6.com\/go\/redfoxlotto\/\" target=\"_blank\" rel=\"nofollow noopener\">simplemente visite a nuestro socio RedFoxLotto<\/a>, reg\u00edstrese para obtener una cuenta y podr\u00eda estar en camino de convertirse en multimillonario de la noche a la ma\u00f1ana.<\/p>\n<table style=\"width: 500px;\" border=\"1\" cellspacing=\"5\" cellpadding=\"5\" align=\"center\">\n<tbody>\n<tr>\n<td colspan=\"3\" align=\"center\">Los mejores premios mayores de 2013<\/td>\n<\/tr>\n<tr>\n<td>Sorteo<\/td>\n<td align=\"center\">Fecha<\/td>\n<td align=\"center\">Premio mayor (USD)<\/td>\n<\/tr>\n<tr>\n<td>El Gordo &#8211; Espa\u00f1a<\/td>\n<td align=\"center\">13-oct-13<\/td>\n<td align=\"right\">$13.327.360<\/td>\n<\/tr>\n<tr>\n<td>El Gordo &#8211; Espa\u00f1a<\/td>\n<td align=\"center\">4-ago-13<\/td>\n<td align=\"right\">$10,275,000<\/td>\n<\/tr>\n<tr>\n<td>El Gordo &#8211; Espa\u00f1a<\/td>\n<td align=\"center\">16-jun-13<\/td>\n<td align=\"right\">$9,590,000<\/td>\n<\/tr>\n<tr>\n<td>El Gordo &#8211; Espa\u00f1a<\/td>\n<td align=\"center\">23-jun-13<\/td>\n<td align=\"right\">$6,850,000<\/td>\n<\/tr>\n<\/tbody>\n<\/table>\n<p>&nbsp;<\/p>\n<table style=\"width: 500px;\" border=\"1\" cellspacing=\"5\" cellpadding=\"5\" align=\"center\">\n<tbody>\n<tr>\n<td colspan=\"3\" align=\"center\">El Gordo Lotto &#8211; Niveles de Premios 6\/49 en Espa\u00f1ol<\/td>\n<\/tr>\n<tr>\n<td>Premio<\/td>\n<td align=\"center\">Aciertos<\/td>\n<td align=\"center\">Probabilidades<\/td>\n<\/tr>\n<tr>\n<td>1.er premio (Bote)<\/td>\n<td align=\"center\">5 + 1<\/td>\n<td align=\"right\">31.625.100 : 1<\/td>\n<\/tr>\n<tr>\n<td>2.\u00ba premio<\/td>\n<td align=\"center\">5<\/td>\n<td align=\"right\">3.513.900 : 1<\/td>\n<\/tr>\n<tr>\n<td>3.\u00ba<\/td>\n<td align=\"center\">4 + 1<\/td>\n<td align=\"right\">129.082 : 1<\/td>\n<\/tr>\n<tr>\n<td>4.\u00ba<\/td>\n<td align=\"center\">4<\/td>\n<td align=\"right\">14.342 : 1<\/td>\n<\/tr>\n<tr>\n<td>5.\u00ba<\/td>\n<td align=\"center\">3 + 1<\/td>\n<td align=\"right\">2.689 : 1<\/td>\n<\/tr>\n<tr>\n<td>6.\u00ba<\/td>\n<td align=\"center\">3<\/td>\n<td align=\"right\">299 : 1<\/td>\n<\/tr>\n<tr>\n<td>7.\u00ba<\/td>\n<td align=\"center\">2 + 1<\/td>\n<td align=\"right\">172 : 1<\/td>\n<\/tr>\n<tr>\n<td>8.\u00ba<\/td>\n<td align=\"center\">2<\/td>\n<td align=\"right\">19 : 1<\/td>\n<\/tr>\n<tr>\n<td>9.\u00ba<\/td>\n<td align=\"center\">0 + 1<\/td>\n<td align=\"right\">10 : 1<\/td>\n<\/tr>\n<\/tbody>\n<\/table>\n","protected":false},"excerpt":{"rendered":"<p>Compra f\u00e1cilmente boletos online para la loter\u00eda El Gordo. En Europa, la loter\u00eda El Gordo es enorme y la juegan personas tanto en Espa\u00f1a como en el extranjero. El bote m\u00ednimo semanal ronda los 6,5 millones de euros. Hay un solo sorteo semanal, los domingos, y cada semana hay largas colas para jugar. El bote [&hellip;]<\/p>\n","protected":false},"author":1,"featured_media":0,"parent":9324,"menu_order":3,"comment_status":"closed","ping_status":"closed","template":"","meta":{"footnotes":""},"class_list":["post-9591","page","type-page","status-publish","hentry"],"yoast_head":"<!-- This site is optimized with the Yoast SEO plugin v27.4 - https:\/\/yoast.com\/product\/yoast-seo-wordpress\/ -->\n<title>Compra boletos para la Loter\u00eda El Gordo en l\u00ednea<\/title>\n<meta name=\"description\" content=\"\u00a1Convi\u00e9rtete en millonario al comprar tus boletos en l\u00ednea para la loter\u00eda El Gordo!\" \/>\n<meta name=\"robots\" content=\"index, follow, max-snippet:-1, max-image-preview:large, max-video-preview:-1\" \/>\n<link rel=\"canonical\" href=\"https:\/\/gambling6.com\/es\/loteria\/consigue-boletos-de-la-loteria-el-gordo-desde-cualquier-lugar\/\" \/>\n<meta property=\"og:locale\" content=\"es_ES\" \/>\n<meta property=\"og:type\" content=\"article\" \/>\n<meta property=\"og:title\" content=\"Compra boletos para la Loter\u00eda El Gordo en l\u00ednea\" \/>\n<meta property=\"og:description\" content=\"\u00a1Convi\u00e9rtete en millonario al comprar tus boletos en l\u00ednea para la loter\u00eda El Gordo!\" \/>\n<meta property=\"og:url\" content=\"https:\/\/gambling6.com\/es\/loteria\/consigue-boletos-de-la-loteria-el-gordo-desde-cualquier-lugar\/\" \/>\n<meta property=\"og:site_name\" content=\"Gambling6\" \/>\n<meta property=\"og:image\" content=\"https:\/\/gambling6.com\/wp-content\/uploads\/2022\/04\/2_ticket_spanish_lottery.jpg\" \/>\n\t<meta property=\"og:image:width\" content=\"219\" \/>\n\t<meta property=\"og:image:height\" content=\"300\" \/>\n\t<meta property=\"og:image:type\" content=\"image\/jpeg\" \/>\n<meta name=\"twitter:card\" content=\"summary_large_image\" \/>\n<meta name=\"twitter:label1\" content=\"Tiempo de lectura\" \/>\n\t<meta name=\"twitter:data1\" content=\"2 minutos\" \/>\n<script type=\"application\/ld+json\" class=\"yoast-schema-graph\">{\"@context\":\"https:\\\/\\\/schema.org\",\"@graph\":[{\"@type\":\"WebPage\",\"@id\":\"https:\\\/\\\/gambling6.com\\\/es\\\/loteria\\\/consigue-boletos-de-la-loteria-el-gordo-desde-cualquier-lugar\\\/\",\"url\":\"https:\\\/\\\/gambling6.com\\\/es\\\/loteria\\\/consigue-boletos-de-la-loteria-el-gordo-desde-cualquier-lugar\\\/\",\"name\":\"Compra boletos para la Loter\u00eda El Gordo en l\u00ednea\",\"isPartOf\":{\"@id\":\"https:\\\/\\\/gambling6.com\\\/es\\\/#website\"},\"primaryImageOfPage\":{\"@id\":\"https:\\\/\\\/gambling6.com\\\/es\\\/loteria\\\/consigue-boletos-de-la-loteria-el-gordo-desde-cualquier-lugar\\\/#primaryimage\"},\"image\":{\"@id\":\"https:\\\/\\\/gambling6.com\\\/es\\\/loteria\\\/consigue-boletos-de-la-loteria-el-gordo-desde-cualquier-lugar\\\/#primaryimage\"},\"thumbnailUrl\":\"https:\\\/\\\/gambling6.com\\\/wp-content\\\/uploads\\\/2022\\\/04\\\/2_ticket_spanish_lottery.jpg\",\"datePublished\":\"2025-11-11T04:51:08+00:00\",\"description\":\"\u00a1Convi\u00e9rtete en millonario al comprar tus boletos en l\u00ednea para la loter\u00eda El Gordo!\",\"breadcrumb\":{\"@id\":\"https:\\\/\\\/gambling6.com\\\/es\\\/loteria\\\/consigue-boletos-de-la-loteria-el-gordo-desde-cualquier-lugar\\\/#breadcrumb\"},\"inLanguage\":\"es\",\"potentialAction\":[{\"@type\":\"ReadAction\",\"target\":[\"https:\\\/\\\/gambling6.com\\\/es\\\/loteria\\\/consigue-boletos-de-la-loteria-el-gordo-desde-cualquier-lugar\\\/\"]}]},{\"@type\":\"ImageObject\",\"inLanguage\":\"es\",\"@id\":\"https:\\\/\\\/gambling6.com\\\/es\\\/loteria\\\/consigue-boletos-de-la-loteria-el-gordo-desde-cualquier-lugar\\\/#primaryimage\",\"url\":\"https:\\\/\\\/gambling6.com\\\/wp-content\\\/uploads\\\/2022\\\/04\\\/2_ticket_spanish_lottery.jpg\",\"contentUrl\":\"https:\\\/\\\/gambling6.com\\\/wp-content\\\/uploads\\\/2022\\\/04\\\/2_ticket_spanish_lottery.jpg\"},{\"@type\":\"BreadcrumbList\",\"@id\":\"https:\\\/\\\/gambling6.com\\\/es\\\/loteria\\\/consigue-boletos-de-la-loteria-el-gordo-desde-cualquier-lugar\\\/#breadcrumb\",\"itemListElement\":[{\"@type\":\"ListItem\",\"position\":1,\"name\":\"Home\",\"item\":\"https:\\\/\\\/gambling6.com\\\/es\\\/home\\\/\"},{\"@type\":\"ListItem\",\"position\":2,\"name\":\"Loter\u00eda\",\"item\":\"https:\\\/\\\/gambling6.com\\\/es\\\/loteria\\\/\"},{\"@type\":\"ListItem\",\"position\":3,\"name\":\"Consigue boletos de la Loter\u00eda El Gordo desde cualquier lugar\"}]},{\"@type\":\"WebSite\",\"@id\":\"https:\\\/\\\/gambling6.com\\\/es\\\/#website\",\"url\":\"https:\\\/\\\/gambling6.com\\\/es\\\/\",\"name\":\"Gambling6\",\"description\":\"\",\"potentialAction\":[{\"@type\":\"SearchAction\",\"target\":{\"@type\":\"EntryPoint\",\"urlTemplate\":\"https:\\\/\\\/gambling6.com\\\/es\\\/?s={search_term_string}\"},\"query-input\":{\"@type\":\"PropertyValueSpecification\",\"valueRequired\":true,\"valueName\":\"search_term_string\"}}],\"inLanguage\":\"es\"}]}<\/script>\n<!-- \/ Yoast SEO plugin. -->","yoast_head_json":{"title":"Compra boletos para la Loter\u00eda El Gordo en l\u00ednea","description":"\u00a1Convi\u00e9rtete en millonario al comprar tus boletos en l\u00ednea para la loter\u00eda El Gordo!","robots":{"index":"index","follow":"follow","max-snippet":"max-snippet:-1","max-image-preview":"max-image-preview:large","max-video-preview":"max-video-preview:-1"},"canonical":"https:\/\/gambling6.com\/es\/loteria\/consigue-boletos-de-la-loteria-el-gordo-desde-cualquier-lugar\/","og_locale":"es_ES","og_type":"article","og_title":"Compra boletos para la Loter\u00eda El Gordo en l\u00ednea","og_description":"\u00a1Convi\u00e9rtete en millonario al comprar tus boletos en l\u00ednea para la loter\u00eda El Gordo!","og_url":"https:\/\/gambling6.com\/es\/loteria\/consigue-boletos-de-la-loteria-el-gordo-desde-cualquier-lugar\/","og_site_name":"Gambling6","og_image":[{"width":219,"height":300,"url":"https:\/\/gambling6.com\/wp-content\/uploads\/2022\/04\/2_ticket_spanish_lottery.jpg","type":"image\/jpeg"}],"twitter_card":"summary_large_image","twitter_misc":{"Tiempo de lectura":"2 minutos"},"schema":{"@context":"https:\/\/schema.org","@graph":[{"@type":"WebPage","@id":"https:\/\/gambling6.com\/es\/loteria\/consigue-boletos-de-la-loteria-el-gordo-desde-cualquier-lugar\/","url":"https:\/\/gambling6.com\/es\/loteria\/consigue-boletos-de-la-loteria-el-gordo-desde-cualquier-lugar\/","name":"Compra boletos para la Loter\u00eda El Gordo en l\u00ednea","isPartOf":{"@id":"https:\/\/gambling6.com\/es\/#website"},"primaryImageOfPage":{"@id":"https:\/\/gambling6.com\/es\/loteria\/consigue-boletos-de-la-loteria-el-gordo-desde-cualquier-lugar\/#primaryimage"},"image":{"@id":"https:\/\/gambling6.com\/es\/loteria\/consigue-boletos-de-la-loteria-el-gordo-desde-cualquier-lugar\/#primaryimage"},"thumbnailUrl":"https:\/\/gambling6.com\/wp-content\/uploads\/2022\/04\/2_ticket_spanish_lottery.jpg","datePublished":"2025-11-11T04:51:08+00:00","description":"\u00a1Convi\u00e9rtete en millonario al comprar tus boletos en l\u00ednea para la loter\u00eda El Gordo!","breadcrumb":{"@id":"https:\/\/gambling6.com\/es\/loteria\/consigue-boletos-de-la-loteria-el-gordo-desde-cualquier-lugar\/#breadcrumb"},"inLanguage":"es","potentialAction":[{"@type":"ReadAction","target":["https:\/\/gambling6.com\/es\/loteria\/consigue-boletos-de-la-loteria-el-gordo-desde-cualquier-lugar\/"]}]},{"@type":"ImageObject","inLanguage":"es","@id":"https:\/\/gambling6.com\/es\/loteria\/consigue-boletos-de-la-loteria-el-gordo-desde-cualquier-lugar\/#primaryimage","url":"https:\/\/gambling6.com\/wp-content\/uploads\/2022\/04\/2_ticket_spanish_lottery.jpg","contentUrl":"https:\/\/gambling6.com\/wp-content\/uploads\/2022\/04\/2_ticket_spanish_lottery.jpg"},{"@type":"BreadcrumbList","@id":"https:\/\/gambling6.com\/es\/loteria\/consigue-boletos-de-la-loteria-el-gordo-desde-cualquier-lugar\/#breadcrumb","itemListElement":[{"@type":"ListItem","position":1,"name":"Home","item":"https:\/\/gambling6.com\/es\/home\/"},{"@type":"ListItem","position":2,"name":"Loter\u00eda","item":"https:\/\/gambling6.com\/es\/loteria\/"},{"@type":"ListItem","position":3,"name":"Consigue boletos de la Loter\u00eda El Gordo desde cualquier lugar"}]},{"@type":"WebSite","@id":"https:\/\/gambling6.com\/es\/#website","url":"https:\/\/gambling6.com\/es\/","name":"Gambling6","description":"","potentialAction":[{"@type":"SearchAction","target":{"@type":"EntryPoint","urlTemplate":"https:\/\/gambling6.com\/es\/?s={search_term_string}"},"query-input":{"@type":"PropertyValueSpecification","valueRequired":true,"valueName":"search_term_string"}}],"inLanguage":"es"}]}},"_links":{"self":[{"href":"https:\/\/gambling6.com\/es\/wp-json\/wp\/v2\/pages\/9591","targetHints":{"allow":["GET"]}}],"collection":[{"href":"https:\/\/gambling6.com\/es\/wp-json\/wp\/v2\/pages"}],"about":[{"href":"https:\/\/gambling6.com\/es\/wp-json\/wp\/v2\/types\/page"}],"author":[{"embeddable":true,"href":"https:\/\/gambling6.com\/es\/wp-json\/wp\/v2\/users\/1"}],"replies":[{"embeddable":true,"href":"https:\/\/gambling6.com\/es\/wp-json\/wp\/v2\/comments?post=9591"}],"version-history":[{"count":0,"href":"https:\/\/gambling6.com\/es\/wp-json\/wp\/v2\/pages\/9591\/revisions"}],"up":[{"embeddable":true,"href":"https:\/\/gambling6.com\/es\/wp-json\/wp\/v2\/pages\/9324"}],"wp:attachment":[{"href":"https:\/\/gambling6.com\/es\/wp-json\/wp\/v2\/media?parent=9591"}],"curies":[{"name":"wp","href":"https:\/\/api.w.org\/{rel}","templated":true}]}}