{"id":10996,"date":"2025-11-17T10:57:13","date_gmt":"2025-11-17T10:57:13","guid":{"rendered":"https:\/\/gambling6.com\/?page_id=10996"},"modified":"2025-11-17T10:57:13","modified_gmt":"2025-11-17T10:57:13","slug":"888-kasiino-ulevaade","status":"publish","type":"page","link":"https:\/\/gambling6.com\/et\/888-kasiino-ulevaade\/","title":{"rendered":"888 kasiino \u00fclevaade"},"content":{"rendered":"<h2>Mitte ainult ruletisait \u2013 888 kasiino<\/h2>\n<p>888 online-kasiino on m\u00e4ngut\u00f6\u00f6stuses tuntud kaubam\u00e4rk. See online-kasiino pakub nii fantastilist Flash-p\u00f5hist kasiinot, mis laadib brauseris kiiresti, kui ka v\u00f5imalust alla laadida m\u00e4ngutarkvara m\u00e4ngude kasutamiseks. M\u00e4ngijad eelistavad allalaaditavat versiooni, kuna see annab kogu m\u00e4ngu v\u00e4ltel \u00fchtlase tunde ja ilme.<br \/>\n<a href=\"https:\/\/ic.aff-handler.com\/C\/45871?sr=1064399&amp;anid=\" rel=\"nofollow\"><img decoding=\"async\" class=\"aligncenter\" src=\"https:\/\/ic.aff-handler.com\/I\/45871?sr=1064399&amp;anid=\" \/><\/a><\/p>\n<h2>888 ruletim\u00e4ngud<\/h2>\n<p>Alates Euroopa ruletist kuni 3D-ruletini \u2013 selles kasiinos saate nautida igat t\u00fc\u00fcpi ruletti, mis teil meeles m\u00f5lgub. Samuti on saadaval tasuta ruletim\u00e4nge, kus saate m\u00e4ngureegleid \u00f5ppida, kui olete m\u00e4ngus uus. Kasiino peamine vaatamisv\u00e4\u00e4rsus on live-rulett. Saate valida kolme \u00fche nulliga laua vahel: Euroopa, Prantsuse ja Venezia rulett (itaaliakeelne diiler).<\/p>\n<p>Panusevahemik algab 1-st kuni maksimaalselt 200-ni. Aktsepteeritud valuutad on USD, Euro ja GBP. M\u00e4ng pakub m\u00e4ngijatele suurep\u00e4rast esteetikat. Parim osa on see, et m\u00e4ngijad saavad seda m\u00e4ngida brauseris ilma tarkvara alla laadimata. M\u00e4ngul on kaks vaadet: klassikaline ja 3D-vaade. M\u00e4ngus on k\u00f5ik, iga ruletif\u00e4nn ei saaks enamat tahta.<\/p>\n<p>Lisaks ruletim\u00e4ngudele leiate siit igasuguseid raha peale m\u00f5eldud online-m\u00e4nge. Pokker, spordiennustus, bingo, kraapimispiletid, m\u00e4nguautomaadid, blackjack \u2013 nimetage seda, neil on see olemas!<\/p>\n<p>888 turvalisus<br \/>\nSee Gibraltaril peakorteriga kasiino suhtub oma liikmete isikuandmete kaitsmisse v\u00e4ga t\u00f5siselt. Nad j\u00e4rgivad rangeid turvaprotokolle, et kaitsta andmeid ja teavet k\u00fcberkurjategijate r\u00fcnnakute eest. Kasiino on uhke oma erinevate turvasertifikaatide \u00fcle. Nad pakuvad 20 sissemaksemeetodit, sealhulgas valdkonna usaldusv\u00e4\u00e4rseimaid nimesid, nagu Visa ja Neteller. Kasiino peab s\u00e4ilitama k\u00f5rge turvalisuse taseme, kuna m\u00e4ngijad peavad pettuste v\u00e4ltimiseks avaldama kinnitusdokumendid ja teave on tundlik. Selliste erakordsete turvameetmetega saavad m\u00e4ngijad m\u00e4ngu muretult nautida.<\/p>\n<h2>888 kasiino boonused ja kampaaniad<\/h2>\n<p>Lisaks m\u00e4ngudele on j\u00e4rgmine asi, millest enamik kasiinom\u00e4ngijaid huvitatud on, boonused ja kampaaniad. 888 pakub regulaarselt suurep\u00e4raseid kampaaniaid. Nad pakuvad k\u00f5igile uutele m\u00e4ngijatele heldet liitumisboonust. Saate seda vabalt kasutada mis tahes kasiinom\u00e4ngude osas. Kui esimest korda ruletti m\u00e4ngite, tervitatakse teid 1500 \u20ac liitumisboonusega. Kasiinol on ka soovituskampaania, kus saate s\u00f5pru liituma kutsudes preemiaid teenida. \u00dcldiselt on 888 kasiino l\u00f5bus koht igale ruletihuvilisele. Iga hasartm\u00e4nguf\u00e4nn saab selles kasiinos nautida ja m\u00f5nusalt aega veeta!<\/p>\n","protected":false},"excerpt":{"rendered":"<p>Mitte ainult ruletisait \u2013 888 kasiino 888 online-kasiino on m\u00e4ngut\u00f6\u00f6stuses tuntud kaubam\u00e4rk. See online-kasiino pakub nii fantastilist Flash-p\u00f5hist kasiinot, mis laadib brauseris kiiresti, kui ka v\u00f5imalust alla laadida m\u00e4ngutarkvara m\u00e4ngude kasutamiseks. M\u00e4ngijad eelistavad allalaaditavat versiooni, kuna see annab kogu m\u00e4ngu v\u00e4ltel \u00fchtlase tunde ja ilme. 888 ruletim\u00e4ngud Alates Euroopa ruletist kuni 3D-ruletini \u2013 selles kasiinos [&hellip;]<\/p>\n","protected":false},"author":1,"featured_media":0,"parent":0,"menu_order":3,"comment_status":"closed","ping_status":"closed","template":"","meta":{"footnotes":""},"class_list":["post-10996","page","type-page","status-publish","hentry"],"yoast_head":"<!-- This site is optimized with the Yoast SEO plugin v27.4 - https:\/\/yoast.com\/product\/yoast-seo-wordpress\/ -->\n<title>888 kasiino \u00fclevaade - Gambling6<\/title>\n<meta name=\"robots\" content=\"index, follow, max-snippet:-1, max-image-preview:large, max-video-preview:-1\" \/>\n<link rel=\"canonical\" href=\"https:\/\/gambling6.com\/et\/888-kasiino-ulevaade\/\" \/>\n<meta property=\"og:locale\" content=\"et_EE\" \/>\n<meta property=\"og:type\" content=\"article\" \/>\n<meta property=\"og:title\" content=\"888 kasiino \u00fclevaade - Gambling6\" \/>\n<meta property=\"og:description\" content=\"Mitte ainult ruletisait \u2013 888 kasiino 888 online-kasiino on m\u00e4ngut\u00f6\u00f6stuses tuntud kaubam\u00e4rk. See online-kasiino pakub nii fantastilist Flash-p\u00f5hist kasiinot, mis laadib brauseris kiiresti, kui ka v\u00f5imalust alla laadida m\u00e4ngutarkvara m\u00e4ngude kasutamiseks. M\u00e4ngijad eelistavad allalaaditavat versiooni, kuna see annab kogu m\u00e4ngu v\u00e4ltel \u00fchtlase tunde ja ilme. 888 ruletim\u00e4ngud Alates Euroopa ruletist kuni 3D-ruletini \u2013 selles kasiinos [&hellip;]\" \/>\n<meta property=\"og:url\" content=\"https:\/\/gambling6.com\/et\/888-kasiino-ulevaade\/\" \/>\n<meta property=\"og:site_name\" content=\"Gambling6\" \/>\n<meta property=\"og:image\" content=\"https:\/\/ic.aff-handler.com\/I\/45871?sr=1064399&amp;anid=\" \/>\n<meta name=\"twitter:card\" content=\"summary_large_image\" \/>\n<meta name=\"twitter:label1\" content=\"Est. reading time\" \/>\n\t<meta name=\"twitter:data1\" content=\"2 minutit\" \/>\n<script type=\"application\/ld+json\" class=\"yoast-schema-graph\">{\"@context\":\"https:\\\/\\\/schema.org\",\"@graph\":[{\"@type\":\"WebPage\",\"@id\":\"https:\\\/\\\/gambling6.com\\\/et\\\/888-kasiino-ulevaade\\\/\",\"url\":\"https:\\\/\\\/gambling6.com\\\/et\\\/888-kasiino-ulevaade\\\/\",\"name\":\"888 kasiino \u00fclevaade - Gambling6\",\"isPartOf\":{\"@id\":\"https:\\\/\\\/gambling6.com\\\/et\\\/#website\"},\"primaryImageOfPage\":{\"@id\":\"https:\\\/\\\/gambling6.com\\\/et\\\/888-kasiino-ulevaade\\\/#primaryimage\"},\"image\":{\"@id\":\"https:\\\/\\\/gambling6.com\\\/et\\\/888-kasiino-ulevaade\\\/#primaryimage\"},\"thumbnailUrl\":\"https:\\\/\\\/ic.aff-handler.com\\\/I\\\/45871?sr=1064399&amp;anid=\",\"datePublished\":\"2025-11-17T10:57:13+00:00\",\"breadcrumb\":{\"@id\":\"https:\\\/\\\/gambling6.com\\\/et\\\/888-kasiino-ulevaade\\\/#breadcrumb\"},\"inLanguage\":\"et\",\"potentialAction\":[{\"@type\":\"ReadAction\",\"target\":[\"https:\\\/\\\/gambling6.com\\\/et\\\/888-kasiino-ulevaade\\\/\"]}]},{\"@type\":\"ImageObject\",\"inLanguage\":\"et\",\"@id\":\"https:\\\/\\\/gambling6.com\\\/et\\\/888-kasiino-ulevaade\\\/#primaryimage\",\"url\":\"https:\\\/\\\/ic.aff-handler.com\\\/I\\\/45871?sr=1064399&amp;anid=\",\"contentUrl\":\"https:\\\/\\\/ic.aff-handler.com\\\/I\\\/45871?sr=1064399&amp;anid=\"},{\"@type\":\"BreadcrumbList\",\"@id\":\"https:\\\/\\\/gambling6.com\\\/et\\\/888-kasiino-ulevaade\\\/#breadcrumb\",\"itemListElement\":[{\"@type\":\"ListItem\",\"position\":1,\"name\":\"Home\",\"item\":\"https:\\\/\\\/gambling6.com\\\/et\\\/home\\\/\"},{\"@type\":\"ListItem\",\"position\":2,\"name\":\"888 kasiino \u00fclevaade\"}]},{\"@type\":\"WebSite\",\"@id\":\"https:\\\/\\\/gambling6.com\\\/et\\\/#website\",\"url\":\"https:\\\/\\\/gambling6.com\\\/et\\\/\",\"name\":\"Gambling6\",\"description\":\"\",\"potentialAction\":[{\"@type\":\"SearchAction\",\"target\":{\"@type\":\"EntryPoint\",\"urlTemplate\":\"https:\\\/\\\/gambling6.com\\\/et\\\/?s={search_term_string}\"},\"query-input\":{\"@type\":\"PropertyValueSpecification\",\"valueRequired\":true,\"valueName\":\"search_term_string\"}}],\"inLanguage\":\"et\"}]}<\/script>\n<!-- \/ Yoast SEO plugin. -->","yoast_head_json":{"title":"888 kasiino \u00fclevaade - Gambling6","robots":{"index":"index","follow":"follow","max-snippet":"max-snippet:-1","max-image-preview":"max-image-preview:large","max-video-preview":"max-video-preview:-1"},"canonical":"https:\/\/gambling6.com\/et\/888-kasiino-ulevaade\/","og_locale":"et_EE","og_type":"article","og_title":"888 kasiino \u00fclevaade - Gambling6","og_description":"Mitte ainult ruletisait \u2013 888 kasiino 888 online-kasiino on m\u00e4ngut\u00f6\u00f6stuses tuntud kaubam\u00e4rk. See online-kasiino pakub nii fantastilist Flash-p\u00f5hist kasiinot, mis laadib brauseris kiiresti, kui ka v\u00f5imalust alla laadida m\u00e4ngutarkvara m\u00e4ngude kasutamiseks. M\u00e4ngijad eelistavad allalaaditavat versiooni, kuna see annab kogu m\u00e4ngu v\u00e4ltel \u00fchtlase tunde ja ilme. 888 ruletim\u00e4ngud Alates Euroopa ruletist kuni 3D-ruletini \u2013 selles kasiinos [&hellip;]","og_url":"https:\/\/gambling6.com\/et\/888-kasiino-ulevaade\/","og_site_name":"Gambling6","og_image":[{"url":"https:\/\/ic.aff-handler.com\/I\/45871?sr=1064399&amp;anid=","type":"","width":"","height":""}],"twitter_card":"summary_large_image","twitter_misc":{"Est. reading time":"2 minutit"},"schema":{"@context":"https:\/\/schema.org","@graph":[{"@type":"WebPage","@id":"https:\/\/gambling6.com\/et\/888-kasiino-ulevaade\/","url":"https:\/\/gambling6.com\/et\/888-kasiino-ulevaade\/","name":"888 kasiino \u00fclevaade - Gambling6","isPartOf":{"@id":"https:\/\/gambling6.com\/et\/#website"},"primaryImageOfPage":{"@id":"https:\/\/gambling6.com\/et\/888-kasiino-ulevaade\/#primaryimage"},"image":{"@id":"https:\/\/gambling6.com\/et\/888-kasiino-ulevaade\/#primaryimage"},"thumbnailUrl":"https:\/\/ic.aff-handler.com\/I\/45871?sr=1064399&amp;anid=","datePublished":"2025-11-17T10:57:13+00:00","breadcrumb":{"@id":"https:\/\/gambling6.com\/et\/888-kasiino-ulevaade\/#breadcrumb"},"inLanguage":"et","potentialAction":[{"@type":"ReadAction","target":["https:\/\/gambling6.com\/et\/888-kasiino-ulevaade\/"]}]},{"@type":"ImageObject","inLanguage":"et","@id":"https:\/\/gambling6.com\/et\/888-kasiino-ulevaade\/#primaryimage","url":"https:\/\/ic.aff-handler.com\/I\/45871?sr=1064399&amp;anid=","contentUrl":"https:\/\/ic.aff-handler.com\/I\/45871?sr=1064399&amp;anid="},{"@type":"BreadcrumbList","@id":"https:\/\/gambling6.com\/et\/888-kasiino-ulevaade\/#breadcrumb","itemListElement":[{"@type":"ListItem","position":1,"name":"Home","item":"https:\/\/gambling6.com\/et\/home\/"},{"@type":"ListItem","position":2,"name":"888 kasiino \u00fclevaade"}]},{"@type":"WebSite","@id":"https:\/\/gambling6.com\/et\/#website","url":"https:\/\/gambling6.com\/et\/","name":"Gambling6","description":"","potentialAction":[{"@type":"SearchAction","target":{"@type":"EntryPoint","urlTemplate":"https:\/\/gambling6.com\/et\/?s={search_term_string}"},"query-input":{"@type":"PropertyValueSpecification","valueRequired":true,"valueName":"search_term_string"}}],"inLanguage":"et"}]}},"_links":{"self":[{"href":"https:\/\/gambling6.com\/et\/wp-json\/wp\/v2\/pages\/10996","targetHints":{"allow":["GET"]}}],"collection":[{"href":"https:\/\/gambling6.com\/et\/wp-json\/wp\/v2\/pages"}],"about":[{"href":"https:\/\/gambling6.com\/et\/wp-json\/wp\/v2\/types\/page"}],"author":[{"embeddable":true,"href":"https:\/\/gambling6.com\/et\/wp-json\/wp\/v2\/users\/1"}],"replies":[{"embeddable":true,"href":"https:\/\/gambling6.com\/et\/wp-json\/wp\/v2\/comments?post=10996"}],"version-history":[{"count":1,"href":"https:\/\/gambling6.com\/et\/wp-json\/wp\/v2\/pages\/10996\/revisions"}],"predecessor-version":[{"id":10998,"href":"https:\/\/gambling6.com\/et\/wp-json\/wp\/v2\/pages\/10996\/revisions\/10998"}],"wp:attachment":[{"href":"https:\/\/gambling6.com\/et\/wp-json\/wp\/v2\/media?parent=10996"}],"curies":[{"name":"wp","href":"https:\/\/api.w.org\/{rel}","templated":true}]}}