{"id":11050,"date":"2025-11-17T12:00:29","date_gmt":"2025-11-17T12:00:29","guid":{"rendered":"https:\/\/gambling6.com\/kui-hea-on-redfoxlotto\/"},"modified":"2025-11-17T12:00:29","modified_gmt":"2025-11-17T12:00:29","slug":"kui-hea-on-redfoxlotto","status":"publish","type":"page","link":"https:\/\/gambling6.com\/et\/kui-hea-on-redfoxlotto\/","title":{"rendered":"Kui hea on RedFoxLotto?"},"content":{"rendered":"<h2>RedFoxLotto \u00fclevaade<\/h2>\n<p><strong>RedFoxLotto<\/strong>on v\u00e4ga kasutajas\u00f5bralik, turvaline ja turvaline platvorm piletite ostmiseks veebis k\u00f5ikidele suurematele loteriidele kogu maailmas. RedFoxLotto veebisaidil saate m\u00e4ngida paljusid \u00fclemaailmseid loteriisid ja pileteid saab tellida 24 tundi \u00f6\u00f6p\u00e4evas, seitse p\u00e4eva n\u00e4dalas. Konto loomine, raha sissemakse ja rahvusvaheliste loteriipiletite m\u00e4ngimise alustamine on lihtne vaid m\u00f5ne minutiga.<\/p>\n<h2>Kogu v\u00f5idetud raha j\u00e4\u00e4b teile RedFoxLottos<\/h2>\n<p>RedFoxLotto palkab \u00fcle maailma loteriikullereid, kes ostavad teie nimel pileteid loteriidele, mida soovite m\u00e4ngida. Kui piletid on ostetud ja need skannitakse ning enne loosimist teie kontole \u00fcles laaditakse, tagab see, et n\u00e4ete oma pileteid ja saate 100% oma v\u00f5itudest. RedFoxLotto ei v\u00f5ta teie v\u00f5itudelt protsenti; k\u00f5ik tasud sisalduvad teie piletite hinnas.<\/p>\n<h2>Pileteid saadaval k\u00f5ikidele suurematele loteriidele<\/h2>\n<p><strong>Leiad pileteid k\u00f5ikidele suurematele loteriidele kogu maailmas, sealhulgas Mega Millions, Powerball USA, Eurojackpot, Euro Millions ja teised.<\/strong> Pole t\u00e4htis, millises riigis sa elad; saad osta pileteid k\u00f5ikidele suurematele loteriidele kogu maailmas. K\u00f5ik, mida pead tegema, on oma kontole sisse logida, valida RedFoxLotto, mida soovid m\u00e4ngida, valida numbrid, mida soovid m\u00e4ngida, ja istuda maha ning oodata loosimist. RedFoxLotto saadab sulle teateid k\u00f5ikidest v\u00f5itudest.<\/p>\n<p>V\u00f5itude k\u00e4ttesaamine RedFoxLottos on lihtne<\/p>\n<p>K\u00f5igi v\u00f5idupiletite kohta, mis sul v\u00f5ivad olla, saadab RedFoxLotto sulle teate e-posti teel v\u00f5i helistab sulle, kui auhind on suurem, et sind v\u00f5idust teavitada. Kuni 2000 euro suurune v\u00f5idusumma kantakse sinu kontole automaatselt. Kui juhtute v\u00f5itma auhinna, mis on suurem kui 2000 eurot, juhendavad RedFoxLotto t\u00f6\u00f6tlemiseksperdid teid v\u00f5itude k\u00e4ttesaamiseks vajalike sammude l\u00e4bimisel. Peaauhinna v\u00f5itjad saavad valida, kas RedFoxLotto tegutseb nende nimel v\u00f5i kui soovite, v\u00f5ite ise oma v\u00f5idud k\u00e4tte saada. Oleme kindlad, et kui teist saab mitme miljoni dollari suurune v\u00f5itja, ei ole teil mingeid probleeme v\u00f5itude k\u00e4ttesaamiseks vajalike sammude astumisega.<\/p>\n<h2>Veebip\u00f5histe loteriipiletite eest tasumine<\/h2>\n<p>RedFoxLotto pakub palju turvalisi maksev\u00f5imalusi olenemata sellest, millises riigis te elate.<strong> Nad aktsepteerivad Visat, MasterCardi, American Expressi, Skrilli, Netellerit, kohest panga\u00fclekannet, kr\u00fcptot ja mitmesuguseid muid veebirahakoti tooteid.<\/strong> Saate valida, kas teie v\u00f5idud kantakse sisse \u00fcksk\u00f5ik millise meetodi abil v\u00f5i kantakse raha otse oma pangakontole.<\/p>\n<p>Igal aastal esindab RedFoxLotto miljonite dollarite v\u00f5itjaid ja pakub 100% maksegarantiid. Kui teil on k\u00fcsimusi, on teil lihtne \u00fchendust v\u00f5tta RedFoxLotto.com-i \u00f6\u00f6p\u00e4evaringselt avatud p\u00fchendunud klienditeenindajatega. Enam ei ole vaja k\u00fclastada kohalikke loteriikioskisid, et osta pileteid kohalikule loteriile. Saate osta pileteid mugavalt oma kodust v\u00f5i kontorist piisavalt kiiresti k\u00f5igi loteriide jaoks.<\/p>\n<p><strong>Alustage juba t\u00e4na rahvusvaheliste loteriide m\u00e4ngimist veebis, k\u00fclastades meie partnerit RedFoxLotto ja avades oma isikliku konto.<\/strong> Kui teil on konto, leiate palju erinevaid boonuspakkumisi ja spetsiaalseid piletite ostmise programme, mis muudavad loto m\u00e4ngimise l\u00f5busaks ja kasumlikuks.<\/p>\n<p><a class=\"thirstylink\" title=\"Redfoxlotto\" href=\"https:\/\/gambling6.com\/go\/redfoxlotto\/\" target=\"_blank\" rel=\"nofollow noopener\">Kl\u00f5psake siin kohe, et luua oma isiklik RedFoxLotto veebikonto<\/a> ja teist v\u00f5ib saada \u00fcle\u00f6\u00f6 multimiljon\u00e4r.<\/p>\n","protected":false},"excerpt":{"rendered":"<p>RedFoxLotto \u00fclevaade RedFoxLottoon v\u00e4ga kasutajas\u00f5bralik, turvaline ja turvaline platvorm piletite ostmiseks veebis k\u00f5ikidele suurematele loteriidele kogu maailmas. RedFoxLotto veebisaidil saate m\u00e4ngida paljusid \u00fclemaailmseid loteriisid ja pileteid saab tellida 24 tundi \u00f6\u00f6p\u00e4evas, seitse p\u00e4eva n\u00e4dalas. Konto loomine, raha sissemakse ja rahvusvaheliste loteriipiletite m\u00e4ngimise alustamine on lihtne vaid m\u00f5ne minutiga. Kogu v\u00f5idetud raha j\u00e4\u00e4b teile RedFoxLottos RedFoxLotto [&hellip;]<\/p>\n","protected":false},"author":1,"featured_media":0,"parent":0,"menu_order":1,"comment_status":"closed","ping_status":"closed","template":"","meta":{"footnotes":""},"class_list":["post-11050","page","type-page","status-publish","hentry"],"yoast_head":"<!-- This site is optimized with the Yoast SEO plugin v27.4 - https:\/\/yoast.com\/product\/yoast-seo-wordpress\/ -->\n<title>RedFoxLotto \u00fclevaade<\/title>\n<meta name=\"description\" content=\"RedFoxLotto.com-ist saate osta rahvusvaheliste loteriide, sealhulgas Powerballi ja Mega Millionsi pileteid veebis. Loe meie RedFoxlotto arvustust.\" \/>\n<meta name=\"robots\" content=\"index, follow, max-snippet:-1, max-image-preview:large, max-video-preview:-1\" \/>\n<link rel=\"canonical\" href=\"https:\/\/gambling6.com\/et\/kui-hea-on-redfoxlotto\/\" \/>\n<meta property=\"og:locale\" content=\"et_EE\" \/>\n<meta property=\"og:type\" content=\"article\" \/>\n<meta property=\"og:title\" content=\"RedFoxLotto \u00fclevaade\" \/>\n<meta property=\"og:description\" content=\"RedFoxLotto.com-ist saate osta rahvusvaheliste loteriide, sealhulgas Powerballi ja Mega Millionsi pileteid veebis. Loe meie RedFoxlotto arvustust.\" \/>\n<meta property=\"og:url\" content=\"https:\/\/gambling6.com\/et\/kui-hea-on-redfoxlotto\/\" \/>\n<meta property=\"og:site_name\" content=\"Gambling6\" \/>\n<meta property=\"article:published_time\" content=\"2025-11-17T12:00:29+00:00\" \/>\n<meta name=\"author\" content=\"Catfish\" \/>\n<meta name=\"twitter:card\" content=\"summary_large_image\" \/>\n<meta name=\"twitter:label1\" content=\"Written by\" \/>\n\t<meta name=\"twitter:data1\" content=\"Catfish\" \/>\n\t<meta name=\"twitter:label2\" content=\"Est. reading time\" \/>\n\t<meta name=\"twitter:data2\" content=\"2 minutit\" \/>\n<script type=\"application\/ld+json\" class=\"yoast-schema-graph\">{\"@context\":\"https:\\\/\\\/schema.org\",\"@graph\":[{\"@type\":\"Article\",\"@id\":\"https:\\\/\\\/gambling6.com\\\/et\\\/kui-hea-on-redfoxlotto\\\/#article\",\"isPartOf\":{\"@id\":\"https:\\\/\\\/gambling6.com\\\/et\\\/kui-hea-on-redfoxlotto\\\/\"},\"author\":{\"name\":\"Catfish\",\"@id\":\"https:\\\/\\\/gambling6.com\\\/et\\\/#\\\/schema\\\/person\\\/d093de87a44a018ef67117d02d86ddaf\"},\"headline\":\"Kui hea on RedFoxLotto?\",\"datePublished\":\"2025-11-17T12:00:29+00:00\",\"mainEntityOfPage\":{\"@id\":\"https:\\\/\\\/gambling6.com\\\/et\\\/kui-hea-on-redfoxlotto\\\/\"},\"wordCount\":487,\"articleSection\":[\"Hasartm\u00e4ngusaitide arvustused\",\"Loterii strateegia\",\"Loto uudised\",\"M\u00e4ngi rahvusvahelisi loteriisid veebis\"],\"inLanguage\":\"et\"},{\"@type\":\"WebPage\",\"@id\":\"https:\\\/\\\/gambling6.com\\\/et\\\/kui-hea-on-redfoxlotto\\\/\",\"url\":\"https:\\\/\\\/gambling6.com\\\/et\\\/kui-hea-on-redfoxlotto\\\/\",\"name\":\"RedFoxLotto \u00fclevaade\",\"isPartOf\":{\"@id\":\"https:\\\/\\\/gambling6.com\\\/et\\\/#website\"},\"datePublished\":\"2025-11-17T12:00:29+00:00\",\"author\":{\"@id\":\"https:\\\/\\\/gambling6.com\\\/et\\\/#\\\/schema\\\/person\\\/d093de87a44a018ef67117d02d86ddaf\"},\"description\":\"RedFoxLotto.com-ist saate osta rahvusvaheliste loteriide, sealhulgas Powerballi ja Mega Millionsi pileteid veebis. Loe meie RedFoxlotto arvustust.\",\"breadcrumb\":{\"@id\":\"https:\\\/\\\/gambling6.com\\\/et\\\/kui-hea-on-redfoxlotto\\\/#breadcrumb\"},\"inLanguage\":\"et\",\"potentialAction\":[{\"@type\":\"ReadAction\",\"target\":[\"https:\\\/\\\/gambling6.com\\\/et\\\/kui-hea-on-redfoxlotto\\\/\"]}]},{\"@type\":\"BreadcrumbList\",\"@id\":\"https:\\\/\\\/gambling6.com\\\/et\\\/kui-hea-on-redfoxlotto\\\/#breadcrumb\",\"itemListElement\":[{\"@type\":\"ListItem\",\"position\":1,\"name\":\"Home\",\"item\":\"https:\\\/\\\/gambling6.com\\\/et\\\/home\\\/\"},{\"@type\":\"ListItem\",\"position\":2,\"name\":\"Kui hea on RedFoxLotto?\"}]},{\"@type\":\"WebSite\",\"@id\":\"https:\\\/\\\/gambling6.com\\\/et\\\/#website\",\"url\":\"https:\\\/\\\/gambling6.com\\\/et\\\/\",\"name\":\"Gambling6\",\"description\":\"\",\"potentialAction\":[{\"@type\":\"SearchAction\",\"target\":{\"@type\":\"EntryPoint\",\"urlTemplate\":\"https:\\\/\\\/gambling6.com\\\/et\\\/?s={search_term_string}\"},\"query-input\":{\"@type\":\"PropertyValueSpecification\",\"valueRequired\":true,\"valueName\":\"search_term_string\"}}],\"inLanguage\":\"et\"},{\"@type\":\"Person\",\"@id\":\"https:\\\/\\\/gambling6.com\\\/et\\\/#\\\/schema\\\/person\\\/d093de87a44a018ef67117d02d86ddaf\",\"name\":\"Catfish\",\"image\":{\"@type\":\"ImageObject\",\"inLanguage\":\"et\",\"@id\":\"https:\\\/\\\/secure.gravatar.com\\\/avatar\\\/32edfa28ccbf005c231538b245a2670a36c7f33f2d3a9ab09e50843b363f2821?s=96&d=mm&r=g\",\"url\":\"https:\\\/\\\/secure.gravatar.com\\\/avatar\\\/32edfa28ccbf005c231538b245a2670a36c7f33f2d3a9ab09e50843b363f2821?s=96&d=mm&r=g\",\"contentUrl\":\"https:\\\/\\\/secure.gravatar.com\\\/avatar\\\/32edfa28ccbf005c231538b245a2670a36c7f33f2d3a9ab09e50843b363f2821?s=96&d=mm&r=g\",\"caption\":\"Catfish\"},\"sameAs\":[\"http:\\\/\\\/gambling6.com\"],\"url\":\"https:\\\/\\\/gambling6.com\\\/et\\\/author\\\/catfish\\\/\"}]}<\/script>\n<!-- \/ Yoast SEO plugin. -->","yoast_head_json":{"title":"RedFoxLotto \u00fclevaade","description":"RedFoxLotto.com-ist saate osta rahvusvaheliste loteriide, sealhulgas Powerballi ja Mega Millionsi pileteid veebis. Loe meie RedFoxlotto arvustust.","robots":{"index":"index","follow":"follow","max-snippet":"max-snippet:-1","max-image-preview":"max-image-preview:large","max-video-preview":"max-video-preview:-1"},"canonical":"https:\/\/gambling6.com\/et\/kui-hea-on-redfoxlotto\/","og_locale":"et_EE","og_type":"article","og_title":"RedFoxLotto \u00fclevaade","og_description":"RedFoxLotto.com-ist saate osta rahvusvaheliste loteriide, sealhulgas Powerballi ja Mega Millionsi pileteid veebis. Loe meie RedFoxlotto arvustust.","og_url":"https:\/\/gambling6.com\/et\/kui-hea-on-redfoxlotto\/","og_site_name":"Gambling6","article_published_time":"2025-11-17T12:00:29+00:00","author":"Catfish","twitter_card":"summary_large_image","twitter_misc":{"Written by":"Catfish","Est. reading time":"2 minutit"},"schema":{"@context":"https:\/\/schema.org","@graph":[{"@type":"Article","@id":"https:\/\/gambling6.com\/et\/kui-hea-on-redfoxlotto\/#article","isPartOf":{"@id":"https:\/\/gambling6.com\/et\/kui-hea-on-redfoxlotto\/"},"author":{"name":"Catfish","@id":"https:\/\/gambling6.com\/et\/#\/schema\/person\/d093de87a44a018ef67117d02d86ddaf"},"headline":"Kui hea on RedFoxLotto?","datePublished":"2025-11-17T12:00:29+00:00","mainEntityOfPage":{"@id":"https:\/\/gambling6.com\/et\/kui-hea-on-redfoxlotto\/"},"wordCount":487,"articleSection":["Hasartm\u00e4ngusaitide arvustused","Loterii strateegia","Loto uudised","M\u00e4ngi rahvusvahelisi loteriisid veebis"],"inLanguage":"et"},{"@type":"WebPage","@id":"https:\/\/gambling6.com\/et\/kui-hea-on-redfoxlotto\/","url":"https:\/\/gambling6.com\/et\/kui-hea-on-redfoxlotto\/","name":"RedFoxLotto \u00fclevaade","isPartOf":{"@id":"https:\/\/gambling6.com\/et\/#website"},"datePublished":"2025-11-17T12:00:29+00:00","author":{"@id":"https:\/\/gambling6.com\/et\/#\/schema\/person\/d093de87a44a018ef67117d02d86ddaf"},"description":"RedFoxLotto.com-ist saate osta rahvusvaheliste loteriide, sealhulgas Powerballi ja Mega Millionsi pileteid veebis. Loe meie RedFoxlotto arvustust.","breadcrumb":{"@id":"https:\/\/gambling6.com\/et\/kui-hea-on-redfoxlotto\/#breadcrumb"},"inLanguage":"et","potentialAction":[{"@type":"ReadAction","target":["https:\/\/gambling6.com\/et\/kui-hea-on-redfoxlotto\/"]}]},{"@type":"BreadcrumbList","@id":"https:\/\/gambling6.com\/et\/kui-hea-on-redfoxlotto\/#breadcrumb","itemListElement":[{"@type":"ListItem","position":1,"name":"Home","item":"https:\/\/gambling6.com\/et\/home\/"},{"@type":"ListItem","position":2,"name":"Kui hea on RedFoxLotto?"}]},{"@type":"WebSite","@id":"https:\/\/gambling6.com\/et\/#website","url":"https:\/\/gambling6.com\/et\/","name":"Gambling6","description":"","potentialAction":[{"@type":"SearchAction","target":{"@type":"EntryPoint","urlTemplate":"https:\/\/gambling6.com\/et\/?s={search_term_string}"},"query-input":{"@type":"PropertyValueSpecification","valueRequired":true,"valueName":"search_term_string"}}],"inLanguage":"et"},{"@type":"Person","@id":"https:\/\/gambling6.com\/et\/#\/schema\/person\/d093de87a44a018ef67117d02d86ddaf","name":"Catfish","image":{"@type":"ImageObject","inLanguage":"et","@id":"https:\/\/secure.gravatar.com\/avatar\/32edfa28ccbf005c231538b245a2670a36c7f33f2d3a9ab09e50843b363f2821?s=96&d=mm&r=g","url":"https:\/\/secure.gravatar.com\/avatar\/32edfa28ccbf005c231538b245a2670a36c7f33f2d3a9ab09e50843b363f2821?s=96&d=mm&r=g","contentUrl":"https:\/\/secure.gravatar.com\/avatar\/32edfa28ccbf005c231538b245a2670a36c7f33f2d3a9ab09e50843b363f2821?s=96&d=mm&r=g","caption":"Catfish"},"sameAs":["http:\/\/gambling6.com"],"url":"https:\/\/gambling6.com\/et\/author\/catfish\/"}]}},"_links":{"self":[{"href":"https:\/\/gambling6.com\/et\/wp-json\/wp\/v2\/pages\/11050","targetHints":{"allow":["GET"]}}],"collection":[{"href":"https:\/\/gambling6.com\/et\/wp-json\/wp\/v2\/pages"}],"about":[{"href":"https:\/\/gambling6.com\/et\/wp-json\/wp\/v2\/types\/page"}],"author":[{"embeddable":true,"href":"https:\/\/gambling6.com\/et\/wp-json\/wp\/v2\/users\/1"}],"replies":[{"embeddable":true,"href":"https:\/\/gambling6.com\/et\/wp-json\/wp\/v2\/comments?post=11050"}],"version-history":[{"count":0,"href":"https:\/\/gambling6.com\/et\/wp-json\/wp\/v2\/pages\/11050\/revisions"}],"wp:attachment":[{"href":"https:\/\/gambling6.com\/et\/wp-json\/wp\/v2\/media?parent=11050"}],"curies":[{"name":"wp","href":"https:\/\/api.w.org\/{rel}","templated":true}]}}