{"id":11085,"date":"2025-11-17T14:53:47","date_gmt":"2025-11-17T14:53:47","guid":{"rendered":"https:\/\/gambling6.com\/edu-online-bingos\/"},"modified":"2025-11-17T16:22:28","modified_gmt":"2025-11-17T16:22:28","slug":"edu-online-bingos","status":"publish","type":"page","link":"https:\/\/gambling6.com\/et\/bingo\/edu-online-bingos\/","title":{"rendered":"Edu online-bingos"},"content":{"rendered":"<h2>M\u00e4ngi online-bingot \u00f5ige strateegiaga<\/h2>\n<p>T\u00e4nu t\u00e4nap\u00e4eva interneti arengule saad nautida meelelahutuslikku bingot otse oma kodust. Parim osa on see, et saad m\u00e4ngu m\u00e4ngida igal ajal, kui soovid. See on p\u00f5hjus, miks online-bingo on muutunud inimeste, eriti naiste seas nii populaarseks. Kui oled algaja, siis \u00e4ra muretse, saad m\u00e4ngu \u00f5ppida, proovides seda esmalt tasuta bingosaidil. <a class=\"thirstylink\" title=\"Bingo Billy en\" href=\"https:\/\/gambling6.com\/go\/bingobilly-en\/\" target=\"_blank\" rel=\"nofollow noopener\">Hea koht alustamiseks oleks Bingo Billy \u2013 k\u00fclastamiseks kl\u00f5psa siia.<\/a><\/p>\n<p>Aga kui m\u00e4ngid seda online-m\u00e4ngus, on siin m\u00f5ned n\u00e4pun\u00e4ited, mis aitavad sul oma v\u00f5iduv\u00f5imalusi suurendada. Loe edasi, et rohkem teada saada. Tee kiire uurimist\u00f6\u00f6 ja leia bingosaidid, mis pakuvad parimaid sissemakseboonuseid. Paljud veebisaidid pakuvad ka tulusaid liitumisboonuseid. Alati on soovitatav m\u00e4ngida bingot usaldusv\u00e4\u00e4rsetel kasiinosaitidel. Enne registreerumist v\u00f5i sisselogimist lugege kindlasti nende kasiinode tegelike kasutajate arvustusi.<\/p>\n<p><a href=\"https:\/\/record.revenueplanet.com\/_BoBybWC_aAPUOsjNOfgKefwM06wa-Rwt\/1\/\" target=\"_new\" rel=\"noopener\"><img loading=\"lazy\" decoding=\"async\" class=\"aligncenter\" style=\"border: none;\" src=\"https:\/\/media.revenueplanet.com\/uploads\/nbb-468x60-nov-generic.gif\" alt=\"BingoBilly tasuta bingo\" width=\"468\" height=\"60\" \/><\/a><br \/>\nAinult hea mainega ja usaldusv\u00e4\u00e4rsed kasiinod maksavad v\u00e4lja kogu summa, mille olete m\u00e4ngus v\u00f5itnud. Internet on bingosaite \u00fcle ujutatud ja kahjuks varastavad paljud petuskeemid teie raha ega maksa v\u00e4lja, kui m\u00e4ngus v\u00f5idate. Seet\u00f5ttu peaksite veebikasiino valimisel olema eriti ettevaatlik. Bingom\u00e4nge m\u00e4ngitakse ainult l\u00f5bu p\u00e4rast.<\/p>\n<p>M\u00e4ngu reegleid ja eeskirju on lihtne j\u00e4rgida. Bingom\u00e4ng on t\u00e4ielikult \u00f5nne k\u00fcsimus. \u00dckski element ei saa tulemust ennustada ega m\u00e4ngu m\u00f5jutada. Saate l\u00f5\u00f5gastuda ja m\u00e4ngu nautida, kuna otsuseid pole vaja teha. Online-bingo on muutnud m\u00e4ngu k\u00e4ttesaadavamaks, kuna saate seda m\u00e4ngida endale sobival ajal ja igast kohast, kus on interneti\u00fchendus ja arvuti.<\/p>\n<p>P\u00fc\u00fcdke alati m\u00e4ngida v\u00e4hem rahvarohkes kohas. See suurendab teie v\u00f5iduv\u00f5imalusi, kuna v\u00f5istlete v\u00e4hemate m\u00e4ngijate vastu. Tasakaalustatud m\u00e4ngijate arvuga sait annab teile parema v\u00f5imaluse m\u00e4ng v\u00f5ita. Valige saidid, mis pakuvad vestlusruume m\u00e4ngijatevaheliseks lihtsaks suhtlemiseks. Samuti saate teiste m\u00e4ngijatega vestelda nende m\u00e4ngitud kaartide \u00fcle. Samuti v\u00f5ite suurendada kaardi numbrit, et v\u00f5it enda poole p\u00f6\u00f6rata.<\/p>\n<p>Palju s\u00f5ltub ka m\u00e4nguajast, mille valite. On t\u00e4heldatud, et kui m\u00e4ngite paaritutel aegadel, on teil v\u00f5imalus v\u00f5ita, kuna nendel aegadel pole v\u00f5rgus palju m\u00e4ngijaid. Suurte jackpot-bingom\u00e4ngude puhul v\u00e4ltige alati liiga palju kaarte. Valige alati kasiinosaidid, mis pakuvad 100% sissemakseboonuseid. T\u00e4nap\u00e4eval v\u00f5ib kasiinode juures kohata ka suunamisprogramme. Programmi osana saate tasuta raha, kui teie suunamine kasiinos registreerub. Lisaks pakub online-kasiino aeg-ajalt palju soodusboonuseid.<\/p>\n<p>&nbsp;<\/p>\n","protected":false},"excerpt":{"rendered":"<p>M\u00e4ngi online-bingot \u00f5ige strateegiaga T\u00e4nu t\u00e4nap\u00e4eva interneti arengule saad nautida meelelahutuslikku bingot otse oma kodust. Parim osa on see, et saad m\u00e4ngu m\u00e4ngida igal ajal, kui soovid. See on p\u00f5hjus, miks online-bingo on muutunud inimeste, eriti naiste seas nii populaarseks. Kui oled algaja, siis \u00e4ra muretse, saad m\u00e4ngu \u00f5ppida, proovides seda esmalt tasuta bingosaidil. Hea [&hellip;]<\/p>\n","protected":false},"author":1,"featured_media":0,"parent":8492,"menu_order":3,"comment_status":"closed","ping_status":"closed","template":"","meta":{"footnotes":""},"class_list":["post-11085","page","type-page","status-publish","hentry"],"yoast_head":"<!-- This site is optimized with the Yoast SEO plugin v27.3 - https:\/\/yoast.com\/product\/yoast-seo-wordpress\/ -->\n<title>M\u00e4ngustrateegia online-bingo jaoks<\/title>\n<meta name=\"description\" content=\"Suurenda oma v\u00f5imalusi online-bingos v\u00f5ita, j\u00e4rgides \u00f5iget m\u00e4ngustrateegiat.\" \/>\n<meta name=\"robots\" content=\"index, follow, max-snippet:-1, max-image-preview:large, max-video-preview:-1\" \/>\n<link rel=\"canonical\" href=\"https:\/\/gambling6.com\/et\/bingo\/edu-online-bingos\/\" \/>\n<meta property=\"og:locale\" content=\"et_EE\" \/>\n<meta property=\"og:type\" content=\"article\" \/>\n<meta property=\"og:title\" content=\"M\u00e4ngustrateegia online-bingo jaoks\" \/>\n<meta property=\"og:description\" content=\"Suurenda oma v\u00f5imalusi online-bingos v\u00f5ita, j\u00e4rgides \u00f5iget m\u00e4ngustrateegiat.\" \/>\n<meta property=\"og:url\" content=\"https:\/\/gambling6.com\/et\/bingo\/edu-online-bingos\/\" \/>\n<meta property=\"og:site_name\" content=\"Gambling6\" \/>\n<meta property=\"article:published_time\" content=\"2025-11-17T14:53:47+00:00\" \/>\n<meta property=\"article:modified_time\" content=\"2025-11-17T16:22:28+00:00\" \/>\n<meta property=\"og:image\" content=\"https:\/\/media.revenueplanet.com\/uploads\/nbb-468x60-nov-generic.gif\" \/>\n<meta name=\"author\" content=\"Catfish\" \/>\n<meta name=\"twitter:card\" content=\"summary_large_image\" \/>\n<meta name=\"twitter:label1\" content=\"Written by\" \/>\n\t<meta name=\"twitter:data1\" content=\"Catfish\" \/>\n\t<meta name=\"twitter:label2\" content=\"Est. reading time\" \/>\n\t<meta name=\"twitter:data2\" content=\"2 minutit\" \/>\n<script type=\"application\/ld+json\" class=\"yoast-schema-graph\">{\"@context\":\"https:\\\/\\\/schema.org\",\"@graph\":[{\"@type\":\"Article\",\"@id\":\"https:\\\/\\\/gambling6.com\\\/et\\\/bingo\\\/edu-online-bingos\\\/#article\",\"isPartOf\":{\"@id\":\"https:\\\/\\\/gambling6.com\\\/et\\\/bingo\\\/edu-online-bingos\\\/\"},\"author\":{\"name\":\"Catfish\",\"@id\":\"https:\\\/\\\/gambling6.com\\\/et\\\/#\\\/schema\\\/person\\\/d093de87a44a018ef67117d02d86ddaf\"},\"headline\":\"Edu online-bingos\",\"datePublished\":\"2025-11-17T14:53:47+00:00\",\"dateModified\":\"2025-11-17T16:22:28+00:00\",\"mainEntityOfPage\":{\"@id\":\"https:\\\/\\\/gambling6.com\\\/et\\\/bingo\\\/edu-online-bingos\\\/\"},\"wordCount\":405,\"image\":{\"@id\":\"https:\\\/\\\/gambling6.com\\\/et\\\/bingo\\\/edu-online-bingos\\\/#primaryimage\"},\"thumbnailUrl\":\"https:\\\/\\\/media.revenueplanet.com\\\/uploads\\\/nbb-468x60-nov-generic.gif\",\"articleSection\":[\"Bingo strateegia\",\"Bingo uudised\"],\"inLanguage\":\"et\"},{\"@type\":\"WebPage\",\"@id\":\"https:\\\/\\\/gambling6.com\\\/et\\\/bingo\\\/edu-online-bingos\\\/\",\"url\":\"https:\\\/\\\/gambling6.com\\\/et\\\/bingo\\\/edu-online-bingos\\\/\",\"name\":\"M\u00e4ngustrateegia online-bingo jaoks\",\"isPartOf\":{\"@id\":\"https:\\\/\\\/gambling6.com\\\/et\\\/#website\"},\"primaryImageOfPage\":{\"@id\":\"https:\\\/\\\/gambling6.com\\\/et\\\/bingo\\\/edu-online-bingos\\\/#primaryimage\"},\"image\":{\"@id\":\"https:\\\/\\\/gambling6.com\\\/et\\\/bingo\\\/edu-online-bingos\\\/#primaryimage\"},\"thumbnailUrl\":\"https:\\\/\\\/media.revenueplanet.com\\\/uploads\\\/nbb-468x60-nov-generic.gif\",\"datePublished\":\"2025-11-17T14:53:47+00:00\",\"dateModified\":\"2025-11-17T16:22:28+00:00\",\"author\":{\"@id\":\"https:\\\/\\\/gambling6.com\\\/et\\\/#\\\/schema\\\/person\\\/d093de87a44a018ef67117d02d86ddaf\"},\"description\":\"Suurenda oma v\u00f5imalusi online-bingos v\u00f5ita, j\u00e4rgides \u00f5iget m\u00e4ngustrateegiat.\",\"breadcrumb\":{\"@id\":\"https:\\\/\\\/gambling6.com\\\/et\\\/bingo\\\/edu-online-bingos\\\/#breadcrumb\"},\"inLanguage\":\"et\",\"potentialAction\":[{\"@type\":\"ReadAction\",\"target\":[\"https:\\\/\\\/gambling6.com\\\/et\\\/bingo\\\/edu-online-bingos\\\/\"]}]},{\"@type\":\"ImageObject\",\"inLanguage\":\"et\",\"@id\":\"https:\\\/\\\/gambling6.com\\\/et\\\/bingo\\\/edu-online-bingos\\\/#primaryimage\",\"url\":\"https:\\\/\\\/media.revenueplanet.com\\\/uploads\\\/nbb-468x60-nov-generic.gif\",\"contentUrl\":\"https:\\\/\\\/media.revenueplanet.com\\\/uploads\\\/nbb-468x60-nov-generic.gif\"},{\"@type\":\"BreadcrumbList\",\"@id\":\"https:\\\/\\\/gambling6.com\\\/et\\\/bingo\\\/edu-online-bingos\\\/#breadcrumb\",\"itemListElement\":[{\"@type\":\"ListItem\",\"position\":1,\"name\":\"Home\",\"item\":\"https:\\\/\\\/gambling6.com\\\/et\\\/home\\\/\"},{\"@type\":\"ListItem\",\"position\":2,\"name\":\"Edu online-bingos\"}]},{\"@type\":\"WebSite\",\"@id\":\"https:\\\/\\\/gambling6.com\\\/et\\\/#website\",\"url\":\"https:\\\/\\\/gambling6.com\\\/et\\\/\",\"name\":\"Gambling6\",\"description\":\"\",\"potentialAction\":[{\"@type\":\"SearchAction\",\"target\":{\"@type\":\"EntryPoint\",\"urlTemplate\":\"https:\\\/\\\/gambling6.com\\\/et\\\/?s={search_term_string}\"},\"query-input\":{\"@type\":\"PropertyValueSpecification\",\"valueRequired\":true,\"valueName\":\"search_term_string\"}}],\"inLanguage\":\"et\"},{\"@type\":\"Person\",\"@id\":\"https:\\\/\\\/gambling6.com\\\/et\\\/#\\\/schema\\\/person\\\/d093de87a44a018ef67117d02d86ddaf\",\"name\":\"Catfish\",\"image\":{\"@type\":\"ImageObject\",\"inLanguage\":\"et\",\"@id\":\"https:\\\/\\\/secure.gravatar.com\\\/avatar\\\/32edfa28ccbf005c231538b245a2670a36c7f33f2d3a9ab09e50843b363f2821?s=96&d=mm&r=g\",\"url\":\"https:\\\/\\\/secure.gravatar.com\\\/avatar\\\/32edfa28ccbf005c231538b245a2670a36c7f33f2d3a9ab09e50843b363f2821?s=96&d=mm&r=g\",\"contentUrl\":\"https:\\\/\\\/secure.gravatar.com\\\/avatar\\\/32edfa28ccbf005c231538b245a2670a36c7f33f2d3a9ab09e50843b363f2821?s=96&d=mm&r=g\",\"caption\":\"Catfish\"},\"sameAs\":[\"http:\\\/\\\/gambling6.com\"],\"url\":\"https:\\\/\\\/gambling6.com\\\/et\\\/author\\\/catfish\\\/\"}]}<\/script>\n<!-- \/ Yoast SEO plugin. -->","yoast_head_json":{"title":"M\u00e4ngustrateegia online-bingo jaoks","description":"Suurenda oma v\u00f5imalusi online-bingos v\u00f5ita, j\u00e4rgides \u00f5iget m\u00e4ngustrateegiat.","robots":{"index":"index","follow":"follow","max-snippet":"max-snippet:-1","max-image-preview":"max-image-preview:large","max-video-preview":"max-video-preview:-1"},"canonical":"https:\/\/gambling6.com\/et\/bingo\/edu-online-bingos\/","og_locale":"et_EE","og_type":"article","og_title":"M\u00e4ngustrateegia online-bingo jaoks","og_description":"Suurenda oma v\u00f5imalusi online-bingos v\u00f5ita, j\u00e4rgides \u00f5iget m\u00e4ngustrateegiat.","og_url":"https:\/\/gambling6.com\/et\/bingo\/edu-online-bingos\/","og_site_name":"Gambling6","article_published_time":"2025-11-17T14:53:47+00:00","article_modified_time":"2025-11-17T16:22:28+00:00","og_image":[{"url":"https:\/\/media.revenueplanet.com\/uploads\/nbb-468x60-nov-generic.gif","type":"","width":"","height":""}],"author":"Catfish","twitter_card":"summary_large_image","twitter_misc":{"Written by":"Catfish","Est. reading time":"2 minutit"},"schema":{"@context":"https:\/\/schema.org","@graph":[{"@type":"Article","@id":"https:\/\/gambling6.com\/et\/bingo\/edu-online-bingos\/#article","isPartOf":{"@id":"https:\/\/gambling6.com\/et\/bingo\/edu-online-bingos\/"},"author":{"name":"Catfish","@id":"https:\/\/gambling6.com\/et\/#\/schema\/person\/d093de87a44a018ef67117d02d86ddaf"},"headline":"Edu online-bingos","datePublished":"2025-11-17T14:53:47+00:00","dateModified":"2025-11-17T16:22:28+00:00","mainEntityOfPage":{"@id":"https:\/\/gambling6.com\/et\/bingo\/edu-online-bingos\/"},"wordCount":405,"image":{"@id":"https:\/\/gambling6.com\/et\/bingo\/edu-online-bingos\/#primaryimage"},"thumbnailUrl":"https:\/\/media.revenueplanet.com\/uploads\/nbb-468x60-nov-generic.gif","articleSection":["Bingo strateegia","Bingo uudised"],"inLanguage":"et"},{"@type":"WebPage","@id":"https:\/\/gambling6.com\/et\/bingo\/edu-online-bingos\/","url":"https:\/\/gambling6.com\/et\/bingo\/edu-online-bingos\/","name":"M\u00e4ngustrateegia online-bingo jaoks","isPartOf":{"@id":"https:\/\/gambling6.com\/et\/#website"},"primaryImageOfPage":{"@id":"https:\/\/gambling6.com\/et\/bingo\/edu-online-bingos\/#primaryimage"},"image":{"@id":"https:\/\/gambling6.com\/et\/bingo\/edu-online-bingos\/#primaryimage"},"thumbnailUrl":"https:\/\/media.revenueplanet.com\/uploads\/nbb-468x60-nov-generic.gif","datePublished":"2025-11-17T14:53:47+00:00","dateModified":"2025-11-17T16:22:28+00:00","author":{"@id":"https:\/\/gambling6.com\/et\/#\/schema\/person\/d093de87a44a018ef67117d02d86ddaf"},"description":"Suurenda oma v\u00f5imalusi online-bingos v\u00f5ita, j\u00e4rgides \u00f5iget m\u00e4ngustrateegiat.","breadcrumb":{"@id":"https:\/\/gambling6.com\/et\/bingo\/edu-online-bingos\/#breadcrumb"},"inLanguage":"et","potentialAction":[{"@type":"ReadAction","target":["https:\/\/gambling6.com\/et\/bingo\/edu-online-bingos\/"]}]},{"@type":"ImageObject","inLanguage":"et","@id":"https:\/\/gambling6.com\/et\/bingo\/edu-online-bingos\/#primaryimage","url":"https:\/\/media.revenueplanet.com\/uploads\/nbb-468x60-nov-generic.gif","contentUrl":"https:\/\/media.revenueplanet.com\/uploads\/nbb-468x60-nov-generic.gif"},{"@type":"BreadcrumbList","@id":"https:\/\/gambling6.com\/et\/bingo\/edu-online-bingos\/#breadcrumb","itemListElement":[{"@type":"ListItem","position":1,"name":"Home","item":"https:\/\/gambling6.com\/et\/home\/"},{"@type":"ListItem","position":2,"name":"Edu online-bingos"}]},{"@type":"WebSite","@id":"https:\/\/gambling6.com\/et\/#website","url":"https:\/\/gambling6.com\/et\/","name":"Gambling6","description":"","potentialAction":[{"@type":"SearchAction","target":{"@type":"EntryPoint","urlTemplate":"https:\/\/gambling6.com\/et\/?s={search_term_string}"},"query-input":{"@type":"PropertyValueSpecification","valueRequired":true,"valueName":"search_term_string"}}],"inLanguage":"et"},{"@type":"Person","@id":"https:\/\/gambling6.com\/et\/#\/schema\/person\/d093de87a44a018ef67117d02d86ddaf","name":"Catfish","image":{"@type":"ImageObject","inLanguage":"et","@id":"https:\/\/secure.gravatar.com\/avatar\/32edfa28ccbf005c231538b245a2670a36c7f33f2d3a9ab09e50843b363f2821?s=96&d=mm&r=g","url":"https:\/\/secure.gravatar.com\/avatar\/32edfa28ccbf005c231538b245a2670a36c7f33f2d3a9ab09e50843b363f2821?s=96&d=mm&r=g","contentUrl":"https:\/\/secure.gravatar.com\/avatar\/32edfa28ccbf005c231538b245a2670a36c7f33f2d3a9ab09e50843b363f2821?s=96&d=mm&r=g","caption":"Catfish"},"sameAs":["http:\/\/gambling6.com"],"url":"https:\/\/gambling6.com\/et\/author\/catfish\/"}]}},"_links":{"self":[{"href":"https:\/\/gambling6.com\/et\/wp-json\/wp\/v2\/pages\/11085","targetHints":{"allow":["GET"]}}],"collection":[{"href":"https:\/\/gambling6.com\/et\/wp-json\/wp\/v2\/pages"}],"about":[{"href":"https:\/\/gambling6.com\/et\/wp-json\/wp\/v2\/types\/page"}],"author":[{"embeddable":true,"href":"https:\/\/gambling6.com\/et\/wp-json\/wp\/v2\/users\/1"}],"replies":[{"embeddable":true,"href":"https:\/\/gambling6.com\/et\/wp-json\/wp\/v2\/comments?post=11085"}],"version-history":[{"count":1,"href":"https:\/\/gambling6.com\/et\/wp-json\/wp\/v2\/pages\/11085\/revisions"}],"predecessor-version":[{"id":11104,"href":"https:\/\/gambling6.com\/et\/wp-json\/wp\/v2\/pages\/11085\/revisions\/11104"}],"up":[{"embeddable":true,"href":"https:\/\/gambling6.com\/et\/wp-json\/wp\/v2\/pages\/8492"}],"wp:attachment":[{"href":"https:\/\/gambling6.com\/et\/wp-json\/wp\/v2\/media?parent=11085"}],"curies":[{"name":"wp","href":"https:\/\/api.w.org\/{rel}","templated":true}]}}