{"id":8086,"date":"2025-10-29T08:23:40","date_gmt":"2025-10-29T08:23:40","guid":{"rendered":"https:\/\/gambling6.com\/?page_id=8086"},"modified":"2025-10-29T11:03:09","modified_gmt":"2025-10-29T11:03:09","slug":"home","status":"publish","type":"page","link":"https:\/\/gambling6.com\/et\/","title":{"rendered":"Home"},"content":{"rendered":"<h2>Tere tulemast Gambling6-le \u2013 info k\u00f5igi teie rahaliste hasartm\u00e4ngude vajaduste kohta<\/h2>\n<p><img loading=\"lazy\" decoding=\"async\" class=\" wp-image-2679 alignright\" src=\"https:\/\/gambling6.com\/wp-content\/uploads\/2022\/04\/1_win_lottery_online1.jpg\" alt=\"online-hasartm\u00e4ng raha peale\" width=\"253\" height=\"168\" \/>Paljudele inimestele v\u00f5ib reaalse raha online-hasartm\u00e4ngude maailm tunduda hirmutav ja midagi, mida nad ei julge proovida. Nad v\u00f5ivad \u00fcldiselt hasartm\u00e4nge nautida, kuid kahtlevad, kas online-hasartm\u00e4ngude veebisaite saab usaldada. T\u00e4nap\u00e4eval on see aga \u00fcks lihtsamaid viise oma lemmikkasiinom\u00e4ngude nautimiseks, isegi kui te ei ela kasiino l\u00e4hedal.<\/p>\n<p>Online-hasartm\u00e4ngude veebisaidid on loonud v\u00f5imaluse m\u00e4ngida pokkerit, blackjacki, ruletti, videopokkerit, m\u00e4nguautomaate, bingot, kraapimiskaarte, panustada spordi\u00fcritustele ja n\u00fc\u00fcd saate isegi osaleda maailma suurte loterii jackpot&#8217;ide v\u00f5istlustel online&#8217;is \u2013 ilma et peaksite oma mugavat kodu \u00fcldse j\u00e4tma.<\/p>\n<p>K\u00f5ik armastavad kiirete v\u00e4ljamaksetega kasiinosaite ja kui teile meeldib hasartm\u00e4ngud, siis peaksite uurima, millest on tegelikult k\u00fcsimus ja kuidas saate alustada paljude olemasolevate online-m\u00e4ngusaidiga. Meie online-hasartm\u00e4ngude ressursisaidi n\u00f5uannete j\u00e4rgimine aitab teil valida hea pakkuja ja tagab teile suurep\u00e4rase kogemuse. Kui soovite kohe alustada, siis siin on minu isiklikud soovitused:<\/p>\n<h1>Parim \u00fcldine hasartm\u00e4ngude sait<\/h1>\n<p>Henkil\u00f6kohtaisesti haluan pelata kaikkia online-uhkapelej\u00e4ni saman katon alla, ilman ett\u00e4 minun tarvitsee tehd\u00e4 talletuksia useille eri sivustoille. Siksi suosikkini monipuolisista sivustoista on 888 \u2013 loistava online-kasino, jossa on hienoimmat peliautomaatit, mit\u00e4 olen koskaan n\u00e4hnyt, ja erinomainen online-pokerihuone.<\/p>\n<p>Kasinoiden pelivalikoima, mukaan lukien Blackjack, Ruletti ja muut, t\u00e4ytt\u00e4\u00e4 kaikki toiveet. Jos etsit todellista bingo- tai raaputusarpa-kokemusta, et voi l\u00f6yt\u00e4\u00e4 parempaa vaihtoehtoa kuin 888.<\/p>\n<p>Ja siis on veel spordikihlvedude sektsioon, mis pakub laia valikut s\u00fcndmusi, millele kihlvedusid teha, ja parimaid koefitsiente, mida veebis leida v\u00f5ib. V\u00f5ite isegi kihlvedusid teha finantsvaldkonnas, n\u00e4iteks peamiste aktsiaindeksite ja valuutakursside kohta! <a class=\"thirstylink\" title=\"888 casino en\" href=\"https:\/\/gambling6.com\/go\/888-casino-en\/\" target=\"_blank\" rel=\"nofollow noopener\">Kasutage seda linki, et minna t\u00e4na 888-le, ja saate oma esimesel sissemaksel boonuse kuni 1500 eurot.<\/a><\/p>\n<h2>Parim mitmek\u00fclgne hasartm\u00e4ngude sait USA elanikele<\/h2>\n<p>Kui olete USA elanik, on teie valikud piiratud ja m\u00f5ned USA kliente vastu v\u00f5tvad operaatorid on veidi kahtlased, seega peate olema ettevaatlik, keda valite.<\/p>\n<p>\u00dcks sait eristub teistest, ja see on <a class=\"thirstylink\" title=\"Betonline casino en\" href=\"https:\/\/gambling6.com\/go\/betonline-casino-en\/\" target=\"_blank\" rel=\"nofollow noopener\">Betonline \u2013 siin saate m\u00e4ngida online-pokkerit, kasiinom\u00e4nge, slotim\u00e4nge, ruletti, blackjacki ja teha spordikihlvedusid<\/a>. Nad v\u00f5tavad vastu m\u00e4ngijaid USAst ja on mitu viisi, kuidas saate oma kontole raha sisse maksta ja v\u00f5idud v\u00e4lja v\u00f5tta.<\/p>\n<h2>Gambling6 \u2013 kuus populaarsemat online-hasartm\u00e4ngu vormi<\/h2>\n<p>Gambling6.com veebisaidil leiate teavet j\u00e4rgmiste teemade kohta:<\/p>\n<ul>\n<li>Kasiinom\u00e4ngud, sealhulgas blackjack, rulett, craps, videopokker, m\u00e4nguautomaadid jne.<\/li>\n<li>Pokker k\u00f5ikides variatsioonides<\/li>\n<li>Online-bingo<\/li>\n<li>Online-kriipimiskaardid<\/li>\n<li>Spordikihlvedude ja muude s\u00fcndmuste kihlvedude tegemine<\/li>\n<li>Kuidas saada online-pileti mis tahes loterii jaoks v\u00e4ljaspool oma elukohariiki<\/li>\n<\/ul>\n<h2>Kuidas oleks loterii l\u00f5bu ja maailmatasemel jackpotidega?<\/h2>\n<p>Oletame, et olete loterii f\u00e4nn ja ei soovi piirduda oma kohaliku loteriiga. Sel juhul on meil teile hea uudis: n\u00fc\u00fcd saate proovida \u00f5nne mis tahes loterii jackpotis \u00fcle maailma \u2013 RedFoxLotto v\u00f5imaldab teil osta online loteriipileteid maailma suurimatesse loteriidesse, nagu Mega Millions, Powerball, El Gordo, EuroMillions ja paljud teised. <a href=\"https:\/\/redfoxlotto.com\/et\">Kl\u00f5psake siia, et vaadata, millisel loteriil on suurim jackpot tulemas, ja ostke pilet sekunditega!<\/a><\/p>\n<h2>Online-kasiino KKK<\/h2>\n<p>Kui olete online-kasiinode maailmas uus, on teil ilmselt k\u00fcsimusi online-m\u00e4ngude ja nende toimimise kohta. M\u00f5ned teie k\u00fcsimused on samad, mis paljudel teistel uutel online-kasiinom\u00e4ngijatel. Neile k\u00fcsimustele on vastatud k\u00e4esolevas KKK-osas ja need aitavad teil alustada.<\/p>\n<p><strong>Kas ma pean olema teatud vanuses, et online-kasiinos m\u00e4ngida?<\/strong><\/p>\n<p>Iga online-kasiino kehtestab oma reeglid ja juhised. Enamik neist n\u00f5uab aga, et m\u00e4ngijad oleksid 18- v\u00f5i 21-aastased, et osaleda p\u00e4risraha kasiinom\u00e4ngudes.<\/p>\n<p><strong>Kas ma pean oma arvutisse midagi alla laadima, et online-kasiinom\u00e4nge m\u00e4ngida?<\/strong><\/p>\n<p>Paljud online-kasiinod v\u00f5imaldavad teil m\u00e4ngida kiirre\u017eiimis. Kui otsustate kiirre\u017eiimi kasutada, ei pea te oma arvutisse mingit tarkvara alla laadima.<\/p>\n<p><strong>Kui raske on online-kasiinos registreeruda?<\/strong><\/p>\n<p>Protsess on tegelikult v\u00e4ga lihtne. Peate sisestama enda kohta p\u00f5hiandmed ning alla laadima ja installima tarkvara, kui soovite m\u00e4ngida m\u00e4nge, mille jaoks on vaja tarkvara alla laadida. Kogu protsess v\u00f5tab vaid paar minutit.<\/p>\n<p><strong>Kas pean kohe raha sisse maksma?<\/strong><\/p>\n<p>Enamik kasiinosid lubab teil nende m\u00e4nge proovida ilma sissemakset tegemata. M\u00f5ned annavad sulle tasuta keerutusi v\u00f5i lubavad sul kindla aja jooksul tasuta m\u00e4ngida. Sageli saad selle aja jooksul teenitud v\u00f5idud endale j\u00e4tta, kui teed hiljem p\u00e4risraha sissemakse!<\/p>\n<p><strong>Mis on boonused?<\/strong><\/p>\n<p>Enamik online-kasiinosid kasutab boonuseid, et meelitada m\u00e4ngijaid sinna m\u00e4ngima ja tagasi tulema. M\u00f5ned boonused on v\u00e4\u00e4rt sadu v\u00f5i isegi tuhandeid dollareid. Enamasti pead boonused enne nende kasutamist vabastama. Bonuse vabastamise juhised leiate boonust pakkuvast online-kasiinost.<\/p>\n<p><strong>Milliseid m\u00e4nge saan online-kasiinos m\u00e4ngida?<\/strong><\/p>\n<p>Iga online-kasiino pakub oma valikut m\u00e4nge. Siiski on m\u00f5ned levinumad m\u00e4ngud videom\u00e4nguautomaadid, m\u00e4nguautomaadid, rulett, craps, blackjack, pokker ja isegi loteriid kogu maailmast.<\/p>\n<p><strong>Kui palju raha saan online-kasiinos m\u00e4ngides tegelikult v\u00f5ita?<\/strong><\/p>\n<p>Esiteks ei ole sul mingit garantiid, et \u00fcldse midagi v\u00f5idad. Siiski on seal v\u00f5imalik v\u00f5ita palju raha. Leiad miljonidollarilisi m\u00e4nguautomaatide jackpoteid, pokkeriturniire, mille garanteeritud auhinnaraha on 1 miljon dollarit v\u00f5i rohkem jne. Tegelikult on enamikul online-kasiinodel paremad v\u00e4ljamaksete protsendid kui maapealsetel kasiinodel. Seda seet\u00f5ttu, et neil on madalamad \u00fcldkulud ja nad saavad endale lubada maksta v\u00e4lja k\u00f5rgemaid panuseid.<\/p>\n","protected":false},"excerpt":{"rendered":"<p>Tere tulemast Gambling6-le \u2013 info k\u00f5igi teie rahaliste hasartm\u00e4ngude vajaduste kohta Paljudele inimestele v\u00f5ib reaalse raha online-hasartm\u00e4ngude maailm tunduda hirmutav ja midagi, mida nad ei julge proovida. Nad v\u00f5ivad \u00fcldiselt hasartm\u00e4nge nautida, kuid kahtlevad, kas online-hasartm\u00e4ngude veebisaite saab usaldada. T\u00e4nap\u00e4eval on see aga \u00fcks lihtsamaid viise oma lemmikkasiinom\u00e4ngude nautimiseks, isegi kui te ei ela kasiino [&hellip;]<\/p>\n","protected":false},"author":1,"featured_media":0,"parent":0,"menu_order":1,"comment_status":"closed","ping_status":"closed","template":"","meta":{"footnotes":""},"class_list":["post-8086","page","type-page","status-publish","hentry"],"yoast_head":"<!-- This site is optimized with the Yoast SEO plugin v27.4 - https:\/\/yoast.com\/product\/yoast-seo-wordpress\/ -->\n<title>Parim online-hasartm\u00e4ng raha peale | Tere tulemast Gambling6-le<\/title>\n<meta name=\"description\" content=\"Kui sulle meeldib raha peale hasartm\u00e4nge m\u00e4ngida, siis meie hasartm\u00e4ngude veebisaidil leiad kogu vajaliku info 6 populaarsema online-m\u00e4ngu kohta.\" \/>\n<meta name=\"robots\" content=\"index, follow, max-snippet:-1, max-image-preview:large, max-video-preview:-1\" \/>\n<link rel=\"canonical\" href=\"https:\/\/gambling6.com\/et\/\" \/>\n<meta property=\"og:locale\" content=\"et_EE\" \/>\n<meta property=\"og:type\" content=\"article\" \/>\n<meta property=\"og:title\" content=\"Parim online-hasartm\u00e4ng raha peale | Tere tulemast Gambling6-le\" \/>\n<meta property=\"og:description\" content=\"Kui sulle meeldib raha peale hasartm\u00e4nge m\u00e4ngida, siis meie hasartm\u00e4ngude veebisaidil leiad kogu vajaliku info 6 populaarsema online-m\u00e4ngu kohta.\" \/>\n<meta property=\"og:url\" content=\"https:\/\/gambling6.com\/et\/\" \/>\n<meta property=\"og:site_name\" content=\"Gambling6\" \/>\n<meta property=\"article:modified_time\" content=\"2025-10-29T11:03:09+00:00\" \/>\n<meta property=\"og:image\" content=\"https:\/\/gambling6.com\/wp-content\/uploads\/2022\/04\/1_win_lottery_online1.jpg\" \/>\n\t<meta property=\"og:image:width\" content=\"300\" \/>\n\t<meta property=\"og:image:height\" content=\"199\" \/>\n\t<meta property=\"og:image:type\" content=\"image\/jpeg\" \/>\n<meta name=\"twitter:card\" content=\"summary_large_image\" \/>\n<meta name=\"twitter:label1\" content=\"Est. reading time\" \/>\n\t<meta name=\"twitter:data1\" content=\"4 minutit\" \/>\n<script type=\"application\/ld+json\" class=\"yoast-schema-graph\">{\"@context\":\"https:\\\/\\\/schema.org\",\"@graph\":[{\"@type\":\"WebPage\",\"@id\":\"https:\\\/\\\/gambling6.com\\\/et\\\/\",\"url\":\"https:\\\/\\\/gambling6.com\\\/et\\\/\",\"name\":\"Parim online-hasartm\u00e4ng raha peale | Tere tulemast Gambling6-le\",\"isPartOf\":{\"@id\":\"https:\\\/\\\/gambling6.com\\\/et\\\/#website\"},\"primaryImageOfPage\":{\"@id\":\"https:\\\/\\\/gambling6.com\\\/et\\\/#primaryimage\"},\"image\":{\"@id\":\"https:\\\/\\\/gambling6.com\\\/et\\\/#primaryimage\"},\"thumbnailUrl\":\"https:\\\/\\\/gambling6.com\\\/wp-content\\\/uploads\\\/2022\\\/04\\\/1_win_lottery_online1.jpg\",\"datePublished\":\"2025-10-29T08:23:40+00:00\",\"dateModified\":\"2025-10-29T11:03:09+00:00\",\"description\":\"Kui sulle meeldib raha peale hasartm\u00e4nge m\u00e4ngida, siis meie hasartm\u00e4ngude veebisaidil leiad kogu vajaliku info 6 populaarsema online-m\u00e4ngu kohta.\",\"breadcrumb\":{\"@id\":\"https:\\\/\\\/gambling6.com\\\/et\\\/#breadcrumb\"},\"inLanguage\":\"et\",\"potentialAction\":[{\"@type\":\"ReadAction\",\"target\":[\"https:\\\/\\\/gambling6.com\\\/et\\\/\"]}]},{\"@type\":\"ImageObject\",\"inLanguage\":\"et\",\"@id\":\"https:\\\/\\\/gambling6.com\\\/et\\\/#primaryimage\",\"url\":\"https:\\\/\\\/gambling6.com\\\/wp-content\\\/uploads\\\/2022\\\/04\\\/1_win_lottery_online1.jpg\",\"contentUrl\":\"https:\\\/\\\/gambling6.com\\\/wp-content\\\/uploads\\\/2022\\\/04\\\/1_win_lottery_online1.jpg\"},{\"@type\":\"BreadcrumbList\",\"@id\":\"https:\\\/\\\/gambling6.com\\\/et\\\/#breadcrumb\",\"itemListElement\":[{\"@type\":\"ListItem\",\"position\":1,\"name\":\"Home\",\"item\":\"https:\\\/\\\/gambling6.com\\\/et\\\/home\\\/\"},{\"@type\":\"ListItem\",\"position\":2,\"name\":\"Home\"}]},{\"@type\":\"WebSite\",\"@id\":\"https:\\\/\\\/gambling6.com\\\/et\\\/#website\",\"url\":\"https:\\\/\\\/gambling6.com\\\/et\\\/\",\"name\":\"Gambling6\",\"description\":\"\",\"potentialAction\":[{\"@type\":\"SearchAction\",\"target\":{\"@type\":\"EntryPoint\",\"urlTemplate\":\"https:\\\/\\\/gambling6.com\\\/et\\\/?s={search_term_string}\"},\"query-input\":{\"@type\":\"PropertyValueSpecification\",\"valueRequired\":true,\"valueName\":\"search_term_string\"}}],\"inLanguage\":\"et\"}]}<\/script>\n<!-- \/ Yoast SEO plugin. -->","yoast_head_json":{"title":"Parim online-hasartm\u00e4ng raha peale | Tere tulemast Gambling6-le","description":"Kui sulle meeldib raha peale hasartm\u00e4nge m\u00e4ngida, siis meie hasartm\u00e4ngude veebisaidil leiad kogu vajaliku info 6 populaarsema online-m\u00e4ngu kohta.","robots":{"index":"index","follow":"follow","max-snippet":"max-snippet:-1","max-image-preview":"max-image-preview:large","max-video-preview":"max-video-preview:-1"},"canonical":"https:\/\/gambling6.com\/et\/","og_locale":"et_EE","og_type":"article","og_title":"Parim online-hasartm\u00e4ng raha peale | Tere tulemast Gambling6-le","og_description":"Kui sulle meeldib raha peale hasartm\u00e4nge m\u00e4ngida, siis meie hasartm\u00e4ngude veebisaidil leiad kogu vajaliku info 6 populaarsema online-m\u00e4ngu kohta.","og_url":"https:\/\/gambling6.com\/et\/","og_site_name":"Gambling6","article_modified_time":"2025-10-29T11:03:09+00:00","og_image":[{"width":300,"height":199,"url":"https:\/\/gambling6.com\/wp-content\/uploads\/2022\/04\/1_win_lottery_online1.jpg","type":"image\/jpeg"}],"twitter_card":"summary_large_image","twitter_misc":{"Est. reading time":"4 minutit"},"schema":{"@context":"https:\/\/schema.org","@graph":[{"@type":"WebPage","@id":"https:\/\/gambling6.com\/et\/","url":"https:\/\/gambling6.com\/et\/","name":"Parim online-hasartm\u00e4ng raha peale | Tere tulemast Gambling6-le","isPartOf":{"@id":"https:\/\/gambling6.com\/et\/#website"},"primaryImageOfPage":{"@id":"https:\/\/gambling6.com\/et\/#primaryimage"},"image":{"@id":"https:\/\/gambling6.com\/et\/#primaryimage"},"thumbnailUrl":"https:\/\/gambling6.com\/wp-content\/uploads\/2022\/04\/1_win_lottery_online1.jpg","datePublished":"2025-10-29T08:23:40+00:00","dateModified":"2025-10-29T11:03:09+00:00","description":"Kui sulle meeldib raha peale hasartm\u00e4nge m\u00e4ngida, siis meie hasartm\u00e4ngude veebisaidil leiad kogu vajaliku info 6 populaarsema online-m\u00e4ngu kohta.","breadcrumb":{"@id":"https:\/\/gambling6.com\/et\/#breadcrumb"},"inLanguage":"et","potentialAction":[{"@type":"ReadAction","target":["https:\/\/gambling6.com\/et\/"]}]},{"@type":"ImageObject","inLanguage":"et","@id":"https:\/\/gambling6.com\/et\/#primaryimage","url":"https:\/\/gambling6.com\/wp-content\/uploads\/2022\/04\/1_win_lottery_online1.jpg","contentUrl":"https:\/\/gambling6.com\/wp-content\/uploads\/2022\/04\/1_win_lottery_online1.jpg"},{"@type":"BreadcrumbList","@id":"https:\/\/gambling6.com\/et\/#breadcrumb","itemListElement":[{"@type":"ListItem","position":1,"name":"Home","item":"https:\/\/gambling6.com\/et\/home\/"},{"@type":"ListItem","position":2,"name":"Home"}]},{"@type":"WebSite","@id":"https:\/\/gambling6.com\/et\/#website","url":"https:\/\/gambling6.com\/et\/","name":"Gambling6","description":"","potentialAction":[{"@type":"SearchAction","target":{"@type":"EntryPoint","urlTemplate":"https:\/\/gambling6.com\/et\/?s={search_term_string}"},"query-input":{"@type":"PropertyValueSpecification","valueRequired":true,"valueName":"search_term_string"}}],"inLanguage":"et"}]}},"_links":{"self":[{"href":"https:\/\/gambling6.com\/et\/wp-json\/wp\/v2\/pages\/8086","targetHints":{"allow":["GET"]}}],"collection":[{"href":"https:\/\/gambling6.com\/et\/wp-json\/wp\/v2\/pages"}],"about":[{"href":"https:\/\/gambling6.com\/et\/wp-json\/wp\/v2\/types\/page"}],"author":[{"embeddable":true,"href":"https:\/\/gambling6.com\/et\/wp-json\/wp\/v2\/users\/1"}],"replies":[{"embeddable":true,"href":"https:\/\/gambling6.com\/et\/wp-json\/wp\/v2\/comments?post=8086"}],"version-history":[{"count":5,"href":"https:\/\/gambling6.com\/et\/wp-json\/wp\/v2\/pages\/8086\/revisions"}],"predecessor-version":[{"id":8117,"href":"https:\/\/gambling6.com\/et\/wp-json\/wp\/v2\/pages\/8086\/revisions\/8117"}],"wp:attachment":[{"href":"https:\/\/gambling6.com\/et\/wp-json\/wp\/v2\/media?parent=8086"}],"curies":[{"name":"wp","href":"https:\/\/api.w.org\/{rel}","templated":true}]}}