{"id":8284,"date":"2025-11-07T09:08:37","date_gmt":"2025-11-07T09:08:37","guid":{"rendered":"https:\/\/gambling6.com\/kasiino\/"},"modified":"2025-11-12T15:09:33","modified_gmt":"2025-11-12T15:09:33","slug":"kasiino","status":"publish","type":"page","link":"https:\/\/gambling6.com\/et\/kasiino\/","title":{"rendered":"Kasiino"},"content":{"rendered":"<h2>Online-kasiino algajate juhend<\/h2>\n<p>Olgem ausad \u2013 online-kasiinod j\u00e4\u00e4vad alles. Arvestades nende kasvavat populaarsust, on kinnitust leidnud, et m\u00e4ngijad armastavad neid. P\u00e4risrahaga online-hasartm\u00e4ngud on teinud k\u00f5ik alustajad \u00f5nnelikuks ja nad k\u00fcsivad aina juurde. Peaaegu iga p\u00e4ev vahetab nendes p\u00e4risraha kasiinodes omanikku suur hulk sularaha. Olgu selleks sisse- v\u00f5i v\u00e4ljamaksed, k\u00f5ik toimub interneti kaudu \u00fclikiirel kiirusel.<\/p>\n<p>Siiski muutuvad paljud inimesed siinkohal veidi n\u00e4rviliseks. M\u00e4ngijaid h\u00e4irivad mitte kaardi- v\u00f5i slotikombinatsioonid, vaid maksev\u00f5imalused ja nende turvalisus. Ka neid ei saa s\u00fc\u00fcdistada. Internetitehingud v\u00f5ivad palju peavalu tekitada, kui inimene pole piisavalt ettevaatlik.<\/p>\n<p>Seet\u00f5ttu n\u00e4evad paljud online-kasiinod vaeva, et veenda kliente, et <strong>nende saitidel pakutavad maksev\u00f5imalused on turvalised ja kaitstud<\/strong>. On t\u00f5epoolest hea m\u00f5te olla online-tehingute puhul ettevaatlik. Viimane asi, mida sa tahad, on see, et sinu krediitkaardi andmed sattuksid valedesse k\u00e4tesse. Internetis on p\u00e4ris palju h\u00e4kkereid ja pettureid ning viimane asi, mida sa teha saad, on saada nende j\u00e4rgmiseks ohvriks. Parim, mida teha saad, on suurendada oma teadmisi internetimaksete viiside ja nende mitmekesisuse kohta.<\/p>\n<p>Internetikasiinod pakuvad \u00fcsna palju maksekanaleid, mida on internetis hasartm\u00e4ngude m\u00e4ngimisel ohutu kasutada. Krediit- v\u00f5i deebetkaartidega maksmine on internetikasiinodes \u00fcsna tavaline. Peaaegu k\u00f5ik kasiinod aktsepteerivad Visa, Master Cardi ja American Expressi kaarte. Tehingute tegemiseks saad kasutada \u00fcksk\u00f5ik millist neist kaartidest.<\/p>\n<h2>Internetikasiinod, mis aktsepteerivad USA kliente<\/h2>\n<p><img loading=\"lazy\" decoding=\"async\" class=\" wp-image-2901 alignright\" src=\"https:\/\/gambling6.com\/wp-content\/uploads\/2022\/04\/download-image2-300x190.jpg\" alt=\"online kasiino allalaadimine\" width=\"249\" height=\"158\" srcset=\"https:\/\/gambling6.com\/wp-content\/uploads\/2022\/04\/download-image2-300x190.jpg 300w, https:\/\/gambling6.com\/wp-content\/uploads\/2022\/04\/download-image2.jpg 435w\" sizes=\"auto, (max-width: 249px) 100vw, 249px\" \/>Kui oled Ameerika \u00dchendriikide elanik, on sinu valikud internetikasiinode osas USA seadusandluse t\u00f5ttu m\u00f5nev\u00f5rra piiratud. Sama kehtib ka teile saadaolevate maksev\u00f5imaluste kohta. Seet\u00f5ttu peaksite USA elanikuna otsima kasiinot, mis pakub mugavaid sisse- ja v\u00e4ljamaksete meetodeid, et alustada online-hasartm\u00e4ngudega.<\/p>\n<p>Eriti maksete t\u00f6\u00f6tlemise lihtsuse poolest paistab BetOnline&#8217;i kasiino teistest silma, mist\u00f5ttu soovitame seda USA k\u00fclastajatele. <a class=\"thirstylink\" title=\"Betonline casino en\" href=\"https:\/\/gambling6.com\/go\/betonline-casino-en\/\" target=\"_blank\" rel=\"nofollow noopener\"><strong>Kl\u00f5psake <\/strong><strong>siia, et neid kohe k\u00fclastada.<\/strong><\/a><\/p>\n<p>Kuigi see v\u00f5ib tunduda enesestm\u00f5istetava soovitusena, veenduge enne krediitkaardi andmete sisestamist, et teate tehingu eesm\u00e4rki ja usaldate saiti. V\u00f5ite minna kaugemale krediitkaardi andmete sisestamisest, valides ka online-makseviisid. Selleks otstarbeks on p\u00fchendatud \u00fcsna palju veebiportaale. On t\u00f5si, et kasiinodel v\u00f5ivad olla oma lemmikud veebimaksete saidid, kuid m\u00f5ned on populaarsemad kui teised.<\/p>\n<p>Nende veebitehingute saitide hulka kuuluvad Neteller, Money Transfer, eWalletXpress, PayPal, Instadebit ja Moneybookers. Moneybookers on meetod, mis on \u00fcsna populaarne Euroopa riikides, sealhulgas \u00dchendkuningriigis. See funktsioon on teinud Euroopa kodanikest veebikasiinode suured f\u00e4nnid.<\/p>\n<h2>Kasiinod, mis t\u00f6\u00f6tlevad makseid PayPali kaudu<\/h2>\n<p>Kui olete PayPaliga tuttav, siis pole teil selle kasutamisel oma veebim\u00e4ngude seansside jaoks probleeme. K\u00f5ik, mida peate tegema, on registreerida oma nimi ja siduda oma krediitkaart kontoga. Seda makseviisi aktsepteerivad enamik kasiinosid ja veebihasartm\u00e4ngude saite. Kui soovite veebis hasartm\u00e4nge m\u00e4ngides anon\u00fc\u00fcmseks j\u00e4\u00e4da, sobib teile k\u00f5ige paremini eWalletXpress. Lisaks turvalisusele aitab see sait sissemakseid tehijatel loori taha j\u00e4\u00e4da. See on kiire tehingumeetod, mida aktsepteerib enamik veebikasiinosid.<\/p>\n<p>T\u00e4nu veebitehingute, sealhulgas veebihasartm\u00e4ngude populaarsusele on PayPal palju t\u00e4helepanu p\u00e4lvinud. N\u00e4ib, et on v\u00e4ike arv kasiinosid, mis usaldavad seda saiti selle turvalise makseviisi t\u00f5ttu.<\/p>\n<p>888 Casino pakub PayPali v\u00f5imalust k\u00f5igile oma \u00dchendkuningriigis ja Iirimaal elavatele m\u00e4ngijatele. Kui aga olete Austraalia elanik ja soovite sellel saidil m\u00e4ngida, saate oma tehinguid teha Master Cardi kaudu. Lisaks kahele eespool nimetatud riigile on selle veebip\u00f5hise tehingus\u00fcsteemiga h\u00f5lmatud ka teised Euroopa riigid Hispaania, Portugal, Itaalia, Austria, Soome, Rootsi ja Taani.<\/p>\n<p>Praegu on 888 kasiinol uutele m\u00e4ngijatele suurep\u00e4rane pakkumine: <strong>uutele m\u00e4ngijatele 100% ja kuni 1500,00 \u20ac boonus esimeselt sissemakselt!<\/strong> See sooduspakkumine kehtib ainult teatud riikide elanikele, <a class=\"thirstylink\" title=\"888 casino en\" href=\"https:\/\/gambling6.com\/go\/888-casino-en\/\" target=\"_blank\" rel=\"nofollow noopener\">lisateabe saamiseks vaadake palun 888 veebisaite.<\/a><\/p>\n<p>L\u00fchidalt \u00f6eldes pakuvad enamik maksev\u00f5imalusi k\u00f5igile m\u00e4ngijatele, olenemata nende elukohast. KuigiAmeerika ja Austraalia kodanikud saavad kasutada Visa, Master Cardi, Netellerit ja Moneybookersi, Euroopas elavad inimesed aga PayPali s\u00fcsteemi.<\/p>\n<p>888 Casinol on mitmesuguseid m\u00e4nge, sealhulgas 3D-m\u00e4nge. Panuseid saab teha PayPali, Master Cardi v\u00f5i mis tahes muu aktsepteeritud makseviisi abil. K\u00f5ik need makseviisid on \u00fcsna turvalised. Nagu paljudel teistelgi online-kasiinodel, on ka 888casinos.com-il minimaalne sissemakse summa, millest tuleb kinni pidada. Kuid summa s\u00f5ltub sageli valitud makseviisist. Master Cardi v\u00f5i Visa kaartide kasutamisel peate sisse maksma 20 dollarit, 20 eurot v\u00f5i 20 naela, olenevalt piirkonnast. Maestro deebetkaarte kasutavad m\u00e4ngijad peavad sisse maksma v\u00e4hemalt 10 dollarit v\u00f5i 10 eurot. Kui kasutate veebisaite nagu PayPal, MoneyBookers v\u00f5i Neteller, on minimaalne summa 20 dollarit.<\/p>\n<p>Enamasti v\u00f5ib summa valuutati erineda, olenevalt vahetuskursist ja muudest kohaldatavatest tasudest. Seep\u00e4rast v\u00f5ib \u00fcks m\u00e4ngija Netelleri kaudu sisse maksta 10 naela, teine \u200b\u200baga l\u00f5puks maksta 20 dollarit, mis on kaks korda rohkem kui eelmine summa. Seega on tehingute tegemisel parem, kui teate valuutat, mida konkreetses kasiinos kasutate.<\/p>\n<p>L\u00f5ppkokkuv\u00f5ttes on online-kasiinos oma rahaga hasartm\u00e4nge m\u00e4ngides parem kasutada usaldusv\u00e4\u00e4rset makseviisi. Nii ei pea te hiljem kahetsema. L\u00f5ppude l\u00f5puks olete seal selleks, et l\u00f5butseda ja mitte pettuse ohvriks langeda. Seega m\u00e4ngige turvaliselt ja laske rattal keerleda!<\/p>\n","protected":false},"excerpt":{"rendered":"<p>Online-kasiino algajate juhend Olgem ausad \u2013 online-kasiinod j\u00e4\u00e4vad alles. Arvestades nende kasvavat populaarsust, on kinnitust leidnud, et m\u00e4ngijad armastavad neid. P\u00e4risrahaga online-hasartm\u00e4ngud on teinud k\u00f5ik alustajad \u00f5nnelikuks ja nad k\u00fcsivad aina juurde. Peaaegu iga p\u00e4ev vahetab nendes p\u00e4risraha kasiinodes omanikku suur hulk sularaha. Olgu selleks sisse- v\u00f5i v\u00e4ljamaksed, k\u00f5ik toimub interneti kaudu \u00fclikiirel kiirusel. Siiski [&hellip;]<\/p>\n","protected":false},"author":1,"featured_media":0,"parent":0,"menu_order":2,"comment_status":"closed","ping_status":"closed","template":"","meta":{"footnotes":""},"class_list":["post-8284","page","type-page","status-publish","hentry"],"yoast_head":"<!-- This site is optimized with the Yoast SEO plugin v27.3 - https:\/\/yoast.com\/product\/yoast-seo-wordpress\/ -->\n<title>Alusta online-hasartm\u00e4ngudega | Online-kasiino juhend<\/title>\n<meta name=\"description\" content=\"Olgem ausad \u2013 online-kasiino on tulnud, et j\u00e4\u00e4da. Alusta kohe \u2013 meie online-kasiino juhend aitab sul valida endale parimad saidid.\" \/>\n<meta name=\"robots\" content=\"index, follow, max-snippet:-1, max-image-preview:large, max-video-preview:-1\" \/>\n<link rel=\"canonical\" href=\"https:\/\/gambling6.com\/et\/kasiino\/\" \/>\n<meta property=\"og:locale\" content=\"et_EE\" \/>\n<meta property=\"og:type\" content=\"article\" \/>\n<meta property=\"og:title\" content=\"Alusta online-hasartm\u00e4ngudega | Online-kasiino juhend\" \/>\n<meta property=\"og:description\" content=\"Olgem ausad \u2013 online-kasiino on tulnud, et j\u00e4\u00e4da. Alusta kohe \u2013 meie online-kasiino juhend aitab sul valida endale parimad saidid.\" \/>\n<meta property=\"og:url\" content=\"https:\/\/gambling6.com\/et\/kasiino\/\" \/>\n<meta property=\"og:site_name\" content=\"Gambling6\" \/>\n<meta property=\"article:modified_time\" content=\"2025-11-12T15:09:33+00:00\" \/>\n<meta property=\"og:image\" content=\"https:\/\/gambling6.com\/wp-content\/uploads\/2022\/04\/download-image2.jpg\" \/>\n\t<meta property=\"og:image:width\" content=\"435\" \/>\n\t<meta property=\"og:image:height\" content=\"276\" \/>\n\t<meta property=\"og:image:type\" content=\"image\/jpeg\" \/>\n<meta name=\"twitter:card\" content=\"summary_large_image\" \/>\n<meta name=\"twitter:label1\" content=\"Est. reading time\" \/>\n\t<meta name=\"twitter:data1\" content=\"4 minutit\" \/>\n<script type=\"application\/ld+json\" class=\"yoast-schema-graph\">{\"@context\":\"https:\\\/\\\/schema.org\",\"@graph\":[{\"@type\":\"WebPage\",\"@id\":\"https:\\\/\\\/gambling6.com\\\/et\\\/kasiino\\\/\",\"url\":\"https:\\\/\\\/gambling6.com\\\/et\\\/kasiino\\\/\",\"name\":\"Alusta online-hasartm\u00e4ngudega | Online-kasiino juhend\",\"isPartOf\":{\"@id\":\"https:\\\/\\\/gambling6.com\\\/et\\\/#website\"},\"primaryImageOfPage\":{\"@id\":\"https:\\\/\\\/gambling6.com\\\/et\\\/kasiino\\\/#primaryimage\"},\"image\":{\"@id\":\"https:\\\/\\\/gambling6.com\\\/et\\\/kasiino\\\/#primaryimage\"},\"thumbnailUrl\":\"https:\\\/\\\/gambling6.com\\\/wp-content\\\/uploads\\\/2022\\\/04\\\/download-image2-300x190.jpg\",\"datePublished\":\"2025-11-07T09:08:37+00:00\",\"dateModified\":\"2025-11-12T15:09:33+00:00\",\"description\":\"Olgem ausad \u2013 online-kasiino on tulnud, et j\u00e4\u00e4da. Alusta kohe \u2013 meie online-kasiino juhend aitab sul valida endale parimad saidid.\",\"breadcrumb\":{\"@id\":\"https:\\\/\\\/gambling6.com\\\/et\\\/kasiino\\\/#breadcrumb\"},\"inLanguage\":\"et\",\"potentialAction\":[{\"@type\":\"ReadAction\",\"target\":[\"https:\\\/\\\/gambling6.com\\\/et\\\/kasiino\\\/\"]}]},{\"@type\":\"ImageObject\",\"inLanguage\":\"et\",\"@id\":\"https:\\\/\\\/gambling6.com\\\/et\\\/kasiino\\\/#primaryimage\",\"url\":\"https:\\\/\\\/gambling6.com\\\/wp-content\\\/uploads\\\/2022\\\/04\\\/download-image2-300x190.jpg\",\"contentUrl\":\"https:\\\/\\\/gambling6.com\\\/wp-content\\\/uploads\\\/2022\\\/04\\\/download-image2-300x190.jpg\"},{\"@type\":\"BreadcrumbList\",\"@id\":\"https:\\\/\\\/gambling6.com\\\/et\\\/kasiino\\\/#breadcrumb\",\"itemListElement\":[{\"@type\":\"ListItem\",\"position\":1,\"name\":\"Home\",\"item\":\"https:\\\/\\\/gambling6.com\\\/et\\\/home\\\/\"},{\"@type\":\"ListItem\",\"position\":2,\"name\":\"Kasiino\"}]},{\"@type\":\"WebSite\",\"@id\":\"https:\\\/\\\/gambling6.com\\\/et\\\/#website\",\"url\":\"https:\\\/\\\/gambling6.com\\\/et\\\/\",\"name\":\"Gambling6\",\"description\":\"\",\"potentialAction\":[{\"@type\":\"SearchAction\",\"target\":{\"@type\":\"EntryPoint\",\"urlTemplate\":\"https:\\\/\\\/gambling6.com\\\/et\\\/?s={search_term_string}\"},\"query-input\":{\"@type\":\"PropertyValueSpecification\",\"valueRequired\":true,\"valueName\":\"search_term_string\"}}],\"inLanguage\":\"et\"}]}<\/script>\n<!-- \/ Yoast SEO plugin. -->","yoast_head_json":{"title":"Alusta online-hasartm\u00e4ngudega | Online-kasiino juhend","description":"Olgem ausad \u2013 online-kasiino on tulnud, et j\u00e4\u00e4da. Alusta kohe \u2013 meie online-kasiino juhend aitab sul valida endale parimad saidid.","robots":{"index":"index","follow":"follow","max-snippet":"max-snippet:-1","max-image-preview":"max-image-preview:large","max-video-preview":"max-video-preview:-1"},"canonical":"https:\/\/gambling6.com\/et\/kasiino\/","og_locale":"et_EE","og_type":"article","og_title":"Alusta online-hasartm\u00e4ngudega | Online-kasiino juhend","og_description":"Olgem ausad \u2013 online-kasiino on tulnud, et j\u00e4\u00e4da. Alusta kohe \u2013 meie online-kasiino juhend aitab sul valida endale parimad saidid.","og_url":"https:\/\/gambling6.com\/et\/kasiino\/","og_site_name":"Gambling6","article_modified_time":"2025-11-12T15:09:33+00:00","og_image":[{"width":435,"height":276,"url":"https:\/\/gambling6.com\/wp-content\/uploads\/2022\/04\/download-image2.jpg","type":"image\/jpeg"}],"twitter_card":"summary_large_image","twitter_misc":{"Est. reading time":"4 minutit"},"schema":{"@context":"https:\/\/schema.org","@graph":[{"@type":"WebPage","@id":"https:\/\/gambling6.com\/et\/kasiino\/","url":"https:\/\/gambling6.com\/et\/kasiino\/","name":"Alusta online-hasartm\u00e4ngudega | Online-kasiino juhend","isPartOf":{"@id":"https:\/\/gambling6.com\/et\/#website"},"primaryImageOfPage":{"@id":"https:\/\/gambling6.com\/et\/kasiino\/#primaryimage"},"image":{"@id":"https:\/\/gambling6.com\/et\/kasiino\/#primaryimage"},"thumbnailUrl":"https:\/\/gambling6.com\/wp-content\/uploads\/2022\/04\/download-image2-300x190.jpg","datePublished":"2025-11-07T09:08:37+00:00","dateModified":"2025-11-12T15:09:33+00:00","description":"Olgem ausad \u2013 online-kasiino on tulnud, et j\u00e4\u00e4da. Alusta kohe \u2013 meie online-kasiino juhend aitab sul valida endale parimad saidid.","breadcrumb":{"@id":"https:\/\/gambling6.com\/et\/kasiino\/#breadcrumb"},"inLanguage":"et","potentialAction":[{"@type":"ReadAction","target":["https:\/\/gambling6.com\/et\/kasiino\/"]}]},{"@type":"ImageObject","inLanguage":"et","@id":"https:\/\/gambling6.com\/et\/kasiino\/#primaryimage","url":"https:\/\/gambling6.com\/wp-content\/uploads\/2022\/04\/download-image2-300x190.jpg","contentUrl":"https:\/\/gambling6.com\/wp-content\/uploads\/2022\/04\/download-image2-300x190.jpg"},{"@type":"BreadcrumbList","@id":"https:\/\/gambling6.com\/et\/kasiino\/#breadcrumb","itemListElement":[{"@type":"ListItem","position":1,"name":"Home","item":"https:\/\/gambling6.com\/et\/home\/"},{"@type":"ListItem","position":2,"name":"Kasiino"}]},{"@type":"WebSite","@id":"https:\/\/gambling6.com\/et\/#website","url":"https:\/\/gambling6.com\/et\/","name":"Gambling6","description":"","potentialAction":[{"@type":"SearchAction","target":{"@type":"EntryPoint","urlTemplate":"https:\/\/gambling6.com\/et\/?s={search_term_string}"},"query-input":{"@type":"PropertyValueSpecification","valueRequired":true,"valueName":"search_term_string"}}],"inLanguage":"et"}]}},"_links":{"self":[{"href":"https:\/\/gambling6.com\/et\/wp-json\/wp\/v2\/pages\/8284","targetHints":{"allow":["GET"]}}],"collection":[{"href":"https:\/\/gambling6.com\/et\/wp-json\/wp\/v2\/pages"}],"about":[{"href":"https:\/\/gambling6.com\/et\/wp-json\/wp\/v2\/types\/page"}],"author":[{"embeddable":true,"href":"https:\/\/gambling6.com\/et\/wp-json\/wp\/v2\/users\/1"}],"replies":[{"embeddable":true,"href":"https:\/\/gambling6.com\/et\/wp-json\/wp\/v2\/comments?post=8284"}],"version-history":[{"count":1,"href":"https:\/\/gambling6.com\/et\/wp-json\/wp\/v2\/pages\/8284\/revisions"}],"predecessor-version":[{"id":10658,"href":"https:\/\/gambling6.com\/et\/wp-json\/wp\/v2\/pages\/8284\/revisions\/10658"}],"wp:attachment":[{"href":"https:\/\/gambling6.com\/et\/wp-json\/wp\/v2\/media?parent=8284"}],"curies":[{"name":"wp","href":"https:\/\/api.w.org\/{rel}","templated":true}]}}