{"id":8346,"date":"2025-11-07T11:44:04","date_gmt":"2025-11-07T11:44:04","guid":{"rendered":"https:\/\/gambling6.com\/kasiino\/kasiinode-arvustused\/"},"modified":"2025-11-12T06:37:39","modified_gmt":"2025-11-12T06:37:39","slug":"kasiinode-arvustused","status":"publish","type":"page","link":"https:\/\/gambling6.com\/et\/kasiino\/kasiinode-arvustused\/","title":{"rendered":"Kasiinode arvustused"},"content":{"rendered":"<h2>Aitame teil valida parima hasartm\u00e4ngusaidi meie arvustuste kaudu<\/h2>\n<p>Kasiinoveebisaidid on kohad, mis pakuvad teile v\u00f5imalust teha panuseid kasiinom\u00e4ngudele v\u00f5i spordile v\u00f5i kihlvedusid online-pokkeritoas. Online-hasartm\u00e4ngud pakuvad teile mugavust kodust m\u00e4ngides. Saate nautida oma lemmikspordialadele panustamise p\u00f5nevust ilma kodust lahkumata. Online-hasartm\u00e4ngude populaarsus on toonud kaasa paljude online-kihlvedude saitide ja kasiinode tekkimise. Nagu igas teises t\u00f6\u00f6stusharus, on ka online-hasartm\u00e4ngudes ebaausad operaatorid. Seega on parima kasiinoveebisaidi valimine \u00fclioluline. <strong>Meie kasiinoveebisaitide arvustuste lugemine aitab teil kindlaks teha, kas tegemist on usaldusv\u00e4\u00e4rse kasiinoga.<\/strong><\/p>\n<p><a href=\"https:\/\/ic.aff-handler.com\/C\/47965?sr=1064399&amp;anid=\" rel=\"nofollow\"><img loading=\"lazy\" decoding=\"async\" class=\"alignright\" src=\"https:\/\/ic.aff-handler.com\/I\/47965?sr=1064399&amp;anid=\" width=\"420\" height=\"84\" \/><\/a><\/p>\n<ul>\n<li><strong>Maine<\/strong><\/li>\n<\/ul>\n<p>Enne otsuse langetamist on esimene ja k\u00f5ige olulisem asi, mida vaadata, kas kasiinot f\u00fc\u00fcsiliselt kontrollida. Kuna te ei saa kasiinot f\u00fc\u00fcsiliselt kontrollida, peate otsustama, kas seal m\u00e4ngida v\u00f5i mitte, tuginema selle mainele. Parimad kasiinoveebisaidid on need, millel on selles valdkonnas aastatepikkune kogemus ja mis on loonud hea maine suurep\u00e4rase klienditeeninduse pakkumisel.<\/p>\n<ul>\n<li><strong>Litsents<\/strong><\/li>\n<\/ul>\n<p>Usaldusv\u00e4\u00e4rsed kasiinoveebisaidid hangivad oma tegevuseks n\u00f5uetekohased litsentsid. Hea mainega hasartm\u00e4ngukomisjonid v\u00f5i registreeritud hasartm\u00e4nguametid teatud jurisdiktsioonides v\u00e4ljastavad hasartm\u00e4ngusaitidele litsentse p\u00e4rast seda, kui on veendunud, et kasiinoveebisait vastab teatud turvalisuse, ausa m\u00e4ngu poliitika, v\u00e4ljamaksete ja klienditeeninduse standarditele. Usaldusv\u00e4\u00e4rsed hasartm\u00e4ngusaidid kuvavad seda litsentsi silmapaistvalt, kuid **hea kasiinoarvustus** peaks samuti n\u00e4itama, kus kasiinol on litsents. Samuti on selle s\u00fcsteemid ja protsessid vastavate asutuste poolt auditeeritud ning see on sertifitseerinud. Neid sertifikaate n\u00e4ete nende veebisaitidel. Litsentseeritud hasartm\u00e4ngusaidi valimine aitab teil nautida turvalist m\u00e4ngukogemust.<\/p>\n<ul>\n<li><strong>M\u00e4nguvalikud<\/strong><\/li>\n<\/ul>\n<p>Valitud kasiino peab pakkuma laia valikut m\u00e4nge, sealhulgas t\u00e4ringum\u00e4nge, ruletti, blackjacki, slotim\u00e4nge, videopokkerit ja lauam\u00e4nge. Kasiino saidi kasutatav hasartm\u00e4ngutarkvara aitab teil hinnata m\u00e4ngukogemuse kvaliteeti. Kui valite kasiinosaidi, mis pakub laia valikut m\u00e4nge, on teie online-hasartm\u00e4ngukogemus nauditavam.<\/p>\n<ul>\n<li style=\"list-style-type: none;\">\n<ul>\n<li><strong>Hasartm\u00e4ngutarkvara<\/strong><\/li>\n<\/ul>\n<\/li>\n<\/ul>\n<p>Parimad online-hasartm\u00e4ngusaidid kasutavad k\u00f5ige v\u00f5imsamat m\u00e4ngutarkvara, mis pakub teile keskkonda, kus tunnete end nagu p\u00e4ris kasiinos. See pakub k\u00f5rgeima kvaliteediga graafikat ja heli. See on kasutajas\u00f5bralik, nii et saate seda h\u00f5lpsalt alla laadida, installida ja kasutada.<\/p>\n<ul>\n<li style=\"list-style-type: none;\">\n<ul>\n<li style=\"list-style-type: none;\">\n<ul>\n<li><strong>Sisse- ja v\u00e4ljamaksev\u00f5imalused<\/strong><\/li>\n<\/ul>\n<\/li>\n<\/ul>\n<\/li>\n<\/ul>\n<p>On oluline lugeda online-kasiino pakutavate sisse- ja v\u00e4ljamaksev\u00f5imaluste arvustusi. Valikud peaksid vastama teie vajadustele. T\u00e4nap\u00e4eval soovivad paljud m\u00e4ngijad online-kasiinodes m\u00e4ngides suuremat turvalisust, seega soovivad nad rohkem kui \u00fchte sissemaksev\u00f5imalust. Parim hasartm\u00e4ngusait pakub mitmesuguseid v\u00f5imalusi, nagu krediitkaardid, panga\u00fclekanded, e-rahakotid nagu Neteller ja PayPal ning kaardid nagu Ukash ja Paysafecard ja isegi kr\u00fcptovaluutamaksed. Meie kasiinode arvustuste lehed annavad teavet selle kohta, kas v\u00f5ite oodata kiireid ja probleemivabu sisse- ja v\u00e4ljamakseid. Kasiino peaks tegema pingutusi teie finants- ja isikuandmete kaitsmiseks, tehes tehinguid turvaliste serverite kaudu.<\/p>\n<ul>\n<li style=\"list-style-type: none;\">\n<ul>\n<li style=\"list-style-type: none;\">\n<ul>\n<li style=\"list-style-type: none;\">\n<ul>\n<li><strong>Klienditugi<\/strong><\/li>\n<\/ul>\n<\/li>\n<\/ul>\n<\/li>\n<\/ul>\n<\/li>\n<\/ul>\n<p><span style=\"background-color: transparent;\">Klienditugi on \u00fcks olulisemaid asju, mida enne <\/span><strong style=\"background-color: transparent;\">kasiino veebisaidi valimist kaaluda.<\/strong><span style=\"background-color: transparent;\"> Parim sait pakub s\u00f5bralikku kliendituge telefoni, e-posti ja reaalajas vestluse teel \u00f6\u00f6p\u00e4evaringselt.<\/span><\/p>\n<p>Kahtluse korral valige lihtsalt turuliider kasiino, n\u00e4iteks 888 Casino \u2013 neil on k\u00f5ik teie hasartm\u00e4ngud kaetud. <a class=\"thirstylink\" title=\"888 casino en\" href=\"https:\/\/gambling6.com\/go\/888-casino-en\/\" target=\"_blank\" rel=\"nofollow noopener\">Kl\u00f5psake siin, et k\u00fclastada 888-t juba t\u00e4na<\/a>.<\/p>\n","protected":false},"excerpt":{"rendered":"<p>Aitame teil valida parima hasartm\u00e4ngusaidi meie arvustuste kaudu Kasiinoveebisaidid on kohad, mis pakuvad teile v\u00f5imalust teha panuseid kasiinom\u00e4ngudele v\u00f5i spordile v\u00f5i kihlvedusid online-pokkeritoas. Online-hasartm\u00e4ngud pakuvad teile mugavust kodust m\u00e4ngides. Saate nautida oma lemmikspordialadele panustamise p\u00f5nevust ilma kodust lahkumata. Online-hasartm\u00e4ngude populaarsus on toonud kaasa paljude online-kihlvedude saitide ja kasiinode tekkimise. Nagu igas teises t\u00f6\u00f6stusharus, on ka [&hellip;]<\/p>\n","protected":false},"author":1,"featured_media":0,"parent":8284,"menu_order":0,"comment_status":"closed","ping_status":"closed","template":"","meta":{"footnotes":""},"class_list":["post-8346","page","type-page","status-publish","hentry"],"yoast_head":"<!-- This site is optimized with the Yoast SEO plugin v27.4 - https:\/\/yoast.com\/product\/yoast-seo-wordpress\/ -->\n<title>Soovitatavate online-kasiinode veebisaitide arvustused ja testid<\/title>\n<meta name=\"description\" content=\"Meie kasiinoveebisaitide arvustused annavad teile aimu, mida otsida parimate online-kasiinode otsimisel.\" \/>\n<meta name=\"robots\" content=\"index, follow, max-snippet:-1, max-image-preview:large, max-video-preview:-1\" \/>\n<link rel=\"canonical\" href=\"https:\/\/gambling6.com\/et\/kasiino\/kasiinode-arvustused\/\" \/>\n<meta property=\"og:locale\" content=\"et_EE\" \/>\n<meta property=\"og:type\" content=\"article\" \/>\n<meta property=\"og:title\" content=\"Soovitatavate online-kasiinode veebisaitide arvustused ja testid\" \/>\n<meta property=\"og:description\" content=\"Meie kasiinoveebisaitide arvustused annavad teile aimu, mida otsida parimate online-kasiinode otsimisel.\" \/>\n<meta property=\"og:url\" content=\"https:\/\/gambling6.com\/et\/kasiino\/kasiinode-arvustused\/\" \/>\n<meta property=\"og:site_name\" content=\"Gambling6\" \/>\n<meta property=\"article:modified_time\" content=\"2025-11-12T06:37:39+00:00\" \/>\n<meta property=\"og:image\" content=\"https:\/\/ic.aff-handler.com\/I\/47965?sr=1064399&amp;anid=\" \/>\n<meta name=\"twitter:card\" content=\"summary_large_image\" \/>\n<meta name=\"twitter:label1\" content=\"Est. reading time\" \/>\n\t<meta name=\"twitter:data1\" content=\"2 minutit\" \/>\n<script type=\"application\/ld+json\" class=\"yoast-schema-graph\">{\"@context\":\"https:\\\/\\\/schema.org\",\"@graph\":[{\"@type\":\"WebPage\",\"@id\":\"https:\\\/\\\/gambling6.com\\\/et\\\/kasiino\\\/kasiinode-arvustused\\\/\",\"url\":\"https:\\\/\\\/gambling6.com\\\/et\\\/kasiino\\\/kasiinode-arvustused\\\/\",\"name\":\"Soovitatavate online-kasiinode veebisaitide arvustused ja testid\",\"isPartOf\":{\"@id\":\"https:\\\/\\\/gambling6.com\\\/et\\\/#website\"},\"primaryImageOfPage\":{\"@id\":\"https:\\\/\\\/gambling6.com\\\/et\\\/kasiino\\\/kasiinode-arvustused\\\/#primaryimage\"},\"image\":{\"@id\":\"https:\\\/\\\/gambling6.com\\\/et\\\/kasiino\\\/kasiinode-arvustused\\\/#primaryimage\"},\"thumbnailUrl\":\"https:\\\/\\\/ic.aff-handler.com\\\/I\\\/47965?sr=1064399&amp;anid=\",\"datePublished\":\"2025-11-07T11:44:04+00:00\",\"dateModified\":\"2025-11-12T06:37:39+00:00\",\"description\":\"Meie kasiinoveebisaitide arvustused annavad teile aimu, mida otsida parimate online-kasiinode otsimisel.\",\"breadcrumb\":{\"@id\":\"https:\\\/\\\/gambling6.com\\\/et\\\/kasiino\\\/kasiinode-arvustused\\\/#breadcrumb\"},\"inLanguage\":\"et\",\"potentialAction\":[{\"@type\":\"ReadAction\",\"target\":[\"https:\\\/\\\/gambling6.com\\\/et\\\/kasiino\\\/kasiinode-arvustused\\\/\"]}]},{\"@type\":\"ImageObject\",\"inLanguage\":\"et\",\"@id\":\"https:\\\/\\\/gambling6.com\\\/et\\\/kasiino\\\/kasiinode-arvustused\\\/#primaryimage\",\"url\":\"https:\\\/\\\/ic.aff-handler.com\\\/I\\\/47965?sr=1064399&amp;anid=\",\"contentUrl\":\"https:\\\/\\\/ic.aff-handler.com\\\/I\\\/47965?sr=1064399&amp;anid=\"},{\"@type\":\"BreadcrumbList\",\"@id\":\"https:\\\/\\\/gambling6.com\\\/et\\\/kasiino\\\/kasiinode-arvustused\\\/#breadcrumb\",\"itemListElement\":[{\"@type\":\"ListItem\",\"position\":1,\"name\":\"Home\",\"item\":\"https:\\\/\\\/gambling6.com\\\/et\\\/home\\\/\"},{\"@type\":\"ListItem\",\"position\":2,\"name\":\"Kasiino\",\"item\":\"https:\\\/\\\/gambling6.com\\\/et\\\/get-started-with-online-gambling\\\/\"},{\"@type\":\"ListItem\",\"position\":3,\"name\":\"Kasiinode arvustused\"}]},{\"@type\":\"WebSite\",\"@id\":\"https:\\\/\\\/gambling6.com\\\/et\\\/#website\",\"url\":\"https:\\\/\\\/gambling6.com\\\/et\\\/\",\"name\":\"Gambling6\",\"description\":\"\",\"potentialAction\":[{\"@type\":\"SearchAction\",\"target\":{\"@type\":\"EntryPoint\",\"urlTemplate\":\"https:\\\/\\\/gambling6.com\\\/et\\\/?s={search_term_string}\"},\"query-input\":{\"@type\":\"PropertyValueSpecification\",\"valueRequired\":true,\"valueName\":\"search_term_string\"}}],\"inLanguage\":\"et\"}]}<\/script>\n<!-- \/ Yoast SEO plugin. -->","yoast_head_json":{"title":"Soovitatavate online-kasiinode veebisaitide arvustused ja testid","description":"Meie kasiinoveebisaitide arvustused annavad teile aimu, mida otsida parimate online-kasiinode otsimisel.","robots":{"index":"index","follow":"follow","max-snippet":"max-snippet:-1","max-image-preview":"max-image-preview:large","max-video-preview":"max-video-preview:-1"},"canonical":"https:\/\/gambling6.com\/et\/kasiino\/kasiinode-arvustused\/","og_locale":"et_EE","og_type":"article","og_title":"Soovitatavate online-kasiinode veebisaitide arvustused ja testid","og_description":"Meie kasiinoveebisaitide arvustused annavad teile aimu, mida otsida parimate online-kasiinode otsimisel.","og_url":"https:\/\/gambling6.com\/et\/kasiino\/kasiinode-arvustused\/","og_site_name":"Gambling6","article_modified_time":"2025-11-12T06:37:39+00:00","og_image":[{"url":"https:\/\/ic.aff-handler.com\/I\/47965?sr=1064399&amp;anid=","type":"","width":"","height":""}],"twitter_card":"summary_large_image","twitter_misc":{"Est. reading time":"2 minutit"},"schema":{"@context":"https:\/\/schema.org","@graph":[{"@type":"WebPage","@id":"https:\/\/gambling6.com\/et\/kasiino\/kasiinode-arvustused\/","url":"https:\/\/gambling6.com\/et\/kasiino\/kasiinode-arvustused\/","name":"Soovitatavate online-kasiinode veebisaitide arvustused ja testid","isPartOf":{"@id":"https:\/\/gambling6.com\/et\/#website"},"primaryImageOfPage":{"@id":"https:\/\/gambling6.com\/et\/kasiino\/kasiinode-arvustused\/#primaryimage"},"image":{"@id":"https:\/\/gambling6.com\/et\/kasiino\/kasiinode-arvustused\/#primaryimage"},"thumbnailUrl":"https:\/\/ic.aff-handler.com\/I\/47965?sr=1064399&amp;anid=","datePublished":"2025-11-07T11:44:04+00:00","dateModified":"2025-11-12T06:37:39+00:00","description":"Meie kasiinoveebisaitide arvustused annavad teile aimu, mida otsida parimate online-kasiinode otsimisel.","breadcrumb":{"@id":"https:\/\/gambling6.com\/et\/kasiino\/kasiinode-arvustused\/#breadcrumb"},"inLanguage":"et","potentialAction":[{"@type":"ReadAction","target":["https:\/\/gambling6.com\/et\/kasiino\/kasiinode-arvustused\/"]}]},{"@type":"ImageObject","inLanguage":"et","@id":"https:\/\/gambling6.com\/et\/kasiino\/kasiinode-arvustused\/#primaryimage","url":"https:\/\/ic.aff-handler.com\/I\/47965?sr=1064399&amp;anid=","contentUrl":"https:\/\/ic.aff-handler.com\/I\/47965?sr=1064399&amp;anid="},{"@type":"BreadcrumbList","@id":"https:\/\/gambling6.com\/et\/kasiino\/kasiinode-arvustused\/#breadcrumb","itemListElement":[{"@type":"ListItem","position":1,"name":"Home","item":"https:\/\/gambling6.com\/et\/home\/"},{"@type":"ListItem","position":2,"name":"Kasiino","item":"https:\/\/gambling6.com\/et\/get-started-with-online-gambling\/"},{"@type":"ListItem","position":3,"name":"Kasiinode arvustused"}]},{"@type":"WebSite","@id":"https:\/\/gambling6.com\/et\/#website","url":"https:\/\/gambling6.com\/et\/","name":"Gambling6","description":"","potentialAction":[{"@type":"SearchAction","target":{"@type":"EntryPoint","urlTemplate":"https:\/\/gambling6.com\/et\/?s={search_term_string}"},"query-input":{"@type":"PropertyValueSpecification","valueRequired":true,"valueName":"search_term_string"}}],"inLanguage":"et"}]}},"_links":{"self":[{"href":"https:\/\/gambling6.com\/et\/wp-json\/wp\/v2\/pages\/8346","targetHints":{"allow":["GET"]}}],"collection":[{"href":"https:\/\/gambling6.com\/et\/wp-json\/wp\/v2\/pages"}],"about":[{"href":"https:\/\/gambling6.com\/et\/wp-json\/wp\/v2\/types\/page"}],"author":[{"embeddable":true,"href":"https:\/\/gambling6.com\/et\/wp-json\/wp\/v2\/users\/1"}],"replies":[{"embeddable":true,"href":"https:\/\/gambling6.com\/et\/wp-json\/wp\/v2\/comments?post=8346"}],"version-history":[{"count":1,"href":"https:\/\/gambling6.com\/et\/wp-json\/wp\/v2\/pages\/8346\/revisions"}],"predecessor-version":[{"id":10366,"href":"https:\/\/gambling6.com\/et\/wp-json\/wp\/v2\/pages\/8346\/revisions\/10366"}],"up":[{"embeddable":true,"href":"https:\/\/gambling6.com\/et\/wp-json\/wp\/v2\/pages\/8284"}],"wp:attachment":[{"href":"https:\/\/gambling6.com\/et\/wp-json\/wp\/v2\/media?parent=8346"}],"curies":[{"name":"wp","href":"https:\/\/api.w.org\/{rel}","templated":true}]}}