{"id":8370,"date":"2025-11-07T13:11:10","date_gmt":"2025-11-07T13:11:10","guid":{"rendered":"https:\/\/gambling6.com\/kasiino\/veebikasiinod-vs-maismaakasiinod\/"},"modified":"2025-11-07T13:11:10","modified_gmt":"2025-11-07T13:11:10","slug":"veebikasiinod-vs-maismaakasiinod","status":"publish","type":"page","link":"https:\/\/gambling6.com\/et\/kasiino\/veebikasiinod-vs-maismaakasiinod\/","title":{"rendered":"Veebikasiinod vs maismaakasiinod"},"content":{"rendered":"<h2>Live- v\u00f5i online-kasiinod<\/h2>\n<h3>Igal t\u00fc\u00fcbil on midagi, mis m\u00e4ngijatele meeldib<\/h3>\n<p><img loading=\"lazy\" decoding=\"async\" class=\" wp-image-332 alignright\" src=\"https:\/\/gambling6.com\/wp-content\/uploads\/2013\/12\/phil_ivey-247x300.jpg\" alt=\"live-kasiino\" width=\"175\" height=\"213\" srcset=\"https:\/\/gambling6.com\/wp-content\/uploads\/2013\/12\/phil_ivey-247x300.jpg 247w, https:\/\/gambling6.com\/wp-content\/uploads\/2013\/12\/phil_ivey.jpg 250w\" sizes=\"auto, (max-width: 175px) 100vw, 175px\" \/>Kasiinom\u00e4ngijad peaksid oma lemmikm\u00e4nge m\u00e4ngima viisil, mis neile mugav on ja sobib nende isiksusega. M\u00f5ned m\u00e4ngijad eelistavad alati m\u00e4ngida maismaakasiinodes, sest neile meeldib atmosf\u00e4\u00e4r. Neile meeldib m\u00e4ngida koos teiste m\u00e4ngijate, rahvahulga ja m\u00fcraga.<\/p>\n<p>Teistele kasiinom\u00e4ngijatele aga meeldib m\u00f5te m\u00e4ngida vaikses ja l\u00f5\u00f5gastavas keskkonnas, kus neil on t\u00e4ielik kontroll. Need m\u00e4ngijad kipuvad eelistama online-kasiinosid. Olenemata sellest, kuidas m\u00e4ngija soovib oma m\u00e4nge nautida, on alati midagi, olgu selleks maismaa- v\u00f5i online-kasiinod. <\/p>\n<h3>Siin on olulised erinevused online- ja tavakasiinode vahel:<\/h3>\n<ul>\n<li>Loomulikult on online- ja tavakasiinod t\u00e4iesti erinevates oludes. Tavakasiino on selline, kus m\u00e4ngijad saavad tunda end ja olla f\u00fc\u00fcsiliselt osa sellest. Online-kasiinosid m\u00e4ngitakse internetis, mis t\u00e4hendab, et m\u00e4ngijad saavad m\u00e4ngida m\u00e4nge, mida nad soovivad, kus iganes nad valivad. See asukoht v\u00f5ib olla nende kodu, kontor v\u00f5i \u00fcksk\u00f5ik kus, kui nad saavad internetiga \u00fchenduse luua.<\/li>\n<li>Tavalistel kasiinodel on m\u00e4ngijate klubid, mis v\u00f5imaldavad m\u00e4ngijatel teenida auhindu. Auhinnad varieeruvad kasiinoti. Ka online-hasartm\u00e4ngusaitidel on oma versioonid nendest klubidest, mida nimetatakse VIP-programmideks. Paljud kasiinom\u00e4ngijad leiavad aga, et online-kasiinod on heldemad, kuna neil ei ole sama palju \u00fcldkulusid kui tavakasiinodel.<\/li>\n<li>Kuigi tavakasiinod pakuvad m\u00e4ngijatele v\u00f5imalust m\u00e4ngida peaaegu iga kasiinom\u00e4ngu, mida nad soovivad, on m\u00e4ngijatel siiski aegu, mil nad ei taha terve kasiino l\u00e4bi k\u00e4ia, et m\u00e4ngust m\u00e4ngu minna. Samuti leiavad nad aegu, mil nad tahavad m\u00e4ngida konkreetset m\u00e4ngu, kuid istekohta pole saadaval. Veebikasiinod aga v\u00f5imaldavad m\u00e4ngijatel m\u00e4ngida m\u00e4nge, mida nad soovivad, igal ajal, ilma k\u00f5ndimata v\u00f5i istekohta ootamata.<\/li>\n<li>Maapealsed kasiinod v\u00f5ivad uute m\u00e4ngijate jaoks hirmutavad olla ja neil puuduvad sageli tasuta ressursid, mis aitaksid neil m\u00e4nge ja erinevaid strateegiaid \u00f5ppida. Veebikasiinod v\u00f5imaldavad m\u00e4ngijatel m\u00e4ngida keskkonnas, kus nad v\u00f5ivad end v\u00e4hem hirmununa tunda, ja pakuvad rohkelt tasuta sisu, mis juhendab neid veebikasiinom\u00e4ngude m\u00e4ngimise erinevates aspektides.<\/li>\n<\/ul>\n<p>Iga\u00fcks, kes arvab, et veebikasiinod v\u00f5ivad olla nende jaoks, soovib alustada Microgamingi baasil kasiinode kohta v\u00f5imalikult palju teada saamisest. Parim neist on kahtlemata 888 Casino, mida saate k\u00fclastada alloleval ribareklaamil kl\u00f5psates. <a href=\"https:\/\/ic.aff-handler.com\/C\/45871?sr=1064399&amp;anid=\" rel=\"nofollow\"><img loading=\"lazy\" decoding=\"async\" class=\"aligncenter\" src=\"https:\/\/ic.aff-handler.com\/I\/45871?sr=1064399&amp;anid=\" width=\"725\" height=\"93\" \/><\/a><br \/>\nKui elate USA-s, on teie parim valik BetOnline kasiinom\u00e4ngude v\u00f5i online-pokkeri jaoks.<br \/>\n<img loading=\"lazy\" decoding=\"async\" class=\" wp-image-7875 aligncenter\" src=\"https:\/\/gambling6.com\/wp-content\/uploads\/2025\/10\/BOL_AQC_banner_468x60_FS1_casino-300x38.gif\" alt=\"BetOnline kasiino\" width=\"694\" height=\"88\" \/><\/p>\n","protected":false},"excerpt":{"rendered":"<p>Live- v\u00f5i online-kasiinod Igal t\u00fc\u00fcbil on midagi, mis m\u00e4ngijatele meeldib Kasiinom\u00e4ngijad peaksid oma lemmikm\u00e4nge m\u00e4ngima viisil, mis neile mugav on ja sobib nende isiksusega. M\u00f5ned m\u00e4ngijad eelistavad alati m\u00e4ngida maismaakasiinodes, sest neile meeldib atmosf\u00e4\u00e4r. Neile meeldib m\u00e4ngida koos teiste m\u00e4ngijate, rahvahulga ja m\u00fcraga. Teistele kasiinom\u00e4ngijatele aga meeldib m\u00f5te m\u00e4ngida vaikses ja l\u00f5\u00f5gastavas keskkonnas, kus neil [&hellip;]<\/p>\n","protected":false},"author":1,"featured_media":0,"parent":8284,"menu_order":28,"comment_status":"closed","ping_status":"closed","template":"","meta":{"footnotes":""},"class_list":["post-8370","page","type-page","status-publish","hentry"],"yoast_head":"<!-- This site is optimized with the Yoast SEO plugin v27.4 - https:\/\/yoast.com\/product\/yoast-seo-wordpress\/ -->\n<title>Maapealsete ja online-kasiinode v\u00f5rdlus<\/title>\n<meta name=\"description\" content=\"Nii online-kasiinod kui ka maismaakasiinod pakuvad m\u00e4ngijatele suurep\u00e4rast ajaviidet ja palju v\u00f5imalusi.\" \/>\n<meta name=\"robots\" content=\"index, follow, max-snippet:-1, max-image-preview:large, max-video-preview:-1\" \/>\n<link rel=\"canonical\" href=\"https:\/\/gambling6.com\/et\/kasiino\/veebikasiinod-vs-maismaakasiinod\/\" \/>\n<meta property=\"og:locale\" content=\"et_EE\" \/>\n<meta property=\"og:type\" content=\"article\" \/>\n<meta property=\"og:title\" content=\"Maapealsete ja online-kasiinode v\u00f5rdlus\" \/>\n<meta property=\"og:description\" content=\"Nii online-kasiinod kui ka maismaakasiinod pakuvad m\u00e4ngijatele suurep\u00e4rast ajaviidet ja palju v\u00f5imalusi.\" \/>\n<meta property=\"og:url\" content=\"https:\/\/gambling6.com\/et\/kasiino\/veebikasiinod-vs-maismaakasiinod\/\" \/>\n<meta property=\"og:site_name\" content=\"Gambling6\" \/>\n<meta property=\"og:image\" content=\"https:\/\/gambling6.com\/wp-content\/uploads\/2013\/12\/phil_ivey.jpg\" \/>\n\t<meta property=\"og:image:width\" content=\"250\" \/>\n\t<meta property=\"og:image:height\" content=\"304\" \/>\n\t<meta property=\"og:image:type\" content=\"image\/jpeg\" \/>\n<meta name=\"twitter:card\" content=\"summary_large_image\" \/>\n<meta name=\"twitter:label1\" content=\"Est. reading time\" \/>\n\t<meta name=\"twitter:data1\" content=\"2 minutit\" \/>\n<script type=\"application\/ld+json\" class=\"yoast-schema-graph\">{\"@context\":\"https:\\\/\\\/schema.org\",\"@graph\":[{\"@type\":\"WebPage\",\"@id\":\"https:\\\/\\\/gambling6.com\\\/et\\\/kasiino\\\/veebikasiinod-vs-maismaakasiinod\\\/\",\"url\":\"https:\\\/\\\/gambling6.com\\\/et\\\/kasiino\\\/veebikasiinod-vs-maismaakasiinod\\\/\",\"name\":\"Maapealsete ja online-kasiinode v\u00f5rdlus\",\"isPartOf\":{\"@id\":\"https:\\\/\\\/gambling6.com\\\/et\\\/#website\"},\"primaryImageOfPage\":{\"@id\":\"https:\\\/\\\/gambling6.com\\\/et\\\/kasiino\\\/veebikasiinod-vs-maismaakasiinod\\\/#primaryimage\"},\"image\":{\"@id\":\"https:\\\/\\\/gambling6.com\\\/et\\\/kasiino\\\/veebikasiinod-vs-maismaakasiinod\\\/#primaryimage\"},\"thumbnailUrl\":\"https:\\\/\\\/gambling6.com\\\/wp-content\\\/uploads\\\/2013\\\/12\\\/phil_ivey-247x300.jpg\",\"datePublished\":\"2025-11-07T13:11:10+00:00\",\"description\":\"Nii online-kasiinod kui ka maismaakasiinod pakuvad m\u00e4ngijatele suurep\u00e4rast ajaviidet ja palju v\u00f5imalusi.\",\"breadcrumb\":{\"@id\":\"https:\\\/\\\/gambling6.com\\\/et\\\/kasiino\\\/veebikasiinod-vs-maismaakasiinod\\\/#breadcrumb\"},\"inLanguage\":\"et\",\"potentialAction\":[{\"@type\":\"ReadAction\",\"target\":[\"https:\\\/\\\/gambling6.com\\\/et\\\/kasiino\\\/veebikasiinod-vs-maismaakasiinod\\\/\"]}]},{\"@type\":\"ImageObject\",\"inLanguage\":\"et\",\"@id\":\"https:\\\/\\\/gambling6.com\\\/et\\\/kasiino\\\/veebikasiinod-vs-maismaakasiinod\\\/#primaryimage\",\"url\":\"https:\\\/\\\/gambling6.com\\\/wp-content\\\/uploads\\\/2013\\\/12\\\/phil_ivey-247x300.jpg\",\"contentUrl\":\"https:\\\/\\\/gambling6.com\\\/wp-content\\\/uploads\\\/2013\\\/12\\\/phil_ivey-247x300.jpg\"},{\"@type\":\"BreadcrumbList\",\"@id\":\"https:\\\/\\\/gambling6.com\\\/et\\\/kasiino\\\/veebikasiinod-vs-maismaakasiinod\\\/#breadcrumb\",\"itemListElement\":[{\"@type\":\"ListItem\",\"position\":1,\"name\":\"Home\",\"item\":\"https:\\\/\\\/gambling6.com\\\/et\\\/home\\\/\"},{\"@type\":\"ListItem\",\"position\":2,\"name\":\"Kasiino\",\"item\":\"https:\\\/\\\/gambling6.com\\\/et\\\/get-started-with-online-gambling\\\/\"},{\"@type\":\"ListItem\",\"position\":3,\"name\":\"Veebikasiinod vs maismaakasiinod\"}]},{\"@type\":\"WebSite\",\"@id\":\"https:\\\/\\\/gambling6.com\\\/et\\\/#website\",\"url\":\"https:\\\/\\\/gambling6.com\\\/et\\\/\",\"name\":\"Gambling6\",\"description\":\"\",\"potentialAction\":[{\"@type\":\"SearchAction\",\"target\":{\"@type\":\"EntryPoint\",\"urlTemplate\":\"https:\\\/\\\/gambling6.com\\\/et\\\/?s={search_term_string}\"},\"query-input\":{\"@type\":\"PropertyValueSpecification\",\"valueRequired\":true,\"valueName\":\"search_term_string\"}}],\"inLanguage\":\"et\"}]}<\/script>\n<!-- \/ Yoast SEO plugin. -->","yoast_head_json":{"title":"Maapealsete ja online-kasiinode v\u00f5rdlus","description":"Nii online-kasiinod kui ka maismaakasiinod pakuvad m\u00e4ngijatele suurep\u00e4rast ajaviidet ja palju v\u00f5imalusi.","robots":{"index":"index","follow":"follow","max-snippet":"max-snippet:-1","max-image-preview":"max-image-preview:large","max-video-preview":"max-video-preview:-1"},"canonical":"https:\/\/gambling6.com\/et\/kasiino\/veebikasiinod-vs-maismaakasiinod\/","og_locale":"et_EE","og_type":"article","og_title":"Maapealsete ja online-kasiinode v\u00f5rdlus","og_description":"Nii online-kasiinod kui ka maismaakasiinod pakuvad m\u00e4ngijatele suurep\u00e4rast ajaviidet ja palju v\u00f5imalusi.","og_url":"https:\/\/gambling6.com\/et\/kasiino\/veebikasiinod-vs-maismaakasiinod\/","og_site_name":"Gambling6","og_image":[{"width":250,"height":304,"url":"https:\/\/gambling6.com\/wp-content\/uploads\/2013\/12\/phil_ivey.jpg","type":"image\/jpeg"}],"twitter_card":"summary_large_image","twitter_misc":{"Est. reading time":"2 minutit"},"schema":{"@context":"https:\/\/schema.org","@graph":[{"@type":"WebPage","@id":"https:\/\/gambling6.com\/et\/kasiino\/veebikasiinod-vs-maismaakasiinod\/","url":"https:\/\/gambling6.com\/et\/kasiino\/veebikasiinod-vs-maismaakasiinod\/","name":"Maapealsete ja online-kasiinode v\u00f5rdlus","isPartOf":{"@id":"https:\/\/gambling6.com\/et\/#website"},"primaryImageOfPage":{"@id":"https:\/\/gambling6.com\/et\/kasiino\/veebikasiinod-vs-maismaakasiinod\/#primaryimage"},"image":{"@id":"https:\/\/gambling6.com\/et\/kasiino\/veebikasiinod-vs-maismaakasiinod\/#primaryimage"},"thumbnailUrl":"https:\/\/gambling6.com\/wp-content\/uploads\/2013\/12\/phil_ivey-247x300.jpg","datePublished":"2025-11-07T13:11:10+00:00","description":"Nii online-kasiinod kui ka maismaakasiinod pakuvad m\u00e4ngijatele suurep\u00e4rast ajaviidet ja palju v\u00f5imalusi.","breadcrumb":{"@id":"https:\/\/gambling6.com\/et\/kasiino\/veebikasiinod-vs-maismaakasiinod\/#breadcrumb"},"inLanguage":"et","potentialAction":[{"@type":"ReadAction","target":["https:\/\/gambling6.com\/et\/kasiino\/veebikasiinod-vs-maismaakasiinod\/"]}]},{"@type":"ImageObject","inLanguage":"et","@id":"https:\/\/gambling6.com\/et\/kasiino\/veebikasiinod-vs-maismaakasiinod\/#primaryimage","url":"https:\/\/gambling6.com\/wp-content\/uploads\/2013\/12\/phil_ivey-247x300.jpg","contentUrl":"https:\/\/gambling6.com\/wp-content\/uploads\/2013\/12\/phil_ivey-247x300.jpg"},{"@type":"BreadcrumbList","@id":"https:\/\/gambling6.com\/et\/kasiino\/veebikasiinod-vs-maismaakasiinod\/#breadcrumb","itemListElement":[{"@type":"ListItem","position":1,"name":"Home","item":"https:\/\/gambling6.com\/et\/home\/"},{"@type":"ListItem","position":2,"name":"Kasiino","item":"https:\/\/gambling6.com\/et\/get-started-with-online-gambling\/"},{"@type":"ListItem","position":3,"name":"Veebikasiinod vs maismaakasiinod"}]},{"@type":"WebSite","@id":"https:\/\/gambling6.com\/et\/#website","url":"https:\/\/gambling6.com\/et\/","name":"Gambling6","description":"","potentialAction":[{"@type":"SearchAction","target":{"@type":"EntryPoint","urlTemplate":"https:\/\/gambling6.com\/et\/?s={search_term_string}"},"query-input":{"@type":"PropertyValueSpecification","valueRequired":true,"valueName":"search_term_string"}}],"inLanguage":"et"}]}},"_links":{"self":[{"href":"https:\/\/gambling6.com\/et\/wp-json\/wp\/v2\/pages\/8370","targetHints":{"allow":["GET"]}}],"collection":[{"href":"https:\/\/gambling6.com\/et\/wp-json\/wp\/v2\/pages"}],"about":[{"href":"https:\/\/gambling6.com\/et\/wp-json\/wp\/v2\/types\/page"}],"author":[{"embeddable":true,"href":"https:\/\/gambling6.com\/et\/wp-json\/wp\/v2\/users\/1"}],"replies":[{"embeddable":true,"href":"https:\/\/gambling6.com\/et\/wp-json\/wp\/v2\/comments?post=8370"}],"version-history":[{"count":0,"href":"https:\/\/gambling6.com\/et\/wp-json\/wp\/v2\/pages\/8370\/revisions"}],"up":[{"embeddable":true,"href":"https:\/\/gambling6.com\/et\/wp-json\/wp\/v2\/pages\/8284"}],"wp:attachment":[{"href":"https:\/\/gambling6.com\/et\/wp-json\/wp\/v2\/media?parent=8370"}],"curies":[{"name":"wp","href":"https:\/\/api.w.org\/{rel}","templated":true}]}}