{"id":8394,"date":"2025-11-07T15:57:16","date_gmt":"2025-11-07T15:57:16","guid":{"rendered":"https:\/\/gambling6.com\/kasiino\/viis-peamist-pohjust-online-kasiinoga-liitumiseks\/"},"modified":"2025-11-12T16:27:07","modified_gmt":"2025-11-12T16:27:07","slug":"viis-peamist-pohjust-online-kasiinoga-liitumiseks","status":"publish","type":"page","link":"https:\/\/gambling6.com\/et\/kasiino\/viis-peamist-pohjust-online-kasiinoga-liitumiseks\/","title":{"rendered":"Viis peamist p\u00f5hjust online-kasiinoga liitumiseks"},"content":{"rendered":"<h2>Miks peaksid liituma online-kasiinoga<\/h2>\n<h2>Online-kasiinosid teeb nii heaks palju asju<\/h2>\n<p><img loading=\"lazy\" decoding=\"async\" class=\"size-medium wp-image-318 alignright\" src=\"https:\/\/gambling6.com\/wp-content\/uploads\/2013\/12\/classic-casino-games-300x179.jpg\" alt=\"online-kasiino\" width=\"300\" height=\"179\" srcset=\"https:\/\/gambling6.com\/wp-content\/uploads\/2013\/12\/classic-casino-games-300x179.jpg 300w, https:\/\/gambling6.com\/wp-content\/uploads\/2013\/12\/classic-casino-games.jpg 612w\" sizes=\"auto, (max-width: 300px) 100vw, 300px\" \/>Igal online-kasiino m\u00e4ngijal on oma isiklikud p\u00f5hjused internetis kasiinom\u00e4ngude m\u00e4ngimiseks. Siiski on m\u00f5ned p\u00f5hjused populaarsemad. Kui m\u00e4ngijad otsustavad oma m\u00e4ngimise internetti viia, n\u00e4evad nad, et nende silme ees avaneb t\u00e4iesti uus maailm. Online-kasiinosid on paljudes erinevates stiilides, seega saavad m\u00e4ngijad otsida, kuni leiavad endale sobiva.<\/p>\n<p>Meie lemmik-online-kasiinoga 888 ei saa te valesti minna. <a class=\"thirstylink\" title=\"888 casino en\" href=\"https:\/\/gambling6.com\/go\/888-casino-en\/\" target=\"_blank\" rel=\"nofollow noopener\">See link viib teid nende veebisaidile ja garanteerib teile kena boonuse kuni 1500 eurot.<\/a><\/p>\n<h2>Siin on viis peamist p\u00f5hjust, miks enamik m\u00e4ngijaid liitub online-kasiinoga:<\/h2>\n<ol>\n<li>\u00dcks peamisi p\u00f5hjuseid online-kasiinoga liitumiseks on boonused. Online-kasiinode boonuseid on mitut t\u00fc\u00fcpi ja iga kasiino lubab oma m\u00e4ngijatel nautida neid, mida ta peab sobivaks. Siiski v\u00f5ivad m\u00f5ned boonused olla v\u00e4ga v\u00e4\u00e4rtuslikud ja pakkuda m\u00e4ngijatele isegi v\u00f5imalust saada sadu v\u00f5i isegi tuhandeid dollareid tasuta. M\u00f5ned online-kasiinodes sageli leiduvad boonused on tervitusboonused, uuestilaadimisboonused, m\u00e4nguboonused ja suunamisboonused. M\u00e4ngijad soovivad boonuse n\u00f5udeid lugeda, et teada, kuidas sellele kvalifitseeruda ja mida t\u00e4pselt selle saamiseks tegema peab.<\/li>\n<li>Teine peamine p\u00f5hjus, miks paljud m\u00e4ngijad liituvad online-kasiinodega, on m\u00e4ngude arv, mida nad saavad \u00fches kohas m\u00e4ngida. Kui m\u00e4ngijad l\u00e4hevad \u00fchte populaarsesse online-kasiinosse, saavad nad m\u00e4ngust m\u00e4ngu liikuda ilma oma kohalt lahkumata. Nad ei pea muretsema koha vabanemise ootamise ega muude maismaakasiinodes m\u00e4ngimisega kaasnevate probleemide p\u00e4rast. M\u00e4ngud on kergesti k\u00e4ttesaadavad ja toimuvad alati, kui m\u00e4ngija on valinud \u00fche populaarsema kasiino.<\/li>\n<li>Veel \u00fcks p\u00f5hjus, miks paljud m\u00e4ngijad online-kasiinode poole p\u00f6\u00f6rduvad, on rahaline. M\u00e4ngijad, kes veedavad aega online-kasiinodes, ei pea maksma selliste asjade eest nagu bensiin, piletid, hotellimajutus, v\u00e4ljas s\u00f6\u00f6mine ega muud kulud, millega nad maismaakasiinodesse reisides kokku puutuvad. See t\u00e4hendab, et m\u00e4ngijatel on rohkem raha m\u00e4ngude peale panustamiseks, mis on alati hea asi.<\/li>\n<li>M\u00f5ned m\u00e4ngijad elavad kiire ja kiire elutempoga elu. See t\u00e4hendab, et neil v\u00f5ib olla v\u00e4ga raske isegi maismaakasiinodesse p\u00e4\u00e4seda. Siiski on veebikasiinod alati nende jaoks olemas. Isegi kui nad saavad p\u00e4eva jooksul sisse logida vaid m\u00f5neks minutiks, saavad nad v\u00e4hemalt natuke m\u00e4ngida, liitudes veebikasiinoga.<\/li>\n<li>Teine kindel eelis veebikasiinodes m\u00e4ngimisel on see, et m\u00e4ngijatel on t\u00e4ielik kontroll oma m\u00e4ngukogemuse \u00fcle. Nad valivad kasiino, boonused, kampaaniad ja m\u00e4ngud ning saavad kohandada paljusid aspekte erinevate veebikasiinom\u00e4ngude puhul.<\/li>\n<\/ol>\n<p>Iga\u00fcks, kes otsib head veebikasiinot, mis muudab k\u00f5ik turvaliseks ja lihtsaks, soovib lugeda arvustusi ja leida sellise, mis t\u00f6\u00f6tab usaldusv\u00e4\u00e4rse tarkvaraga, pakub suurep\u00e4rast tuge ja palju m\u00e4nge.<\/p>\n","protected":false},"excerpt":{"rendered":"<p>Miks peaksid liituma online-kasiinoga Online-kasiinosid teeb nii heaks palju asju Igal online-kasiino m\u00e4ngijal on oma isiklikud p\u00f5hjused internetis kasiinom\u00e4ngude m\u00e4ngimiseks. Siiski on m\u00f5ned p\u00f5hjused populaarsemad. Kui m\u00e4ngijad otsustavad oma m\u00e4ngimise internetti viia, n\u00e4evad nad, et nende silme ees avaneb t\u00e4iesti uus maailm. Online-kasiinosid on paljudes erinevates stiilides, seega saavad m\u00e4ngijad otsida, kuni leiavad endale sobiva. [&hellip;]<\/p>\n","protected":false},"author":1,"featured_media":0,"parent":8284,"menu_order":30,"comment_status":"closed","ping_status":"closed","template":"","meta":{"footnotes":""},"class_list":["post-8394","page","type-page","status-publish","hentry"],"yoast_head":"<!-- This site is optimized with the Yoast SEO plugin v27.4 - https:\/\/yoast.com\/product\/yoast-seo-wordpress\/ -->\n<title>P\u00f5hjused online-kasiinoga liitumiseks<\/title>\n<meta name=\"description\" content=\"Veebikasiinodel on pakkuda palju m\u00e4ngijatele, kes otsivad suurep\u00e4rast ajaveetmist ja palju v\u00f5imalusi v\u00f5itudega p\u00e4\u00e4seda.\" \/>\n<meta name=\"robots\" content=\"index, follow, max-snippet:-1, max-image-preview:large, max-video-preview:-1\" \/>\n<link rel=\"canonical\" href=\"https:\/\/gambling6.com\/et\/kasiino\/viis-peamist-pohjust-online-kasiinoga-liitumiseks\/\" \/>\n<meta property=\"og:locale\" content=\"et_EE\" \/>\n<meta property=\"og:type\" content=\"article\" \/>\n<meta property=\"og:title\" content=\"P\u00f5hjused online-kasiinoga liitumiseks\" \/>\n<meta property=\"og:description\" content=\"Veebikasiinodel on pakkuda palju m\u00e4ngijatele, kes otsivad suurep\u00e4rast ajaveetmist ja palju v\u00f5imalusi v\u00f5itudega p\u00e4\u00e4seda.\" \/>\n<meta property=\"og:url\" content=\"https:\/\/gambling6.com\/et\/kasiino\/viis-peamist-pohjust-online-kasiinoga-liitumiseks\/\" \/>\n<meta property=\"og:site_name\" content=\"Gambling6\" \/>\n<meta property=\"article:modified_time\" content=\"2025-11-12T16:27:07+00:00\" \/>\n<meta property=\"og:image\" content=\"https:\/\/gambling6.com\/wp-content\/uploads\/2013\/12\/classic-casino-games.jpg\" \/>\n\t<meta property=\"og:image:width\" content=\"612\" \/>\n\t<meta property=\"og:image:height\" content=\"366\" \/>\n\t<meta property=\"og:image:type\" content=\"image\/jpeg\" \/>\n<meta name=\"twitter:card\" content=\"summary_large_image\" \/>\n<meta name=\"twitter:label1\" content=\"Est. reading time\" \/>\n\t<meta name=\"twitter:data1\" content=\"2 minutit\" \/>\n<script type=\"application\/ld+json\" class=\"yoast-schema-graph\">{\"@context\":\"https:\\\/\\\/schema.org\",\"@graph\":[{\"@type\":\"WebPage\",\"@id\":\"https:\\\/\\\/gambling6.com\\\/et\\\/kasiino\\\/viis-peamist-pohjust-online-kasiinoga-liitumiseks\\\/\",\"url\":\"https:\\\/\\\/gambling6.com\\\/et\\\/kasiino\\\/viis-peamist-pohjust-online-kasiinoga-liitumiseks\\\/\",\"name\":\"P\u00f5hjused online-kasiinoga liitumiseks\",\"isPartOf\":{\"@id\":\"https:\\\/\\\/gambling6.com\\\/et\\\/#website\"},\"primaryImageOfPage\":{\"@id\":\"https:\\\/\\\/gambling6.com\\\/et\\\/kasiino\\\/viis-peamist-pohjust-online-kasiinoga-liitumiseks\\\/#primaryimage\"},\"image\":{\"@id\":\"https:\\\/\\\/gambling6.com\\\/et\\\/kasiino\\\/viis-peamist-pohjust-online-kasiinoga-liitumiseks\\\/#primaryimage\"},\"thumbnailUrl\":\"https:\\\/\\\/gambling6.com\\\/wp-content\\\/uploads\\\/2013\\\/12\\\/classic-casino-games-300x179.jpg\",\"datePublished\":\"2025-11-07T15:57:16+00:00\",\"dateModified\":\"2025-11-12T16:27:07+00:00\",\"description\":\"Veebikasiinodel on pakkuda palju m\u00e4ngijatele, kes otsivad suurep\u00e4rast ajaveetmist ja palju v\u00f5imalusi v\u00f5itudega p\u00e4\u00e4seda.\",\"breadcrumb\":{\"@id\":\"https:\\\/\\\/gambling6.com\\\/et\\\/kasiino\\\/viis-peamist-pohjust-online-kasiinoga-liitumiseks\\\/#breadcrumb\"},\"inLanguage\":\"et\",\"potentialAction\":[{\"@type\":\"ReadAction\",\"target\":[\"https:\\\/\\\/gambling6.com\\\/et\\\/kasiino\\\/viis-peamist-pohjust-online-kasiinoga-liitumiseks\\\/\"]}]},{\"@type\":\"ImageObject\",\"inLanguage\":\"et\",\"@id\":\"https:\\\/\\\/gambling6.com\\\/et\\\/kasiino\\\/viis-peamist-pohjust-online-kasiinoga-liitumiseks\\\/#primaryimage\",\"url\":\"https:\\\/\\\/gambling6.com\\\/wp-content\\\/uploads\\\/2013\\\/12\\\/classic-casino-games-300x179.jpg\",\"contentUrl\":\"https:\\\/\\\/gambling6.com\\\/wp-content\\\/uploads\\\/2013\\\/12\\\/classic-casino-games-300x179.jpg\"},{\"@type\":\"BreadcrumbList\",\"@id\":\"https:\\\/\\\/gambling6.com\\\/et\\\/kasiino\\\/viis-peamist-pohjust-online-kasiinoga-liitumiseks\\\/#breadcrumb\",\"itemListElement\":[{\"@type\":\"ListItem\",\"position\":1,\"name\":\"Home\",\"item\":\"https:\\\/\\\/gambling6.com\\\/et\\\/home\\\/\"},{\"@type\":\"ListItem\",\"position\":2,\"name\":\"Kasiino\",\"item\":\"https:\\\/\\\/gambling6.com\\\/et\\\/get-started-with-online-gambling\\\/\"},{\"@type\":\"ListItem\",\"position\":3,\"name\":\"Viis peamist p\u00f5hjust online-kasiinoga liitumiseks\"}]},{\"@type\":\"WebSite\",\"@id\":\"https:\\\/\\\/gambling6.com\\\/et\\\/#website\",\"url\":\"https:\\\/\\\/gambling6.com\\\/et\\\/\",\"name\":\"Gambling6\",\"description\":\"\",\"potentialAction\":[{\"@type\":\"SearchAction\",\"target\":{\"@type\":\"EntryPoint\",\"urlTemplate\":\"https:\\\/\\\/gambling6.com\\\/et\\\/?s={search_term_string}\"},\"query-input\":{\"@type\":\"PropertyValueSpecification\",\"valueRequired\":true,\"valueName\":\"search_term_string\"}}],\"inLanguage\":\"et\"}]}<\/script>\n<!-- \/ Yoast SEO plugin. -->","yoast_head_json":{"title":"P\u00f5hjused online-kasiinoga liitumiseks","description":"Veebikasiinodel on pakkuda palju m\u00e4ngijatele, kes otsivad suurep\u00e4rast ajaveetmist ja palju v\u00f5imalusi v\u00f5itudega p\u00e4\u00e4seda.","robots":{"index":"index","follow":"follow","max-snippet":"max-snippet:-1","max-image-preview":"max-image-preview:large","max-video-preview":"max-video-preview:-1"},"canonical":"https:\/\/gambling6.com\/et\/kasiino\/viis-peamist-pohjust-online-kasiinoga-liitumiseks\/","og_locale":"et_EE","og_type":"article","og_title":"P\u00f5hjused online-kasiinoga liitumiseks","og_description":"Veebikasiinodel on pakkuda palju m\u00e4ngijatele, kes otsivad suurep\u00e4rast ajaveetmist ja palju v\u00f5imalusi v\u00f5itudega p\u00e4\u00e4seda.","og_url":"https:\/\/gambling6.com\/et\/kasiino\/viis-peamist-pohjust-online-kasiinoga-liitumiseks\/","og_site_name":"Gambling6","article_modified_time":"2025-11-12T16:27:07+00:00","og_image":[{"width":612,"height":366,"url":"https:\/\/gambling6.com\/wp-content\/uploads\/2013\/12\/classic-casino-games.jpg","type":"image\/jpeg"}],"twitter_card":"summary_large_image","twitter_misc":{"Est. reading time":"2 minutit"},"schema":{"@context":"https:\/\/schema.org","@graph":[{"@type":"WebPage","@id":"https:\/\/gambling6.com\/et\/kasiino\/viis-peamist-pohjust-online-kasiinoga-liitumiseks\/","url":"https:\/\/gambling6.com\/et\/kasiino\/viis-peamist-pohjust-online-kasiinoga-liitumiseks\/","name":"P\u00f5hjused online-kasiinoga liitumiseks","isPartOf":{"@id":"https:\/\/gambling6.com\/et\/#website"},"primaryImageOfPage":{"@id":"https:\/\/gambling6.com\/et\/kasiino\/viis-peamist-pohjust-online-kasiinoga-liitumiseks\/#primaryimage"},"image":{"@id":"https:\/\/gambling6.com\/et\/kasiino\/viis-peamist-pohjust-online-kasiinoga-liitumiseks\/#primaryimage"},"thumbnailUrl":"https:\/\/gambling6.com\/wp-content\/uploads\/2013\/12\/classic-casino-games-300x179.jpg","datePublished":"2025-11-07T15:57:16+00:00","dateModified":"2025-11-12T16:27:07+00:00","description":"Veebikasiinodel on pakkuda palju m\u00e4ngijatele, kes otsivad suurep\u00e4rast ajaveetmist ja palju v\u00f5imalusi v\u00f5itudega p\u00e4\u00e4seda.","breadcrumb":{"@id":"https:\/\/gambling6.com\/et\/kasiino\/viis-peamist-pohjust-online-kasiinoga-liitumiseks\/#breadcrumb"},"inLanguage":"et","potentialAction":[{"@type":"ReadAction","target":["https:\/\/gambling6.com\/et\/kasiino\/viis-peamist-pohjust-online-kasiinoga-liitumiseks\/"]}]},{"@type":"ImageObject","inLanguage":"et","@id":"https:\/\/gambling6.com\/et\/kasiino\/viis-peamist-pohjust-online-kasiinoga-liitumiseks\/#primaryimage","url":"https:\/\/gambling6.com\/wp-content\/uploads\/2013\/12\/classic-casino-games-300x179.jpg","contentUrl":"https:\/\/gambling6.com\/wp-content\/uploads\/2013\/12\/classic-casino-games-300x179.jpg"},{"@type":"BreadcrumbList","@id":"https:\/\/gambling6.com\/et\/kasiino\/viis-peamist-pohjust-online-kasiinoga-liitumiseks\/#breadcrumb","itemListElement":[{"@type":"ListItem","position":1,"name":"Home","item":"https:\/\/gambling6.com\/et\/home\/"},{"@type":"ListItem","position":2,"name":"Kasiino","item":"https:\/\/gambling6.com\/et\/get-started-with-online-gambling\/"},{"@type":"ListItem","position":3,"name":"Viis peamist p\u00f5hjust online-kasiinoga liitumiseks"}]},{"@type":"WebSite","@id":"https:\/\/gambling6.com\/et\/#website","url":"https:\/\/gambling6.com\/et\/","name":"Gambling6","description":"","potentialAction":[{"@type":"SearchAction","target":{"@type":"EntryPoint","urlTemplate":"https:\/\/gambling6.com\/et\/?s={search_term_string}"},"query-input":{"@type":"PropertyValueSpecification","valueRequired":true,"valueName":"search_term_string"}}],"inLanguage":"et"}]}},"_links":{"self":[{"href":"https:\/\/gambling6.com\/et\/wp-json\/wp\/v2\/pages\/8394","targetHints":{"allow":["GET"]}}],"collection":[{"href":"https:\/\/gambling6.com\/et\/wp-json\/wp\/v2\/pages"}],"about":[{"href":"https:\/\/gambling6.com\/et\/wp-json\/wp\/v2\/types\/page"}],"author":[{"embeddable":true,"href":"https:\/\/gambling6.com\/et\/wp-json\/wp\/v2\/users\/1"}],"replies":[{"embeddable":true,"href":"https:\/\/gambling6.com\/et\/wp-json\/wp\/v2\/comments?post=8394"}],"version-history":[{"count":3,"href":"https:\/\/gambling6.com\/et\/wp-json\/wp\/v2\/pages\/8394\/revisions"}],"predecessor-version":[{"id":10675,"href":"https:\/\/gambling6.com\/et\/wp-json\/wp\/v2\/pages\/8394\/revisions\/10675"}],"up":[{"embeddable":true,"href":"https:\/\/gambling6.com\/et\/wp-json\/wp\/v2\/pages\/8284"}],"wp:attachment":[{"href":"https:\/\/gambling6.com\/et\/wp-json\/wp\/v2\/media?parent=8394"}],"curies":[{"name":"wp","href":"https:\/\/api.w.org\/{rel}","templated":true}]}}