{"id":8426,"date":"2025-11-07T17:17:15","date_gmt":"2025-11-07T17:17:15","guid":{"rendered":"https:\/\/gambling6.com\/napunaited-parimate-bingo-veebisaitide-kohta\/"},"modified":"2025-11-12T12:03:58","modified_gmt":"2025-11-12T12:03:58","slug":"napunaited-parimate-bingo-veebisaitide-kohta","status":"publish","type":"page","link":"https:\/\/gambling6.com\/et\/bingo\/napunaited-parimate-bingo-veebisaitide-kohta\/","title":{"rendered":"N\u00e4pun\u00e4ited parimate bingo veebisaitide kohta"},"content":{"rendered":"<h2>Bingo veebisaidi valimine<\/h2>\n<p>Bingo on p\u00f5nev m\u00e4ng, mis n\u00f5uab palju v\u00e4hem oskusi kui sellised m\u00e4ngud nagu blackjack v\u00f5i pokker. M\u00e4ng k\u00f6idab paljusid inimesi oma lihtsusega. See ei n\u00f5ua keeruliste reeglite v\u00f5i strateegiate \u00f5ppimist. Lisaks on bingokaartide m\u00e4ngimine odavam. Paljud saidid pakuvad seda m\u00e4ngu veebis. Saate liituda \u00fchega neist ja m\u00e4ngida m\u00e4ngu isegi minimaalse rahasumma eest.<img loading=\"lazy\" decoding=\"async\" class=\" alignright size-full wp-image-213\" style=\"margin: 5px; float: right;\" src=\"http:\/\/gambling6.com\/wp-content\/uploads\/2013\/12\/img_110.png\" alt=\"vali parim bingo veebisait\" width=\"288\" height=\"175\" \/><\/p>\n<p>Nii paljude bingo saitide puhul<strong>v\u00f5ib parima online-bingo veebisaidi leidmine olla \u00fcsna keeruline<\/strong>. Seet\u00f5ttu on soovitatav kaaluda olulisi tegureid ja otsustada, kas sait sobib teile ideaalselt.<\/p>\n<ul>\n<li><strong>Maine ja kogemus<\/strong><\/li>\n<\/ul>\n<p>Veenduge, et valite bingoveebisaidi, mis on selles valdkonnas tegutsenud pikka aega ja millel on tugev maine hea m\u00e4ngukogemuse pakkumisel. Seda saate kontrollida professionaalide ja p\u00e4ris m\u00e4ngijate arvustuste lugemise teel. Paljude m\u00e4ngijatega bingoveebisait v\u00f5ib olla usaldusv\u00e4\u00e4rne, kuna m\u00e4ngijad ei taha j\u00e4\u00e4da saidile, mis ei paku nauditavat m\u00e4ngukogemust.<\/p>\n<p><a href=\"https:\/\/record.revenueplanet.com\/_BoBybWC_aAPUOsjNOfgKefwM06wa-Rwt\/1\/\" target=\"_new\"><img loading=\"lazy\" decoding=\"async\" class=\"aligncenter\" style=\"border: none;\" src=\"https:\/\/media.revenueplanet.com\/uploads\/nbb-468x60-nov-generic.gif\" alt=\"BingoBilly Free Bingo\" width=\"686\" height=\"88\" \/><\/a><\/p>\n<ul>\n<li><strong>Pakutavad m\u00e4ngud<\/strong><\/li>\n<\/ul>\n<p>Valitud sait peab pakkuma laia valikut m\u00e4nge. <strong>Bingo<\/strong> on saadaval erinevates vormides. 90-palli, 80-palli, 75-palli, mini, quickie, coverall, bonanza ja pattern on m\u00f5ned m\u00e4ngu populaarsed variatsioonid. Saidi valimine, mis pakub k\u00f5iki neid variatsioone, aitab teil m\u00e4nge nautida ilma igavust tundmata.<\/p>\n<ul>\n<li><strong>Boonus<\/strong><\/li>\n<\/ul>\n<p>Kuigi pole soovitatav otsustada m\u00e4nguveebisaidi pakutava boonuse p\u00f5hjal, ei ole suurima boonusega sait tingimata teie jaoks parim bingoveebisait. Kasulikud funktsioonid ja lai valik m\u00e4nge on kindlasti olulisemad aspektid. Enamik bingosaite pakub tervitusboonust. Kui teete oma esimese sissemakse, kantakse tervitusboonuse summa automaatselt teie kontole. Saate seda boonust kasutada rohkem m\u00e4ngimiseks. Lugege kindlasti boonusega seotud tingimusi. Tavaliselt tuleks boonust kasutada \u00fche kuu jooksul.<\/p>\n<ul>\n<li><strong>Sisse- ja v\u00e4ljamaksemeetodid<\/strong><\/li>\n<\/ul>\n<p>Parim bingosaidi pakub erinevaid sissemaksemeetodeid, et saaksite valida endale k\u00f5ige mugavama. Samuti pakub see mitmesuguseid v\u00f5imalusi oma v\u00f5itude v\u00e4ljav\u00f5tmiseks. Nad teevad konto loomise lihtsaks. Saate h\u00f5lpsalt t\u00e4ita nende veebip\u00f5hise registreerimise ja pangarekvisiidid.<\/p>\n<ul>\n<li><strong>Klienditeenindus<\/strong><\/li>\n<\/ul>\n<p>Saate kontrollida, kas m\u00e4ngusait pakub parimat klienditeenindust. Parimal saidil on h\u00e4sti koolitatud kliendimeeskond, kes vastab teie k\u00fcsimustele ja lahendab teie probleemid kiiresti. Olenemata sellest, kas j\u00e4\u00e4te konto avamise protsessiga h\u00e4tta v\u00f5i leiate probleeme v\u00f5itude v\u00e4ljav\u00f5tmisega, saate nende abi igal ajal. Nad pakuvad teie murede professionaalseks lahendamiseks reaalajas vestluse, telefoni ja e-posti tuge.<\/p>\n<p>K\u00f5igi nende asjade arvessev\u00f5tmine aitab teil valida fantastilise online-bingo saidi. Meile isiklikult meeldib Bingo Billy. Isegi kui elate USA-s, <span style=\"box-sizing: border-box; margin: 0px; padding: 0px;\">saate ikkagi <a class=\"thirstylink\" title=\"Bingo Billy en\" href=\"https:\/\/gambling6.com\/go\/bingobilly-en\/\" target=\"_blank\" rel=\"nofollow noopener\">Bingo Billyl m\u00e4ngida \u2013<\/a><\/span>j\u00e4rgige seda linki nende veebisaidile.<\/p>\n","protected":false},"excerpt":{"rendered":"<p>Bingo veebisaidi valimine Bingo on p\u00f5nev m\u00e4ng, mis n\u00f5uab palju v\u00e4hem oskusi kui sellised m\u00e4ngud nagu blackjack v\u00f5i pokker. M\u00e4ng k\u00f6idab paljusid inimesi oma lihtsusega. See ei n\u00f5ua keeruliste reeglite v\u00f5i strateegiate \u00f5ppimist. Lisaks on bingokaartide m\u00e4ngimine odavam. Paljud saidid pakuvad seda m\u00e4ngu veebis. Saate liituda \u00fchega neist ja m\u00e4ngida m\u00e4ngu isegi minimaalse rahasumma eest. [&hellip;]<\/p>\n","protected":false},"author":1,"featured_media":8428,"parent":8492,"menu_order":5,"comment_status":"closed","ping_status":"closed","template":"","meta":{"footnotes":""},"class_list":["post-8426","page","type-page","status-publish","has-post-thumbnail","hentry"],"yoast_head":"<!-- This site is optimized with the Yoast SEO plugin v27.4 - https:\/\/yoast.com\/product\/yoast-seo-wordpress\/ -->\n<title>Bingo n\u00e4pun\u00e4ited \u2013 millised on parimad bingo veebisaidid?<\/title>\n<meta name=\"description\" content=\"Parima bingoveebisaidi valimine on oluline \u2013 aga millise saidi peaksite valima? Leia vastused siit\" \/>\n<meta name=\"robots\" content=\"index, follow, max-snippet:-1, max-image-preview:large, max-video-preview:-1\" \/>\n<link rel=\"canonical\" href=\"https:\/\/gambling6.com\/et\/bingo\/napunaited-parimate-bingo-veebisaitide-kohta\/\" \/>\n<meta property=\"og:locale\" content=\"et_EE\" \/>\n<meta property=\"og:type\" content=\"article\" \/>\n<meta property=\"og:title\" content=\"Bingo n\u00e4pun\u00e4ited \u2013 millised on parimad bingo veebisaidid?\" \/>\n<meta property=\"og:description\" content=\"Parima bingoveebisaidi valimine on oluline \u2013 aga millise saidi peaksite valima? Leia vastused siit\" \/>\n<meta property=\"og:url\" content=\"https:\/\/gambling6.com\/et\/bingo\/napunaited-parimate-bingo-veebisaitide-kohta\/\" \/>\n<meta property=\"og:site_name\" content=\"Gambling6\" \/>\n<meta property=\"article:modified_time\" content=\"2025-11-12T12:03:58+00:00\" \/>\n<meta property=\"og:image\" content=\"https:\/\/gambling6.com\/wp-content\/uploads\/2013\/12\/img_110.png\" \/>\n\t<meta property=\"og:image:width\" content=\"288\" \/>\n\t<meta property=\"og:image:height\" content=\"175\" \/>\n\t<meta property=\"og:image:type\" content=\"image\/png\" \/>\n<meta name=\"twitter:card\" content=\"summary_large_image\" \/>\n<meta name=\"twitter:label1\" content=\"Est. reading time\" \/>\n\t<meta name=\"twitter:data1\" content=\"2 minutit\" \/>\n<script type=\"application\/ld+json\" class=\"yoast-schema-graph\">{\"@context\":\"https:\\\/\\\/schema.org\",\"@graph\":[{\"@type\":\"WebPage\",\"@id\":\"https:\\\/\\\/gambling6.com\\\/et\\\/bingo\\\/napunaited-parimate-bingo-veebisaitide-kohta\\\/\",\"url\":\"https:\\\/\\\/gambling6.com\\\/et\\\/bingo\\\/napunaited-parimate-bingo-veebisaitide-kohta\\\/\",\"name\":\"Bingo n\u00e4pun\u00e4ited \u2013 millised on parimad bingo veebisaidid?\",\"isPartOf\":{\"@id\":\"https:\\\/\\\/gambling6.com\\\/et\\\/#website\"},\"primaryImageOfPage\":{\"@id\":\"https:\\\/\\\/gambling6.com\\\/et\\\/bingo\\\/napunaited-parimate-bingo-veebisaitide-kohta\\\/#primaryimage\"},\"image\":{\"@id\":\"https:\\\/\\\/gambling6.com\\\/et\\\/bingo\\\/napunaited-parimate-bingo-veebisaitide-kohta\\\/#primaryimage\"},\"thumbnailUrl\":\"https:\\\/\\\/gambling6.com\\\/wp-content\\\/uploads\\\/2013\\\/12\\\/img_110.png\",\"datePublished\":\"2025-11-07T17:17:15+00:00\",\"dateModified\":\"2025-11-12T12:03:58+00:00\",\"description\":\"Parima bingoveebisaidi valimine on oluline \u2013 aga millise saidi peaksite valima? Leia vastused siit\",\"breadcrumb\":{\"@id\":\"https:\\\/\\\/gambling6.com\\\/et\\\/bingo\\\/napunaited-parimate-bingo-veebisaitide-kohta\\\/#breadcrumb\"},\"inLanguage\":\"et\",\"potentialAction\":[{\"@type\":\"ReadAction\",\"target\":[\"https:\\\/\\\/gambling6.com\\\/et\\\/bingo\\\/napunaited-parimate-bingo-veebisaitide-kohta\\\/\"]}]},{\"@type\":\"ImageObject\",\"inLanguage\":\"et\",\"@id\":\"https:\\\/\\\/gambling6.com\\\/et\\\/bingo\\\/napunaited-parimate-bingo-veebisaitide-kohta\\\/#primaryimage\",\"url\":\"https:\\\/\\\/gambling6.com\\\/wp-content\\\/uploads\\\/2013\\\/12\\\/img_110.png\",\"contentUrl\":\"https:\\\/\\\/gambling6.com\\\/wp-content\\\/uploads\\\/2013\\\/12\\\/img_110.png\",\"width\":288,\"height\":175,\"caption\":\"choose best bingo website\"},{\"@type\":\"BreadcrumbList\",\"@id\":\"https:\\\/\\\/gambling6.com\\\/et\\\/bingo\\\/napunaited-parimate-bingo-veebisaitide-kohta\\\/#breadcrumb\",\"itemListElement\":[{\"@type\":\"ListItem\",\"position\":1,\"name\":\"Home\",\"item\":\"https:\\\/\\\/gambling6.com\\\/et\\\/home\\\/\"},{\"@type\":\"ListItem\",\"position\":2,\"name\":\"Bingo\",\"item\":\"https:\\\/\\\/gambling6.com\\\/et\\\/all-about-bingo\\\/\"},{\"@type\":\"ListItem\",\"position\":3,\"name\":\"N\u00e4pun\u00e4ited parimate bingo veebisaitide kohta\"}]},{\"@type\":\"WebSite\",\"@id\":\"https:\\\/\\\/gambling6.com\\\/et\\\/#website\",\"url\":\"https:\\\/\\\/gambling6.com\\\/et\\\/\",\"name\":\"Gambling6\",\"description\":\"\",\"potentialAction\":[{\"@type\":\"SearchAction\",\"target\":{\"@type\":\"EntryPoint\",\"urlTemplate\":\"https:\\\/\\\/gambling6.com\\\/et\\\/?s={search_term_string}\"},\"query-input\":{\"@type\":\"PropertyValueSpecification\",\"valueRequired\":true,\"valueName\":\"search_term_string\"}}],\"inLanguage\":\"et\"}]}<\/script>\n<!-- \/ Yoast SEO plugin. -->","yoast_head_json":{"title":"Bingo n\u00e4pun\u00e4ited \u2013 millised on parimad bingo veebisaidid?","description":"Parima bingoveebisaidi valimine on oluline \u2013 aga millise saidi peaksite valima? Leia vastused siit","robots":{"index":"index","follow":"follow","max-snippet":"max-snippet:-1","max-image-preview":"max-image-preview:large","max-video-preview":"max-video-preview:-1"},"canonical":"https:\/\/gambling6.com\/et\/bingo\/napunaited-parimate-bingo-veebisaitide-kohta\/","og_locale":"et_EE","og_type":"article","og_title":"Bingo n\u00e4pun\u00e4ited \u2013 millised on parimad bingo veebisaidid?","og_description":"Parima bingoveebisaidi valimine on oluline \u2013 aga millise saidi peaksite valima? Leia vastused siit","og_url":"https:\/\/gambling6.com\/et\/bingo\/napunaited-parimate-bingo-veebisaitide-kohta\/","og_site_name":"Gambling6","article_modified_time":"2025-11-12T12:03:58+00:00","og_image":[{"width":288,"height":175,"url":"https:\/\/gambling6.com\/wp-content\/uploads\/2013\/12\/img_110.png","type":"image\/png"}],"twitter_card":"summary_large_image","twitter_misc":{"Est. reading time":"2 minutit"},"schema":{"@context":"https:\/\/schema.org","@graph":[{"@type":"WebPage","@id":"https:\/\/gambling6.com\/et\/bingo\/napunaited-parimate-bingo-veebisaitide-kohta\/","url":"https:\/\/gambling6.com\/et\/bingo\/napunaited-parimate-bingo-veebisaitide-kohta\/","name":"Bingo n\u00e4pun\u00e4ited \u2013 millised on parimad bingo veebisaidid?","isPartOf":{"@id":"https:\/\/gambling6.com\/et\/#website"},"primaryImageOfPage":{"@id":"https:\/\/gambling6.com\/et\/bingo\/napunaited-parimate-bingo-veebisaitide-kohta\/#primaryimage"},"image":{"@id":"https:\/\/gambling6.com\/et\/bingo\/napunaited-parimate-bingo-veebisaitide-kohta\/#primaryimage"},"thumbnailUrl":"https:\/\/gambling6.com\/wp-content\/uploads\/2013\/12\/img_110.png","datePublished":"2025-11-07T17:17:15+00:00","dateModified":"2025-11-12T12:03:58+00:00","description":"Parima bingoveebisaidi valimine on oluline \u2013 aga millise saidi peaksite valima? Leia vastused siit","breadcrumb":{"@id":"https:\/\/gambling6.com\/et\/bingo\/napunaited-parimate-bingo-veebisaitide-kohta\/#breadcrumb"},"inLanguage":"et","potentialAction":[{"@type":"ReadAction","target":["https:\/\/gambling6.com\/et\/bingo\/napunaited-parimate-bingo-veebisaitide-kohta\/"]}]},{"@type":"ImageObject","inLanguage":"et","@id":"https:\/\/gambling6.com\/et\/bingo\/napunaited-parimate-bingo-veebisaitide-kohta\/#primaryimage","url":"https:\/\/gambling6.com\/wp-content\/uploads\/2013\/12\/img_110.png","contentUrl":"https:\/\/gambling6.com\/wp-content\/uploads\/2013\/12\/img_110.png","width":288,"height":175,"caption":"choose best bingo website"},{"@type":"BreadcrumbList","@id":"https:\/\/gambling6.com\/et\/bingo\/napunaited-parimate-bingo-veebisaitide-kohta\/#breadcrumb","itemListElement":[{"@type":"ListItem","position":1,"name":"Home","item":"https:\/\/gambling6.com\/et\/home\/"},{"@type":"ListItem","position":2,"name":"Bingo","item":"https:\/\/gambling6.com\/et\/all-about-bingo\/"},{"@type":"ListItem","position":3,"name":"N\u00e4pun\u00e4ited parimate bingo veebisaitide kohta"}]},{"@type":"WebSite","@id":"https:\/\/gambling6.com\/et\/#website","url":"https:\/\/gambling6.com\/et\/","name":"Gambling6","description":"","potentialAction":[{"@type":"SearchAction","target":{"@type":"EntryPoint","urlTemplate":"https:\/\/gambling6.com\/et\/?s={search_term_string}"},"query-input":{"@type":"PropertyValueSpecification","valueRequired":true,"valueName":"search_term_string"}}],"inLanguage":"et"}]}},"_links":{"self":[{"href":"https:\/\/gambling6.com\/et\/wp-json\/wp\/v2\/pages\/8426","targetHints":{"allow":["GET"]}}],"collection":[{"href":"https:\/\/gambling6.com\/et\/wp-json\/wp\/v2\/pages"}],"about":[{"href":"https:\/\/gambling6.com\/et\/wp-json\/wp\/v2\/types\/page"}],"author":[{"embeddable":true,"href":"https:\/\/gambling6.com\/et\/wp-json\/wp\/v2\/users\/1"}],"replies":[{"embeddable":true,"href":"https:\/\/gambling6.com\/et\/wp-json\/wp\/v2\/comments?post=8426"}],"version-history":[{"count":2,"href":"https:\/\/gambling6.com\/et\/wp-json\/wp\/v2\/pages\/8426\/revisions"}],"predecessor-version":[{"id":10616,"href":"https:\/\/gambling6.com\/et\/wp-json\/wp\/v2\/pages\/8426\/revisions\/10616"}],"up":[{"embeddable":true,"href":"https:\/\/gambling6.com\/et\/wp-json\/wp\/v2\/pages\/8492"}],"wp:featuredmedia":[{"embeddable":true,"href":"https:\/\/gambling6.com\/et\/wp-json\/wp\/v2\/media\/8428"}],"wp:attachment":[{"href":"https:\/\/gambling6.com\/et\/wp-json\/wp\/v2\/media?parent=8426"}],"curies":[{"name":"wp","href":"https:\/\/api.w.org\/{rel}","templated":true}]}}