{"id":8492,"date":"2025-11-07T18:58:13","date_gmt":"2025-11-07T18:58:13","guid":{"rendered":"https:\/\/gambling6.com\/bingo\/"},"modified":"2025-11-12T11:44:16","modified_gmt":"2025-11-12T11:44:16","slug":"bingo","status":"publish","type":"page","link":"https:\/\/gambling6.com\/et\/bingo\/","title":{"rendered":"Bingo"},"content":{"rendered":"<h2>Bingo p\u00f5hiteave<\/h2>\n<p><a href=\"https:\/\/record.revenueplanet.com\/_BoBybWC_aAMWqcfzuvZcQMni_MQzyHn0\/1\/\" target=\"_new\"><img loading=\"lazy\" decoding=\"async\" class=\"alignright\" style=\"border: none;\" src=\"https:\/\/media.revenueplanet.com\/uploads\/nbb-120x600-oct-free.gif\" alt=\"BingoBilly tasuta bingo\" width=\"120\" height=\"600\" \/><\/a>Bingo on suunatud nii noortele kui ka eakatele inimestele. Selle m\u00e4ngu p\u00e4ritolu on 16. sajandi Itaalias, kus seda m\u00e4ngiti nime all &#8220;Il Giuoco del Lotto d&#8217;Italia&#8221; ja levis seej\u00e4rel \u00fcle kogu Euroopa. Bingo on seltskondlik m\u00e4ng, kus oluline on: ajaline reaktsioon, m\u00e4ngu tajumine ja viimaseks, aga mitte v\u00e4hem t\u00e4htsaks, ka \u00f5nn. Aja jooksul on inimesed p\u00fc\u00fcdnud leida erinevaid strateegiaid, et v\u00e4lja t\u00f6\u00f6tada t\u00e4psemaid arvutusi oma v\u00f5iduv\u00f5imaluste suurendamiseks. M\u00f5ned neist on eba\u00f5nnestunud ja m\u00f5ned on \u00f5nnestunud. Online-bingo ilmus 1990. aastate keskel ja on sellest ajast alates pidevalt arenenud. Online-bingo eelised erinevalt offline-bingost on j\u00e4rgmised:<\/p>\n<ul>\n<li>Saate m\u00e4ngida otse kodust<\/li>\n<li>K\u00f5ik on lihtne<\/li>\n<li>Nad pakuvad boonuseid ja auhindu<\/li>\n<li>Saate m\u00e4ngida tasuta<\/li>\n<li>Saate m\u00e4ngida igal ajal p\u00e4eval v\u00f5i \u00f6\u00f6sel<\/li>\n<li>Teil on reaalajas online-tugi<\/li>\n<\/ul>\n<p>Algajatele on soovitatav m\u00e4ngida demom\u00e4nge, mis pakuvad neile v\u00f5imalust reeglite ja m\u00e4ngu kiirusega kohaneda. M\u00e4ngustrateegiad ei taga v\u00e4ljamakseid, kuid suurendavad v\u00f5iduv\u00f5imalusi. Samuti on soovitatav m\u00e4ngida ruumis, kus m\u00e4ngijate arv on v\u00e4ike. Kogenumate m\u00e4ngijate jaoks on hea m\u00f5te m\u00e4ngida nii paljude kaartidega kui v\u00f5imalik; See suurendab nende v\u00f5iduv\u00f5imalusi. Bingot m\u00e4ngitakse 30, 75, 80 ja 90 palliga.<\/p>\n<p>Sinu parim valik oleks <a class=\"thirstylink\" title=\"Bingo Billy en\" href=\"https:\/\/gambling6.com\/go\/bingobilly-en\/\" target=\"_blank\" rel=\"nofollow noopener\">Bingo Billy \u2013 kl\u00f5psa siia, et m\u00e4ngida<\/a>, ja saad alustamiseks 30 dollari v\u00e4\u00e4rtuses tasuta bingopileteid! Bingo Billy v\u00f5tab vastu m\u00e4ngijaid kogu maailmast, sealhulgas USA-st.<\/p>\n<h2>Bingom\u00e4ng 30 palliga<\/h2>\n<p>M\u00e4ngija valib kokku 30 palli ja kasutab skaalat 1 kuni 75. Bingoalad koosnevad viiest ruudust koosnevast viiest. P\u00e4rast pileti ostmist peab m\u00e4ngija valima kokku 30 numbrit. Numbrid loositakse ja m\u00e4rgitakse automaatselt piletile. Bingo on l\u00f5ppenud, kui m\u00e4ngijal on viis v\u00f5i kuus loositud numbrit, mis v\u00f5imaldavad tal moodustada vertikaalse, horisontaalse v\u00f5i diagonaalse joone. M\u00e4ng l\u00f5peb, kui 30 palli on loositud. V\u00f5itjaks kuulutatakse m\u00e4ngija, kes saab k\u00f5ige rohkem bingoridu.<\/p>\n<h2>Bingom\u00e4ng 90 palliga<\/h2>\n<p>Kaart koosneb 9 kuni 3 palli suurustest r\u00fchmadest, mis sisaldavad kokku 27 ruutu. Igas reas on 5 numbrit ja 4 t\u00fchja ruutu. Kaardil on kokku 15 numbrit<\/p>\n<h2>Bingom\u00e4ng 80 palliga<\/h2>\n<p>Siin on igal kaardil 16 numbrit, 4 rida ja 4 veergu<\/p>\n<h2>Online bingostrateegiad<\/h2>\n<p>Joseph E. Granville \u00fctles, et ta suudab &#8220;suurendada v\u00f5iduv\u00f5imalusi kuni 50%&#8221;. Ta \u00fctles ka, et t\u00f5eliselt juhuslikult loositud numbritel on j\u00e4rgmine muster: v\u00f5rdne arv numbreid, mis l\u00f5pevad numbritega 1, 2, 3, 4, 5, 6, 7, 8, 9, suured ja v\u00e4ikesed numbrid on tasakaalus koos m\u00e4ngu uuendamisega, v\u00e4ljav\u00f5ttes numbrid, mis l\u00e4henevad numbrile 38, t\u00e4psemalt keskele<\/p>\n<p><strong>N\u00e4ide juhuslikust piletist Joseph E. Granville&#8217;i mustri j\u00e4rgi on<\/strong> 6, 11, 24, 32, 43, 57, 38, 69. Briti statistik L.C.H. Tippet k\u00e4ivitas teooria, mille kohaselt loositakse numbrid t\u00f5en\u00e4osusega, et need on l\u00e4hedal arvule 38. K\u00f5ik see on \u00f6eldud, et teie k\u00e4sutuses on lai valik saite ja v\u00e4ike sissejuhatus bingom\u00e4ngude maailma. Vastavalt oma eelistustele saate otsustada, milline versioon teile parem on. Edu!<\/p>\n","protected":false},"excerpt":{"rendered":"<p>Bingo p\u00f5hiteave Bingo on suunatud nii noortele kui ka eakatele inimestele. Selle m\u00e4ngu p\u00e4ritolu on 16. sajandi Itaalias, kus seda m\u00e4ngiti nime all &#8220;Il Giuoco del Lotto d&#8217;Italia&#8221; ja levis seej\u00e4rel \u00fcle kogu Euroopa. Bingo on seltskondlik m\u00e4ng, kus oluline on: ajaline reaktsioon, m\u00e4ngu tajumine ja viimaseks, aga mitte v\u00e4hem t\u00e4htsaks, ka \u00f5nn. Aja jooksul [&hellip;]<\/p>\n","protected":false},"author":1,"featured_media":0,"parent":0,"menu_order":6,"comment_status":"closed","ping_status":"closed","template":"","meta":{"footnotes":""},"class_list":["post-8492","page","type-page","status-publish","hentry"],"yoast_head":"<!-- This site is optimized with the Yoast SEO plugin v27.3 - https:\/\/yoast.com\/product\/yoast-seo-wordpress\/ -->\n<title>Bingo p\u00f5hiteave<\/title>\n<meta name=\"description\" content=\"K\u00f5ik online-bingo kohta ja parimad saidid online-bingo m\u00e4ngimiseks\" \/>\n<meta name=\"robots\" content=\"index, follow, max-snippet:-1, max-image-preview:large, max-video-preview:-1\" \/>\n<link rel=\"canonical\" href=\"https:\/\/gambling6.com\/et\/bingo\/\" \/>\n<meta property=\"og:locale\" content=\"et_EE\" \/>\n<meta property=\"og:type\" content=\"article\" \/>\n<meta property=\"og:title\" content=\"Bingo p\u00f5hiteave\" \/>\n<meta property=\"og:description\" content=\"K\u00f5ik online-bingo kohta ja parimad saidid online-bingo m\u00e4ngimiseks\" \/>\n<meta property=\"og:url\" content=\"https:\/\/gambling6.com\/et\/bingo\/\" \/>\n<meta property=\"og:site_name\" content=\"Gambling6\" \/>\n<meta property=\"article:modified_time\" content=\"2025-11-12T11:44:16+00:00\" \/>\n<meta property=\"og:image\" content=\"https:\/\/media.revenueplanet.com\/uploads\/nbb-120x600-oct-free.gif\" \/>\n<meta name=\"twitter:card\" content=\"summary_large_image\" \/>\n<meta name=\"twitter:label1\" content=\"Est. reading time\" \/>\n\t<meta name=\"twitter:data1\" content=\"2 minutit\" \/>\n<script type=\"application\/ld+json\" class=\"yoast-schema-graph\">{\"@context\":\"https:\\\/\\\/schema.org\",\"@graph\":[{\"@type\":\"WebPage\",\"@id\":\"https:\\\/\\\/gambling6.com\\\/et\\\/bingo\\\/\",\"url\":\"https:\\\/\\\/gambling6.com\\\/et\\\/bingo\\\/\",\"name\":\"Bingo p\u00f5hiteave\",\"isPartOf\":{\"@id\":\"https:\\\/\\\/gambling6.com\\\/et\\\/#website\"},\"primaryImageOfPage\":{\"@id\":\"https:\\\/\\\/gambling6.com\\\/et\\\/bingo\\\/#primaryimage\"},\"image\":{\"@id\":\"https:\\\/\\\/gambling6.com\\\/et\\\/bingo\\\/#primaryimage\"},\"thumbnailUrl\":\"https:\\\/\\\/media.revenueplanet.com\\\/uploads\\\/nbb-120x600-oct-free.gif\",\"datePublished\":\"2025-11-07T18:58:13+00:00\",\"dateModified\":\"2025-11-12T11:44:16+00:00\",\"description\":\"K\u00f5ik online-bingo kohta ja parimad saidid online-bingo m\u00e4ngimiseks\",\"breadcrumb\":{\"@id\":\"https:\\\/\\\/gambling6.com\\\/et\\\/bingo\\\/#breadcrumb\"},\"inLanguage\":\"et\",\"potentialAction\":[{\"@type\":\"ReadAction\",\"target\":[\"https:\\\/\\\/gambling6.com\\\/et\\\/bingo\\\/\"]}]},{\"@type\":\"ImageObject\",\"inLanguage\":\"et\",\"@id\":\"https:\\\/\\\/gambling6.com\\\/et\\\/bingo\\\/#primaryimage\",\"url\":\"https:\\\/\\\/media.revenueplanet.com\\\/uploads\\\/nbb-120x600-oct-free.gif\",\"contentUrl\":\"https:\\\/\\\/media.revenueplanet.com\\\/uploads\\\/nbb-120x600-oct-free.gif\"},{\"@type\":\"BreadcrumbList\",\"@id\":\"https:\\\/\\\/gambling6.com\\\/et\\\/bingo\\\/#breadcrumb\",\"itemListElement\":[{\"@type\":\"ListItem\",\"position\":1,\"name\":\"Home\",\"item\":\"https:\\\/\\\/gambling6.com\\\/et\\\/home\\\/\"},{\"@type\":\"ListItem\",\"position\":2,\"name\":\"Bingo\"}]},{\"@type\":\"WebSite\",\"@id\":\"https:\\\/\\\/gambling6.com\\\/et\\\/#website\",\"url\":\"https:\\\/\\\/gambling6.com\\\/et\\\/\",\"name\":\"Gambling6\",\"description\":\"\",\"potentialAction\":[{\"@type\":\"SearchAction\",\"target\":{\"@type\":\"EntryPoint\",\"urlTemplate\":\"https:\\\/\\\/gambling6.com\\\/et\\\/?s={search_term_string}\"},\"query-input\":{\"@type\":\"PropertyValueSpecification\",\"valueRequired\":true,\"valueName\":\"search_term_string\"}}],\"inLanguage\":\"et\"}]}<\/script>\n<!-- \/ Yoast SEO plugin. -->","yoast_head_json":{"title":"Bingo p\u00f5hiteave","description":"K\u00f5ik online-bingo kohta ja parimad saidid online-bingo m\u00e4ngimiseks","robots":{"index":"index","follow":"follow","max-snippet":"max-snippet:-1","max-image-preview":"max-image-preview:large","max-video-preview":"max-video-preview:-1"},"canonical":"https:\/\/gambling6.com\/et\/bingo\/","og_locale":"et_EE","og_type":"article","og_title":"Bingo p\u00f5hiteave","og_description":"K\u00f5ik online-bingo kohta ja parimad saidid online-bingo m\u00e4ngimiseks","og_url":"https:\/\/gambling6.com\/et\/bingo\/","og_site_name":"Gambling6","article_modified_time":"2025-11-12T11:44:16+00:00","og_image":[{"url":"https:\/\/media.revenueplanet.com\/uploads\/nbb-120x600-oct-free.gif","type":"","width":"","height":""}],"twitter_card":"summary_large_image","twitter_misc":{"Est. reading time":"2 minutit"},"schema":{"@context":"https:\/\/schema.org","@graph":[{"@type":"WebPage","@id":"https:\/\/gambling6.com\/et\/bingo\/","url":"https:\/\/gambling6.com\/et\/bingo\/","name":"Bingo p\u00f5hiteave","isPartOf":{"@id":"https:\/\/gambling6.com\/et\/#website"},"primaryImageOfPage":{"@id":"https:\/\/gambling6.com\/et\/bingo\/#primaryimage"},"image":{"@id":"https:\/\/gambling6.com\/et\/bingo\/#primaryimage"},"thumbnailUrl":"https:\/\/media.revenueplanet.com\/uploads\/nbb-120x600-oct-free.gif","datePublished":"2025-11-07T18:58:13+00:00","dateModified":"2025-11-12T11:44:16+00:00","description":"K\u00f5ik online-bingo kohta ja parimad saidid online-bingo m\u00e4ngimiseks","breadcrumb":{"@id":"https:\/\/gambling6.com\/et\/bingo\/#breadcrumb"},"inLanguage":"et","potentialAction":[{"@type":"ReadAction","target":["https:\/\/gambling6.com\/et\/bingo\/"]}]},{"@type":"ImageObject","inLanguage":"et","@id":"https:\/\/gambling6.com\/et\/bingo\/#primaryimage","url":"https:\/\/media.revenueplanet.com\/uploads\/nbb-120x600-oct-free.gif","contentUrl":"https:\/\/media.revenueplanet.com\/uploads\/nbb-120x600-oct-free.gif"},{"@type":"BreadcrumbList","@id":"https:\/\/gambling6.com\/et\/bingo\/#breadcrumb","itemListElement":[{"@type":"ListItem","position":1,"name":"Home","item":"https:\/\/gambling6.com\/et\/home\/"},{"@type":"ListItem","position":2,"name":"Bingo"}]},{"@type":"WebSite","@id":"https:\/\/gambling6.com\/et\/#website","url":"https:\/\/gambling6.com\/et\/","name":"Gambling6","description":"","potentialAction":[{"@type":"SearchAction","target":{"@type":"EntryPoint","urlTemplate":"https:\/\/gambling6.com\/et\/?s={search_term_string}"},"query-input":{"@type":"PropertyValueSpecification","valueRequired":true,"valueName":"search_term_string"}}],"inLanguage":"et"}]}},"_links":{"self":[{"href":"https:\/\/gambling6.com\/et\/wp-json\/wp\/v2\/pages\/8492","targetHints":{"allow":["GET"]}}],"collection":[{"href":"https:\/\/gambling6.com\/et\/wp-json\/wp\/v2\/pages"}],"about":[{"href":"https:\/\/gambling6.com\/et\/wp-json\/wp\/v2\/types\/page"}],"author":[{"embeddable":true,"href":"https:\/\/gambling6.com\/et\/wp-json\/wp\/v2\/users\/1"}],"replies":[{"embeddable":true,"href":"https:\/\/gambling6.com\/et\/wp-json\/wp\/v2\/comments?post=8492"}],"version-history":[{"count":1,"href":"https:\/\/gambling6.com\/et\/wp-json\/wp\/v2\/pages\/8492\/revisions"}],"predecessor-version":[{"id":10592,"href":"https:\/\/gambling6.com\/et\/wp-json\/wp\/v2\/pages\/8492\/revisions\/10592"}],"wp:attachment":[{"href":"https:\/\/gambling6.com\/et\/wp-json\/wp\/v2\/media?parent=8492"}],"curies":[{"name":"wp","href":"https:\/\/api.w.org\/{rel}","templated":true}]}}