{"id":8559,"date":"2025-11-07T20:20:39","date_gmt":"2025-11-07T20:20:39","guid":{"rendered":"https:\/\/gambling6.com\/kasiino\/mobiilile-minek-hasartmangud-liikvel-olles\/"},"modified":"2025-11-12T09:18:07","modified_gmt":"2025-11-12T09:18:07","slug":"mobiilile-minek-hasartmangud-liikvel-olles","status":"publish","type":"page","link":"https:\/\/gambling6.com\/et\/kasiino\/mobiilile-minek-hasartmangud-liikvel-olles\/","title":{"rendered":"Mobiilile minek \u2013 hasartm\u00e4ngud liikvel olles"},"content":{"rendered":"<h2>Online-hasartm\u00e4ngud mobiilseadmetes<\/h2>\n<h3>HTML5 vs. natiivrakendused \u2013 valik on teie!<\/h3>\n<p>Hea hasartm\u00e4ngukataloogi vaadates on lihtne n\u00e4ha, et m\u00e4ngijatele, kes soovivad oma lemmikv\u00f5imalusi internetis nautida, on palju suurep\u00e4raseid valikuid. Erinevad saidid pakuvad turvalist online-hasartm\u00e4ngu peaaegu igas kategoorias, kusjuures pokker, kasiino ja spordiennustused on tavaliselt nimekirja tipus. Oluline on m\u00e4rkida, et hoolimata selle turu regulatsioonidest on valikuid ka USA m\u00e4ngijatele, seega ei tohiks ameeriklastel olla probleeme usaldusv\u00e4\u00e4rse saidi leidmisega iGambling portaali kaudu.<\/p>\n<p><img loading=\"lazy\" decoding=\"async\" class=\" alignright size-full wp-image-400\" style=\"margin: 5px; float: right;\" src=\"http:\/\/gambling6.com\/wp-content\/uploads\/2013\/12\/mobile-gambling-150x150.jpg\" alt=\"mobiilsete hasartm\u00e4ngude rakendused\" width=\"150\" height=\"150\" \/>Kuigi online-hasartm\u00e4ngude pakkumine kasvab j\u00e4tkuvalt, n\u00e4ib trend olevat mobiilim\u00e4ngude suunas. Peaaegu k\u00f5igil valdkonna tippoperaatoritel on v\u00f5i nad t\u00f6\u00f6tavad praegu mobiilirakenduse kallal, mis v\u00f5imaldab nende kasutajatel nutitelefonist juurde p\u00e4\u00e4seda samadele teenustele, mida nad saavad kodus. Hiljutises intervjuus \u00fctles Intraloti infojuht dr Christos Dimitriadis, et mobiilsed hasartm\u00e4ngud muutuvad legaalseks k\u00f5igis Euroopa Liidu riikides.<\/p>\n<p>Kuigi ta ei t\u00e4psustanud, millal see t\u00f5en\u00e4oliselt juhtub, muudab asjaolu, et riigid peavad s\u00e4ilitama kontrolli hasartm\u00e4ngude \u00fcle, mobiilsed hasartm\u00e4ngud legaalseks ja hoolikalt reguleeritud kohustuslikuks. Kuna \u00fcha rohkem m\u00e4ngijaid saab oma tegevust mobiilseadmetes, peavad nii operaatorid kui ka regulaatorid konkreetsetel turgudel tegema koost\u00f6\u00f6d, et j\u00f5uda ideaalse lahenduseni.<\/p>\n<h2>HTML5<\/h2>\n<p>M\u00f5ned suuremad online-hasartm\u00e4nguturu operaatorid on juba astunud olulisi samme oma mobiilipakkumiste t\u00e4iustamiseks. 888 on tuntud kogu maailmas, peamiselt oma online-spordiennustuse poolest, mis h\u00f5lmab peaaegu kogu maailma ja pakub panuseid k\u00f5igile suurematele spordialadele ja erinevatele liigadele. Saidil on ka kasiinom\u00e4ngud, pokker, bingo ja muud online-m\u00e4ngude kategooriad, mis teeb sellest \u00fche suurima nime selles valdkonnas.<\/p>\n<p><a class=\"thirstylink\" title=\"888 casino en\" href=\"https:\/\/gambling6.com\/go\/888-casino-en\/\" target=\"_blank\" rel=\"nofollow noopener\"><strong>Kl\u00f5psake siin, et k\u00fclastada 888 kasiinot<\/strong><\/a> &#8211; looge tasuta m\u00e4ngijakonto ja laadige seej\u00e4rel alla mobiilirakendus.<\/p>\n<p>Hiljuti muutis 888 oma mobiiliplatvormi HTML5-versiooniks, et muuta see m\u00e4ngijatele palju mugavamaks. P\u00f5him\u00f5tteliselt toetab operaatori heli ja video voogedastus n\u00fc\u00fcd HTML5-d, mis v\u00f5imaldab kasutajatel j\u00e4lgida toiminguid valitud seadmes ilma Flashi pistikprogrammita. See avab ka ukse uutele v\u00f5imalustele, kuna kasutajad saavad n\u00fc\u00fcd panuseid teha reaalajas andmete saamise ajal. HTML5 versioon pakub ka paremat kasutuskogemust. See suudab tuvastada seadme ekraani suuruse, s\u00fcsteemi v\u00f5imalused ja saadaolevad \u00fchendused.<\/p>\n<p>See t\u00e4hendab vajalike ettevaatusabin\u00f5ude v\u00f5tmist, et k\u00f5ik sujuks, n\u00e4iteks kvaliteedi alandamine v\u00f5i video k\u00e4ivitamisega ootamine ribalaiuse s\u00e4\u00e4stmiseks. Hasartm\u00e4ngude arvustuste veebisaidid muudavad usaldusv\u00e4\u00e4rse online-kasiino leidmise palju lihtsamaks, r\u00fchmitades saidid erinevatesse kategooriatesse vastavalt nende tugevustele. M\u00f5ned saidid kipuvad keskenduma oma mobiilipakkumistele ja USA online-kasiinod on alati suurep\u00e4rane aruteluteema.<\/p>\n<h2>Natiivrakendused<\/h2>\n<p>Natiivrakendused vajavad allalaadimist ja installimist, mis t\u00e4hendab, et praegu saadaolevate erinevate mobiilsete operatsioonis\u00fcsteemide toetamiseks peavad olema erinevad versioonid. Kuigi need on online-kasiinode seas v\u00e4ga levinud, kaotavad nad t\u00f5epoolest HTML5-le. Sellel on palju p\u00f5hjuseid, millest peamine on see, et \u00fcks HTML5 versioon sobib k\u00f5ikidele mobiilseadmetele ja teeb ise vajalikud muudatused. Oluline on m\u00e4rkida, et nagu eespool mainitud, ei loobu 888 oma natiivrakendustest ega HTML4 tehnoloogia kasutamisest.<\/p>\n<p>See on suurep\u00e4rane n\u00e4ide ka teistele operaatoritele, kuna HTML5-le \u00fcleminek ja varasematest valikutest loobumine t\u00e4hendaks, et m\u00f5nel kasutajal pole enam juurdep\u00e4\u00e4su pakkumistele. K\u00f5igil m\u00e4ngijatel pole tehnoloogiat, mis on vajalik uue p\u00f5lvkonna tarkvara ideaalseks k\u00e4itamiseks, seega kuigi see on hea samm parema mobiilse hasartm\u00e4ngude suunas, ei tohiks see praeguseid kliente negatiivselt m\u00f5jutada. Natiivrakendused on endiselt suurep\u00e4rane viis online-kasiinom\u00e4ngude nautimiseks erinevates mobiilseadmetes. Kogu alustamisprotsess ei v\u00f5ta tavaliselt kaua aega, seega kuigi HTML5 on k\u00f5igi operaatorite jaoks j\u00e4rgmine suur samm, on ka praegu saadaolevad pakkumised \u00fcsna suurep\u00e4rased.<\/p>\n","protected":false},"excerpt":{"rendered":"<p>Online-hasartm\u00e4ngud mobiilseadmetes HTML5 vs. natiivrakendused \u2013 valik on teie! Hea hasartm\u00e4ngukataloogi vaadates on lihtne n\u00e4ha, et m\u00e4ngijatele, kes soovivad oma lemmikv\u00f5imalusi internetis nautida, on palju suurep\u00e4raseid valikuid. Erinevad saidid pakuvad turvalist online-hasartm\u00e4ngu peaaegu igas kategoorias, kusjuures pokker, kasiino ja spordiennustused on tavaliselt nimekirja tipus. Oluline on m\u00e4rkida, et hoolimata selle turu regulatsioonidest on valikuid ka [&hellip;]<\/p>\n","protected":false},"author":1,"featured_media":8560,"parent":8284,"menu_order":40,"comment_status":"closed","ping_status":"closed","template":"","meta":{"footnotes":""},"class_list":["post-8559","page","type-page","status-publish","has-post-thumbnail","hentry"],"yoast_head":"<!-- This site is optimized with the Yoast SEO plugin v27.4 - https:\/\/yoast.com\/product\/yoast-seo-wordpress\/ -->\n<title>Online-hasartm\u00e4ngud mobiilseadmetes<\/title>\n<meta name=\"description\" content=\"Mobiilne hasartm\u00e4ngimine muutub \u00fcha populaarsemaks ning rakendused saavad parema graafika ja rohkem funktsioone.\" \/>\n<meta name=\"robots\" content=\"index, follow, max-snippet:-1, max-image-preview:large, max-video-preview:-1\" \/>\n<link rel=\"canonical\" href=\"https:\/\/gambling6.com\/et\/kasiino\/mobiilile-minek-hasartmangud-liikvel-olles\/\" \/>\n<meta property=\"og:locale\" content=\"et_EE\" \/>\n<meta property=\"og:type\" content=\"article\" \/>\n<meta property=\"og:title\" content=\"Online-hasartm\u00e4ngud mobiilseadmetes\" \/>\n<meta property=\"og:description\" content=\"Mobiilne hasartm\u00e4ngimine muutub \u00fcha populaarsemaks ning rakendused saavad parema graafika ja rohkem funktsioone.\" \/>\n<meta property=\"og:url\" content=\"https:\/\/gambling6.com\/et\/kasiino\/mobiilile-minek-hasartmangud-liikvel-olles\/\" \/>\n<meta property=\"og:site_name\" content=\"Gambling6\" \/>\n<meta property=\"article:modified_time\" content=\"2025-11-12T09:18:07+00:00\" \/>\n<meta property=\"og:image\" content=\"https:\/\/gambling6.com\/wp-content\/uploads\/2013\/12\/mobile-gambling-150x150.jpg\" \/>\n\t<meta property=\"og:image:width\" content=\"150\" \/>\n\t<meta property=\"og:image:height\" content=\"150\" \/>\n\t<meta property=\"og:image:type\" content=\"image\/jpeg\" \/>\n<meta name=\"twitter:card\" content=\"summary_large_image\" \/>\n<meta name=\"twitter:label1\" content=\"Est. reading time\" \/>\n\t<meta name=\"twitter:data1\" content=\"3 minutit\" \/>\n<script type=\"application\/ld+json\" class=\"yoast-schema-graph\">{\"@context\":\"https:\\\/\\\/schema.org\",\"@graph\":[{\"@type\":\"WebPage\",\"@id\":\"https:\\\/\\\/gambling6.com\\\/et\\\/kasiino\\\/mobiilile-minek-hasartmangud-liikvel-olles\\\/\",\"url\":\"https:\\\/\\\/gambling6.com\\\/et\\\/kasiino\\\/mobiilile-minek-hasartmangud-liikvel-olles\\\/\",\"name\":\"Online-hasartm\u00e4ngud mobiilseadmetes\",\"isPartOf\":{\"@id\":\"https:\\\/\\\/gambling6.com\\\/et\\\/#website\"},\"primaryImageOfPage\":{\"@id\":\"https:\\\/\\\/gambling6.com\\\/et\\\/kasiino\\\/mobiilile-minek-hasartmangud-liikvel-olles\\\/#primaryimage\"},\"image\":{\"@id\":\"https:\\\/\\\/gambling6.com\\\/et\\\/kasiino\\\/mobiilile-minek-hasartmangud-liikvel-olles\\\/#primaryimage\"},\"thumbnailUrl\":\"https:\\\/\\\/gambling6.com\\\/wp-content\\\/uploads\\\/2013\\\/12\\\/mobile-gambling-150x150.jpg\",\"datePublished\":\"2025-11-07T20:20:39+00:00\",\"dateModified\":\"2025-11-12T09:18:07+00:00\",\"description\":\"Mobiilne hasartm\u00e4ngimine muutub \u00fcha populaarsemaks ning rakendused saavad parema graafika ja rohkem funktsioone.\",\"breadcrumb\":{\"@id\":\"https:\\\/\\\/gambling6.com\\\/et\\\/kasiino\\\/mobiilile-minek-hasartmangud-liikvel-olles\\\/#breadcrumb\"},\"inLanguage\":\"et\",\"potentialAction\":[{\"@type\":\"ReadAction\",\"target\":[\"https:\\\/\\\/gambling6.com\\\/et\\\/kasiino\\\/mobiilile-minek-hasartmangud-liikvel-olles\\\/\"]}]},{\"@type\":\"ImageObject\",\"inLanguage\":\"et\",\"@id\":\"https:\\\/\\\/gambling6.com\\\/et\\\/kasiino\\\/mobiilile-minek-hasartmangud-liikvel-olles\\\/#primaryimage\",\"url\":\"https:\\\/\\\/gambling6.com\\\/wp-content\\\/uploads\\\/2013\\\/12\\\/mobile-gambling-150x150.jpg\",\"contentUrl\":\"https:\\\/\\\/gambling6.com\\\/wp-content\\\/uploads\\\/2013\\\/12\\\/mobile-gambling-150x150.jpg\",\"width\":150,\"height\":150,\"caption\":\"online slotmachine\"},{\"@type\":\"BreadcrumbList\",\"@id\":\"https:\\\/\\\/gambling6.com\\\/et\\\/kasiino\\\/mobiilile-minek-hasartmangud-liikvel-olles\\\/#breadcrumb\",\"itemListElement\":[{\"@type\":\"ListItem\",\"position\":1,\"name\":\"Home\",\"item\":\"https:\\\/\\\/gambling6.com\\\/et\\\/home\\\/\"},{\"@type\":\"ListItem\",\"position\":2,\"name\":\"Kasiino\",\"item\":\"https:\\\/\\\/gambling6.com\\\/et\\\/get-started-with-online-gambling\\\/\"},{\"@type\":\"ListItem\",\"position\":3,\"name\":\"Mobiilile minek \u2013 hasartm\u00e4ngud liikvel olles\"}]},{\"@type\":\"WebSite\",\"@id\":\"https:\\\/\\\/gambling6.com\\\/et\\\/#website\",\"url\":\"https:\\\/\\\/gambling6.com\\\/et\\\/\",\"name\":\"Gambling6\",\"description\":\"\",\"potentialAction\":[{\"@type\":\"SearchAction\",\"target\":{\"@type\":\"EntryPoint\",\"urlTemplate\":\"https:\\\/\\\/gambling6.com\\\/et\\\/?s={search_term_string}\"},\"query-input\":{\"@type\":\"PropertyValueSpecification\",\"valueRequired\":true,\"valueName\":\"search_term_string\"}}],\"inLanguage\":\"et\"}]}<\/script>\n<!-- \/ Yoast SEO plugin. -->","yoast_head_json":{"title":"Online-hasartm\u00e4ngud mobiilseadmetes","description":"Mobiilne hasartm\u00e4ngimine muutub \u00fcha populaarsemaks ning rakendused saavad parema graafika ja rohkem funktsioone.","robots":{"index":"index","follow":"follow","max-snippet":"max-snippet:-1","max-image-preview":"max-image-preview:large","max-video-preview":"max-video-preview:-1"},"canonical":"https:\/\/gambling6.com\/et\/kasiino\/mobiilile-minek-hasartmangud-liikvel-olles\/","og_locale":"et_EE","og_type":"article","og_title":"Online-hasartm\u00e4ngud mobiilseadmetes","og_description":"Mobiilne hasartm\u00e4ngimine muutub \u00fcha populaarsemaks ning rakendused saavad parema graafika ja rohkem funktsioone.","og_url":"https:\/\/gambling6.com\/et\/kasiino\/mobiilile-minek-hasartmangud-liikvel-olles\/","og_site_name":"Gambling6","article_modified_time":"2025-11-12T09:18:07+00:00","og_image":[{"width":150,"height":150,"url":"https:\/\/gambling6.com\/wp-content\/uploads\/2013\/12\/mobile-gambling-150x150.jpg","type":"image\/jpeg"}],"twitter_card":"summary_large_image","twitter_misc":{"Est. reading time":"3 minutit"},"schema":{"@context":"https:\/\/schema.org","@graph":[{"@type":"WebPage","@id":"https:\/\/gambling6.com\/et\/kasiino\/mobiilile-minek-hasartmangud-liikvel-olles\/","url":"https:\/\/gambling6.com\/et\/kasiino\/mobiilile-minek-hasartmangud-liikvel-olles\/","name":"Online-hasartm\u00e4ngud mobiilseadmetes","isPartOf":{"@id":"https:\/\/gambling6.com\/et\/#website"},"primaryImageOfPage":{"@id":"https:\/\/gambling6.com\/et\/kasiino\/mobiilile-minek-hasartmangud-liikvel-olles\/#primaryimage"},"image":{"@id":"https:\/\/gambling6.com\/et\/kasiino\/mobiilile-minek-hasartmangud-liikvel-olles\/#primaryimage"},"thumbnailUrl":"https:\/\/gambling6.com\/wp-content\/uploads\/2013\/12\/mobile-gambling-150x150.jpg","datePublished":"2025-11-07T20:20:39+00:00","dateModified":"2025-11-12T09:18:07+00:00","description":"Mobiilne hasartm\u00e4ngimine muutub \u00fcha populaarsemaks ning rakendused saavad parema graafika ja rohkem funktsioone.","breadcrumb":{"@id":"https:\/\/gambling6.com\/et\/kasiino\/mobiilile-minek-hasartmangud-liikvel-olles\/#breadcrumb"},"inLanguage":"et","potentialAction":[{"@type":"ReadAction","target":["https:\/\/gambling6.com\/et\/kasiino\/mobiilile-minek-hasartmangud-liikvel-olles\/"]}]},{"@type":"ImageObject","inLanguage":"et","@id":"https:\/\/gambling6.com\/et\/kasiino\/mobiilile-minek-hasartmangud-liikvel-olles\/#primaryimage","url":"https:\/\/gambling6.com\/wp-content\/uploads\/2013\/12\/mobile-gambling-150x150.jpg","contentUrl":"https:\/\/gambling6.com\/wp-content\/uploads\/2013\/12\/mobile-gambling-150x150.jpg","width":150,"height":150,"caption":"online slotmachine"},{"@type":"BreadcrumbList","@id":"https:\/\/gambling6.com\/et\/kasiino\/mobiilile-minek-hasartmangud-liikvel-olles\/#breadcrumb","itemListElement":[{"@type":"ListItem","position":1,"name":"Home","item":"https:\/\/gambling6.com\/et\/home\/"},{"@type":"ListItem","position":2,"name":"Kasiino","item":"https:\/\/gambling6.com\/et\/get-started-with-online-gambling\/"},{"@type":"ListItem","position":3,"name":"Mobiilile minek \u2013 hasartm\u00e4ngud liikvel olles"}]},{"@type":"WebSite","@id":"https:\/\/gambling6.com\/et\/#website","url":"https:\/\/gambling6.com\/et\/","name":"Gambling6","description":"","potentialAction":[{"@type":"SearchAction","target":{"@type":"EntryPoint","urlTemplate":"https:\/\/gambling6.com\/et\/?s={search_term_string}"},"query-input":{"@type":"PropertyValueSpecification","valueRequired":true,"valueName":"search_term_string"}}],"inLanguage":"et"}]}},"_links":{"self":[{"href":"https:\/\/gambling6.com\/et\/wp-json\/wp\/v2\/pages\/8559","targetHints":{"allow":["GET"]}}],"collection":[{"href":"https:\/\/gambling6.com\/et\/wp-json\/wp\/v2\/pages"}],"about":[{"href":"https:\/\/gambling6.com\/et\/wp-json\/wp\/v2\/types\/page"}],"author":[{"embeddable":true,"href":"https:\/\/gambling6.com\/et\/wp-json\/wp\/v2\/users\/1"}],"replies":[{"embeddable":true,"href":"https:\/\/gambling6.com\/et\/wp-json\/wp\/v2\/comments?post=8559"}],"version-history":[{"count":1,"href":"https:\/\/gambling6.com\/et\/wp-json\/wp\/v2\/pages\/8559\/revisions"}],"predecessor-version":[{"id":10457,"href":"https:\/\/gambling6.com\/et\/wp-json\/wp\/v2\/pages\/8559\/revisions\/10457"}],"up":[{"embeddable":true,"href":"https:\/\/gambling6.com\/et\/wp-json\/wp\/v2\/pages\/8284"}],"wp:featuredmedia":[{"embeddable":true,"href":"https:\/\/gambling6.com\/et\/wp-json\/wp\/v2\/media\/8560"}],"wp:attachment":[{"href":"https:\/\/gambling6.com\/et\/wp-json\/wp\/v2\/media?parent=8559"}],"curies":[{"name":"wp","href":"https:\/\/api.w.org\/{rel}","templated":true}]}}