{"id":8607,"date":"2025-11-07T21:27:46","date_gmt":"2025-11-07T21:27:46","guid":{"rendered":"https:\/\/gambling6.com\/euroopa-pokkerisaitidel-mangimine\/"},"modified":"2025-11-15T08:00:16","modified_gmt":"2025-11-15T08:00:16","slug":"euroopa-pokkerisaitidel-mangimine","status":"publish","type":"page","link":"https:\/\/gambling6.com\/et\/poker\/euroopa-pokkerisaitidel-mangimine\/","title":{"rendered":"Euroopa pokkerisaitidel m\u00e4ngimine"},"content":{"rendered":"<h2>Euroopa saitidel on ka pokker.<\/h2>\n<p>Viimastel aastatel on pokkeri populaarsus saavutanud uued k\u00f5rgused. Euroopa riigid on online-pokkeri saitide jaoks oluline turg ja Ameerika valitsuse online-hasartm\u00e4ngude piiramine on sundinud operaatoreid keskenduma suurel m\u00e4\u00e4ral Euroopa turule. Kuigi live-pokker on eurooplaste kirg, j\u00f5uab online-pokker kiiresti j\u00e4rele ka netitarkadele m\u00e4ngijatele. Sellised riigid nagu \u00dchendkuningriik, Austria ja Saksamaa korraldavad isegi rahvusvahelisi pokkeriturneesid ja -turniire.<\/p>\n<p><img loading=\"lazy\" decoding=\"async\" class=\"size-full wp-image-3075 alignright\" src=\"https:\/\/gambling6.com\/wp-content\/uploads\/2022\/04\/poker_bonusode_test_bericht.png\" alt=\"Euroopa pokkerisaidid\" width=\"246\" height=\"200\" \/>Euroopa mandril on mitu Euroopa Liidu (EL) liikmesriiki. Online-pokkerile suhtutakse kogu Euroopa Liidus soodsalt \u2013 tegelikult pole online-pokkeri saitidel Euroopa turgudel tegutsemist keelatud. Siiski j\u00f5ustab iga liikmesriik oma online-hasartm\u00e4ngude seadusi. Seega on online-pokkeri seaduslikkuse selgitamine kogu Euroopas \u00fcsna keeruline. K\u00f5ik Euroopa Liidu liikmesriigid peavad aktsepteerima teiste liikmesriikide teenuseid, kuid igal riigil on vabadus otsustada online-hasartm\u00e4ngude seaduslikkuse \u00fcle.<\/p>\n<p>Seet\u00f5ttu on m\u00f5ned EL-i liikmed online-hasartm\u00e4ngud keelanud, m\u00f5ned on need legaliseerinud, samas kui teised on v\u00f5tnud ebam\u00e4\u00e4rase l\u00e4henemisviisi. Kuigi online-hasartm\u00e4ngud on lubatud, peavad Euroopa online-pokkerim\u00e4ngijad olema ettevaatlikud \u2013 enne m\u00e4ngimise otsustamist on soovitatav kontrollida kohalikku online-hasartm\u00e4ngudega seotud poliitikat. Kuigi online-pokkerisaite maksustab ja reguleerib Euroopa Liit, on \u00fcksikute liikmesriikide online-hasartm\u00e4ngude seadustes erinevusi.<\/p>\n<h2>Parim online-pokkerisait Euroopa m\u00e4ngijatele<\/h2>\n<p>Euroopa online-pokkerim\u00e4ngijatel on palju laiem pokkerisaitide valik kui USA m\u00e4ngijatel. Sait, mis teistest silma paistab, on 888 Poker.<\/p>\n<p><span style=\"background-color: transparent;\"><strong>888 Poker<\/strong> on Euroopa pokkerisaitide seas tuntud nimi. Ja nad annavad uutele m\u00e4ngijatele isegi <span style=\"font-size: medium;\"><strong>tasuta 20 \u20ac m\u00e4ngukassa \u2013 t\u00e4iesti riskivaba algus p\u00e4risrahaga pokkerile<\/strong><\/span>! Lisaks on teil \u00f5igus saada j\u00e4rgmise sissemakse korral veel 300 \u20ac boonust. <\/span><a class=\"thirstylink\" title=\"888 poker en\" href=\"https:\/\/gambling6.com\/go\/888-poker-en\/\" target=\"_blank\" rel=\"nofollow noopener\"><strong>Kl\u00f5psake siin, et registreeruda 888-s ja alustada m\u00e4ngimist 20 euroga p\u00e4risrahas tasuta.<\/strong><\/a><br \/>\n<a href=\"https:\/\/ic.aff-handler.com\/C\/46138?sr=1073333&amp;anid=\" rel=\"nofollow\"><img loading=\"lazy\" decoding=\"async\" class=\"aligncenter\" src=\"https:\/\/ic.aff-handler.com\/I\/46138?sr=1073333&amp;anid=\" width=\"530\" height=\"68\" \/><\/a><\/p>\n<p>N\u00e4iteks lubab \u00dchendkuningriik oma kodanikel veebis hasartm\u00e4nge m\u00e4ngida ja lubab ka v\u00e4lismaistel hasartm\u00e4ngusaitidel riigis tegutseda. Holland lubab elanikel m\u00e4ngida ainult Hollandi litsentsiga veebipokkerisaitidel. Ida-Euroopa riigid seevastu ei olnud online-hasartm\u00e4ngude v\u00f5idujooksus sees, kuid hiljuti on ka nemad t\u00e4nu lihtsale interneti\u00fchendusele v\u00f5idujooksuga liitunud. Hiljuti esitati EL-ile ettepanek, milles n\u00f5uti \u00fchtset online-hasartm\u00e4ngude regulatiivset s\u00fcsteemi k\u00f5igis liikmesriikides. See aitaks standardiseerida litsentsimisprotsessi kogu Euroopas ja lihtsustada seda.<\/p>\n<p>Mis puudutab Euroopa pokkerisaitide m\u00e4ngijaid, siis neile kehtivad ainult maksuseadused. M\u00e4ngijaid maksustatakse nende vastava riigi ja EL-i poolt, kui nad teevad sissemakseid v\u00e4lismaal asuvale online-pokkerisaidile. Erinevad Euroopa riigid r\u00e4\u00e4givad teisi keeli. Euroopa pokkerisaidid teenindavad oma kliente \u00fcldiselt kohalikus keeles. Siiski pakuvad m\u00f5ned suuremad pokkerisaidid t\u00e4nap\u00e4eval oma veebisaite erinevates keeltes, kuna nende pokkeritarkvara toetab mitut keelt.<\/p>\n<p>Kliendituge pakutakse ka erinevates keeltes. Lisaks inglise keelele v\u00f5ib pokkerisait pakkuda prantsuse, hispaania, saksa, hollandi, taani, itaalia, norra, portugali jne keelt. Nagu keelte puhul, aktsepteerivad ka Euroopa pokkerisaidid erinevaid valuutasid. Kuigi peamised valuutad on USA dollarid v\u00f5i Suurbritannia naelad, on euro EL-is \u00fchine valuuta. Euroopa pokkerim\u00e4ngijad eelistavad online-pokkerisaidil sissemaksete tegemiseks kasutada eurot v\u00f5i Suurbritannia naela.<\/p>\n<p>Euroopa pokkerisaidid pakuvad \u00fcldiselt mitmeid sisse- ja v\u00e4ljamaksev\u00f5imalusi, mis sobivad klientidele erinevatest Euroopa Liidu riikidest. Online-pokkerisaitide standardsete makseviiside hulka kuuluvad deebetkaardid, krediitkaardid, e-rahakotid, panga\u00fclekanded, panga\u00fclekanded ja e-t\u0161ekid. Lihtsaim ja populaarseim viis online-pokkerikonto rahastamiseks on krediitkaart. M\u00f5ned krediitkaardi v\u00e4ljastajad ei pruugi aga online-hasartm\u00e4ngude tehinguid heaks kiita, seega on enne selle meetodi valimist k\u00f5ige parem kontrollida.<\/p>\n<p>Paljud pokkerim\u00e4ngijad leiavad, et on mugav rahastada oma online-pokkerikontosid e-rahakottide abil. M\u00e4ngijad saavad avada konto mis tahes e-rahakoti teenuses ja rahastada kontot oma panga kaudu. E-seinet-kontot saab omakorda kasutada pokkerikontole sissemaksete tegemiseks. Euroopa ettev\u00f5tete pakutavate populaarsete e-rahakottide hulka kuuluvad muuhulgas Neteller, Moneybookers ja e-WalletXpress. M\u00e4ngija saab valida paljude teiste e-rahakottide hulgast, olenevalt nende sobivusest.<\/p>\n","protected":false},"excerpt":{"rendered":"<p>Euroopa saitidel on ka pokker. Viimastel aastatel on pokkeri populaarsus saavutanud uued k\u00f5rgused. Euroopa riigid on online-pokkeri saitide jaoks oluline turg ja Ameerika valitsuse online-hasartm\u00e4ngude piiramine on sundinud operaatoreid keskenduma suurel m\u00e4\u00e4ral Euroopa turule. Kuigi live-pokker on eurooplaste kirg, j\u00f5uab online-pokker kiiresti j\u00e4rele ka netitarkadele m\u00e4ngijatele. Sellised riigid nagu \u00dchendkuningriik, Austria ja Saksamaa korraldavad isegi [&hellip;]<\/p>\n","protected":false},"author":1,"featured_media":0,"parent":8780,"menu_order":22,"comment_status":"closed","ping_status":"closed","template":"","meta":{"footnotes":""},"class_list":["post-8607","page","type-page","status-publish","hentry"],"yoast_head":"<!-- This site is optimized with the Yoast SEO plugin v27.5 - https:\/\/yoast.com\/product\/yoast-seo-wordpress\/ -->\n<title>Parimad Euroopa pokkerisaidid<\/title>\n<meta name=\"description\" content=\"Euroopa pokkerim\u00e4ngijatel on palju saite, mille vahel valida \u2013 siin on meie lemmikud EL-i pokkeritoad\" \/>\n<meta name=\"robots\" content=\"index, follow, max-snippet:-1, max-image-preview:large, max-video-preview:-1\" \/>\n<link rel=\"canonical\" href=\"https:\/\/gambling6.com\/et\/poker\/euroopa-pokkerisaitidel-mangimine\/\" \/>\n<meta property=\"og:locale\" content=\"et_EE\" \/>\n<meta property=\"og:type\" content=\"article\" \/>\n<meta property=\"og:title\" content=\"Parimad Euroopa pokkerisaidid\" \/>\n<meta property=\"og:description\" content=\"Euroopa pokkerim\u00e4ngijatel on palju saite, mille vahel valida \u2013 siin on meie lemmikud EL-i pokkeritoad\" \/>\n<meta property=\"og:url\" content=\"https:\/\/gambling6.com\/et\/poker\/euroopa-pokkerisaitidel-mangimine\/\" \/>\n<meta property=\"og:site_name\" content=\"Gambling6\" \/>\n<meta property=\"article:modified_time\" content=\"2025-11-15T08:00:16+00:00\" \/>\n<meta property=\"og:image\" content=\"https:\/\/gambling6.com\/wp-content\/uploads\/2022\/04\/poker_bonusode_test_bericht.png\" \/>\n\t<meta property=\"og:image:width\" content=\"246\" \/>\n\t<meta property=\"og:image:height\" content=\"200\" \/>\n\t<meta property=\"og:image:type\" content=\"image\/png\" \/>\n<meta name=\"twitter:card\" content=\"summary_large_image\" \/>\n<meta name=\"twitter:label1\" content=\"Est. reading time\" \/>\n\t<meta name=\"twitter:data1\" content=\"3 minutit\" \/>\n<script type=\"application\/ld+json\" class=\"yoast-schema-graph\">{\"@context\":\"https:\\\/\\\/schema.org\",\"@graph\":[{\"@type\":\"WebPage\",\"@id\":\"https:\\\/\\\/gambling6.com\\\/et\\\/poker\\\/euroopa-pokkerisaitidel-mangimine\\\/\",\"url\":\"https:\\\/\\\/gambling6.com\\\/et\\\/poker\\\/euroopa-pokkerisaitidel-mangimine\\\/\",\"name\":\"Parimad Euroopa pokkerisaidid\",\"isPartOf\":{\"@id\":\"https:\\\/\\\/gambling6.com\\\/et\\\/#website\"},\"primaryImageOfPage\":{\"@id\":\"https:\\\/\\\/gambling6.com\\\/et\\\/poker\\\/euroopa-pokkerisaitidel-mangimine\\\/#primaryimage\"},\"image\":{\"@id\":\"https:\\\/\\\/gambling6.com\\\/et\\\/poker\\\/euroopa-pokkerisaitidel-mangimine\\\/#primaryimage\"},\"thumbnailUrl\":\"https:\\\/\\\/gambling6.com\\\/wp-content\\\/uploads\\\/2022\\\/04\\\/poker_bonusode_test_bericht.png\",\"datePublished\":\"2025-11-07T21:27:46+00:00\",\"dateModified\":\"2025-11-15T08:00:16+00:00\",\"description\":\"Euroopa pokkerim\u00e4ngijatel on palju saite, mille vahel valida \u2013 siin on meie lemmikud EL-i pokkeritoad\",\"breadcrumb\":{\"@id\":\"https:\\\/\\\/gambling6.com\\\/et\\\/poker\\\/euroopa-pokkerisaitidel-mangimine\\\/#breadcrumb\"},\"inLanguage\":\"et\",\"potentialAction\":[{\"@type\":\"ReadAction\",\"target\":[\"https:\\\/\\\/gambling6.com\\\/et\\\/poker\\\/euroopa-pokkerisaitidel-mangimine\\\/\"]}]},{\"@type\":\"ImageObject\",\"inLanguage\":\"et\",\"@id\":\"https:\\\/\\\/gambling6.com\\\/et\\\/poker\\\/euroopa-pokkerisaitidel-mangimine\\\/#primaryimage\",\"url\":\"https:\\\/\\\/gambling6.com\\\/wp-content\\\/uploads\\\/2022\\\/04\\\/poker_bonusode_test_bericht.png\",\"contentUrl\":\"https:\\\/\\\/gambling6.com\\\/wp-content\\\/uploads\\\/2022\\\/04\\\/poker_bonusode_test_bericht.png\"},{\"@type\":\"BreadcrumbList\",\"@id\":\"https:\\\/\\\/gambling6.com\\\/et\\\/poker\\\/euroopa-pokkerisaitidel-mangimine\\\/#breadcrumb\",\"itemListElement\":[{\"@type\":\"ListItem\",\"position\":1,\"name\":\"Home\",\"item\":\"https:\\\/\\\/gambling6.com\\\/et\\\/home\\\/\"},{\"@type\":\"ListItem\",\"position\":2,\"name\":\"Poker\",\"item\":\"https:\\\/\\\/gambling6.com\\\/et\\\/poker\\\/\"},{\"@type\":\"ListItem\",\"position\":3,\"name\":\"Euroopa pokkerisaitidel m\u00e4ngimine\"}]},{\"@type\":\"WebSite\",\"@id\":\"https:\\\/\\\/gambling6.com\\\/et\\\/#website\",\"url\":\"https:\\\/\\\/gambling6.com\\\/et\\\/\",\"name\":\"Gambling6\",\"description\":\"\",\"potentialAction\":[{\"@type\":\"SearchAction\",\"target\":{\"@type\":\"EntryPoint\",\"urlTemplate\":\"https:\\\/\\\/gambling6.com\\\/et\\\/?s={search_term_string}\"},\"query-input\":{\"@type\":\"PropertyValueSpecification\",\"valueRequired\":true,\"valueName\":\"search_term_string\"}}],\"inLanguage\":\"et\"}]}<\/script>\n<!-- \/ Yoast SEO plugin. -->","yoast_head_json":{"title":"Parimad Euroopa pokkerisaidid","description":"Euroopa pokkerim\u00e4ngijatel on palju saite, mille vahel valida \u2013 siin on meie lemmikud EL-i pokkeritoad","robots":{"index":"index","follow":"follow","max-snippet":"max-snippet:-1","max-image-preview":"max-image-preview:large","max-video-preview":"max-video-preview:-1"},"canonical":"https:\/\/gambling6.com\/et\/poker\/euroopa-pokkerisaitidel-mangimine\/","og_locale":"et_EE","og_type":"article","og_title":"Parimad Euroopa pokkerisaidid","og_description":"Euroopa pokkerim\u00e4ngijatel on palju saite, mille vahel valida \u2013 siin on meie lemmikud EL-i pokkeritoad","og_url":"https:\/\/gambling6.com\/et\/poker\/euroopa-pokkerisaitidel-mangimine\/","og_site_name":"Gambling6","article_modified_time":"2025-11-15T08:00:16+00:00","og_image":[{"width":246,"height":200,"url":"https:\/\/gambling6.com\/wp-content\/uploads\/2022\/04\/poker_bonusode_test_bericht.png","type":"image\/png"}],"twitter_card":"summary_large_image","twitter_misc":{"Est. reading time":"3 minutit"},"schema":{"@context":"https:\/\/schema.org","@graph":[{"@type":"WebPage","@id":"https:\/\/gambling6.com\/et\/poker\/euroopa-pokkerisaitidel-mangimine\/","url":"https:\/\/gambling6.com\/et\/poker\/euroopa-pokkerisaitidel-mangimine\/","name":"Parimad Euroopa pokkerisaidid","isPartOf":{"@id":"https:\/\/gambling6.com\/et\/#website"},"primaryImageOfPage":{"@id":"https:\/\/gambling6.com\/et\/poker\/euroopa-pokkerisaitidel-mangimine\/#primaryimage"},"image":{"@id":"https:\/\/gambling6.com\/et\/poker\/euroopa-pokkerisaitidel-mangimine\/#primaryimage"},"thumbnailUrl":"https:\/\/gambling6.com\/wp-content\/uploads\/2022\/04\/poker_bonusode_test_bericht.png","datePublished":"2025-11-07T21:27:46+00:00","dateModified":"2025-11-15T08:00:16+00:00","description":"Euroopa pokkerim\u00e4ngijatel on palju saite, mille vahel valida \u2013 siin on meie lemmikud EL-i pokkeritoad","breadcrumb":{"@id":"https:\/\/gambling6.com\/et\/poker\/euroopa-pokkerisaitidel-mangimine\/#breadcrumb"},"inLanguage":"et","potentialAction":[{"@type":"ReadAction","target":["https:\/\/gambling6.com\/et\/poker\/euroopa-pokkerisaitidel-mangimine\/"]}]},{"@type":"ImageObject","inLanguage":"et","@id":"https:\/\/gambling6.com\/et\/poker\/euroopa-pokkerisaitidel-mangimine\/#primaryimage","url":"https:\/\/gambling6.com\/wp-content\/uploads\/2022\/04\/poker_bonusode_test_bericht.png","contentUrl":"https:\/\/gambling6.com\/wp-content\/uploads\/2022\/04\/poker_bonusode_test_bericht.png"},{"@type":"BreadcrumbList","@id":"https:\/\/gambling6.com\/et\/poker\/euroopa-pokkerisaitidel-mangimine\/#breadcrumb","itemListElement":[{"@type":"ListItem","position":1,"name":"Home","item":"https:\/\/gambling6.com\/et\/home\/"},{"@type":"ListItem","position":2,"name":"Poker","item":"https:\/\/gambling6.com\/et\/poker\/"},{"@type":"ListItem","position":3,"name":"Euroopa pokkerisaitidel m\u00e4ngimine"}]},{"@type":"WebSite","@id":"https:\/\/gambling6.com\/et\/#website","url":"https:\/\/gambling6.com\/et\/","name":"Gambling6","description":"","potentialAction":[{"@type":"SearchAction","target":{"@type":"EntryPoint","urlTemplate":"https:\/\/gambling6.com\/et\/?s={search_term_string}"},"query-input":{"@type":"PropertyValueSpecification","valueRequired":true,"valueName":"search_term_string"}}],"inLanguage":"et"}]}},"_links":{"self":[{"href":"https:\/\/gambling6.com\/et\/wp-json\/wp\/v2\/pages\/8607","targetHints":{"allow":["GET"]}}],"collection":[{"href":"https:\/\/gambling6.com\/et\/wp-json\/wp\/v2\/pages"}],"about":[{"href":"https:\/\/gambling6.com\/et\/wp-json\/wp\/v2\/types\/page"}],"author":[{"embeddable":true,"href":"https:\/\/gambling6.com\/et\/wp-json\/wp\/v2\/users\/1"}],"replies":[{"embeddable":true,"href":"https:\/\/gambling6.com\/et\/wp-json\/wp\/v2\/comments?post=8607"}],"version-history":[{"count":2,"href":"https:\/\/gambling6.com\/et\/wp-json\/wp\/v2\/pages\/8607\/revisions"}],"predecessor-version":[{"id":10828,"href":"https:\/\/gambling6.com\/et\/wp-json\/wp\/v2\/pages\/8607\/revisions\/10828"}],"up":[{"embeddable":true,"href":"https:\/\/gambling6.com\/et\/wp-json\/wp\/v2\/pages\/8780"}],"wp:attachment":[{"href":"https:\/\/gambling6.com\/et\/wp-json\/wp\/v2\/media?parent=8607"}],"curies":[{"name":"wp","href":"https:\/\/api.w.org\/{rel}","templated":true}]}}