{"id":8677,"date":"2025-11-07T22:43:47","date_gmt":"2025-11-07T22:43:47","guid":{"rendered":"https:\/\/gambling6.com\/kraapimispiletid\/"},"modified":"2025-11-15T10:11:27","modified_gmt":"2025-11-15T10:11:27","slug":"kraapimispiletid","status":"publish","type":"page","link":"https:\/\/gambling6.com\/et\/kraapimispiletid\/","title":{"rendered":"Kraapimispiletid"},"content":{"rendered":"<p>Kui sulle meeldib kraapimiskaartide v\u00f5i muude kohese v\u00f5iduga m\u00e4ngude m\u00e4ngimise p\u00f5nevus, <strong>siis sulle meeldib meie veebisaidi soovitus kraapimiskaartide m\u00e4ngimiseks veebis.<\/strong> Internetis on palju valikuid kraapimiskaartide m\u00e4ngimiseks. K\u00f5ik need saidid pakuvad registreerimisboonuseid ja head tootevalikut. Saad registreeruda, valida makseviisi, oma kontot t\u00e4iendada ja minutitega m\u00e4ngima hakata.<img loading=\"lazy\" decoding=\"async\" class=\" alignright wp-image-511\" style=\"margin: 10px; border: 5px solid #ffffff; float: right;\" src=\"http:\/\/gambling6.com\/wp-content\/uploads\/2013\/12\/best_online_scratchcards.jpg\" alt=\"parimad online-kraapimispiletid\" width=\"299\" height=\"163\" srcset=\"https:\/\/gambling6.com\/wp-content\/uploads\/2013\/12\/best_online_scratchcards.jpg 446w, https:\/\/gambling6.com\/wp-content\/uploads\/2013\/12\/best_online_scratchcards-300x163.jpg 300w\" sizes=\"auto, (max-width: 299px) 100vw, 299px\" \/><\/p>\n<h2>Kraapimiskaartide saidid veebis pakuvad suurep\u00e4rast animatsiooni<\/h2>\n<p>Erinevalt m\u00e4ngudest, mida m\u00e4ngid oma lemmikloteriipoe kaartidega, pakuvad kraapimiskaartide veebiversioonid p\u00f5nevat animatsiooni, et luua l\u00f5bus keskkond. V\u00f5iduelamus ja adrenaliinilaks, mida saab v\u00f5iduesemete ekraanil kuvamisest, on see, mis paneb m\u00e4ngijaid veebip\u00f5histele kraapimispiletite veebisaitidele tagasi p\u00f6\u00f6rduma. Need saidid on lisanud visuaalseid abivahendeid, et suurendada pinget ja elevust.<\/p>\n<h2>888 Casino kiirv\u00f5idu kraapimispiletid on loodud Euroopa ja \u00dchendkuningriigi m\u00e4ngijatele<\/h2>\n<p>888 Casino on rahvusvaheliselt tuntud kui maailmatasemel kasiino, kuid see on ka veebip\u00f5histe kraapimispiletite seas arvestatav j\u00f5ud. <a class=\"thirstylink\" title=\"888 casino en\" href=\"https:\/\/gambling6.com\/go\/888-casino-en\/\" target=\"_blank\" rel=\"nofollow noopener\">Kraapimispiletite sektsiooni saate k\u00fclastada siin kl\u00f5psates.<\/a><\/p>\n<p>Mida t\u00e4pselt n\u00e4ete 888 Casino veebip\u00f5histes kraapimispiletite m\u00e4ngudes? K\u00f5ige t\u00e4htsam on see, et m\u00e4ngijatele meeldib pakutavate kaartide arv. Saad m\u00e4ngida \u00fcle 40 erineva m\u00e4ngu ja kui kraapimispiletite m\u00e4ngimisest t\u00fcdined, saad kiiresti \u00fcle minna sadadele online-m\u00e4nguautomaatidele, millel on progressiivsed jackpotid ja m\u00e4nguvalik k\u00f5igile m\u00e4ngijatele. Paljud neist masinatest on algselt pennim\u00e4nguautomaadid fantastiliste v\u00e4ljamaksetega.<\/p>\n<p>See sait pakub laia valikut kasiinom\u00e4nge, aga ka pokkerit ja spordiennustust.<\/p>\n<p>888 Casino elevust veab tugimeeskond, kes vastutab keskkonna loomise eest, mis paneb sind tagasi tulema. Nad m\u00f5tlevad alati v\u00e4lja uusi viise, kuidas pakkuda sulle uusi m\u00e4nge ja uusi v\u00f5iduv\u00f5imalusi ning hoida sind igal sammul kursis.<\/p>\n<p>Kombineeri tohutud jackpotid paljude m\u00e4ngudega ja lisa maailmatasemel meeskond, kes t\u00f6\u00f6tab \u00f6\u00f6d ja p\u00e4evad, et pakkuda sulle uusi programme sinu meelelahutuseks, ning sul on imeline kraapimispiletite \u00f5ndsuse segu. Liitu kindlasti 888 Casino kraapimispiletite aktsiooniga.<\/p>\n","protected":false},"excerpt":{"rendered":"<p>Kui sulle meeldib kraapimiskaartide v\u00f5i muude kohese v\u00f5iduga m\u00e4ngude m\u00e4ngimise p\u00f5nevus, siis sulle meeldib meie veebisaidi soovitus kraapimiskaartide m\u00e4ngimiseks veebis. Internetis on palju valikuid kraapimiskaartide m\u00e4ngimiseks. K\u00f5ik need saidid pakuvad registreerimisboonuseid ja head tootevalikut. Saad registreeruda, valida makseviisi, oma kontot t\u00e4iendada ja minutitega m\u00e4ngima hakata. Kraapimiskaartide saidid veebis pakuvad suurep\u00e4rast animatsiooni Erinevalt m\u00e4ngudest, mida m\u00e4ngid [&hellip;]<\/p>\n","protected":false},"author":1,"featured_media":8679,"parent":0,"menu_order":7,"comment_status":"closed","ping_status":"closed","template":"","meta":{"footnotes":""},"class_list":["post-8677","page","type-page","status-publish","has-post-thumbnail","hentry"],"yoast_head":"<!-- This site is optimized with the Yoast SEO plugin v27.4 - https:\/\/yoast.com\/product\/yoast-seo-wordpress\/ -->\n<title>Millised on parimad online-kraapimispiletite veebisaidid?<\/title>\n<meta name=\"description\" content=\"Alusta m\u00e4ngimist parimal veebip\u00f5histe kraapimispiletite veebisaidil. Saadaval on k\u00fcmneid kraapimispileteid laias auhinnavalikus.\" \/>\n<meta name=\"robots\" content=\"index, follow, max-snippet:-1, max-image-preview:large, max-video-preview:-1\" \/>\n<link rel=\"canonical\" href=\"https:\/\/gambling6.com\/et\/kraapimispiletid\/\" \/>\n<meta property=\"og:locale\" content=\"et_EE\" \/>\n<meta property=\"og:type\" content=\"article\" \/>\n<meta property=\"og:title\" content=\"Millised on parimad online-kraapimispiletite veebisaidid?\" \/>\n<meta property=\"og:description\" content=\"Alusta m\u00e4ngimist parimal veebip\u00f5histe kraapimispiletite veebisaidil. Saadaval on k\u00fcmneid kraapimispileteid laias auhinnavalikus.\" \/>\n<meta property=\"og:url\" content=\"https:\/\/gambling6.com\/et\/kraapimispiletid\/\" \/>\n<meta property=\"og:site_name\" content=\"Gambling6\" \/>\n<meta property=\"article:modified_time\" content=\"2025-11-15T10:11:27+00:00\" \/>\n<meta property=\"og:image\" content=\"https:\/\/gambling6.com\/wp-content\/uploads\/2013\/12\/best_online_scratchcards.jpg\" \/>\n\t<meta property=\"og:image:width\" content=\"446\" \/>\n\t<meta property=\"og:image:height\" content=\"243\" \/>\n\t<meta property=\"og:image:type\" content=\"image\/jpeg\" \/>\n<meta name=\"twitter:card\" content=\"summary_large_image\" \/>\n<meta name=\"twitter:label1\" content=\"Est. reading time\" \/>\n\t<meta name=\"twitter:data1\" content=\"2 minutit\" \/>\n<script type=\"application\/ld+json\" class=\"yoast-schema-graph\">{\"@context\":\"https:\\\/\\\/schema.org\",\"@graph\":[{\"@type\":\"WebPage\",\"@id\":\"https:\\\/\\\/gambling6.com\\\/et\\\/kraapimispiletid\\\/\",\"url\":\"https:\\\/\\\/gambling6.com\\\/et\\\/kraapimispiletid\\\/\",\"name\":\"Millised on parimad online-kraapimispiletite veebisaidid?\",\"isPartOf\":{\"@id\":\"https:\\\/\\\/gambling6.com\\\/et\\\/#website\"},\"primaryImageOfPage\":{\"@id\":\"https:\\\/\\\/gambling6.com\\\/et\\\/kraapimispiletid\\\/#primaryimage\"},\"image\":{\"@id\":\"https:\\\/\\\/gambling6.com\\\/et\\\/kraapimispiletid\\\/#primaryimage\"},\"thumbnailUrl\":\"https:\\\/\\\/gambling6.com\\\/wp-content\\\/uploads\\\/2013\\\/12\\\/best_online_scratchcards.jpg\",\"datePublished\":\"2025-11-07T22:43:47+00:00\",\"dateModified\":\"2025-11-15T10:11:27+00:00\",\"description\":\"Alusta m\u00e4ngimist parimal veebip\u00f5histe kraapimispiletite veebisaidil. Saadaval on k\u00fcmneid kraapimispileteid laias auhinnavalikus.\",\"breadcrumb\":{\"@id\":\"https:\\\/\\\/gambling6.com\\\/et\\\/kraapimispiletid\\\/#breadcrumb\"},\"inLanguage\":\"et\",\"potentialAction\":[{\"@type\":\"ReadAction\",\"target\":[\"https:\\\/\\\/gambling6.com\\\/et\\\/kraapimispiletid\\\/\"]}]},{\"@type\":\"ImageObject\",\"inLanguage\":\"et\",\"@id\":\"https:\\\/\\\/gambling6.com\\\/et\\\/kraapimispiletid\\\/#primaryimage\",\"url\":\"https:\\\/\\\/gambling6.com\\\/wp-content\\\/uploads\\\/2013\\\/12\\\/best_online_scratchcards.jpg\",\"contentUrl\":\"https:\\\/\\\/gambling6.com\\\/wp-content\\\/uploads\\\/2013\\\/12\\\/best_online_scratchcards.jpg\",\"width\":446,\"height\":243,\"caption\":\"best online scratchcards\"},{\"@type\":\"BreadcrumbList\",\"@id\":\"https:\\\/\\\/gambling6.com\\\/et\\\/kraapimispiletid\\\/#breadcrumb\",\"itemListElement\":[{\"@type\":\"ListItem\",\"position\":1,\"name\":\"Home\",\"item\":\"https:\\\/\\\/gambling6.com\\\/et\\\/home\\\/\"},{\"@type\":\"ListItem\",\"position\":2,\"name\":\"Kraapimispiletid\"}]},{\"@type\":\"WebSite\",\"@id\":\"https:\\\/\\\/gambling6.com\\\/et\\\/#website\",\"url\":\"https:\\\/\\\/gambling6.com\\\/et\\\/\",\"name\":\"Gambling6\",\"description\":\"\",\"potentialAction\":[{\"@type\":\"SearchAction\",\"target\":{\"@type\":\"EntryPoint\",\"urlTemplate\":\"https:\\\/\\\/gambling6.com\\\/et\\\/?s={search_term_string}\"},\"query-input\":{\"@type\":\"PropertyValueSpecification\",\"valueRequired\":true,\"valueName\":\"search_term_string\"}}],\"inLanguage\":\"et\"}]}<\/script>\n<!-- \/ Yoast SEO plugin. -->","yoast_head_json":{"title":"Millised on parimad online-kraapimispiletite veebisaidid?","description":"Alusta m\u00e4ngimist parimal veebip\u00f5histe kraapimispiletite veebisaidil. Saadaval on k\u00fcmneid kraapimispileteid laias auhinnavalikus.","robots":{"index":"index","follow":"follow","max-snippet":"max-snippet:-1","max-image-preview":"max-image-preview:large","max-video-preview":"max-video-preview:-1"},"canonical":"https:\/\/gambling6.com\/et\/kraapimispiletid\/","og_locale":"et_EE","og_type":"article","og_title":"Millised on parimad online-kraapimispiletite veebisaidid?","og_description":"Alusta m\u00e4ngimist parimal veebip\u00f5histe kraapimispiletite veebisaidil. Saadaval on k\u00fcmneid kraapimispileteid laias auhinnavalikus.","og_url":"https:\/\/gambling6.com\/et\/kraapimispiletid\/","og_site_name":"Gambling6","article_modified_time":"2025-11-15T10:11:27+00:00","og_image":[{"width":446,"height":243,"url":"https:\/\/gambling6.com\/wp-content\/uploads\/2013\/12\/best_online_scratchcards.jpg","type":"image\/jpeg"}],"twitter_card":"summary_large_image","twitter_misc":{"Est. reading time":"2 minutit"},"schema":{"@context":"https:\/\/schema.org","@graph":[{"@type":"WebPage","@id":"https:\/\/gambling6.com\/et\/kraapimispiletid\/","url":"https:\/\/gambling6.com\/et\/kraapimispiletid\/","name":"Millised on parimad online-kraapimispiletite veebisaidid?","isPartOf":{"@id":"https:\/\/gambling6.com\/et\/#website"},"primaryImageOfPage":{"@id":"https:\/\/gambling6.com\/et\/kraapimispiletid\/#primaryimage"},"image":{"@id":"https:\/\/gambling6.com\/et\/kraapimispiletid\/#primaryimage"},"thumbnailUrl":"https:\/\/gambling6.com\/wp-content\/uploads\/2013\/12\/best_online_scratchcards.jpg","datePublished":"2025-11-07T22:43:47+00:00","dateModified":"2025-11-15T10:11:27+00:00","description":"Alusta m\u00e4ngimist parimal veebip\u00f5histe kraapimispiletite veebisaidil. Saadaval on k\u00fcmneid kraapimispileteid laias auhinnavalikus.","breadcrumb":{"@id":"https:\/\/gambling6.com\/et\/kraapimispiletid\/#breadcrumb"},"inLanguage":"et","potentialAction":[{"@type":"ReadAction","target":["https:\/\/gambling6.com\/et\/kraapimispiletid\/"]}]},{"@type":"ImageObject","inLanguage":"et","@id":"https:\/\/gambling6.com\/et\/kraapimispiletid\/#primaryimage","url":"https:\/\/gambling6.com\/wp-content\/uploads\/2013\/12\/best_online_scratchcards.jpg","contentUrl":"https:\/\/gambling6.com\/wp-content\/uploads\/2013\/12\/best_online_scratchcards.jpg","width":446,"height":243,"caption":"best online scratchcards"},{"@type":"BreadcrumbList","@id":"https:\/\/gambling6.com\/et\/kraapimispiletid\/#breadcrumb","itemListElement":[{"@type":"ListItem","position":1,"name":"Home","item":"https:\/\/gambling6.com\/et\/home\/"},{"@type":"ListItem","position":2,"name":"Kraapimispiletid"}]},{"@type":"WebSite","@id":"https:\/\/gambling6.com\/et\/#website","url":"https:\/\/gambling6.com\/et\/","name":"Gambling6","description":"","potentialAction":[{"@type":"SearchAction","target":{"@type":"EntryPoint","urlTemplate":"https:\/\/gambling6.com\/et\/?s={search_term_string}"},"query-input":{"@type":"PropertyValueSpecification","valueRequired":true,"valueName":"search_term_string"}}],"inLanguage":"et"}]}},"_links":{"self":[{"href":"https:\/\/gambling6.com\/et\/wp-json\/wp\/v2\/pages\/8677","targetHints":{"allow":["GET"]}}],"collection":[{"href":"https:\/\/gambling6.com\/et\/wp-json\/wp\/v2\/pages"}],"about":[{"href":"https:\/\/gambling6.com\/et\/wp-json\/wp\/v2\/types\/page"}],"author":[{"embeddable":true,"href":"https:\/\/gambling6.com\/et\/wp-json\/wp\/v2\/users\/1"}],"replies":[{"embeddable":true,"href":"https:\/\/gambling6.com\/et\/wp-json\/wp\/v2\/comments?post=8677"}],"version-history":[{"count":1,"href":"https:\/\/gambling6.com\/et\/wp-json\/wp\/v2\/pages\/8677\/revisions"}],"predecessor-version":[{"id":10917,"href":"https:\/\/gambling6.com\/et\/wp-json\/wp\/v2\/pages\/8677\/revisions\/10917"}],"wp:featuredmedia":[{"embeddable":true,"href":"https:\/\/gambling6.com\/et\/wp-json\/wp\/v2\/media\/8679"}],"wp:attachment":[{"href":"https:\/\/gambling6.com\/et\/wp-json\/wp\/v2\/media?parent=8677"}],"curies":[{"name":"wp","href":"https:\/\/api.w.org\/{rel}","templated":true}]}}