{"id":8780,"date":"2025-11-08T00:04:12","date_gmt":"2025-11-08T00:04:12","guid":{"rendered":"https:\/\/gambling6.com\/poker\/"},"modified":"2025-11-15T08:08:32","modified_gmt":"2025-11-15T08:08:32","slug":"poker","status":"publish","type":"page","link":"https:\/\/gambling6.com\/et\/poker\/","title":{"rendered":"Poker"},"content":{"rendered":"<h2 style=\"text-align: left;\"><img loading=\"lazy\" decoding=\"async\" class=\" wp-image-3009 alignright\" src=\"https:\/\/gambling6.com\/wp-content\/uploads\/2022\/04\/pokertournament-300x209.jpg\" alt=\"alusta pokkerit\" width=\"266\" height=\"185\" srcset=\"https:\/\/gambling6.com\/wp-content\/uploads\/2022\/04\/pokertournament-300x209.jpg 300w, https:\/\/gambling6.com\/wp-content\/uploads\/2022\/04\/pokertournament.jpg 415w\" sizes=\"auto, (max-width: 266px) 100vw, 266px\" \/>Alusta online-pokkeriga<\/h2>\n<p>Kui soovid online-pokkeri m\u00e4ngimist alustada, on paar asja, mida pead teadma. Pokker on oskuste m\u00e4ng. Me ei \u00fctle, et \u00f5nne pole vaja \u2013 tegelikult on \u2013, aga kui tahad raha teenida, on kindlasti vaja \u00f5ppida.<\/p>\n<h2>5 kuldreeglit online-pokkeri m\u00e4ngimise alustamiseks<\/h2>\n<ol>\n<li>Vali pokkerituba targalt \u2013 loe meie arvustusi enne saidi valimist, kus m\u00e4ngid<\/li>\n<li>Alusta m\u00e4ngurahaga, et tutvuda reeglite ja m\u00e4nguga endaga, seej\u00e4rel alusta madalaima p\u00e4risraha tasemega<\/li>\n<li>Kuluta palju aega pokkeristrateegia kohta lugemisele. Tea, millised algk\u00e4ed on millises olukorras head ja tea, kuidas neid lauas millisel positsioonil m\u00e4ngida. \u201eTight on \u00f5ige\u201c on algajale parim n\u00f5uanne ja sinu suhteline positsioon on sinu otsuste tegemisel v\u00e4ga oluline.<\/li>\n<li>Kasuta oma esimese sissemakse jaoks head boonuspakkumist v\u00f5i isegi tasuta m\u00e4ngukassa pakkumist, n\u00e4iteks 888 Pokeri pakkumist. Nad annavad sulle registreerumise eest tasuta 20,00 \u20ac (v\u00f5i GBP, olenevalt sinu elukohast)! Ja sa saad ikkagi 100% ja kuni 300,00 \u20ac v\u00f5i GBP sissemakseboonust, kui teed raha sisse.<a class=\"thirstylink\" title=\"888 poker en\" href=\"https:\/\/gambling6.com\/go\/888-poker-en\/\" target=\"_blank\" rel=\"nofollow noopener\"> <span style=\"text-decoration: underline;\"><strong>Kl\u00f5psa siia, et<\/strong><\/span><span style=\"text-decoration: underline;\"><strong>minna <\/strong><\/span><span style=\"text-decoration: underline;\"><strong>kohta <\/strong><\/span><span style=\"text-decoration: underline;\"><strong>8<\/strong><\/span><span style=\"text-decoration: underline;\"><strong>88 Poker kohe.<\/strong><\/span><\/a><\/li>\n<li>Halda oma m\u00e4ngukassat hoolikalt. Sul peab olema v\u00e4hemalt 100 korda, parem kui 200 korda suurem summa kui sinu m\u00e4ngutaseme minimaalne panustamissumma.<\/li>\n<\/ol>\n<p><a href=\"https:\/\/ic.aff-handler.com\/C\/46138?sr=1073333&amp;anid=\" rel=\"nofollow\"><img loading=\"lazy\" decoding=\"async\" class=\"aligncenter\" src=\"https:\/\/ic.aff-handler.com\/I\/46138?sr=1073333&amp;anid=\" width=\"563\" height=\"72\" \/><\/a><\/p>\n<h2>Parimad veebisaidid algajatele online-pokkeri m\u00e4ngimiseks<\/h2>\n<p>Noh, \u00fcks veebisait, mida me juba mainisime. See on 888 Poker, kus 20 \u20ac tasuta m\u00e4ngukassa pakkumine v\u00f5imaldab sul kohe p\u00e4risrahaga m\u00e4ngida, ilma et peaksid sissemakset tegema. Ja hiljem saate oma raha sissemakse korral veel \u00fche boonuse, mis teie raha kahekordistab. See pakkuja ei aktsepteeri aga USA m\u00e4ngijaid.<\/p>\n<h2>Parimad veebisaidid USA pokkerim\u00e4ngijatele<\/h2>\n<p>USA seaduslike piirangute t\u00f5ttu pole teil nii palju valikuid. Enamik operaatoreid on USA turult lahkunud ja reguleeritud online-hasartm\u00e4nguturg USAs on endiselt tuleviku k\u00fcsimus \u2013 v\u00e4hemalt enamiku osariikide jaoks.<\/p>\n<p>Siiski oleks praegu teie parim valik BetOnline Poker. <a class=\"thirstylink\" title=\"Betonline poker en\" href=\"https:\/\/gambling6.com\/go\/betonline-poker-en\/\" target=\"_blank\" rel=\"nofollow noopener\">Kl\u00f5psake sellel lingil, et k\u00fclastada nende saiti<\/a>, kus saate m\u00e4ngida pokkerit ja igasuguseid kasiinom\u00e4nge.<\/p>\n","protected":false},"excerpt":{"rendered":"<p>Alusta online-pokkeriga Kui soovid online-pokkeri m\u00e4ngimist alustada, on paar asja, mida pead teadma. Pokker on oskuste m\u00e4ng. Me ei \u00fctle, et \u00f5nne pole vaja \u2013 tegelikult on \u2013, aga kui tahad raha teenida, on kindlasti vaja \u00f5ppida. 5 kuldreeglit online-pokkeri m\u00e4ngimise alustamiseks Vali pokkerituba targalt \u2013 loe meie arvustusi enne saidi valimist, kus m\u00e4ngid Alusta [&hellip;]<\/p>\n","protected":false},"author":1,"featured_media":0,"parent":0,"menu_order":5,"comment_status":"closed","ping_status":"closed","template":"","meta":{"footnotes":""},"class_list":["post-8780","page","type-page","status-publish","hentry"],"yoast_head":"<!-- This site is optimized with the Yoast SEO plugin v27.3 - https:\/\/yoast.com\/product\/yoast-seo-wordpress\/ -->\n<title>Parimad kohad online-pokkeri m\u00e4ngimise alustamiseks?<\/title>\n<meta name=\"description\" content=\"Parimad kohad online-pokkeri m\u00e4ngimiseks, 5 kuldreeglit alustamiseks\" \/>\n<meta name=\"robots\" content=\"index, follow, max-snippet:-1, max-image-preview:large, max-video-preview:-1\" \/>\n<link rel=\"canonical\" href=\"https:\/\/gambling6.com\/et\/poker\/\" \/>\n<meta property=\"og:locale\" content=\"et_EE\" \/>\n<meta property=\"og:type\" content=\"article\" \/>\n<meta property=\"og:title\" content=\"Parimad kohad online-pokkeri m\u00e4ngimise alustamiseks?\" \/>\n<meta property=\"og:description\" content=\"Parimad kohad online-pokkeri m\u00e4ngimiseks, 5 kuldreeglit alustamiseks\" \/>\n<meta property=\"og:url\" content=\"https:\/\/gambling6.com\/et\/poker\/\" \/>\n<meta property=\"og:site_name\" content=\"Gambling6\" \/>\n<meta property=\"article:modified_time\" content=\"2025-11-15T08:08:32+00:00\" \/>\n<meta property=\"og:image\" content=\"https:\/\/gambling6.com\/wp-content\/uploads\/2022\/04\/pokertournament.jpg\" \/>\n\t<meta property=\"og:image:width\" content=\"415\" \/>\n\t<meta property=\"og:image:height\" content=\"289\" \/>\n\t<meta property=\"og:image:type\" content=\"image\/jpeg\" \/>\n<meta name=\"twitter:card\" content=\"summary_large_image\" \/>\n<meta name=\"twitter:label1\" content=\"Est. reading time\" \/>\n\t<meta name=\"twitter:data1\" content=\"2 minutit\" \/>\n<script type=\"application\/ld+json\" class=\"yoast-schema-graph\">{\"@context\":\"https:\\\/\\\/schema.org\",\"@graph\":[{\"@type\":\"WebPage\",\"@id\":\"https:\\\/\\\/gambling6.com\\\/et\\\/poker\\\/\",\"url\":\"https:\\\/\\\/gambling6.com\\\/et\\\/poker\\\/\",\"name\":\"Parimad kohad online-pokkeri m\u00e4ngimise alustamiseks?\",\"isPartOf\":{\"@id\":\"https:\\\/\\\/gambling6.com\\\/et\\\/#website\"},\"primaryImageOfPage\":{\"@id\":\"https:\\\/\\\/gambling6.com\\\/et\\\/poker\\\/#primaryimage\"},\"image\":{\"@id\":\"https:\\\/\\\/gambling6.com\\\/et\\\/poker\\\/#primaryimage\"},\"thumbnailUrl\":\"https:\\\/\\\/gambling6.com\\\/wp-content\\\/uploads\\\/2022\\\/04\\\/pokertournament-300x209.jpg\",\"datePublished\":\"2025-11-08T00:04:12+00:00\",\"dateModified\":\"2025-11-15T08:08:32+00:00\",\"description\":\"Parimad kohad online-pokkeri m\u00e4ngimiseks, 5 kuldreeglit alustamiseks\",\"breadcrumb\":{\"@id\":\"https:\\\/\\\/gambling6.com\\\/et\\\/poker\\\/#breadcrumb\"},\"inLanguage\":\"et\",\"potentialAction\":[{\"@type\":\"ReadAction\",\"target\":[\"https:\\\/\\\/gambling6.com\\\/et\\\/poker\\\/\"]}]},{\"@type\":\"ImageObject\",\"inLanguage\":\"et\",\"@id\":\"https:\\\/\\\/gambling6.com\\\/et\\\/poker\\\/#primaryimage\",\"url\":\"https:\\\/\\\/gambling6.com\\\/wp-content\\\/uploads\\\/2022\\\/04\\\/pokertournament-300x209.jpg\",\"contentUrl\":\"https:\\\/\\\/gambling6.com\\\/wp-content\\\/uploads\\\/2022\\\/04\\\/pokertournament-300x209.jpg\"},{\"@type\":\"BreadcrumbList\",\"@id\":\"https:\\\/\\\/gambling6.com\\\/et\\\/poker\\\/#breadcrumb\",\"itemListElement\":[{\"@type\":\"ListItem\",\"position\":1,\"name\":\"Home\",\"item\":\"https:\\\/\\\/gambling6.com\\\/et\\\/home\\\/\"},{\"@type\":\"ListItem\",\"position\":2,\"name\":\"Poker\"}]},{\"@type\":\"WebSite\",\"@id\":\"https:\\\/\\\/gambling6.com\\\/et\\\/#website\",\"url\":\"https:\\\/\\\/gambling6.com\\\/et\\\/\",\"name\":\"Gambling6\",\"description\":\"\",\"potentialAction\":[{\"@type\":\"SearchAction\",\"target\":{\"@type\":\"EntryPoint\",\"urlTemplate\":\"https:\\\/\\\/gambling6.com\\\/et\\\/?s={search_term_string}\"},\"query-input\":{\"@type\":\"PropertyValueSpecification\",\"valueRequired\":true,\"valueName\":\"search_term_string\"}}],\"inLanguage\":\"et\"}]}<\/script>\n<!-- \/ Yoast SEO plugin. -->","yoast_head_json":{"title":"Parimad kohad online-pokkeri m\u00e4ngimise alustamiseks?","description":"Parimad kohad online-pokkeri m\u00e4ngimiseks, 5 kuldreeglit alustamiseks","robots":{"index":"index","follow":"follow","max-snippet":"max-snippet:-1","max-image-preview":"max-image-preview:large","max-video-preview":"max-video-preview:-1"},"canonical":"https:\/\/gambling6.com\/et\/poker\/","og_locale":"et_EE","og_type":"article","og_title":"Parimad kohad online-pokkeri m\u00e4ngimise alustamiseks?","og_description":"Parimad kohad online-pokkeri m\u00e4ngimiseks, 5 kuldreeglit alustamiseks","og_url":"https:\/\/gambling6.com\/et\/poker\/","og_site_name":"Gambling6","article_modified_time":"2025-11-15T08:08:32+00:00","og_image":[{"width":415,"height":289,"url":"https:\/\/gambling6.com\/wp-content\/uploads\/2022\/04\/pokertournament.jpg","type":"image\/jpeg"}],"twitter_card":"summary_large_image","twitter_misc":{"Est. reading time":"2 minutit"},"schema":{"@context":"https:\/\/schema.org","@graph":[{"@type":"WebPage","@id":"https:\/\/gambling6.com\/et\/poker\/","url":"https:\/\/gambling6.com\/et\/poker\/","name":"Parimad kohad online-pokkeri m\u00e4ngimise alustamiseks?","isPartOf":{"@id":"https:\/\/gambling6.com\/et\/#website"},"primaryImageOfPage":{"@id":"https:\/\/gambling6.com\/et\/poker\/#primaryimage"},"image":{"@id":"https:\/\/gambling6.com\/et\/poker\/#primaryimage"},"thumbnailUrl":"https:\/\/gambling6.com\/wp-content\/uploads\/2022\/04\/pokertournament-300x209.jpg","datePublished":"2025-11-08T00:04:12+00:00","dateModified":"2025-11-15T08:08:32+00:00","description":"Parimad kohad online-pokkeri m\u00e4ngimiseks, 5 kuldreeglit alustamiseks","breadcrumb":{"@id":"https:\/\/gambling6.com\/et\/poker\/#breadcrumb"},"inLanguage":"et","potentialAction":[{"@type":"ReadAction","target":["https:\/\/gambling6.com\/et\/poker\/"]}]},{"@type":"ImageObject","inLanguage":"et","@id":"https:\/\/gambling6.com\/et\/poker\/#primaryimage","url":"https:\/\/gambling6.com\/wp-content\/uploads\/2022\/04\/pokertournament-300x209.jpg","contentUrl":"https:\/\/gambling6.com\/wp-content\/uploads\/2022\/04\/pokertournament-300x209.jpg"},{"@type":"BreadcrumbList","@id":"https:\/\/gambling6.com\/et\/poker\/#breadcrumb","itemListElement":[{"@type":"ListItem","position":1,"name":"Home","item":"https:\/\/gambling6.com\/et\/home\/"},{"@type":"ListItem","position":2,"name":"Poker"}]},{"@type":"WebSite","@id":"https:\/\/gambling6.com\/et\/#website","url":"https:\/\/gambling6.com\/et\/","name":"Gambling6","description":"","potentialAction":[{"@type":"SearchAction","target":{"@type":"EntryPoint","urlTemplate":"https:\/\/gambling6.com\/et\/?s={search_term_string}"},"query-input":{"@type":"PropertyValueSpecification","valueRequired":true,"valueName":"search_term_string"}}],"inLanguage":"et"}]}},"_links":{"self":[{"href":"https:\/\/gambling6.com\/et\/wp-json\/wp\/v2\/pages\/8780","targetHints":{"allow":["GET"]}}],"collection":[{"href":"https:\/\/gambling6.com\/et\/wp-json\/wp\/v2\/pages"}],"about":[{"href":"https:\/\/gambling6.com\/et\/wp-json\/wp\/v2\/types\/page"}],"author":[{"embeddable":true,"href":"https:\/\/gambling6.com\/et\/wp-json\/wp\/v2\/users\/1"}],"replies":[{"embeddable":true,"href":"https:\/\/gambling6.com\/et\/wp-json\/wp\/v2\/comments?post=8780"}],"version-history":[{"count":2,"href":"https:\/\/gambling6.com\/et\/wp-json\/wp\/v2\/pages\/8780\/revisions"}],"predecessor-version":[{"id":10836,"href":"https:\/\/gambling6.com\/et\/wp-json\/wp\/v2\/pages\/8780\/revisions\/10836"}],"wp:attachment":[{"href":"https:\/\/gambling6.com\/et\/wp-json\/wp\/v2\/media?parent=8780"}],"curies":[{"name":"wp","href":"https:\/\/api.w.org\/{rel}","templated":true}]}}