{"id":8873,"date":"2025-11-08T09:15:17","date_gmt":"2025-11-08T09:15:17","guid":{"rendered":"https:\/\/gambling6.com\/kasiino\/blackjacki-paritolu\/"},"modified":"2025-11-08T09:15:17","modified_gmt":"2025-11-08T09:15:17","slug":"blackjacki-paritolu","status":"publish","type":"page","link":"https:\/\/gambling6.com\/et\/kasiino\/blackjacki-paritolu\/","title":{"rendered":"Blackjacki p\u00e4ritolu"},"content":{"rendered":"<h2>Millal blackjacki esmakordselt m\u00e4ngiti<\/h2>\n<p><a href=\"http:\/\/gambling6.com\/wp-content\/uploads\/2013\/12\/history-of-balck-jack.jpg\"><img loading=\"lazy\" decoding=\"async\" class=\"aligncenter size-full wp-image-547 alignright size-full wp-image-183\" style=\"margin: 5px; float: right;\" src=\"http:\/\/gambling6.com\/wp-content\/uploads\/2013\/12\/history-of-balck-jack.jpg\" alt=\"blackjacki ajalugu\" width=\"243\" height=\"207\" \/><\/a>Hasartm\u00e4nguajaloolased on segaduses m\u00e4ngu, mida me tunneme blackjackina, ajaloo ja p\u00e4ritolu osas. Isegi t\u00e4nap\u00e4eval on selle ajalugu paljude uurijate jaoks kuum aruteluteema. Kaardim\u00e4ngude ajaloost saab j\u00e4reldada, et m\u00e4ngukaarte kasutati algselt Hiinas, Indias ja Egiptuses juba 900. aastal pKr. V\u00e4idetavalt said esimesed kaardim\u00e4ngud alguse Hiinas.<\/p>\n<p>Kuid siiani r\u00e4\u00e4gitakse, et blackjacki leiutasid tegelikult prantslased. Prantslastel olid kaardim\u00e4ngud, mida tunti kui \u201echemin de fer\u201d ja \u201eFrench Ferme\u201d. Arvatakse, et blackjack on tegelikult nende kahe Prantsuse m\u00e4ngu haru.<\/p>\n<p>Kuskil aastal 1700 pKr tutvustati tolleaegsetes Prantsuse kasiinodes m\u00e4ngu, mida tunti kui \u201evingt-et-un\u201d, mis t\u00e4hendab kaksk\u00fcmmend \u00fcks. 19. sajandil r\u00e4ndas sama m\u00e4ng Ameerika \u00dchendriikidesse.<\/p>\n<p>Kuigi \u201evingt-et-un\u201d tundub olevat \u00fcsna sarnane blackjackiga, on see m\u00f5nes aspektis siiski erinev. Selles m\u00e4ngus on eesm\u00e4rk saavutada \u201eloomulik\u201d kaartidega, mille koguarv on kaksk\u00fcmmend \u00fcks. Lisaks jagati kaarte voorudes ja iga vooru kohta tehti panuseid. Samuti oli ainult diileril \u00f5igus \u201ekahekordistada\u201d ja kui ta sai loomuliku kaardi, olid k\u00f5ik teised m\u00e4ngijad kohustatud talle kolmekordse panuse maksma.<\/p>\n<p>Teine vastavate uurijate argument on see, et Itaalia m\u00e4ng nimega \u201eSeitse ja pool\u201c v\u00f5is samuti kaasa aidata praeguse blackjacki tekkele. M\u00e4ngu m\u00e4ngiti kaartidega numbritega 8, 9 ja 10 koos pildikaartidega. Pildikaarte loeti aga \u201epooleks\u201c. Lisaks k\u00e4sitleti teemantide kuningat nagu metsikut kaarti. Arvatakse, et see oli esimene m\u00e4ng, kus v\u00f5eti kasutusele \u201epandud\u201c m\u00f5iste. See t\u00e4hendab, et kui m\u00f5ne m\u00e4ngija kaartide kogusumma oli \u00fcle seitsme ja poole, siis ta l\u00e4ks pankrotti ehk langes m\u00e4ngust v\u00e4lja.<\/p>\n<p>Ka kuulus Hispaania m\u00e4ng \u201e\u00dcks ja kolmk\u00fcmmend\u201c oli sarnane blackjackiga. Kuid selles oli kogusumma kolmk\u00fcmmend \u00fcks kahek\u00fcmne \u00fche asemel ning seda m\u00e4ngiti kolme kaardiga kahe asemel nagu blackjackis.<\/p>\n<p>Algselt, kui blackjack j\u00f5udis Ameerika kasiinodesse umbes 1910. aastal, ei olnud see eriti populaarne. Hasartm\u00e4ngumajad tutvustasid mitmesuguseid stiimuleid ja boonuseid, et inimesi m\u00e4ngu juurde meelitada. Hasartm\u00e4ngumaja pakutav boonuse v\u00e4ljamakse oli algselt 10:1. M\u00f5ned kasiinod lisasid uue m\u00e4ngu v\u00f5lu, tunnistades nii risti kui ka poti \u00e4ssa, mille v\u00f5idusumma on k\u00fcmme \u00fchele.<\/p>\n<p>Teine omap\u00e4rane asi on see, kuidas selles m\u00e4ngus nime &#8220;Blackjack&#8221; kasutatakse. V\u00e4idetavalt nimetati m\u00e4ngu Blackjackiks seep\u00e4rast, et boonusv\u00e4ljamakse saamiseks pidi m\u00e4ngijal esimesed kaks kaarti olema kas poti \u00e4ss v\u00f5i poti \u00e4ss.<\/p>\n<p>Kuigi n\u00fc\u00fcd ei ole poti \u00e4ss enam v\u00f5iduk\u00e4e moodustamiseks vajalik ja iga k\u00fcmne v\u00e4\u00e4rtusega kaart koos \u00e4ssaga kvalifitseerub v\u00f5iduk\u00e4eks, kannab nimi Blackjack seda siiski.<\/p>\n","protected":false},"excerpt":{"rendered":"<p>Millal blackjacki esmakordselt m\u00e4ngiti Hasartm\u00e4nguajaloolased on segaduses m\u00e4ngu, mida me tunneme blackjackina, ajaloo ja p\u00e4ritolu osas. Isegi t\u00e4nap\u00e4eval on selle ajalugu paljude uurijate jaoks kuum aruteluteema. Kaardim\u00e4ngude ajaloost saab j\u00e4reldada, et m\u00e4ngukaarte kasutati algselt Hiinas, Indias ja Egiptuses juba 900. aastal pKr. V\u00e4idetavalt said esimesed kaardim\u00e4ngud alguse Hiinas. Kuid siiani r\u00e4\u00e4gitakse, et blackjacki leiutasid tegelikult [&hellip;]<\/p>\n","protected":false},"author":1,"featured_media":8874,"parent":8284,"menu_order":56,"comment_status":"closed","ping_status":"closed","template":"","meta":{"footnotes":""},"class_list":["post-8873","page","type-page","status-publish","has-post-thumbnail","hentry"],"yoast_head":"<!-- This site is optimized with the Yoast SEO plugin v27.3 - https:\/\/yoast.com\/product\/yoast-seo-wordpress\/ -->\n<title>Blackjacki kaardim\u00e4ngu p\u00e4ritolu<\/title>\n<meta name=\"description\" content=\"Loe Black Jacki ajaloost, populaarsest strippm\u00e4ngust kasiinoajaviideteni ja online-kasiinodeni.\" \/>\n<meta name=\"robots\" content=\"index, follow, max-snippet:-1, max-image-preview:large, max-video-preview:-1\" \/>\n<link rel=\"canonical\" href=\"https:\/\/gambling6.com\/et\/kasiino\/blackjacki-paritolu\/\" \/>\n<meta property=\"og:locale\" content=\"et_EE\" \/>\n<meta property=\"og:type\" content=\"article\" \/>\n<meta property=\"og:title\" content=\"Blackjacki kaardim\u00e4ngu p\u00e4ritolu\" \/>\n<meta property=\"og:description\" content=\"Loe Black Jacki ajaloost, populaarsest strippm\u00e4ngust kasiinoajaviideteni ja online-kasiinodeni.\" \/>\n<meta property=\"og:url\" content=\"https:\/\/gambling6.com\/et\/kasiino\/blackjacki-paritolu\/\" \/>\n<meta property=\"og:site_name\" content=\"Gambling6\" \/>\n<meta property=\"og:image\" content=\"https:\/\/gambling6.com\/wp-content\/uploads\/2013\/12\/history-of-balck-jack.jpg\" \/>\n\t<meta property=\"og:image:width\" content=\"243\" \/>\n\t<meta property=\"og:image:height\" content=\"207\" \/>\n\t<meta property=\"og:image:type\" content=\"image\/jpeg\" \/>\n<meta name=\"twitter:card\" content=\"summary_large_image\" \/>\n<meta name=\"twitter:label1\" content=\"Est. reading time\" \/>\n\t<meta name=\"twitter:data1\" content=\"2 minutit\" \/>\n<script type=\"application\/ld+json\" class=\"yoast-schema-graph\">{\"@context\":\"https:\\\/\\\/schema.org\",\"@graph\":[{\"@type\":\"WebPage\",\"@id\":\"https:\\\/\\\/gambling6.com\\\/et\\\/kasiino\\\/blackjacki-paritolu\\\/\",\"url\":\"https:\\\/\\\/gambling6.com\\\/et\\\/kasiino\\\/blackjacki-paritolu\\\/\",\"name\":\"Blackjacki kaardim\u00e4ngu p\u00e4ritolu\",\"isPartOf\":{\"@id\":\"https:\\\/\\\/gambling6.com\\\/et\\\/#website\"},\"primaryImageOfPage\":{\"@id\":\"https:\\\/\\\/gambling6.com\\\/et\\\/kasiino\\\/blackjacki-paritolu\\\/#primaryimage\"},\"image\":{\"@id\":\"https:\\\/\\\/gambling6.com\\\/et\\\/kasiino\\\/blackjacki-paritolu\\\/#primaryimage\"},\"thumbnailUrl\":\"https:\\\/\\\/gambling6.com\\\/wp-content\\\/uploads\\\/2013\\\/12\\\/history-of-balck-jack.jpg\",\"datePublished\":\"2025-11-08T09:15:17+00:00\",\"description\":\"Loe Black Jacki ajaloost, populaarsest strippm\u00e4ngust kasiinoajaviideteni ja online-kasiinodeni.\",\"breadcrumb\":{\"@id\":\"https:\\\/\\\/gambling6.com\\\/et\\\/kasiino\\\/blackjacki-paritolu\\\/#breadcrumb\"},\"inLanguage\":\"et\",\"potentialAction\":[{\"@type\":\"ReadAction\",\"target\":[\"https:\\\/\\\/gambling6.com\\\/et\\\/kasiino\\\/blackjacki-paritolu\\\/\"]}]},{\"@type\":\"ImageObject\",\"inLanguage\":\"et\",\"@id\":\"https:\\\/\\\/gambling6.com\\\/et\\\/kasiino\\\/blackjacki-paritolu\\\/#primaryimage\",\"url\":\"https:\\\/\\\/gambling6.com\\\/wp-content\\\/uploads\\\/2013\\\/12\\\/history-of-balck-jack.jpg\",\"contentUrl\":\"https:\\\/\\\/gambling6.com\\\/wp-content\\\/uploads\\\/2013\\\/12\\\/history-of-balck-jack.jpg\",\"width\":243,\"height\":207,\"caption\":\"best casino blackjack\"},{\"@type\":\"BreadcrumbList\",\"@id\":\"https:\\\/\\\/gambling6.com\\\/et\\\/kasiino\\\/blackjacki-paritolu\\\/#breadcrumb\",\"itemListElement\":[{\"@type\":\"ListItem\",\"position\":1,\"name\":\"Home\",\"item\":\"https:\\\/\\\/gambling6.com\\\/et\\\/home\\\/\"},{\"@type\":\"ListItem\",\"position\":2,\"name\":\"Kasiino\",\"item\":\"https:\\\/\\\/gambling6.com\\\/et\\\/get-started-with-online-gambling\\\/\"},{\"@type\":\"ListItem\",\"position\":3,\"name\":\"Blackjacki p\u00e4ritolu\"}]},{\"@type\":\"WebSite\",\"@id\":\"https:\\\/\\\/gambling6.com\\\/et\\\/#website\",\"url\":\"https:\\\/\\\/gambling6.com\\\/et\\\/\",\"name\":\"Gambling6\",\"description\":\"\",\"potentialAction\":[{\"@type\":\"SearchAction\",\"target\":{\"@type\":\"EntryPoint\",\"urlTemplate\":\"https:\\\/\\\/gambling6.com\\\/et\\\/?s={search_term_string}\"},\"query-input\":{\"@type\":\"PropertyValueSpecification\",\"valueRequired\":true,\"valueName\":\"search_term_string\"}}],\"inLanguage\":\"et\"}]}<\/script>\n<!-- \/ Yoast SEO plugin. -->","yoast_head_json":{"title":"Blackjacki kaardim\u00e4ngu p\u00e4ritolu","description":"Loe Black Jacki ajaloost, populaarsest strippm\u00e4ngust kasiinoajaviideteni ja online-kasiinodeni.","robots":{"index":"index","follow":"follow","max-snippet":"max-snippet:-1","max-image-preview":"max-image-preview:large","max-video-preview":"max-video-preview:-1"},"canonical":"https:\/\/gambling6.com\/et\/kasiino\/blackjacki-paritolu\/","og_locale":"et_EE","og_type":"article","og_title":"Blackjacki kaardim\u00e4ngu p\u00e4ritolu","og_description":"Loe Black Jacki ajaloost, populaarsest strippm\u00e4ngust kasiinoajaviideteni ja online-kasiinodeni.","og_url":"https:\/\/gambling6.com\/et\/kasiino\/blackjacki-paritolu\/","og_site_name":"Gambling6","og_image":[{"width":243,"height":207,"url":"https:\/\/gambling6.com\/wp-content\/uploads\/2013\/12\/history-of-balck-jack.jpg","type":"image\/jpeg"}],"twitter_card":"summary_large_image","twitter_misc":{"Est. reading time":"2 minutit"},"schema":{"@context":"https:\/\/schema.org","@graph":[{"@type":"WebPage","@id":"https:\/\/gambling6.com\/et\/kasiino\/blackjacki-paritolu\/","url":"https:\/\/gambling6.com\/et\/kasiino\/blackjacki-paritolu\/","name":"Blackjacki kaardim\u00e4ngu p\u00e4ritolu","isPartOf":{"@id":"https:\/\/gambling6.com\/et\/#website"},"primaryImageOfPage":{"@id":"https:\/\/gambling6.com\/et\/kasiino\/blackjacki-paritolu\/#primaryimage"},"image":{"@id":"https:\/\/gambling6.com\/et\/kasiino\/blackjacki-paritolu\/#primaryimage"},"thumbnailUrl":"https:\/\/gambling6.com\/wp-content\/uploads\/2013\/12\/history-of-balck-jack.jpg","datePublished":"2025-11-08T09:15:17+00:00","description":"Loe Black Jacki ajaloost, populaarsest strippm\u00e4ngust kasiinoajaviideteni ja online-kasiinodeni.","breadcrumb":{"@id":"https:\/\/gambling6.com\/et\/kasiino\/blackjacki-paritolu\/#breadcrumb"},"inLanguage":"et","potentialAction":[{"@type":"ReadAction","target":["https:\/\/gambling6.com\/et\/kasiino\/blackjacki-paritolu\/"]}]},{"@type":"ImageObject","inLanguage":"et","@id":"https:\/\/gambling6.com\/et\/kasiino\/blackjacki-paritolu\/#primaryimage","url":"https:\/\/gambling6.com\/wp-content\/uploads\/2013\/12\/history-of-balck-jack.jpg","contentUrl":"https:\/\/gambling6.com\/wp-content\/uploads\/2013\/12\/history-of-balck-jack.jpg","width":243,"height":207,"caption":"best casino blackjack"},{"@type":"BreadcrumbList","@id":"https:\/\/gambling6.com\/et\/kasiino\/blackjacki-paritolu\/#breadcrumb","itemListElement":[{"@type":"ListItem","position":1,"name":"Home","item":"https:\/\/gambling6.com\/et\/home\/"},{"@type":"ListItem","position":2,"name":"Kasiino","item":"https:\/\/gambling6.com\/et\/get-started-with-online-gambling\/"},{"@type":"ListItem","position":3,"name":"Blackjacki p\u00e4ritolu"}]},{"@type":"WebSite","@id":"https:\/\/gambling6.com\/et\/#website","url":"https:\/\/gambling6.com\/et\/","name":"Gambling6","description":"","potentialAction":[{"@type":"SearchAction","target":{"@type":"EntryPoint","urlTemplate":"https:\/\/gambling6.com\/et\/?s={search_term_string}"},"query-input":{"@type":"PropertyValueSpecification","valueRequired":true,"valueName":"search_term_string"}}],"inLanguage":"et"}]}},"_links":{"self":[{"href":"https:\/\/gambling6.com\/et\/wp-json\/wp\/v2\/pages\/8873","targetHints":{"allow":["GET"]}}],"collection":[{"href":"https:\/\/gambling6.com\/et\/wp-json\/wp\/v2\/pages"}],"about":[{"href":"https:\/\/gambling6.com\/et\/wp-json\/wp\/v2\/types\/page"}],"author":[{"embeddable":true,"href":"https:\/\/gambling6.com\/et\/wp-json\/wp\/v2\/users\/1"}],"replies":[{"embeddable":true,"href":"https:\/\/gambling6.com\/et\/wp-json\/wp\/v2\/comments?post=8873"}],"version-history":[{"count":0,"href":"https:\/\/gambling6.com\/et\/wp-json\/wp\/v2\/pages\/8873\/revisions"}],"up":[{"embeddable":true,"href":"https:\/\/gambling6.com\/et\/wp-json\/wp\/v2\/pages\/8284"}],"wp:featuredmedia":[{"embeddable":true,"href":"https:\/\/gambling6.com\/et\/wp-json\/wp\/v2\/media\/8874"}],"wp:attachment":[{"href":"https:\/\/gambling6.com\/et\/wp-json\/wp\/v2\/media?parent=8873"}],"curies":[{"name":"wp","href":"https:\/\/api.w.org\/{rel}","templated":true}]}}