{"id":8916,"date":"2025-11-08T10:03:18","date_gmt":"2025-11-08T10:03:18","guid":{"rendered":"https:\/\/gambling6.com\/kasiino\/koik-mida-pead-teadma-online-slotimangude-kohta\/"},"modified":"2025-11-12T16:58:52","modified_gmt":"2025-11-12T16:58:52","slug":"koik-mida-pead-teadma-online-slotimangude-kohta","status":"publish","type":"page","link":"https:\/\/gambling6.com\/et\/kasiino\/koik-mida-pead-teadma-online-slotimangude-kohta\/","title":{"rendered":"K\u00f5ik, mida pead teadma online-slotim\u00e4ngude kohta"},"content":{"rendered":"<h2>Slotim\u00e4ngude m\u00e4ngimine &#8211; k\u00f5ige populaarsem online-kasiinom\u00e4ng<\/h2>\n<p>Online-slotikad on kasiinom\u00e4ngijate seas k\u00f5ige populaarsem valik ja selleks on palju p\u00f5hjuseid. Kuigi m\u00e4ngud tunduvad esmapilgul lihtsad, on tegelikult \u00fcsna palju asju, mida peaksite nende kohta teadma, mis aitavad teie tulemusi parandada ja luua parema online-m\u00e4ngukogemuse. Teavet p\u00e4risraha slotim\u00e4ngude erinevate elementide kohta leiate meie veebisaidilt, mis on p\u00fchendatud m\u00e4ngijatele m\u00e4ngu toimimise ja strateegiate \u00f5petamisele.<\/p>\n<h2>Online-slotikate tutvustus<\/h2>\n<p><img loading=\"lazy\" decoding=\"async\" class=\" alignright size-full wp-image-370\" style=\"margin: 5px; float: right;\" src=\"http:\/\/gambling6.com\/wp-content\/uploads\/2013\/12\/Slots-150x150.jpg\" alt=\"m\u00e4nguautomaadid-150x150\" width=\"150\" height=\"150\" \/>M\u00e4nguautomaadid on tavakasiinodes v\u00e4ga populaarsed ja tavaliselt t\u00e4idavad need suure n\u00f5udluse rahuldamiseks suuri ruume. Tegelikult on tipptundidel v\u00e4ga t\u00f5en\u00e4oline, et populaarsetes kasiinodes m\u00e4nguautomaati ei leia. M\u00e4ngu kontseptsioon on lihtne: 3 v\u00f5i 5 p\u00f6\u00f6rleval rullikul on mitu s\u00fcmbolit. M\u00e4ngija peab panustama ja valima, mitu rida ta soovib m\u00e4ngida.<\/p>\n<p>Seej\u00e4rel saab ta rullikuid keerutada ja kui s\u00fcmbolid peatuvad igal valitud real kindlas kombinatsioonis, annab m\u00e4ng auhinna vastavalt koefitsientidele ja panuse suurusele. Just see m\u00e4ngu lihtsus tegi selle algselt nii populaarseks koos potentsiaaliga v\u00f5ita suuri auhindu. Kuna online-kasiinod on aastate jooksul \u00fcha populaarsemaks muutunud, on slotim\u00e4ngud oma populaarsuse s\u00e4ilitanud, kuna m\u00e4ngijad on oma lemmikm\u00e4ngudele h\u00f5lpsama juurdep\u00e4\u00e4su saamiseks kolinud internetti.<\/p>\n<p>Kehtivad samad reeglid, kuid online-slotim\u00e4ngud kasutavad n\u00fc\u00fcd juhuslike arvude generaatoreid, et m\u00e4\u00e4rata, millised s\u00fcmbolid kuvatakse p\u00e4rast rulliku keerlemise l\u00f5petamist. Slotim\u00e4ngude v\u00f5iduv\u00f5imalused j\u00e4\u00e4vad teoreetiliselt samaks, kuid enamik m\u00e4ngijaid v\u00e4idab, et online-slotim\u00e4ngud on palju tulusamad, kuna neid ei muudeta mingil moel s\u00f5ltuvalt nende asukohast kasiinop\u00f5randal.<\/p>\n<h2>Uued v\u00f5imalused veebis<\/h2>\n<p>Online-slotim\u00e4ngud on viimastel aastatel t\u00f5eliselt populaarseks saanud ja internet on andnud tarkvaraarendajatele v\u00f5imaluse viia m\u00e4ng j\u00e4rgmisele tasemele. M\u00e4ngijad saavad n\u00fc\u00fcd valida suure hulga v\u00f5iduliinide vahel. Igal lisaliinil on sama v\u00f5iduv\u00f5imalus, seega on m\u00e4ngijal v\u00f5imalus maksta rohkem ja m\u00e4ngida \u00fche keerutusega rohkem ridu. Internet on pakkunud ka parimat viisi online-slotim\u00e4ngude laiendamiseks vastavalt nende teemale ja stiilile. Uusi pealkirju antakse v\u00e4lja \u00fcsna sageli ja need v\u00f5ivad h\u00f5lmata erinevaid teemasid, kusjuures v\u00f5imalusi piirab t\u00f5eliselt ainult kujutlusv\u00f5ime. Populaarsed filmid, nagu &#8220;Pimeduse r\u00fc\u00fctel&#8221; ja &#8220;Gladiaator&#8221;, on inspireerinud online-slotikaid.<\/p>\n<p>\u00dcks parimaid kasiinosid atraktiivsete teemade ja pilkup\u00fc\u00fcdva disainiga kasiinom\u00e4ngude jaoks on kindlasti 888 Casino. <a class=\"thirstylink\" title=\"888 casino en\" href=\"https:\/\/gambling6.com\/go\/888-casino-en\/\" target=\"_blank\" rel=\"nofollow noopener\">Kui soovite neid proovida, j\u00e4rgige seda linki \u2013 te ei pea pettuma.<\/a><\/p>\n<h2>Progressiivsed slotid<\/h2>\n<p>Progressiivseid slotim\u00e4nge v\u00f5ib leida ka tavakasiinodest, kuid need on eriti populaarsed veebis. Idee seisneb selles, et kasiino \u00fchendab mitu slotim\u00e4ngu, nii et iga panus neilt aitab kaasa \u00fchele standardsele jackpotile, mida saab igal ajal v\u00f5ita. Veebikasiinodes on nende m\u00e4ngude \u00fchendamine palju lihtsam, v\u00f5imaldades rohkematel kasutajatel sama m\u00e4ngu m\u00e4ngida. Selle tulemuseks on m\u00f5ned v\u00e4ga populaarsed progressiivsed slotid, mis v\u00f5ivad iga paari kuu tagant anda miljoneid dollareid.<\/p>\n<p>Jackpot kasvab iga m\u00e4ngija tehtud t\u00e4iendava panusega, kuni keegi saab v\u00f5idukombinatsiooni ja v\u00f5tab kogu summa. N\u00e4iteks pokkeriteemalises online-slotis v\u00f5idetakse jackpot kuningliku mastirida saamisega. Loomulikult antakse ka v\u00e4iksemaid auhindu teiste sagedamini esinevate kombinatsioonide eest, seega m\u00e4ngijad ei panusta ainult jackpoti nimel. Populaarseid progressiivseid slotim\u00e4nge v\u00f5ib leida mitmest online-kasiinost korraga, kui nad kasutavad sama tarkvarapakkujat.<\/p>\n<h2>Veebi-slotim\u00e4ngude strateegiad<\/h2>\n<p>Kuigi slotim\u00e4ngud on puhtalt \u00f5nnem\u00e4ng, aitavad m\u00f5ned k\u00e4ep\u00e4rased n\u00e4pun\u00e4ited teie kasumit suurendada. K\u00f5ige olulisem on teada, et \u00fcks keerutus ei s\u00f5ltu eelmisest; igal keerutusel on samad koefitsiendid. Paljud m\u00e4ngijad usuvad, et kui nad m\u00e4ngivad piisavalt kaua, v\u00f5idavad nad l\u00f5puks suure auhinna. Parim viis online-slotim\u00e4ngudes v\u00f5itmiseks on oma rahakoti \u00f5ige haldamine, v\u00e4ltides alguses tarbetuid riske. See t\u00e4hendab, et peaksite m\u00e4ngima v\u00e4hemate liinidega ja v\u00e4ltima m\u00e4nge, mis pakuvad \u201etopelt-v\u00f5i-mitte-midagi\u201c funktsioone. M\u00e4ngu toimimise paremaks tundma\u00f5ppimiseks v\u00f5ite k\u00f5igepealt m\u00e4ngida virtuaalse raha eest.<\/p>\n","protected":false},"excerpt":{"rendered":"<p>Slotim\u00e4ngude m\u00e4ngimine &#8211; k\u00f5ige populaarsem online-kasiinom\u00e4ng Online-slotikad on kasiinom\u00e4ngijate seas k\u00f5ige populaarsem valik ja selleks on palju p\u00f5hjuseid. Kuigi m\u00e4ngud tunduvad esmapilgul lihtsad, on tegelikult \u00fcsna palju asju, mida peaksite nende kohta teadma, mis aitavad teie tulemusi parandada ja luua parema online-m\u00e4ngukogemuse. Teavet p\u00e4risraha slotim\u00e4ngude erinevate elementide kohta leiate meie veebisaidilt, mis on p\u00fchendatud m\u00e4ngijatele [&hellip;]<\/p>\n","protected":false},"author":1,"featured_media":8917,"parent":8284,"menu_order":42,"comment_status":"closed","ping_status":"closed","template":"","meta":{"footnotes":""},"class_list":["post-8916","page","type-page","status-publish","has-post-thumbnail","hentry"],"yoast_head":"<!-- This site is optimized with the Yoast SEO plugin v27.4 - https:\/\/yoast.com\/product\/yoast-seo-wordpress\/ -->\n<title>Teave online-slotim\u00e4ngude kohta<\/title>\n<meta name=\"description\" content=\"\u00d5pi m\u00e4ngima online-slotikaid ja v\u00f5ida miljoneid dollareid progressiivsetes jackpottides vaid \u00fche hiirekl\u00f5psuga.\" \/>\n<meta name=\"robots\" content=\"index, follow, max-snippet:-1, max-image-preview:large, max-video-preview:-1\" \/>\n<link rel=\"canonical\" href=\"https:\/\/gambling6.com\/et\/kasiino\/koik-mida-pead-teadma-online-slotimangude-kohta\/\" \/>\n<meta property=\"og:locale\" content=\"et_EE\" \/>\n<meta property=\"og:type\" content=\"article\" \/>\n<meta property=\"og:title\" content=\"Teave online-slotim\u00e4ngude kohta\" \/>\n<meta property=\"og:description\" content=\"\u00d5pi m\u00e4ngima online-slotikaid ja v\u00f5ida miljoneid dollareid progressiivsetes jackpottides vaid \u00fche hiirekl\u00f5psuga.\" \/>\n<meta property=\"og:url\" content=\"https:\/\/gambling6.com\/et\/kasiino\/koik-mida-pead-teadma-online-slotimangude-kohta\/\" \/>\n<meta property=\"og:site_name\" content=\"Gambling6\" \/>\n<meta property=\"article:modified_time\" content=\"2025-11-12T16:58:52+00:00\" \/>\n<meta property=\"og:image\" content=\"https:\/\/gambling6.com\/wp-content\/uploads\/2013\/12\/Slots-150x150.jpg\" \/>\n\t<meta property=\"og:image:width\" content=\"150\" \/>\n\t<meta property=\"og:image:height\" content=\"150\" \/>\n\t<meta property=\"og:image:type\" content=\"image\/jpeg\" \/>\n<meta name=\"twitter:card\" content=\"summary_large_image\" \/>\n<meta name=\"twitter:label1\" content=\"Est. reading time\" \/>\n\t<meta name=\"twitter:data1\" content=\"3 minutit\" \/>\n<script type=\"application\/ld+json\" class=\"yoast-schema-graph\">{\"@context\":\"https:\\\/\\\/schema.org\",\"@graph\":[{\"@type\":\"WebPage\",\"@id\":\"https:\\\/\\\/gambling6.com\\\/et\\\/kasiino\\\/koik-mida-pead-teadma-online-slotimangude-kohta\\\/\",\"url\":\"https:\\\/\\\/gambling6.com\\\/et\\\/kasiino\\\/koik-mida-pead-teadma-online-slotimangude-kohta\\\/\",\"name\":\"Teave online-slotim\u00e4ngude kohta\",\"isPartOf\":{\"@id\":\"https:\\\/\\\/gambling6.com\\\/et\\\/#website\"},\"primaryImageOfPage\":{\"@id\":\"https:\\\/\\\/gambling6.com\\\/et\\\/kasiino\\\/koik-mida-pead-teadma-online-slotimangude-kohta\\\/#primaryimage\"},\"image\":{\"@id\":\"https:\\\/\\\/gambling6.com\\\/et\\\/kasiino\\\/koik-mida-pead-teadma-online-slotimangude-kohta\\\/#primaryimage\"},\"thumbnailUrl\":\"https:\\\/\\\/gambling6.com\\\/wp-content\\\/uploads\\\/2013\\\/12\\\/Slots-150x150.jpg\",\"datePublished\":\"2025-11-08T10:03:18+00:00\",\"dateModified\":\"2025-11-12T16:58:52+00:00\",\"description\":\"\u00d5pi m\u00e4ngima online-slotikaid ja v\u00f5ida miljoneid dollareid progressiivsetes jackpottides vaid \u00fche hiirekl\u00f5psuga.\",\"breadcrumb\":{\"@id\":\"https:\\\/\\\/gambling6.com\\\/et\\\/kasiino\\\/koik-mida-pead-teadma-online-slotimangude-kohta\\\/#breadcrumb\"},\"inLanguage\":\"et\",\"potentialAction\":[{\"@type\":\"ReadAction\",\"target\":[\"https:\\\/\\\/gambling6.com\\\/et\\\/kasiino\\\/koik-mida-pead-teadma-online-slotimangude-kohta\\\/\"]}]},{\"@type\":\"ImageObject\",\"inLanguage\":\"et\",\"@id\":\"https:\\\/\\\/gambling6.com\\\/et\\\/kasiino\\\/koik-mida-pead-teadma-online-slotimangude-kohta\\\/#primaryimage\",\"url\":\"https:\\\/\\\/gambling6.com\\\/wp-content\\\/uploads\\\/2013\\\/12\\\/Slots-150x150.jpg\",\"contentUrl\":\"https:\\\/\\\/gambling6.com\\\/wp-content\\\/uploads\\\/2013\\\/12\\\/Slots-150x150.jpg\",\"width\":150,\"height\":150,\"caption\":\"Slots-150x150\"},{\"@type\":\"BreadcrumbList\",\"@id\":\"https:\\\/\\\/gambling6.com\\\/et\\\/kasiino\\\/koik-mida-pead-teadma-online-slotimangude-kohta\\\/#breadcrumb\",\"itemListElement\":[{\"@type\":\"ListItem\",\"position\":1,\"name\":\"Home\",\"item\":\"https:\\\/\\\/gambling6.com\\\/et\\\/home\\\/\"},{\"@type\":\"ListItem\",\"position\":2,\"name\":\"Kasiino\",\"item\":\"https:\\\/\\\/gambling6.com\\\/et\\\/get-started-with-online-gambling\\\/\"},{\"@type\":\"ListItem\",\"position\":3,\"name\":\"K\u00f5ik, mida pead teadma online-slotim\u00e4ngude kohta\"}]},{\"@type\":\"WebSite\",\"@id\":\"https:\\\/\\\/gambling6.com\\\/et\\\/#website\",\"url\":\"https:\\\/\\\/gambling6.com\\\/et\\\/\",\"name\":\"Gambling6\",\"description\":\"\",\"potentialAction\":[{\"@type\":\"SearchAction\",\"target\":{\"@type\":\"EntryPoint\",\"urlTemplate\":\"https:\\\/\\\/gambling6.com\\\/et\\\/?s={search_term_string}\"},\"query-input\":{\"@type\":\"PropertyValueSpecification\",\"valueRequired\":true,\"valueName\":\"search_term_string\"}}],\"inLanguage\":\"et\"}]}<\/script>\n<!-- \/ Yoast SEO plugin. -->","yoast_head_json":{"title":"Teave online-slotim\u00e4ngude kohta","description":"\u00d5pi m\u00e4ngima online-slotikaid ja v\u00f5ida miljoneid dollareid progressiivsetes jackpottides vaid \u00fche hiirekl\u00f5psuga.","robots":{"index":"index","follow":"follow","max-snippet":"max-snippet:-1","max-image-preview":"max-image-preview:large","max-video-preview":"max-video-preview:-1"},"canonical":"https:\/\/gambling6.com\/et\/kasiino\/koik-mida-pead-teadma-online-slotimangude-kohta\/","og_locale":"et_EE","og_type":"article","og_title":"Teave online-slotim\u00e4ngude kohta","og_description":"\u00d5pi m\u00e4ngima online-slotikaid ja v\u00f5ida miljoneid dollareid progressiivsetes jackpottides vaid \u00fche hiirekl\u00f5psuga.","og_url":"https:\/\/gambling6.com\/et\/kasiino\/koik-mida-pead-teadma-online-slotimangude-kohta\/","og_site_name":"Gambling6","article_modified_time":"2025-11-12T16:58:52+00:00","og_image":[{"width":150,"height":150,"url":"https:\/\/gambling6.com\/wp-content\/uploads\/2013\/12\/Slots-150x150.jpg","type":"image\/jpeg"}],"twitter_card":"summary_large_image","twitter_misc":{"Est. reading time":"3 minutit"},"schema":{"@context":"https:\/\/schema.org","@graph":[{"@type":"WebPage","@id":"https:\/\/gambling6.com\/et\/kasiino\/koik-mida-pead-teadma-online-slotimangude-kohta\/","url":"https:\/\/gambling6.com\/et\/kasiino\/koik-mida-pead-teadma-online-slotimangude-kohta\/","name":"Teave online-slotim\u00e4ngude kohta","isPartOf":{"@id":"https:\/\/gambling6.com\/et\/#website"},"primaryImageOfPage":{"@id":"https:\/\/gambling6.com\/et\/kasiino\/koik-mida-pead-teadma-online-slotimangude-kohta\/#primaryimage"},"image":{"@id":"https:\/\/gambling6.com\/et\/kasiino\/koik-mida-pead-teadma-online-slotimangude-kohta\/#primaryimage"},"thumbnailUrl":"https:\/\/gambling6.com\/wp-content\/uploads\/2013\/12\/Slots-150x150.jpg","datePublished":"2025-11-08T10:03:18+00:00","dateModified":"2025-11-12T16:58:52+00:00","description":"\u00d5pi m\u00e4ngima online-slotikaid ja v\u00f5ida miljoneid dollareid progressiivsetes jackpottides vaid \u00fche hiirekl\u00f5psuga.","breadcrumb":{"@id":"https:\/\/gambling6.com\/et\/kasiino\/koik-mida-pead-teadma-online-slotimangude-kohta\/#breadcrumb"},"inLanguage":"et","potentialAction":[{"@type":"ReadAction","target":["https:\/\/gambling6.com\/et\/kasiino\/koik-mida-pead-teadma-online-slotimangude-kohta\/"]}]},{"@type":"ImageObject","inLanguage":"et","@id":"https:\/\/gambling6.com\/et\/kasiino\/koik-mida-pead-teadma-online-slotimangude-kohta\/#primaryimage","url":"https:\/\/gambling6.com\/wp-content\/uploads\/2013\/12\/Slots-150x150.jpg","contentUrl":"https:\/\/gambling6.com\/wp-content\/uploads\/2013\/12\/Slots-150x150.jpg","width":150,"height":150,"caption":"Slots-150x150"},{"@type":"BreadcrumbList","@id":"https:\/\/gambling6.com\/et\/kasiino\/koik-mida-pead-teadma-online-slotimangude-kohta\/#breadcrumb","itemListElement":[{"@type":"ListItem","position":1,"name":"Home","item":"https:\/\/gambling6.com\/et\/home\/"},{"@type":"ListItem","position":2,"name":"Kasiino","item":"https:\/\/gambling6.com\/et\/get-started-with-online-gambling\/"},{"@type":"ListItem","position":3,"name":"K\u00f5ik, mida pead teadma online-slotim\u00e4ngude kohta"}]},{"@type":"WebSite","@id":"https:\/\/gambling6.com\/et\/#website","url":"https:\/\/gambling6.com\/et\/","name":"Gambling6","description":"","potentialAction":[{"@type":"SearchAction","target":{"@type":"EntryPoint","urlTemplate":"https:\/\/gambling6.com\/et\/?s={search_term_string}"},"query-input":{"@type":"PropertyValueSpecification","valueRequired":true,"valueName":"search_term_string"}}],"inLanguage":"et"}]}},"_links":{"self":[{"href":"https:\/\/gambling6.com\/et\/wp-json\/wp\/v2\/pages\/8916","targetHints":{"allow":["GET"]}}],"collection":[{"href":"https:\/\/gambling6.com\/et\/wp-json\/wp\/v2\/pages"}],"about":[{"href":"https:\/\/gambling6.com\/et\/wp-json\/wp\/v2\/types\/page"}],"author":[{"embeddable":true,"href":"https:\/\/gambling6.com\/et\/wp-json\/wp\/v2\/users\/1"}],"replies":[{"embeddable":true,"href":"https:\/\/gambling6.com\/et\/wp-json\/wp\/v2\/comments?post=8916"}],"version-history":[{"count":2,"href":"https:\/\/gambling6.com\/et\/wp-json\/wp\/v2\/pages\/8916\/revisions"}],"predecessor-version":[{"id":10691,"href":"https:\/\/gambling6.com\/et\/wp-json\/wp\/v2\/pages\/8916\/revisions\/10691"}],"up":[{"embeddable":true,"href":"https:\/\/gambling6.com\/et\/wp-json\/wp\/v2\/pages\/8284"}],"wp:featuredmedia":[{"embeddable":true,"href":"https:\/\/gambling6.com\/et\/wp-json\/wp\/v2\/media\/8917"}],"wp:attachment":[{"href":"https:\/\/gambling6.com\/et\/wp-json\/wp\/v2\/media?parent=8916"}],"curies":[{"name":"wp","href":"https:\/\/api.w.org\/{rel}","templated":true}]}}